{"id":37221,"date":"2022-11-11T06:37:04","date_gmt":"2022-11-11T06:37:04","guid":{"rendered":"https:\/\/jackpotlotteryonline.com\/?page_id=37221"},"modified":"2022-12-24T10:39:46","modified_gmt":"2022-12-24T10:39:46","slug":"oz-lotto","status":"publish","type":"page","link":"https:\/\/jackpotlotteryonline.com\/lt\/pirkti-bilietus\/oz-lotto\/","title":{"rendered":"Pirkti Oz Lotto bilietus"},"content":{"rendered":"<p>Oz Lotto yra pirmoji Australijos nacionalin\u0117 loterija. Ji prad\u0117ta rengti 1994 m. ir d\u0117l dosnaus pagrindinio prizo tapo populiari tarp lo\u0161\u0117j\u0173 visame pasaulyje. \u017daid\u0117jus traukia ne tik didelis pagrindinis prizas.<\/p>\n<p>Skirtingos loterijos turi savo taisykles ir metodus, ta\u010diau vienas bendras dalykas yra tas, kad \u0161ansai ne visada yra palank\u016bs. Ta\u010diau \u0161ios Australijos loterijos atveju taip n\u0117ra. Jei ie\u0161kote loterijos, kurios \u0161ansai ne\u012ftik\u0117tini, \u017eaiskite \u0161i\u0105 Ozo loterij\u0105.<\/p>\n<p>Apskritai loterijose gali dalyvauti \u0161ali\u0173, kuriose \u0161i loterija yra \u012fsik\u016brusi, gyventojai. Taigi, \u0161ioje loterijoje gali dalyvauti Australijoje gyvenantys asmenys. Norint dalyvauti loterijoje, neb\u016btina b\u016bti jos pilie\u010diu. Ta\u010diau jei gyvenate ne \u0161ioje \u0161alyje, loterijos bilietus tur\u0117site pirkti internetu.<\/p>\n<h2>Kaip nusipirkti &#8220;Oz Lotto&#8221; bilietus visame pasaulyje<\/h2>\n<p><img loading=\"lazy\" decoding=\"async\" class=\"alignright size-full wp-image-31532\" src=\"https:\/\/jackpotlotteryonline.com\/wp-content\/uploads\/2022\/11\/lottoballs.jpg\" alt=\"Ozo loterija\" width=\"245\" height=\"123\" \/><\/p>\n<p>Patogiausias ir papras\u010diausias b\u016bdas gauti prieig\u0105 prie &#8220;Oz Lottery&#8221; loterijos u\u017e Australijos rib\u0173 &#8211; internetu. Yra internetini\u0173 loterij\u0173 pardav\u0117j\u0173, kurie suteikia \u017eaid\u0117jams prieig\u0105 prie geriausi\u0173 tarptautini\u0173 loterij\u0173. \u0160iose svetain\u0117se \u017eaid\u0117jai visame pasaulyje gali teis\u0117tai i\u0161bandyti savo j\u0117gas laim\u0117dami milijonus.<\/p>\n<p>Internetas suteikia beveik begal\u0119 galimybi\u0173 ir ne visos jos yra teigiamos. Ie\u0161kodami bet kurios atsitiktin\u0117s loterijos svetain\u0117s galite patirti nemaloni\u0173 i\u0161gyvenim\u0173. Tod\u0117l visada verta ie\u0161koti patikim\u0173 svetaini\u0173, kurios turi lo\u0161\u0117j\u0173 patirties. Toliau dalijam\u0117s patarimais, kurie pad\u0117s jums pasirinkti tinkam\u0105 loterijos pardav\u0117j\u0105 internete.<\/p>\n<h2>Patarimai, kaip naudotis tinkama loterijos svetaine<\/h2>\n<p>Naudokit\u0117s tik tais pardav\u0117jais, kurie yra registruoti pagal \u012fstatymus. Teis\u0117tas loterijos pardav\u0117jas tur\u0117t\u0173 veiklos licencij\u0105 ir registruot\u0105 biur\u0105. Siekiant autenti\u0161kumo, \u0161ie duomenys tur\u0117t\u0173 b\u016bti nurodyti svetain\u0117je.<\/p>\n<p>\u012esitikinkite, kad jie turi plat\u0173 tarptautini\u0173 loterij\u0173 pasirinkim\u0105. N\u0117ra prasm\u0117s registruotis svetain\u0117je, kurioje rodomos tik kelios loterijos. Pagrindin\u0117 <a href=\"https:\/\/jackpotlotteryonline.com\/lt\/kaip-zaisti\/oz-lotto\">\u017eaidimo loterijoje internetu<\/a> esm\u0117 &#8211; prieinamumas ir patogumas. Kas gali b\u016bti patogiau u\u017e galimyb\u0119 dalyvauti keliose tarptautin\u0117se loterijose i\u0161 vienos interneto svetain\u0117s?<\/p>\n<p>Jei norite patekti \u012f loterij\u0105, naudokit\u0117s svetaine, kurioje yra konsjer\u017eas. Pastarasis patarimas yra labai svarbus, nes galite atsisveikinti su savo pinigais i\u0161 tikr\u0173j\u0173 nedalyvaudami loterijoje. Taip yra tod\u0117l, kad kai kurios loterij\u0173 svetain\u0117s leid\u017eia \u017eaid\u0117jams la\u017eintis d\u0117l rezultato. Taigi, net jei j\u016bs\u0173 skai\u010diai sutampa, tur\u0117site teis\u0119 tik \u012f dal\u012f pagrindinio prizo, nes nedalyvavote loterijoje.<\/p>\n<section class=\"layout\" style=\"border: solid 1px; width: 100%;\">\n<div class=\"img-div\" style=\"margin-top: 5px;\"><img decoding=\"async\" class=\"wp-image-17212 alignleft\" style=\"height: 45px; margin: 8px 8px 0px;\" src=\"https:\/\/jackpotlotteryonline.com\/wp-content\/uploads\/2022\/11\/read1.jpg\" alt=\"skaityti\" width=\"\" height=\"\" \/><\/div>\n<div style=\"padding-left: 5px;\">\n<div style=\"font-size: 1.1em;\">\n<p><strong>Loterijos suk\u010diai, apie kuriuos tur\u0117tum\u0117te \u017einoti<\/strong><\/p>\n<p style=\"font-size: 0.85em; margin-top: -1.5em;\">Nepakli\u016bkite \u012f loterijos sp\u0105stus\u00a0 <a href=\"https:\/\/jackpotlotteryonline.com\/lt\/saugokites-internetines-loterijos-sukciai\">skaityti daugiau<\/a><\/p>\n<\/div>\n<\/div>\n<\/section>\n<h2>U\u017esiregistruokite pas mus ir dalyvaukite loterijoje internetu<\/h2>\n<p><img loading=\"lazy\" decoding=\"async\" class=\"size-medium wp-image-34403 alignright\" src=\"https:\/\/jackpotlotteryonline.com\/wp-content\/uploads\/2022\/11\/2_ticket_oz_lotto2-179x300.jpg\" alt=\"Oz Lotto bilietai\" width=\"179\" height=\"300\" srcset=\"https:\/\/jackpotlotteryonline.com\/wp-content\/uploads\/2022\/11\/2_ticket_oz_lotto2-179x300.jpg 179w, https:\/\/jackpotlotteryonline.com\/wp-content\/uploads\/2022\/11\/2_ticket_oz_lotto2.jpg 250w\" sizes=\"auto, (max-width: 179px) 100vw, 179px\" \/><\/p>\n<p>\u012esigyti loterijos bilietus internetu arba per mobili\u0105j\u0105 program\u0117l\u0119 yra paprasta ir nesud\u0117tinga. Nusta\u010dius norim\u0105 pardav\u0117j\u0105, apsilankykite jo svetain\u0117je ir pasirinkite norim\u0105 loterij\u0105. Kitas \u017eingsnis &#8211; pasirinkti numerius. &#8220;Oz Lotto&#8221; loterijoje tur\u0117site pasirinkti de\u0161imt skai\u010di\u0173 nuo 1 iki 47.<\/p>\n<p><a href=\"https:\/\/jackpotlotteryonline.com\/lt\/laimeje-skaitmenys\/oz-lotto\">\u012eveskite burtus ir atlikite mok\u0117jim\u0105<\/a>. Lygiosios vyksta kart\u0105 per savait\u0119, antradien\u012f. \u012edomu tai, kad \u017eaisdami internetu galite \u012fsigyti kelis bilietus ir dalyvauti keliuose tira\u017euose i\u0161 anksto. Be to, jei nesate tikri, kok\u012f skai\u010di\u0173 pasirinkti, galite nesunkiai pasinaudoti automatine skai\u010di\u0173 parinkimo programa.<\/p>\n<p>Kaip jau min\u0117jome, \u017eaisti loterij\u0105 internetu yra patogus ir streso nekeliantis b\u016bdas patirti maloni\u0173 \u012fsp\u016bd\u017ei\u0173. Nesvarbu, ar esate patyr\u0119s lo\u0161\u0117jas, ar naujokas, nuostabi\u0105 kelion\u0119 galite patirti b\u016btent \u010dia. M\u016bs\u0173 konsjer\u017eo paslaugos suteikia \u017eaid\u0117jams teis\u0117t\u0105 b\u016bd\u0105 patekti \u012f loterij\u0105. \u012esigydami Ozo loterijos biliet\u0105 i\u0161 m\u016bs\u0173, j\u016bs gaunate tikr\u0105 sandor\u012f.<\/p>\n","protected":false},"excerpt":{"rendered":"<p>Oz Lotto yra pirmoji Australijos nacionalin\u0117 loterija. Ji prad\u0117ta rengti 1994 m. ir d\u0117l dosnaus pagrindinio prizo tapo populiari tarp lo\u0161\u0117j\u0173 visame pasaulyje. \u017daid\u0117jus traukia ne tik didelis pagrindinis prizas. Skirtingos loterijos turi savo taisykles ir metodus, ta\u010diau vienas bendras dalykas yra tas, kad \u0161ansai ne visada yra palank\u016bs. Ta\u010diau \u0161ios Australijos loterijos atveju taip [&hellip;]<\/p>\n","protected":false},"author":1,"featured_media":0,"parent":35768,"menu_order":16,"comment_status":"closed","ping_status":"closed","template":"","meta":{"_et_pb_use_builder":"","_et_pb_old_content":"","_et_gb_content_width":"","exclude_from_search":false,"footnotes":""},"class_list":["post-37221","page","type-page","status-publish","hentry"],"yoast_head":"<!-- This site is optimized with the Yoast SEO plugin v23.3 - https:\/\/yoast.com\/wordpress\/plugins\/seo\/ -->\n<title>Pirkti &quot;Oz Lotto&quot; bilietus i\u0161 u\u017e Australijos rib\u0173 | Oz Lotto bilietai internetu<\/title>\n<meta name=\"description\" content=\"OZ Lotto galite \u017eaisti, jei negyvenate Australijoje, mes galime jums par\u016bpinti legal\u0173 \u0161ios Australijos loterijos biliet\u0105 internetu\" \/>\n<meta name=\"robots\" content=\"index, follow, max-snippet:-1, max-image-preview:large, max-video-preview:-1\" \/>\n<link rel=\"canonical\" href=\"https:\/\/jackpotlotteryonline.com\/lt\/pirkti-bilietus\/oz-lotto\/\" \/>\n<meta property=\"og:locale\" content=\"lt_LT\" \/>\n<meta property=\"og:type\" content=\"article\" \/>\n<meta property=\"og:title\" content=\"Pirkti &quot;Oz Lotto&quot; bilietus i\u0161 u\u017e Australijos rib\u0173 | Oz Lotto bilietai internetu\" \/>\n<meta property=\"og:description\" content=\"OZ Lotto galite \u017eaisti, jei negyvenate Australijoje, mes galime jums par\u016bpinti legal\u0173 \u0161ios Australijos loterijos biliet\u0105 internetu\" \/>\n<meta property=\"og:url\" content=\"https:\/\/jackpotlotteryonline.com\/lt\/pirkti-bilietus\/oz-lotto\/\" \/>\n<meta property=\"og:site_name\" content=\"Lotto Online - Crack The International Lottery Jackpots\" \/>\n<meta property=\"article:modified_time\" content=\"2022-12-24T10:39:46+00:00\" \/>\n<meta property=\"og:image\" content=\"https:\/\/jackpotlotteryonline.com\/wp-content\/uploads\/2022\/11\/lottoballs.jpg\" \/>\n<meta name=\"twitter:card\" content=\"summary_large_image\" \/>\n<meta name=\"twitter:label1\" content=\"Est. reading time\" \/>\n\t<meta name=\"twitter:data1\" content=\"3 minut\u0117s\" \/>\n<!-- \/ Yoast SEO plugin. -->","yoast_head_json":{"title":"Pirkti \"Oz Lotto\" bilietus i\u0161 u\u017e Australijos rib\u0173 | Oz Lotto bilietai internetu","description":"OZ Lotto galite \u017eaisti, jei negyvenate Australijoje, mes galime jums par\u016bpinti legal\u0173 \u0161ios Australijos loterijos biliet\u0105 internetu","robots":{"index":"index","follow":"follow","max-snippet":"max-snippet:-1","max-image-preview":"max-image-preview:large","max-video-preview":"max-video-preview:-1"},"canonical":"https:\/\/jackpotlotteryonline.com\/lt\/pirkti-bilietus\/oz-lotto\/","og_locale":"lt_LT","og_type":"article","og_title":"Pirkti \"Oz Lotto\" bilietus i\u0161 u\u017e Australijos rib\u0173 | Oz Lotto bilietai internetu","og_description":"OZ Lotto galite \u017eaisti, jei negyvenate Australijoje, mes galime jums par\u016bpinti legal\u0173 \u0161ios Australijos loterijos biliet\u0105 internetu","og_url":"https:\/\/jackpotlotteryonline.com\/lt\/pirkti-bilietus\/oz-lotto\/","og_site_name":"Lotto Online - Crack The International Lottery Jackpots","article_modified_time":"2022-12-24T10:39:46+00:00","og_image":[{"url":"https:\/\/jackpotlotteryonline.com\/wp-content\/uploads\/2022\/11\/lottoballs.jpg"}],"twitter_card":"summary_large_image","twitter_misc":{"Est. reading time":"3 minut\u0117s"},"schema":{"@context":"https:\/\/schema.org","@graph":[{"@type":"WebPage","@id":"https:\/\/jackpotlotteryonline.com\/lt\/pirkti-bilietus\/oz-lotto\/","url":"https:\/\/jackpotlotteryonline.com\/lt\/pirkti-bilietus\/oz-lotto\/","name":"Pirkti \"Oz Lotto\" bilietus i\u0161 u\u017e Australijos rib\u0173 | Oz Lotto bilietai internetu","isPartOf":{"@id":"https:\/\/jackpotlotteryonline.com\/#website"},"primaryImageOfPage":{"@id":"https:\/\/jackpotlotteryonline.com\/lt\/pirkti-bilietus\/oz-lotto\/#primaryimage"},"image":{"@id":"https:\/\/jackpotlotteryonline.com\/lt\/pirkti-bilietus\/oz-lotto\/#primaryimage"},"thumbnailUrl":"https:\/\/jackpotlotteryonline.com\/wp-content\/uploads\/2022\/11\/lottoballs.jpg","datePublished":"2022-11-11T06:37:04+00:00","dateModified":"2022-12-24T10:39:46+00:00","description":"OZ Lotto galite \u017eaisti, jei negyvenate Australijoje, mes galime jums par\u016bpinti legal\u0173 \u0161ios Australijos loterijos biliet\u0105 internetu","breadcrumb":{"@id":"https:\/\/jackpotlotteryonline.com\/lt\/pirkti-bilietus\/oz-lotto\/#breadcrumb"},"inLanguage":"lt-LT","potentialAction":[{"@type":"ReadAction","target":["https:\/\/jackpotlotteryonline.com\/lt\/pirkti-bilietus\/oz-lotto\/"]}]},{"@type":"ImageObject","inLanguage":"lt-LT","@id":"https:\/\/jackpotlotteryonline.com\/lt\/pirkti-bilietus\/oz-lotto\/#primaryimage","url":"https:\/\/jackpotlotteryonline.com\/wp-content\/uploads\/2022\/11\/lottoballs.jpg","contentUrl":"https:\/\/jackpotlotteryonline.com\/wp-content\/uploads\/2022\/11\/lottoballs.jpg"},{"@type":"BreadcrumbList","@id":"https:\/\/jackpotlotteryonline.com\/lt\/pirkti-bilietus\/oz-lotto\/#breadcrumb","itemListElement":[{"@type":"ListItem","position":1,"name":"Home","item":"https:\/\/jackpotlotteryonline.com\/lt\/"},{"@type":"ListItem","position":2,"name":"Kaip nusipirkti loterijos bilietus internetu","item":"https:\/\/jackpotlotteryonline.com\/buy-tickets\/"},{"@type":"ListItem","position":3,"name":"Pirkti Oz Lotto bilietus"}]},{"@type":"WebSite","@id":"https:\/\/jackpotlotteryonline.com\/#website","url":"https:\/\/jackpotlotteryonline.com\/","name":"Lotto Online - Crack The International Lottery Jackpots","description":"","potentialAction":[{"@type":"SearchAction","target":{"@type":"EntryPoint","urlTemplate":"https:\/\/jackpotlotteryonline.com\/?s={search_term_string}"},"query-input":"required name=search_term_string"}],"inLanguage":"lt-LT"}]}},"_links":{"self":[{"href":"https:\/\/jackpotlotteryonline.com\/lt\/wp-json\/wp\/v2\/pages\/37221","targetHints":{"allow":["GET"]}}],"collection":[{"href":"https:\/\/jackpotlotteryonline.com\/lt\/wp-json\/wp\/v2\/pages"}],"about":[{"href":"https:\/\/jackpotlotteryonline.com\/lt\/wp-json\/wp\/v2\/types\/page"}],"author":[{"embeddable":true,"href":"https:\/\/jackpotlotteryonline.com\/lt\/wp-json\/wp\/v2\/users\/1"}],"replies":[{"embeddable":true,"href":"https:\/\/jackpotlotteryonline.com\/lt\/wp-json\/wp\/v2\/comments?post=37221"}],"version-history":[{"count":0,"href":"https:\/\/jackpotlotteryonline.com\/lt\/wp-json\/wp\/v2\/pages\/37221\/revisions"}],"up":[{"embeddable":true,"href":"https:\/\/jackpotlotteryonline.com\/lt\/wp-json\/wp\/v2\/pages\/35768"}],"wp:attachment":[{"href":"https:\/\/jackpotlotteryonline.com\/lt\/wp-json\/wp\/v2\/media?parent=37221"}],"curies":[{"name":"wp","href":"https:\/\/api.w.org\/{rel}","templated":true}]}}