{"id":37277,"date":"2022-11-11T08:39:00","date_gmt":"2022-11-11T08:39:00","guid":{"rendered":"https:\/\/jackpotlotteryonline.com\/?page_id=37277"},"modified":"2022-12-24T20:51:47","modified_gmt":"2022-12-24T20:51:47","slug":"saturday-lotto","status":"publish","type":"page","link":"https:\/\/jackpotlotteryonline.com\/lt\/pirkti-bilietus\/saturday-lotto\/","title":{"rendered":"Pirkti bilietus \u012f \u0161e\u0161tadien\u012f Lotto Australia"},"content":{"rendered":"<p>Australijoje yra daug loterij\u0173, pavyzd\u017eiui, &#8220;Wednesday Lotto&#8221;, &#8220;Powerball&#8221; ir &#8220;Saturday Lotto Australia&#8221;. \u0160e\u0161tadienio loterija yra populiari tarp \u017eaid\u0117j\u0173 ir suteikia \u017emon\u0117ms ka\u017ek\u0105, ko jie gali laukti kiekvien\u0105 savait\u0119. Kai \u0161i loterija buvo prad\u0117ta rengti pirm\u0105 kart\u0105, joje gal\u0117jo dalyvauti tik Ozo \u0161alies \u017eaid\u0117jai. Laimei, dabar \u0161e\u0161tadienio loterijoje gali dalyvauti \u017eaid\u0117jai visame pasaulyje.<\/p>\n<p>Taigi, kaip nusipirkti \u0161e\u0161tadienio loterijos bilietus u\u017e \u0161alies rib\u0173? Kod\u0117l neperskai\u010dius toliau ir nesu\u017einojus? Supa\u017eindinsime jus su \u0161iuo procesu ir atsakysime \u012f visus jums r\u016bpimus klausimus. Tiems, kurie n\u0117ra susipa\u017ein\u0119 su \u0161ia loterija, taip pat skirsime \u0161iek tiek laiko apie j\u0105 papasakoti. Tikim\u0117s, kad kai baigsite skaityti, nekantrausite \u012fsigyti \u0161ios loterijos bilietus.<\/p>\n<h2>Kas yra Saturday Lotto Australia<\/h2>\n<p>Tai 1972 m. \u0161alyje pristatyta loterija, kuri dabar tapo viena m\u0117gstamiausi\u0173 lo\u0161\u0117j\u0173 loterij\u0173. Kai kuriose \u0161alies dalyse ji \u017einoma kaip &#8220;Tatts lotto&#8221;, &#8220;X lotto&#8221; ir &#8220;Gold lotto&#8221;, o j\u0105 organizuoja &#8220;Tatts&#8221; loterij\u0173 grup\u0117.<\/p>\n<p>\u0160i\u0105 loterij\u0105 sudaro \u0161e\u0161i priz\u0173 skyriai, apie kuriuos pakalb\u0117sime netrukus. \u0160e\u0161tadienio loterijos pradinis prizas yra 5 milijonai Australijos doleri\u0173. Nuostabu tai, kad tikimyb\u0117 laim\u0117ti \u0161\u012f aukso puod\u0105 yra tikrai didel\u0117. Skirtingai nei kitose loterijose, \u017eaid\u0117jui, norint laim\u0117ti pagrindin\u012f priz\u0105, tereikia surinkti pagrindinius skai\u010dius.<\/p>\n<p>Yra papildom\u0173 skai\u010di\u0173, ta\u010diau jie naudojami kit\u0173 priz\u0173 skyri\u0173 laim\u0117tojams nustatyti. Daug k\u0105 pasako tai, kad nors loterijos vyksta beveik kiekvien\u0105 savait\u0117s dien\u0105, australus traukia b\u016btent \u0161i loterija. Toliau kalb\u0117sime apie tai, kaip \u017eaisti \u0161i\u0105 loterij\u0105 ir skirtingus priz\u0173 skyrius.<\/p>\n<h2>Kaip \u017eaisti \u0161e\u0161tadienio loterij\u0105<\/h2>\n<p><img loading=\"lazy\" decoding=\"async\" class=\"alignright size-full wp-image-35132\" src=\"https:\/\/jackpotlotteryonline.com\/wp-content\/uploads\/2022\/11\/2_ticket_saturday_lotto_au2-1-180x300-1.jpg\" alt=\"\u0160e\u0161tadienio loterijos bilietas\" width=\"180\" height=\"300\" \/><\/p>\n<p>Norint <a href=\"https:\/\/jackpotlotteryonline.com\/lt\/kaip-zaisti\/saturday-lotto\">\u017eaisti \u0161i\u0105 loterij\u0105<\/a>, \u017eaid\u0117jui reikia pasirinkti 6 pagrindinius skai\u010dius nuo 1 iki 45. Tada 2 papildomus skai\u010dius nuo 1 iki 6. Papildomi skai\u010diai nenaudojami nustatant pagrindin\u012f laim\u0117jim\u0105. Kad laim\u0117t\u0173 pagrindin\u012f priz\u0105, \u017eaid\u0117jui tereikia surinkti a\u0161tuonis i\u0161trauktus skai\u010dius.<\/p>\n<p>Traukiant burtus i\u0161 45 kamuoliuk\u0173 statin\u0117s atsitiktine tvarka i\u0161renkami 6 kamuoliukai. Ant \u0161i\u0173 kamuoliuk\u0173 esantys skai\u010diai yra laimingieji skai\u010diai, o juos atitinkantis bilietas yra laimingas. Tada i\u0161 kitos statin\u0117s, kurioje yra \u0161e\u0161i kamuoliukai, i\u0161renkami du kiti kamuoliukai. Tai yra papildomi skai\u010diai, kurie naudojami nustatant kitas priz\u0173 kategorijas.<\/p>\n<p>Kaip matyti i\u0161 pavadinimo, burtai traukiami kiekvien\u0105 savait\u0119 \u0161e\u0161tadien\u012f. Burtai baigiami \u0161e\u0161tadien\u012f iki 19:25 val. \u017daid\u0117jai, norintys dalyvauti tos savait\u0117s burt\u0173 traukime, turi nusipirkti bilietus iki \u0161io laiko pabaigos.<\/p>\n<h2>Priz\u0173 skyriai<\/h2>\n<p>Tatts Lotto yra a\u0161tuoni priz\u0173 skyriai. \u012esigij\u0119 \u0161ios loterijos biliet\u0105, turite galimyb\u0119 laim\u0117ti bet kur\u012f i\u0161 \u0161i\u0173 priz\u0173 skyri\u0173. Kiekvieno diviziono laim\u0117jimo kombinacija nurodyta toliau.<\/p>\n<p>1 skyrius (aukso puodas) &#8211; 6 pagrindini\u0173 skai\u010di\u0173 atitikimas<br \/>\n2 skyrius &#8211; bet kurie 5 pagrindiniai ir 1 papildomas skai\u010dius<br \/>\n3 skyrius &#8211; bet kuri\u0173 5 pagrindini\u0173 skai\u010di\u0173 \u017eygis<br \/>\n4 divizionas &#8211; bet kuri\u0173 4 pagrindini\u0173 skai\u010di\u0173 atitikimas<br \/>\n5 divizionas &#8211; 3 pagrindiniai skai\u010diai + 1 papildomas skai\u010dius<br \/>\n6 skyrius &#8211; sutapkite su bet kuriais 3 pagrindiniais skai\u010diais<\/p>\n<p>Organizatoriai sudar\u0117 galimyb\u0119 \u017eaid\u0117jams laim\u0117ti \u0161i\u0105 loterij\u0105. \u0160ansai dideli, o pagrindinio prizo suma siekia 5 milijonus Australijos doleri\u0173, tod\u0117l nenuostabu, kad \u017eaid\u0117jai m\u0117gsta \u0161e\u0161tadienin\u0119 loterij\u0105? Jei dar to nepadar\u0117te, dabar pats metas pagalvoti apie bilieto \u012fsigijim\u0105.<\/p>\n<h2>Ankstesni laim\u0117tojai<\/h2>\n<p>Prie\u0161 pasidalijant su jumis, kaip nusipirkti \u0161ios loterijos bilietus u\u017e Ozo \u0161alies rib\u0173, vert\u0117t\u0173 pakalb\u0117ti apie ankstesnius laim\u0117tojus. Per daugel\u012f met\u0173 buvo daug laim\u0117toj\u0173, tod\u0117l mes tiesiog pasirinksime kelet\u0105 neseniai laim\u0117jusi\u0173j\u0173 ir tikim\u0117s, kad jus tai \u012fkv\u0117ps.<\/p>\n<p>Pirmoji m\u016bs\u0173 s\u0105ra\u0161e &#8211; mama i\u0161 Australijos, nusprendusi likti anonimu. Ji kartu su kitu laim\u0117toju laim\u0117jo \u0161e\u0161tadienio aukso puod\u0105. Pasak prane\u0161im\u0173, jai prireik\u0117 dviej\u0173 savai\u010di\u0173, kol suprato, kad laim\u0117jo pagrindin\u012f priz\u0105. Jei ji b\u016bt\u0173 laukusi ilgiau, neb\u016bt\u0173 gal\u0117jusi atsiimti prizo. Laimei, ji gr\u012f\u017eo patikrinti ir su\u017einojo, kad laim\u0117jo.<\/p>\n<p>Kitas laim\u0117tojas &#8211; vyras, kuris jau kelerius metus \u017eaid\u0117 \u0161e\u0161tadienin\u0119 loterij\u0105 su tais pa\u010diais skai\u010diais. Jo atkaklumas pasiteisino ir jis laim\u0117jo pagrindin\u012f priz\u0105. Daugelis loterijos laim\u0117toj\u0173 sako, kad prie\u0161 laim\u0117dami loterij\u0105 jie \u017eaid\u0117 daugel\u012f met\u0173. Kartais reikia tik\u0117jimo ir nuoseklumo, kad pasiektum\u0117te norim\u0173 rezultat\u0173.<\/p>\n<section class=\"layout\" style=\"border: solid 1px; width: 100%;\">\n<div class=\"img-div\" style=\"margin-top: 5px;\"><img decoding=\"async\" class=\"wp-image-17212 alignleft\" style=\"height: 45px; margin: 8px 8px 0px;\" src=\"https:\/\/jackpotlotteryonline.com\/wp-content\/uploads\/2022\/11\/read1.jpg\" alt=\"skaityti\" width=\"\" height=\"\" \/><\/div>\n<div style=\"padding-left: 5px;\">\n<div style=\"font-size: 1.1em;\">\n<p><strong>Kai kurie loterijos laim\u0117tojai sugr\u012f\u017eo \u012f bendruomen\u0119<\/strong><\/p>\n<p style=\"font-size: 0.85em; margin-top: -1.5em;\">Keletas \u012fdomi\u0173 ir \u0161ird\u012f d\u017eiuginan\u010di\u0173 istorij\u0173 apie loterijos laim\u0117toj\u0173 param\u0105\u00a0 <a href=\"https:\/\/jackpotlotteryonline.com\/lt\/istorijos-apie-loterijos-laimetojus-duodancius-graza\">skaityti daugiau<\/a><\/p>\n<\/div>\n<\/div>\n<\/section>\n<h2>Pirkti bilietus i\u0161 u\u017e Australijos rib\u0173<\/h2>\n<p>Taigi, jei negyvenate nuostabioje Ozo \u0161alyje, kaip galite nusipirkti &#8220;Saturday Lotto&#8221; bilietus? Prie\u0161 pasirodant internetui tai b\u016bt\u0173 buv\u0119 ne\u012fmanoma arba bent jau labai sud\u0117tinga. Ta\u010diau interneto d\u0117ka &#8220;Tatts&#8221; loterijos bilietus galite nusipirkti internetu.<\/p>\n<p>Yra internetini\u0173 loterij\u0173 pardav\u0117j\u0173, kurie leid\u017eia \u017eaid\u0117jams \u012fsigyti geriausi\u0173 tarptautini\u0173 loterij\u0173 bilietus. \u0160ie pardav\u0117jai teikia vadinam\u0105j\u0105 konsjer\u017eo paslaug\u0105, kuri padeda \u017eaid\u0117jams \u012fsigyti loterijos bilietus bet kurioje \u0161alyje. U\u017esiregistrav\u0119 \u0161iose svetain\u0117se, galite lengvai dalyvauti \u0161e\u0161tadienin\u0117je loterijoje ir atsiimti laim\u0117jimus.<\/p>\n<p>Tuo jackpotlotlotteryonline.com mes vykdome konsjer\u017eo paslaug\u0105, kuri u\u017etikrina skland\u017ei\u0105 patirt\u012f m\u016bs\u0173 vartotojams. U\u017esiregistrav\u0119 pas mus, galite lengvai nusipirkti biliet\u0105 \u012f \u0161e\u0161tadienio loterij\u0105 ir daugel\u012f kit\u0173 tarptautini\u0173 loterij\u0173. Nerimaujate, kaip laim\u0117jus atsiimti priz\u0105? Papras\u010diausiai i\u0161sigryninkite savo priz\u0105 i\u0161 m\u016bs\u0173 platformos, nesukeldami joki\u0173 r\u016bpes\u010di\u0173.<\/p>\n<h2>Da\u017enai u\u017eduodami klausimai (DUK)<\/h2>\n<p><img loading=\"lazy\" decoding=\"async\" class=\"wp-image-29264 alignright\" src=\"https:\/\/jackpotlotteryonline.com\/wp-content\/uploads\/2022\/11\/1_play_online_lotto-300x300.jpg\" alt=\"Internetinis \u0161e\u0161tadienio loto Australija\" width=\"235\" height=\"235\" srcset=\"https:\/\/jackpotlotteryonline.com\/wp-content\/uploads\/2022\/11\/1_play_online_lotto-300x300.jpg 300w, https:\/\/jackpotlotteryonline.com\/wp-content\/uploads\/2022\/11\/1_play_online_lotto-100x100.jpg 100w, https:\/\/jackpotlotteryonline.com\/wp-content\/uploads\/2022\/11\/1_play_online_lotto-150x150.jpg 150w, https:\/\/jackpotlotteryonline.com\/wp-content\/uploads\/2022\/11\/1_play_online_lotto.jpg 480w\" sizes=\"auto, (max-width: 235px) 100vw, 235px\" \/><\/p>\n<p>\u017dinome, kad tikriausiai j\u016bs\u0173 galvoje sukasi keletas klausim\u0173. Nieko baisaus, mes esame \u010dia, kad atsakytume \u012f j\u016bs\u0173 klausimus. Stengsim\u0117s \u010dia apr\u0117pti visk\u0105, bet jei vis dar turite koki\u0173 nors klausim\u0173, nedvejodami kreipkit\u0117s. Visada d\u017eiaugiam\u0117s gal\u0117dami jus i\u0161girsti. Padarysime visk\u0105, k\u0105 pagr\u012fstai galime, kad pad\u0117tume jums tapti loterijos laim\u0117toju.<\/p>\n<h2>Ar galiu pirkti loterijos bilietus internetu?<\/h2>\n<p>Taip, loterijos bilietus galite pirkti internetu ir tai yra visi\u0161kai legalu. \u012esitikinkite, kad naudojat\u0117s patikimo loterijos pardav\u0117jo paslaugomis, kad u\u017etikrintum\u0117te, jog dalyvaujate loterijoje. Daugelis loterij\u0173 grupi\u0173 turi interneto svetaines. Ta\u010diau, jei norite \u017eaisti daugiau nei vienoje loterijoje, geriau u\u017esiregistruokite pas loterijos pardav\u0117j\u0105. Tiksliau, tokio, kuris suteikia prieig\u0105 prie keli\u0173 kit\u0173 loterij\u0173.<\/p>\n<h2>Kaip nusipirkti biliet\u0105?<\/h2>\n<p>\u012esigyti loterijos biliet\u0105 paprasta, kai esate u\u017esiregistrav\u0119 pas mus. Tiesiog pasirinkite savo numerius ir dalyvaukite burt\u0173 traukime. Galite nusipirkti kelis \u012fra\u0161us, kad padidintum\u0117te savo galimybes laim\u0117ti priz\u0105. Viskas priklauso nuo j\u016bs\u0173. Jei nesate tikri, kok\u012f skai\u010di\u0173 pasirinkti, u\u017e jus tai gali padaryti automatinis pasirinkimo \u012frankis. Dedame visas pastangas, kad procesas \u017eaid\u0117jams b\u016bt\u0173 paprastas ir intuityvus.<\/p>\n<h2>Kas tiksliai yra konsjer\u017eo paslauga?<\/h2>\n<p>D\u017eiaugiam\u0117s, kad paklaus\u0117te. Kai sakome, kad valdome konsjer\u017eo tarnyb\u0105, tai rei\u0161kia, kad turime agent\u0173 \u012fvairiose \u0161alyse, \u012fskaitant Australij\u0105. Kai i\u0161 m\u016bs\u0173 perkate loterijos biliet\u0105, m\u016bs\u0173 agentai nueina ir nuperka fizin\u012f biliet\u0105 su atitinkamais skai\u010diais. Tai rei\u0161kia, kad, kad ir kur b\u016btum\u0117te, dalyvaujate loterijoje.<\/p>\n<h2>Kaip laim\u0117ti?<\/h2>\n<p>Norint laim\u0117ti \u0161i\u0105 Australijos loterij\u0105, tereikia, kad sutapt\u0173 \u0161e\u0161i pagrindiniai i\u0161traukti skai\u010diai, ir j\u016bs tapsite pagrindinio prizo laim\u0117toju. Jums nereikia atitikti papildom\u0173 skai\u010di\u0173, nes jie naudojami 2 ir 5 skyri\u0173 prizams nustatyti.<\/p>\n<h2>Kaip patikrinti rezultatus?<\/h2>\n<p>Po kiekvieno burt\u0173 traukimo rezultatus skelbiame \u010dia, jackpotlotlotteryonline.com svetain\u0117je. D\u0117l \u0161e\u0161tadienio loterijos, tiesiog apsilankykite <a href=\"https:\/\/jackpotlotteryonline.com\/lt\/laimeje-skaitmenys\/saturday-lotto\">\u0161e\u0161tadienio loterijos burt\u0173 traukimo puslapyje<\/a> po \u0161e\u0161tadienio burt\u0173 traukimo, kad rastum\u0117te rezultatus.<\/p>\n<h2>K\u0105 daryti, jei pamir\u0161au patikrinti rezultatus?<\/h2>\n<p>Tai geriausia dalis. Kai perkate i\u0161 m\u016bs\u0173, nesvarbu, jei pamir\u0161ite patikrinti loterijos rezultatus, nes mes jus saugome. Jei laim\u0117site priz\u0105, i\u0161si\u0173sime jums prane\u0161im\u0105 prietais\u0173 skydelyje, taip pat el. lai\u0161k\u0105, kuriuo jus \u012fsp\u0117sime. Pirkdami loterijos kvit\u0105 i\u0161 m\u016bs\u0173, \u017einote, kad esate apdrausti.<\/p>\n<h2>Laim\u0117jau, k\u0105 dabar?<\/h2>\n<p>Na, jei laim\u0117jote loterijoje, vis\u0173 pirma, sveikiname! D\u017eiaugiam\u0117s d\u0117l j\u016bs\u0173. Jei u\u017esiregistravote pas mus, kitas \u017eingsnis paprastas. Eikite \u012f savo prietais\u0173 skydel\u012f ir atsiimkite l\u0117\u0161as naudodamiesi prieinamais b\u016bdais. Tai taip paprasta.<\/p>\n<h2>U\u017esiregistruokite pas mus \u0161iandien!<\/h2>\n<p>\u017daisti loterij\u0105 yra smagu ir, tai suteikia \u017eaid\u0117jams ka\u017ek\u0105, ko jie gali laukti kiekvien\u0105 savait\u0119. \u0160e\u0161tadienin\u0117 loterija turi gra\u017e\u0173 pagrindinio prizo laim\u0117jim\u0105 ir palankius koeficientus, tod\u0117l puikiai tinka tiek naujiems, tiek seniems \u017eaid\u0117jams. Dabar loterijoje gali dalyvauti ne tik australai, nes \u017emon\u0117s visur gali \u012fsigyti loterijos \u012fra\u0161us.<\/p>\n<p>Jei ie\u0161kote \u012fdomaus \u017eaidimo, kod\u0117l nei\u0161band\u017eius &#8220;Tatts&#8221; loterijos? Kad ir kur beb\u016btum\u0117te, u\u017esiregistrav\u0119 pas mus galite \u012fsigyti \u0161ios loterijos biliet\u0105. nusipirkite kelis \u012fra\u0161us ir lengvai dalyvaukite keliuose tira\u017euose i\u0161 anksto. M\u016bs\u0173 darbas &#8211; sudaryti jums galimyb\u0119 \u017eaisti pasirinktas loterijas su minimaliu stresu.<\/p>\n<p>Atsipalaiduokite ir linksminkit\u0117s \u017eaisdami, niekada ne\u017einote, ar tai nebus diena, kai laim\u0117site didel\u012f laim\u0117jim\u0105. Kod\u0117l gi ne\u012fsigijus prieigos prie loterijos u\u017esiregistravus pas mus \u0161iandien?<\/p>\n","protected":false},"excerpt":{"rendered":"<p>Australijoje yra daug loterij\u0173, pavyzd\u017eiui, &#8220;Wednesday Lotto&#8221;, &#8220;Powerball&#8221; ir &#8220;Saturday Lotto Australia&#8221;. \u0160e\u0161tadienio loterija yra populiari tarp \u017eaid\u0117j\u0173 ir suteikia \u017emon\u0117ms ka\u017ek\u0105, ko jie gali laukti kiekvien\u0105 savait\u0119. Kai \u0161i loterija buvo prad\u0117ta rengti pirm\u0105 kart\u0105, joje gal\u0117jo dalyvauti tik Ozo \u0161alies \u017eaid\u0117jai. Laimei, dabar \u0161e\u0161tadienio loterijoje gali dalyvauti \u017eaid\u0117jai visame pasaulyje. Taigi, kaip nusipirkti [&hellip;]<\/p>\n","protected":false},"author":1,"featured_media":0,"parent":35768,"menu_order":18,"comment_status":"closed","ping_status":"closed","template":"saturday-lotto-info.php","meta":{"_et_pb_use_builder":"","_et_pb_old_content":"","_et_gb_content_width":"","exclude_from_search":false,"footnotes":""},"class_list":["post-37277","page","type-page","status-publish","hentry"],"yoast_head":"<!-- This site is optimized with the Yoast SEO plugin v23.3 - https:\/\/yoast.com\/wordpress\/plugins\/seo\/ -->\n<title>Pirkti bilietus \u012f Saturday Lotto Australia i\u0161 u\u017e Australijos rib\u0173<\/title>\n<meta name=\"description\" content=\"Populiarusis Australijos \u0161e\u0161tadienio loto turi didelius prizus. \u017daid\u0117jai i\u0161 bet kur dabar gali nusipirkti \u0161e\u0161tadienio loto biliet\u0105 internetu\" \/>\n<meta name=\"robots\" content=\"index, follow, max-snippet:-1, max-image-preview:large, max-video-preview:-1\" \/>\n<link rel=\"canonical\" href=\"https:\/\/jackpotlotteryonline.com\/lt\/pirkti-bilietus\/saturday-lotto\/\" \/>\n<meta property=\"og:locale\" content=\"lt_LT\" \/>\n<meta property=\"og:type\" content=\"article\" \/>\n<meta property=\"og:title\" content=\"Pirkti bilietus \u012f Saturday Lotto Australia i\u0161 u\u017e Australijos rib\u0173\" \/>\n<meta property=\"og:description\" content=\"Populiarusis Australijos \u0161e\u0161tadienio loto turi didelius prizus. \u017daid\u0117jai i\u0161 bet kur dabar gali nusipirkti \u0161e\u0161tadienio loto biliet\u0105 internetu\" \/>\n<meta property=\"og:url\" content=\"https:\/\/jackpotlotteryonline.com\/lt\/pirkti-bilietus\/saturday-lotto\/\" \/>\n<meta property=\"og:site_name\" content=\"Lotto Online - Crack The International Lottery Jackpots\" \/>\n<meta property=\"article:modified_time\" content=\"2022-12-24T20:51:47+00:00\" \/>\n<meta property=\"og:image\" content=\"https:\/\/jackpotlotteryonline.com\/wp-content\/uploads\/2022\/11\/2_ticket_saturday_lotto_au2-1-180x300-1.jpg\" \/>\n<meta name=\"twitter:card\" content=\"summary_large_image\" \/>\n<meta name=\"twitter:label1\" content=\"Est. reading time\" \/>\n\t<meta name=\"twitter:data1\" content=\"6 minut\u0117s\" \/>\n<!-- \/ Yoast SEO plugin. -->","yoast_head_json":{"title":"Pirkti bilietus \u012f Saturday Lotto Australia i\u0161 u\u017e Australijos rib\u0173","description":"Populiarusis Australijos \u0161e\u0161tadienio loto turi didelius prizus. \u017daid\u0117jai i\u0161 bet kur dabar gali nusipirkti \u0161e\u0161tadienio loto biliet\u0105 internetu","robots":{"index":"index","follow":"follow","max-snippet":"max-snippet:-1","max-image-preview":"max-image-preview:large","max-video-preview":"max-video-preview:-1"},"canonical":"https:\/\/jackpotlotteryonline.com\/lt\/pirkti-bilietus\/saturday-lotto\/","og_locale":"lt_LT","og_type":"article","og_title":"Pirkti bilietus \u012f Saturday Lotto Australia i\u0161 u\u017e Australijos rib\u0173","og_description":"Populiarusis Australijos \u0161e\u0161tadienio loto turi didelius prizus. \u017daid\u0117jai i\u0161 bet kur dabar gali nusipirkti \u0161e\u0161tadienio loto biliet\u0105 internetu","og_url":"https:\/\/jackpotlotteryonline.com\/lt\/pirkti-bilietus\/saturday-lotto\/","og_site_name":"Lotto Online - Crack The International Lottery Jackpots","article_modified_time":"2022-12-24T20:51:47+00:00","og_image":[{"url":"https:\/\/jackpotlotteryonline.com\/wp-content\/uploads\/2022\/11\/2_ticket_saturday_lotto_au2-1-180x300-1.jpg"}],"twitter_card":"summary_large_image","twitter_misc":{"Est. reading time":"6 minut\u0117s"},"schema":{"@context":"https:\/\/schema.org","@graph":[{"@type":"WebPage","@id":"https:\/\/jackpotlotteryonline.com\/lt\/pirkti-bilietus\/saturday-lotto\/","url":"https:\/\/jackpotlotteryonline.com\/lt\/pirkti-bilietus\/saturday-lotto\/","name":"Pirkti bilietus \u012f Saturday Lotto Australia i\u0161 u\u017e Australijos rib\u0173","isPartOf":{"@id":"https:\/\/jackpotlotteryonline.com\/#website"},"primaryImageOfPage":{"@id":"https:\/\/jackpotlotteryonline.com\/lt\/pirkti-bilietus\/saturday-lotto\/#primaryimage"},"image":{"@id":"https:\/\/jackpotlotteryonline.com\/lt\/pirkti-bilietus\/saturday-lotto\/#primaryimage"},"thumbnailUrl":"https:\/\/jackpotlotteryonline.com\/wp-content\/uploads\/2022\/11\/2_ticket_saturday_lotto_au2-1-180x300-1.jpg","datePublished":"2022-11-11T08:39:00+00:00","dateModified":"2022-12-24T20:51:47+00:00","description":"Populiarusis Australijos \u0161e\u0161tadienio loto turi didelius prizus. \u017daid\u0117jai i\u0161 bet kur dabar gali nusipirkti \u0161e\u0161tadienio loto biliet\u0105 internetu","breadcrumb":{"@id":"https:\/\/jackpotlotteryonline.com\/lt\/pirkti-bilietus\/saturday-lotto\/#breadcrumb"},"inLanguage":"lt-LT","potentialAction":[{"@type":"ReadAction","target":["https:\/\/jackpotlotteryonline.com\/lt\/pirkti-bilietus\/saturday-lotto\/"]}]},{"@type":"ImageObject","inLanguage":"lt-LT","@id":"https:\/\/jackpotlotteryonline.com\/lt\/pirkti-bilietus\/saturday-lotto\/#primaryimage","url":"https:\/\/jackpotlotteryonline.com\/wp-content\/uploads\/2022\/11\/2_ticket_saturday_lotto_au2-1-180x300-1.jpg","contentUrl":"https:\/\/jackpotlotteryonline.com\/wp-content\/uploads\/2022\/11\/2_ticket_saturday_lotto_au2-1-180x300-1.jpg"},{"@type":"BreadcrumbList","@id":"https:\/\/jackpotlotteryonline.com\/lt\/pirkti-bilietus\/saturday-lotto\/#breadcrumb","itemListElement":[{"@type":"ListItem","position":1,"name":"Home","item":"https:\/\/jackpotlotteryonline.com\/lt\/"},{"@type":"ListItem","position":2,"name":"Kaip nusipirkti loterijos bilietus internetu","item":"https:\/\/jackpotlotteryonline.com\/buy-tickets\/"},{"@type":"ListItem","position":3,"name":"Pirkti bilietus \u012f \u0161e\u0161tadien\u012f Lotto Australia"}]},{"@type":"WebSite","@id":"https:\/\/jackpotlotteryonline.com\/#website","url":"https:\/\/jackpotlotteryonline.com\/","name":"Lotto Online - Crack The International Lottery Jackpots","description":"","potentialAction":[{"@type":"SearchAction","target":{"@type":"EntryPoint","urlTemplate":"https:\/\/jackpotlotteryonline.com\/?s={search_term_string}"},"query-input":"required name=search_term_string"}],"inLanguage":"lt-LT"}]}},"_links":{"self":[{"href":"https:\/\/jackpotlotteryonline.com\/lt\/wp-json\/wp\/v2\/pages\/37277","targetHints":{"allow":["GET"]}}],"collection":[{"href":"https:\/\/jackpotlotteryonline.com\/lt\/wp-json\/wp\/v2\/pages"}],"about":[{"href":"https:\/\/jackpotlotteryonline.com\/lt\/wp-json\/wp\/v2\/types\/page"}],"author":[{"embeddable":true,"href":"https:\/\/jackpotlotteryonline.com\/lt\/wp-json\/wp\/v2\/users\/1"}],"replies":[{"embeddable":true,"href":"https:\/\/jackpotlotteryonline.com\/lt\/wp-json\/wp\/v2\/comments?post=37277"}],"version-history":[{"count":0,"href":"https:\/\/jackpotlotteryonline.com\/lt\/wp-json\/wp\/v2\/pages\/37277\/revisions"}],"up":[{"embeddable":true,"href":"https:\/\/jackpotlotteryonline.com\/lt\/wp-json\/wp\/v2\/pages\/35768"}],"wp:attachment":[{"href":"https:\/\/jackpotlotteryonline.com\/lt\/wp-json\/wp\/v2\/media?parent=37277"}],"curies":[{"name":"wp","href":"https:\/\/api.w.org\/{rel}","templated":true}]}}