{"id":37771,"date":"2022-11-15T08:36:04","date_gmt":"2022-11-15T08:36:04","guid":{"rendered":"https:\/\/jackpotlotteryonline.com\/?page_id=37771"},"modified":"2022-11-15T08:36:04","modified_gmt":"2022-11-15T08:36:04","slug":"faq","status":"publish","type":"page","link":"https:\/\/jackpotlotteryonline.com\/lt\/faq\/","title":{"rendered":"DUK"},"content":{"rendered":"<h2>Internetin\u0117s loterijos DUK<\/h2>\n<p>\u010cia pateiksime atsakymus \u012f da\u017eniausiai u\u017eduodamus klausimus apie internetin\u0119 loterij\u0105 ir internetinius loto prizus. \u017daisti loterijas internetu yra patogiausias ir papras\u010diausias b\u016bdas pad\u0117ti rankas \u012f tuos didelius tarptautinius &#8220;Lotto&#8221; aukso puodus.<\/p>\n<h2>Kaip tai veikia?<\/h2>\n<p>Mes veikiame kaip pasiuntiniai tarp j\u016bs\u0173 ir \u012fvairi\u0173 loterij\u0173. Mes perkame biliet\u0105 j\u016bs\u0173 vardu ir j\u016bs\u0173 naudai, tada nuskenuojame nauj\u0105 biliet\u0105 ir \u012fkeliame nuskaityt\u0105 biliet\u0105 \u012f j\u016bs\u0173 kliento paskyr\u0105, siun\u010diame jums \u017einut\u0119, kai laimite, ir taip pat padedame jums gauti pinigus, kai laimite.<\/p>\n<h2>Kokie yra \u017eaidimo per mus privalumai?<\/h2>\n<ul>\n<li>nereikia eiti \u012f loterijos parduotuv\u0119. Galite lengvai \u017eaisti i\u0161 nam\u0173 arba i\u0161 savo biuro<\/li>\n<li>galite atsiskaityti internetu, pavyzd\u017eiui, kredito kortele arba kitais b\u016bdais<\/li>\n<li>j\u016bs\u0173 loterijos laim\u0117jimai iki 2500 eur\u0173 bus pervesti \u012f j\u016bs\u0173 s\u0105skait\u0105<\/li>\n<li>jei laim\u0117site daugiau nei 2500 \u20ac, mes nemokamai pad\u0117sime jums atsiimti pinigus<\/li>\n<li>jei laim\u0117site pinig\u0173, papildom\u0173 i\u0161laid\u0173 nepatirsite.<\/li>\n<\/ul>\n<p><strong>Kas gali \u017eaisti loterijas?<\/strong><\/p>\n<p>Loterijas gali \u017eaisti visi, kuriems daugiau nei 18 met\u0173.<\/p>\n<p><strong>Ar galiu \u017eaisti loterijoje i\u0161 u\u017esienio \u0161alies?<\/strong><\/p>\n<p>Taip, galite. Nesvarbu, kurioje \u0161alyje gyvenate, galite \u017eaisti bet koki\u0105 loterij\u0105 ir loterijos aukso puod\u0105 bet kurioje pasirinktoje \u0161alyje.<\/p>\n<p><strong>Ar galiu pats i\u0161sirinkti loterijos numerius?<\/strong><\/p>\n<p>Taip. Galite pasirinkti norimus numerius arba patogiai papra\u0161yti, kad kompiuteris atsitiktine tvarka parinkt\u0173 j\u016bs\u0173 numerius.<\/p>\n<p><strong>Kaip gausiu savo loterijos biliet\u0105?<\/strong><\/p>\n<p>Kai j\u016bs\u0173 mok\u0117jimas bus apdorotas, el. pa\u0161tu atsi\u0173sime pirkimo patvirtinim\u0105. Pasirinktus numerius gal\u0117site matyti savo paskyroje. Netrukus po to savo paskyroje pamatysite ir nuskenuot\u0105 biliet\u0105.<\/p>\n<p><strong>Kaip galiu sumok\u0117ti u\u017e savo loterijos arba biliet\u0105?<\/strong><\/p>\n<p>Galite rinktis i\u0161 keli\u0173 mok\u0117jimo b\u016bd\u0173, tarp j\u0173 &#8211; mok\u0117jimas kredito kortele, banko pavedimu, \u012fvairiomis kriptovaliutomis ir kt.<\/p>\n<p><strong>Ar pasiimate dal\u012f mano laim\u0117jimo?<\/strong><\/p>\n<p>Ne. Visi loterijos laim\u0117jimai jums bus i\u0161mok\u0117ti visi\u0161kai, neatskai\u010dius joki\u0173 mokes\u010di\u0173.<\/p>\n<p><strong>Kada galiu u\u017esisakyti loterijos biliet\u0105?<\/strong><\/p>\n<p>Nor\u0117dami dalyvauti loterijoje, biliet\u0105 tur\u0117tum\u0117te u\u017esisakyti likus ne ma\u017eiau kaip 2 valandoms iki burt\u0173 traukimo. Taip gal\u0117sime apdoroti j\u016bs\u0173 loterijos bilieto u\u017esakym\u0105.<\/p>\n<p><strong>Kaip su\u017einoti, ar laim\u0117jau?<\/strong><\/p>\n<p>Jei laim\u0117site, atsi\u0173sime jums el. lai\u0161k\u0105, kuriame informuosime apie laim\u0117jim\u0105. Be to, vis\u0173 loterij\u0173 laimingieji skai\u010diai bus paskelbti m\u016bs\u0173 interneto svetain\u0117je.<\/p>\n<p><strong>Kaip gausiu pinigus, jei laim\u0117siu?<\/strong><\/p>\n<p>Jei laim\u0117site ma\u017eesn\u0119 nei 2500 eur\u0173 sum\u0105, pinigai bus pervesti \u012f j\u016bs\u0173 \u017eaid\u0117jo s\u0105skait\u0105. Jei laim\u0117jote didesn\u0119 nei 2500 \u20ac sum\u0105, atsi\u0173sime jums pretenzijos form\u0105, kuri\u0105 tur\u0117site u\u017epildyti. Tur\u0117site prisistatyti, o tada mes apdorosime j\u016bs\u0173 pretenzij\u0105 loterijos bendrovei. Tada loterijos bendrov\u0117 jums i\u0161duos \u010dek\u012f. Atkreipkite d\u0117mes\u012f, kad kai kurios loterij\u0173 bendrov\u0117s reikalauja, kad laim\u0117jim\u0105 atsiimtum\u0117te asmeni\u0161kai, jei laim\u0117jote pagrindin\u012f priz\u0105.<\/p>\n<p><strong>Ar tai teis\u0117ta paslauga?<\/strong><\/p>\n<p>Taip, yra. Kadangi m\u016bs\u0173 paslauga yra tik pasiuntini\u0173 paslauga, ji yra visi\u0161kai teis\u0117ta.<\/p>\n<p><strong>Kaip \u017einoti, kad loterijos bilietas perkamas mano vardu?<\/strong><\/p>\n<p>Kai sumok\u0117site u\u017e loterijos biliet\u0105, gausite mok\u0117jimo patvirtinim\u0105. Kol j\u016bs\u0173 loterijos bilietas yra aktyvus, gausite prane\u0161im\u0105 el. pa\u0161tu, o prisijung\u0119 gal\u0117site matyti savo bilietus savo klient\u0173 zonoje m\u016bs\u0173 svetain\u0117je.<\/p>\n","protected":false},"excerpt":{"rendered":"<p>Internetin\u0117s loterijos DUK \u010cia pateiksime atsakymus \u012f da\u017eniausiai u\u017eduodamus klausimus apie internetin\u0119 loterij\u0105 ir internetinius loto prizus. \u017daisti loterijas internetu yra patogiausias ir papras\u010diausias b\u016bdas pad\u0117ti rankas \u012f tuos didelius tarptautinius &#8220;Lotto&#8221; aukso puodus. Kaip tai veikia? Mes veikiame kaip pasiuntiniai tarp j\u016bs\u0173 ir \u012fvairi\u0173 loterij\u0173. Mes perkame biliet\u0105 j\u016bs\u0173 vardu ir j\u016bs\u0173 naudai, tada [&hellip;]<\/p>\n","protected":false},"author":1,"featured_media":0,"parent":0,"menu_order":6,"comment_status":"closed","ping_status":"closed","template":"","meta":{"_et_pb_use_builder":"","_et_pb_old_content":"","_et_gb_content_width":"","exclude_from_search":false,"footnotes":""},"class_list":["post-37771","page","type-page","status-publish","hentry"],"yoast_head":"<!-- This site is optimized with the Yoast SEO plugin v23.3 - https:\/\/yoast.com\/wordpress\/plugins\/seo\/ -->\n<title>Loterijos DUK | Da\u017eniausi klausimai apie &quot;Lotto online<\/title>\n<meta name=\"description\" content=\"\u010cia rasite atsakymus \u012f da\u017eniausiai u\u017eduodamus klausimus apie loterij\u0105 internetu, taip pat geriausias paslaugas\" \/>\n<meta name=\"robots\" content=\"index, follow, max-snippet:-1, max-image-preview:large, max-video-preview:-1\" \/>\n<link rel=\"canonical\" href=\"https:\/\/jackpotlotteryonline.com\/lt\/faq\/\" \/>\n<meta property=\"og:locale\" content=\"lt_LT\" \/>\n<meta property=\"og:type\" content=\"article\" \/>\n<meta property=\"og:title\" content=\"Loterijos DUK | Da\u017eniausi klausimai apie &quot;Lotto online\" \/>\n<meta property=\"og:description\" content=\"\u010cia rasite atsakymus \u012f da\u017eniausiai u\u017eduodamus klausimus apie loterij\u0105 internetu, taip pat geriausias paslaugas\" \/>\n<meta property=\"og:url\" content=\"https:\/\/jackpotlotteryonline.com\/lt\/faq\/\" \/>\n<meta property=\"og:site_name\" content=\"Lotto Online - Crack The International Lottery Jackpots\" \/>\n<meta name=\"twitter:card\" content=\"summary_large_image\" \/>\n<meta name=\"twitter:label1\" content=\"Est. reading time\" \/>\n\t<meta name=\"twitter:data1\" content=\"3 minut\u0117s\" \/>\n<!-- \/ Yoast SEO plugin. -->","yoast_head_json":{"title":"Loterijos DUK | Da\u017eniausi klausimai apie \"Lotto online","description":"\u010cia rasite atsakymus \u012f da\u017eniausiai u\u017eduodamus klausimus apie loterij\u0105 internetu, taip pat geriausias paslaugas","robots":{"index":"index","follow":"follow","max-snippet":"max-snippet:-1","max-image-preview":"max-image-preview:large","max-video-preview":"max-video-preview:-1"},"canonical":"https:\/\/jackpotlotteryonline.com\/lt\/faq\/","og_locale":"lt_LT","og_type":"article","og_title":"Loterijos DUK | Da\u017eniausi klausimai apie \"Lotto online","og_description":"\u010cia rasite atsakymus \u012f da\u017eniausiai u\u017eduodamus klausimus apie loterij\u0105 internetu, taip pat geriausias paslaugas","og_url":"https:\/\/jackpotlotteryonline.com\/lt\/faq\/","og_site_name":"Lotto Online - Crack The International Lottery Jackpots","twitter_card":"summary_large_image","twitter_misc":{"Est. reading time":"3 minut\u0117s"},"schema":{"@context":"https:\/\/schema.org","@graph":[{"@type":"WebPage","@id":"https:\/\/jackpotlotteryonline.com\/lt\/faq\/","url":"https:\/\/jackpotlotteryonline.com\/lt\/faq\/","name":"Loterijos DUK | Da\u017eniausi klausimai apie \"Lotto online","isPartOf":{"@id":"https:\/\/jackpotlotteryonline.com\/#website"},"datePublished":"2022-11-15T08:36:04+00:00","dateModified":"2022-11-15T08:36:04+00:00","description":"\u010cia rasite atsakymus \u012f da\u017eniausiai u\u017eduodamus klausimus apie loterij\u0105 internetu, taip pat geriausias paslaugas","breadcrumb":{"@id":"https:\/\/jackpotlotteryonline.com\/lt\/faq\/#breadcrumb"},"inLanguage":"lt-LT","potentialAction":[{"@type":"ReadAction","target":["https:\/\/jackpotlotteryonline.com\/lt\/faq\/"]}]},{"@type":"BreadcrumbList","@id":"https:\/\/jackpotlotteryonline.com\/lt\/faq\/#breadcrumb","itemListElement":[{"@type":"ListItem","position":1,"name":"Home","item":"https:\/\/jackpotlotteryonline.com\/lt\/"},{"@type":"ListItem","position":2,"name":"DUK"}]},{"@type":"WebSite","@id":"https:\/\/jackpotlotteryonline.com\/#website","url":"https:\/\/jackpotlotteryonline.com\/","name":"Lotto Online - Crack The International Lottery Jackpots","description":"","potentialAction":[{"@type":"SearchAction","target":{"@type":"EntryPoint","urlTemplate":"https:\/\/jackpotlotteryonline.com\/?s={search_term_string}"},"query-input":"required name=search_term_string"}],"inLanguage":"lt-LT"}]}},"_links":{"self":[{"href":"https:\/\/jackpotlotteryonline.com\/lt\/wp-json\/wp\/v2\/pages\/37771","targetHints":{"allow":["GET"]}}],"collection":[{"href":"https:\/\/jackpotlotteryonline.com\/lt\/wp-json\/wp\/v2\/pages"}],"about":[{"href":"https:\/\/jackpotlotteryonline.com\/lt\/wp-json\/wp\/v2\/types\/page"}],"author":[{"embeddable":true,"href":"https:\/\/jackpotlotteryonline.com\/lt\/wp-json\/wp\/v2\/users\/1"}],"replies":[{"embeddable":true,"href":"https:\/\/jackpotlotteryonline.com\/lt\/wp-json\/wp\/v2\/comments?post=37771"}],"version-history":[{"count":0,"href":"https:\/\/jackpotlotteryonline.com\/lt\/wp-json\/wp\/v2\/pages\/37771\/revisions"}],"wp:attachment":[{"href":"https:\/\/jackpotlotteryonline.com\/lt\/wp-json\/wp\/v2\/media?parent=37771"}],"curies":[{"name":"wp","href":"https:\/\/api.w.org\/{rel}","templated":true}]}}