{"id":39240,"date":"2022-11-22T11:35:27","date_gmt":"2022-11-22T11:35:27","guid":{"rendered":"https:\/\/jackpotlotteryonline.com\/?page_id=39240"},"modified":"2023-01-03T08:54:24","modified_gmt":"2023-01-03T08:54:24","slug":"la-primitiva-2","status":"publish","type":"page","link":"https:\/\/jackpotlotteryonline.com\/lt\/kaip-zaisti\/la-primitiva-2\/","title":{"rendered":"\u017daisti La Primitiva internete"},"content":{"rendered":"<p>Ispanijos loterija yra viena populiariausi\u0173 Europos loterij\u0173, pritraukianti loterijos gerb\u0117jus visoje \u0161alyje. La Primitiva taip pat yra viena seniausi\u0173 loterij\u0173 pasaulyje. Ji buvo \u012fsteigta 1763 m. ir jau beveik 260 met\u0173 d\u017eiugina \u0161alies loterij\u0173 gerb\u0117jus. Anks\u010diau joje gal\u0117jo dalyvauti tik toje geografin\u0117je vietov\u0117je gyvenantys lo\u0161\u0117jai, ta\u010diau interneto d\u0117ka dabar \u0161ioje loterijoje gali dalyvauti viso pasaulio lo\u0161\u0117jai. Loterijos \u017eaidimai labai priklauso nuo s\u0117km\u0117s, ir \u0161is \u017eaidimas &#8211; ne i\u0161imtis. Tod\u0117l kiekviename lo\u0161ime dalyvauja labai daug lo\u0161\u0117j\u0173, kurie bando laim\u0117ti didel\u0119 sum\u0105.<\/p>\n<p>Jei norite gauti <a href=\"https:\/\/jackpotlotteryonline.com\/lt\/pirkti-bilietus\/la-primitiva\">bilietus \u012f populiariausias tarptautines loterijas<\/a>, \u012fskaitant La Primitiva, apsilankykite jackptlotteryonline.com dabar ir prad\u0117kite.<\/p>\n<h2>Kaip \u017eaisti La Primitiva<\/h2>\n<p><img loading=\"lazy\" decoding=\"async\" class=\"alignright size-medium wp-image-28103\" src=\"http:\/\/jackpotlotteryonline.com\/wp-content\/uploads\/2022\/11\/1_lotto_jackpot_online-257x300.jpg\" alt=\"\u017daisti La Primitiva\" width=\"257\" height=\"300\" srcset=\"https:\/\/jackpotlotteryonline.com\/wp-content\/uploads\/2022\/11\/1_lotto_jackpot_online-257x300.jpg 257w, https:\/\/jackpotlotteryonline.com\/wp-content\/uploads\/2022\/11\/1_lotto_jackpot_online.jpg 321w\" sizes=\"auto, (max-width: 257px) 100vw, 257px\" \/><\/p>\n<p>Kad ir kaip smagu \u017eaisti Ispanijos loterij\u0105, ji gali b\u016bti \u0161iek tiek paini tiems, kurie loterijoje yra naujokai. Atrodo, kad skai\u010di\u0173 yra \u0161iek tiek daugiau, nei kai kurie \u017eaid\u0117jai yra \u012fprat\u0119, ir yra kit\u0173 s\u0105vok\u0173, kurias gali b\u016bti sunku suprasti. Ta\u010diau, kai suprasite, kaip \u017eaisti La Primitiva, viskas taps labai paprasta.<\/p>\n<p>Pirmas dalykas, kur\u012f reikia suprasti \u017eaid\u017eiant \u0161i\u0105 loterij\u0105, yra <strong>Reintegro<\/strong> ir <strong>Complementario.<\/strong> Reintegro ir Complementarior yra labai svarb\u016bs nustatant pagrindinio prizo laim\u0117toj\u0105. Jei planuojate laim\u0117ti pagrindin\u012f priz\u0105, b\u016btina \u017einoti, kas jie yra ir kaip jie veikia.<\/p>\n<p>I\u0161 esm\u0117s Reintegro (i\u0161vertus \u012f angl\u0173 kalb\u0105 &#8211; gr\u0105\u017einimas) yra vienas i\u0161 premijos skai\u010di\u0173, naudojam\u0173 atrenkant prizo laim\u0117tojus. Complementario (i\u0161vertus \u012f lietuvi\u0173 kalb\u0105 &#8211; Papildomas) yra antrasis premijos skai\u010dius.<\/p>\n<p><strong>Nor\u0117damas \u017eaisti &#8220;La Primitiva&#8221;, \u017eaid\u0117jas tur\u0117t\u0173 pasirinkti penkis pagrindinius skai\u010dius nuo 1 iki 49 ir &#8220;Reintegro&#8221; nuo 0 iki 9<\/strong>. Kiekvienas, kurio bilietas atitinka i\u0161trauktus skai\u010dius, laimi pagrindin\u012f priz\u0105.<\/p>\n<h2>Ta\u010diau &#8220;Reintegro&#8221; yra daugiau.<\/h2>\n<p>Reintegro naudojamas pagrindinio prizo laim\u0117tojui i\u0161rinkti. Taigi, kad laim\u0117tum\u0117te pagrindin\u012f priz\u0105, turite surinkti penkis pagrindinius skai\u010dius ir &#8220;Reintegro&#8221; skai\u010di\u0173.<\/p>\n<p>Be to, &#8220;Reintegro&#8221; naudojamas kitai priz\u0173 kategorijai nustatyti. Lo\u0161\u0117jai, kurie suranda tik &#8220;Reintegro&#8221; skai\u010di\u0173, atgauna savo bilieto kain\u0105. \u0160tai kod\u0117l jis vadinamas &#8220;gr\u0105\u017einamuoju&#8221;.<\/p>\n<section class=\"layout\" style=\"border: solid 1px; width: 100%;\">\n<div class=\"img-div\" style=\"margin-top: 5px;\"><img decoding=\"async\" class=\"wp-image-17212 alignleft\" style=\"height: 45px; margin: 8px 8px 0px;\" src=\"http:\/\/jackpotlotteryonline.com\/wp-content\/uploads\/2022\/11\/read1.jpg\" alt=\"skaityti\" width=\"\" height=\"\" \/><\/div>\n<div style=\"padding-left: 5px;\">\n<div style=\"font-size: 1.1em;\">\n<p><strong>Kokia yra loterijos s\u0117km\u0117s paslaptis?<\/strong><\/p>\n<p style=\"font-size: 0.85em; margin-top: -1.5em;\">Kaip s\u0117kmingai \u017eaisti loterijoje\u00a0<a href=\"https:\/\/jackpotlotteryonline.com\/lt\/kas-yra-loterijos-sekmes-paslaptis\"> skaityti daugiau<\/a><\/p>\n<\/div>\n<\/div>\n<\/section>\n<h2>O kaip d\u0117l &#8220;Complementario&#8221;?<\/h2>\n<p>Kitas papildomas skai\u010dius n\u0117ra svarbus laimint pagrindin\u012f priz\u0105, ta\u010diau jis naudojamas nustatant 2 skyriaus priz\u0173 kategorij\u0105. Taigi, lo\u0161\u0117jas, surink\u0119s penkis pagrindinius skai\u010dius ir &#8220;Complementario&#8221; skai\u010di\u0173, laim\u0117s priz\u0105.<\/p>\n<h2>Suprasti, kaip veikia &#8220;Joker<\/h2>\n<p>Jei &#8220;La Primitiva&#8221; bilietus perkate pirm\u0105 kart\u0105, dar viena m\u012fsl\u0117 yra &#8220;Joker&#8221;, nes atrodo, kad jis sukuria visai kit\u0105 priz\u0173 kategorij\u0105. Ties\u0105 sakant, jis sukuria visai kit\u0105 priz\u0173 kategorij\u0105.\u00a0 Ta\u010diau jis yra neprivalomas, ir pirkdami loterijos biliet\u0105 galite pasirinkti, kad u\u017e papildom\u0105 mokest\u012f b\u016bt\u0173 \u012ftrauktas &#8220;Joker&#8221;.<\/p>\n<p>Jokeris labiau primena loterij\u0105, o ne loterij\u0105, nes lo\u0161\u0117jai negali pasirinkti skai\u010di\u0173. Pasirinkus &#8220;Joker&#8221;, prie bilieto pridedami septyni atsitiktiniai skai\u010diai. Tai nepanaikina j\u016bs\u0173 loterijos bilieto, tai tik papildymas. D\u017eokeris suteikia lo\u0161\u0117jams galimyb\u0119 laim\u0117ti iki 1 milijono eur\u0173. Jame yra septynios priz\u0173 kategorijos. Jas rasite toliau:<\/p>\n<p>1 prizas &#8211; 1 000 000 eur\u0173<\/p>\n<p>2-asis prizas &#8211; 10 000 \u20ac<\/p>\n<p>3-iasis prizas &#8211; 1 000 eur\u0173<\/p>\n<p>4-asis prizas &#8211; 300 eur\u0173<\/p>\n<p>5-asis prizas &#8211; 50 eur\u0173<\/p>\n<p>6-asis prizas &#8211; 5 eurai<\/p>\n<p>7-asis prizas &#8211; 5 eurai<\/p>\n<h2>D\u017eokerio laim\u0117jimas<\/h2>\n<p>Jei laim\u0117site ir loterijoje, ir &#8220;Joker&#8221;, tur\u0117site pasirinkti vien\u0105 i\u0161 j\u0173, nes lo\u0161\u0117jai negali pretenduoti \u012f abu prizus vieno bilieto vieno lo\u0161imo metu. Ta\u010diau bus i\u0161mok\u0117tas didesnis atlygis.<\/p>\n<h2>Loterijos internete \u017eaidimo \u017eingsniai<\/h2>\n<p><img loading=\"lazy\" decoding=\"async\" class=\"alignright size-medium wp-image-33512\" src=\"http:\/\/jackpotlotteryonline.com\/wp-content\/uploads\/2022\/11\/2_ticket_la_primitiva2-210x300.jpg\" alt=\"La Primitiva internetinis bilietas\" width=\"210\" height=\"300\" srcset=\"https:\/\/jackpotlotteryonline.com\/wp-content\/uploads\/2022\/11\/2_ticket_la_primitiva2-210x300.jpg 210w, https:\/\/jackpotlotteryonline.com\/wp-content\/uploads\/2022\/11\/2_ticket_la_primitiva2.jpg 250w\" sizes=\"auto, (max-width: 210px) 100vw, 210px\" \/><\/p>\n<p>Loterijos biliet\u0173 \u012fsigijimas internetu yra vienas i\u0161 paprast\u0173 gyvenimo malonum\u0173 daugiausia d\u0117l to, kad viskas patogu ir patogu. Biliet\u0105 galite gauti vos keliais br\u016bk\u0161tel\u0117jimais ar bakstel\u0117jimais. \u010cia pateikiamas \u017eingsnis po \u017eingsnio vadovas, kaip tai padaryti \u0161ioje svetain\u0117je.<\/p>\n<p><strong>1 veiksmas:<\/strong> apsilankykite pasirinktoje svetain\u0117je ir ie\u0161kokite loterijos, kurioje norite \u017eaisti. Loterij\u0173 gerb\u0117jams suteikiame prieig\u0105 prie daugyb\u0117s \u012fvairi\u0173 tarptautini\u0173 loterij\u0173, \u012fskaitant &#8220;La Primitiva&#8221;.<\/p>\n<p><strong>2 veiksmas:<\/strong> pasirinkite penkis pagrindinius ir du premijinius skai\u010dius. Jei nesate tikri, kokius skai\u010dius norite naudoti, galite pasinaudoti svetain\u0117je esan\u010diu atsitiktini\u0173 skai\u010di\u0173 generatoriumi. Be to, galite pasirinkti daugiau nei vien\u0105 skai\u010di\u0173 eilut\u0119, kad padidintum\u0117te savo laim\u0117jimo tikimyb\u0119.<\/p>\n<p><strong>3 \u017eingsnis:<\/strong> <a href=\"https:\/\/jackpotlotteryonline.com\/lt\/laimeje-skaitmenys\/la-primitiva\">\u012fveskite burtus<\/a>. Atkreipkite d\u0117mes\u012f, kad jei dalyvaujate viename traukime, tai galite daryti tik pirmadien\u012f. Kiti tira\u017eai yra savaitiniai ir, jei norite, galite dalyvauti visuose.<\/p>\n<p><strong>4 \u017eingsnis:<\/strong> U\u017esiregistruokite ir sumok\u0117kite. Kai pateksite \u012f mok\u0117jimo puslap\u012f, b\u016bsite papra\u0161yti u\u017esiregistruoti. Tai daroma tam, kad gal\u0117tum\u0117te lengvai pasiekti savo biliet\u0105 i\u0161 savo paskyros, taip pat tam, kad gal\u0117tume jus \u012fsp\u0117ti, jei laim\u0117tum\u0117te priz\u0173. U\u017esiregistruoti reik\u0117s tik vien\u0105 kart\u0105, o v\u0117lesnius kartus tiesiog prisijunkite prie savo paskyros.<\/p>\n<p>\u0160tai ir viskas, ko reikia, kad gautum\u0117te prieig\u0105 prie geriausi\u0173 tarptautini\u0173 loterij\u0173 patogiai s\u0117d\u0117dami prie savo kompiuterio ar mobiliojo \u012frenginio!<\/p>\n<h2>La Primitiva burt\u0173 traukimo rezultatai<\/h2>\n<p>Lygiosios yra kupinos jaudulio ir daugelis loterijos lo\u0161\u0117j\u0173 j\u0173 laukia su nekantrumu. B\u016btent tada tie, kurie dalyvavo burt\u0173 traukime, su\u017eino, ar laim\u0117jo pagrindin\u012f priz\u0105. Be pagrindinio prizo, lo\u0161\u0117jai gali laim\u0117ti ir kit\u0173 priz\u0173, kurie paai\u0161k\u0117ja burt\u0173 traukimo dien\u0105.<\/p>\n<p>Ispanijos loterija rengia tris savaitinius lo\u0161imus pirmadien\u012f, ketvirtadien\u012f ir \u0161e\u0161tadien\u012f. Tai rei\u0161kia, kad kiekvien\u0105 savait\u0119 lo\u0161\u0117jai turi tris galimybes laim\u0117ti loterijoje. Jei \u017eaid\u017eiate La Primitive internetu, galite dalyvauti kitame tira\u017ee arba automati\u0161kai dalyvauti kiekviename tira\u017ee. Nepamir\u0161kite, kad kuo daugiau tira\u017e\u0173 dalyvausite, tuo didesni j\u016bs\u0173 \u0161ansai laim\u0117ti loterijoje.<\/p>\n<p>Paskelbus burtus, lo\u0161\u0117jai gali tiesiogiai klausytis burt\u0173 rezultat\u0173. Ta\u010diau jei neturite tam laiko, galite gr\u012f\u017eti \u010dia ir su\u017einoti burt\u0173 rezultatus. Skelbiame ne tik tuos skai\u010dius, kurie sutampa su visais i\u0161trauktais skai\u010diais, bet ir kit\u0173 pakop\u0173 rezultatus.<\/p>\n<h2>Apie &#8220;La Primitiva&#8221; prizus: k\u0105 galite laim\u0117ti?<\/h2>\n<p>Be pagrindinio prizo, &#8220;La Primitiva&#8221; turi dar 5 priz\u0173 pakopas. Jei \u012fskai\u010diuosime ir pagrindin\u012f priz\u0105, i\u0161 viso bus 6 lygiai. Yra net prizas u\u017e tai, kad atsp\u0117jote tik &#8220;Reintegro&#8221; skai\u010di\u0173. \u0160ie prizai gal ir n\u0117ra milijoniniai, ta\u010diau siekia kelis t\u016bkstan\u010dius eur\u0173. Taigi, juos tikrai verta patikrinti.<\/p>\n<p>Svarbu suprasti, kad u\u017e kitus lygius n\u0117ra konkretaus prizo, nes jis priklauso nuo to lo\u0161\u0117j\u0173 skai\u010diaus tame lo\u0161ime. Pagrindinis prizas yra vienintelis garantuotas priz\u0173 lygis. 40 % pagrindinio prizo sumos skiriama kitiems priz\u0173 lygiams ir paskirstoma t\u0173 kategorij\u0173 laim\u0117tojams.<\/p>\n<p>Ta\u010diau taip pat galite pasirinkti \u017eaisti &#8220;Joker&#8221;, kuris gerokai padidina galim\u0105 laim\u0117jim\u0105. Jokeriui taip pat priklauso septynios kitos priz\u0173 kategorijos, atskirtos nuo pagrindini\u0173 priz\u0173 kategorij\u0173, suteikian\u010dios &#8220;La Primitiva&#8221; lo\u0161\u0117jams dar daugiau galimybi\u0173 laim\u0117ti.<\/p>\n<h2>Priz\u0173 kategorijos<\/h2>\n<p>Pagrindinis prizas &#8211; 6 pagrindini\u0173 skai\u010di\u0173 atitikimas + Reintegro<\/p>\n<p>1 skyrius &#8211; 6 pagrindini\u0173 skai\u010di\u0173 atitikimas<\/p>\n<p>2 skyrius &#8211; 5 pagrindiniai skai\u010diai + nemokamas skai\u010dius<\/p>\n<p>3 skyrius &#8211; 5 pagrindiniai skai\u010diai<\/p>\n<p>4 skyrius &#8211; 4 pagrindiniai numeriai<\/p>\n<p>5 skyrius &#8211; 3 pagrindiniai numeriai<\/p>\n<p>Reintegro &#8211; atitinka tik Reintegro numer\u012f<\/p>\n<h2>Kaip atsiimti laim\u0117jim\u0105<\/h2>\n<p>\u017daid\u0117jai da\u017enai klausia, kaip jie gali gauti savo laim\u0117jimus, jei \u017eaid\u017eia internetu. Atsakymas \u012f \u0161\u012f klausim\u0105 priklauso nuo loterijos svetain\u0117s, kuria naudojat\u0117s. Kai kurios loterij\u0173 svetain\u0117s ne itin gerai moka laim\u0117tojams, ta\u010diau pasteb\u0117site, kad tai veikiau i\u0161imtis, o ne taisykl\u0117. Nepaisant to, visada verta i\u0161likti saugiems ir naudotis patikimo loterijos pardav\u0117jo paslaugomis.<\/p>\n<p>Jei \u017eaid\u017eiate loterij\u0105 su mumis, galite lengvai atsiimti laim\u0117jim\u0105. Savo sistem\u0105 suk\u016br\u0117me taip, kad ja naudotis b\u016bt\u0173 maksimaliai paprasta ir nekilt\u0173 jokio streso. Tur\u0117dami daugyb\u0119 i\u0161\u0117mimo galimybi\u0173, mes suteikiame saug\u0173 b\u016bd\u0105, kuriuo gal\u0117site atsiimti savo laim\u0117jimus.<\/p>\n<p>Jei j\u016bs\u0173 laim\u0117jimas vir\u0161ija tam tikr\u0105 sum\u0105 (pavyzd\u017eiui, jei laim\u0117jote pagrindin\u012f priz\u0105), loterijos bendrovei tur\u0117site nurodyti savo tapatyb\u0119. Ta\u010diau nesijaudinkite, mes pateiksime form\u0105, kuri\u0105 tur\u0117site u\u017epildyti, ir kai tai padarysite, mes u\u017e jus apdorosime pretenzijas.<\/p>\n<h2>\u017daiskite su mumis ir tur\u0117kite galimyb\u0119 laim\u0117ti didel\u012f laim\u0117jim\u0105<\/h2>\n<p>Labai svarbu, kur perkate bilietus, o m\u016bs\u0173 svetain\u0117je mes padar\u0117me visk\u0105, kad sukurtume saugi\u0105 viet\u0105 lo\u0161\u0117jams visame pasaulyje. Tur\u0117dami plat\u0173 tarptautini\u0173 loterij\u0173 asortiment\u0105, galite rinktis bet kur\u012f \u017eaidim\u0105, \u012fskaitant &#8220;La Primitiva&#8221;. Pagrindiniai prizai yra dideli, ta\u010diau nepamir\u0161kite, kad dauguma loterij\u0173 \u017eaidim\u0173 turi kelis priz\u0173 lygius, o kai kurie i\u0161 j\u0173 yra labai dosn\u016bs.<\/p>\n<p>Jei esate pasiruo\u0161\u0119 galimybei laim\u0117ti daug su La Primitiva, apsilankykite pas mus dabar ir \u012fsigykite bilietus. Ispanijos loterija, kurioje kas savait\u0119 rengiami trys tira\u017eai, suteikia lo\u0161\u0117jams kelias galimybes laim\u0117ti pagrindin\u012f priz\u0105 kiekvien\u0105 savait\u0119. Jackpotlotlotteryonline.com svetain\u0117je visada yra lo\u0161imas, kuriame galite dalyvauti, ir niekada ne\u017einote, ar \u0161iandien yra ta diena, kai laim\u0117site didel\u0119 sum\u0105.<\/p>\n","protected":false},"excerpt":{"rendered":"<p>Ispanijos loterija yra viena populiariausi\u0173 Europos loterij\u0173, pritraukianti loterijos gerb\u0117jus visoje \u0161alyje. La Primitiva taip pat yra viena seniausi\u0173 loterij\u0173 pasaulyje. Ji buvo \u012fsteigta 1763 m. ir jau beveik 260 met\u0173 d\u017eiugina \u0161alies loterij\u0173 gerb\u0117jus. Anks\u010diau joje gal\u0117jo dalyvauti tik toje geografin\u0117je vietov\u0117je gyvenantys lo\u0161\u0117jai, ta\u010diau interneto d\u0117ka dabar \u0161ioje loterijoje gali dalyvauti viso pasaulio [&hellip;]<\/p>\n","protected":false},"author":1,"featured_media":0,"parent":35707,"menu_order":7,"comment_status":"closed","ping_status":"closed","template":"la-primitiva.php","meta":{"_et_pb_use_builder":"","_et_pb_old_content":"","_et_gb_content_width":"","exclude_from_search":false,"footnotes":""},"class_list":["post-39240","page","type-page","status-publish","hentry"],"yoast_head":"<!-- This site is optimized with the Yoast SEO plugin v23.3 - https:\/\/yoast.com\/wordpress\/plugins\/seo\/ -->\n<title>\u017daisti ispan\u0173 La Primitiva internetin\u0119 loterij\u0105 i\u0161 bet kurios \u0161alies<\/title>\n<meta name=\"description\" content=\"Kaip \u017eaisti La Primitiva ir laim\u0117ti daug i\u0161 bet kurios pasaulio vietos. Su\u017einokite, kaip \u017eaisti loterij\u0105 internetu ir kokius prizus galima laim\u0117ti.\" \/>\n<meta name=\"robots\" content=\"index, follow, max-snippet:-1, max-image-preview:large, max-video-preview:-1\" \/>\n<link rel=\"canonical\" href=\"https:\/\/jackpotlotteryonline.com\/lt\/kaip-zaisti\/la-primitiva-2\/\" \/>\n<meta property=\"og:locale\" content=\"lt_LT\" \/>\n<meta property=\"og:type\" content=\"article\" \/>\n<meta property=\"og:title\" content=\"\u017daisti ispan\u0173 La Primitiva internetin\u0119 loterij\u0105 i\u0161 bet kurios \u0161alies\" \/>\n<meta property=\"og:description\" content=\"Kaip \u017eaisti La Primitiva ir laim\u0117ti daug i\u0161 bet kurios pasaulio vietos. Su\u017einokite, kaip \u017eaisti loterij\u0105 internetu ir kokius prizus galima laim\u0117ti.\" \/>\n<meta property=\"og:url\" content=\"https:\/\/jackpotlotteryonline.com\/lt\/kaip-zaisti\/la-primitiva-2\/\" \/>\n<meta property=\"og:site_name\" content=\"Lotto Online - Crack The International Lottery Jackpots\" \/>\n<meta property=\"article:modified_time\" content=\"2023-01-03T08:54:24+00:00\" \/>\n<meta property=\"og:image\" content=\"http:\/\/jackpotlotteryonline.com\/wp-content\/uploads\/2022\/11\/1_lotto_jackpot_online-257x300.jpg\" \/>\n<meta name=\"twitter:card\" content=\"summary_large_image\" \/>\n<meta name=\"twitter:label1\" content=\"Est. reading time\" \/>\n\t<meta name=\"twitter:data1\" content=\"6 minut\u0117s\" \/>\n<!-- \/ Yoast SEO plugin. -->","yoast_head_json":{"title":"\u017daisti ispan\u0173 La Primitiva internetin\u0119 loterij\u0105 i\u0161 bet kurios \u0161alies","description":"Kaip \u017eaisti La Primitiva ir laim\u0117ti daug i\u0161 bet kurios pasaulio vietos. Su\u017einokite, kaip \u017eaisti loterij\u0105 internetu ir kokius prizus galima laim\u0117ti.","robots":{"index":"index","follow":"follow","max-snippet":"max-snippet:-1","max-image-preview":"max-image-preview:large","max-video-preview":"max-video-preview:-1"},"canonical":"https:\/\/jackpotlotteryonline.com\/lt\/kaip-zaisti\/la-primitiva-2\/","og_locale":"lt_LT","og_type":"article","og_title":"\u017daisti ispan\u0173 La Primitiva internetin\u0119 loterij\u0105 i\u0161 bet kurios \u0161alies","og_description":"Kaip \u017eaisti La Primitiva ir laim\u0117ti daug i\u0161 bet kurios pasaulio vietos. Su\u017einokite, kaip \u017eaisti loterij\u0105 internetu ir kokius prizus galima laim\u0117ti.","og_url":"https:\/\/jackpotlotteryonline.com\/lt\/kaip-zaisti\/la-primitiva-2\/","og_site_name":"Lotto Online - Crack The International Lottery Jackpots","article_modified_time":"2023-01-03T08:54:24+00:00","og_image":[{"url":"http:\/\/jackpotlotteryonline.com\/wp-content\/uploads\/2022\/11\/1_lotto_jackpot_online-257x300.jpg"}],"twitter_card":"summary_large_image","twitter_misc":{"Est. reading time":"6 minut\u0117s"},"schema":{"@context":"https:\/\/schema.org","@graph":[{"@type":"WebPage","@id":"https:\/\/jackpotlotteryonline.com\/lt\/kaip-zaisti\/la-primitiva-2\/","url":"https:\/\/jackpotlotteryonline.com\/lt\/kaip-zaisti\/la-primitiva-2\/","name":"\u017daisti ispan\u0173 La Primitiva internetin\u0119 loterij\u0105 i\u0161 bet kurios \u0161alies","isPartOf":{"@id":"https:\/\/jackpotlotteryonline.com\/#website"},"primaryImageOfPage":{"@id":"https:\/\/jackpotlotteryonline.com\/lt\/kaip-zaisti\/la-primitiva-2\/#primaryimage"},"image":{"@id":"https:\/\/jackpotlotteryonline.com\/lt\/kaip-zaisti\/la-primitiva-2\/#primaryimage"},"thumbnailUrl":"http:\/\/jackpotlotteryonline.com\/wp-content\/uploads\/2022\/11\/1_lotto_jackpot_online-257x300.jpg","datePublished":"2022-11-22T11:35:27+00:00","dateModified":"2023-01-03T08:54:24+00:00","description":"Kaip \u017eaisti La Primitiva ir laim\u0117ti daug i\u0161 bet kurios pasaulio vietos. Su\u017einokite, kaip \u017eaisti loterij\u0105 internetu ir kokius prizus galima laim\u0117ti.","breadcrumb":{"@id":"https:\/\/jackpotlotteryonline.com\/lt\/kaip-zaisti\/la-primitiva-2\/#breadcrumb"},"inLanguage":"lt-LT","potentialAction":[{"@type":"ReadAction","target":["https:\/\/jackpotlotteryonline.com\/lt\/kaip-zaisti\/la-primitiva-2\/"]}]},{"@type":"ImageObject","inLanguage":"lt-LT","@id":"https:\/\/jackpotlotteryonline.com\/lt\/kaip-zaisti\/la-primitiva-2\/#primaryimage","url":"http:\/\/jackpotlotteryonline.com\/wp-content\/uploads\/2022\/11\/1_lotto_jackpot_online-257x300.jpg","contentUrl":"http:\/\/jackpotlotteryonline.com\/wp-content\/uploads\/2022\/11\/1_lotto_jackpot_online-257x300.jpg"},{"@type":"BreadcrumbList","@id":"https:\/\/jackpotlotteryonline.com\/lt\/kaip-zaisti\/la-primitiva-2\/#breadcrumb","itemListElement":[{"@type":"ListItem","position":1,"name":"Home","item":"https:\/\/jackpotlotteryonline.com\/lt\/"},{"@type":"ListItem","position":2,"name":"Kaip \u017eaisti","item":"https:\/\/jackpotlotteryonline.com\/lt\/kaip-zaisti\/"},{"@type":"ListItem","position":3,"name":"\u017daisti La Primitiva internete"}]},{"@type":"WebSite","@id":"https:\/\/jackpotlotteryonline.com\/#website","url":"https:\/\/jackpotlotteryonline.com\/","name":"Lotto Online - Crack The International Lottery Jackpots","description":"","potentialAction":[{"@type":"SearchAction","target":{"@type":"EntryPoint","urlTemplate":"https:\/\/jackpotlotteryonline.com\/?s={search_term_string}"},"query-input":"required name=search_term_string"}],"inLanguage":"lt-LT"}]}},"_links":{"self":[{"href":"https:\/\/jackpotlotteryonline.com\/lt\/wp-json\/wp\/v2\/pages\/39240","targetHints":{"allow":["GET"]}}],"collection":[{"href":"https:\/\/jackpotlotteryonline.com\/lt\/wp-json\/wp\/v2\/pages"}],"about":[{"href":"https:\/\/jackpotlotteryonline.com\/lt\/wp-json\/wp\/v2\/types\/page"}],"author":[{"embeddable":true,"href":"https:\/\/jackpotlotteryonline.com\/lt\/wp-json\/wp\/v2\/users\/1"}],"replies":[{"embeddable":true,"href":"https:\/\/jackpotlotteryonline.com\/lt\/wp-json\/wp\/v2\/comments?post=39240"}],"version-history":[{"count":0,"href":"https:\/\/jackpotlotteryonline.com\/lt\/wp-json\/wp\/v2\/pages\/39240\/revisions"}],"up":[{"embeddable":true,"href":"https:\/\/jackpotlotteryonline.com\/lt\/wp-json\/wp\/v2\/pages\/35707"}],"wp:attachment":[{"href":"https:\/\/jackpotlotteryonline.com\/lt\/wp-json\/wp\/v2\/media?parent=39240"}],"curies":[{"name":"wp","href":"https:\/\/api.w.org\/{rel}","templated":true}]}}