{"id":39321,"date":"2022-11-23T11:01:45","date_gmt":"2022-11-23T11:01:45","guid":{"rendered":"https:\/\/jackpotlotteryonline.com\/?page_id=39321"},"modified":"2023-01-03T09:53:35","modified_gmt":"2023-01-03T09:53:35","slug":"lotto-america-2","status":"publish","type":"page","link":"https:\/\/jackpotlotteryonline.com\/lt\/kaip-zaisti\/lotto-america-2\/","title":{"rendered":"\u017daisti Lotto America internete"},"content":{"rendered":"<p>Norite su\u017einoti, kaip statyti Lotto America i\u0161 bet kurios pasaulio vietos? JAV yra vienos did\u017eiausi\u0173 loterij\u0173 pasaulyje, pavyzd\u017eiui, Lotto America. \u012edomu tai, kad \u0161i loterija taip pat yra da\u017enai nepastebima d\u0117l daug didesni\u0173 jos giminai\u010di\u0173 &#8211; &#8220;Powerball&#8221; ir &#8220;Mega Millions&#8221;. Ta\u010diau yra patyrusi\u0173 lo\u0161\u0117j\u0173, kurie \u017eino, koks ne\u012ftik\u0117tinas yra \u0161is aukso puodas, be to, tikimyb\u0117 laim\u0117ti \u0161\u012f aukso puod\u0105 yra daug ma\u017eesn\u0117 nei, pavyzd\u017eiui, JAV &#8220;Powerball&#8221;. Taigi, jei ie\u0161kote JAV loterijos, kuri suteikia daugiau galimybi\u0173 laim\u0117ti pagrindin\u012f priz\u0105 nei kitos loterijos, tur\u0117tum\u0117te patikrinti &#8220;Lotto America&#8221;.<\/p>\n<p>Tiesa, &#8220;Lotto America&#8221; yra JAV \u012fsteigta loterija, tod\u0117l bilietai parduodami JAV. Ta\u010diau lo\u0161\u0117jai gali nusipirkti \u0161ios loterijos bilietus naudodamiesi tokia svetaine kaip jackpotlotlotteryonline.com. Pasidalinsime kai kuria informacija apie tai, taip pat pasistengsime atsakyti \u012f da\u017enai u\u017eduodamus klausimus apie Lotto America.<\/p>\n<p>Skaitykite toliau, kad su\u017einotum\u0117te apie &#8220;Lotto America&#8221; ir kaip pereiti biliet\u0173 pirkimo ir laim\u0117jim\u0173 atsi\u0117mimo proces\u0105.<\/p>\n<section class=\"layout\" style=\"border: solid 1px; width: 100%;\">\n<div class=\"img-div\" style=\"margin-top: 5px;\"><img decoding=\"async\" class=\"wp-image-17212 alignleft\" style=\"height: 45px; margin: 8px 8px 0px;\" src=\"https:\/\/jackpotlotteryonline.com\/wp-content\/uploads\/2022\/11\/read1.jpg\" alt=\"Skaityti \" width=\"\" height=\"\" \/><\/div>\n<div style=\"padding-left: 5px;\">\n<div style=\"font-size: 1.1em;\">\n<p><strong>Rinkit\u0117s laimin\u010dius loterijos numerius rankiniu b\u016bdu arba naudodami RNG<\/strong><\/p>\n<p style=\"font-size: 0.85em; margin-top: -1.5em;\">Kaip sugeneruoti laimin\u010dius loterijos numerius? <a href=\"https:\/\/jackpotlotteryonline.com\/lt\/kaip-generuoti-laimincius-lotto-numerius\">skaityti daugiau<\/a><\/p>\n<\/div>\n<\/div>\n<\/section>\n<h2>\u0160iek tiek apie &#8220;Lotto America<\/h2>\n<p><img loading=\"lazy\" decoding=\"async\" class=\"alignright size-full wp-image-29534\" src=\"https:\/\/jackpotlotteryonline.com\/wp-content\/uploads\/2022\/11\/1_results_lottery_online5.jpg\" alt=\"\u017daiskite Lotto America internetu \" width=\"300\" height=\"200\" \/><\/p>\n<p>Palyginti su kitomis loterijomis visame pasaulyje, &#8220;Lotto America&#8221; yra palyginti nauja. Ji buvo \u012fsteigta 2017 m. ir veikia tik 5 metus bei buvo sukurta vietoj &#8220;Hot Lotto&#8221;, kuri buvo apipinta daugybe skandal\u0173. Nevarginsime j\u016bs\u0173 detal\u0117mis, u\u017etenka \u017einoti, kad per 5 veiklos metus &#8220;Lotto America&#8221; buvo be skandal\u0173.<\/p>\n<p>Lotto America yra keli\u0173 valstij\u0173 loterija, t. y. j\u0105 si\u016blo kelios Amerikos valstijos. \u0160i\u0173 valstij\u0173 gyventojai gali lengvai nusipirkti &#8220;Lotto America&#8221; bilietus u\u017esuk\u0119 \u012f bet kuri\u0105 valstijoje esan\u010di\u0105 loterijos parduotuv\u0119. Ta\u010diau kas nutinka, kai gyvenate ne JAV?<\/p>\n<p>Lo\u0161\u0117jams, gyvenantiems ne JAV ir norintiems dalyvauti &#8220;Lotto America&#8221;, yra paprastas sprendimas. Internetas suteik\u0117 galimyb\u0119 \u017eaid\u0117jams visame pasaulyje dalyvauti geriausiose tarptautin\u0117se loterijose atliekant statymus per internetin\u012f loterij\u0173 pardav\u0117j\u0105. Toliau dalijam\u0117s patarimais, kaip \u017eaisti &#8220;Lotto America&#8221; internetu.<\/p>\n<h2>\u017daisti &#8220;Lotto America&#8221; internete<\/h2>\n<p>Pirmasis \u017eingsnis \u017eaid\u017eiant &#8220;Lotto America&#8221; internetu &#8211; susirasti svetain\u0119, kurioje gal\u0117site <a href=\"https:\/\/jackpotlotteryonline.com\/lt\/pirkti-bilietus\/lotto-america\">nusipirkti bilietus<\/a>. Tai atrodo \u0161iek tiek akivaizdu, ta\u010diau po minut\u0117s pamatysite, kad tai n\u0117ra taip paprasta, kaip atrodo.<\/p>\n<p>Tiesa ta, kad yra keletas svetaini\u0173, kurios teigia, kad si\u016blo \u017eaid\u0117jams galimyb\u0119 patekti \u012f Lotto America. Ta\u010diau jos si\u016blo tik galimybes la\u017eintis d\u0117l Lotto rezultat\u0173. Jei toje svetain\u0117je \u012fsigysite bilietus, i\u0161 tikr\u0173j\u0173 \u012f &#8220;Lotto America&#8221; nepateksite ir net jei atitiksite visus i\u0161trauktus skai\u010dius, pagrindinio prizo nelaim\u0117site. Taigi labai svarbu pasirinkti svetain\u0119, kuria naudojat\u0117s.<\/p>\n<p><strong>Pasirink\u0119 svetain\u0119, atlikite toliau nurodytus veiksmus:<\/strong><\/p>\n<ol>\n<li>Apsilankykite norimoje svetain\u0117je ir spustel\u0117kite Lotto America<\/li>\n<li>Pasirinkite 5 skai\u010dius i\u0161 1-52 (jei ne\u017einote, kokius skai\u010dius naudoti, i\u0161bandykite automatin\u012f skai\u010di\u0173 generatori\u0173).<\/li>\n<li>Tada pasirinkite papildom\u0105 skai\u010di\u0173 (\u017evaig\u017ed\u017ei\u0173 kamuoliuk\u0105) nuo 1 iki 10<\/li>\n<li>\u012esigykite papildom\u0173 skai\u010di\u0173 eilu\u010di\u0173, kad tur\u0117tum\u0117te didesn\u0119 laim\u0117jimo tikimyb\u0119<\/li>\n<li><a href=\"https:\/\/jackpotlotteryonline.com\/lt\/laimeje-skaitmenys\/lotto-america\">Dalyvaukite traukimuose<\/a> (galite dalyvauti daugiau nei viename traukime)<\/li>\n<li>U\u017esiregistruokite ir sumok\u0117kite u\u017e savo \u012fra\u0161us.<\/li>\n<\/ol>\n<h2>Kas yra prenumeratos paslauga?<\/h2>\n<p>Jei naudojat\u0117s tokia svetaine kaip m\u016bs\u0173, yra vadinamoji prenumeratos paslauga, leid\u017eianti skland\u017eiai ir be streso atlikti statymus. Nors visi\u0161kai gerai b\u016bti vienkartiniu \u017eaid\u0117ju (jei to pageidaujate), dauguma lo\u0161\u0117j\u0173 \u017eaid\u017eia da\u017enai. Geriausias b\u016bdas laim\u0117ti &#8220;Lotto America&#8221; &#8211; reguliariai atlikti statymus, o tam ir skirta \u0161i paslauga.<\/p>\n<p>Galite nustatyti, kad b\u016bsimuose tira\u017euose b\u016btum\u0117te automati\u0161kai \u012ftraukti \u012f s\u0105ra\u0161\u0105. Kiekvien\u0105 savait\u0119 &#8220;Lotto America&#8221; turi 3 burt\u0173 traukimo dienas: Pirmadieniais, tre\u010diadieniais ir \u0161e\u0161tadieniais. B\u016bkime atviri, gali \u0161iek tiek varginti bandymas nepamir\u0161ti nusipirkti bilietus kiekvienam lo\u0161imui, bet tam mes ir esame \u010dia.<\/p>\n<p>Nustat\u0119 prenumeratos paslaug\u0105, galite atsipalaiduoti ir \u017einoti, kad jums nereik\u0117s praleisti n\u0117 vieno &#8220;Lotto America&#8221; traukimo.<\/p>\n<h2>Apie m\u016bs\u0173 konsjer\u017eo paslaugas<\/h2>\n<p>Min\u0117jome apie pavojus, kylan\u010dius naudojantis bet kuria interneto svetaine, kad gal\u0117tum\u0117te \u017eaisti &#8220;Lotto America&#8221;. Ta\u010diau kaip \u017einoti, kad \u017eaisdami m\u016bs\u0173 svetain\u0117je pateksite \u012f &#8220;Lotto America&#8221;? Na, tai paprasta. Si\u016blome paslaug\u0105, kuri pad\u0117s jums nusipirkti biliet\u0105 toje \u0161alyje, kurioje \u017eaid\u017eiama loterija. Taip pat palengviname j\u016bs\u0173 pretenzij\u0173 pateikim\u0105, kai laimite. I\u0161 esm\u0117s galite mus laikyti loterij\u0173 \u017eaid\u0117jams skirta konsjer\u017eo paslauga.<\/p>\n<p>Kai \u017eaid\u017eiate &#8220;Lotto America&#8221; m\u016bs\u0173 svetain\u0117je, vyksta \u0161tai kas. Kai pasirinksite savo numerius ir atliksite mok\u0117jim\u0105, m\u016bs\u0173 agentas JAV nupirks fizin\u012f biliet\u0105 su j\u016bs\u0173 numeriais. \u017dinoma, jis bus skirtas j\u016bs\u0173 pasirinktam tira\u017eui. Tada \u0161is bilietas bus nuskenuotas ir \u012fkeltas \u012f j\u016bs\u0173 paskyr\u0105.<\/p>\n<p>Tai visi\u0161kai legalus b\u016bdas \u017eaisti &#8220;Lotto America&#8221; i\u0161 bet kurios pasaulio vietos. Be to, taip u\u017etikrinama, kad tikrai dalyvausite pasirinktoje loterijoje.<\/p>\n<h2>Br\u0117\u017eini\u0173 tikrinimas<\/h2>\n<p><img loading=\"lazy\" decoding=\"async\" class=\"alignright size-full wp-image-30506\" src=\"https:\/\/jackpotlotteryonline.com\/wp-content\/uploads\/2022\/11\/3_screen_buy_lotto_tickets_online.jpg\" alt=\"Lotto America pie\u0161iniai\" width=\"300\" height=\"217\" \/><\/p>\n<p>&#8220;Lotto America&#8221; turi tris pie\u0161imo dienas per savait\u0119: pirmadien\u012f, tre\u010diadien\u012f ir \u0161e\u0161tadien\u012f. Traukim\u0173 metu skelbiamas laimingasis bilietas. Kad laim\u0117tum\u0117te pagrindin\u012f priz\u0105, j\u016bs\u0173 bilietas turi atitikti \u0161e\u0161is i\u0161trauktus skai\u010dius. &#8220;Lotto America&#8221; pagrindinio prizo dydis prasideda nuo 2 milijon\u0173 JAV doleri\u0173 ir gali b\u016bti prat\u0119siamas, jei po vieno i\u0161 tira\u017e\u0173 n\u0117ra laim\u0117tojo.<\/p>\n<p>Kadangi jis persikelia po kiekvieno tira\u017eo (jei n\u0117ra laim\u0117tojo), gali siekti net 18 milijon\u0173 JAV doleri\u0173. Tai solidi suma, kuri\u0105 galima laim\u0117ti, tiesa?<\/p>\n<p>Po kiekvieno traukimo galite gr\u012f\u017eti \u012f m\u016bs\u0173 svetain\u0119 ir su\u017einoti, ar laim\u0117jote priz\u0105. Lotto America turi 9 skirtingas priz\u0173 kategorijas, o jei laim\u0117site kur\u012f nors priz\u0105, atsi\u0173sime jums \u012fsp\u0117jam\u0105j\u012f el. lai\u0161k\u0105.<\/p>\n<h2>Kaip pareikalauti laim\u0117jimo<\/h2>\n<p>Vienas i\u0161 klausim\u0173, kur\u012f da\u017enai girdime i\u0161 lo\u0161\u0117j\u0173, yra kaip gauti savo laim\u0117jimus, kai jie dalyvauja &#8220;Lotto America&#8221; internete. Jei &#8220;Lotto America&#8221; bilietus perkate per m\u016bs\u0173 svetain\u0119, si\u016blome paprast\u0105 ir nesud\u0117ting\u0105 b\u016bd\u0105, kaip atsiimti laim\u0117jimus. Laim\u0117jimai, kuri\u0173 suma yra 2500 eur\u0173, bus \u012fskaityti \u012f j\u016bs\u0173 s\u0105skait\u0105, o tada gal\u0117site juos atsiimti be joki\u0173 papildom\u0173 i\u0161laid\u0173.<\/p>\n<p>Jei laim\u0117jote didesn\u0119 sum\u0105, proced\u016bra \u0161iek tiek kitokia. Pateiksime jums u\u017epildyti pretenzijos form\u0105, o kai tai padarysite, pretenzij\u0105 apdorosime u\u017e jus. Taip yra tod\u0117l, kad tur\u0117site nurodyti savo tapatyb\u0119. Be to, kai kurioms loterij\u0173 bendrov\u0117ms gali prireikti, kad atsiimdami didesnes sumas atvyktum\u0117te asmeni\u0161kai. Jei taip nutiks, mes nedelsdami jums apie tai prane\u0161ime.<\/p>\n<h2>Pirkite bilietus \u012f Lotto America su mumis<\/h2>\n<p>Daugel\u012f met\u0173 naudojome \u0161iuolaikines technologijas ir i\u0161gaudavome didel\u0119 patirt\u012f, kad gal\u0117tume pasi\u016blyti viet\u0105, kurioje lo\u0161\u0117jai gali saugiai \u012fsigyti biliet\u0173. M\u016bs\u0173 svetain\u0117je galite lengvai nusipirkti &#8220;Lotto America&#8221; ar bet kurios kitos tarptautin\u0117s loterijos bilietus.<\/p>\n<p>Kod\u0117l gi nepirkti bilieto i\u0161 m\u016bs\u0173 \u0161iandien, \u012fvedus Lotto America? Mes pasir\u016bpinsime visomis detal\u0117mis, kad gal\u0117tum\u0117te u\u017esiimti tuo, kas jums labiausiai patinka. Apsilankykite jackpotlotlotteryonline.com ir gaukite daugiau informacijos.<\/p>\n","protected":false},"excerpt":{"rendered":"<p>Norite su\u017einoti, kaip statyti Lotto America i\u0161 bet kurios pasaulio vietos? JAV yra vienos did\u017eiausi\u0173 loterij\u0173 pasaulyje, pavyzd\u017eiui, Lotto America. \u012edomu tai, kad \u0161i loterija taip pat yra da\u017enai nepastebima d\u0117l daug didesni\u0173 jos giminai\u010di\u0173 &#8211; &#8220;Powerball&#8221; ir &#8220;Mega Millions&#8221;. Ta\u010diau yra patyrusi\u0173 lo\u0161\u0117j\u0173, kurie \u017eino, koks ne\u012ftik\u0117tinas yra \u0161is aukso puodas, be to, tikimyb\u0117 [&hellip;]<\/p>\n","protected":false},"author":1,"featured_media":0,"parent":35707,"menu_order":13,"comment_status":"closed","ping_status":"closed","template":"lotto-america.php","meta":{"_et_pb_use_builder":"","_et_pb_old_content":"","_et_gb_content_width":"","exclude_from_search":false,"footnotes":""},"class_list":["post-39321","page","type-page","status-publish","hentry"],"yoast_head":"<!-- This site is optimized with the Yoast SEO plugin v23.3 - https:\/\/yoast.com\/wordpress\/plugins\/seo\/ -->\n<title>\u017daisti Lotto America internete - Lotto Online - Crack The International Lottery Jackpots<\/title>\n<meta name=\"robots\" content=\"index, follow, max-snippet:-1, max-image-preview:large, max-video-preview:-1\" \/>\n<link rel=\"canonical\" href=\"https:\/\/jackpotlotteryonline.com\/lt\/kaip-zaisti\/lotto-america-2\/\" \/>\n<meta property=\"og:locale\" content=\"lt_LT\" \/>\n<meta property=\"og:type\" content=\"article\" \/>\n<meta property=\"og:title\" content=\"\u017daisti Lotto America internete - Lotto Online - Crack The International Lottery Jackpots\" \/>\n<meta property=\"og:description\" content=\"Norite su\u017einoti, kaip statyti Lotto America i\u0161 bet kurios pasaulio vietos? JAV yra vienos did\u017eiausi\u0173 loterij\u0173 pasaulyje, pavyzd\u017eiui, Lotto America. \u012edomu tai, kad \u0161i loterija taip pat yra da\u017enai nepastebima d\u0117l daug didesni\u0173 jos giminai\u010di\u0173 &#8211; &#8220;Powerball&#8221; ir &#8220;Mega Millions&#8221;. Ta\u010diau yra patyrusi\u0173 lo\u0161\u0117j\u0173, kurie \u017eino, koks ne\u012ftik\u0117tinas yra \u0161is aukso puodas, be to, tikimyb\u0117 [&hellip;]\" \/>\n<meta property=\"og:url\" content=\"https:\/\/jackpotlotteryonline.com\/lt\/kaip-zaisti\/lotto-america-2\/\" \/>\n<meta property=\"og:site_name\" content=\"Lotto Online - Crack The International Lottery Jackpots\" \/>\n<meta property=\"article:modified_time\" content=\"2023-01-03T09:53:35+00:00\" \/>\n<meta property=\"og:image\" content=\"https:\/\/jackpotlotteryonline.com\/wp-content\/uploads\/2022\/11\/read1.jpg\" \/>\n<meta name=\"twitter:card\" content=\"summary_large_image\" \/>\n<meta name=\"twitter:label1\" content=\"Est. reading time\" \/>\n\t<meta name=\"twitter:data1\" content=\"5 minut\u0117s\" \/>\n<!-- \/ Yoast SEO plugin. -->","yoast_head_json":{"title":"\u017daisti Lotto America internete - Lotto Online - Crack The International Lottery Jackpots","robots":{"index":"index","follow":"follow","max-snippet":"max-snippet:-1","max-image-preview":"max-image-preview:large","max-video-preview":"max-video-preview:-1"},"canonical":"https:\/\/jackpotlotteryonline.com\/lt\/kaip-zaisti\/lotto-america-2\/","og_locale":"lt_LT","og_type":"article","og_title":"\u017daisti Lotto America internete - Lotto Online - Crack The International Lottery Jackpots","og_description":"Norite su\u017einoti, kaip statyti Lotto America i\u0161 bet kurios pasaulio vietos? JAV yra vienos did\u017eiausi\u0173 loterij\u0173 pasaulyje, pavyzd\u017eiui, Lotto America. \u012edomu tai, kad \u0161i loterija taip pat yra da\u017enai nepastebima d\u0117l daug didesni\u0173 jos giminai\u010di\u0173 &#8211; &#8220;Powerball&#8221; ir &#8220;Mega Millions&#8221;. Ta\u010diau yra patyrusi\u0173 lo\u0161\u0117j\u0173, kurie \u017eino, koks ne\u012ftik\u0117tinas yra \u0161is aukso puodas, be to, tikimyb\u0117 [&hellip;]","og_url":"https:\/\/jackpotlotteryonline.com\/lt\/kaip-zaisti\/lotto-america-2\/","og_site_name":"Lotto Online - Crack The International Lottery Jackpots","article_modified_time":"2023-01-03T09:53:35+00:00","og_image":[{"url":"https:\/\/jackpotlotteryonline.com\/wp-content\/uploads\/2022\/11\/read1.jpg"}],"twitter_card":"summary_large_image","twitter_misc":{"Est. reading time":"5 minut\u0117s"},"schema":{"@context":"https:\/\/schema.org","@graph":[{"@type":"WebPage","@id":"https:\/\/jackpotlotteryonline.com\/lt\/kaip-zaisti\/lotto-america-2\/","url":"https:\/\/jackpotlotteryonline.com\/lt\/kaip-zaisti\/lotto-america-2\/","name":"\u017daisti Lotto America internete - Lotto Online - Crack The International Lottery Jackpots","isPartOf":{"@id":"https:\/\/jackpotlotteryonline.com\/#website"},"primaryImageOfPage":{"@id":"https:\/\/jackpotlotteryonline.com\/lt\/kaip-zaisti\/lotto-america-2\/#primaryimage"},"image":{"@id":"https:\/\/jackpotlotteryonline.com\/lt\/kaip-zaisti\/lotto-america-2\/#primaryimage"},"thumbnailUrl":"https:\/\/jackpotlotteryonline.com\/wp-content\/uploads\/2022\/11\/read1.jpg","datePublished":"2022-11-23T11:01:45+00:00","dateModified":"2023-01-03T09:53:35+00:00","breadcrumb":{"@id":"https:\/\/jackpotlotteryonline.com\/lt\/kaip-zaisti\/lotto-america-2\/#breadcrumb"},"inLanguage":"lt-LT","potentialAction":[{"@type":"ReadAction","target":["https:\/\/jackpotlotteryonline.com\/lt\/kaip-zaisti\/lotto-america-2\/"]}]},{"@type":"ImageObject","inLanguage":"lt-LT","@id":"https:\/\/jackpotlotteryonline.com\/lt\/kaip-zaisti\/lotto-america-2\/#primaryimage","url":"https:\/\/jackpotlotteryonline.com\/wp-content\/uploads\/2022\/11\/read1.jpg","contentUrl":"https:\/\/jackpotlotteryonline.com\/wp-content\/uploads\/2022\/11\/read1.jpg"},{"@type":"BreadcrumbList","@id":"https:\/\/jackpotlotteryonline.com\/lt\/kaip-zaisti\/lotto-america-2\/#breadcrumb","itemListElement":[{"@type":"ListItem","position":1,"name":"Home","item":"https:\/\/jackpotlotteryonline.com\/lt\/"},{"@type":"ListItem","position":2,"name":"Kaip \u017eaisti","item":"https:\/\/jackpotlotteryonline.com\/lt\/kaip-zaisti\/"},{"@type":"ListItem","position":3,"name":"\u017daisti Lotto America internete"}]},{"@type":"WebSite","@id":"https:\/\/jackpotlotteryonline.com\/#website","url":"https:\/\/jackpotlotteryonline.com\/","name":"Lotto Online - Crack The International Lottery Jackpots","description":"","potentialAction":[{"@type":"SearchAction","target":{"@type":"EntryPoint","urlTemplate":"https:\/\/jackpotlotteryonline.com\/?s={search_term_string}"},"query-input":"required name=search_term_string"}],"inLanguage":"lt-LT"}]}},"_links":{"self":[{"href":"https:\/\/jackpotlotteryonline.com\/lt\/wp-json\/wp\/v2\/pages\/39321","targetHints":{"allow":["GET"]}}],"collection":[{"href":"https:\/\/jackpotlotteryonline.com\/lt\/wp-json\/wp\/v2\/pages"}],"about":[{"href":"https:\/\/jackpotlotteryonline.com\/lt\/wp-json\/wp\/v2\/types\/page"}],"author":[{"embeddable":true,"href":"https:\/\/jackpotlotteryonline.com\/lt\/wp-json\/wp\/v2\/users\/1"}],"replies":[{"embeddable":true,"href":"https:\/\/jackpotlotteryonline.com\/lt\/wp-json\/wp\/v2\/comments?post=39321"}],"version-history":[{"count":0,"href":"https:\/\/jackpotlotteryonline.com\/lt\/wp-json\/wp\/v2\/pages\/39321\/revisions"}],"up":[{"embeddable":true,"href":"https:\/\/jackpotlotteryonline.com\/lt\/wp-json\/wp\/v2\/pages\/35707"}],"wp:attachment":[{"href":"https:\/\/jackpotlotteryonline.com\/lt\/wp-json\/wp\/v2\/media?parent=39321"}],"curies":[{"name":"wp","href":"https:\/\/api.w.org\/{rel}","templated":true}]}}