{"id":39491,"date":"2022-11-24T11:44:51","date_gmt":"2022-11-24T11:44:51","guid":{"rendered":"https:\/\/jackpotlotteryonline.com\/?page_id=39491"},"modified":"2023-01-03T17:43:47","modified_gmt":"2023-01-03T17:43:47","slug":"mega-sena-2","status":"publish","type":"page","link":"https:\/\/jackpotlotteryonline.com\/lt\/kaip-zaisti\/mega-sena-2\/","title":{"rendered":"\u017daisti Mega-Sena loterijos internete"},"content":{"rendered":"<p>Norite nusipirkti loterijos &#8220;Mega-Sena&#8221; bilietus i\u0161 bet kurios pasaulio vietos? Mega-Sena yra did\u017eiausia Brazilijos loterija, veikianti nuo 1996 met\u0173. Milijonai loterijos gerb\u0117j\u0173 Brazilijoje skuba pirkti &#8220;Mega-Sena&#8221; bilietus prie\u0161 kiekvien\u0105 tira\u017e\u0105, o dabar \u017eaid\u0117jai visame pasaulyje taip pat gali dalyvauti loterijoje ir laim\u0117ti milijonus real\u0173.<\/p>\n<p>Galb\u016bt viena i\u0161 prie\u017eas\u010di\u0173, kod\u0117l &#8220;Mega-Sena&#8221; tokia populiari, yra ta, kad j\u0105 valdo bankas, kuris yra did\u017eiausias Brazilijos vyriausybei priklausantis bankas. Turb\u016bt yra ka\u017ekas paguod\u017eian\u010dio ir patikimo perkant loterijos, priklausan\u010dios bankui, bilietus.<\/p>\n<p>Tiems, kurie gyvena ne Brazilijoje, dalyvavimas loterijoje &#8220;Mega-Sena&#8221; neb\u0117ra nepasiekiamas tro\u0161kimas. Nesvarbu, kur gyvenate, galite patekti \u012f &#8220;Mega-Sena&#8221;, \u017einoma, jei esate sulauk\u0119 nustatyto am\u017eiaus. Jei norite su\u017einoti, kaip galite gauti prieig\u0105 prie Brazilijos loterijos biliet\u0173, skaitykite toliau.<\/p>\n<p>Mega-Sena n\u0117ra vienintelis loto \u017eaidimas, kur\u012f galite \u017eaisti i\u0161 bet kurios vietos. Apsilankykite pas mus adresu jackpotlotlotteryonline.com ir su\u017einokite daugiau apie geriausias tarptautines loterijas, prie kuri\u0173 galite gauti prieig\u0105.<\/p>\n<h2>Kaip \u017eaisti &#8220;Mega-Sena&#8221; internete<\/h2>\n<p>Nesvarbu, ar esate Brazilijoje, ar u\u017e \u017eemyno rib\u0173, galite \u017eaisti &#8220;Mega-Sena&#8221;. Tai padaryti galite <a href=\"https:\/\/jackpotlotteryonline.com\/lt\/pirkti-bilietus\/mega-sena\">\u012fsigij\u0119 bilietus internetu<\/a> per mus. Suteikiame naudotojams prieig\u0105 prie loterij\u0173 i\u0161 viso pasaulio, \u012fskaitant &#8220;Mega-Sena&#8221;. Jei naudojat\u0117s m\u016bs\u0173 svetaine nor\u0117dami \u017eaisti &#8220;Mega-Sena&#8221;, mes si\u016blome paprast\u0105 proces\u0105, kad jums nereik\u0117t\u0173 patirti streso.<\/p>\n<p>Pirmasis \u017eingsnis &#8211; apsilankykite m\u016bs\u0173 svetain\u0117je, tada spustel\u0117kite nuorod\u0105 \u012f loterij\u0105 &#8220;Mega-Sena&#8221;. Tada turite pasirinkti 6 skai\u010dius i\u0161 intervalo nuo 1 iki 60. Kiekvienam tira\u017eui galite pasirinkti iki 6 skai\u010di\u0173 rinkini\u0173, kad padidintum\u0117te savo galimybes laim\u0117ti pagrindin\u012f priz\u0105. Pasirink\u0119 skai\u010dius, pasirinkite traukimo dienas ir u\u017ebaigkite proces\u0105.<\/p>\n<p>\u017daisdami internetu, b\u016btinai naudokit\u0117s paslauga, suteikian\u010dia prieig\u0105 prie &#8220;Mega-Sena&#8221;. Matote, daug svetaini\u0173 tai \u017eada, ta\u010diau perskait\u0119 smulkiu \u0161riftu para\u0161yt\u0105 tekst\u0105, pamatysite, kad jos leid\u017eia atlikti statymus tik u\u017e loto rezultatus. Jei &#8220;Mega-Sena&#8221; bilietus pirksite m\u016bs\u0173 svetain\u0117je, mes u\u017etikrinsime, kad b\u016bsite \u012ftraukti \u012f &#8220;Mega-Sena&#8221; ir, jei j\u016bs\u0173 bilietas atitiks i\u0161trauktus skai\u010dius, laim\u0117site.<\/p>\n<h2>Kaip laim\u0117ti &#8220;Mega-Sena<\/h2>\n<p><img loading=\"lazy\" decoding=\"async\" class=\"size-medium wp-image-28319 alignright\" src=\"https:\/\/jackpotlotteryonline.com\/wp-content\/uploads\/2022\/11\/1_mega_lottery_jackpot-300x207.jpg\" alt=\"laim\u0117ti Mega-Sena loterij\u0105 \" width=\"300\" height=\"207\" srcset=\"https:\/\/jackpotlotteryonline.com\/wp-content\/uploads\/2022\/11\/1_mega_lottery_jackpot-300x207.jpg 300w, https:\/\/jackpotlotteryonline.com\/wp-content\/uploads\/2022\/11\/1_mega_lottery_jackpot.jpg 320w\" sizes=\"auto, (max-width: 300px) 100vw, 300px\" \/><\/p>\n<p>Krit\u0119 pinigai. Krintantys \u017eali banknotai, izoliuoti ant baltos spalvos, plok\u0161\u010dias pinig\u0173 konfeti, loterijos laim\u0117jimo koncepcija. Vektorin\u0117s iliustracijos banerio u\u017edirbti pinigus fonas<\/p>\n<p><a href=\"https:\/\/jackpotlotteryonline.com\/lt\/laimeje-skaitmenys\/mega-sena\">Laim\u0117ti &#8220;Mega-Sena&#8221; rei\u0161kia<\/a>, kad sutapsite su i\u0161trauktais skai\u010diais. I\u0161 esm\u0117s atsitiktine tvarka traukiami 6 skai\u010diai i\u0161 60 galim\u0173. Bet kuris bilietas, atitinkantis 6 i\u0161trauktus skai\u010dius, laimi pagrindin\u012f priz\u0105.<\/p>\n<p>&#8220;Mega-Sena&#8221; burtai traukiami du kartus per savait\u0119 &#8211; tre\u010diadieniais ir \u0161e\u0161tadieniais. Pirkdami &#8220;Mega-Sena&#8221; bilietus galite pasirinkti, kuriame lo\u0161ime dalyvauti. Taip pat galite dalyvauti keliuose tira\u017euose. Taip elgiasi geriausi \u017eaid\u0117jai, kad tur\u0117t\u0173 kuo daugiau galimybi\u0173 laim\u0117ti pagrindin\u012f priz\u0105.<\/p>\n<p>Dar vienas m\u016bs\u0173 svetain\u0117s privalumas yra tas, kad galite lengvai nustatyti automatin\u0119 prenumeratos paslaug\u0105 &#8220;Mega-Sena&#8221; bilietams pirkti. Tai rei\u0161kia, kad jums nereik\u0117s rankiniu b\u016bdu dalyvauti kiekviename tira\u017ee. Tokius dalykus lengva pamir\u0161ti ir pagalvoti, kaip baisiai jaustum\u0117t\u0117s, jei b\u016btent tame tira\u017ee, \u012f kur\u012f ne\u012fsiregistravote, b\u016btum\u0117te gal\u0117j\u0119s laim\u0117ti. Nustatykite taip, kad \u012f kiekvien\u0105 traukim\u0105 b\u016btum\u0117te automati\u0161kai \u012fvesti.<\/p>\n<h2>&#8220;Mega-Sena&#8221; aukso puodas<\/h2>\n<p>Pagrindinis prizas prasideda nuo 3 milijon\u0173 R$, o jei po kurio nors tira\u017eo laim\u0117tojo n\u0117ra, jis did\u0117ja. Jis gali b\u016bti gana didelis. Tikimyb\u0117 laim\u0117ti pagrindin\u012f priz\u0105 yra 1 i\u0161 50 milijon\u0173, o tai tikrai gera, palyginti su kitomis geriausiomis tarptautin\u0117mis loterijomis.<\/p>\n<p>Did\u017eiausias jackpotas, kur\u012f kas nors yra laim\u0117j\u0119s i\u0161 &#8220;Mega-Sena&#8221;, buvo apie 53 mln. eur\u0173. Tai bet kokiu atveju gyvenim\u0105 kei\u010dianti suma. O did\u017eiausias kada nors laim\u0117tas &#8220;Mega-Sena&#8221; aukso puodas buvo net 73 mln. eur\u0173.<\/p>\n<p>Nors &#8220;Mega-Sena&#8221; aukso puodas nesiekia milijard\u0173 doleri\u0173, neabejojama, kad \u017eaid\u0117jas \u0161ioje loterijoje gali laim\u0117ti daug. Jei iki \u0161iol s\u0117d\u0117jote ant tvoros d\u0117l \u0161ios loterijos, dabar pats metas suskubti ir nusipirkti biliet\u0105.<\/p>\n<h2>Prizai, kuriuos galite laim\u0117ti<\/h2>\n<p>I\u0161samiai kalb\u0117jome apie &#8220;Mega Sena&#8221; pagrindin\u012f priz\u0105, kur\u012f gali laim\u0117ti bet kuris \u017eaid\u0117jas, dalyvaujantis \u0161iame loterijos \u017eaidime. Ta\u010diau pagrindinis prizas n\u0117ra vienintelis prizas, kur\u012f gali laim\u0117ti &#8220;Mega-Sena&#8221; gerb\u0117jai.<\/p>\n<p>I\u0161 viso &#8220;Mega-Sena&#8221; turi 3 priz\u0173 pakopas, \u012fskaitant pagrindin\u012f priz\u0105. Ta\u010diau tiksliai pasakyti, kokio dyd\u017eio bus prizai, \u0161iek tiek sunku, nes kiekvienai pakopai skiriama tam tikra prizinio fondo dalis. Apie priz\u0173 pakopas su\u017einosite toliau.<\/p>\n<p>Pagrindinis prizas &#8211; Sena: Sena: 6 skai\u010di\u0173 atitikimas &#8211; 35 % prizinio fondo.<\/p>\n<p>2 pakopa &#8211; Quina: 5 skai\u010di\u0173 atitikimas &#8211; 19 % prizinio fondo.<\/p>\n<p>3 pakopa &#8211; Quadra: 4 skai\u010di\u0173 atitikimas &#8211; 19 % prizinio fondo.<\/p>\n<h2>Mega da virada<\/h2>\n<p>Kas yra mega da virada? Jei kada nors nor\u0117jote \u017eaisti &#8220;Mega-Sena&#8221;, tur\u0117jote susidurti su mega da virada. Ar tai dar vienas \u017eaidimas, ar priz\u0173 kategorija? Na, tai n\u0117ra nei viena, nei kita. Vietoj to, tai yra loterijos &#8220;Mega Sena&#8221; dalis, ta\u010diau tai yra specialus burt\u0173 traukimas, kuris vyksta kiekvienais metais Nauj\u0173j\u0173 met\u0173 i\u0161vakar\u0117se.<\/p>\n<p>Mega da virada yra vienas i\u0161 t\u0173, kurie visur traukia patyrusius lo\u0161\u0117jus, nes paprastai b\u016bna didelis pagrindinis prizas. 2022 m. pagrindinis prizas yra 450 milijon\u0173 R$ ir sakoma, kad tai did\u017eiausias prizas per vis\u0105 &#8220;Mega Sena&#8221; istorij\u0105! Nenuostabu, kad loto entuziastai skuba pirkti \u0161io tira\u017eo \u012fra\u0161us.<\/p>\n<p>Dalyvauti &#8220;Mega da virada&#8221; galite \u010dia, m\u016bs\u0173 svetain\u0117je. Jums nereikia eiti per kilpas ir kilpas vien tam, kad patektum\u0117te \u012f &#8220;mega da virada&#8221;. I\u0161duosime jums paslapt\u012f: mega da virada i\u0161 tikr\u0173j\u0173 yra Mega Sena, ta\u010diau tai yra paskutinis \u0161i\u0173 met\u0173 lo\u0161imas. \u0160tai ir viskas. Taigi dalyvaukite gruod\u017eio 31 d. vyksian\u010diame &#8220;Mega Sena&#8221; burt\u0173 traukime ir tur\u0117kite galimyb\u0119 laim\u0117ti didel\u0119 sum\u0105.<\/p>\n<h2>Tiesa apie \u017eaidim\u0105 loterijoje &#8220;Mega-Sena&#8221; internetu<\/h2>\n<p><img loading=\"lazy\" decoding=\"async\" class=\"alignright size-medium wp-image-32000\" src=\"https:\/\/jackpotlotteryonline.com\/wp-content\/uploads\/2022\/11\/1_mega_lotto_ticket-213x300.jpg\" alt=\"Mega-Sena loterijos bilietas internetu\" width=\"213\" height=\"300\" srcset=\"https:\/\/jackpotlotteryonline.com\/wp-content\/uploads\/2022\/11\/1_mega_lotto_ticket-213x300.jpg 213w, https:\/\/jackpotlotteryonline.com\/wp-content\/uploads\/2022\/11\/1_mega_lotto_ticket.jpg 320w\" sizes=\"auto, (max-width: 213px) 100vw, 213px\" \/><\/p>\n<p>Gerai, nor\u0117tume skirti kelet\u0105 minu\u010di\u0173 ir pateikti jums kelet\u0105 patarim\u0173 apie \u017eaidim\u0105 &#8220;Mega-Sena&#8221; internetu. Prie\u0161 pirkdami &#8220;Mega-Sena&#8221; biliet\u0105, turite \u012fsitikinti, kad dalyvaujate loterijoje. Geriausia i\u0161siai\u0161kinti, ar svetain\u0117 veikia kaip agentas. Tai rei\u0161kia, kad jie turi agent\u0173 Brazilijoje, kurie nupirks fizinius &#8220;Mega-Sena&#8221; bilietus.<\/p>\n<p>Dar vienas dalykas, \u012f kur\u012f reikia atkreipti d\u0117mes\u012f, yra tai, kad \u0161is \u017eaidimas yra skai\u010di\u0173 \u017eaidimas. I\u0161 esm\u0117s viskas priklauso nuo to, kaip jums pasisek\u0117. Ta\u010diau yra keletas b\u016bd\u0173, kaip galite pad\u0117ti s\u0117kmei ir padidinti savo \u0161ansus laim\u0117ti. Vienas i\u0161 b\u016bd\u0173 &#8211; \u012fsigyti kelis \u012fra\u0161us.<\/p>\n<p>Mega-Sena turi tikrai gerus koeficientus lo\u0161\u0117jams, tod\u0117l kuo daugiau biliet\u0173 nusipirksite, tuo didesni j\u016bs\u0173 \u0161ansai laim\u0117ti loterijoje. Tas pats pasakytina ir apie dalyvavim\u0105 keliuose tira\u017euose. Visada geras \u017eaidimo planas &#8211; dalyvauti keliuose tira\u017euose.<\/p>\n<h2>Kod\u0117l tur\u0117tum\u0117te \u017eaisti loterij\u0105 su mumis<\/h2>\n<p>Yra keletas loterij\u0173 svetaini\u0173, kuriose si\u016bloma galimyb\u0117 \u017eaisti &#8220;Mega-Sena&#8221; loterij\u0105. Kod\u0117l vietoj to tur\u0117tum\u0117te rinktis mus?<\/p>\n<ul>\n<li>Esame konjunkt\u016brin\u0117 svetain\u0117, turinti loterij\u0173 agent\u0173 visame pasaulyje. Kai perkate &#8220;Mega-Sena&#8221; biliet\u0105 i\u0161 m\u016bs\u0173, m\u016bs\u0173 agentai Brazilijoje nupirks biliet\u0105 su j\u016bs\u0173 pasirinktais skai\u010diais. Taip u\u017etikrinama, kad dalyvausite &#8220;Mega-Sena&#8221; burt\u0173 traukime.<\/li>\n<li>Savo laim\u0117jimus (iki tam tikros sumos) galite atsiimti i\u0161 m\u016bs\u0173 svetain\u0117s. Nepriklausomai nuo to, kiek laim\u0117jote, mes neimame joki\u0173 komisini\u0173 mokes\u010di\u0173.<\/li>\n<li>Pirkdami bilietus m\u016bs\u0173 svetain\u0117je, neturite nerimauti, kad praleisite tira\u017eus. Loterij\u0173 rezultatus skelbiame savo svetain\u0117je, o jei laim\u0117site kok\u012f nors priz\u0105, atsi\u0173sime jums el. lai\u0161k\u0105.<\/li>\n<li>\u010cia esate saug\u016bs. Mes imam\u0117s papildom\u0173 priemoni\u0173, kad apsaugotume j\u016bs\u0173 bilietus, tod\u0117l jums niekada nereik\u0117s jaudintis d\u0117l bilieto praradimo.<\/li>\n<\/ul>\n<p>I\u0161 esm\u0117s loterijos biliet\u0173 pirkimas i\u0161 m\u016bs\u0173 rei\u0161kia, kad u\u017esitikrinate savo ramyb\u0119. Nenorime, kad jaudintum\u0117t\u0117s d\u0117l smulkmen\u0173, tod\u0117l leiskite mums tuo pasir\u016bpinti, o j\u016bs susitelkite \u012f tai, kas svarbiausia.<\/p>\n<section class=\"layout\" style=\"border: solid 1px; width: 100%;\">\n<div class=\"img-div\" style=\"margin-top: 5px;\"><img decoding=\"async\" class=\"wp-image-17212 alignleft\" style=\"height: 45px; margin: 8px 8px 0px;\" src=\"https:\/\/jackpotlotteryonline.com\/wp-content\/uploads\/2022\/11\/read1.jpg\" alt=\"Skaityti \" width=\"\" height=\"\" \/><\/div>\n<div style=\"padding-left: 5px;\">\n<div style=\"font-size: 1.1em;\">\n<p><strong>Loterij\u0173 laim\u0117jim\u0173 mokes\u010diai<\/strong><\/p>\n<p style=\"font-size: 0.85em; margin-top: -1.5em;\">Ar turiu mok\u0117ti mokes\u010dius u\u017e loterijos laim\u0117jim\u0105?\u00a0<a href=\"https:\/\/jackpotlotteryonline.com\/lt\/ar-turiu-moketi-mokescius-uz-loterijos-laimejimus\"> skaityti daugiau<\/a><\/p>\n<\/div>\n<\/div>\n<\/section>\n<h2>U\u017esiregistruokite pas mus ir \u017eaiskite &#8220;Mega-Sena&#8221; internetu<\/h2>\n<p>Ar esate pasireng\u0119 dalyvauti &#8220;Mega-Sena&#8221; loterijos \u017eaidime? Daugiau neie\u0161kokite, tiesiog u\u017esiregistruokite pas mus ir prad\u0117kite \u017eaisti. U\u017esiregistrav\u0119 gausite prieig\u0105 prie geriausi\u0173 tarptautini\u0173 loterij\u0173, \u012fskaitant &#8220;Mega-Sena&#8221;. Geriausia tai, kad \u017eaid\u017eiant su mumis j\u016bs\u0173 laim\u0117jimai yra saug\u016bs; laim\u0117t\u0105 sum\u0105 gal\u0117site atsiimti.<\/p>\n<p>D\u017eiaugiam\u0117s gal\u0117dami savo klientams pasi\u016blyti kelet\u0105 pasirinkim\u0173. Kam apsiriboti tik viena loterija, jei galite \u017eaisti daugiau nei dvi de\u0161imtis skirting\u0173 \u017eaidim\u0173? M\u016bs\u0173 svetain\u0117je rasite geriausius \u017eaidimus, tokius kaip &#8220;US Powerball&#8221;, &#8220;La Primitiva&#8221; ir &#8220;Eurojackpot&#8221;. Kiekviename m\u016bs\u0173 svetain\u0117je esan\u010diame \u017eaidime lengva dalyvauti.<\/p>\n<p>At\u0117jo laikas nustoti s\u0117d\u0117ti ant tvoros. Jei rimtai ketinate laim\u0117ti daug, u\u017esiregistruokite ir dalyvaukite &#8220;Mega-Sena&#8221; \u0161iandien. Kitas lo\u0161imas gali tapti laiminguoju laimikiu, kurio taip ilgai lauk\u0117te. Eikite \u012f m\u016bs\u0173 svetain\u0119 dabar ir rinkit\u0117s i\u0161 daugyb\u0117s loterij\u0173. Nepamir\u0161kite i\u0161 anksto suplanuoti &#8220;Mega da virada&#8221;.<\/p>\n","protected":false},"excerpt":{"rendered":"<p>Norite nusipirkti loterijos &#8220;Mega-Sena&#8221; bilietus i\u0161 bet kurios pasaulio vietos? Mega-Sena yra did\u017eiausia Brazilijos loterija, veikianti nuo 1996 met\u0173. Milijonai loterijos gerb\u0117j\u0173 Brazilijoje skuba pirkti &#8220;Mega-Sena&#8221; bilietus prie\u0161 kiekvien\u0105 tira\u017e\u0105, o dabar \u017eaid\u0117jai visame pasaulyje taip pat gali dalyvauti loterijoje ir laim\u0117ti milijonus real\u0173. Galb\u016bt viena i\u0161 prie\u017eas\u010di\u0173, kod\u0117l &#8220;Mega-Sena&#8221; tokia populiari, yra ta, kad [&hellip;]<\/p>\n","protected":false},"author":1,"featured_media":0,"parent":35707,"menu_order":15,"comment_status":"closed","ping_status":"closed","template":"megasena.php","meta":{"_et_pb_use_builder":"","_et_pb_old_content":"","_et_gb_content_width":"","exclude_from_search":false,"footnotes":""},"class_list":["post-39491","page","type-page","status-publish","hentry"],"yoast_head":"<!-- This site is optimized with the Yoast SEO plugin v23.3 - https:\/\/yoast.com\/wordpress\/plugins\/seo\/ -->\n<title>Pirkite &quot;Mega-Sena&quot; bilietus internetu<\/title>\n<meta name=\"description\" content=\"Loterijos &quot;Mega-Sena&quot; bilietus galite \u012fsigyti internetu. Su\u017einokite, kaip \u017eaisti ir i\u0161sigryninti laim\u0117jimus, \u010dia.\" \/>\n<meta name=\"robots\" content=\"index, follow, max-snippet:-1, max-image-preview:large, max-video-preview:-1\" \/>\n<link rel=\"canonical\" href=\"https:\/\/jackpotlotteryonline.com\/lt\/kaip-zaisti\/mega-sena-2\/\" \/>\n<meta property=\"og:locale\" content=\"lt_LT\" \/>\n<meta property=\"og:type\" content=\"article\" \/>\n<meta property=\"og:title\" content=\"Pirkite &quot;Mega-Sena&quot; bilietus internetu\" \/>\n<meta property=\"og:description\" content=\"Loterijos &quot;Mega-Sena&quot; bilietus galite \u012fsigyti internetu. Su\u017einokite, kaip \u017eaisti ir i\u0161sigryninti laim\u0117jimus, \u010dia.\" \/>\n<meta property=\"og:url\" content=\"https:\/\/jackpotlotteryonline.com\/lt\/kaip-zaisti\/mega-sena-2\/\" \/>\n<meta property=\"og:site_name\" content=\"Lotto Online - Crack The International Lottery Jackpots\" \/>\n<meta property=\"article:modified_time\" content=\"2023-01-03T17:43:47+00:00\" \/>\n<meta property=\"og:image\" content=\"https:\/\/jackpotlotteryonline.com\/wp-content\/uploads\/2022\/11\/1_mega_lottery_jackpot-300x207.jpg\" \/>\n<meta name=\"twitter:card\" content=\"summary_large_image\" \/>\n<meta name=\"twitter:label1\" content=\"Est. reading time\" \/>\n\t<meta name=\"twitter:data1\" content=\"6 minut\u0117s\" \/>\n<!-- \/ Yoast SEO plugin. -->","yoast_head_json":{"title":"Pirkite \"Mega-Sena\" bilietus internetu","description":"Loterijos \"Mega-Sena\" bilietus galite \u012fsigyti internetu. Su\u017einokite, kaip \u017eaisti ir i\u0161sigryninti laim\u0117jimus, \u010dia.","robots":{"index":"index","follow":"follow","max-snippet":"max-snippet:-1","max-image-preview":"max-image-preview:large","max-video-preview":"max-video-preview:-1"},"canonical":"https:\/\/jackpotlotteryonline.com\/lt\/kaip-zaisti\/mega-sena-2\/","og_locale":"lt_LT","og_type":"article","og_title":"Pirkite \"Mega-Sena\" bilietus internetu","og_description":"Loterijos \"Mega-Sena\" bilietus galite \u012fsigyti internetu. Su\u017einokite, kaip \u017eaisti ir i\u0161sigryninti laim\u0117jimus, \u010dia.","og_url":"https:\/\/jackpotlotteryonline.com\/lt\/kaip-zaisti\/mega-sena-2\/","og_site_name":"Lotto Online - Crack The International Lottery Jackpots","article_modified_time":"2023-01-03T17:43:47+00:00","og_image":[{"url":"https:\/\/jackpotlotteryonline.com\/wp-content\/uploads\/2022\/11\/1_mega_lottery_jackpot-300x207.jpg"}],"twitter_card":"summary_large_image","twitter_misc":{"Est. reading time":"6 minut\u0117s"},"schema":{"@context":"https:\/\/schema.org","@graph":[{"@type":"WebPage","@id":"https:\/\/jackpotlotteryonline.com\/lt\/kaip-zaisti\/mega-sena-2\/","url":"https:\/\/jackpotlotteryonline.com\/lt\/kaip-zaisti\/mega-sena-2\/","name":"Pirkite \"Mega-Sena\" bilietus internetu","isPartOf":{"@id":"https:\/\/jackpotlotteryonline.com\/#website"},"primaryImageOfPage":{"@id":"https:\/\/jackpotlotteryonline.com\/lt\/kaip-zaisti\/mega-sena-2\/#primaryimage"},"image":{"@id":"https:\/\/jackpotlotteryonline.com\/lt\/kaip-zaisti\/mega-sena-2\/#primaryimage"},"thumbnailUrl":"https:\/\/jackpotlotteryonline.com\/wp-content\/uploads\/2022\/11\/1_mega_lottery_jackpot-300x207.jpg","datePublished":"2022-11-24T11:44:51+00:00","dateModified":"2023-01-03T17:43:47+00:00","description":"Loterijos \"Mega-Sena\" bilietus galite \u012fsigyti internetu. Su\u017einokite, kaip \u017eaisti ir i\u0161sigryninti laim\u0117jimus, \u010dia.","breadcrumb":{"@id":"https:\/\/jackpotlotteryonline.com\/lt\/kaip-zaisti\/mega-sena-2\/#breadcrumb"},"inLanguage":"lt-LT","potentialAction":[{"@type":"ReadAction","target":["https:\/\/jackpotlotteryonline.com\/lt\/kaip-zaisti\/mega-sena-2\/"]}]},{"@type":"ImageObject","inLanguage":"lt-LT","@id":"https:\/\/jackpotlotteryonline.com\/lt\/kaip-zaisti\/mega-sena-2\/#primaryimage","url":"https:\/\/jackpotlotteryonline.com\/wp-content\/uploads\/2022\/11\/1_mega_lottery_jackpot-300x207.jpg","contentUrl":"https:\/\/jackpotlotteryonline.com\/wp-content\/uploads\/2022\/11\/1_mega_lottery_jackpot-300x207.jpg"},{"@type":"BreadcrumbList","@id":"https:\/\/jackpotlotteryonline.com\/lt\/kaip-zaisti\/mega-sena-2\/#breadcrumb","itemListElement":[{"@type":"ListItem","position":1,"name":"Home","item":"https:\/\/jackpotlotteryonline.com\/lt\/"},{"@type":"ListItem","position":2,"name":"Kaip \u017eaisti","item":"https:\/\/jackpotlotteryonline.com\/lt\/kaip-zaisti\/"},{"@type":"ListItem","position":3,"name":"\u017daisti Mega-Sena loterijos internete"}]},{"@type":"WebSite","@id":"https:\/\/jackpotlotteryonline.com\/#website","url":"https:\/\/jackpotlotteryonline.com\/","name":"Lotto Online - Crack The International Lottery Jackpots","description":"","potentialAction":[{"@type":"SearchAction","target":{"@type":"EntryPoint","urlTemplate":"https:\/\/jackpotlotteryonline.com\/?s={search_term_string}"},"query-input":"required name=search_term_string"}],"inLanguage":"lt-LT"}]}},"_links":{"self":[{"href":"https:\/\/jackpotlotteryonline.com\/lt\/wp-json\/wp\/v2\/pages\/39491","targetHints":{"allow":["GET"]}}],"collection":[{"href":"https:\/\/jackpotlotteryonline.com\/lt\/wp-json\/wp\/v2\/pages"}],"about":[{"href":"https:\/\/jackpotlotteryonline.com\/lt\/wp-json\/wp\/v2\/types\/page"}],"author":[{"embeddable":true,"href":"https:\/\/jackpotlotteryonline.com\/lt\/wp-json\/wp\/v2\/users\/1"}],"replies":[{"embeddable":true,"href":"https:\/\/jackpotlotteryonline.com\/lt\/wp-json\/wp\/v2\/comments?post=39491"}],"version-history":[{"count":0,"href":"https:\/\/jackpotlotteryonline.com\/lt\/wp-json\/wp\/v2\/pages\/39491\/revisions"}],"up":[{"embeddable":true,"href":"https:\/\/jackpotlotteryonline.com\/lt\/wp-json\/wp\/v2\/pages\/35707"}],"wp:attachment":[{"href":"https:\/\/jackpotlotteryonline.com\/lt\/wp-json\/wp\/v2\/media?parent=39491"}],"curies":[{"name":"wp","href":"https:\/\/api.w.org\/{rel}","templated":true}]}}