{"id":39551,"date":"2022-11-28T07:25:48","date_gmt":"2022-11-28T07:25:48","guid":{"rendered":"https:\/\/jackpotlotteryonline.com\/?page_id=39551"},"modified":"2023-01-03T18:03:32","modified_gmt":"2023-01-03T18:03:32","slug":"powerball-australia","status":"publish","type":"page","link":"https:\/\/jackpotlotteryonline.com\/lt\/kaip-zaisti\/powerball-australia\/","title":{"rendered":"\u017eaisti Powerball Australia internete"},"content":{"rendered":"<p>Ne veltui loterij\u0173 entuziastai visame pasaulyje skuba \u017eaisti Australijos &#8220;Powerball&#8221;. 2022-ieji buvo mega priz\u0173 metai ir mat\u0117me, kaip keli \u017eaid\u0117jai laim\u0117jo milijonus doleri\u0173 i\u0161 tarptautini\u0173 loterij\u0173. Visame tame &#8220;Powerball AU&#8221; nebuvo i\u0161imtis, nes 2022 m. spal\u012f buvo laim\u0117tas did\u017eiausias vis\u0173 laik\u0173 aukso puodas &#8211; 160 milijon\u0173 Australijos doleri\u0173. Kadangi kelis didelius aukso puodus laim\u0117jo pavieniai biliet\u0173 tur\u0117tojai, tur\u0117tum\u0117te apsvarstyti galimyb\u0119 \u017eaisti \u0161\u012f &#8220;Powerball&#8221;.<\/p>\n<p>\u012edomu tai, kad \u0161is &#8220;Powerball&#8221; jau kur\u012f laik\u0105 egzistuoja. Pirmasis lo\u0161imas \u012fvyko 1996 m. gegu\u017e\u0117s 23 d., taigi jam jau 25 metai. Tiesa, palyginti su tokiomis loterijomis kaip ispani\u0161koji &#8220;La Primitiva&#8221;, &#8220;Oz Powerball&#8221; yra beveik k\u016bdikis. (La Primitiva buvo \u012fsteigta 1763 m. ir \u012f \u0161i\u0105 loterij\u0105 galite patekti adresu jackpotlotlotteryonline.com).<\/p>\n<p>Per pastaruosius 25 metus &#8220;Oz Powerball&#8221; i\u0161laik\u0117 dosni\u0173 i\u0161mok\u0173 ir aistring\u0173 gerb\u0117j\u0173 reputacij\u0105. Anks\u010diau joje gal\u0117jo dalyvauti tik \u017eemyne gyvenantys \u017eaid\u0117jai. Dabar lo\u0161\u0117jai i\u0161 viso pasaulio gali \u017eaisti &#8220;Powerball AU&#8221; internetu patogiai \u012fsitais\u0119 prie savo kompiuteri\u0173 ar mobili\u0173j\u0173 \u012frengini\u0173. Skaitykite toliau ir su\u017einokite, kaip galite \u017eaisti \u0161i\u0105 loterij\u0105 internetu.<\/p>\n<h2>Kaip \u017eaisti Powerball Australia<\/h2>\n<p><img loading=\"lazy\" decoding=\"async\" class=\"alignright size-full wp-image-26402\" src=\"https:\/\/jackpotlotteryonline.com\/wp-content\/uploads\/2022\/11\/1_buy_online_ticket_powerball.jpg\" alt=\"\u017daisti \" width=\"300\" height=\"194\" \/><\/p>\n<p>Vienas i\u0161 nuostabi\u0173 dalyk\u0173, susijusi\u0173 su \u0161ia loterija, yra tai, kad ji turi didelius \u0161ansus. Tikimyb\u0117 laim\u0117ti pagrindin\u012f priz\u0105 yra 1 i\u0161 ma\u017edaug 76 milijon\u0173. Ta\u010diau yra keletas kit\u0173 dalyb\u0173 ir jos turi fantasti\u0161kus \u0161ansus.<\/p>\n<p>Nor\u0117dami \u017eaisti \u0161i\u0105 &#8220;Powerball&#8221;, tur\u0117tum\u0117te pasirinkti 7 skai\u010dius nuo 1 iki 35 ir &#8220;Powerball&#8221; skai\u010di\u0173 nuo 1 iki 20. Tai yra i\u0161 viso 8 skai\u010diai kiekvienoje eilut\u0117je. Atkreipkite d\u0117mes\u012f, kad taip pat galite \u012fvesti kelias linijas ir taip padidinti savo \u0161ansus laim\u0117ti loterijoje. Kuo daugiau eilu\u010di\u0173 \u012fvesite, tuo didesn\u0117 tikimyb\u0117 laim\u0117ti.<\/p>\n<p>Pasirink\u0119 numerius, kitas \u017eingsnis &#8211; patekti \u012f burt\u0173 traukimo sistem\u0105. \u0160i loterija turi tik vien\u0105 burt\u0173 traukimo dien\u0105 &#8211; kiekvien\u0105 ketvirtadienio vakar\u0105. Kaip galite \u012fsivaizduoti, ketvirtadienio vakarai \u017eemyno lo\u0161\u0117jams yra kupini \u012fsp\u016bd\u017ei\u0173. J\u016bs taip pat galite prisijungti prie \u0161io azarto \u017eaisdami &#8220;Powerball&#8221;.<\/p>\n<h2>Kod\u0117l &#8220;Powerball Australia&#8221;?<\/h2>\n<p>Tai tikrai geras klausimas. Interneto d\u0117ka loterij\u0173 entuziastai visame pasaulyje turi daugyb\u0119 \u012fvairi\u0173 loterij\u0173, kuriose gali dalyvauti. Kod\u0117l tur\u0117tum\u0117te apsvarstyti galimyb\u0119 \u017eaisti Ozo &#8220;Powerball&#8221;? I\u0161 esm\u0117s, dalyvaudami \u0161ioje loterijoje turite galimyb\u0119 laim\u0117ti milijonus nesusidurdami su ne\u012ftik\u0117tinai dideliais \u0161ansais.<\/p>\n<p>Daugelio kitose pasaulio dalyse populiaresni\u0173 loterij\u0173 problema &#8211; dideli \u0161ansai. Pavyzd\u017eiui, JAV loterijoje &#8220;Powerball&#8221; tikimyb\u0117 laim\u0117ti yra 1 i\u0161 200 milijon\u0173. Palyginti su Ozo &#8220;Powerball&#8221; 1 i\u0161 76 milijon\u0173, nesunku suprasti, kod\u0117l daug lo\u0161\u0117j\u0173 renkasi \u0161i\u0105 loterij\u0105.<\/p>\n<section class=\"layout\" style=\"border: solid 1px; width: 100%;\">\n<div class=\"img-div\" style=\"margin-top: 5px;\"><img decoding=\"async\" class=\"wp-image-17212 alignleft\" style=\"height: 45px; margin: 8px 8px 0px;\" src=\"https:\/\/jackpotlotteryonline.com\/wp-content\/uploads\/2022\/11\/read1.jpg\" alt=\"Skaityti \" width=\"\" height=\"\" \/><\/div>\n<div style=\"padding-left: 5px;\">\n<div style=\"font-size: 1.1em;\">\n<p><strong>Loterijos suk\u010diai, apie kuriuos tur\u0117tum\u0117te \u017einoti<\/strong><\/p>\n<p style=\"font-size: 0.85em; margin-top: -1.5em;\">Nepakli\u016bkite \u012f loterijos sp\u0105stus <a href=\"https:\/\/jackpotlotteryonline.com\/lt\/saugokites-internetines-loterijos-sukciai\">skaityti daugiau<\/a><\/p>\n<\/div>\n<\/div>\n<\/section>\n<h2>&#8220;Powerball Australia&#8221; ir &#8220;Powerball US&#8221;: kuo skiriasi?<\/h2>\n<p>Ta\u010diau ar yra koks nors skirtumas tarp &#8220;Oz Powerball&#8221; ir &#8220;US Powerball&#8221;? Pirmasis ir akivaizd\u017eiausias skirtumas yra priz\u0173 dydis. Pasaulyje yra labai nedaug priz\u0173, kurie savo dyd\u017eiu prilygsta &#8220;US Powerball&#8221;. Neseniai jis pasiek\u0117 2 milijard\u0173 JAV doleri\u0173 rib\u0105. Jei \u017eaisite &#8220;Oz Powerball&#8221;, negausite nieko pana\u0161aus.<\/p>\n<p>V\u0117lgi, JAV versijoje yra nuo 1 iki 69. Tai rei\u0161kia, kad i\u0161 statin\u0117s, kurioje yra 69 kamuoliukai, traukiami 5 kamuoliukai. OZ versijoje i\u0161 statin\u0117s, kurioje yra tik 35 kamuoliukai, traukiami 7 skai\u010diai. Be to, &#8220;Powerball&#8221; JAV traukiamas i\u0161 26 kamuoliuk\u0173, o Australijoje &#8211; i\u0161 20 kamuoliuk\u0173.<\/p>\n<p>Jei norite loterijos, kurioje galb\u016bt galite laim\u0117ti milijonus nesusidurdami su dideliais \u0161ansais, tur\u0117tum\u0117te \u017eaisti &#8220;Australian Powerball&#8221;.<\/p>\n<h2>\u017daidimas internetu<\/h2>\n<p>Taigi, dabar, kai jau \u017einote, kad &#8220;Oz Powerball&#8221; galite \u017eaisti i\u0161 bet kurios vietos, \u0161tai kaip tai padaryti.<\/p>\n<ul>\n<li>Pirmasis \u017eingsnis &#8211; apsilankykite loterij\u0173 pardav\u0117jo svetain\u0117je, pavyzd\u017eiui, jackpotlotlotteryonline.com, ir nueikite \u012f Australian Powerball puslap\u012f.<\/li>\n<li>Tada pasirinkite savo numerius (galite naudoti automatin\u012f skai\u010di\u0173 generatori\u0173, kad numeriai b\u016bt\u0173 parinkti atsitiktine tvarka).<\/li>\n<li><a href=\"https:\/\/jackpotlotteryonline.com\/lt\/laimeje-skaitmenys\/powerball-australia\">\u012eveskite burtus ir<\/a> u\u017ebaigkite proces\u0105<\/li>\n<li>Laim\u0117ti pagrindin\u012f priz\u0105<\/li>\n<\/ul>\n<p>Burtai traukiami kart\u0105 per savait\u0119, ketvirtadieniais. Taigi, kai \u012fvesite burt\u0173 traukim\u0105, kitas \u017eingsnis &#8211; laukti rezultat\u0173. Bet kuris bilietas, atitinkantis 8 i\u0161trauktus skai\u010dius, laimi pagrindin\u012f priz\u0105.<\/p>\n<p>Yra ir kit\u0173 priz\u0173 u\u017e skirting\u0173 skai\u010di\u0173 atitikim\u0105, taip pat prizas u\u017e 2 skai\u010di\u0173 atitikim\u0105 ir premijin\u012f skai\u010di\u0173.<\/p>\n<h2>Prizai, kuriuos galite laim\u0117ti<\/h2>\n<p><img loading=\"lazy\" decoding=\"async\" class=\"alignright size-medium wp-image-19277\" src=\"https:\/\/jackpotlotteryonline.com\/wp-content\/uploads\/2022\/10\/2_ticket_powerball_au2-163x300.jpg\" alt=\"Loterijos bilieto nuskaitymas\" width=\"163\" height=\"300\" srcset=\"https:\/\/jackpotlotteryonline.com\/wp-content\/uploads\/2022\/10\/2_ticket_powerball_au2-163x300.jpg 163w, https:\/\/jackpotlotteryonline.com\/wp-content\/uploads\/2022\/10\/2_ticket_powerball_au2.jpg 250w\" sizes=\"auto, (max-width: 163px) 100vw, 163px\" \/><\/p>\n<p>\u017daisdami loterijoje i\u0161 viso galite laim\u0117ti 9 priz\u0173 skyrius.<\/p>\n<p>1 skyrius: 7 skai\u010diai + papildomas skai\u010dius &#8211; pagrindinis prizas (vidutini\u0161kai 8 mln. Australijos doleri\u0173)<\/p>\n<p>2 skyrius: tik 7 skai\u010diai<\/p>\n<p>3 skyrius: 6 skai\u010diai + papildomas skai\u010dius<\/p>\n<p>4 skyrius: tik 6 skai\u010diai<\/p>\n<p>5 skyrius: 5 skai\u010diai + papildomas skai\u010dius<\/p>\n<p>6 skyrius: tik 5 skai\u010diai<\/p>\n<p>7 skyrius: 4 numeriai + papildomas numeris<\/p>\n<p>8 skyrius: 3 numeriai + papildomas numeris<\/p>\n<p>9 skyrius: 2 skai\u010diai + papildomas skai\u010dius<\/p>\n<p>Kiekvienam padaliniui skiriami prizai sudaro procentin\u0119 priz\u0173 fondo dal\u012f. Kuo didesnis prizinis fondas, tuo daugiau pinig\u0173 skiriama kiekvienam skyriui. 2 skyriaus prizai siek\u0117 800 000 Australijos doleri\u0173.<\/p>\n<h2>Pirkite loterijos bilietus internetu<\/h2>\n<p>Jei esate loterijos gerb\u0117jas, dabar galite \u017eaisti loterij\u0105 internetu per m\u016bs\u0173 svetain\u0119. Mes palengviname \u0161\u012f proces\u0105 savo klientams, pateikdami visk\u0105, ko reikia, vienoje vietoje. Taigi, galite nusipirkti bilietus, patikrinti rezultatus ir, jei laim\u0117site, i\u0161sigryninti laim\u0117jim\u0105 tiesiai i\u0161 m\u016bs\u0173 svetain\u0117s.<\/p>\n<p>Turime kelias galimybes, kuriomis galite pasinaudoti nor\u0117dami <a href=\"https:\/\/jackpotlotteryonline.com\/lt\/pirkti-bilietus\/powerball-australia\">sumok\u0117ti u\u017e loterijos bilietus<\/a>. Taip pat galite nustatyti savo paskyr\u0105 taip, kad b\u016btum\u0117te automati\u0161kai \u012ftraukti \u012f kelis tira\u017eus i\u0161 anksto. M\u016bs\u0173 klientai m\u0117gaujasi prabanga netikrinti tira\u017e\u0173 rezultat\u0173, nes mes jums prane\u0161ime, jei k\u0105 nors laim\u0117site.<\/p>\n<p>Galiausiai, pirkdami loterijos biliet\u0105 pas mus, esate tikri, kad \u017eaid\u017eiate pasirinkt\u0105 loterij\u0105. Taip yra tod\u0117l, kad \u012fvairiose \u0161alyse turime agent\u0173, kurie nupirks fizin\u012f biliet\u0105 su atitinkamais j\u016bs\u0173 skai\u010diais. Tokiu b\u016bdu jums neb\u016btina fizi\u0161kai b\u016bti \u0161alyje, kad gal\u0117tum\u0117te \u017eaisti loterijoje. Eikite \u012f priek\u012f ir \u017eaiskite &#8220;Powerball Australia&#8221; dabar.<\/p>\n","protected":false},"excerpt":{"rendered":"<p>Ne veltui loterij\u0173 entuziastai visame pasaulyje skuba \u017eaisti Australijos &#8220;Powerball&#8221;. 2022-ieji buvo mega priz\u0173 metai ir mat\u0117me, kaip keli \u017eaid\u0117jai laim\u0117jo milijonus doleri\u0173 i\u0161 tarptautini\u0173 loterij\u0173. Visame tame &#8220;Powerball AU&#8221; nebuvo i\u0161imtis, nes 2022 m. spal\u012f buvo laim\u0117tas did\u017eiausias vis\u0173 laik\u0173 aukso puodas &#8211; 160 milijon\u0173 Australijos doleri\u0173. Kadangi kelis didelius aukso puodus laim\u0117jo pavieniai [&hellip;]<\/p>\n","protected":false},"author":1,"featured_media":0,"parent":35707,"menu_order":17,"comment_status":"closed","ping_status":"closed","template":"powerball-au.php","meta":{"_et_pb_use_builder":"","_et_pb_old_content":"","_et_gb_content_width":"","exclude_from_search":false,"footnotes":""},"class_list":["post-39551","page","type-page","status-publish","hentry"],"yoast_head":"<!-- This site is optimized with the Yoast SEO plugin v23.3 - https:\/\/yoast.com\/wordpress\/plugins\/seo\/ -->\n<title>\u017daiskite &quot;Powerball Australia&quot; ne i\u0161 Australijos<\/title>\n<meta name=\"description\" content=\"Norint \u017eaisti &quot;Powerball Australia&quot;, neb\u016btina gyventi Australijoje. Su\u017einokite, kaip \u017eaisti internetu.\" \/>\n<meta name=\"robots\" content=\"index, follow, max-snippet:-1, max-image-preview:large, max-video-preview:-1\" \/>\n<link rel=\"canonical\" href=\"https:\/\/jackpotlotteryonline.com\/lt\/kaip-zaisti\/powerball-australia\/\" \/>\n<meta property=\"og:locale\" content=\"lt_LT\" \/>\n<meta property=\"og:type\" content=\"article\" \/>\n<meta property=\"og:title\" content=\"\u017daiskite &quot;Powerball Australia&quot; ne i\u0161 Australijos\" \/>\n<meta property=\"og:description\" content=\"Norint \u017eaisti &quot;Powerball Australia&quot;, neb\u016btina gyventi Australijoje. Su\u017einokite, kaip \u017eaisti internetu.\" \/>\n<meta property=\"og:url\" content=\"https:\/\/jackpotlotteryonline.com\/lt\/kaip-zaisti\/powerball-australia\/\" \/>\n<meta property=\"og:site_name\" content=\"Lotto Online - Crack The International Lottery Jackpots\" \/>\n<meta property=\"article:modified_time\" content=\"2023-01-03T18:03:32+00:00\" \/>\n<meta property=\"og:image\" content=\"https:\/\/jackpotlotteryonline.com\/wp-content\/uploads\/2022\/11\/1_buy_online_ticket_powerball.jpg\" \/>\n<meta name=\"twitter:card\" content=\"summary_large_image\" \/>\n<meta name=\"twitter:label1\" content=\"Est. reading time\" \/>\n\t<meta name=\"twitter:data1\" content=\"5 minut\u0117s\" \/>\n<!-- \/ Yoast SEO plugin. -->","yoast_head_json":{"title":"\u017daiskite \"Powerball Australia\" ne i\u0161 Australijos","description":"Norint \u017eaisti \"Powerball Australia\", neb\u016btina gyventi Australijoje. Su\u017einokite, kaip \u017eaisti internetu.","robots":{"index":"index","follow":"follow","max-snippet":"max-snippet:-1","max-image-preview":"max-image-preview:large","max-video-preview":"max-video-preview:-1"},"canonical":"https:\/\/jackpotlotteryonline.com\/lt\/kaip-zaisti\/powerball-australia\/","og_locale":"lt_LT","og_type":"article","og_title":"\u017daiskite \"Powerball Australia\" ne i\u0161 Australijos","og_description":"Norint \u017eaisti \"Powerball Australia\", neb\u016btina gyventi Australijoje. Su\u017einokite, kaip \u017eaisti internetu.","og_url":"https:\/\/jackpotlotteryonline.com\/lt\/kaip-zaisti\/powerball-australia\/","og_site_name":"Lotto Online - Crack The International Lottery Jackpots","article_modified_time":"2023-01-03T18:03:32+00:00","og_image":[{"url":"https:\/\/jackpotlotteryonline.com\/wp-content\/uploads\/2022\/11\/1_buy_online_ticket_powerball.jpg"}],"twitter_card":"summary_large_image","twitter_misc":{"Est. reading time":"5 minut\u0117s"},"schema":{"@context":"https:\/\/schema.org","@graph":[{"@type":"WebPage","@id":"https:\/\/jackpotlotteryonline.com\/lt\/kaip-zaisti\/powerball-australia\/","url":"https:\/\/jackpotlotteryonline.com\/lt\/kaip-zaisti\/powerball-australia\/","name":"\u017daiskite \"Powerball Australia\" ne i\u0161 Australijos","isPartOf":{"@id":"https:\/\/jackpotlotteryonline.com\/#website"},"primaryImageOfPage":{"@id":"https:\/\/jackpotlotteryonline.com\/lt\/kaip-zaisti\/powerball-australia\/#primaryimage"},"image":{"@id":"https:\/\/jackpotlotteryonline.com\/lt\/kaip-zaisti\/powerball-australia\/#primaryimage"},"thumbnailUrl":"https:\/\/jackpotlotteryonline.com\/wp-content\/uploads\/2022\/11\/1_buy_online_ticket_powerball.jpg","datePublished":"2022-11-28T07:25:48+00:00","dateModified":"2023-01-03T18:03:32+00:00","description":"Norint \u017eaisti \"Powerball Australia\", neb\u016btina gyventi Australijoje. Su\u017einokite, kaip \u017eaisti internetu.","breadcrumb":{"@id":"https:\/\/jackpotlotteryonline.com\/lt\/kaip-zaisti\/powerball-australia\/#breadcrumb"},"inLanguage":"lt-LT","potentialAction":[{"@type":"ReadAction","target":["https:\/\/jackpotlotteryonline.com\/lt\/kaip-zaisti\/powerball-australia\/"]}]},{"@type":"ImageObject","inLanguage":"lt-LT","@id":"https:\/\/jackpotlotteryonline.com\/lt\/kaip-zaisti\/powerball-australia\/#primaryimage","url":"https:\/\/jackpotlotteryonline.com\/wp-content\/uploads\/2022\/11\/1_buy_online_ticket_powerball.jpg","contentUrl":"https:\/\/jackpotlotteryonline.com\/wp-content\/uploads\/2022\/11\/1_buy_online_ticket_powerball.jpg"},{"@type":"BreadcrumbList","@id":"https:\/\/jackpotlotteryonline.com\/lt\/kaip-zaisti\/powerball-australia\/#breadcrumb","itemListElement":[{"@type":"ListItem","position":1,"name":"Home","item":"https:\/\/jackpotlotteryonline.com\/lt\/"},{"@type":"ListItem","position":2,"name":"Kaip \u017eaisti","item":"https:\/\/jackpotlotteryonline.com\/lt\/kaip-zaisti\/"},{"@type":"ListItem","position":3,"name":"\u017eaisti Powerball Australia internete"}]},{"@type":"WebSite","@id":"https:\/\/jackpotlotteryonline.com\/#website","url":"https:\/\/jackpotlotteryonline.com\/","name":"Lotto Online - Crack The International Lottery Jackpots","description":"","potentialAction":[{"@type":"SearchAction","target":{"@type":"EntryPoint","urlTemplate":"https:\/\/jackpotlotteryonline.com\/?s={search_term_string}"},"query-input":"required name=search_term_string"}],"inLanguage":"lt-LT"}]}},"_links":{"self":[{"href":"https:\/\/jackpotlotteryonline.com\/lt\/wp-json\/wp\/v2\/pages\/39551","targetHints":{"allow":["GET"]}}],"collection":[{"href":"https:\/\/jackpotlotteryonline.com\/lt\/wp-json\/wp\/v2\/pages"}],"about":[{"href":"https:\/\/jackpotlotteryonline.com\/lt\/wp-json\/wp\/v2\/types\/page"}],"author":[{"embeddable":true,"href":"https:\/\/jackpotlotteryonline.com\/lt\/wp-json\/wp\/v2\/users\/1"}],"replies":[{"embeddable":true,"href":"https:\/\/jackpotlotteryonline.com\/lt\/wp-json\/wp\/v2\/comments?post=39551"}],"version-history":[{"count":0,"href":"https:\/\/jackpotlotteryonline.com\/lt\/wp-json\/wp\/v2\/pages\/39551\/revisions"}],"up":[{"embeddable":true,"href":"https:\/\/jackpotlotteryonline.com\/lt\/wp-json\/wp\/v2\/pages\/35707"}],"wp:attachment":[{"href":"https:\/\/jackpotlotteryonline.com\/lt\/wp-json\/wp\/v2\/media?parent=39551"}],"curies":[{"name":"wp","href":"https:\/\/api.w.org\/{rel}","templated":true}]}}