{"id":39606,"date":"2022-11-28T09:21:51","date_gmt":"2022-11-28T09:21:51","guid":{"rendered":"https:\/\/jackpotlotteryonline.com\/?page_id=39606"},"modified":"2023-01-03T18:28:26","modified_gmt":"2023-01-03T18:28:26","slug":"saturday-lotto","status":"publish","type":"page","link":"https:\/\/jackpotlotteryonline.com\/lt\/kaip-zaisti\/saturday-lotto\/","title":{"rendered":"\u017eaisti \u0161e\u0161tadienis Lotto internete"},"content":{"rendered":"<p>\u0160e\u0161tadienio Lotto yra viena i\u0161 populiariausi\u0173 Australijos loterij\u0173, kurios laukia \u017eaid\u0117jai visoje \u0161alyje. Viena i\u0161 prie\u017eas\u010di\u0173 yra ta, kad i\u0161 jos istorijos paai\u0161k\u0117jo daug milijonieri\u0173. Pagrindinis prizas gali siekti net 10 milijon\u0173 Australijos doleri\u0173, o tai yra ne\u012ftik\u0117tinas prizas, kai apie tai pagalvoji. Anks\u010diau, kad gal\u0117tum\u0117te \u017eaisti \u0161ioje loterijoje, tur\u0117jote b\u016bti Australijos gyventojas d\u0117l paprastos prie\u017easties &#8211; bilietus buvo galima \u012fsigyti tik \u0161ioje \u0161alyje. Atsiradus internetui, viskas pasikeit\u0117, nes dabar \u017eaid\u0117jai visame pasaulyje gali \u017eaisti loterijoje i\u0161 bet kurios vietos.<\/p>\n<p>Taigi, jei norite \u017eaisti \u0161e\u0161tadienio loterij\u0105, tereikia apsilankyti svetain\u0117je jackpotlotlotteryonline.com ir <a href=\"https:\/\/jackpotlotteryonline.com\/lt\/pirkti-bilietus\/saturday-lotto\">nusipirkti loterijos biliet\u0105<\/a>. \u012edomu tai, kad ten taip pat galite \u012fsigyti vis\u0173 populiariausi\u0173 tarptautini\u0173 loterij\u0173 bilietus.<\/p>\n<h2>\u0160e\u0161tadienio loto kilm\u0117<\/h2>\n<p><img loading=\"lazy\" decoding=\"async\" class=\"alignright size-medium wp-image-28103\" src=\"https:\/\/jackpotlotteryonline.com\/wp-content\/uploads\/2022\/11\/1_lotto_jackpot_online-257x300.jpg\" alt=\"\u0160e\u0161tadienio loto pagrindinis prizas\" width=\"257\" height=\"300\" srcset=\"https:\/\/jackpotlotteryonline.com\/wp-content\/uploads\/2022\/11\/1_lotto_jackpot_online-257x300.jpg 257w, https:\/\/jackpotlotteryonline.com\/wp-content\/uploads\/2022\/11\/1_lotto_jackpot_online.jpg 321w\" sizes=\"auto, (max-width: 257px) 100vw, 257px\" \/><\/p>\n<p>Pirmasis lo\u0161imas \u012fvyko 1972 m. bir\u017eelio 24 d. ir buvo pirmoji tokio tipo loterija Australijoje. Tai taip pat ilgiausiai Australijoje veikianti loterija. Skirtingose Australijos dalyse \u017eaid\u0117jams ji \u017einoma skirtingais pavadinimais: Loto&#8221;, &#8220;Auksinis loto&#8221;, &#8220;X loto&#8221; arba tiesiog &#8220;loto&#8221;.<\/p>\n<p>Ma\u017eiausia garantuojama pagrindinio prizo suma \u017eaid\u017eiant yra 5 milijonai Australijos doleri\u0173, o jei n\u0117ra laim\u0117tojo, ji perkeliama \u012f kit\u0105 savait\u0119. Ne\u012ftik\u0117tina, kad \u017eaid\u0117jai turi tikrai didel\u0119 tikimyb\u0119 laim\u0117ti pagrindin\u012f priz\u0105. \u0160ansai tokie ma\u017ei, kad pagrindinio prizo prizas retai kada persikelia, nes paprastai visada atsiranda laim\u0117tojas.<\/p>\n<p>\u0160e\u0161tadienio loto taip pat kart\u0105 per metus rengia mega\u017eaidim\u0105, kuris vyksta po Kal\u0117d\u0173. Mega tira\u017e\u0173 pagrindinis prizas yra gana didelis ir buvo padidintas iki 30 milijon\u0173 Australijos doleri\u0173. Mega lo\u0161ime paprastai b\u016bna keli laim\u0117tojai.<\/p>\n<h2>Kaip \u017eaisti &#8220;Saturday Lotto&#8221; internete<\/h2>\n<p>Nor\u0117dami \u017eaisti &#8220;Saturday Lotto&#8221;, tiesiog apsilankykite svetain\u0117je jackpotlotlotteryonline.com ir eikite \u012f &#8220;Lotto&#8221; puslap\u012f. Pasirinkite \u0161e\u0161is skai\u010dius nuo 1 iki 45. Visada galite pasirinkti numerius rankiniu b\u016bdu arba pasinaudoti m\u016bs\u0173 automatine atsitiktini\u0173 skai\u010di\u0173 generavimo sistema.<\/p>\n<p><a href=\"https:\/\/jackpotlotteryonline.com\/lt\/laimeje-skaitmenys\/saturday-lotto\">Tada \u012fveskite burtus.<\/a> Ties\u0105 sakant, per savait\u0119 vyksta tik vienas tira\u017eas ir jis vyksta \u0161e\u0161tadien\u012f. Tod\u0117l ir pavadinimas: &#8220;Saturday Lotto&#8221;. Ta\u010diau galite rinktis \u012fvesti iki 10 i\u0161 eil\u0117s einan\u010di\u0173 tira\u017e\u0173. Pasirink\u0119 \u0161i\u0105 parinkt\u012f, b\u016bsite automati\u0161kai \u012ftraukti \u012f visus kitus 10 savai\u010di\u0173 vyksian\u010dius tira\u017eus.<\/p>\n<p>Kai visa tai padarysite, kitas \u017eingsnis &#8211; atlikti mok\u0117jim\u0105. Papra\u0161ysime j\u016bs\u0173 u\u017esiregistruoti pas mus, kad gal\u0117tume saugoti j\u016bs\u0173 biliet\u0105, kai \u017eaid\u017eiate. Taip pat informuosime jus, jei k\u0105 nors laim\u0117site, ir tada gal\u0117site i\u0161sigryninti laim\u0117jim\u0105 m\u016bs\u0173 platformoje.<\/p>\n<section class=\"layout\" style=\"border: solid 1px; width: 100%;\">\n<div class=\"img-div\" style=\"margin-top: 5px;\"><img decoding=\"async\" class=\"wp-image-17212 alignleft\" style=\"height: 45px; margin: 8px 8px 0px;\" src=\"https:\/\/jackpotlotteryonline.com\/wp-content\/uploads\/2022\/11\/read1.jpg\" alt=\"skaityti\" width=\"\" height=\"\" \/><\/div>\n<div style=\"padding-left: 5px;\">\n<div style=\"font-size: 1.1em;\">\n<p><strong>Keletas gudrybi\u0173 ir patarim\u0173, kaip pasirinkti numerius<\/strong><\/p>\n<p style=\"font-size: 0.85em; margin-top: -1.5em;\">Padidinkite savo laim\u0117jimo galimybes &#8211; naudokite tam tikr\u0105 strategij\u0105 rinkdamiesi numerius\u00a0<a href=\"https:\/\/jackpotlotteryonline.com\/lt\/kelios-gudrybes-ir-patarimai-kaip-issirinkti-loterijos-numerius\"> skaityti daugiau<\/a><\/p>\n<\/div>\n<\/div>\n<\/section>\n<h2>Privalumai<\/h2>\n<p>Tiems, kurie yra \u012fprat\u0119 pirkti fizinius loterijos bilietus ir laim\u0117jimo fanfaras, gali b\u016bti sunku \u012f\u017evelgti \u017eaidimo internetu privalumus. Ta\u010diau mes \u010dia pasidalysime keliais i\u0161 j\u0173.<\/p>\n<p>\u017daisti &#8220;Saturday Lotto&#8221; internetu yra patogu. Jums nereikia niekur eiti i\u0161 vietos, nes galite lengvai \u017eaisti kompiuteriu arba mobiliuoju \u012frenginiu. Be to, tai rei\u0161kia, kad dabar turite prieig\u0105 prie \u012fvairesni\u0173 loterij\u0173 i\u0161 viso pasaulio.<\/p>\n<p>Biliet\u0173 pirkimas n\u0117ra vienintelis privalumas \u017eaid\u017eiant loterij\u0105. Bene pagrindinis privalumas yra tas, kad galite lengvai atsiimti laim\u0117jim\u0105. Tai paprasta ir da\u017enai nereikia atlikti jokios sud\u0117tingos proced\u016bros, kad gautum\u0117te savo laim\u0117jim\u0105.<\/p>\n<h2>\u0160e\u0161tadienio loterijos laim\u0117jimas<\/h2>\n<p>Nor\u0117dami laim\u0117ti loto, turite atitikti visus \u0161e\u0161is i\u0161trauktus skai\u010dius. Bet kuris bilietas, atitinkantis visus \u0161e\u0161is i\u0161trauktus skai\u010dius, laimi pagrindin\u012f priz\u0105. Yra ir kit\u0173 priz\u0173, kuriuos galite laim\u0117ti, juos pamin\u0117sime v\u0117liau. Ta\u010diau atkreipkite d\u0117mes\u012f, kad priz\u0105 galite laim\u0117ti surink\u0119 3 i\u0161trauktus skai\u010dius.<\/p>\n<p>Jei laim\u0117tum\u0117te loterij\u0105, laim\u0117jim\u0105 galite atsiimti i\u0161 m\u016bs\u0173 platformos tiesiai \u012f savo s\u0105skait\u0105.<\/p>\n<p>Atkreipkite d\u0117mes\u012f, kad tais atvejais, kai j\u016bs\u0173 laim\u0117jimas yra didesnis nei #2500, tur\u0117tum\u0117te atsiimti laim\u0117jim\u0105 tiesiogiai i\u0161 loterijos bendrov\u0117s. Ta\u010diau nesijaudinkite, mes jums pad\u0117sime tai padaryti ir pateiksime u\u017epildyti pretenzijos form\u0105.<\/p>\n<h2>Papildomi numeriai<\/h2>\n<p><img loading=\"lazy\" decoding=\"async\" class=\"alignright size-medium wp-image-29183\" src=\"https:\/\/jackpotlotteryonline.com\/wp-content\/uploads\/2022\/11\/1_play_lotto-online-300x199.jpg\" alt=\"\u017daiskite \u0161e\u0161tadienio loto internetu\" width=\"300\" height=\"199\" srcset=\"https:\/\/jackpotlotteryonline.com\/wp-content\/uploads\/2022\/11\/1_play_lotto-online-300x199.jpg 300w, https:\/\/jackpotlotteryonline.com\/wp-content\/uploads\/2022\/11\/1_play_lotto-online.jpg 350w\" sizes=\"auto, (max-width: 300px) 100vw, 300px\" \/><\/p>\n<p>Jei patikrinsite priz\u0173 skyrius, galite pasteb\u0117ti, kad kai kuriuose skyriuose naudojami papildomi skai\u010diai. Tai n\u0117ra j\u016bs\u0173 pasirinkti skai\u010diai, kurie neturi nieko bendro su pagrindinio prizo laim\u0117jimu. Tai tiesiog atsitiktinai sugeneruoti skai\u010diai, kurie pasirenkami kiekvieno traukimo metu ir naudojami 2 ir 5 divizionams nustatyti.<\/p>\n<h2>Prizai<\/h2>\n<p>\u0160ioje loterijoje yra \u0161e\u0161i skirtingi priz\u0173 skyriai, o laim\u0117ti priz\u0105 galima tik surinkus 3 pagrindinius skai\u010dius. \u017dinoma, kuo daugiau skai\u010di\u0173 sutinkate, tuo didesnis prizas. Pirmojo skyriaus prizas yra pagrindinis prizas, kuriam laim\u0117ti reikia atitikti visus 6 skai\u010dius.<\/p>\n<p>Da\u017enai \u017eaid\u0117jai daugiausia d\u0117mesio skiria 1 skyriaus prizui, t. y. pagrindiniam prizui, neatsi\u017evelgdami \u012f kitus priz\u0173 skyrius. Ta\u010diau ir \u0161iuose kituose skyriuose galima laim\u0117ti nema\u017e\u0105 sum\u0105. Toliau pateikiame &#8220;Saturday Lotto&#8221; priz\u0173 skyrius ir tikimyb\u0119 laim\u0117ti kiekviename skyriuje.<\/p>\n<p>1 skyrius: 6 pagrindiniai skai\u010diai &#8211; pagrindinis prizas (1 i\u0161 8 145 060)<\/p>\n<p>2 skyrius: 5 pagrindiniai skai\u010diai + 1 arba 2 papildomi skai\u010diai (1 i\u0161 678 755)<\/p>\n<p>3 skyrius: 5 pagrindiniai skai\u010diai (1 i\u0161 36 689)<\/p>\n<p>4 skyrius: 4 pagrindiniai skai\u010diai (1 i\u0161 733)<\/p>\n<p>5 skyrius: 3 pagrindiniai numeriai + 1 arba 2 papildomi numeriai (1 i\u0161 297)<\/p>\n<p>6 skyrius: 3 pagrindiniai numeriai (1 i\u0161 53)<\/p>\n<h2>U\u017esiregistruokite dabar \u017eaisti \u0161e\u0161tadienio loto<\/h2>\n<p>Jei esate pasiruo\u0161\u0119 \u017eaisti loto, galite nusipirkti loto bilietus \u010dia, m\u016bs\u0173 svetain\u0117je. Patek\u0119 \u012f lo\u0161im\u0105, tur\u0117site galimyb\u0119 laim\u0117ti milijonus.<\/p>\n<p>Kol esate \u010dia, taip pat galite patikrinti kitas loterijas. Turime pla\u010di\u0105 geriausi\u0173 tarptautini\u0173 loterij\u0173 kolekcij\u0105 ir suteikiame savo klientams prieig\u0105 prie \u0161i\u0173 loterij\u0173. Galite nusipirkti bilietus \u012f loterijas i\u0161 JAV, Europos ir Australijos, nesvarbu, kur gyvenate.<\/p>\n<p>B\u016bdami loterij\u0173 konsjer\u017eo svetain\u0117 numeris vienas, supaprastinome proces\u0105, kad savo klientams suteiktume ne\u012ftik\u0117tin\u0105 patirt\u012f. U\u017esiregistruokite pas mus \u0161iandien ir prad\u0117kite \u017eaisti loterij\u0105.<\/p>\n","protected":false},"excerpt":{"rendered":"<p>\u0160e\u0161tadienio Lotto yra viena i\u0161 populiariausi\u0173 Australijos loterij\u0173, kurios laukia \u017eaid\u0117jai visoje \u0161alyje. Viena i\u0161 prie\u017eas\u010di\u0173 yra ta, kad i\u0161 jos istorijos paai\u0161k\u0117jo daug milijonieri\u0173. Pagrindinis prizas gali siekti net 10 milijon\u0173 Australijos doleri\u0173, o tai yra ne\u012ftik\u0117tinas prizas, kai apie tai pagalvoji. Anks\u010diau, kad gal\u0117tum\u0117te \u017eaisti \u0161ioje loterijoje, tur\u0117jote b\u016bti Australijos gyventojas d\u0117l paprastos [&hellip;]<\/p>\n","protected":false},"author":1,"featured_media":0,"parent":35707,"menu_order":18,"comment_status":"closed","ping_status":"closed","template":"saturday-lotto.php","meta":{"_et_pb_use_builder":"","_et_pb_old_content":"","_et_gb_content_width":"","exclude_from_search":false,"footnotes":""},"class_list":["post-39606","page","type-page","status-publish","hentry"],"yoast_head":"<!-- This site is optimized with the Yoast SEO plugin v23.3 - https:\/\/yoast.com\/wordpress\/plugins\/seo\/ -->\n<title>\u017daisti \u0161e\u0161tadienio loto internetu<\/title>\n<meta name=\"description\" content=\"M\u0117gaukit\u0117s galimybe laim\u0117ti daug su &quot;Saturday Lotto&quot; \u017eaisdami internetu, kad ir kur b\u016btum\u0117te. Su\u017einokite, kaip.\" \/>\n<meta name=\"robots\" content=\"index, follow, max-snippet:-1, max-image-preview:large, max-video-preview:-1\" \/>\n<link rel=\"canonical\" href=\"https:\/\/jackpotlotteryonline.com\/lt\/kaip-zaisti\/saturday-lotto\/\" \/>\n<meta property=\"og:locale\" content=\"lt_LT\" \/>\n<meta property=\"og:type\" content=\"article\" \/>\n<meta property=\"og:title\" content=\"\u017daisti \u0161e\u0161tadienio loto internetu\" \/>\n<meta property=\"og:description\" content=\"M\u0117gaukit\u0117s galimybe laim\u0117ti daug su &quot;Saturday Lotto&quot; \u017eaisdami internetu, kad ir kur b\u016btum\u0117te. Su\u017einokite, kaip.\" \/>\n<meta property=\"og:url\" content=\"https:\/\/jackpotlotteryonline.com\/lt\/kaip-zaisti\/saturday-lotto\/\" \/>\n<meta property=\"og:site_name\" content=\"Lotto Online - Crack The International Lottery Jackpots\" \/>\n<meta property=\"article:modified_time\" content=\"2023-01-03T18:28:26+00:00\" \/>\n<meta property=\"og:image\" content=\"https:\/\/jackpotlotteryonline.com\/wp-content\/uploads\/2022\/11\/1_lotto_jackpot_online-257x300.jpg\" \/>\n<meta name=\"twitter:card\" content=\"summary_large_image\" \/>\n<meta name=\"twitter:label1\" content=\"Est. reading time\" \/>\n\t<meta name=\"twitter:data1\" content=\"5 minut\u0117s\" \/>\n<!-- \/ Yoast SEO plugin. -->","yoast_head_json":{"title":"\u017daisti \u0161e\u0161tadienio loto internetu","description":"M\u0117gaukit\u0117s galimybe laim\u0117ti daug su \"Saturday Lotto\" \u017eaisdami internetu, kad ir kur b\u016btum\u0117te. Su\u017einokite, kaip.","robots":{"index":"index","follow":"follow","max-snippet":"max-snippet:-1","max-image-preview":"max-image-preview:large","max-video-preview":"max-video-preview:-1"},"canonical":"https:\/\/jackpotlotteryonline.com\/lt\/kaip-zaisti\/saturday-lotto\/","og_locale":"lt_LT","og_type":"article","og_title":"\u017daisti \u0161e\u0161tadienio loto internetu","og_description":"M\u0117gaukit\u0117s galimybe laim\u0117ti daug su \"Saturday Lotto\" \u017eaisdami internetu, kad ir kur b\u016btum\u0117te. Su\u017einokite, kaip.","og_url":"https:\/\/jackpotlotteryonline.com\/lt\/kaip-zaisti\/saturday-lotto\/","og_site_name":"Lotto Online - Crack The International Lottery Jackpots","article_modified_time":"2023-01-03T18:28:26+00:00","og_image":[{"url":"https:\/\/jackpotlotteryonline.com\/wp-content\/uploads\/2022\/11\/1_lotto_jackpot_online-257x300.jpg"}],"twitter_card":"summary_large_image","twitter_misc":{"Est. reading time":"5 minut\u0117s"},"schema":{"@context":"https:\/\/schema.org","@graph":[{"@type":"WebPage","@id":"https:\/\/jackpotlotteryonline.com\/lt\/kaip-zaisti\/saturday-lotto\/","url":"https:\/\/jackpotlotteryonline.com\/lt\/kaip-zaisti\/saturday-lotto\/","name":"\u017daisti \u0161e\u0161tadienio loto internetu","isPartOf":{"@id":"https:\/\/jackpotlotteryonline.com\/#website"},"primaryImageOfPage":{"@id":"https:\/\/jackpotlotteryonline.com\/lt\/kaip-zaisti\/saturday-lotto\/#primaryimage"},"image":{"@id":"https:\/\/jackpotlotteryonline.com\/lt\/kaip-zaisti\/saturday-lotto\/#primaryimage"},"thumbnailUrl":"https:\/\/jackpotlotteryonline.com\/wp-content\/uploads\/2022\/11\/1_lotto_jackpot_online-257x300.jpg","datePublished":"2022-11-28T09:21:51+00:00","dateModified":"2023-01-03T18:28:26+00:00","description":"M\u0117gaukit\u0117s galimybe laim\u0117ti daug su \"Saturday Lotto\" \u017eaisdami internetu, kad ir kur b\u016btum\u0117te. Su\u017einokite, kaip.","breadcrumb":{"@id":"https:\/\/jackpotlotteryonline.com\/lt\/kaip-zaisti\/saturday-lotto\/#breadcrumb"},"inLanguage":"lt-LT","potentialAction":[{"@type":"ReadAction","target":["https:\/\/jackpotlotteryonline.com\/lt\/kaip-zaisti\/saturday-lotto\/"]}]},{"@type":"ImageObject","inLanguage":"lt-LT","@id":"https:\/\/jackpotlotteryonline.com\/lt\/kaip-zaisti\/saturday-lotto\/#primaryimage","url":"https:\/\/jackpotlotteryonline.com\/wp-content\/uploads\/2022\/11\/1_lotto_jackpot_online-257x300.jpg","contentUrl":"https:\/\/jackpotlotteryonline.com\/wp-content\/uploads\/2022\/11\/1_lotto_jackpot_online-257x300.jpg"},{"@type":"BreadcrumbList","@id":"https:\/\/jackpotlotteryonline.com\/lt\/kaip-zaisti\/saturday-lotto\/#breadcrumb","itemListElement":[{"@type":"ListItem","position":1,"name":"Home","item":"https:\/\/jackpotlotteryonline.com\/lt\/"},{"@type":"ListItem","position":2,"name":"Kaip \u017eaisti","item":"https:\/\/jackpotlotteryonline.com\/lt\/kaip-zaisti\/"},{"@type":"ListItem","position":3,"name":"\u017eaisti \u0161e\u0161tadienis Lotto internete"}]},{"@type":"WebSite","@id":"https:\/\/jackpotlotteryonline.com\/#website","url":"https:\/\/jackpotlotteryonline.com\/","name":"Lotto Online - Crack The International Lottery Jackpots","description":"","potentialAction":[{"@type":"SearchAction","target":{"@type":"EntryPoint","urlTemplate":"https:\/\/jackpotlotteryonline.com\/?s={search_term_string}"},"query-input":"required name=search_term_string"}],"inLanguage":"lt-LT"}]}},"_links":{"self":[{"href":"https:\/\/jackpotlotteryonline.com\/lt\/wp-json\/wp\/v2\/pages\/39606","targetHints":{"allow":["GET"]}}],"collection":[{"href":"https:\/\/jackpotlotteryonline.com\/lt\/wp-json\/wp\/v2\/pages"}],"about":[{"href":"https:\/\/jackpotlotteryonline.com\/lt\/wp-json\/wp\/v2\/types\/page"}],"author":[{"embeddable":true,"href":"https:\/\/jackpotlotteryonline.com\/lt\/wp-json\/wp\/v2\/users\/1"}],"replies":[{"embeddable":true,"href":"https:\/\/jackpotlotteryonline.com\/lt\/wp-json\/wp\/v2\/comments?post=39606"}],"version-history":[{"count":0,"href":"https:\/\/jackpotlotteryonline.com\/lt\/wp-json\/wp\/v2\/pages\/39606\/revisions"}],"up":[{"embeddable":true,"href":"https:\/\/jackpotlotteryonline.com\/lt\/wp-json\/wp\/v2\/pages\/35707"}],"wp:attachment":[{"href":"https:\/\/jackpotlotteryonline.com\/lt\/wp-json\/wp\/v2\/media?parent=39606"}],"curies":[{"name":"wp","href":"https:\/\/api.w.org\/{rel}","templated":true}]}}