{"id":39658,"date":"2022-11-28T12:28:19","date_gmt":"2022-11-28T12:28:19","guid":{"rendered":"https:\/\/jackpotlotteryonline.com\/?page_id=39658"},"modified":"2022-12-31T13:13:48","modified_gmt":"2022-12-31T13:13:48","slug":"saturday-lotto-2","status":"publish","type":"page","link":"https:\/\/jackpotlotteryonline.com\/lt\/kaip-zaisti\/saturday-lotto-2\/","title":{"rendered":"\u017eaisti Set For Life internete"},"content":{"rendered":"<p>Daug daugiau \u017eaid\u0117j\u0173 visame pasaulyje pradeda suprasti, koks gra\u017eus yra setas visam likusiam gyvenimui. B\u016btent tai \u017eaid\u0117jams si\u016blo Jungtin\u0117s Karalyst\u0117s loterija &#8220;Set for Life&#8221;: galimyb\u0119 30 met\u0173 kiekvien\u0105 m\u0117nes\u012f laim\u0117ti 10 000 svar\u0173 sterling\u0173. \u0160i loterija vadinama anuitet\u0173 loterija, nes laim\u0117tojas negauna vienkartin\u0117s i\u0161mokos. I\u0161 pirmo \u017evilgsnio tai gali pasirodyti ne taip patrauklu, kaip laim\u0117ti milijardus eur\u0173. Ta\u010diau yra \u017eaid\u0117j\u0173, kuriems ne visai patogu vienu metu elgtis su tokia didele pinig\u0173 suma. Be to, esame skait\u0119 apie loterijos laim\u0117tojus, kurie po keleri\u0173 met\u0173 liko be pinig\u0173. \u0160ioje Jungtin\u0117s Karalyst\u0117s loterijoje tokios tikimyb\u0117s n\u0117ra, nes laim\u0117tojas kiekvien\u0105 m\u0117nes\u012f be paliovos gauna 10 000 svar\u0173 sterling\u0173.<\/p>\n<p>Jei jums \u012fdomu, kaip galite \u017eaisti \u0161i\u0105 JK rent\u0105 ne i\u0161 JK, jums pasisek\u0117. \u010cia pasidalysime, kaip \u017eaisti \u0161i\u0105 loterij\u0105, ir patarimais, kaip \u017eaisti ne i\u0161 Jungtin\u0117s Karalyst\u0117s.<\/p>\n<h2>Ar galite \u017eaisti Set For Life ne i\u0161 JK?<\/h2>\n<p><img loading=\"lazy\" decoding=\"async\" class=\"alignright size-medium wp-image-27941\" src=\"https:\/\/jackpotlotteryonline.com\/wp-content\/uploads\/2022\/11\/1_lottery_winner_ticket-200x300.jpg\" alt=\"Laim\u0117kite daug su \" width=\"200\" height=\"300\" srcset=\"https:\/\/jackpotlotteryonline.com\/wp-content\/uploads\/2022\/11\/1_lottery_winner_ticket-200x300.jpg 200w, https:\/\/jackpotlotteryonline.com\/wp-content\/uploads\/2022\/11\/1_lottery_winner_ticket.jpg 320w\" sizes=\"auto, (max-width: 200px) 100vw, 200px\" \/><br \/>\nSet For Life gali b\u016bti i\u0161 esm\u0117s JK loterija, ta\u010diau noras kiekvien\u0105 m\u0117nes\u012f laim\u0117ti didelius pinigus yra b\u016bdingas visiems lo\u0161\u0117jams visame pasaulyje. B\u016bkime s\u0105\u017einingi, kam nepatinka mintis 30 met\u0173 kas m\u0117nes\u012f laim\u0117ti 10 000 svar\u0173 sterling\u0173? Paprastai &#8220;Set For Life&#8221; \u017eaid\u017eiama tik Jungtin\u0117je Karalyst\u0117je, nes ten parduodami bilietai. Ta\u010diau dabar \u017eaid\u0117jai gali \u012fsigyti biliet\u0173 i\u0161 bet kurios vietos.<\/p>\n<p>Internetas suteik\u0117 daugyb\u0119 galimybi\u0173, ypa\u010d prieig\u0105 prie informacijos. Dabar lo\u0161\u0117jai visame pasaulyje gali \u012fsigyti bilietus \u012f populiariausias tarptautines loterijas, \u012fskaitant &#8220;Set For Life&#8221;. Taigi, jei \u017eaid\u017eiate ne Jungtin\u0117je Karalyst\u0117je, galite lengvai <a href=\"https:\/\/jackpotlotteryonline.com\/lt\/pirkti-bilietus\/set-for-life\">nusipirkti Jungtin\u0117s Karalyst\u0117s rent\u0173 loterijos bilietus<\/a> apsilank\u0119 svetain\u0117je jackpotlotlotteryonline.com.<\/p>\n<p>Jei jums patinka mintis, kad b\u016bsite nustatyti visam likusiam gyvenimui, paskub\u0117kite ir \u012fsigykite biliet\u0105 iki kito burt\u0173 traukimo.<\/p>\n<h2>Kaip \u017eaisti<\/h2>\n<p>Nor\u0117dami \u017eaisti JK loterijoje, \u017eaid\u0117jai turi i\u0161rinkti 5 numerius nuo 1 iki 47 ir 1 &#8220;Life Ball&#8221; numer\u012f nuo 1 iki 10. Tada<a href=\"https:\/\/jackpotlotteryonline.com\/lt\/laimeje-skaitmenys\/set-for-life\"> pasirinkite, kuriomis dienomis norite<\/a> dalyvauti loterijoje ir kiek savai\u010di\u0173 norite \u017eaisti.<\/p>\n<p>Naudodamiesi m\u016bs\u0173 svetaine, galite pasinaudoti m\u016bs\u0173 skai\u010di\u0173 generatoriumi, kad atsitiktinai parinktum\u0117te savo numerius. Taip pat galite nustatyti, kad \u012f kiekvien\u0105 tira\u017e\u0105 b\u016btum\u0117te automati\u0161kai \u012ftraukiami prie\u0161 kelias savaites. Taip jums nereik\u0117s jaudintis, kad praleisite kok\u012f nors burt\u0173 traukim\u0105. Be to, \u010dia, m\u016bs\u0173 svetain\u0117je, skelbiame pirminius rezultatus.<\/p>\n<p>&#8220;Set For Life&#8221; burtai vyksta kiekvien\u0105 pirmadienio ir ketvirtadienio vakar\u0105. \u017daisdami loterij\u0105 su mumis galite nepraleisti n\u0117 vieno tira\u017eo d\u0117l to, kad nenusipirkote bilieto iki jo u\u017edarymo.<\/p>\n<h2>Patarimai \u017eaid\u017eiant internetu<\/h2>\n<p>Prie\u0161 perkant loterijos biliet\u0105 internetu, svarbu \u017einoti kelet\u0105 dalyk\u0173. \u0160tai keletas patarim\u0173, kurie pad\u0117s jums maloniau \u017eaisti.<\/p>\n<ul>\n<li>Pirkdami loterijos bilietus visuomet naudokit\u0117s konsjer\u017eo svetaine<\/li>\n<li>\u012esitikinkite, kad svetain\u0117je gal\u0117site be vargo atsiimti laim\u0117jim\u0105<\/li>\n<li>\u012esigykite kelis bilietus ir dalyvaukite keliuose tira\u017euose, kad padidintum\u0117te laim\u0117jimo tikimyb\u0119<\/li>\n<li>Naudokit\u0117s svetaine, kuri prane\u0161 jums (el. pa\u0161tu), kai tik laim\u0117site priz\u0105<\/li>\n<\/ul>\n<h2>&#8220;Set For Life&#8221; priz\u0173 kategorijos<\/h2>\n<div id=\"attachment_27779\" style=\"width: 222px\" class=\"wp-caption alignright\"><img loading=\"lazy\" decoding=\"async\" aria-describedby=\"caption-attachment-27779\" class=\"size-full wp-image-27779\" src=\"https:\/\/jackpotlotteryonline.com\/wp-content\/uploads\/2022\/11\/1_lottery_ticket.jpg\" alt=\"kaip \u017eaisti \" width=\"212\" height=\"142\" \/><p id=\"caption-attachment-27779\" class=\"wp-caption-text\">Loterijos bilieto pildymas pie\u0161tuku ant medinio stalo, stambiu planu. Vieta tekstui<\/p><\/div>\n<p>\u0160ios Jungtin\u0117s Karalyst\u0117s loterijos pagrindinis prizas yra nuostabus 10 000 svar\u0173 sterling\u0173 kas m\u0117nes\u012f ateinan\u010dius 30 met\u0173. Tai tas pats, kas gauti 10 t\u016bkstan\u010di\u0173 per m\u0117nes\u012f u\u017e 30 met\u0173 trunkan\u010dias atostogas. \u0160is prizas jaudina daugel\u012f \u017eaid\u0117j\u0173. Ta\u010diau dar \u012fdomiau yra tai, kad \u0161ioje loterijoje yra ir kit\u0173 \u012fdomi\u0173 priz\u0173 lygi\u0173. \u0160tai priz\u0173 kategorijos.<\/p>\n<p>1 kategorija: 5 skai\u010di\u0173 atitikimas + &#8220;Life Ball&#8221; &#8211; 10 000 svar\u0173 sterling\u0173 kas m\u0117nes\u012f 30 met\u0173<\/p>\n<p>2 kategorija: tik 5 skai\u010di\u0173 atitikimas &#8211; 10 000 svar\u0173 sterling\u0173 kas m\u0117nes\u012f 1 metus<\/p>\n<p>3 kategorija: 4 skai\u010di\u0173 atitikimas ir &#8220;LIfe Ball&#8221; &#8211; 250 svar\u0173 sterling\u0173.<\/p>\n<p>4 kategorija: Tik 4 skai\u010di\u0173 atitikimas &#8211; 50 svar\u0173 sterling\u0173<\/p>\n<p>5 kategorija: 3 skai\u010di\u0173 atitikimas ir &#8220;Life Ball&#8221; &#8211; 30 svar\u0173 sterling\u0173<\/p>\n<p>6 kategorija: Tik 3 skai\u010di\u0173 atitikimas &#8211; 20 svar\u0173 sterling\u0173<\/p>\n<p>7 kategorija: 2 skai\u010di\u0173 atitikimas ir &#8220;Gyvyb\u0117s kamuoliukas&#8221; &#8211; \u00a310<\/p>\n<p>8 kategorija Rungtyn\u0117s tik su 2 skai\u010diais &#8211; \u00a35<\/p>\n<section class=\"layout\" style=\"border: solid 1px; width: 100%;\">\n<div class=\"img-div\" style=\"margin-top: 5px;\"><img decoding=\"async\" class=\"wp-image-17212 alignleft\" style=\"height: 45px; margin: 8px 8px 0px;\" src=\"https:\/\/jackpotlotteryonline.com\/wp-content\/uploads\/2022\/11\/read1.jpg\" alt=\"Skaityti \" width=\"\" height=\"\" \/><\/div>\n<div style=\"padding-left: 5px;\">\n<div style=\"font-size: 1.1em;\">\n<p><strong>Kai kurie loterijos laim\u0117tojai sugr\u012f\u017eo \u012f bendruomen\u0119<\/strong><\/p>\n<p style=\"font-size: 0.85em; margin-top: -1.5em;\">Keletas \u012fdomi\u0173 ir \u0161ird\u012f d\u017eiuginan\u010di\u0173 istorij\u0173 apie loterijos laim\u0117toj\u0173 param\u0105\u00a0 <a href=\"https:\/\/jackpotlotteryonline.com\/lt\/istorijos-apie-loterijos-laimetojus-duodancius-graza\">skaityti daugiau<\/a><\/p>\n<\/div>\n<\/div>\n<\/section>\n<h2>\u017daiskite JK anuitet\u0173 loterij\u0105 \u010dia \u0161iandien<\/h2>\n<p>Esame konjunkt\u016brin\u0117s loterijos svetain\u0117, kuri suteikia galimyb\u0119 \u017eaid\u0117jams visame pasaulyje gauti prieig\u0105 prie geriausi\u0173 tarptautini\u0173 loterij\u0173. Pirkdami loterijos bilietus i\u0161 m\u016bs\u0173, m\u0117gausit\u0117s malonumu \u017eaisti loterij\u0105 be joki\u0173 r\u016bpes\u010di\u0173.<\/p>\n<p>Jei laim\u0117site kok\u012f nors priz\u0105, gal\u0117site lengvai atsiimti laim\u0117jim\u0105 \u010dia pat, m\u016bs\u0173 svetain\u0117je. Mes visk\u0105 padarome taip paprasta. O jei j\u016bs\u0173 prizas vir\u0161ija tam tikr\u0105 sum\u0105, pad\u0117sime jums u\u017epildyti pra\u0161ymo form\u0105, kad gal\u0117tum\u0117te atsiimti laim\u0117jim\u0105.<\/p>\n<p>Viskas, k\u0105 darome, yra nukreipta \u012f tai, kad m\u016bs\u0173 klientams b\u016bt\u0173 u\u017etikrinta sklandi loterijos patirtis. Taigi pirmyn ir dalyvaukite JK &#8220;Set for Life&#8221; loterijoje \u0161iandien.<\/p>\n","protected":false},"excerpt":{"rendered":"<p>Daug daugiau \u017eaid\u0117j\u0173 visame pasaulyje pradeda suprasti, koks gra\u017eus yra setas visam likusiam gyvenimui. B\u016btent tai \u017eaid\u0117jams si\u016blo Jungtin\u0117s Karalyst\u0117s loterija &#8220;Set for Life&#8221;: galimyb\u0119 30 met\u0173 kiekvien\u0105 m\u0117nes\u012f laim\u0117ti 10 000 svar\u0173 sterling\u0173. \u0160i loterija vadinama anuitet\u0173 loterija, nes laim\u0117tojas negauna vienkartin\u0117s i\u0161mokos. I\u0161 pirmo \u017evilgsnio tai gali pasirodyti ne taip patrauklu, kaip laim\u0117ti [&hellip;]<\/p>\n","protected":false},"author":1,"featured_media":0,"parent":35707,"menu_order":11,"comment_status":"closed","ping_status":"closed","template":"set-for-life.php","meta":{"_et_pb_use_builder":"","_et_pb_old_content":"","_et_gb_content_width":"","exclude_from_search":false,"footnotes":""},"class_list":["post-39658","page","type-page","status-publish","hentry"],"yoast_head":"<!-- This site is optimized with the Yoast SEO plugin v23.3 - https:\/\/yoast.com\/wordpress\/plugins\/seo\/ -->\n<title>\u017daiskite &quot;Set for Life&quot; ne i\u0161 Jungtin\u0117s Karalyst\u0117s<\/title>\n<meta name=\"description\" content=\"\u017daiskite JK anuitet\u0173 loterij\u0105 internetu ir laim\u0117kite galimyb\u0119 b\u016bti nustatytu visam likusiam gyvenimui.\" \/>\n<meta name=\"robots\" content=\"index, follow, max-snippet:-1, max-image-preview:large, max-video-preview:-1\" \/>\n<link rel=\"canonical\" href=\"https:\/\/jackpotlotteryonline.com\/lt\/kaip-zaisti\/saturday-lotto-2\/\" \/>\n<meta property=\"og:locale\" content=\"lt_LT\" \/>\n<meta property=\"og:type\" content=\"article\" \/>\n<meta property=\"og:title\" content=\"\u017daiskite &quot;Set for Life&quot; ne i\u0161 Jungtin\u0117s Karalyst\u0117s\" \/>\n<meta property=\"og:description\" content=\"\u017daiskite JK anuitet\u0173 loterij\u0105 internetu ir laim\u0117kite galimyb\u0119 b\u016bti nustatytu visam likusiam gyvenimui.\" \/>\n<meta property=\"og:url\" content=\"https:\/\/jackpotlotteryonline.com\/lt\/kaip-zaisti\/saturday-lotto-2\/\" \/>\n<meta property=\"og:site_name\" content=\"Lotto Online - Crack The International Lottery Jackpots\" \/>\n<meta property=\"article:modified_time\" content=\"2022-12-31T13:13:48+00:00\" \/>\n<meta property=\"og:image\" content=\"https:\/\/jackpotlotteryonline.com\/wp-content\/uploads\/2022\/11\/1_lottery_winner_ticket-200x300.jpg\" \/>\n<meta name=\"twitter:card\" content=\"summary_large_image\" \/>\n<meta name=\"twitter:label1\" content=\"Est. reading time\" \/>\n\t<meta name=\"twitter:data1\" content=\"4 minut\u0117s\" \/>\n<!-- \/ Yoast SEO plugin. -->","yoast_head_json":{"title":"\u017daiskite \"Set for Life\" ne i\u0161 Jungtin\u0117s Karalyst\u0117s","description":"\u017daiskite JK anuitet\u0173 loterij\u0105 internetu ir laim\u0117kite galimyb\u0119 b\u016bti nustatytu visam likusiam gyvenimui.","robots":{"index":"index","follow":"follow","max-snippet":"max-snippet:-1","max-image-preview":"max-image-preview:large","max-video-preview":"max-video-preview:-1"},"canonical":"https:\/\/jackpotlotteryonline.com\/lt\/kaip-zaisti\/saturday-lotto-2\/","og_locale":"lt_LT","og_type":"article","og_title":"\u017daiskite \"Set for Life\" ne i\u0161 Jungtin\u0117s Karalyst\u0117s","og_description":"\u017daiskite JK anuitet\u0173 loterij\u0105 internetu ir laim\u0117kite galimyb\u0119 b\u016bti nustatytu visam likusiam gyvenimui.","og_url":"https:\/\/jackpotlotteryonline.com\/lt\/kaip-zaisti\/saturday-lotto-2\/","og_site_name":"Lotto Online - Crack The International Lottery Jackpots","article_modified_time":"2022-12-31T13:13:48+00:00","og_image":[{"url":"https:\/\/jackpotlotteryonline.com\/wp-content\/uploads\/2022\/11\/1_lottery_winner_ticket-200x300.jpg"}],"twitter_card":"summary_large_image","twitter_misc":{"Est. reading time":"4 minut\u0117s"},"schema":{"@context":"https:\/\/schema.org","@graph":[{"@type":"WebPage","@id":"https:\/\/jackpotlotteryonline.com\/lt\/kaip-zaisti\/saturday-lotto-2\/","url":"https:\/\/jackpotlotteryonline.com\/lt\/kaip-zaisti\/saturday-lotto-2\/","name":"\u017daiskite \"Set for Life\" ne i\u0161 Jungtin\u0117s Karalyst\u0117s","isPartOf":{"@id":"https:\/\/jackpotlotteryonline.com\/#website"},"primaryImageOfPage":{"@id":"https:\/\/jackpotlotteryonline.com\/lt\/kaip-zaisti\/saturday-lotto-2\/#primaryimage"},"image":{"@id":"https:\/\/jackpotlotteryonline.com\/lt\/kaip-zaisti\/saturday-lotto-2\/#primaryimage"},"thumbnailUrl":"https:\/\/jackpotlotteryonline.com\/wp-content\/uploads\/2022\/11\/1_lottery_winner_ticket-200x300.jpg","datePublished":"2022-11-28T12:28:19+00:00","dateModified":"2022-12-31T13:13:48+00:00","description":"\u017daiskite JK anuitet\u0173 loterij\u0105 internetu ir laim\u0117kite galimyb\u0119 b\u016bti nustatytu visam likusiam gyvenimui.","breadcrumb":{"@id":"https:\/\/jackpotlotteryonline.com\/lt\/kaip-zaisti\/saturday-lotto-2\/#breadcrumb"},"inLanguage":"lt-LT","potentialAction":[{"@type":"ReadAction","target":["https:\/\/jackpotlotteryonline.com\/lt\/kaip-zaisti\/saturday-lotto-2\/"]}]},{"@type":"ImageObject","inLanguage":"lt-LT","@id":"https:\/\/jackpotlotteryonline.com\/lt\/kaip-zaisti\/saturday-lotto-2\/#primaryimage","url":"https:\/\/jackpotlotteryonline.com\/wp-content\/uploads\/2022\/11\/1_lottery_winner_ticket-200x300.jpg","contentUrl":"https:\/\/jackpotlotteryonline.com\/wp-content\/uploads\/2022\/11\/1_lottery_winner_ticket-200x300.jpg"},{"@type":"BreadcrumbList","@id":"https:\/\/jackpotlotteryonline.com\/lt\/kaip-zaisti\/saturday-lotto-2\/#breadcrumb","itemListElement":[{"@type":"ListItem","position":1,"name":"Home","item":"https:\/\/jackpotlotteryonline.com\/lt\/"},{"@type":"ListItem","position":2,"name":"Kaip \u017eaisti","item":"https:\/\/jackpotlotteryonline.com\/lt\/kaip-zaisti\/"},{"@type":"ListItem","position":3,"name":"\u017eaisti Set For Life internete"}]},{"@type":"WebSite","@id":"https:\/\/jackpotlotteryonline.com\/#website","url":"https:\/\/jackpotlotteryonline.com\/","name":"Lotto Online - Crack The International Lottery Jackpots","description":"","potentialAction":[{"@type":"SearchAction","target":{"@type":"EntryPoint","urlTemplate":"https:\/\/jackpotlotteryonline.com\/?s={search_term_string}"},"query-input":"required name=search_term_string"}],"inLanguage":"lt-LT"}]}},"_links":{"self":[{"href":"https:\/\/jackpotlotteryonline.com\/lt\/wp-json\/wp\/v2\/pages\/39658","targetHints":{"allow":["GET"]}}],"collection":[{"href":"https:\/\/jackpotlotteryonline.com\/lt\/wp-json\/wp\/v2\/pages"}],"about":[{"href":"https:\/\/jackpotlotteryonline.com\/lt\/wp-json\/wp\/v2\/types\/page"}],"author":[{"embeddable":true,"href":"https:\/\/jackpotlotteryonline.com\/lt\/wp-json\/wp\/v2\/users\/1"}],"replies":[{"embeddable":true,"href":"https:\/\/jackpotlotteryonline.com\/lt\/wp-json\/wp\/v2\/comments?post=39658"}],"version-history":[{"count":0,"href":"https:\/\/jackpotlotteryonline.com\/lt\/wp-json\/wp\/v2\/pages\/39658\/revisions"}],"up":[{"embeddable":true,"href":"https:\/\/jackpotlotteryonline.com\/lt\/wp-json\/wp\/v2\/pages\/35707"}],"wp:attachment":[{"href":"https:\/\/jackpotlotteryonline.com\/lt\/wp-json\/wp\/v2\/media?parent=39658"}],"curies":[{"name":"wp","href":"https:\/\/api.w.org\/{rel}","templated":true}]}}