{"id":39716,"date":"2022-11-29T08:05:58","date_gmt":"2022-11-29T08:05:58","guid":{"rendered":"https:\/\/jackpotlotteryonline.com\/?page_id=39716"},"modified":"2023-01-03T10:22:26","modified_gmt":"2023-01-03T10:22:26","slug":"new-york-lottery-2","status":"publish","type":"page","link":"https:\/\/jackpotlotteryonline.com\/lt\/kaip-zaisti\/new-york-lottery-2\/","title":{"rendered":"\u017daisti Niujorko loto internetu"},"content":{"rendered":"<p>Niujorko loto istorija kupina ger\u0173 darb\u0173 ir bendro pozityvumo. Kadangi loterija buvo sukurta kaip b\u016bdas pad\u0117ti valstijos \u0161vietimui, ji yra geras pasirinkimas \u017eaid\u0117jams, kurie m\u0117gsta \u0161iek tiek altruizmo kartu su pramogomis. I\u0161 esm\u0117s, jei norite loterijos, kuri leist\u0173 jums jaustis taip, tarsi prisid\u0117tum\u0117te prie pasaulio gerov\u0117s, tur\u0117tum\u0117te apsvarstyti Niujorko loterij\u0105.<\/p>\n<p>Ta\u010diau daugumai \u017eaid\u0117j\u0173 kyla klausimas, kaip dalyvauti \u0161ioje loterijoje i\u0161 kito pasaulio kra\u0161to. Kaip tikriausiai atsp\u0117jote i\u0161 pavadinimo, Niujorko loto yra JAV Niujorko valstijos valstybin\u0117 loterija. Taigi, joje gali dalyvauti \u0161ioje valstijoje gyvenantys loterijos entuziastai, o loterijos bilietus galima lengvai \u012fsigyti i\u0161 valstijoje esan\u010di\u0173 pardav\u0117j\u0173. Jei gyvenate u\u017e valstijos rib\u0173 ar net visai kitame \u017eemyne, situacija visi\u0161kai kitokia.<\/p>\n<p>Ta\u010diau niekada nebijokite, mes jums parodysime geriausi\u0105 b\u016bd\u0105 \u012fsigyti loterijos biliet\u0173 i\u0161 bet kurios pasaulio vietos. Jei skubate dalyvauti kitame tira\u017ee, kod\u0117l gi nepaband\u017eius apsilankyti svetain\u0117je jackpotlotlotteryonline.com ir prad\u0117ti?<\/p>\n<h2>Patarimai, kaip \u017eaisti Niujorko loto<\/h2>\n<p>Dabar pereikime prie prie\u017easties, d\u0117l kurios esame \u010dia: kaip \u017eaisti Niujorko loto i\u0161 bet kurios vietos. Prie\u0161 pradedant nagrin\u0117ti detales, tikriausiai pravartu pasidalyti keliais patarimais, kaip \u017eaisti loto. Nors \u010dia kalbame apie konkre\u010di\u0105 loterij\u0105, \u0161ie patarimai tinka ir kitoms did\u017eiausioms tarptautin\u0117ms loterijoms, \u012f kurias, beje, \u010dia taip pat galite patekti.<\/p>\n<p><strong>Taigi, \u010dia pateikiami m\u016bs\u0173 patarimai, kaip \u017eaisti Niujorko loto:<\/strong><\/p>\n<ul>\n<li>Atid\u017eiai pasirinkite savo numerius. Tiesa, kad n\u0117ra jokio realaus b\u016bdo nusp\u0117ti, kokie skai\u010diai laim\u0117s loterijoje, ta\u010diau galima sakyti, kad reikia rinktis skai\u010dius, kurie jums ka\u017ek\u0105 rei\u0161kia.<\/li>\n<li>Atkreipkite d\u0117mes\u012f \u012f premijos numer\u012f. Daugelis \u017eaid\u0117j\u0173 nesupranta, kad pagrindinis prizas n\u0117ra viskas, k\u0105 galite laim\u0117ti. Nuo premijinio skai\u010diaus priklauso antrojo lygio prizas, kuris taip pat yra solidi suma, su kuria galima gr\u012f\u017eti namo.<\/li>\n<li>Nepraleiskite burt\u0173. Jei \u017eaid\u017eiate tam, kad laim\u0117tum\u0117te, tuomet tur\u0117tum\u0117te sutelkti d\u0117mes\u012f \u012f dalyvavim\u0105 tira\u017euose. Niujorko loto loterijoje per savait\u0119 vyksta du traukimai &#8211; tre\u010diadien\u012f ir \u0161e\u0161tadien\u012f. Stenkit\u0117s dalyvauti abiejuose traukimuose. Taip pat galite \u012f burtus patekti prie\u0161 kelias savaites (v\u0117liau parodysime, kaip tai padaryti).<\/li>\n<\/ul>\n<h2>Neprisijungus prie interneto ir internetu<\/h2>\n<p><img loading=\"lazy\" decoding=\"async\" class=\"alignright size-full wp-image-31505\" src=\"http:\/\/jackpotlotteryonline.com\/wp-content\/uploads\/2022\/11\/lotto2-300x84-1.png\" alt=\"\u017daisti Niujorko loto internetu\" width=\"300\" height=\"84\" \/>Kuo skiriasi lo\u0161imas loterijoje internetu ir neprisijungus prie interneto ir ar yra koki\u0173 nors privalum\u0173? Taip, \u0161iuos klausimus girdime da\u017enai ir jie yra pagr\u012fsti. Jei gyvenate, pavyzd\u017eiui, Niujorke, nat\u016bralu, kad jums kyla klausimas, ar yra koks nors privalumas dalyvauti loterijoje internetu. Na, mes galime jums vien\u0105 pateikti: patogumas.<\/p>\n<p>Bandymas i\u0161siai\u0161kinti, kuris pardav\u0117jas parduoda kok\u012f loterijos biliet\u0105, gali kelti stres\u0105, ypa\u010d kai iki biliet\u0173 pardavimo pabaigos lieka vos kelios minut\u0117s. Be to, galb\u016bt nor\u0117site dalyvauti keliose loterijose, o tai tik apsunkina darb\u0105, jei tenka vaik\u0161\u010dioti nuo vieno pardav\u0117jo prie kito.<\/p>\n<p>\u017daid\u017eiant loterij\u0105 internetu \u017eaid\u0117jams suteikiamas toks patogumas, apie kok\u012f iki \u0161iol net nebuvo galima \u012fsivaizduoti. Tiesiog patogiai s\u0117d\u0117dami prie kompiuterio ar mobiliojo \u012frenginio galite pirkti loterijos bilietus, tikrinti traukimo rezultatus ir i\u0161sigryninti laim\u0117jimus. Galime garantuoti, kad kart\u0105 i\u0161band\u0119 loterij\u0105 internetu, nebegal\u0117site gr\u012f\u017eti atgal.<\/p>\n<h2>Kaip \u017eaisti internetu<\/h2>\n<p>Nesvarbu, ar esate patyr\u0119s lo\u0161\u0117jas, ar naujokas, dalyvauti loterijoje internetu galima greitai, paprastai ir visi\u0161kai paprastai. Jei \u017eaid\u017eiate Niujorko loterij\u0105, toliau pateikiami \u0161ie \u017eingsniai:<\/p>\n<ul>\n<li>Spustel\u0117kite loterij\u0105, kuri\u0105 norite \u017eaisti.<\/li>\n<li>Pasirinkite 6 skai\u010dius i\u0161 1-59. Yra 7-asis skai\u010dius, ta\u010diau j\u012f atsitiktinai i\u0161traukia loterijos bendrov\u0117 ir jis n\u0117ra j\u016bs\u0173 bilieto dalis.<\/li>\n<li><a href=\"https:\/\/jackpotlotteryonline.com\/lt\/laimeje-skaitmenys\/new-york-lottery\">Dalyvaukite traukimuose<\/a>, kurie vyksta kiekvienos savait\u0117s tre\u010diadieniais ir \u0161e\u0161tadieniais. Galite dalyvauti tik viename tira\u017ee arba abiejuose.<\/li>\n<li>Baigti mok\u0117jim\u0105. Dauguma loterij\u0173 svetaini\u0173 papra\u0161ys j\u016bs\u0173 u\u017esiregistruoti, kad gal\u0117tum\u0117te u\u017ebaigti mok\u0117jim\u0105. Taip yra tam, kad nusipirk\u0119 biliet\u0105 gal\u0117tum\u0117te lengvai j\u012f pasiekti.<\/li>\n<\/ul>\n<p>\u017daisti loterij\u0105 internetu i\u0161 ties\u0173 labai paprasta. Atsi\u017evelgiant \u012f tai, kad n\u0117ra jokio kito b\u016bdo \u012fsigyti Niujorko loterijos biliet\u0173 ne i\u0161 Niujorko valstijos JAV, tai yra fantasti\u0161kas b\u016bdas ir tada, kai gyvenate kitame pasaulio kra\u0161te.<\/p>\n<section class=\"layout\" style=\"border: solid 1px; width: 100%;\">\n<div class=\"img-div\" style=\"margin-top: 5px;\"><img decoding=\"async\" class=\"wp-image-17212 alignleft\" style=\"height: 45px; margin: 8px 8px 0px;\" src=\"http:\/\/jackpotlotteryonline.com\/wp-content\/uploads\/2022\/11\/read1.jpg\" alt=\"Skaityti \" width=\"\" height=\"\" \/><\/div>\n<div style=\"padding-left: 5px;\">\n<div style=\"font-size: 1.1em;\">\n<p><strong>Kaip man sumok\u0117ti, jei laim\u0117jau loterij\u0105 internete?<\/strong><\/p>\n<p style=\"font-size: 0.85em; margin-top: -1.5em;\">\u0160tai kaip gausite pinigus, jei laim\u0117site loterijoje internetu\u00a0<a href=\"https:\/\/jackpotlotteryonline.com\/lt\/kaip-gauti-uzmokesti-jeigu-laimesiu-loterija-online\"> skaityti daugiau<\/a><\/p>\n<\/div>\n<\/div>\n<\/section>\n<h2>Kaip pasirinkti laimin\u010dius skai\u010dius<\/h2>\n<p>Laiming\u0173 skai\u010di\u0173 pasirinkimo tema yra sud\u0117tinga, nors, atid\u017eiau \u012f j\u0105 pa\u017evelgus, taip netur\u0117t\u0173 b\u016bti. J\u0105 pernelyg komplikuoja tie, kurie nori pateikti vadinam\u0105sias matematines formules, kaip laim\u0117ti loterijoje. Rimtai, nepasitik\u0117kite jokiais vadinamaisiais moksliniais metodais.<\/p>\n<p>Loterija yra atsitiktinumo \u017eaidimas ir Niujorko loterija n\u0117ra i\u0161imtis. Skai\u010diai generuojami atsitiktinai, o s\u0117km\u0117 turi daug \u012ftakos tam, kas laimi loterijoje.<\/p>\n<p>Turint tai omenyje, visada pravartu \u0161iek tiek pasinaudoti s\u0117km\u0117s faktoriumi pasirenkant laimingus skai\u010dius. Taigi, galite pasirinkti gimtadienio, jubiliejaus, numerius, kurie jums vis\u0105 gyvenim\u0105 buvo laimingi, ir pan. Arba galite tiesiog pasinaudoti m\u016bs\u0173 svetain\u0117je esan\u010diu automatinio generatoriaus \u012frankiu ir atsitiktinai parinkti skai\u010dius. Galiausiai viskas priklauso nuo s\u0117km\u0117s.<\/p>\n<h2>Kur pirkti bilietus \u012f Niujorko Lotto<\/h2>\n<p>Jei esate pasiruo\u0161\u0119 dalyvauti Niujorko loto, kitas \u017eingsnis &#8211;<a href=\"https:\/\/jackpotlotteryonline.com\/lt\/pirkti-bilietus\/new-york-lottery\"> nusipirkti bilietus<\/a>. Tai galite padaryti internetu i\u0161 loterijos pardav\u0117j\u0173 svetain\u0117s, pavyzd\u017eiui, jackpotlotlotteryonline.com. Svarbu saugotis loterijos svetaini\u0173, kurios tiksliai nenurodo, kaip gaus j\u016bs\u0173 bilietus. Tokiose svetain\u0117se galite tik la\u017eintis d\u0117l loterijos rezultat\u0173, bet i\u0161 tikr\u0173j\u0173 joje nedalyvauti.<\/p>\n<p>Pirkdami loterijos bilietus i\u0161 m\u016bs\u0173, m\u016bs\u0173 agentai Niujorke nupirks bilietus su atitinkamais skai\u010diais. Tai beveik tas pats, kas tur\u0117ti savo asmenin\u012f loterijos agent\u0105 skirtingose pasaulio dalyse.<\/p>\n<h2>Priz\u0173 pakopos Niujorko loto<\/h2>\n<p><img loading=\"lazy\" decoding=\"async\" class=\"alignright size-medium wp-image-28913\" src=\"http:\/\/jackpotlotteryonline.com\/wp-content\/uploads\/2022\/11\/1_pick_lottery_numbers-300x200.jpg\" alt=\"pirkti Niujorko loto bilietus\" width=\"300\" height=\"200\" srcset=\"https:\/\/jackpotlotteryonline.com\/wp-content\/uploads\/2022\/11\/1_pick_lottery_numbers-300x200.jpg 300w, https:\/\/jackpotlotteryonline.com\/wp-content\/uploads\/2022\/11\/1_pick_lottery_numbers.jpg 320w\" sizes=\"auto, (max-width: 300px) 100vw, 300px\" \/><\/p>\n<p>Niujorko loto turi kelis priz\u0173 lygius. Nors dauguma lo\u0161\u0117j\u0173 siekia pagrindinio prizo, ir j\u016bs taip pat tur\u0117tum\u0117te tai daryti, ta\u010diau faktas, kad ne visi gali laim\u0117ti pagrindin\u012f priz\u0105, yra tikras. Nepaisant to, yra keletas kit\u0173 priz\u0173 kategorij\u0173, kurias \u017eaid\u0117jai gali laim\u0117ti.<\/p>\n<p>Taigi, pagrindinio prizo prizas prasideda nuo 2 milijon\u0173 JAV doleri\u0173, ta\u010diau neapsigaukite d\u0117l \u0161ios sumos. Kai po burt\u0173 traukimo n\u0117ra laim\u0117tojo, prizas persikelia ir ima vis augti ir augti. Did\u017eiausias kada nors \u0161ios loterijos pagrindinis prizas buvo stulbinantis &#8211; 176 mln. doleri\u0173. Taip, visi\u0161kai kei\u010diantis gyvenim\u0105.<\/p>\n<p>1 pakopa (pagrindinis prizas) &#8211; sutapkite su visais 6 i\u0161trauktais skai\u010diais<\/p>\n<p>2 pakopa &#8211; sutapkite su 5 skai\u010diais ir papildomu skai\u010diumi<\/p>\n<p>3 pakopa &#8211; atitikite 5 skai\u010dius<\/p>\n<p>4 pakopa &#8211; atitikti 4 skai\u010dius<\/p>\n<p>5 pakopa &#8211; atitikite 3 skai\u010dius<\/p>\n<h2>Laim\u0117jimas ir pinig\u0173 i\u0161mok\u0117jimas<\/h2>\n<p>Laim\u0117ti Niujorko loto rei\u0161kia tur\u0117ti biliet\u0105, kuris atitinka i\u0161trauktus skai\u010dius. Kas atitinka i\u0161trauktus skai\u010dius, tas laimi loterijoje. Nor\u0117dami su\u017einoti, ar laim\u0117jote loterijoje, turite patikrinti traukimo rezultatus. Jei esate u\u017esiregistrav\u0119 pas mus, laim\u0117j\u0119 priz\u0105 atsi\u0173sime jums el. lai\u0161k\u0105.<\/p>\n<p>Jei loterijos bilietus perkate i\u0161 m\u016bs\u0173, laim\u0117jimus galite lengvai atsiimti i\u0161 m\u016bs\u0173 platformos \u012f savo s\u0105skait\u0105. Jei laim\u0117jote 2500 eur\u0173 ar ma\u017eiau, pinigus gal\u0117site atsiimti vienu spustel\u0117jimu. Jei tai daugiau, atsi\u0173sime jums pretenzijos form\u0105, kuri\u0105 tur\u0117site u\u017epildyti, o tada pad\u0117sime \u012fforminti j\u016bs\u0173 laim\u0117jim\u0105.<\/p>\n<p>Ie\u0161kokite biliet\u0173 \u012f Niujorko loto dabar jackpotlotlotteryonline.com.<\/p>\n","protected":false},"excerpt":{"rendered":"<p>Niujorko loto istorija kupina ger\u0173 darb\u0173 ir bendro pozityvumo. Kadangi loterija buvo sukurta kaip b\u016bdas pad\u0117ti valstijos \u0161vietimui, ji yra geras pasirinkimas \u017eaid\u0117jams, kurie m\u0117gsta \u0161iek tiek altruizmo kartu su pramogomis. I\u0161 esm\u0117s, jei norite loterijos, kuri leist\u0173 jums jaustis taip, tarsi prisid\u0117tum\u0117te prie pasaulio gerov\u0117s, tur\u0117tum\u0117te apsvarstyti Niujorko loterij\u0105. Ta\u010diau daugumai \u017eaid\u0117j\u0173 kyla klausimas, [&hellip;]<\/p>\n","protected":false},"author":1,"featured_media":0,"parent":35707,"menu_order":14,"comment_status":"closed","ping_status":"closed","template":"newyork.php","meta":{"_et_pb_use_builder":"","_et_pb_old_content":"","_et_gb_content_width":"","exclude_from_search":false,"footnotes":""},"class_list":["post-39716","page","type-page","status-publish","hentry"],"yoast_head":"<!-- This site is optimized with the Yoast SEO plugin v23.3 - https:\/\/yoast.com\/wordpress\/plugins\/seo\/ -->\n<title>Kaip \u017eaisti Niujorko loto i\u0161 bet kurios vietos<\/title>\n<meta name=\"description\" content=\"Nesvarbu, kur esate, galite dalyvauti Niujorko loto internete. Su\u017einokite daugiau apie tai, kaip \u017eaisti ir laim\u0117ti \u010dia.\" \/>\n<meta name=\"robots\" content=\"index, follow, max-snippet:-1, max-image-preview:large, max-video-preview:-1\" \/>\n<link rel=\"canonical\" href=\"https:\/\/jackpotlotteryonline.com\/lt\/kaip-zaisti\/new-york-lottery-2\/\" \/>\n<meta property=\"og:locale\" content=\"lt_LT\" \/>\n<meta property=\"og:type\" content=\"article\" \/>\n<meta property=\"og:title\" content=\"Kaip \u017eaisti Niujorko loto i\u0161 bet kurios vietos\" \/>\n<meta property=\"og:description\" content=\"Nesvarbu, kur esate, galite dalyvauti Niujorko loto internete. Su\u017einokite daugiau apie tai, kaip \u017eaisti ir laim\u0117ti \u010dia.\" \/>\n<meta property=\"og:url\" content=\"https:\/\/jackpotlotteryonline.com\/lt\/kaip-zaisti\/new-york-lottery-2\/\" \/>\n<meta property=\"og:site_name\" content=\"Lotto Online - Crack The International Lottery Jackpots\" \/>\n<meta property=\"article:modified_time\" content=\"2023-01-03T10:22:26+00:00\" \/>\n<meta property=\"og:image\" content=\"http:\/\/jackpotlotteryonline.com\/wp-content\/uploads\/2022\/11\/lotto2-300x84-1.png\" \/>\n<meta name=\"twitter:card\" content=\"summary_large_image\" \/>\n<meta name=\"twitter:label1\" content=\"Est. reading time\" \/>\n\t<meta name=\"twitter:data1\" content=\"5 minut\u0117s\" \/>\n<!-- \/ Yoast SEO plugin. -->","yoast_head_json":{"title":"Kaip \u017eaisti Niujorko loto i\u0161 bet kurios vietos","description":"Nesvarbu, kur esate, galite dalyvauti Niujorko loto internete. Su\u017einokite daugiau apie tai, kaip \u017eaisti ir laim\u0117ti \u010dia.","robots":{"index":"index","follow":"follow","max-snippet":"max-snippet:-1","max-image-preview":"max-image-preview:large","max-video-preview":"max-video-preview:-1"},"canonical":"https:\/\/jackpotlotteryonline.com\/lt\/kaip-zaisti\/new-york-lottery-2\/","og_locale":"lt_LT","og_type":"article","og_title":"Kaip \u017eaisti Niujorko loto i\u0161 bet kurios vietos","og_description":"Nesvarbu, kur esate, galite dalyvauti Niujorko loto internete. Su\u017einokite daugiau apie tai, kaip \u017eaisti ir laim\u0117ti \u010dia.","og_url":"https:\/\/jackpotlotteryonline.com\/lt\/kaip-zaisti\/new-york-lottery-2\/","og_site_name":"Lotto Online - Crack The International Lottery Jackpots","article_modified_time":"2023-01-03T10:22:26+00:00","og_image":[{"url":"http:\/\/jackpotlotteryonline.com\/wp-content\/uploads\/2022\/11\/lotto2-300x84-1.png"}],"twitter_card":"summary_large_image","twitter_misc":{"Est. reading time":"5 minut\u0117s"},"schema":{"@context":"https:\/\/schema.org","@graph":[{"@type":"WebPage","@id":"https:\/\/jackpotlotteryonline.com\/lt\/kaip-zaisti\/new-york-lottery-2\/","url":"https:\/\/jackpotlotteryonline.com\/lt\/kaip-zaisti\/new-york-lottery-2\/","name":"Kaip \u017eaisti Niujorko loto i\u0161 bet kurios vietos","isPartOf":{"@id":"https:\/\/jackpotlotteryonline.com\/#website"},"primaryImageOfPage":{"@id":"https:\/\/jackpotlotteryonline.com\/lt\/kaip-zaisti\/new-york-lottery-2\/#primaryimage"},"image":{"@id":"https:\/\/jackpotlotteryonline.com\/lt\/kaip-zaisti\/new-york-lottery-2\/#primaryimage"},"thumbnailUrl":"http:\/\/jackpotlotteryonline.com\/wp-content\/uploads\/2022\/11\/lotto2-300x84-1.png","datePublished":"2022-11-29T08:05:58+00:00","dateModified":"2023-01-03T10:22:26+00:00","description":"Nesvarbu, kur esate, galite dalyvauti Niujorko loto internete. Su\u017einokite daugiau apie tai, kaip \u017eaisti ir laim\u0117ti \u010dia.","breadcrumb":{"@id":"https:\/\/jackpotlotteryonline.com\/lt\/kaip-zaisti\/new-york-lottery-2\/#breadcrumb"},"inLanguage":"lt-LT","potentialAction":[{"@type":"ReadAction","target":["https:\/\/jackpotlotteryonline.com\/lt\/kaip-zaisti\/new-york-lottery-2\/"]}]},{"@type":"ImageObject","inLanguage":"lt-LT","@id":"https:\/\/jackpotlotteryonline.com\/lt\/kaip-zaisti\/new-york-lottery-2\/#primaryimage","url":"http:\/\/jackpotlotteryonline.com\/wp-content\/uploads\/2022\/11\/lotto2-300x84-1.png","contentUrl":"http:\/\/jackpotlotteryonline.com\/wp-content\/uploads\/2022\/11\/lotto2-300x84-1.png"},{"@type":"BreadcrumbList","@id":"https:\/\/jackpotlotteryonline.com\/lt\/kaip-zaisti\/new-york-lottery-2\/#breadcrumb","itemListElement":[{"@type":"ListItem","position":1,"name":"Home","item":"https:\/\/jackpotlotteryonline.com\/lt\/"},{"@type":"ListItem","position":2,"name":"Kaip \u017eaisti","item":"https:\/\/jackpotlotteryonline.com\/lt\/kaip-zaisti\/"},{"@type":"ListItem","position":3,"name":"\u017daisti Niujorko loto internetu"}]},{"@type":"WebSite","@id":"https:\/\/jackpotlotteryonline.com\/#website","url":"https:\/\/jackpotlotteryonline.com\/","name":"Lotto Online - Crack The International Lottery Jackpots","description":"","potentialAction":[{"@type":"SearchAction","target":{"@type":"EntryPoint","urlTemplate":"https:\/\/jackpotlotteryonline.com\/?s={search_term_string}"},"query-input":"required name=search_term_string"}],"inLanguage":"lt-LT"}]}},"_links":{"self":[{"href":"https:\/\/jackpotlotteryonline.com\/lt\/wp-json\/wp\/v2\/pages\/39716","targetHints":{"allow":["GET"]}}],"collection":[{"href":"https:\/\/jackpotlotteryonline.com\/lt\/wp-json\/wp\/v2\/pages"}],"about":[{"href":"https:\/\/jackpotlotteryonline.com\/lt\/wp-json\/wp\/v2\/types\/page"}],"author":[{"embeddable":true,"href":"https:\/\/jackpotlotteryonline.com\/lt\/wp-json\/wp\/v2\/users\/1"}],"replies":[{"embeddable":true,"href":"https:\/\/jackpotlotteryonline.com\/lt\/wp-json\/wp\/v2\/comments?post=39716"}],"version-history":[{"count":0,"href":"https:\/\/jackpotlotteryonline.com\/lt\/wp-json\/wp\/v2\/pages\/39716\/revisions"}],"up":[{"embeddable":true,"href":"https:\/\/jackpotlotteryonline.com\/lt\/wp-json\/wp\/v2\/pages\/35707"}],"wp:attachment":[{"href":"https:\/\/jackpotlotteryonline.com\/lt\/wp-json\/wp\/v2\/media?parent=39716"}],"curies":[{"name":"wp","href":"https:\/\/api.w.org\/{rel}","templated":true}]}}