{"id":40320,"date":"2022-12-02T10:39:44","date_gmt":"2022-12-02T10:39:44","guid":{"rendered":"https:\/\/jackpotlotteryonline.com\/?page_id=40320"},"modified":"2022-12-19T15:02:48","modified_gmt":"2022-12-19T15:02:48","slug":"mega-millions","status":"publish","type":"page","link":"https:\/\/jackpotlotteryonline.com\/lt\/pirkti-bilietus\/mega-millions\/","title":{"rendered":"Mega Millions bilietai"},"content":{"rendered":"<h2>Kaip galite nusipirkti &#8220;Mega Millions&#8221; biliet\u0105 internetu?<\/h2>\n<p>Jei skaitote \u0161\u012f straipsn\u012f, tikriausiai jus domina galimyb\u0117 \u012fsigyti &#8220;Mega Millions&#8221; biliet\u0105. Mega Millions yra viena i\u0161 daugelio loterij\u0173, kurios laim\u0117tojams si\u016blo didelius prizus. Galb\u016bt dabar klausiate sav\u0119s: &#8220;Kaip galiu nusipirkti &#8220;Mega Millions&#8221; biliet\u0105 internetu?&#8221;.<\/p>\n<p>K\u0105 gi, mes jums pad\u0117sime. Pateikiame vadov\u0105, kuris pad\u0117s jums nusipirkti &#8220;Mega Millions&#8221; biliet\u0105 internetu.<\/p>\n<h2>Kod\u0117l verta pirkti &#8220;Mega Millions&#8221; bilietus internetu?<\/h2>\n<p><img loading=\"lazy\" decoding=\"async\" class=\"alignright size-full wp-image-31073\" src=\"http:\/\/jackpotlotteryonline.com\/wp-content\/uploads\/2022\/11\/logo_Mega_Millions_233x110.png\" alt=\"pirkti mega milijon\u0173 biliet\u0105 internetu\" width=\"232\" height=\"110\" \/>Mega Milijonai &#8211; tai JAV organizuojama loterija, kurioje laimimi dideli, gyvenim\u0105 kei\u010diantys prizai, da\u017enai siekiantys \u0161imtus milijon\u0173 svar\u0173 sterling\u0173. Laim\u0117jus \u0161\u012f aukso puod\u0105, j\u016bs\u0173 gyvenimas gali pasikeisti per vien\u0105 nakt\u012f, ta\u010diau tik tuo atveju, jei jums pasiseks ir visi laimingieji skai\u010diai bus teisingai atsp\u0117ti.<\/p>\n<p>Jei planuojate <a href=\"https:\/\/jackpotlotteryonline.com\/lt\/kaip-zaisti\/mega-millions\">\u017eaisti \u0161i\u0105 loterij\u0105 internetu<\/a>, tai rei\u0161kia, kad bilietus j\u016bs\u0173 vardu pirksime mes per savo vietinius prekybos agentus. Esame patikima konsjer\u017eo paslaug\u0173 teik\u0117ja, teikianti \u0161ias paslaugas savo klientams visame pasaulyje. U\u017etikriname, kad m\u016bs\u0173 klientai gaut\u0173 geriausias paslaugas, tad kod\u0117l gi nepirkti su mumis?<\/p>\n<p>Kadangi &#8220;Mega Millions&#8221; yra did\u017eiulis aukso puodas ir jame dalyvauja daug \u017emoni\u0173, tikimyb\u0117 laim\u0117ti yra gana didel\u0117, tod\u0117l dauguma \u017emoni\u0173 ie\u0161ko metod\u0173, kuriais gal\u0117t\u0173 padidinti savo galimybes laim\u0117ti \u0161iame aukso puode.<\/p>\n<p>Vienas i\u0161 b\u016bd\u0173 padidinti savo \u0161ansus &#8211; pirkti &#8220;Mega Millions&#8221; biliet\u0105 internetu. Tai galite padaryti m\u016bs\u0173 interneto svetain\u0117je, tiesiog u\u017esisakydami biliet\u0105 i\u0161 bet kurios pasaulio vietos, ir &#8220;Mega Millions&#8221; bilieto nuskaitym\u0105 gal\u0117site rasti savo paskyroje. Pirkdami &#8220;Mega Millions&#8221; biliet\u0105 internetu, neturite jaudintis d\u0117l to, kad bilietas bus pamestas ar pavogtas, nes j\u016bs\u0173 bilieto duomenys bus saugomi saugiai.<\/p>\n<p>Be to, pirkti &#8220;Mega Milijon\u0173&#8221; biliet\u0105 internetu yra patogiau nei eiti \u012f fizin\u0119 parduotuv\u0119, nes u\u017esakym\u0105 galite atlikti patogiai \u012fsitais\u0119 namuose i\u0161 bet kurios pasaulio vietos. Laukdami burt\u0173 traukimo, \u0161ioje &#8220;Mega Millions&#8221; loterijoje dalyvausite kaip ir JAV gyventojai.<\/p>\n<h2>&#8220;Mega Millions&#8221; biliet\u0173 pirkimo internetu procesas<\/h2>\n<p>Prie\u0161 pirkdami &#8220;Mega Millions&#8221; biliet\u0105 pas mus, tur\u0117tum\u0117te \u017einoti, kad mes veikiame kaip tarpininkas tarp j\u016bs\u0173 ir loterijos, tod\u0117l gal\u0117site \u017eaisti ir pirkti bilietus internetu, nesilankydami fizin\u0117je loterijos parduotuv\u0117je.<\/p>\n<p>Ar jau esate pasiruo\u0161\u0119 pirkti &#8220;Mega Millions&#8221; biliet\u0105 internetu? Jei taip, toliau pateikiami keli \u017eingsniai, kuri\u0173 reikia laikytis, kad biliet\u0173 pirkimas b\u016bt\u0173 s\u0117kmingas.<\/p>\n<p><strong>1. Susikurkite paskyr\u0105.<\/strong><br \/>\n<img loading=\"lazy\" decoding=\"async\" class=\"alignright size-full wp-image-34025\" src=\"http:\/\/jackpotlotteryonline.com\/wp-content\/uploads\/2022\/11\/2_ticket_mega_millions3-1.jpg\" alt=\"pirkti mega milijon\u0173 biliet\u0105 internetu\" width=\"180\" height=\"193\" \/>Jei esate naujokas, b\u016bsite nukreiptas \u012f registracijos puslap\u012f, kuriame pateiksite reikiamus duomenis. S\u0117kmingai suk\u016br\u0119 \u017eaid\u0117jo paskyr\u0105, eikite \u012f loterijos &#8220;Mega Millions&#8221; puslap\u012f ir atlikite toliau nurodytus veiksmus:<\/p>\n<p>Pasirinkite numerius, su kuriais norite \u017eaisti. Tai galite padaryti rankiniu b\u016bdu arba pasinaudoti m\u016bs\u0173 atsitiktini\u0173 skai\u010di\u0173 generatoriumi, kad numeriai b\u016bt\u0173 parinkti atsitiktine tvarka.<\/p>\n<p>Tada pasirinkite, kokiame skai\u010diuje traukim\u0173 norite dalyvauti. Galite pasirinkti vien\u0105 tira\u017e\u0105 arba \u012fsigyti keli\u0173 tira\u017e\u0173 bilietus. Dalyvaudami keliuose tira\u017euose padidinsite savo galimybes laim\u0117ti &#8220;Mega Millions&#8221; aukso puod\u0105.<\/p>\n<p><strong>2. Spustel\u0117kite mygtuk\u0105 &#8220;T\u0119sti&#8221; ir pereikite \u012f kasos puslap\u012f.<\/strong><\/p>\n<p><strong>3. Mok\u0117jimo b\u016bdai<\/strong><\/p>\n<p>Eikite \u012f mok\u0117jimo puslap\u012f ir sumok\u0117kite u\u017e bilietus. Po kurio laiko \u012f j\u016bs\u0173 paskyr\u0105 bus \u012fkeltas nuskaitytas &#8220;Mega Millions&#8221; bilieto skenavimas.<\/p>\n<p><strong>4. Dabar jums belieka laukti burt\u0173 traukimo, kuris vyksta kiekvien\u0105 antradien\u012f ir penktadien\u012f 23:00.<\/strong> Laiko juostos gali skirtis, tod\u0117l laukiant <a href=\"https:\/\/jackpotlotteryonline.com\/lt\/laimeje-skaitmenys\/mega-millions\">burt\u0173 traukimo<\/a> patariama pasitikslinti laiko juost\u0105.<\/p>\n<h2>Kas bus, kai laim\u0117siu &#8220;Mega Millions&#8221; aukso puod\u0105?<\/h2>\n<p>Jei teisingai atsp\u0117jote visus skai\u010dius, jums gali kilti klausimas, k\u0105 daryti toliau arba kaip gausite savo priz\u0105. Gausite vis\u0105 laim\u0117jim\u0105 ir jums nereik\u0117s vykti \u012f JAV atsiimti &#8220;Mega Millions&#8221; prizo. Tik \u017einokite, kad j\u016bs\u0173 bilieto nuskaitymas bus dalyvavimo loterijoje \u012frodymas, tod\u0117l saugokite j\u012f, nes jums jo prireiks.<\/p>\n<section class=\"layout\" style=\"border: solid 1px; width: 100%;\">\n<div class=\"img-div\" style=\"margin-top: 5px;\"><img decoding=\"async\" class=\"wp-image-17212 alignleft\" style=\"height: 45px; margin: 8px 8px 0px;\" src=\"http:\/\/jackpotlotteryonline.com\/wp-content\/uploads\/2022\/11\/read1.jpg\" alt=\"nugal\u0117tojo apdovanojimas\" width=\"\" height=\"\" \/><\/div>\n<div style=\"padding-left: 5px;\">\n<div style=\"font-size: 1.1em;\">\n<p><strong>Kaip man sumok\u0117ti, jei laim\u0117jau loterij\u0105 internete?<\/strong><\/p>\n<p style=\"font-size: 0.85em; margin-top: -1.5em;\">\u0160tai kaip gausite pinigus, jei laim\u0117site loterijoje internetu \u00a0<a href=\"https:\/\/jackpotlotteryonline.com\/lt\/kaip-gauti-uzmokesti-jeigu-laimesiu-loterija-online\">skaityti daugiau<\/a><\/p>\n<\/div>\n<\/div>\n<\/section>\n<h2>Patarimai, kurie pad\u0117s jums i\u0161lo\u0161ti &#8220;Mega Millions&#8221; aukso puod\u0105<\/h2>\n<p><img loading=\"lazy\" decoding=\"async\" class=\"size-medium wp-image-29858 alignright\" src=\"http:\/\/jackpotlotteryonline.com\/wp-content\/uploads\/2022\/11\/1_win_euromillions_lottery-300x164.jpg\" alt=\"pirkti mega milijon\u0173 biliet\u0105 internetu\" width=\"300\" height=\"164\" srcset=\"https:\/\/jackpotlotteryonline.com\/wp-content\/uploads\/2022\/11\/1_win_euromillions_lottery-300x164.jpg 300w, https:\/\/jackpotlotteryonline.com\/wp-content\/uploads\/2022\/11\/1_win_euromillions_lottery.jpg 350w\" sizes=\"auto, (max-width: 300px) 100vw, 300px\" \/>Jei planuojate \u017eaisti loterijoje &#8220;Mega Millions&#8221; ir laim\u0117ti pagrindin\u012f priz\u0105, yra keletas dalyk\u0173, \u012f kuriuos tur\u0117tum\u0117te atsi\u017evelgti, kad padidintum\u0117te savo \u0161ansus laim\u0117ti.<\/p>\n<p>Pirma, prad\u017eiai atid\u017eiai rinkit\u0117s skai\u010dius. Nesirinkite per daug \u012fprast\u0173 skai\u010di\u0173; ver\u010diau apsvarstykite galimyb\u0119 naudoti laimingus skai\u010dius arba rinktis skai\u010dius atsitiktine tvarka. \u012esitikinkite, kad jie pasiskirst\u0119 tolygiai, kad nepasirinktum\u0117te t\u0173 pa\u010di\u0173 skai\u010di\u0173 kaip ir kiti \u017eaid\u0117jai.<\/p>\n<p>Antra, palyginkite naujausius laim\u0117jusius skai\u010dius ir i\u0161studijuokite skai\u010di\u0173 d\u0117sningumus. I\u0161 pasirinkt\u0173 skai\u010di\u0173 pa\u0161alinkite tuos, kurie buvo i\u0161traukti neseniai.<\/p>\n<p>Taip pat i\u0161studijuokite da\u017eniausiai laimin\u010di\u0173 skai\u010di\u0173 model\u012f ir pa\u017eym\u0117kite juos kaip da\u017eniausiai laimin\u010dius numerius. Pasteb\u0117j\u0119 juos, dal\u012f j\u0173 paskirstykite pagal savo pasirinktus skai\u010dius.<\/p>\n<p>Galiausiai, galite \u017eaisti &#8220;Mega Millions&#8221; loterij\u0105 sindikate. Tai tarsi biliet\u0173 pirkimas grup\u0117je, o visi laim\u0117jimai lygiomis dalimis bus padalyti visiems dalyvavusiems \u017eaid\u0117jams. Tai puikus b\u016bdas padidinti savo galimybes laim\u0117ti pagrindin\u012f priz\u0105.<\/p>\n<p>Jei \u017eaisite &#8220;Mega Millions&#8221; atsi\u017evelgdami \u012f pirmiau pateiktus patarimus, kas \u017eino? Galb\u016bt j\u016bs b\u016bsite kitas laim\u0117tojas, kuris i\u0161lo\u0161 aukso puod\u0105. I\u0161bandykite savo laim\u0119 \u0161iandien!<\/p>\n<h2>I\u0161vada<\/h2>\n<p>Jei negyvenate JAV ir tikit\u0117s laim\u0117ti &#8220;Mega Milijon\u0173&#8221; aukso puod\u0105, geriausia pirkti &#8220;Mega Milijon\u0173&#8221; biliet\u0105 internetu. \u0160ioje loterijoje galite dalyvauti i\u0161 bet kurios pasaulio \u0161alies. Taigi, ko dar laukiate? Pirkite bilietus \u0161iandien ir tur\u0117kite galimyb\u0119 tapti laiminguoju pagrindinio prizo laim\u0117toju.<\/p>\n<p>Daugiau informacijos apie \u0161i\u0105 loterij\u0105 rasite m\u016bs\u0173 DUK puslapyje arba pateikite savo klausim\u0105, o m\u016bs\u0173 klient\u0173 aptarnavimo komanda atsakys ir suteiks reikiam\u0105 informacij\u0105. Tuo tarpu taip pat galite tyrin\u0117ti ir kitas m\u016bs\u0173 svetain\u0117je esan\u010dias loterijas, o jei susidom\u0117jote, tiesiog paspauskite \u017eaidimo mygtuk\u0105 ir laim\u0117kite ir kitose loterijose.<\/p>\n","protected":false},"excerpt":{"rendered":"<p>Kaip galite nusipirkti &#8220;Mega Millions&#8221; biliet\u0105 internetu? Jei skaitote \u0161\u012f straipsn\u012f, tikriausiai jus domina galimyb\u0117 \u012fsigyti &#8220;Mega Millions&#8221; biliet\u0105. Mega Millions yra viena i\u0161 daugelio loterij\u0173, kurios laim\u0117tojams si\u016blo didelius prizus. Galb\u016bt dabar klausiate sav\u0119s: &#8220;Kaip galiu nusipirkti &#8220;Mega Millions&#8221; biliet\u0105 internetu?&#8221;. K\u0105 gi, mes jums pad\u0117sime. Pateikiame vadov\u0105, kuris pad\u0117s jums nusipirkti &#8220;Mega Millions&#8221; [&hellip;]<\/p>\n","protected":false},"author":1,"featured_media":0,"parent":35768,"menu_order":1,"comment_status":"closed","ping_status":"closed","template":"megamillion.php","meta":{"_et_pb_use_builder":"","_et_pb_old_content":"","_et_gb_content_width":"","exclude_from_search":false,"footnotes":""},"class_list":["post-40320","page","type-page","status-publish","hentry"],"yoast_head":"<!-- This site is optimized with the Yoast SEO plugin v23.3 - https:\/\/yoast.com\/wordpress\/plugins\/seo\/ -->\n<title>Pirkti &quot;Mega Millions&quot; bilietus internetu | Bilietai \u012f &quot;Mega Millions&quot; ne i\u0161 JAV<\/title>\n<meta name=\"description\" content=\"Jei gyvenate ne JAV, &quot;Mega Millions&quot; bilietus vis tiek galite \u012fsigyti internetu \u010dia. Mes perkame tikrus &quot;Mega Millions&quot; bilietus ir juos nuskaitome\" \/>\n<meta name=\"robots\" content=\"index, follow, max-snippet:-1, max-image-preview:large, max-video-preview:-1\" \/>\n<link rel=\"canonical\" href=\"https:\/\/jackpotlotteryonline.com\/lt\/pirkti-bilietus\/mega-millions\/\" \/>\n<meta property=\"og:locale\" content=\"lt_LT\" \/>\n<meta property=\"og:type\" content=\"article\" \/>\n<meta property=\"og:title\" content=\"Pirkti &quot;Mega Millions&quot; bilietus internetu | Bilietai \u012f &quot;Mega Millions&quot; ne i\u0161 JAV\" \/>\n<meta property=\"og:description\" content=\"Jei gyvenate ne JAV, &quot;Mega Millions&quot; bilietus vis tiek galite \u012fsigyti internetu \u010dia. Mes perkame tikrus &quot;Mega Millions&quot; bilietus ir juos nuskaitome\" \/>\n<meta property=\"og:url\" content=\"https:\/\/jackpotlotteryonline.com\/lt\/pirkti-bilietus\/mega-millions\/\" \/>\n<meta property=\"og:site_name\" content=\"Lotto Online - Crack The International Lottery Jackpots\" \/>\n<meta property=\"article:modified_time\" content=\"2022-12-19T15:02:48+00:00\" \/>\n<meta property=\"og:image\" content=\"http:\/\/jackpotlotteryonline.com\/wp-content\/uploads\/2022\/11\/logo_Mega_Millions_233x110.png\" \/>\n<meta name=\"twitter:card\" content=\"summary_large_image\" \/>\n<meta name=\"twitter:label1\" content=\"Est. reading time\" \/>\n\t<meta name=\"twitter:data1\" content=\"5 minut\u0117s\" \/>\n<!-- \/ Yoast SEO plugin. -->","yoast_head_json":{"title":"Pirkti \"Mega Millions\" bilietus internetu | Bilietai \u012f \"Mega Millions\" ne i\u0161 JAV","description":"Jei gyvenate ne JAV, \"Mega Millions\" bilietus vis tiek galite \u012fsigyti internetu \u010dia. Mes perkame tikrus \"Mega Millions\" bilietus ir juos nuskaitome","robots":{"index":"index","follow":"follow","max-snippet":"max-snippet:-1","max-image-preview":"max-image-preview:large","max-video-preview":"max-video-preview:-1"},"canonical":"https:\/\/jackpotlotteryonline.com\/lt\/pirkti-bilietus\/mega-millions\/","og_locale":"lt_LT","og_type":"article","og_title":"Pirkti \"Mega Millions\" bilietus internetu | Bilietai \u012f \"Mega Millions\" ne i\u0161 JAV","og_description":"Jei gyvenate ne JAV, \"Mega Millions\" bilietus vis tiek galite \u012fsigyti internetu \u010dia. Mes perkame tikrus \"Mega Millions\" bilietus ir juos nuskaitome","og_url":"https:\/\/jackpotlotteryonline.com\/lt\/pirkti-bilietus\/mega-millions\/","og_site_name":"Lotto Online - Crack The International Lottery Jackpots","article_modified_time":"2022-12-19T15:02:48+00:00","og_image":[{"url":"http:\/\/jackpotlotteryonline.com\/wp-content\/uploads\/2022\/11\/logo_Mega_Millions_233x110.png"}],"twitter_card":"summary_large_image","twitter_misc":{"Est. reading time":"5 minut\u0117s"},"schema":{"@context":"https:\/\/schema.org","@graph":[{"@type":"WebPage","@id":"https:\/\/jackpotlotteryonline.com\/lt\/pirkti-bilietus\/mega-millions\/","url":"https:\/\/jackpotlotteryonline.com\/lt\/pirkti-bilietus\/mega-millions\/","name":"Pirkti \"Mega Millions\" bilietus internetu | Bilietai \u012f \"Mega Millions\" ne i\u0161 JAV","isPartOf":{"@id":"https:\/\/jackpotlotteryonline.com\/#website"},"primaryImageOfPage":{"@id":"https:\/\/jackpotlotteryonline.com\/lt\/pirkti-bilietus\/mega-millions\/#primaryimage"},"image":{"@id":"https:\/\/jackpotlotteryonline.com\/lt\/pirkti-bilietus\/mega-millions\/#primaryimage"},"thumbnailUrl":"http:\/\/jackpotlotteryonline.com\/wp-content\/uploads\/2022\/11\/logo_Mega_Millions_233x110.png","datePublished":"2022-12-02T10:39:44+00:00","dateModified":"2022-12-19T15:02:48+00:00","description":"Jei gyvenate ne JAV, \"Mega Millions\" bilietus vis tiek galite \u012fsigyti internetu \u010dia. Mes perkame tikrus \"Mega Millions\" bilietus ir juos nuskaitome","breadcrumb":{"@id":"https:\/\/jackpotlotteryonline.com\/lt\/pirkti-bilietus\/mega-millions\/#breadcrumb"},"inLanguage":"lt-LT","potentialAction":[{"@type":"ReadAction","target":["https:\/\/jackpotlotteryonline.com\/lt\/pirkti-bilietus\/mega-millions\/"]}]},{"@type":"ImageObject","inLanguage":"lt-LT","@id":"https:\/\/jackpotlotteryonline.com\/lt\/pirkti-bilietus\/mega-millions\/#primaryimage","url":"http:\/\/jackpotlotteryonline.com\/wp-content\/uploads\/2022\/11\/logo_Mega_Millions_233x110.png","contentUrl":"http:\/\/jackpotlotteryonline.com\/wp-content\/uploads\/2022\/11\/logo_Mega_Millions_233x110.png"},{"@type":"BreadcrumbList","@id":"https:\/\/jackpotlotteryonline.com\/lt\/pirkti-bilietus\/mega-millions\/#breadcrumb","itemListElement":[{"@type":"ListItem","position":1,"name":"Home","item":"https:\/\/jackpotlotteryonline.com\/lt\/"},{"@type":"ListItem","position":2,"name":"Kaip nusipirkti loterijos bilietus internetu","item":"https:\/\/jackpotlotteryonline.com\/buy-tickets\/"},{"@type":"ListItem","position":3,"name":"Mega Millions bilietai"}]},{"@type":"WebSite","@id":"https:\/\/jackpotlotteryonline.com\/#website","url":"https:\/\/jackpotlotteryonline.com\/","name":"Lotto Online - Crack The International Lottery Jackpots","description":"","potentialAction":[{"@type":"SearchAction","target":{"@type":"EntryPoint","urlTemplate":"https:\/\/jackpotlotteryonline.com\/?s={search_term_string}"},"query-input":"required name=search_term_string"}],"inLanguage":"lt-LT"}]}},"_links":{"self":[{"href":"https:\/\/jackpotlotteryonline.com\/lt\/wp-json\/wp\/v2\/pages\/40320","targetHints":{"allow":["GET"]}}],"collection":[{"href":"https:\/\/jackpotlotteryonline.com\/lt\/wp-json\/wp\/v2\/pages"}],"about":[{"href":"https:\/\/jackpotlotteryonline.com\/lt\/wp-json\/wp\/v2\/types\/page"}],"author":[{"embeddable":true,"href":"https:\/\/jackpotlotteryonline.com\/lt\/wp-json\/wp\/v2\/users\/1"}],"replies":[{"embeddable":true,"href":"https:\/\/jackpotlotteryonline.com\/lt\/wp-json\/wp\/v2\/comments?post=40320"}],"version-history":[{"count":0,"href":"https:\/\/jackpotlotteryonline.com\/lt\/wp-json\/wp\/v2\/pages\/40320\/revisions"}],"up":[{"embeddable":true,"href":"https:\/\/jackpotlotteryonline.com\/lt\/wp-json\/wp\/v2\/pages\/35768"}],"wp:attachment":[{"href":"https:\/\/jackpotlotteryonline.com\/lt\/wp-json\/wp\/v2\/media?parent=40320"}],"curies":[{"name":"wp","href":"https:\/\/api.w.org\/{rel}","templated":true}]}}