{"id":40372,"date":"2022-12-02T14:15:54","date_gmt":"2022-12-02T14:15:54","guid":{"rendered":"https:\/\/jackpotlotteryonline.com\/?page_id=40372"},"modified":"2023-01-01T14:29:59","modified_gmt":"2023-01-01T14:29:59","slug":"oz-lotto","status":"publish","type":"page","link":"https:\/\/jackpotlotteryonline.com\/lt\/kaip-zaisti\/oz-lotto\/","title":{"rendered":"\u017daisti Oz Lotto internete"},"content":{"rendered":"<h2>Apie Oz Lotto<\/h2>\n<p>Oz Lotto &#8211; tai Australijos loterija, kuri buvo prad\u0117ta rengti 1994 m. ir kuri\u0105 valdo grup\u0117 &#8220;Tatts group&#8221;. Oz Lotto i\u0161populiar\u0117jo tiek Australijoje, tiek Naujojoje Zelandijoje, tod\u0117l tai yra did\u017eiausias Australijos loterijos \u017eaidimas. <a href=\"https:\/\/jackpotlotteryonline.com\/lt\/laimeje-skaitmenys\/oz-lotto\">Oz Lotto atkreipia<\/a> kas tre\u010diadien\u012f ir penktadien\u012f.<\/p>\n<p>Toliau pateikiamas vadovas, kuris pad\u0117s jums \u017eaisti &#8220;Oz Lotto&#8221; internetu i\u0161 bet kurios pasaulio vietos.<\/p>\n<h2>Kaip \u017eaisti &#8220;Oz Lotto&#8221; internete<\/h2>\n<p><img loading=\"lazy\" decoding=\"async\" class=\"alignright size-full wp-image-29777\" src=\"https:\/\/jackpotlotteryonline.com\/wp-content\/uploads\/2022\/11\/1_ticket_online_buying.jpg\" alt=\"\u017daisti Oz Lotto internete\" width=\"300\" height=\"203\" \/>Jei ie\u0161kote \u012fdomios ir jaudinan\u010dios loterijos, kurioje gal\u0117tum\u0117te dalyvauti, turite i\u0161bandyti Australijos &#8220;Oz Lotto&#8221;. Si\u016blome \u017eaid\u0117jams galimyb\u0119 \u017eaisti tarptautines loterijas internetu, si\u016blydami konsjer\u017eo paslaugas. Viskas, ko reikia norint \u017eaisti Oz Lotto internete, yra kompiuteris ir interneto ry\u0161ys.<\/p>\n<p>Nor\u0117dami \u017eaisti &#8220;Oz Lotto&#8221; internetu, tiesiog pasirinkite septynis pagrindinius skai\u010dius nuo 1 iki 47. Dar trys skai\u010diai, vadinamieji papildomi skai\u010diai, i\u0161renkami burt\u0173 traukimo metu. Skai\u010dius galite pasirinkti naudodamiesi atsitiktini\u0173 skai\u010di\u0173 generatoriumi arba pasirinkti juos rankiniu b\u016bdu. Tuomet pasirinkite, kokiame skai\u010diuje tira\u017e\u0173 norite dalyvauti. Pereikite prie kasos ir <a href=\"https:\/\/jackpotlotteryonline.com\/lt\/pirkti-bilietus\/oz-lotto\">sumok\u0117kite u\u017e bilietus<\/a>, tada laukite burt\u0173 traukimo.<\/p>\n<h2>Kas yra papildomi numeriai ir kaip jie naudojami?<\/h2>\n<p>Papildomi skai\u010diai laikomi &#8220;Oz Lotto&#8221; lo\u0161im\u0173 metu gaunamais &#8220;papildomais kamuoliukais&#8221;. Lygiosios metu atsitiktinai i\u0161renkama de\u0161imt laiming\u0173j\u0173 skai\u010di\u0173, o pirmieji septyni i\u0161 j\u0173 yra pa\u017eym\u0117ti kaip pagrindiniai skai\u010diai, skirti pagrindinio prizo laim\u0117tojui. 2, 4 ir 7 lygius lemia lik\u0119 trys &#8220;papildomi skai\u010diai&#8221;.<\/p>\n<h2>Oz Lotto priz\u0173 pakopos<\/h2>\n<p>Australijos &#8220;Oz Lotto&#8221; i\u0161 viso yra septynios priz\u0173 pakopos. Jie yra tokie:<\/p>\n<ul>\n<li>1 pakopa: pagrindinis prizas: septyni\u0173 skai\u010di\u0173 atitikimas<\/li>\n<li>2 pakopa: sutapo \u0161e\u0161i skai\u010diai ir papildomas skai\u010dius<\/li>\n<li>3 pakopa: sutapo \u0161e\u0161i skai\u010diai<\/li>\n<li>4 pakopa: sutapo penki skai\u010diai + papildomas skai\u010dius<\/li>\n<li>5 pakopa: sutapo penki skai\u010diai<\/li>\n<li>6 pakopa: suderinti keturi skai\u010diai<\/li>\n<li>7 pakopa: suderinti trys skai\u010diai + papildomas skai\u010dius<\/li>\n<\/ul>\n<h2>Ar turiu b\u016bti Australijoje, kad gal\u0117\u010diau \u017eaisti &#8220;Oz Lotto&#8221;?<\/h2>\n<p>Ne, nor\u0117dami dalyvauti \u0161ioje loterijoje, neprivalote b\u016bti Australijos gyventojas. Viskas, k\u0105 turite padaryti, tai apsilankyti jackpotlotlotteryonline.com, kad \u012fgyvendintum\u0117te savo svajon\u0119 \u017eaisti tarptautines loterijas. Mes teikiame loterijos paslaugas savo klientams, pavyzd\u017eiui, perkame fizinius bilietus per m\u016bs\u0173 patikimus loterij\u0173 agentus. Fizinis bilietas bus saugiai saugomas, o jo skenuota kopija bus \u012fkelta \u012f \u017eaid\u0117jo paskyr\u0105. Visa tai bus atlikta u\u017e jus, o jums liks tik laukti burt\u0173 traukimo dienos.<\/p>\n<p>Taigi jums nereikia nerimauti, kad negal\u0117site dalyvauti &#8220;Oz Lotto&#8221; loterijoje. \u0160ioje loterijoje \u017eaisite kaip Australijos gyventojas. \u017daisti &#8220;Oz Lotto&#8221; taip paprasta. I\u0161bandykite savo laim\u0119 jau \u0161iandien!<\/p>\n<h2>Laim\u0117ti Oz Lotto<\/h2>\n<p>Nor\u0117damas laim\u0117ti &#8220;Oz Lotto&#8221; pagrindin\u012f priz\u0105, \u017eaid\u0117jas turi atsp\u0117ti septynis skai\u010dius i\u0161 47. \u0160is pagrindinis prizas prasideda nuo 10 milijon\u0173 JAV doleri\u0173 ir da\u017enai auga, kol yra laimimas. Be pagrindinio pagrindinio pagrindinio prizo, \u017eaid\u0117jai, teisingai atsp\u0117j\u0119 keturis arba penkis to tira\u017eo skai\u010dius, laimi a\u0161tuonis ma\u017eesnius priz\u0173 skyrius.<\/p>\n<section class=\"layout\" style=\"border: solid 1px; width: 100%;\">\n<div class=\"img-div\" style=\"margin-top: 5px;\"><img decoding=\"async\" class=\"wp-image-17212 alignleft\" style=\"height: 45px; margin: 8px 8px 0px;\" src=\"https:\/\/jackpotlotteryonline.com\/wp-content\/uploads\/2022\/11\/read1.jpg\" alt=\"Skaityti \" width=\"\" height=\"\" \/><\/div>\n<div style=\"padding-left: 5px;\">\n<div style=\"font-size: 1.1em;\">\n<p><strong>Istoriniai rekordiniai loterijos laim\u0117jimai<\/strong><\/p>\n<p style=\"font-size: 0.85em; margin-top: -1.5em;\">Did\u017eiausi istorijoje loterijos laim\u0117jimai privers jus susim\u0105styti\u00a0 <a href=\"https:\/\/jackpotlotteryonline.com\/lt\/didziausi-loterijos-prizai-istorijoje\"> skaityti daugiau<\/a><\/p>\n<\/div>\n<\/div>\n<\/section>\n<h2>Kokia tikimyb\u0117 laim\u0117ti Australijos &#8220;Oz Lotto&#8221;?<\/h2>\n<p><img loading=\"lazy\" decoding=\"async\" class=\"alignright wp-image-28697 size-medium\" src=\"https:\/\/jackpotlotteryonline.com\/wp-content\/uploads\/2022\/11\/1_online_lotto_winners-300x200.jpg\" alt=\"\u017daisti oz loto internetu\" width=\"300\" height=\"200\" srcset=\"https:\/\/jackpotlotteryonline.com\/wp-content\/uploads\/2022\/11\/1_online_lotto_winners-300x200.jpg 300w, https:\/\/jackpotlotteryonline.com\/wp-content\/uploads\/2022\/11\/1_online_lotto_winners.jpg 320w\" sizes=\"auto, (max-width: 300px) 100vw, 300px\" \/>\u017daidimas &#8220;Oz Lotto&#8221; i\u0161populiar\u0117jo ir daug \u017eaid\u0117j\u0173 tapo laim\u0117tojais, tod\u0117l tikimyb\u0117 laim\u0117ti bet kuriame i\u0161 priz\u0173 skyri\u0173 tapo gana didel\u0117.<\/p>\n<p>Tikimyb\u0117 atsp\u0117ti septynis skai\u010dius ir laim\u0117ti pagrindin\u012f priz\u0105 yra 1 i\u0161 62 891 499, o tai beveik ne\u012fmanoma. Ta\u010diau geras loterij\u0173 dalykas yra tai, kad \u0161iame \u017eaidime visk\u0105 lemia s\u0117km\u0117, niekada ne\u017einai, ar tapsi laim\u0117toju, ir b\u016btent tai daro dalyvavim\u0105 loterijose jaudinan\u010diu.<\/p>\n<p>Bendra tikimyb\u0117 laim\u0117ti bet kur\u012f i\u0161 septyni\u0173 priz\u0173 yra 1 i\u0161 51.<\/p>\n<p>Daugiau informacijos apie &#8220;Oz Lotto&#8221; rasite DUK puslapyje arba oficialioje loterijos svetain\u0117je.<\/p>\n<p>U\u017eregistruokite paskyr\u0105 \u0161iandien ir gaukite galimyb\u0119 dalyvauti \u0161ioje loterijoje i\u0161 bet kurios pasaulio vietos.<\/p>\n","protected":false},"excerpt":{"rendered":"<p>Apie Oz Lotto Oz Lotto &#8211; tai Australijos loterija, kuri buvo prad\u0117ta rengti 1994 m. ir kuri\u0105 valdo grup\u0117 &#8220;Tatts group&#8221;. Oz Lotto i\u0161populiar\u0117jo tiek Australijoje, tiek Naujojoje Zelandijoje, tod\u0117l tai yra did\u017eiausias Australijos loterijos \u017eaidimas. Oz Lotto atkreipia kas tre\u010diadien\u012f ir penktadien\u012f. Toliau pateikiamas vadovas, kuris pad\u0117s jums \u017eaisti &#8220;Oz Lotto&#8221; internetu i\u0161 bet [&hellip;]<\/p>\n","protected":false},"author":1,"featured_media":0,"parent":35707,"menu_order":16,"comment_status":"closed","ping_status":"closed","template":"","meta":{"_et_pb_use_builder":"","_et_pb_old_content":"","_et_gb_content_width":"","exclude_from_search":false,"footnotes":""},"class_list":["post-40372","page","type-page","status-publish","hentry"],"yoast_head":"<!-- This site is optimized with the Yoast SEO plugin v23.3 - https:\/\/yoast.com\/wordpress\/plugins\/seo\/ -->\n<title>\u017daiskite &quot;Oz Lotto&quot; internetu i\u0161 u\u017e Australijos rib\u0173<\/title>\n<meta name=\"description\" content=\"Dabar galite \u017eaisti &quot;Oz Lotto&quot; internetu ne tik jei esate Australijoje - galite \u017eaisti &quot;Oz Lotto&quot; loterij\u0105 i\u0161 bet kurios pasaulio vietos\" \/>\n<meta name=\"robots\" content=\"index, follow, max-snippet:-1, max-image-preview:large, max-video-preview:-1\" \/>\n<link rel=\"canonical\" href=\"https:\/\/jackpotlotteryonline.com\/lt\/kaip-zaisti\/oz-lotto\/\" \/>\n<meta property=\"og:locale\" content=\"lt_LT\" \/>\n<meta property=\"og:type\" content=\"article\" \/>\n<meta property=\"og:title\" content=\"\u017daiskite &quot;Oz Lotto&quot; internetu i\u0161 u\u017e Australijos rib\u0173\" \/>\n<meta property=\"og:description\" content=\"Dabar galite \u017eaisti &quot;Oz Lotto&quot; internetu ne tik jei esate Australijoje - galite \u017eaisti &quot;Oz Lotto&quot; loterij\u0105 i\u0161 bet kurios pasaulio vietos\" \/>\n<meta property=\"og:url\" content=\"https:\/\/jackpotlotteryonline.com\/lt\/kaip-zaisti\/oz-lotto\/\" \/>\n<meta property=\"og:site_name\" content=\"Lotto Online - Crack The International Lottery Jackpots\" \/>\n<meta property=\"article:modified_time\" content=\"2023-01-01T14:29:59+00:00\" \/>\n<meta property=\"og:image\" content=\"https:\/\/jackpotlotteryonline.com\/wp-content\/uploads\/2022\/11\/1_ticket_online_buying.jpg\" \/>\n<meta name=\"twitter:card\" content=\"summary_large_image\" \/>\n<meta name=\"twitter:label1\" content=\"Est. reading time\" \/>\n\t<meta name=\"twitter:data1\" content=\"3 minut\u0117s\" \/>\n<!-- \/ Yoast SEO plugin. -->","yoast_head_json":{"title":"\u017daiskite \"Oz Lotto\" internetu i\u0161 u\u017e Australijos rib\u0173","description":"Dabar galite \u017eaisti \"Oz Lotto\" internetu ne tik jei esate Australijoje - galite \u017eaisti \"Oz Lotto\" loterij\u0105 i\u0161 bet kurios pasaulio vietos","robots":{"index":"index","follow":"follow","max-snippet":"max-snippet:-1","max-image-preview":"max-image-preview:large","max-video-preview":"max-video-preview:-1"},"canonical":"https:\/\/jackpotlotteryonline.com\/lt\/kaip-zaisti\/oz-lotto\/","og_locale":"lt_LT","og_type":"article","og_title":"\u017daiskite \"Oz Lotto\" internetu i\u0161 u\u017e Australijos rib\u0173","og_description":"Dabar galite \u017eaisti \"Oz Lotto\" internetu ne tik jei esate Australijoje - galite \u017eaisti \"Oz Lotto\" loterij\u0105 i\u0161 bet kurios pasaulio vietos","og_url":"https:\/\/jackpotlotteryonline.com\/lt\/kaip-zaisti\/oz-lotto\/","og_site_name":"Lotto Online - Crack The International Lottery Jackpots","article_modified_time":"2023-01-01T14:29:59+00:00","og_image":[{"url":"https:\/\/jackpotlotteryonline.com\/wp-content\/uploads\/2022\/11\/1_ticket_online_buying.jpg"}],"twitter_card":"summary_large_image","twitter_misc":{"Est. reading time":"3 minut\u0117s"},"schema":{"@context":"https:\/\/schema.org","@graph":[{"@type":"WebPage","@id":"https:\/\/jackpotlotteryonline.com\/lt\/kaip-zaisti\/oz-lotto\/","url":"https:\/\/jackpotlotteryonline.com\/lt\/kaip-zaisti\/oz-lotto\/","name":"\u017daiskite \"Oz Lotto\" internetu i\u0161 u\u017e Australijos rib\u0173","isPartOf":{"@id":"https:\/\/jackpotlotteryonline.com\/#website"},"primaryImageOfPage":{"@id":"https:\/\/jackpotlotteryonline.com\/lt\/kaip-zaisti\/oz-lotto\/#primaryimage"},"image":{"@id":"https:\/\/jackpotlotteryonline.com\/lt\/kaip-zaisti\/oz-lotto\/#primaryimage"},"thumbnailUrl":"https:\/\/jackpotlotteryonline.com\/wp-content\/uploads\/2022\/11\/1_ticket_online_buying.jpg","datePublished":"2022-12-02T14:15:54+00:00","dateModified":"2023-01-01T14:29:59+00:00","description":"Dabar galite \u017eaisti \"Oz Lotto\" internetu ne tik jei esate Australijoje - galite \u017eaisti \"Oz Lotto\" loterij\u0105 i\u0161 bet kurios pasaulio vietos","breadcrumb":{"@id":"https:\/\/jackpotlotteryonline.com\/lt\/kaip-zaisti\/oz-lotto\/#breadcrumb"},"inLanguage":"lt-LT","potentialAction":[{"@type":"ReadAction","target":["https:\/\/jackpotlotteryonline.com\/lt\/kaip-zaisti\/oz-lotto\/"]}]},{"@type":"ImageObject","inLanguage":"lt-LT","@id":"https:\/\/jackpotlotteryonline.com\/lt\/kaip-zaisti\/oz-lotto\/#primaryimage","url":"https:\/\/jackpotlotteryonline.com\/wp-content\/uploads\/2022\/11\/1_ticket_online_buying.jpg","contentUrl":"https:\/\/jackpotlotteryonline.com\/wp-content\/uploads\/2022\/11\/1_ticket_online_buying.jpg"},{"@type":"BreadcrumbList","@id":"https:\/\/jackpotlotteryonline.com\/lt\/kaip-zaisti\/oz-lotto\/#breadcrumb","itemListElement":[{"@type":"ListItem","position":1,"name":"Home","item":"https:\/\/jackpotlotteryonline.com\/lt\/"},{"@type":"ListItem","position":2,"name":"Kaip \u017eaisti","item":"https:\/\/jackpotlotteryonline.com\/lt\/kaip-zaisti\/"},{"@type":"ListItem","position":3,"name":"\u017daisti Oz Lotto internete"}]},{"@type":"WebSite","@id":"https:\/\/jackpotlotteryonline.com\/#website","url":"https:\/\/jackpotlotteryonline.com\/","name":"Lotto Online - Crack The International Lottery Jackpots","description":"","potentialAction":[{"@type":"SearchAction","target":{"@type":"EntryPoint","urlTemplate":"https:\/\/jackpotlotteryonline.com\/?s={search_term_string}"},"query-input":"required name=search_term_string"}],"inLanguage":"lt-LT"}]}},"_links":{"self":[{"href":"https:\/\/jackpotlotteryonline.com\/lt\/wp-json\/wp\/v2\/pages\/40372","targetHints":{"allow":["GET"]}}],"collection":[{"href":"https:\/\/jackpotlotteryonline.com\/lt\/wp-json\/wp\/v2\/pages"}],"about":[{"href":"https:\/\/jackpotlotteryonline.com\/lt\/wp-json\/wp\/v2\/types\/page"}],"author":[{"embeddable":true,"href":"https:\/\/jackpotlotteryonline.com\/lt\/wp-json\/wp\/v2\/users\/1"}],"replies":[{"embeddable":true,"href":"https:\/\/jackpotlotteryonline.com\/lt\/wp-json\/wp\/v2\/comments?post=40372"}],"version-history":[{"count":0,"href":"https:\/\/jackpotlotteryonline.com\/lt\/wp-json\/wp\/v2\/pages\/40372\/revisions"}],"up":[{"embeddable":true,"href":"https:\/\/jackpotlotteryonline.com\/lt\/wp-json\/wp\/v2\/pages\/35707"}],"wp:attachment":[{"href":"https:\/\/jackpotlotteryonline.com\/lt\/wp-json\/wp\/v2\/media?parent=40372"}],"curies":[{"name":"wp","href":"https:\/\/api.w.org\/{rel}","templated":true}]}}