{"id":40496,"date":"2022-12-05T08:44:11","date_gmt":"2022-12-05T08:44:11","guid":{"rendered":"https:\/\/jackpotlotteryonline.com\/?page_id=40496"},"modified":"2022-12-26T14:12:25","modified_gmt":"2022-12-26T14:12:25","slug":"powerball","status":"publish","type":"page","link":"https:\/\/jackpotlotteryonline.com\/lt\/laimeje-skaitmenys\/powerball\/","title":{"rendered":"&#8220;Powerball&#8221; burt\u0173 traukimo rezultatai"},"content":{"rendered":"<p>Powerball &#8211; tai JAV loterija, kurios pagrindinis prizas yra vienas did\u017eiausi\u0173 vis\u0173 laik\u0173. Laim\u0117ti JAV loterij\u0105 &#8220;Powerball&#8221; yra did\u017eiausia beveik kiekvieno lo\u0161\u0117jo svajon\u0117. D\u0117l ne\u012ftik\u0117tinai dideli\u0173 laim\u0117jim\u0173, kurie kartais siekia net 1 mlrd. doleri\u0173, \u017eaid\u0117jai visame pasaulyje perka &#8220;Powerball&#8221; bilietus internetu. Kiekvienas \u017eaid\u0117jas labai tikisi laim\u0117ti loterijoje. Ta\u010diau vienas dalykas yra nusipirkti loterijos biliet\u0105, o kitas &#8211; patikrinti laimin\u010dius skai\u010dius. Norint su\u017einoti, ar turite &#8220;Powerball&#8221; loterijos laiming\u0105j\u012f biliet\u0105, b\u016btina patikrinti traukimo rezultatus.<\/p>\n<p>\u0160iame puslapyje pasidalysime su jumis, kaip patikrinti laim\u0117jimo rezultatus internetu. Be to, parodysime, kaip gauti prieig\u0105 prie laim\u0117jimo, nors ir esate interneto \u017eaid\u0117jas.<\/p>\n<p>Nepamir\u0161kite, kad <a href=\"https:\/\/jackpotlotteryonline.com\/lt\/pirkti-bilietus\/powerball\">&#8220;Powerball&#8221; laim\u0117jimo bilietus galite<\/a> \u012fsigyti svetain\u0117je jackpotlotlotteryonline.com ir tuo pat metu ten patikrinti laim\u0117jusius skai\u010dius.<\/p>\n<h2>Kod\u0117l &#8220;Powerball&#8221; yra toks populiarus<\/h2>\n<p><img loading=\"lazy\" decoding=\"async\" class=\"alignright size-full wp-image-29588\" src=\"https:\/\/jackpotlotteryonline.com\/wp-content\/uploads\/2022\/11\/1_results_powerball.jpg\" alt=\"lengvai nusipirkite \" width=\"300\" height=\"224\" \/>Yra kelios prie\u017eastys, kod\u0117l \u017eaid\u0117jai pl\u016bsta \u012f &#8220;Powerball&#8221;. Tai JAV keli\u0173 valstij\u0173 loterija, t. y. bilietai parduodami keliose JAV valstijose. Taigi tose valstijose gyvenantys \u017emon\u0117s gali lengvai \u012fsigyti &#8220;Powerball&#8221; biliet\u0173. Ta\u010diau ne tik JAV loterij\u0173 entuziastai perka bilietus tik\u0117damiesi laim\u0117ti \u0161ioje loterijoje. \u017daid\u0117jai visame pasaulyje taip pat nekantriai bando \u012fsigyti laimingus &#8220;Powerball&#8221; bilietus.<\/p>\n<p>2022 m. spalio m\u0117n. loterijos &#8220;Powerball&#8221; pagrindinis prizas pasiek\u0117 rekordin\u0119 1 mlrd. doleri\u0173 sum\u0105, kuri\u0105 laim\u0117jo vienas bilieto savininkas. Vien minties, kad galima laim\u0117ti milijard\u0105 doleri\u0173, pakanka, kad \u017eaid\u0117jai visur susijaudint\u0173. Be to, nors tikimyb\u0117 laim\u0117ti &#8220;Powerball&#8221; yra gana didel\u0117, \u017eaid\u0117jai da\u017enai laimi pagrindin\u012f priz\u0105.<\/p>\n<p>V\u0117lgi, &#8220;Powerball&#8221; turi kelet\u0105 kategorij\u0173 su so\u010diais prizais. Taigi, net jei jums nepavyks laim\u0117ti pirmojo prizo, vis tiek galite gr\u012f\u017eti namo su dideliu laim\u0117jimu.<\/p>\n<h2>\u017daisti ir laim\u0117ti &#8220;Powerball&#8221; internete<\/h2>\n<p><a href=\"https:\/\/jackpotlotteryonline.com\/lt\/kaip-zaisti\/powerball\">\u017daisti &#8220;Powerball&#8221; internetu<\/a> smagu d\u0117l to, kad galite greitai ir i\u0161 bet kurios vietos dalyvauti \u0161ioje JAV loterijoje. Jei perkate laiming\u0105 biliet\u0105 i\u0161 jackpotlotlotteryonline.com, galite lengvai i\u0161sirinkti laimin\u010dius skai\u010dius. Tiesiog pasirinkite 5 skai\u010dius nuo 1 iki 69 ir 1 papildom\u0105 skai\u010di\u0173 nuo 1 iki 26.<\/p>\n<p>Kai i\u0161sirinksite laiminguosius numerius, kitas \u017eingsnis &#8211; dalyvauti loterijoje. &#8220;Powerball&#8221; vyksta trys savaitiniai traukimai &#8211; antradieniais, ketvirtadieniais ir sekmadieniais. Mes suteikiame galimyb\u0119 lengvai dalyvauti viename arba keliuose tira\u017euose, priklausomai nuo j\u016bs\u0173 pageidavim\u0173. Be to, \u012f burtus galite patekti prie\u0161 kelias savaites.<\/p>\n<p>Atlikus mok\u0117jim\u0105, kitas \u017eingsnis &#8211; laukti burt\u0173. Tuomet bus paskelbti laimingieji skai\u010diai ir gal\u0117site su\u017einoti, ar laim\u0117jote loterijoje.<\/p>\n<section class=\"layout\" style=\"border: solid 1px; width: 100%;\">\n<div class=\"img-div\" style=\"margin-top: 5px;\"><img decoding=\"async\" class=\"wp-image-17212 alignleft\" style=\"height: 45px; margin: 8px 8px 0px;\" src=\"https:\/\/jackpotlotteryonline.com\/wp-content\/uploads\/2022\/11\/read1.jpg\" alt=\"skaityti\" width=\"\" height=\"\" \/><\/div>\n<div style=\"padding-left: 5px;\">\n<div style=\"font-size: 1.1em;\">\n<p><strong>Istoriniai rekordiniai loterijos laim\u0117jimai<\/strong><\/p>\n<p style=\"font-size: 0.85em; margin-top: -1.5em;\">Did\u017eiausi istorijoje loterijos laim\u0117jimai privers jus susim\u0105styti\u00a0<a href=\"https:\/\/jackpotlotteryonline.com\/lt\/didziausi-loterijos-prizai-istorijoje\"> skaityti daugiau<\/a><\/p>\n<\/div>\n<\/div>\n<\/section>\n<h2>Laim\u0117jusi\u0173 skai\u010di\u0173 tikrinimas<\/h2>\n<p><img loading=\"lazy\" decoding=\"async\" class=\"alignright size-full wp-image-30371\" src=\"https:\/\/jackpotlotteryonline.com\/wp-content\/uploads\/2022\/11\/1_winning_numbers_powerball.jpg\" alt=\"\u017eaisti \" width=\"300\" height=\"129\" \/>Kadangi &#8220;Powerball&#8221; \u017eaid\u017eiate internetu, negalite u\u017eeiti \u012f loterijos pardav\u0117j\u0105 ir patikrinti, ar turite laiming\u0105 biliet\u0105. Taigi geriausias b\u016bdas tai padaryti &#8211; pasitikrinti internete. Jei \u017eaid\u017eiate su mumis, po kiekvieno tira\u017eo galite gr\u012f\u017eti \u012f \u0161\u012f puslap\u012f ir per\u017ei\u016br\u0117ti laimin\u010dius skai\u010dius.<\/p>\n<p>Ta\u010diau net ir nepatikrin\u0119 galite su\u017einoti, ar laim\u0117jote kok\u012f nors priz\u0105. Taip yra tod\u0117l, kad nor\u0117dami nusipirkti &#8220;Powerball&#8221; biliet\u0105 turite b\u016bti u\u017esiregistrav\u0119 pas mus. Taip yra tod\u0117l, kad gal\u0117tume jus informuoti, kai tik tur\u0117site laiming\u0105 biliet\u0105. Jei tur\u0117site laiming\u0105 biliet\u0105, atsi\u0173sime jums el. lai\u0161k\u0105, kad apie tai su\u017einotum\u0117te. I\u0161 tikr\u0173j\u0173 viskas taip paprasta.<\/p>\n<h2>Prizo i\u0161gryninimas<\/h2>\n<p>J\u016bs\u0173 laim\u0117jimo i\u0161gryninimas &#8211; dar vienas aspektas, kuris gali kelti r\u016bpes\u010di\u0173 interneto \u017eaid\u0117jams. Nes jei \u017eaid\u017eiate &#8220;Powerball&#8221; internete, norite b\u016bti tikri, kad gal\u0117site pasiekti savo laim\u0117jim\u0105. Jei \u017eaid\u017eiate &#8220;Powerball&#8221; su mumis, i\u0161sigryninti laim\u0117jim\u0105 yra paprasta. Mes suk\u016br\u0117me savo sistem\u0105 taip, kad gal\u0117tum\u0117te atsiimti laim\u0117jim\u0105 \u012f savo s\u0105skait\u0105.<\/p>\n<p>Tokia galimyb\u0117 suteikiama laim\u0117jimams, kurie nevir\u0161ija 2500 eur\u0173. Jei laim\u0117jote daugiau nei \u0161i\u0105 sum\u0105, pad\u0117sime jums u\u017epildyti pretenzijos form\u0105. Tai tur\u0117site padaryti, kad gal\u0117tum\u0117te atsiimti laim\u0117jim\u0105 tiesiogiai i\u0161 loterijos bendrov\u0117s.<\/p>\n<h2>Laim\u0117jimas Powerball loterijoje<\/h2>\n<p>Laim\u0117ti Powerball loterijoje rei\u0161kia, kad turite biliet\u0105, kuris atitinka i\u0161trauktus rezultatus. Nor\u0117dami parodyti, koks nuostabus yra &#8220;Powerball&#8221; prizas, parodysime, k\u0105 galite laim\u0117ti kituose prizuose.<\/p>\n<p>1 skyrius: &#8220;Match 5&#8221; + &#8220;Powerball&#8221; &#8211; aukso puodas<\/p>\n<p>2 skyrius: tik Match 5 &#8211; 1 milijonas JAV doleri\u0173<\/p>\n<p>3 skyrius: &#8220;Match 4 + Powerball&#8221; &#8211; 50 000 JAV doleri\u0173<\/p>\n<p>4 skyrius: vien tik &#8220;Match 4&#8221; &#8211; 100 USD<\/p>\n<p>5 skyrius: &#8220;Match 3 + Powerball&#8221; &#8211; 100 USD<\/p>\n<p>6 skyrius: vien tik 3 rungtyn\u0117s &#8211; 7 doleriai<\/p>\n<p>7 skyrius: 2 rungtyn\u0117s + &#8220;Powerball&#8221; &#8211; 7 USD<\/p>\n<p>8 skyrius: 1 rungtyn\u0117s + &#8220;Powerball&#8221; &#8211; 4 USD<\/p>\n<p>9 skyrius: vien tik &#8220;Powerball&#8221; &#8211; 4 USD<\/p>\n<p>9 divizionuose \u017eaid\u0117jai gali laim\u0117ti loterijoje. Tai taip pat rei\u0161kia, kad tikimyb\u0117 laim\u0117ti priz\u0105 yra gana didel\u0117. Be to, net jei laim\u0117site antrame divizione, turite nema\u017eai \u0161ans\u0173 gr\u012f\u017eti namo su dideliu laim\u0117jimu.<\/p>\n<h2>Per\u017ei\u016br\u0117kite laim\u0117jimo rezultatus \u010dia<\/h2>\n<p>Kai kit\u0105 kart\u0105 nor\u0117site \u017eaisti loterijoje, nesir\u016bpinkite, kur patikrinti laim\u0117jimo rezultatus. Tuo jackpotlotlotteryonline.com mes leid\u017eiame jums lengvai i\u0161sirinkti laimingus skai\u010dius ir taip pat patikrinti laim\u0117jimo rezultatus. Pirkite biliet\u0105 i\u0161 m\u016bs\u0173 ir mes jus \u012fsp\u0117sime, kai tik tur\u0117site laimint\u012f biliet\u0105.<\/p>\n<p>Nepamir\u0161kite, kad laim\u0117jim\u0105 i\u0161 m\u016bs\u0173 svetain\u0117s taip pat galite atsiimti tiesiai \u012f savo s\u0105skait\u0105. Tai labai palengvins bet kok\u012f stres\u0105, kur\u012f patirtum\u0117te \u017eaisdami loterijoje. Ties\u0105 sakant, mes stengiam\u0117s, kad m\u016bs\u0173 klient\u0173 patirtis b\u016bt\u0173 sklandi ir nesud\u0117tinga. Taip gal\u0117site susitelkti \u012f laim\u0117jim\u0105 loterijoje ir nesir\u016bpinti niekuo.<\/p>\n","protected":false},"excerpt":{"rendered":"<p>Powerball &#8211; tai JAV loterija, kurios pagrindinis prizas yra vienas did\u017eiausi\u0173 vis\u0173 laik\u0173. Laim\u0117ti JAV loterij\u0105 &#8220;Powerball&#8221; yra did\u017eiausia beveik kiekvieno lo\u0161\u0117jo svajon\u0117. D\u0117l ne\u012ftik\u0117tinai dideli\u0173 laim\u0117jim\u0173, kurie kartais siekia net 1 mlrd. doleri\u0173, \u017eaid\u0117jai visame pasaulyje perka &#8220;Powerball&#8221; bilietus internetu. Kiekvienas \u017eaid\u0117jas labai tikisi laim\u0117ti loterijoje. Ta\u010diau vienas dalykas yra nusipirkti loterijos biliet\u0105, o [&hellip;]<\/p>\n","protected":false},"author":1,"featured_media":0,"parent":35842,"menu_order":1,"comment_status":"closed","ping_status":"closed","template":"powerball-usa-results.php","meta":{"_et_pb_use_builder":"","_et_pb_old_content":"","_et_gb_content_width":"","exclude_from_search":false,"footnotes":""},"class_list":["post-40496","page","type-page","status-publish","hentry"],"yoast_head":"<!-- This site is optimized with the Yoast SEO plugin v23.3 - https:\/\/yoast.com\/wordpress\/plugins\/seo\/ -->\n<title>Powerball laim\u0117j\u0119 numeriai ir burt\u0173 traukimo rezultatai<\/title>\n<meta name=\"description\" content=\"Visi naujausi &quot;Powerball USA&quot; burt\u0173 traukimo rezultatai ir laimingieji skai\u010diai, taip pat rezultat\u0173 archyvas - viskas vienoje svetain\u0117je\" \/>\n<meta name=\"robots\" content=\"index, follow, max-snippet:-1, max-image-preview:large, max-video-preview:-1\" \/>\n<link rel=\"canonical\" href=\"https:\/\/jackpotlotteryonline.com\/lt\/laimeje-skaitmenys\/powerball\/\" \/>\n<meta property=\"og:locale\" content=\"lt_LT\" \/>\n<meta property=\"og:type\" content=\"article\" \/>\n<meta property=\"og:title\" content=\"Powerball laim\u0117j\u0119 numeriai ir burt\u0173 traukimo rezultatai\" \/>\n<meta property=\"og:description\" content=\"Visi naujausi &quot;Powerball USA&quot; burt\u0173 traukimo rezultatai ir laimingieji skai\u010diai, taip pat rezultat\u0173 archyvas - viskas vienoje svetain\u0117je\" \/>\n<meta property=\"og:url\" content=\"https:\/\/jackpotlotteryonline.com\/lt\/laimeje-skaitmenys\/powerball\/\" \/>\n<meta property=\"og:site_name\" content=\"Lotto Online - Crack The International Lottery Jackpots\" \/>\n<meta property=\"article:modified_time\" content=\"2022-12-26T14:12:25+00:00\" \/>\n<meta property=\"og:image\" content=\"https:\/\/jackpotlotteryonline.com\/wp-content\/uploads\/2022\/11\/1_results_powerball.jpg\" \/>\n<meta name=\"twitter:card\" content=\"summary_large_image\" \/>\n<meta name=\"twitter:label1\" content=\"Est. reading time\" \/>\n\t<meta name=\"twitter:data1\" content=\"4 minut\u0117s\" \/>\n<!-- \/ Yoast SEO plugin. -->","yoast_head_json":{"title":"Powerball laim\u0117j\u0119 numeriai ir burt\u0173 traukimo rezultatai","description":"Visi naujausi \"Powerball USA\" burt\u0173 traukimo rezultatai ir laimingieji skai\u010diai, taip pat rezultat\u0173 archyvas - viskas vienoje svetain\u0117je","robots":{"index":"index","follow":"follow","max-snippet":"max-snippet:-1","max-image-preview":"max-image-preview:large","max-video-preview":"max-video-preview:-1"},"canonical":"https:\/\/jackpotlotteryonline.com\/lt\/laimeje-skaitmenys\/powerball\/","og_locale":"lt_LT","og_type":"article","og_title":"Powerball laim\u0117j\u0119 numeriai ir burt\u0173 traukimo rezultatai","og_description":"Visi naujausi \"Powerball USA\" burt\u0173 traukimo rezultatai ir laimingieji skai\u010diai, taip pat rezultat\u0173 archyvas - viskas vienoje svetain\u0117je","og_url":"https:\/\/jackpotlotteryonline.com\/lt\/laimeje-skaitmenys\/powerball\/","og_site_name":"Lotto Online - Crack The International Lottery Jackpots","article_modified_time":"2022-12-26T14:12:25+00:00","og_image":[{"url":"https:\/\/jackpotlotteryonline.com\/wp-content\/uploads\/2022\/11\/1_results_powerball.jpg"}],"twitter_card":"summary_large_image","twitter_misc":{"Est. reading time":"4 minut\u0117s"},"schema":{"@context":"https:\/\/schema.org","@graph":[{"@type":"WebPage","@id":"https:\/\/jackpotlotteryonline.com\/lt\/laimeje-skaitmenys\/powerball\/","url":"https:\/\/jackpotlotteryonline.com\/lt\/laimeje-skaitmenys\/powerball\/","name":"Powerball laim\u0117j\u0119 numeriai ir burt\u0173 traukimo rezultatai","isPartOf":{"@id":"https:\/\/jackpotlotteryonline.com\/#website"},"primaryImageOfPage":{"@id":"https:\/\/jackpotlotteryonline.com\/lt\/laimeje-skaitmenys\/powerball\/#primaryimage"},"image":{"@id":"https:\/\/jackpotlotteryonline.com\/lt\/laimeje-skaitmenys\/powerball\/#primaryimage"},"thumbnailUrl":"https:\/\/jackpotlotteryonline.com\/wp-content\/uploads\/2022\/11\/1_results_powerball.jpg","datePublished":"2022-12-05T08:44:11+00:00","dateModified":"2022-12-26T14:12:25+00:00","description":"Visi naujausi \"Powerball USA\" burt\u0173 traukimo rezultatai ir laimingieji skai\u010diai, taip pat rezultat\u0173 archyvas - viskas vienoje svetain\u0117je","breadcrumb":{"@id":"https:\/\/jackpotlotteryonline.com\/lt\/laimeje-skaitmenys\/powerball\/#breadcrumb"},"inLanguage":"lt-LT","potentialAction":[{"@type":"ReadAction","target":["https:\/\/jackpotlotteryonline.com\/lt\/laimeje-skaitmenys\/powerball\/"]}]},{"@type":"ImageObject","inLanguage":"lt-LT","@id":"https:\/\/jackpotlotteryonline.com\/lt\/laimeje-skaitmenys\/powerball\/#primaryimage","url":"https:\/\/jackpotlotteryonline.com\/wp-content\/uploads\/2022\/11\/1_results_powerball.jpg","contentUrl":"https:\/\/jackpotlotteryonline.com\/wp-content\/uploads\/2022\/11\/1_results_powerball.jpg"},{"@type":"BreadcrumbList","@id":"https:\/\/jackpotlotteryonline.com\/lt\/laimeje-skaitmenys\/powerball\/#breadcrumb","itemListElement":[{"@type":"ListItem","position":1,"name":"Home","item":"https:\/\/jackpotlotteryonline.com\/lt\/"},{"@type":"ListItem","position":2,"name":"Loterijos rezultatai","item":"https:\/\/jackpotlotteryonline.com\/lt\/laimeje-skaitmenys\/"},{"@type":"ListItem","position":3,"name":"&#8222;Powerball&#8221; burt\u0173 traukimo rezultatai"}]},{"@type":"WebSite","@id":"https:\/\/jackpotlotteryonline.com\/#website","url":"https:\/\/jackpotlotteryonline.com\/","name":"Lotto Online - Crack The International Lottery Jackpots","description":"","potentialAction":[{"@type":"SearchAction","target":{"@type":"EntryPoint","urlTemplate":"https:\/\/jackpotlotteryonline.com\/?s={search_term_string}"},"query-input":"required name=search_term_string"}],"inLanguage":"lt-LT"}]}},"_links":{"self":[{"href":"https:\/\/jackpotlotteryonline.com\/lt\/wp-json\/wp\/v2\/pages\/40496","targetHints":{"allow":["GET"]}}],"collection":[{"href":"https:\/\/jackpotlotteryonline.com\/lt\/wp-json\/wp\/v2\/pages"}],"about":[{"href":"https:\/\/jackpotlotteryonline.com\/lt\/wp-json\/wp\/v2\/types\/page"}],"author":[{"embeddable":true,"href":"https:\/\/jackpotlotteryonline.com\/lt\/wp-json\/wp\/v2\/users\/1"}],"replies":[{"embeddable":true,"href":"https:\/\/jackpotlotteryonline.com\/lt\/wp-json\/wp\/v2\/comments?post=40496"}],"version-history":[{"count":0,"href":"https:\/\/jackpotlotteryonline.com\/lt\/wp-json\/wp\/v2\/pages\/40496\/revisions"}],"up":[{"embeddable":true,"href":"https:\/\/jackpotlotteryonline.com\/lt\/wp-json\/wp\/v2\/pages\/35842"}],"wp:attachment":[{"href":"https:\/\/jackpotlotteryonline.com\/lt\/wp-json\/wp\/v2\/media?parent=40496"}],"curies":[{"name":"wp","href":"https:\/\/api.w.org\/{rel}","templated":true}]}}