{"id":40548,"date":"2022-12-05T11:02:17","date_gmt":"2022-12-05T11:02:17","guid":{"rendered":"https:\/\/jackpotlotteryonline.com\/?page_id=40548"},"modified":"2022-12-26T20:26:18","modified_gmt":"2022-12-26T20:26:18","slug":"mega-millions","status":"publish","type":"page","link":"https:\/\/jackpotlotteryonline.com\/lt\/laimeje-skaitmenys\/mega-millions\/","title":{"rendered":"&#8220;Mega Millions&#8221; burt\u0173 traukimo rezultatai"},"content":{"rendered":"<p>Mega Millions&#8221; gars\u0117ja savo mega laim\u0117jimais, o lo\u0161\u0117jai visur tiesiog dievina mint\u012f laim\u0117ti \u0161ioje loterijoje. Laim\u0117ti loterijoje &#8220;Mega Millions&#8221; yra amerikieti\u0161ka svajon\u0117, kurios siekia milijonai \u017eaid\u0117j\u0173. Laimei, dabar \u017eaid\u0117jai i\u0161 viso pasaulio gali laim\u0117ti &#8220;Mega Millions&#8221; pirkdami bilietus internetu. Jei jums \u012fdomu, kaip tai padaryti, turime jums dovan\u0117l\u0119.<\/p>\n<p>Jei \u017eaid\u017eiate pirm\u0105 kart\u0105 (arba esate nuolatinis \u017eaid\u0117jas), <a href=\"https:\/\/jackpotlotteryonline.com\/lt\/pirkti-bilietus\/mega-millions\">&#8220;Mega Milijon\u0173&#8221; bilietus galite nusipirkti \u010dia, m\u016bs\u0173 svetain\u0117je<\/a>. Ir ne tik tai, bet \u010dia, jackpotlotteryonline.com, mes taip pat suteikiame jums galimyb\u0119 laim\u0117ti keliose geriausiose tarptautin\u0117se loterijose. Taigi, jei norite i\u0161bandyti laim\u0117ti loterijose i\u0161 Australijos, Europos ar Amerikos, pasilikite su mumis.<\/p>\n<section class=\"layout\" style=\"border: solid 1px; width: 100%;\">\n<div class=\"img-div\" style=\"margin-top: 5px;\"><img decoding=\"async\" class=\"wp-image-17212 alignleft\" style=\"height: 45px; margin: 8px 8px 0px;\" src=\"https:\/\/jackpotlotteryonline.com\/wp-content\/uploads\/2022\/11\/read1.jpg\" alt=\"skaityti\" width=\"\" height=\"\" \/><\/div>\n<div style=\"padding-left: 5px;\">\n<div style=\"font-size: 1.1em;\">\n<p><strong>Europos loterijos<\/strong><\/p>\n<p style=\"font-size: 0.85em; margin-top: -1.5em;\">Kurios Europos loterijos yra geriausios?\u00a0<a href=\"https:\/\/jackpotlotteryonline.com\/lt\/kurios-europos-loterijos-yra-geriausios\"> skaityti daugiau<\/a><\/p>\n<\/div>\n<\/div>\n<\/section>\n<p>O ir mes jums papasakosime, kaip galite gauti prieig\u0105 prie savo &#8220;Mega Millions&#8221; laim\u0117jim\u0173. N\u0117ra prasm\u0117s <a href=\"https:\/\/jackpotlotteryonline.com\/lt\/kaip-zaisti\/mega-millions\">\u017eaisti &#8220;Mega Millions&#8221;<\/a>, laim\u0117ti ir negal\u0117ti pasiekti savo prizo. Taigi atsipalaiduokite ir skaitykite toliau, kad su\u017einotum\u0117te visk\u0105, k\u0105 reikia \u017einoti apie &#8220;Mega Millions&#8221; laimin\u010dius skai\u010dius.<\/p>\n<h2>Kaip i\u0161sirinkti &#8220;Mega Millions&#8221; laimin\u010dius skai\u010dius<\/h2>\n<p><img loading=\"lazy\" decoding=\"async\" class=\"alignright size-full wp-image-31073\" src=\"https:\/\/jackpotlotteryonline.com\/wp-content\/uploads\/2022\/11\/logo_Mega_Millions_233x110.png\" alt=\"pirkti mega milijon\u0173 biliet\u0105 internetu\" width=\"232\" height=\"110\" \/>Kiekvienas, perkantis loterijos biliet\u0105, tikisi, kad ka\u017ekokiu b\u016bdu jam pavyks gauti laiming\u0105 biliet\u0105. Tai nat\u016bralus \u017emogaus instinktas. Mes \u017einome, kad tikimyb\u0117 gali b\u016bti didel\u0117, ta\u010diau ka\u017ekas turi gauti laiming\u0105 biliet\u0105. Tai galite b\u016bti ir j\u016bs, tiesa? Bet kaip tai padaryti? Na, yra keletas gudrybi\u0173, kurias \u017eaid\u0117jai naudoja laimingiems skai\u010diams parinkti.<\/p>\n<p>B\u016bsime atviri ir pasakysime, kad n\u0117ra jokio garantuoto b\u016bdo laim\u0117ti laiming\u0105 biliet\u0105. Tai atsitiktinumo \u017eaidimas, tod\u0117l kiekvienas \u017eaid\u0117jas tiesiog turi i\u0161bandyti savo laim\u0119. Vis d\u0117lto yra b\u016bd\u0173, kaip galite pad\u0117ti sau pasijusti laimingais. Tam labai svarbu, kokius laimingus skai\u010dius pasirinksite.<\/p>\n<p>I\u0161 esm\u0117s laimingus skai\u010dius galite pasirinkti pasirinkdami laimingas datas. Kai kurie \u017emon\u0117s laimingomis laiko savo gimimo datas. Sakoma, kad kai kurie \u017emon\u0117s gim\u0117 po laiminga \u017evaig\u017ede. Jei manote, kad esate vienas i\u0161 toki\u0173, loterijos bilietui galite naudoti vis\u0105 savo gimimo dat\u0105 arba jos dal\u012f. Jei nesijau\u010diate tokie laimingi, naudokit\u0117s automatiniu generatoriumi, kuris parenka atsitiktinius laimingus skai\u010dius.<\/p>\n<h2>Laim\u0117ti &#8220;Mega Millions&#8221; internete<\/h2>\n<p>\u017daidimo taisykl\u0117s yra tokios pa\u010dios, nesvarbu, ar \u017eaid\u017eiate internetu, ar ne internetu. Mes jums pad\u0117sime pasirinkti laimin\u010dius skai\u010dius internetu. Kart\u0105 j\u012f perprat\u0119, nenor\u0117site \u017eaisti loterijos kitaip. Yra ka\u017ekas ne\u012ftik\u0117tino, kai nereikia niekur eiti pirkti loterijos bilieto. Tiesiog naudokit\u0117s savo kompiuteriu arba mobiliuoju \u012frenginiu.<\/p>\n<p>Pirmiausia apie taisykles. Dalyvaudami loterijoje &#8220;Mega Millions&#8221; turite i\u0161rinkti 5 skai\u010dius nuo 1 iki 70 ir &#8220;Mega&#8221; kamuoliuk\u0105 nuo 1 iki 25. I\u0161sirink\u0119 laiming\u0105j\u012f derin\u012f, galite dalyvauti traukimuose. Burt\u0173 traukimo dienos yra antradienis ir penktadienis kiekvien\u0105 savait\u0119. Galite dalyvauti viename arba abiejuose lo\u0161imuose.<\/p>\n<p>Taip pat galite dalyvauti loterijose prie\u0161 kelias savaites. Jei atitiksite laiming\u0105 kombinacij\u0105, laim\u0117site daug. Prie\u0161 mok\u0117dami u\u017e \u012fra\u0161us, papra\u0161ysime j\u016bs\u0173 u\u017esiregistruoti. Tai daroma tam, kad jums b\u016bt\u0173 lengviau pasiekti ir atsiimti laim\u0117jimus. Ta\u010diau tai paai\u0161kinsime v\u0117liau, tiesiog skaitykite toliau.<\/p>\n<h2>Laim\u0117jusi\u0173 skai\u010di\u0173 tikrinimas<\/h2>\n<p>&#8220;Mega Millions&#8221; pagrindinis prizas prasideda nuo 40 milijon\u0173 JAV doleri\u0173. Tai yra garantuotas minimalus dydis, o pagrindinio prizo prizas negali b\u016bti ma\u017eesnis u\u017e \u0161i\u0105 sum\u0105. Jei po burt\u0173 traukimo neatsiranda n\u0117 vieno laimingo skai\u010diaus, aukso puodas persikelia \u012f kit\u0105 burt\u0173 traukim\u0105. Jis t\u0119siasi tol, kol randamas laimingas bilietas.<\/p>\n<p>Nor\u0117dami patikrinti loterijos &#8220;Mega Millions&#8221; laim\u0117jimo rezultatus, tiesiog gr\u012f\u017ekite \u012f \u0161\u012f puslap\u012f po kiekvieno tira\u017eo. Tai labai paprasta. \u0160iame puslapyje skelbiame kiekvieno tira\u017eo laim\u0117jimo rezultatus, taip pat ir kit\u0173 priz\u0173 kategorij\u0173. Taip, laim\u0117ti pagrindin\u012f priz\u0105 &#8211; tai dar ne viskas, k\u0105 galite laim\u0117ti \u017eaisdami &#8220;Mega Millions&#8221;.<\/p>\n<p>Jei laim\u0117site kok\u012f nors priz\u0105, mes nedelsdami informuosime Jus el. pa\u0161tu, kad gal\u0117tum\u0117te atsiimti laim\u0117jim\u0105.<\/p>\n<h2>&#8220;Mega Millions&#8221; priz\u0173 kategorijos<\/h2>\n<p>Gerai, \u017einome, kad jums tikriausiai \u012fdomu, kaip \u017eaisdami \u0161i\u0105 loterij\u0105 laim\u0117site kitus prizus. Visi tikim\u0117s laim\u0117ti loterijoje, bet kai siekiate \u017evaig\u017ed\u017ei\u0173, kartais pataikote \u012f dang\u0173. O \u0161ie prizai yra gana nuostab\u016bs. Taigi, pateikiame priz\u0173 paskirstym\u0105.<\/p>\n<p>1 skyrius: 5 + &#8220;Mega Ball&#8221; &#8211; pagrindinis prizas<\/p>\n<p>2 skyrius: 5 &#8211; 1 000 000 JAV doleri\u0173<\/p>\n<p>3 skyrius: 4 + &#8220;Mega Ball&#8221; &#8211; 10 000 USD<\/p>\n<p>4 skyrius: 4 &#8211; 500 USD<\/p>\n<p>5 skyrius: 3 + &#8220;Mega Ball&#8221; &#8211; 200 USD<\/p>\n<p>6 skyrius: 3 &#8211; 10 $<\/p>\n<p>7 skyrius: 2 + &#8220;Mega Ball&#8221; &#8211; 10 USD<\/p>\n<p>8 skyrius: 1 + &#8220;Mega Ball&#8221; &#8211; 4 USD<\/p>\n<p>8 skyrius: tik &#8220;Mega Ball&#8221; &#8211; 2 USD<\/p>\n<p>Laim\u0117ti antrosios pakopos priz\u0105 taip pat b\u016bt\u0173 gana \u012fsp\u016bdinga, tiesa? Mes taip pat taip manome.<\/p>\n<h2>Kaip atsiimti priz\u0105<\/h2>\n<p><img loading=\"lazy\" decoding=\"async\" class=\"alignright size-full wp-image-19115\" src=\"https:\/\/jackpotlotteryonline.com\/wp-content\/uploads\/2022\/10\/2_ticket_mega_millions3.jpg\" alt=\"mega milijon\u0173 bilieto nuskaitymas\" width=\"180\" height=\"193\" \/>\u017daisti loterij\u0105 internetu yra gerai, bet kaip atsiimti laim\u0117jim\u0105? Na, apie tai mes taip pat visk\u0105 \u017einome. Jei loterijos biliet\u0105 \u012fsigijote jackpotlotlotteryonline.com, galite lengvai gauti savo laim\u0117jim\u0105. Prisijung\u0119 prie savo paskyros, tiesiog i\u0161sigryninkite pinigus i\u0161 m\u016bs\u0173 platformos \u012f savo bank\u0105.<\/p>\n<p>\u0160is nesud\u0117tingas procesas yra pagrindin\u0117 prie\u017eastis, d\u0117l kurios pra\u0161ome savo klient\u0173 u\u017esiregistruoti. Tai labai palengvina laim\u0117jimo atsi\u0117mim\u0105, nesvarbu, kur gyvenate.<\/p>\n<p>Atkreipkite d\u0117mes\u012f, kad paprastai tai taikoma laim\u0117jimams, kuri\u0173 suma nevir\u0161ija 2500 eur\u0173. Jei j\u016bs\u0173 laim\u0117jimas yra didesnis nei 2 500 \u20ac, jums gali tekti tiesiogiai kreiptis \u012f loterijos bendrov\u0119, kad atsiimtum\u0117te savo laim\u0117jim\u0105. Ta\u010diau tai n\u0117ra problema, nes mes pad\u0117sime jums u\u017epildyti pretenzijos form\u0105.<\/p>\n<h2>Kod\u0117l tur\u0117tum\u0117te \u017eaisti loterijoje jackpotlotlotteryonline.com<\/h2>\n<p>Viskas, k\u0105 mes darome jackpotlotlotteryonline.com, yra sutelkta \u012f tai, kad \u017eaisdami &#8220;Mega Millions&#8221; patirtum\u0117te fantasti\u0161k\u0105 patirt\u012f. Gyvenime yra tiek daug dalyk\u0173, kurie yra sunk\u016bs, ta\u010diau loterijos laim\u0117jimas netur\u0117t\u0173 b\u016bti vienas i\u0161 j\u0173. Tod\u0117l mes pasir\u016bpiname visomis \u0161iomis varginan\u010diomis smulkmenomis, kad j\u016bs gal\u0117tum\u0117te susitelkti \u012f visas norimas linksmybes.<\/p>\n<p>Be to, mes esame konsjer\u017eo svetain\u0117. Tai rei\u0161kia, kad savo klientams suteikiame galimyb\u0119 laim\u0117ti loterijoje. J\u016bs nestatote u\u017e &#8220;Mega Millions&#8221; rezultatus, kaip yra daugelyje loterij\u0173 svetaini\u0173. Mes i\u0161 tikr\u0173j\u0173 suteikiame savo klientams galimyb\u0119 laim\u0117ti tarptautin\u0117se loterijose, pavyzd\u017eiui, &#8220;Mega Millions&#8221;. Kai perkate bilietus m\u016bs\u0173 svetain\u0117je, Jei turite laiming\u0105 biliet\u0105, laimite loterijoje.<\/p>\n<p>Savo klientams suteikiame galimyb\u0119 lengvai patikrinti &#8220;Mega Millions&#8221; laimin\u010dius numerius ir burt\u0173 traukimo istorij\u0105. Tikrindami burt\u0173 traukimo istorij\u0105, \u017eaid\u0117jai gali susikurti savo laimin\u010dio \u017eaidimo strategij\u0105. Galiausiai, gauti prieig\u0105 prie savo laim\u0117jimo yra taip paprasta, kaip tik spustel\u0117ti. M\u0117gaukit\u0117s &#8220;Mega Millions&#8221; loterija \u0161iandien u\u017esiregistruodami pas mus.<\/p>\n","protected":false},"excerpt":{"rendered":"<p>Mega Millions&#8221; gars\u0117ja savo mega laim\u0117jimais, o lo\u0161\u0117jai visur tiesiog dievina mint\u012f laim\u0117ti \u0161ioje loterijoje. Laim\u0117ti loterijoje &#8220;Mega Millions&#8221; yra amerikieti\u0161ka svajon\u0117, kurios siekia milijonai \u017eaid\u0117j\u0173. Laimei, dabar \u017eaid\u0117jai i\u0161 viso pasaulio gali laim\u0117ti &#8220;Mega Millions&#8221; pirkdami bilietus internetu. Jei jums \u012fdomu, kaip tai padaryti, turime jums dovan\u0117l\u0119. Jei \u017eaid\u017eiate pirm\u0105 kart\u0105 (arba esate nuolatinis [&hellip;]<\/p>\n","protected":false},"author":1,"featured_media":0,"parent":35842,"menu_order":2,"comment_status":"closed","ping_status":"closed","template":"megamillion-results.php","meta":{"_et_pb_use_builder":"","_et_pb_old_content":"","_et_gb_content_width":"","exclude_from_search":false,"footnotes":""},"class_list":["post-40548","page","type-page","status-publish","hentry"],"yoast_head":"<!-- This site is optimized with the Yoast SEO plugin v23.3 - https:\/\/yoast.com\/wordpress\/plugins\/seo\/ -->\n<title>Mega Millions laim\u0117j\u0119 numeriai ir burt\u0173 traukimo rezultatai<\/title>\n<meta name=\"description\" content=\"\u0160ios savait\u0117s ir senesni\u0173 &quot;Mega Millions&quot; tira\u017e\u0173 rezultatus ir laiminguosius skai\u010dius rasite \u010dia, m\u016bs\u0173 svetain\u0117je\" \/>\n<meta name=\"robots\" content=\"index, follow, max-snippet:-1, max-image-preview:large, max-video-preview:-1\" \/>\n<link rel=\"canonical\" href=\"https:\/\/jackpotlotteryonline.com\/lt\/laimeje-skaitmenys\/mega-millions\/\" \/>\n<meta property=\"og:locale\" content=\"lt_LT\" \/>\n<meta property=\"og:type\" content=\"article\" \/>\n<meta property=\"og:title\" content=\"Mega Millions laim\u0117j\u0119 numeriai ir burt\u0173 traukimo rezultatai\" \/>\n<meta property=\"og:description\" content=\"\u0160ios savait\u0117s ir senesni\u0173 &quot;Mega Millions&quot; tira\u017e\u0173 rezultatus ir laiminguosius skai\u010dius rasite \u010dia, m\u016bs\u0173 svetain\u0117je\" \/>\n<meta property=\"og:url\" content=\"https:\/\/jackpotlotteryonline.com\/lt\/laimeje-skaitmenys\/mega-millions\/\" \/>\n<meta property=\"og:site_name\" content=\"Lotto Online - Crack The International Lottery Jackpots\" \/>\n<meta property=\"article:modified_time\" content=\"2022-12-26T20:26:18+00:00\" \/>\n<meta property=\"og:image\" content=\"https:\/\/jackpotlotteryonline.com\/wp-content\/uploads\/2022\/11\/read1.jpg\" \/>\n<meta name=\"twitter:card\" content=\"summary_large_image\" \/>\n<meta name=\"twitter:label1\" content=\"Est. reading time\" \/>\n\t<meta name=\"twitter:data1\" content=\"5 minut\u0117s\" \/>\n<!-- \/ Yoast SEO plugin. -->","yoast_head_json":{"title":"Mega Millions laim\u0117j\u0119 numeriai ir burt\u0173 traukimo rezultatai","description":"\u0160ios savait\u0117s ir senesni\u0173 \"Mega Millions\" tira\u017e\u0173 rezultatus ir laiminguosius skai\u010dius rasite \u010dia, m\u016bs\u0173 svetain\u0117je","robots":{"index":"index","follow":"follow","max-snippet":"max-snippet:-1","max-image-preview":"max-image-preview:large","max-video-preview":"max-video-preview:-1"},"canonical":"https:\/\/jackpotlotteryonline.com\/lt\/laimeje-skaitmenys\/mega-millions\/","og_locale":"lt_LT","og_type":"article","og_title":"Mega Millions laim\u0117j\u0119 numeriai ir burt\u0173 traukimo rezultatai","og_description":"\u0160ios savait\u0117s ir senesni\u0173 \"Mega Millions\" tira\u017e\u0173 rezultatus ir laiminguosius skai\u010dius rasite \u010dia, m\u016bs\u0173 svetain\u0117je","og_url":"https:\/\/jackpotlotteryonline.com\/lt\/laimeje-skaitmenys\/mega-millions\/","og_site_name":"Lotto Online - Crack The International Lottery Jackpots","article_modified_time":"2022-12-26T20:26:18+00:00","og_image":[{"url":"https:\/\/jackpotlotteryonline.com\/wp-content\/uploads\/2022\/11\/read1.jpg"}],"twitter_card":"summary_large_image","twitter_misc":{"Est. reading time":"5 minut\u0117s"},"schema":{"@context":"https:\/\/schema.org","@graph":[{"@type":"WebPage","@id":"https:\/\/jackpotlotteryonline.com\/lt\/laimeje-skaitmenys\/mega-millions\/","url":"https:\/\/jackpotlotteryonline.com\/lt\/laimeje-skaitmenys\/mega-millions\/","name":"Mega Millions laim\u0117j\u0119 numeriai ir burt\u0173 traukimo rezultatai","isPartOf":{"@id":"https:\/\/jackpotlotteryonline.com\/#website"},"primaryImageOfPage":{"@id":"https:\/\/jackpotlotteryonline.com\/lt\/laimeje-skaitmenys\/mega-millions\/#primaryimage"},"image":{"@id":"https:\/\/jackpotlotteryonline.com\/lt\/laimeje-skaitmenys\/mega-millions\/#primaryimage"},"thumbnailUrl":"https:\/\/jackpotlotteryonline.com\/wp-content\/uploads\/2022\/11\/read1.jpg","datePublished":"2022-12-05T11:02:17+00:00","dateModified":"2022-12-26T20:26:18+00:00","description":"\u0160ios savait\u0117s ir senesni\u0173 \"Mega Millions\" tira\u017e\u0173 rezultatus ir laiminguosius skai\u010dius rasite \u010dia, m\u016bs\u0173 svetain\u0117je","breadcrumb":{"@id":"https:\/\/jackpotlotteryonline.com\/lt\/laimeje-skaitmenys\/mega-millions\/#breadcrumb"},"inLanguage":"lt-LT","potentialAction":[{"@type":"ReadAction","target":["https:\/\/jackpotlotteryonline.com\/lt\/laimeje-skaitmenys\/mega-millions\/"]}]},{"@type":"ImageObject","inLanguage":"lt-LT","@id":"https:\/\/jackpotlotteryonline.com\/lt\/laimeje-skaitmenys\/mega-millions\/#primaryimage","url":"https:\/\/jackpotlotteryonline.com\/wp-content\/uploads\/2022\/11\/read1.jpg","contentUrl":"https:\/\/jackpotlotteryonline.com\/wp-content\/uploads\/2022\/11\/read1.jpg"},{"@type":"BreadcrumbList","@id":"https:\/\/jackpotlotteryonline.com\/lt\/laimeje-skaitmenys\/mega-millions\/#breadcrumb","itemListElement":[{"@type":"ListItem","position":1,"name":"Home","item":"https:\/\/jackpotlotteryonline.com\/lt\/"},{"@type":"ListItem","position":2,"name":"Loterijos rezultatai","item":"https:\/\/jackpotlotteryonline.com\/lt\/laimeje-skaitmenys\/"},{"@type":"ListItem","position":3,"name":"&#8222;Mega Millions&#8221; burt\u0173 traukimo rezultatai"}]},{"@type":"WebSite","@id":"https:\/\/jackpotlotteryonline.com\/#website","url":"https:\/\/jackpotlotteryonline.com\/","name":"Lotto Online - Crack The International Lottery Jackpots","description":"","potentialAction":[{"@type":"SearchAction","target":{"@type":"EntryPoint","urlTemplate":"https:\/\/jackpotlotteryonline.com\/?s={search_term_string}"},"query-input":"required name=search_term_string"}],"inLanguage":"lt-LT"}]}},"_links":{"self":[{"href":"https:\/\/jackpotlotteryonline.com\/lt\/wp-json\/wp\/v2\/pages\/40548","targetHints":{"allow":["GET"]}}],"collection":[{"href":"https:\/\/jackpotlotteryonline.com\/lt\/wp-json\/wp\/v2\/pages"}],"about":[{"href":"https:\/\/jackpotlotteryonline.com\/lt\/wp-json\/wp\/v2\/types\/page"}],"author":[{"embeddable":true,"href":"https:\/\/jackpotlotteryonline.com\/lt\/wp-json\/wp\/v2\/users\/1"}],"replies":[{"embeddable":true,"href":"https:\/\/jackpotlotteryonline.com\/lt\/wp-json\/wp\/v2\/comments?post=40548"}],"version-history":[{"count":0,"href":"https:\/\/jackpotlotteryonline.com\/lt\/wp-json\/wp\/v2\/pages\/40548\/revisions"}],"up":[{"embeddable":true,"href":"https:\/\/jackpotlotteryonline.com\/lt\/wp-json\/wp\/v2\/pages\/35842"}],"wp:attachment":[{"href":"https:\/\/jackpotlotteryonline.com\/lt\/wp-json\/wp\/v2\/media?parent=40548"}],"curies":[{"name":"wp","href":"https:\/\/api.w.org\/{rel}","templated":true}]}}