{"id":40603,"date":"2022-12-05T13:27:50","date_gmt":"2022-12-05T13:27:50","guid":{"rendered":"https:\/\/jackpotlotteryonline.com\/?page_id=40603"},"modified":"2022-12-27T08:32:14","modified_gmt":"2022-12-27T08:32:14","slug":"euromillions","status":"publish","type":"page","link":"https:\/\/jackpotlotteryonline.com\/lt\/laimeje-skaitmenys\/euromillions\/","title":{"rendered":"Euromillions traukimo rezultatai"},"content":{"rendered":"<p>\u017daid\u0117jai, perkantys loterijos bilietus, da\u017enai nerimauja, kad gali prarasti loterijos prizus. Taip yra tod\u0117l, kad \u017emon\u0117s b\u016bna neatsarg\u016bs ir bilietai dingsta; be loterijos bilieto negalite atsiimti prizo. Ta\u010diau kai \u017eaid\u017eiate loterij\u0105 internetu, niekada nereikia jaudintis d\u0117l dingusi\u0173 biliet\u0173, nes viskas vyksta skaitmeniniu b\u016bdu. Ta\u010diau patikrinti laimin\u010dius skai\u010dius vis tiek gali b\u016bti problema, jei ne\u017einote, k\u0105 daryti. \u0160tai kod\u0117l mes esame \u010dia.<\/p>\n<p>Jackpotlotlotteryonline.com suteikiame \u017eaid\u0117jams prieig\u0105 prie geriausi\u0173 tarptautini\u0173 loterij\u0173 internete. Taip pat leid\u017eiame lengvai nusipirkti loterijos bilietus ir patikrinti &#8220;Euromillions&#8221; laimin\u010dius skai\u010dius, kad ir kur b\u016btum\u0117te.<\/p>\n<h2>Kaip laim\u0117ti pagrindin\u012f priz\u0105?<\/h2>\n<p><img loading=\"lazy\" decoding=\"async\" class=\"alignright size-full wp-image-31019\" src=\"https:\/\/jackpotlotteryonline.com\/wp-content\/uploads\/2022\/11\/euromillions.png\" alt=\"Euromillions laim\u0117jimas\" width=\"200\" height=\"212\" \/>Tai esminis klausimas, nes kiekvienas, \u017eaid\u017eiantis loterijoje, nor\u0117t\u0173 su\u017einoti, ko reikia, kad laim\u0117tum\u0117te. Atsakymas paprastas &#8211; norint laim\u0117ti loterijoje, \u017eaid\u0117jui tereikia atitikti i\u0161trauktus skai\u010dius. \u017dinoma, visi \u017einome, kad tai n\u0117ra taip paprasta. Loterija labai priklauso nuo s\u0117km\u0117s.<\/p>\n<p>Euromillions \u017eaid\u0117jui reikia i\u0161rinkti 5 skaitmenis nuo 1 iki 70 ir 2 laim\u0117s \u017evaig\u017edes. Laimi tas, kuris atitinka visus 7 i\u0161trauktus skaitmenis.<\/p>\n<p>\u010cia galite patikrinti ankstesnius derinius ir su\u017einoti, kokie skaitmenys pasitaiko da\u017eniausiai arba re\u010diausiai. Tai gali pad\u0117ti jums suplanuoti savo laim\u0117jimo strategij\u0105 Europos loterijoje.<\/p>\n<h2>Kaip patikrinti laim\u0117toj\u0105<\/h2>\n<p>Yra keli b\u016bdai, kaip patikrinti loterijos laim\u0117toj\u0105 internetu. Ta\u010diau tikrinant bet kurioje atsitiktin\u0117je svetain\u0117je problema yra ta, kad galite gauti netiksli\u0105 informacij\u0105. Be to, jei tikrinsite naujien\u0173 svetaines, galite su\u017einoti tik kombinacij\u0105, kuri laim\u0117jo pagrindin\u012f priz\u0105.<\/p>\n<p>Europos loterijoje yra kelios priz\u0173 kategorijos, tod\u0117l net jei nelaim\u0117jote pagrindinio prizo, vis tiek galite gr\u012f\u017eti namo su gera suma. Tod\u0117l svarbu patikrinti, ar j\u016bs\u0173 bilietas atitinka kitus priz\u0173 skyrius.<\/p>\n<p>Jei <a href=\"https:\/\/jackpotlotteryonline.com\/lt\/pirkti-bilietus\/euromillions\">nusipirksite loterijos biliet\u0105<\/a> svetain\u0117je jackpotlotlotteryonline.com, i\u0161si\u0173sime jums el. lai\u0161k\u0105, kai tik laim\u0117site priz\u0105. Taigi, jums nereik\u0117s nerimauti, kad prarasite savo prizus.<\/p>\n<h2>Prieiga prie j\u016bs\u0173 laim\u0117jimo<\/h2>\n<p>Kadangi <a href=\"https:\/\/jackpotlotteryonline.com\/lt\/kaip-zaisti\/euromillions\">loterij\u0105 \u017eaid\u017eiate internetu<\/a>, nat\u016bralu, kad domit\u0117s, kas nutiks, kai laim\u0117site priz\u0105. Jei \u017eaid\u017eiate su mumis, gauti laim\u0117jim\u0105 taip pat paprasta, kaip ir nusipirkti biliet\u0105. Turime omenyje, kad savo laim\u0117jimus galite lengvai atsiimti i\u0161 m\u016bs\u0173 svetain\u0117s. Joki\u0173 r\u016bpes\u010di\u0173 ir komplikacij\u0173.<\/p>\n<p>Jei laim\u0117jote pagrindin\u012f priz\u0105 arba didesn\u0119 nei 2500 eur\u0173 sum\u0105, gali tekti u\u017epildyti pretenzijos form\u0105. Ta\u010diau nesijaudinkite, tai n\u0117ra sud\u0117tingas procesas ir mes jums pad\u0117sime j\u012f atlikti.<\/p>\n<section class=\"layout\" style=\"border: solid 1px; width: 100%;\">\n<div class=\"img-div\" style=\"margin-top: 5px;\"><img decoding=\"async\" class=\"wp-image-17212 alignleft\" style=\"height: 45px; margin: 8px 8px 0px;\" src=\"https:\/\/jackpotlotteryonline.com\/wp-content\/uploads\/2022\/11\/read1.jpg\" alt=\"skaityti\" width=\"\" height=\"\" \/><\/div>\n<div style=\"padding-left: 5px;\">\n<div style=\"font-size: 1.1em;\">\n<p><strong>Kaip man sumok\u0117ti, jei laim\u0117jau loterij\u0105 internete?<\/strong><\/p>\n<p style=\"font-size: 0.85em; margin-top: -1.5em;\">\u0160tai kaip gausite pinigus, jei laim\u0117site loterijoje internetu\u00a0<a href=\"https:\/\/jackpotlotteryonline.com\/lt\/kaip-gauti-uzmokesti-jeigu-laimesiu-loterija-online\"> skaityti daugiau<\/a><\/p>\n<\/div>\n<\/div>\n<\/section>\n<h2>Patikrinkite &#8220;Euromillions&#8221; laimin\u010dius skai\u010dius \u0161iandien<\/h2>\n<p>D\u0117jome daug pastang\u0173, kad savo \u017eaid\u0117jams sukurtume saugi\u0105 interneto aplink\u0105. Suteikiame visk\u0105, ko reikia, kad gal\u0117tum\u0117te patogiai \u017eaisti loterijoje. Su mumis gausite prieig\u0105 prie geriausi\u0173 tarptautini\u0173 loterij\u0173 ir gal\u0117site i\u0161 anksto dalyvauti keliuose tira\u017euose. Be to, \u010dia pat galite lengvai pasitikrinti tira\u017eus ir atsiimti laim\u0117jimus.<\/p>\n","protected":false},"excerpt":{"rendered":"<p>\u017daid\u0117jai, perkantys loterijos bilietus, da\u017enai nerimauja, kad gali prarasti loterijos prizus. Taip yra tod\u0117l, kad \u017emon\u0117s b\u016bna neatsarg\u016bs ir bilietai dingsta; be loterijos bilieto negalite atsiimti prizo. Ta\u010diau kai \u017eaid\u017eiate loterij\u0105 internetu, niekada nereikia jaudintis d\u0117l dingusi\u0173 biliet\u0173, nes viskas vyksta skaitmeniniu b\u016bdu. Ta\u010diau patikrinti laimin\u010dius skai\u010dius vis tiek gali b\u016bti problema, jei ne\u017einote, k\u0105 [&hellip;]<\/p>\n","protected":false},"author":1,"featured_media":0,"parent":35842,"menu_order":3,"comment_status":"closed","ping_status":"closed","template":"euromillions-results.php","meta":{"_et_pb_use_builder":"","_et_pb_old_content":"","_et_gb_content_width":"","exclude_from_search":false,"footnotes":""},"class_list":["post-40603","page","type-page","status-publish","hentry"],"yoast_head":"<!-- This site is optimized with the Yoast SEO plugin v23.3 - https:\/\/yoast.com\/wordpress\/plugins\/seo\/ -->\n<title>Euromillions laim\u0117j\u0119 numeriai ir traukimo rezultatai<\/title>\n<meta name=\"description\" content=\"&quot;Euromillions&quot; burt\u0173 rezultatai - naujausio burt\u0173 traukimo laimingieji skai\u010diai ir ankstesni\u0173 rezultat\u0173 archyvas.\" \/>\n<meta name=\"robots\" content=\"index, follow, max-snippet:-1, max-image-preview:large, max-video-preview:-1\" \/>\n<link rel=\"canonical\" href=\"https:\/\/jackpotlotteryonline.com\/lt\/laimeje-skaitmenys\/euromillions\/\" \/>\n<meta property=\"og:locale\" content=\"lt_LT\" \/>\n<meta property=\"og:type\" content=\"article\" \/>\n<meta property=\"og:title\" content=\"Euromillions laim\u0117j\u0119 numeriai ir traukimo rezultatai\" \/>\n<meta property=\"og:description\" content=\"&quot;Euromillions&quot; burt\u0173 rezultatai - naujausio burt\u0173 traukimo laimingieji skai\u010diai ir ankstesni\u0173 rezultat\u0173 archyvas.\" \/>\n<meta property=\"og:url\" content=\"https:\/\/jackpotlotteryonline.com\/lt\/laimeje-skaitmenys\/euromillions\/\" \/>\n<meta property=\"og:site_name\" content=\"Lotto Online - Crack The International Lottery Jackpots\" \/>\n<meta property=\"article:modified_time\" content=\"2022-12-27T08:32:14+00:00\" \/>\n<meta property=\"og:image\" content=\"https:\/\/jackpotlotteryonline.com\/wp-content\/uploads\/2022\/11\/euromillions.png\" \/>\n<meta name=\"twitter:card\" content=\"summary_large_image\" \/>\n<meta name=\"twitter:label1\" content=\"Est. reading time\" \/>\n\t<meta name=\"twitter:data1\" content=\"2 minut\u0117s\" \/>\n<!-- \/ Yoast SEO plugin. -->","yoast_head_json":{"title":"Euromillions laim\u0117j\u0119 numeriai ir traukimo rezultatai","description":"\"Euromillions\" burt\u0173 rezultatai - naujausio burt\u0173 traukimo laimingieji skai\u010diai ir ankstesni\u0173 rezultat\u0173 archyvas.","robots":{"index":"index","follow":"follow","max-snippet":"max-snippet:-1","max-image-preview":"max-image-preview:large","max-video-preview":"max-video-preview:-1"},"canonical":"https:\/\/jackpotlotteryonline.com\/lt\/laimeje-skaitmenys\/euromillions\/","og_locale":"lt_LT","og_type":"article","og_title":"Euromillions laim\u0117j\u0119 numeriai ir traukimo rezultatai","og_description":"\"Euromillions\" burt\u0173 rezultatai - naujausio burt\u0173 traukimo laimingieji skai\u010diai ir ankstesni\u0173 rezultat\u0173 archyvas.","og_url":"https:\/\/jackpotlotteryonline.com\/lt\/laimeje-skaitmenys\/euromillions\/","og_site_name":"Lotto Online - Crack The International Lottery Jackpots","article_modified_time":"2022-12-27T08:32:14+00:00","og_image":[{"url":"https:\/\/jackpotlotteryonline.com\/wp-content\/uploads\/2022\/11\/euromillions.png"}],"twitter_card":"summary_large_image","twitter_misc":{"Est. reading time":"2 minut\u0117s"},"schema":{"@context":"https:\/\/schema.org","@graph":[{"@type":"WebPage","@id":"https:\/\/jackpotlotteryonline.com\/lt\/laimeje-skaitmenys\/euromillions\/","url":"https:\/\/jackpotlotteryonline.com\/lt\/laimeje-skaitmenys\/euromillions\/","name":"Euromillions laim\u0117j\u0119 numeriai ir traukimo rezultatai","isPartOf":{"@id":"https:\/\/jackpotlotteryonline.com\/#website"},"primaryImageOfPage":{"@id":"https:\/\/jackpotlotteryonline.com\/lt\/laimeje-skaitmenys\/euromillions\/#primaryimage"},"image":{"@id":"https:\/\/jackpotlotteryonline.com\/lt\/laimeje-skaitmenys\/euromillions\/#primaryimage"},"thumbnailUrl":"https:\/\/jackpotlotteryonline.com\/wp-content\/uploads\/2022\/11\/euromillions.png","datePublished":"2022-12-05T13:27:50+00:00","dateModified":"2022-12-27T08:32:14+00:00","description":"\"Euromillions\" burt\u0173 rezultatai - naujausio burt\u0173 traukimo laimingieji skai\u010diai ir ankstesni\u0173 rezultat\u0173 archyvas.","breadcrumb":{"@id":"https:\/\/jackpotlotteryonline.com\/lt\/laimeje-skaitmenys\/euromillions\/#breadcrumb"},"inLanguage":"lt-LT","potentialAction":[{"@type":"ReadAction","target":["https:\/\/jackpotlotteryonline.com\/lt\/laimeje-skaitmenys\/euromillions\/"]}]},{"@type":"ImageObject","inLanguage":"lt-LT","@id":"https:\/\/jackpotlotteryonline.com\/lt\/laimeje-skaitmenys\/euromillions\/#primaryimage","url":"https:\/\/jackpotlotteryonline.com\/wp-content\/uploads\/2022\/11\/euromillions.png","contentUrl":"https:\/\/jackpotlotteryonline.com\/wp-content\/uploads\/2022\/11\/euromillions.png"},{"@type":"BreadcrumbList","@id":"https:\/\/jackpotlotteryonline.com\/lt\/laimeje-skaitmenys\/euromillions\/#breadcrumb","itemListElement":[{"@type":"ListItem","position":1,"name":"Home","item":"https:\/\/jackpotlotteryonline.com\/lt\/"},{"@type":"ListItem","position":2,"name":"Loterijos rezultatai","item":"https:\/\/jackpotlotteryonline.com\/lt\/laimeje-skaitmenys\/"},{"@type":"ListItem","position":3,"name":"Euromillions traukimo rezultatai"}]},{"@type":"WebSite","@id":"https:\/\/jackpotlotteryonline.com\/#website","url":"https:\/\/jackpotlotteryonline.com\/","name":"Lotto Online - Crack The International Lottery Jackpots","description":"","potentialAction":[{"@type":"SearchAction","target":{"@type":"EntryPoint","urlTemplate":"https:\/\/jackpotlotteryonline.com\/?s={search_term_string}"},"query-input":"required name=search_term_string"}],"inLanguage":"lt-LT"}]}},"_links":{"self":[{"href":"https:\/\/jackpotlotteryonline.com\/lt\/wp-json\/wp\/v2\/pages\/40603","targetHints":{"allow":["GET"]}}],"collection":[{"href":"https:\/\/jackpotlotteryonline.com\/lt\/wp-json\/wp\/v2\/pages"}],"about":[{"href":"https:\/\/jackpotlotteryonline.com\/lt\/wp-json\/wp\/v2\/types\/page"}],"author":[{"embeddable":true,"href":"https:\/\/jackpotlotteryonline.com\/lt\/wp-json\/wp\/v2\/users\/1"}],"replies":[{"embeddable":true,"href":"https:\/\/jackpotlotteryonline.com\/lt\/wp-json\/wp\/v2\/comments?post=40603"}],"version-history":[{"count":0,"href":"https:\/\/jackpotlotteryonline.com\/lt\/wp-json\/wp\/v2\/pages\/40603\/revisions"}],"up":[{"embeddable":true,"href":"https:\/\/jackpotlotteryonline.com\/lt\/wp-json\/wp\/v2\/pages\/35842"}],"wp:attachment":[{"href":"https:\/\/jackpotlotteryonline.com\/lt\/wp-json\/wp\/v2\/media?parent=40603"}],"curies":[{"name":"wp","href":"https:\/\/api.w.org\/{rel}","templated":true}]}}