{"id":40674,"date":"2022-12-06T07:18:00","date_gmt":"2022-12-06T07:18:00","guid":{"rendered":"https:\/\/jackpotlotteryonline.com\/?page_id=40674"},"modified":"2022-12-28T08:39:49","modified_gmt":"2022-12-28T08:39:49","slug":"eurojackpot","status":"publish","type":"page","link":"https:\/\/jackpotlotteryonline.com\/lt\/laimeje-skaitmenys\/eurojackpot\/","title":{"rendered":"Eurojackpot burt\u0173 traukimo rezultatai"},"content":{"rendered":"<p>Kaip patikrinti loterijos &#8220;Eurojackpot&#8221; laiminguosius skai\u010dius? Eurojackpot yra viena i\u0161 populiariausi\u0173 loterij\u0173 Europoje, tod\u0117l lo\u0161\u0117jai visur trok\u0161ta pasinaudoti galimybe laim\u0117ti daug. Jei gyvenate ne Europoje, taip pat galite \u012fsigyti loterijos bilietus ir patikrinti traukimo rezultatus internetu.<\/p>\n<p>Apsilank\u0119 jackpotlotlotteryonline.com gausite prieig\u0105 prie geriausi\u0173 tarptautini\u0173 loterij\u0173 visame pasaulyje. Si\u016blome paprast\u0105 ir patog\u0173 b\u016bd\u0105 \u017eaisti loterijoje ir tikrinti burt\u0173 rezultatus vienoje vietoje.<\/p>\n<h2>Kas yra laiminti kombinacija?<\/h2>\n<p><img loading=\"lazy\" decoding=\"async\" class=\"size-full wp-image-28751 alignright\" src=\"http:\/\/jackpotlotteryonline.com\/wp-content\/uploads\/2022\/11\/1_online_ticket_eurojackpot.jpg\" alt=\"Eurojackpot laimingieji deriniai\" width=\"300\" height=\"210\" \/>Dauguma \u017emoni\u0173 <a href=\"https:\/\/jackpotlotteryonline.com\/lt\/kaip-zaisti\/eurojackpot\">\u017eaid\u017eia loterijoje<\/a> d\u0117l galimyb\u0117s laim\u0117ti daug, o lo\u0161\u0117jai ypa\u010d m\u0117gsta &#8220;Eurojackpot&#8221; d\u0117l daugelio prie\u017eas\u010di\u0173. Viena i\u0161 j\u0173 &#8211; didel\u0117 tikimyb\u0117 laim\u0117ti. Nuo tada, kai \u0161i loterija buvo prad\u0117ta organizuoti, joje atsirado daug milijonieri\u0173.<\/p>\n<p>I\u0161 esm\u0117s laimi tas bilietas, kuris atitinka i\u0161trauktus skai\u010dius. Jei \u017eaid\u017eiate internetu, jums reikia pasirinkti 5 skaitmenis nuo 1 iki 50 ir dar 2 skaitmenis nuo 1 iki 12. Tas, kuris atitinka septynis i\u0161trauktus skaitmenis, laimi pagrindin\u012f priz\u0105.<\/p>\n<p>Rinkdamiesi skai\u010dius, galite rinktis tuos, kurie jums ypatingi, arba atsitiktinius. Kai kurie \u017eaid\u0117jai mieliau naudojasi m\u016bs\u0173 automatiniu generatoriumi, kad pasirinkt\u0173 atsitiktinius skai\u010dius. Svarbiausia yra gauti biliet\u0105 prie\u0161 burt\u0173 traukim\u0105.<\/p>\n<h2>Kaip patikrinti traukimo rezultatus<\/h2>\n<p>\u0160i Europos loterija turi dvi burt\u0173 traukimo dienas &#8211; antradien\u012f ir penktadien\u012f kiekvien\u0105 savait\u0119. Lygiosios rezultatai da\u017enai skelbiami tiesioginio eterio metu. ta\u010diau laukti, kol bus galima steb\u0117ti tiesioginius burt\u0173 traukimus, gali b\u016bti \u0161iek tiek nepatogu. Ypa\u010d jei tai kertasi su svarbia funkcija arba, pavyzd\u017eiui, j\u016bs\u0173 darbu. \u0160tai kod\u0117l \u017eaisti loterij\u0105 su mumis yra fantasti\u0161ka galimyb\u0117.<\/p>\n<p>Kai \u017eaid\u017eiate su mumis, jums tereikia patikrinti, kada su\u017einosite burt\u0173 rezultatus. Taip yra tod\u0117l, kad burt\u0173 rezultatus skelbiame \u010dia, savo svetain\u0117je.<\/p>\n<p>Be to, jei laim\u0117site priz\u0105, i\u0161 karto po laim\u0117jimo prane\u0161ime jums el. pa\u0161tu. O prisijung\u0119 prie savo paskyros m\u016bs\u0173 platformoje, gausite \u012fsp\u0117jim\u0105. \u017daisti loterij\u0105 dar papras\u010diau ir patogiau, kai loterijos bilietus perkate i\u0161 m\u016bs\u0173.<\/p>\n<h2>K\u0105 daryti, kai laim\u0117site<\/h2>\n<p>Mums patinka, kai m\u016bs\u0173 klientai laimi loterijoje, nes pirmiausia d\u0117l to mes ir esame \u010dia. Tam, kad \u017eaid\u0117jai visur gal\u0117t\u0173 naudotis geriausiomis tarptautin\u0117mis loterijomis patogiai s\u0117d\u0117dami savo kompiuteriuose ar mobiliuosiuose \u012frenginiuose.<\/p>\n<p>Taigi, jei laim\u0117site priz\u0105, ne tik \u012fsp\u0117sime jus, bet ir gal\u0117site lengvai atsiimti laim\u0117jim\u0105 i\u0161 m\u016bs\u0173 platformos. Tai tiesa. Nereikia niekur eiti, kad gautum\u0117te prieig\u0105 prie savo loterijos prizo, tiesiog atsiimkite tiesiai \u012f savo s\u0105skait\u0105.<\/p>\n<p>Vis d\u0117lto tur\u0117tume pamin\u0117ti, kad kai jis vir\u0161ija tam tikr\u0105 sum\u0105, jums gali tekti u\u017epildyti pretenzijos form\u0105. Tai pad\u0117s jums gauti laim\u0117jim\u0105 i\u0161 loterijos bendrov\u0117s. Ta\u010diau mes esame \u010dia tam, kad pad\u0117tume jums ir padarytume \u0161\u012f proces\u0105 kuo lengvesn\u012f ir paprastesn\u012f.<\/p>\n<section class=\"layout\" style=\"border: solid 1px; width: 100%;\">\n<div class=\"img-div\" style=\"margin-top: 5px;\"><img decoding=\"async\" class=\"wp-image-17212 alignleft\" style=\"height: 45px; margin: 8px 8px 0px;\" src=\"http:\/\/jackpotlotteryonline.com\/wp-content\/uploads\/2022\/11\/read1.jpg\" alt=\"skaityti\" width=\"\" height=\"\" \/><\/div>\n<div style=\"padding-left: 5px;\">\n<div style=\"font-size: 1.1em;\">\n<p><strong>Kaip man sumok\u0117ti, jei laim\u0117jau loterij\u0105 internete?<\/strong><\/p>\n<p style=\"font-size: 0.85em; margin-top: -1.5em;\">\u0160tai kaip gausite pinigus, jei laim\u0117site loterijoje internetu\u00a0 <a href=\"https:\/\/jackpotlotteryonline.com\/lt\/kaip-gauti-uzmokesti-jeigu-laimesiu-loterija-online\">skaityti daugiau<\/a><\/p>\n<\/div>\n<\/div>\n<\/section>\n<h2>Patikrinkite savo &#8220;Eurojackpot&#8221; laim\u0117jimo numerius \u010dia<\/h2>\n<p><a href=\"https:\/\/jackpotlotteryonline.com\/lt\/pirkti-bilietus\/eurojackpot\">Pirkite loterijos bilietus<\/a>, dalyvaukite traukimuose ir tikrinkite traukimo rezultatus &#8211; visa tai vienoje svetain\u0117je. Apsilankykite jackpotlotlotteryonline.com \u0161iandien.<\/p>\n","protected":false},"excerpt":{"rendered":"<p>Kaip patikrinti loterijos &#8220;Eurojackpot&#8221; laiminguosius skai\u010dius? Eurojackpot yra viena i\u0161 populiariausi\u0173 loterij\u0173 Europoje, tod\u0117l lo\u0161\u0117jai visur trok\u0161ta pasinaudoti galimybe laim\u0117ti daug. Jei gyvenate ne Europoje, taip pat galite \u012fsigyti loterijos bilietus ir patikrinti traukimo rezultatus internetu. Apsilank\u0119 jackpotlotlotteryonline.com gausite prieig\u0105 prie geriausi\u0173 tarptautini\u0173 loterij\u0173 visame pasaulyje. Si\u016blome paprast\u0105 ir patog\u0173 b\u016bd\u0105 \u017eaisti loterijoje ir tikrinti [&hellip;]<\/p>\n","protected":false},"author":1,"featured_media":0,"parent":35842,"menu_order":4,"comment_status":"closed","ping_status":"closed","template":"eurojackpot-results.php","meta":{"_et_pb_use_builder":"","_et_pb_old_content":"","_et_gb_content_width":"","exclude_from_search":false,"footnotes":""},"class_list":["post-40674","page","type-page","status-publish","hentry"],"yoast_head":"<!-- This site is optimized with the Yoast SEO plugin v23.3 - https:\/\/yoast.com\/wordpress\/plugins\/seo\/ -->\n<title>Eurojackpot laimingieji numeriai ir traukimo rezultatai<\/title>\n<meta name=\"description\" content=\"Norite ne su\u017einoti laimin\u010dius &quot;Eurojackpot&quot; skai\u010dius? Patikrinkite visus &quot;Eurojackpot&quot; ir daugelio kit\u0173 loterij\u0173 traukimo rezultatus \u010dia!\" \/>\n<meta name=\"robots\" content=\"index, follow, max-snippet:-1, max-image-preview:large, max-video-preview:-1\" \/>\n<link rel=\"canonical\" href=\"https:\/\/jackpotlotteryonline.com\/lt\/laimeje-skaitmenys\/eurojackpot\/\" \/>\n<meta property=\"og:locale\" content=\"lt_LT\" \/>\n<meta property=\"og:type\" content=\"article\" \/>\n<meta property=\"og:title\" content=\"Eurojackpot laimingieji numeriai ir traukimo rezultatai\" \/>\n<meta property=\"og:description\" content=\"Norite ne su\u017einoti laimin\u010dius &quot;Eurojackpot&quot; skai\u010dius? Patikrinkite visus &quot;Eurojackpot&quot; ir daugelio kit\u0173 loterij\u0173 traukimo rezultatus \u010dia!\" \/>\n<meta property=\"og:url\" content=\"https:\/\/jackpotlotteryonline.com\/lt\/laimeje-skaitmenys\/eurojackpot\/\" \/>\n<meta property=\"og:site_name\" content=\"Lotto Online - Crack The International Lottery Jackpots\" \/>\n<meta property=\"article:modified_time\" content=\"2022-12-28T08:39:49+00:00\" \/>\n<meta property=\"og:image\" content=\"http:\/\/jackpotlotteryonline.com\/wp-content\/uploads\/2022\/11\/1_online_ticket_eurojackpot.jpg\" \/>\n<meta name=\"twitter:card\" content=\"summary_large_image\" \/>\n<meta name=\"twitter:label1\" content=\"Est. reading time\" \/>\n\t<meta name=\"twitter:data1\" content=\"2 minut\u0117s\" \/>\n<!-- \/ Yoast SEO plugin. -->","yoast_head_json":{"title":"Eurojackpot laimingieji numeriai ir traukimo rezultatai","description":"Norite ne su\u017einoti laimin\u010dius \"Eurojackpot\" skai\u010dius? Patikrinkite visus \"Eurojackpot\" ir daugelio kit\u0173 loterij\u0173 traukimo rezultatus \u010dia!","robots":{"index":"index","follow":"follow","max-snippet":"max-snippet:-1","max-image-preview":"max-image-preview:large","max-video-preview":"max-video-preview:-1"},"canonical":"https:\/\/jackpotlotteryonline.com\/lt\/laimeje-skaitmenys\/eurojackpot\/","og_locale":"lt_LT","og_type":"article","og_title":"Eurojackpot laimingieji numeriai ir traukimo rezultatai","og_description":"Norite ne su\u017einoti laimin\u010dius \"Eurojackpot\" skai\u010dius? Patikrinkite visus \"Eurojackpot\" ir daugelio kit\u0173 loterij\u0173 traukimo rezultatus \u010dia!","og_url":"https:\/\/jackpotlotteryonline.com\/lt\/laimeje-skaitmenys\/eurojackpot\/","og_site_name":"Lotto Online - Crack The International Lottery Jackpots","article_modified_time":"2022-12-28T08:39:49+00:00","og_image":[{"url":"http:\/\/jackpotlotteryonline.com\/wp-content\/uploads\/2022\/11\/1_online_ticket_eurojackpot.jpg"}],"twitter_card":"summary_large_image","twitter_misc":{"Est. reading time":"2 minut\u0117s"},"schema":{"@context":"https:\/\/schema.org","@graph":[{"@type":"WebPage","@id":"https:\/\/jackpotlotteryonline.com\/lt\/laimeje-skaitmenys\/eurojackpot\/","url":"https:\/\/jackpotlotteryonline.com\/lt\/laimeje-skaitmenys\/eurojackpot\/","name":"Eurojackpot laimingieji numeriai ir traukimo rezultatai","isPartOf":{"@id":"https:\/\/jackpotlotteryonline.com\/#website"},"primaryImageOfPage":{"@id":"https:\/\/jackpotlotteryonline.com\/lt\/laimeje-skaitmenys\/eurojackpot\/#primaryimage"},"image":{"@id":"https:\/\/jackpotlotteryonline.com\/lt\/laimeje-skaitmenys\/eurojackpot\/#primaryimage"},"thumbnailUrl":"http:\/\/jackpotlotteryonline.com\/wp-content\/uploads\/2022\/11\/1_online_ticket_eurojackpot.jpg","datePublished":"2022-12-06T07:18:00+00:00","dateModified":"2022-12-28T08:39:49+00:00","description":"Norite ne su\u017einoti laimin\u010dius \"Eurojackpot\" skai\u010dius? Patikrinkite visus \"Eurojackpot\" ir daugelio kit\u0173 loterij\u0173 traukimo rezultatus \u010dia!","breadcrumb":{"@id":"https:\/\/jackpotlotteryonline.com\/lt\/laimeje-skaitmenys\/eurojackpot\/#breadcrumb"},"inLanguage":"lt-LT","potentialAction":[{"@type":"ReadAction","target":["https:\/\/jackpotlotteryonline.com\/lt\/laimeje-skaitmenys\/eurojackpot\/"]}]},{"@type":"ImageObject","inLanguage":"lt-LT","@id":"https:\/\/jackpotlotteryonline.com\/lt\/laimeje-skaitmenys\/eurojackpot\/#primaryimage","url":"http:\/\/jackpotlotteryonline.com\/wp-content\/uploads\/2022\/11\/1_online_ticket_eurojackpot.jpg","contentUrl":"http:\/\/jackpotlotteryonline.com\/wp-content\/uploads\/2022\/11\/1_online_ticket_eurojackpot.jpg"},{"@type":"BreadcrumbList","@id":"https:\/\/jackpotlotteryonline.com\/lt\/laimeje-skaitmenys\/eurojackpot\/#breadcrumb","itemListElement":[{"@type":"ListItem","position":1,"name":"Home","item":"https:\/\/jackpotlotteryonline.com\/lt\/"},{"@type":"ListItem","position":2,"name":"Loterijos rezultatai","item":"https:\/\/jackpotlotteryonline.com\/lt\/laimeje-skaitmenys\/"},{"@type":"ListItem","position":3,"name":"Eurojackpot burt\u0173 traukimo rezultatai"}]},{"@type":"WebSite","@id":"https:\/\/jackpotlotteryonline.com\/#website","url":"https:\/\/jackpotlotteryonline.com\/","name":"Lotto Online - Crack The International Lottery Jackpots","description":"","potentialAction":[{"@type":"SearchAction","target":{"@type":"EntryPoint","urlTemplate":"https:\/\/jackpotlotteryonline.com\/?s={search_term_string}"},"query-input":"required name=search_term_string"}],"inLanguage":"lt-LT"}]}},"_links":{"self":[{"href":"https:\/\/jackpotlotteryonline.com\/lt\/wp-json\/wp\/v2\/pages\/40674","targetHints":{"allow":["GET"]}}],"collection":[{"href":"https:\/\/jackpotlotteryonline.com\/lt\/wp-json\/wp\/v2\/pages"}],"about":[{"href":"https:\/\/jackpotlotteryonline.com\/lt\/wp-json\/wp\/v2\/types\/page"}],"author":[{"embeddable":true,"href":"https:\/\/jackpotlotteryonline.com\/lt\/wp-json\/wp\/v2\/users\/1"}],"replies":[{"embeddable":true,"href":"https:\/\/jackpotlotteryonline.com\/lt\/wp-json\/wp\/v2\/comments?post=40674"}],"version-history":[{"count":0,"href":"https:\/\/jackpotlotteryonline.com\/lt\/wp-json\/wp\/v2\/pages\/40674\/revisions"}],"up":[{"embeddable":true,"href":"https:\/\/jackpotlotteryonline.com\/lt\/wp-json\/wp\/v2\/pages\/35842"}],"wp:attachment":[{"href":"https:\/\/jackpotlotteryonline.com\/lt\/wp-json\/wp\/v2\/media?parent=40674"}],"curies":[{"name":"wp","href":"https:\/\/api.w.org\/{rel}","templated":true}]}}