{"id":40726,"date":"2022-12-06T08:38:49","date_gmt":"2022-12-06T08:38:49","guid":{"rendered":"https:\/\/jackpotlotteryonline.com\/?page_id=40726"},"modified":"2022-12-27T10:07:29","modified_gmt":"2022-12-27T10:07:29","slug":"superenalotto","status":"publish","type":"page","link":"https:\/\/jackpotlotteryonline.com\/lt\/laimeje-skaitmenys\/superenalotto\/","title":{"rendered":"Superenalotto lygiosios rezultatai"},"content":{"rendered":"<p>Superenalotto yra nacionalin\u0117 Italijos loterija ir yra populiari tarp \u0161alies lo\u0161\u0117j\u0173. Jei \u017eaid\u017eiate ne i\u0161 Italijos, pravartu i\u0161siai\u0161kinti, kaip patikrinti laimin\u010dius skai\u010dius. Skaitykite toliau ir su\u017einokite daugiau.<\/p>\n<h2>\u017dingsniai, kaip \u017eaisti Superenalotto internete<\/h2>\n<p><a href=\"https:\/\/jackpotlotteryonline.com\/lt\/kaip-zaisti\/superenalotto\">\u017daisti &#8220;Superenalotto&#8221; internetu<\/a> yra tas pats, kas \u017eaisti neprisijungus prie interneto, ta\u010diau patogiau ir papras\u010diau. Nu\u0117j\u0119 \u012f &#8220;Superenalotto&#8221; puslap\u012f jackpotlotlotteryoneline.com, galite pasirinkti 6 skai\u010dius nuo 1 iki 90. Tada pasirinkite norim\u0173 tira\u017e\u0173 skai\u010di\u0173, o dalyvauti galite iki 5 savai\u010di\u0173 \u012f priek\u012f. Kuo daugiau tira\u017e\u0173 dalyvausite, tuo didesni j\u016bs\u0173 \u0161ansai laim\u0117ti.<\/p>\n<p>Superenalotto rengia tris savaitinius pie\u0161inius antradieniais, ketvirtadieniais ir \u0161e\u0161tadieniais. Taigi, galite dalyvauti viename i\u0161 j\u0173 arba visuose. Kad padidintum\u0117te savo \u0161ansus laim\u0117ti loterijoje, galite pasirinkti Super\u017evaig\u017ed\u0117s numer\u012f. Be to, yra &#8220;Linksmasis skai\u010dius&#8221;, kuris yra nuo 1 iki 90 ir naudojamas antrojo lygio laim\u0117tojui nustatyti.<\/p>\n<h2>Kaip patikrinti laimin\u010dius skai\u010dius<\/h2>\n<p><img loading=\"lazy\" decoding=\"async\" class=\"alignright size-full wp-image-31316\" src=\"http:\/\/jackpotlotteryonline.com\/wp-content\/uploads\/2022\/11\/logo_superenalotto.png\" alt=\"Superenalotto burt\u0173 traukimo rezultatai\" width=\"200\" height=\"212\" \/>Yra \u012fvairi\u0173 b\u016bd\u0173, kaip galite patikrinti laimin\u010dius skai\u010dius, kai \u017eaid\u017eiate &#8220;Superenalotto&#8221;. Nors tiesioginius burt\u0173 traukimus galite steb\u0117ti per televizij\u0105, tai \u012fmanoma tik jei gyvenate Italijoje ir mokate ital\u0173 kalb\u0105. Laimei, laimin\u010dius numerius po burt\u0173 traukimo galite patikrinti ir internetu. Dauguma naujien\u0173 svetaini\u0173 skelbia burt\u0173 traukimo rezultatus.<\/p>\n<p>Ta\u010diau yra keletas problem\u0173. Vis\u0173 pirma, galite lengvai pamir\u0161ti patikrinti burt\u0173 traukimo rezultatus. Yra istorij\u0173 apie pagrindinius prizus, kurie liko neatsiimti, tikriausiai tod\u0117l, kad laim\u0117tojai pamir\u0161o patikrinti savo bilietus. Be to, daugelyje svetaini\u0173 skelbiami tik pirmosios pakopos laimingieji skai\u010diai. Daugumoje loterij\u0173 yra kelios priz\u0173 pakopos.<\/p>\n<p>Jei \u017eaid\u017eiate &#8220;Superenalotto&#8221; su mumis, jums nereik\u0117s jaudintis, kad praleisite kok\u012f nors priz\u0105. Mes ne tik informuosime jus, kai tik laim\u0117site priz\u0105, bet ir gausite prane\u0161im\u0105 vos tik prisijung\u0119. Be to, loterijos rezultatus skelbiame i\u0161 karto po traukimo \u010dia, m\u016bs\u0173 svetain\u0117je. Taigi gr\u012f\u017ekite po to, kai bus nubrai\u017eyti loterijos numeriai, ir su\u017einokite, ar turite &#8220;Superenalotto&#8221; laiminguosius skai\u010dius.<\/p>\n<h2>Superenalotto priz\u0173 pakopos<\/h2>\n<p>Jau min\u0117jome, kad Superenalotto loterijos pagrindinis prizas yra 2 milijonai eur\u0173. Bet ar \u017einojote, kad pagrindinio prizo suma n\u0117ra ribojama? Tai rei\u0161kia, kad jei po burt\u0173 traukimo n\u0117ra laim\u0117tojo, prizas t\u0119siasi tol, kol atsiranda laim\u0117tojas. 2019 m. aukso puodas persivert\u0117 tiek daug kart\u0173, kad pasiek\u0117 rekordin\u0119 209,1 mln. eur\u0173 sum\u0105.<\/p>\n<p>Be pagrindinio prizo, kuris yra pirmojo lygio prizas, yra ir kit\u0173 priz\u0173, kuriuos \u017eaid\u0117jas gali laim\u0117ti. Prizai nustatomi pagal priz\u0173 fond\u0105, tod\u0117l n\u0117ra nustatytos sumos. Ta\u010diau pasidalysime vidutine suma per vien\u0105 tira\u017e\u0105.<\/p>\n<p>6 rungtyn\u0117s &#8211; 92 056 091,66 \u20ac<\/p>\n<p>Rungtyn\u0117s 5 + linksmasis skai\u010dius &#8211; 594 951,95 \u20ac<\/p>\n<p>Rungtyn\u0117s Nr. 5 &#8211; 49 736,38 \u20ac<\/p>\n<p>Rungtyni\u0173 4 numeriai &#8211; 354,83 \u20ac<\/p>\n<p>3 numeriai &#8211; 27,15 EUR<\/p>\n<p>2 skai\u010di\u0173 atitikimas &#8211; 5,48 EUR<\/p>\n<section class=\"layout\" style=\"border: solid 1px; width: 100%;\">\n<div class=\"img-div\" style=\"margin-top: 5px;\"><img decoding=\"async\" class=\"wp-image-17212 alignleft\" style=\"height: 45px; margin: 8px 8px 0px;\" src=\"http:\/\/jackpotlotteryonline.com\/wp-content\/uploads\/2022\/11\/read1.jpg\" alt=\"skaityti\" width=\"\" height=\"\" \/><\/div>\n<div style=\"padding-left: 5px;\">\n<div style=\"font-size: 1.1em;\">\n<p><strong>Loterijos, kuriose yra did\u017eiausi \u0161ansai laim\u0117ti didel\u0119 sum\u0105<\/strong><\/p>\n<p style=\"font-size: 0.85em; margin-top: -1.5em;\">Kurioje loterijoje yra geriausi \u0161ansai laim\u0117ti? <a href=\"https:\/\/jackpotlotteryonline.com\/lt\/kuri-loterija-turi-geriausius-sansus-laimeti\">skaityti daugiau<\/a><\/p>\n<\/div>\n<\/div>\n<\/section>\n<h2>Superenalotto laim\u0117jim\u0173 atsi\u0117mimas<\/h2>\n<p>Kadangi \u017eaid\u017eiate Superenalotto internete, nat\u016bralu, kad jums \u012fdomu, kas nutinka, kai laimite priz\u0105. \u010cia pasidalinsime su Jumis, kaip galite atsiimti Superenalotto laim\u0117jim\u0105, net jei gyvenate ne Italijoje.<\/p>\n<p>Kai \u017eaid\u017eiate Superenalotto pas mus, pareikalauti laim\u0117jim\u0173 yra taip paprasta, kaip prisijungti prie savo paskyros \u010dia. Jei laim\u0117jote ma\u017eiau nei 2500 \u20ac, pinigus galite i\u0161sigryninti tiesiai i\u0161 m\u016bs\u0173 platformos \u012f savo s\u0105skait\u0105. Tai tikrai paprasta ir nesud\u0117tinga, kad gal\u0117tum\u0117te susitelkti \u012f nuostabi\u0105 loterijos patirt\u012f.<\/p>\n<p>D\u0117l didesni\u0173 sum\u0173 gali tekti susisiekti su loterijos bendrove ir u\u017epildyti pretenzijos form\u0105. Ta\u010diau mes b\u016bsime \u010dia, kad pad\u0117tume jums atlikti \u0161\u012f proces\u0105. Taigi <a href=\"https:\/\/jackpotlotteryonline.com\/lt\/pirkti-bilietus\/superenalotto\">\u012fsigykite &#8220;Superenalotto&#8221; biliet\u0105 \u0161iandien<\/a> ir pasirinkite laimin\u010dius skai\u010dius.<\/p>\n","protected":false},"excerpt":{"rendered":"<p>Superenalotto yra nacionalin\u0117 Italijos loterija ir yra populiari tarp \u0161alies lo\u0161\u0117j\u0173. Jei \u017eaid\u017eiate ne i\u0161 Italijos, pravartu i\u0161siai\u0161kinti, kaip patikrinti laimin\u010dius skai\u010dius. Skaitykite toliau ir su\u017einokite daugiau. \u017dingsniai, kaip \u017eaisti Superenalotto internete \u017daisti &#8220;Superenalotto&#8221; internetu yra tas pats, kas \u017eaisti neprisijungus prie interneto, ta\u010diau patogiau ir papras\u010diau. Nu\u0117j\u0119 \u012f &#8220;Superenalotto&#8221; puslap\u012f jackpotlotlotteryoneline.com, galite pasirinkti 6 [&hellip;]<\/p>\n","protected":false},"author":1,"featured_media":0,"parent":35842,"menu_order":5,"comment_status":"closed","ping_status":"closed","template":"superenalotto-results.php","meta":{"_et_pb_use_builder":"","_et_pb_old_content":"","_et_gb_content_width":"","exclude_from_search":false,"footnotes":""},"class_list":["post-40726","page","type-page","status-publish","hentry"],"yoast_head":"<!-- This site is optimized with the Yoast SEO plugin v23.3 - https:\/\/yoast.com\/wordpress\/plugins\/seo\/ -->\n<title>Superenalotto laimingieji numeriai ir traukimo rezultatai<\/title>\n<meta name=\"description\" content=\"Gaukite traukimo rezultatus ir laim\u0117jusius numerius Italijos Superenalotto su kasdien atnaujinamais duomenimis \u010dia, m\u016bs\u0173 loterijos svetain\u0117je\" \/>\n<meta name=\"robots\" content=\"index, follow, max-snippet:-1, max-image-preview:large, max-video-preview:-1\" \/>\n<link rel=\"canonical\" href=\"https:\/\/jackpotlotteryonline.com\/lt\/laimeje-skaitmenys\/superenalotto\/\" \/>\n<meta property=\"og:locale\" content=\"lt_LT\" \/>\n<meta property=\"og:type\" content=\"article\" \/>\n<meta property=\"og:title\" content=\"Superenalotto laimingieji numeriai ir traukimo rezultatai\" \/>\n<meta property=\"og:description\" content=\"Gaukite traukimo rezultatus ir laim\u0117jusius numerius Italijos Superenalotto su kasdien atnaujinamais duomenimis \u010dia, m\u016bs\u0173 loterijos svetain\u0117je\" \/>\n<meta property=\"og:url\" content=\"https:\/\/jackpotlotteryonline.com\/lt\/laimeje-skaitmenys\/superenalotto\/\" \/>\n<meta property=\"og:site_name\" content=\"Lotto Online - Crack The International Lottery Jackpots\" \/>\n<meta property=\"article:modified_time\" content=\"2022-12-27T10:07:29+00:00\" \/>\n<meta property=\"og:image\" content=\"http:\/\/jackpotlotteryonline.com\/wp-content\/uploads\/2022\/11\/logo_superenalotto.png\" \/>\n<meta name=\"twitter:card\" content=\"summary_large_image\" \/>\n<meta name=\"twitter:label1\" content=\"Est. reading time\" \/>\n\t<meta name=\"twitter:data1\" content=\"3 minut\u0117s\" \/>\n<!-- \/ Yoast SEO plugin. -->","yoast_head_json":{"title":"Superenalotto laimingieji numeriai ir traukimo rezultatai","description":"Gaukite traukimo rezultatus ir laim\u0117jusius numerius Italijos Superenalotto su kasdien atnaujinamais duomenimis \u010dia, m\u016bs\u0173 loterijos svetain\u0117je","robots":{"index":"index","follow":"follow","max-snippet":"max-snippet:-1","max-image-preview":"max-image-preview:large","max-video-preview":"max-video-preview:-1"},"canonical":"https:\/\/jackpotlotteryonline.com\/lt\/laimeje-skaitmenys\/superenalotto\/","og_locale":"lt_LT","og_type":"article","og_title":"Superenalotto laimingieji numeriai ir traukimo rezultatai","og_description":"Gaukite traukimo rezultatus ir laim\u0117jusius numerius Italijos Superenalotto su kasdien atnaujinamais duomenimis \u010dia, m\u016bs\u0173 loterijos svetain\u0117je","og_url":"https:\/\/jackpotlotteryonline.com\/lt\/laimeje-skaitmenys\/superenalotto\/","og_site_name":"Lotto Online - Crack The International Lottery Jackpots","article_modified_time":"2022-12-27T10:07:29+00:00","og_image":[{"url":"http:\/\/jackpotlotteryonline.com\/wp-content\/uploads\/2022\/11\/logo_superenalotto.png"}],"twitter_card":"summary_large_image","twitter_misc":{"Est. reading time":"3 minut\u0117s"},"schema":{"@context":"https:\/\/schema.org","@graph":[{"@type":"WebPage","@id":"https:\/\/jackpotlotteryonline.com\/lt\/laimeje-skaitmenys\/superenalotto\/","url":"https:\/\/jackpotlotteryonline.com\/lt\/laimeje-skaitmenys\/superenalotto\/","name":"Superenalotto laimingieji numeriai ir traukimo rezultatai","isPartOf":{"@id":"https:\/\/jackpotlotteryonline.com\/#website"},"primaryImageOfPage":{"@id":"https:\/\/jackpotlotteryonline.com\/lt\/laimeje-skaitmenys\/superenalotto\/#primaryimage"},"image":{"@id":"https:\/\/jackpotlotteryonline.com\/lt\/laimeje-skaitmenys\/superenalotto\/#primaryimage"},"thumbnailUrl":"http:\/\/jackpotlotteryonline.com\/wp-content\/uploads\/2022\/11\/logo_superenalotto.png","datePublished":"2022-12-06T08:38:49+00:00","dateModified":"2022-12-27T10:07:29+00:00","description":"Gaukite traukimo rezultatus ir laim\u0117jusius numerius Italijos Superenalotto su kasdien atnaujinamais duomenimis \u010dia, m\u016bs\u0173 loterijos svetain\u0117je","breadcrumb":{"@id":"https:\/\/jackpotlotteryonline.com\/lt\/laimeje-skaitmenys\/superenalotto\/#breadcrumb"},"inLanguage":"lt-LT","potentialAction":[{"@type":"ReadAction","target":["https:\/\/jackpotlotteryonline.com\/lt\/laimeje-skaitmenys\/superenalotto\/"]}]},{"@type":"ImageObject","inLanguage":"lt-LT","@id":"https:\/\/jackpotlotteryonline.com\/lt\/laimeje-skaitmenys\/superenalotto\/#primaryimage","url":"http:\/\/jackpotlotteryonline.com\/wp-content\/uploads\/2022\/11\/logo_superenalotto.png","contentUrl":"http:\/\/jackpotlotteryonline.com\/wp-content\/uploads\/2022\/11\/logo_superenalotto.png"},{"@type":"BreadcrumbList","@id":"https:\/\/jackpotlotteryonline.com\/lt\/laimeje-skaitmenys\/superenalotto\/#breadcrumb","itemListElement":[{"@type":"ListItem","position":1,"name":"Home","item":"https:\/\/jackpotlotteryonline.com\/lt\/"},{"@type":"ListItem","position":2,"name":"Loterijos rezultatai","item":"https:\/\/jackpotlotteryonline.com\/lt\/laimeje-skaitmenys\/"},{"@type":"ListItem","position":3,"name":"Superenalotto lygiosios rezultatai"}]},{"@type":"WebSite","@id":"https:\/\/jackpotlotteryonline.com\/#website","url":"https:\/\/jackpotlotteryonline.com\/","name":"Lotto Online - Crack The International Lottery Jackpots","description":"","potentialAction":[{"@type":"SearchAction","target":{"@type":"EntryPoint","urlTemplate":"https:\/\/jackpotlotteryonline.com\/?s={search_term_string}"},"query-input":"required name=search_term_string"}],"inLanguage":"lt-LT"}]}},"_links":{"self":[{"href":"https:\/\/jackpotlotteryonline.com\/lt\/wp-json\/wp\/v2\/pages\/40726","targetHints":{"allow":["GET"]}}],"collection":[{"href":"https:\/\/jackpotlotteryonline.com\/lt\/wp-json\/wp\/v2\/pages"}],"about":[{"href":"https:\/\/jackpotlotteryonline.com\/lt\/wp-json\/wp\/v2\/types\/page"}],"author":[{"embeddable":true,"href":"https:\/\/jackpotlotteryonline.com\/lt\/wp-json\/wp\/v2\/users\/1"}],"replies":[{"embeddable":true,"href":"https:\/\/jackpotlotteryonline.com\/lt\/wp-json\/wp\/v2\/comments?post=40726"}],"version-history":[{"count":0,"href":"https:\/\/jackpotlotteryonline.com\/lt\/wp-json\/wp\/v2\/pages\/40726\/revisions"}],"up":[{"embeddable":true,"href":"https:\/\/jackpotlotteryonline.com\/lt\/wp-json\/wp\/v2\/pages\/35842"}],"wp:attachment":[{"href":"https:\/\/jackpotlotteryonline.com\/lt\/wp-json\/wp\/v2\/media?parent=40726"}],"curies":[{"name":"wp","href":"https:\/\/api.w.org\/{rel}","templated":true}]}}