{"id":40779,"date":"2022-12-06T10:20:41","date_gmt":"2022-12-06T10:20:41","guid":{"rendered":"https:\/\/jackpotlotteryonline.com\/?page_id=40779"},"modified":"2022-12-28T14:20:39","modified_gmt":"2022-12-28T14:20:39","slug":"la-primitiva","status":"publish","type":"page","link":"https:\/\/jackpotlotteryonline.com\/lt\/laimeje-skaitmenys\/la-primitiva\/","title":{"rendered":"La Primitiva burt\u0173 traukimo rezultatai"},"content":{"rendered":"<h2>Kaip i\u0161sirinkti La Primitiva laiminguosius numerius<\/h2>\n<p>Pirmiausia, jei norite \u017eaisti La Primitiva, turite pasirinkti 6 skai\u010dius i\u0161 intervalo nuo 1 iki 49. Be to, jums reik\u0117s pasirinkti 1 skai\u010di\u0173 i\u0161 0-9. \u0160is papildomas skai\u010dius vadinamas &#8220;Reintegro&#8221; skai\u010diumi. Taip pat yra Complemantario numeris, kuris naudojamas kai kurioms priz\u0173 pakopoms nustatyti.<\/p>\n<p>Yra keli b\u016bdai, kuriais \u017eaid\u0117jai renkasi &#8220;La Primitiva&#8221; numerius. Kai kurie mieliau renkasi skai\u010dius, kurie jiems turi ypating\u0105 reik\u0161m\u0119. Pavyzd\u017eiui, j\u0173 gimtadienius ar jubiliejus. Kiti tiesiog renkasi atsitiktinius skai\u010dius ir tikisi, kad s\u0117km\u0117 bus j\u0173 pus\u0117je. Kadangi &#8220;La Primitiva&#8221;, kaip ir bet kuri kita loterija, yra s\u0117km\u0117s \u017eaidimas, niekas negali j\u0173 kaltinti.<\/p>\n<section class=\"layout\" style=\"border: solid 1px; width: 100%;\">\n<div class=\"img-div\" style=\"margin-top: 5px;\"><img decoding=\"async\" class=\"wp-image-17212 alignleft\" style=\"height: 45px; margin: 8px 8px 0px;\" src=\"https:\/\/jackpotlotteryonline.com\/wp-content\/uploads\/2022\/11\/read1.jpg\" alt=\"skaityti\" width=\"\" height=\"\" \/><\/div>\n<div style=\"padding-left: 5px;\">\n<div style=\"font-size: 1.1em;\">\n<p><strong>Loterij\u0173 patarimai<\/strong><\/p>\n<p style=\"font-size: 0.85em; margin-top: -1.5em;\">Patarimai, kurie padeda laim\u0117ti loterijoje\u00a0<a href=\"https:\/\/jackpotlotteryonline.com\/lt\/patarimai-kurie-padeda-laimeti-loterijoje\"> skaityti daugiau<\/a><\/p>\n<\/div>\n<\/div>\n<\/section>\n<h2>Laim\u0117jimas La Primitiva<\/h2>\n<p>La Primitiva vyksta trys traukimai per savait\u0119 &#8211; pirmadien\u012f, ketvirtadien\u012f ir \u0161e\u0161tadien\u012f. Pasirinkus numerius, kitas \u017eingsnis &#8211; dalyvauti pasirinktuose tira\u017euose. Po burt\u0173 traukim\u0173 loterijoje laimi bilietas, atitinkantis i\u0161trauktus rezultatus.<\/p>\n<p>Tod\u0117l gr\u012f\u017eimas namo su prizu labai priklauso nuo j\u016bs\u0173 pasirinkt\u0173 skai\u010di\u0173.<\/p>\n<p>Nor\u0117damas laim\u0117ti &#8220;La Primitiva&#8221; pagrindin\u012f priz\u0105, \u017eaid\u0117jas turi atitikti visus 7 skai\u010dius (6 pagrindinius ir &#8220;Reintegro&#8221; skai\u010di\u0173). Pagrindinio prizo suma prasideda nuo 5 mln. eur\u0173. Jei laim\u0117toj\u0173 yra daugiau nei vienas, suma padalijama laim\u0117tojams. \u0160tai prizai, kuriuos gali laim\u0117ti \u017eaid\u0117jai.<br \/>\n<img loading=\"lazy\" decoding=\"async\" class=\"alignright size-full wp-image-27671\" src=\"https:\/\/jackpotlotteryonline.com\/wp-content\/uploads\/2022\/11\/1_lottery_online_winner3.jpg\" alt=\"Laim\u0117kite La Primitiva\" width=\"300\" height=\"300\" srcset=\"https:\/\/jackpotlotteryonline.com\/wp-content\/uploads\/2022\/11\/1_lottery_online_winner3.jpg 300w, https:\/\/jackpotlotteryonline.com\/wp-content\/uploads\/2022\/11\/1_lottery_online_winner3-100x100.jpg 100w, https:\/\/jackpotlotteryonline.com\/wp-content\/uploads\/2022\/11\/1_lottery_online_winner3-150x150.jpg 150w\" sizes=\"auto, (max-width: 300px) 100vw, 300px\" \/>Pagrindinis prizas &#8211; &#8220;Match 6 + Reintegro<\/p>\n<p>1 skyrius &#8211; tik &#8220;Match 6&#8221; rungtyn\u0117s<\/p>\n<p>2 skyrius &#8211; 5 rungtyni\u0173 + nemokamas numeris<\/p>\n<p>3 skyrius &#8211; tik 5 rungtyni\u0173 numeris<\/p>\n<p>4 divizionas &#8211; tik 4 rungtyn\u0117s<\/p>\n<p>5 skyrius &#8211; tik 3 rungtyn\u0117s<\/p>\n<p>Reintegro &#8211; rungtyniaukite tik su Reintegro numeriu<\/p>\n<h2>\u017daisti La Primitiva internete su jackpotlotlotteryonline.com<\/h2>\n<p><a href=\"https:\/\/jackpotlotteryonline.com\/lt\/kaip-zaisti\/la-primitiva-2\">\u017daisdami La Primitiva loterij\u0105<\/a> su mumis, gausite prieig\u0105 ne tik prie La Primitiva, bet ir prie burt\u0173 traukimo rezultat\u0173. \u017daidimas internetu atveria daugyb\u0119 galimybi\u0173 tiek patyrusiems lo\u0161\u0117jams, tiek naujokams. Si\u016blome patog\u0173 b\u016bd\u0105 pirkti loterijos bilietus, tikrinti rezultatus ir pasiekti laim\u0117jimus. Bet prie to dar prieisime po akimirkos.<\/p>\n<p>Galite lengvai <a href=\"https:\/\/jackpotlotteryonline.com\/lt\/pirkti-bilietus\/la-primitiva\">nusipirkti La Primitiva loterijos biliet\u0105<\/a> nu\u0117j\u0119 \u012f loterijos puslap\u012f ir pasirink\u0119 laim\u0117jimo skaitmenis. Jei ne\u017einote, k\u0105 pasirinkti, galite pasinaudoti m\u016bs\u0173 automatiniu generatoriumi ir pasirinkti atsitiktinius skaitmenis. Tada \u012fveskite pasirinktus burtus ir, jei dar nesate pas mus u\u017esiregistrav\u0119, u\u017esiregistruokite paskyroje.<\/p>\n<p>Registracija yra esminis \u017eingsnis, o paskyros jums prireiks d\u0117l toliau nurodyt\u0173 prie\u017eas\u010di\u0173:<\/p>\n<ul>\n<li>kad gal\u0117tum\u0117te i\u0161saugoti savo skaitmenin\u012f biliet\u0105.<\/li>\n<li>kad gal\u0117tum\u0117te nustatyti automatinius \u012fra\u0161us \u012f loterijas<\/li>\n<li>gauti prane\u0161imus apie laim\u0117tus prizus<\/li>\n<\/ul>\n<h2>Patikrinti savo La Primitiva loterijos rezultatus<\/h2>\n<p>Dar niekada nebuvo taip paprasta patikrinti La Primitiva rezultatus, kai \u017eaid\u017eiate su mumis internetu. Po kiekvieno tira\u017eo rezultatus skelbiame \u010dia, m\u016bs\u0173 puslapyje. Be to, kai laim\u0117site priz\u0105, apie tai jums prane\u0161ime el. pa\u0161tu. Taigi jums niekada nebereik\u0117s praleisti progos atsiimti prizo.<\/p>\n<h2>Laim\u0117jimo atsi\u0117mimas<\/h2>\n<p>Turb\u016bt \u012fdomiausia La Primitiva \u017eaidimo internete dalis yra ta, kad jums nereikia vykti \u012f Ispanij\u0105, kad atsiimtum\u0117te savo laim\u0117jimus. Laim\u0117jimus, kuri\u0173 suma nevir\u0161ija 2500 eur\u0173, galite tiesiog i\u0161sigryninti i\u0161 m\u016bs\u0173 platformos \u012f savo s\u0105skait\u0105.<\/p>\n<p>\u017daiskite loterij\u0105 su mumis ir patikrinkite La Primitiva laim\u0117jimo numerius internetu.<\/p>\n<p>&lt;alt image text 1&gt;<\/p>\n","protected":false},"excerpt":{"rendered":"<p>Kaip i\u0161sirinkti La Primitiva laiminguosius numerius Pirmiausia, jei norite \u017eaisti La Primitiva, turite pasirinkti 6 skai\u010dius i\u0161 intervalo nuo 1 iki 49. Be to, jums reik\u0117s pasirinkti 1 skai\u010di\u0173 i\u0161 0-9. \u0160is papildomas skai\u010dius vadinamas &#8220;Reintegro&#8221; skai\u010diumi. Taip pat yra Complemantario numeris, kuris naudojamas kai kurioms priz\u0173 pakopoms nustatyti. Yra keli b\u016bdai, kuriais \u017eaid\u0117jai renkasi [&hellip;]<\/p>\n","protected":false},"author":1,"featured_media":0,"parent":35842,"menu_order":7,"comment_status":"closed","ping_status":"closed","template":"la-primitiva-results.php","meta":{"_et_pb_use_builder":"","_et_pb_old_content":"","_et_gb_content_width":"","exclude_from_search":false,"footnotes":""},"class_list":["post-40779","page","type-page","status-publish","hentry"],"yoast_head":"<!-- This site is optimized with the Yoast SEO plugin v23.3 - https:\/\/yoast.com\/wordpress\/plugins\/seo\/ -->\n<title>La Primitiva laimingieji numeriai ir traukimo rezultatai<\/title>\n<meta name=\"description\" content=\"Ispanijos loterija &quot;La Primitiva&quot; - visi burt\u0173 rezultatai ir laimingieji numeriai bei rezultat\u0173 archyvas vienoje interneto svetain\u0117je\" \/>\n<meta name=\"robots\" content=\"index, follow, max-snippet:-1, max-image-preview:large, max-video-preview:-1\" \/>\n<link rel=\"canonical\" href=\"https:\/\/jackpotlotteryonline.com\/lt\/laimeje-skaitmenys\/la-primitiva\/\" \/>\n<meta property=\"og:locale\" content=\"lt_LT\" \/>\n<meta property=\"og:type\" content=\"article\" \/>\n<meta property=\"og:title\" content=\"La Primitiva laimingieji numeriai ir traukimo rezultatai\" \/>\n<meta property=\"og:description\" content=\"Ispanijos loterija &quot;La Primitiva&quot; - visi burt\u0173 rezultatai ir laimingieji numeriai bei rezultat\u0173 archyvas vienoje interneto svetain\u0117je\" \/>\n<meta property=\"og:url\" content=\"https:\/\/jackpotlotteryonline.com\/lt\/laimeje-skaitmenys\/la-primitiva\/\" \/>\n<meta property=\"og:site_name\" content=\"Lotto Online - Crack The International Lottery Jackpots\" \/>\n<meta property=\"article:modified_time\" content=\"2022-12-28T14:20:39+00:00\" \/>\n<meta property=\"og:image\" content=\"https:\/\/jackpotlotteryonline.com\/wp-content\/uploads\/2022\/11\/read1.jpg\" \/>\n<meta name=\"twitter:card\" content=\"summary_large_image\" \/>\n<meta name=\"twitter:label1\" content=\"Est. reading time\" \/>\n\t<meta name=\"twitter:data1\" content=\"3 minut\u0117s\" \/>\n<!-- \/ Yoast SEO plugin. -->","yoast_head_json":{"title":"La Primitiva laimingieji numeriai ir traukimo rezultatai","description":"Ispanijos loterija \"La Primitiva\" - visi burt\u0173 rezultatai ir laimingieji numeriai bei rezultat\u0173 archyvas vienoje interneto svetain\u0117je","robots":{"index":"index","follow":"follow","max-snippet":"max-snippet:-1","max-image-preview":"max-image-preview:large","max-video-preview":"max-video-preview:-1"},"canonical":"https:\/\/jackpotlotteryonline.com\/lt\/laimeje-skaitmenys\/la-primitiva\/","og_locale":"lt_LT","og_type":"article","og_title":"La Primitiva laimingieji numeriai ir traukimo rezultatai","og_description":"Ispanijos loterija \"La Primitiva\" - visi burt\u0173 rezultatai ir laimingieji numeriai bei rezultat\u0173 archyvas vienoje interneto svetain\u0117je","og_url":"https:\/\/jackpotlotteryonline.com\/lt\/laimeje-skaitmenys\/la-primitiva\/","og_site_name":"Lotto Online - Crack The International Lottery Jackpots","article_modified_time":"2022-12-28T14:20:39+00:00","og_image":[{"url":"https:\/\/jackpotlotteryonline.com\/wp-content\/uploads\/2022\/11\/read1.jpg"}],"twitter_card":"summary_large_image","twitter_misc":{"Est. reading time":"3 minut\u0117s"},"schema":{"@context":"https:\/\/schema.org","@graph":[{"@type":"WebPage","@id":"https:\/\/jackpotlotteryonline.com\/lt\/laimeje-skaitmenys\/la-primitiva\/","url":"https:\/\/jackpotlotteryonline.com\/lt\/laimeje-skaitmenys\/la-primitiva\/","name":"La Primitiva laimingieji numeriai ir traukimo rezultatai","isPartOf":{"@id":"https:\/\/jackpotlotteryonline.com\/#website"},"primaryImageOfPage":{"@id":"https:\/\/jackpotlotteryonline.com\/lt\/laimeje-skaitmenys\/la-primitiva\/#primaryimage"},"image":{"@id":"https:\/\/jackpotlotteryonline.com\/lt\/laimeje-skaitmenys\/la-primitiva\/#primaryimage"},"thumbnailUrl":"https:\/\/jackpotlotteryonline.com\/wp-content\/uploads\/2022\/11\/read1.jpg","datePublished":"2022-12-06T10:20:41+00:00","dateModified":"2022-12-28T14:20:39+00:00","description":"Ispanijos loterija \"La Primitiva\" - visi burt\u0173 rezultatai ir laimingieji numeriai bei rezultat\u0173 archyvas vienoje interneto svetain\u0117je","breadcrumb":{"@id":"https:\/\/jackpotlotteryonline.com\/lt\/laimeje-skaitmenys\/la-primitiva\/#breadcrumb"},"inLanguage":"lt-LT","potentialAction":[{"@type":"ReadAction","target":["https:\/\/jackpotlotteryonline.com\/lt\/laimeje-skaitmenys\/la-primitiva\/"]}]},{"@type":"ImageObject","inLanguage":"lt-LT","@id":"https:\/\/jackpotlotteryonline.com\/lt\/laimeje-skaitmenys\/la-primitiva\/#primaryimage","url":"https:\/\/jackpotlotteryonline.com\/wp-content\/uploads\/2022\/11\/read1.jpg","contentUrl":"https:\/\/jackpotlotteryonline.com\/wp-content\/uploads\/2022\/11\/read1.jpg"},{"@type":"BreadcrumbList","@id":"https:\/\/jackpotlotteryonline.com\/lt\/laimeje-skaitmenys\/la-primitiva\/#breadcrumb","itemListElement":[{"@type":"ListItem","position":1,"name":"Home","item":"https:\/\/jackpotlotteryonline.com\/lt\/"},{"@type":"ListItem","position":2,"name":"Loterijos rezultatai","item":"https:\/\/jackpotlotteryonline.com\/lt\/laimeje-skaitmenys\/"},{"@type":"ListItem","position":3,"name":"La Primitiva burt\u0173 traukimo rezultatai"}]},{"@type":"WebSite","@id":"https:\/\/jackpotlotteryonline.com\/#website","url":"https:\/\/jackpotlotteryonline.com\/","name":"Lotto Online - Crack The International Lottery Jackpots","description":"","potentialAction":[{"@type":"SearchAction","target":{"@type":"EntryPoint","urlTemplate":"https:\/\/jackpotlotteryonline.com\/?s={search_term_string}"},"query-input":"required name=search_term_string"}],"inLanguage":"lt-LT"}]}},"_links":{"self":[{"href":"https:\/\/jackpotlotteryonline.com\/lt\/wp-json\/wp\/v2\/pages\/40779","targetHints":{"allow":["GET"]}}],"collection":[{"href":"https:\/\/jackpotlotteryonline.com\/lt\/wp-json\/wp\/v2\/pages"}],"about":[{"href":"https:\/\/jackpotlotteryonline.com\/lt\/wp-json\/wp\/v2\/types\/page"}],"author":[{"embeddable":true,"href":"https:\/\/jackpotlotteryonline.com\/lt\/wp-json\/wp\/v2\/users\/1"}],"replies":[{"embeddable":true,"href":"https:\/\/jackpotlotteryonline.com\/lt\/wp-json\/wp\/v2\/comments?post=40779"}],"version-history":[{"count":0,"href":"https:\/\/jackpotlotteryonline.com\/lt\/wp-json\/wp\/v2\/pages\/40779\/revisions"}],"up":[{"embeddable":true,"href":"https:\/\/jackpotlotteryonline.com\/lt\/wp-json\/wp\/v2\/pages\/35842"}],"wp:attachment":[{"href":"https:\/\/jackpotlotteryonline.com\/lt\/wp-json\/wp\/v2\/media?parent=40779"}],"curies":[{"name":"wp","href":"https:\/\/api.w.org\/{rel}","templated":true}]}}