{"id":40832,"date":"2022-12-06T13:00:27","date_gmt":"2022-12-06T13:00:27","guid":{"rendered":"https:\/\/jackpotlotteryonline.com\/?page_id=40832"},"modified":"2022-12-28T12:24:50","modified_gmt":"2022-12-28T12:24:50","slug":"el-gordo-draw-results","status":"publish","type":"page","link":"https:\/\/jackpotlotteryonline.com\/lt\/laimeje-skaitmenys\/el-gordo-draw-results\/","title":{"rendered":"El Gordo burt\u0173 traukimo rezultatai"},"content":{"rendered":"<p>Loterij\u0173 entuziastai susijaudina i\u0161gird\u0119 apie &#8220;El Gordo&#8221; ne tik tod\u0117l, kad tai viena did\u017eiausi\u0173 Europos loterij\u0173. El Gordo yra vis\u0173 loterij\u0173 motina vien d\u0117l to, kad tira\u017eai vyksta kart\u0105 per metus. Ties\u0105 sakant, tai yra Ispanijos loterijos dalis, kurioje kasmet vyksta specialus kal\u0117dinis traukimas. Tai jaudinantis ir tradicijomis persmelktas renginys. Jis suburia \u0161eimas, kaimynyst\u0119 ir i\u0161tisas bendruomenes \u0161v\u0119sti \u0161ventinio laikotarpio. Ispanijos lo\u0161\u0117jams kal\u0117dinis sezonas &#8211; tai metas, kai reikia ie\u0161koti &#8220;El Gordo&#8221; laimin\u010di\u0173 skai\u010di\u0173.<\/p>\n<p>Paprastai &#8220;El Gordo&#8221; yra Ispanijoje vykstanti loterija. Tai rei\u0161kia, kad jei negyventum\u0117te toje \u0161alyje, jums b\u016bt\u0173 sunku nusipirkti &#8220;El Gordo&#8221; biliet\u0173. Tai pasikeit\u0117, nes dabar &#8220;El Gordo&#8221; laimin\u010dius skai\u010dius galite pasitikrinti internete.<\/p>\n<h2>\u017daidimas El Gordo<\/h2>\n<p><img loading=\"lazy\" decoding=\"async\" class=\"alignright size-full wp-image-17870\" src=\"http:\/\/jackpotlotteryonline.com\/wp-content\/uploads\/2022\/10\/lotto_euros.jpg\" alt=\"\u017daidimas \" width=\"225\" height=\"134\" \/>El Gordo rei\u0161kia &#8220;didysis&#8221; ir tai yra did\u017eiausias pasaulyje pagrindinis prizas. \u0160i loterija ypatinga tuo, kad pagrindin\u012f priz\u0105 dabar laimi tik vienas \u017emogus. Taip yra tod\u0117l, kad bilietai padalyti \u012f labai daug dali\u0173. Ties\u0105 sakant, b\u016btent \u0161i \u017eaidimo &#8220;El Gordo&#8221; dalis gali b\u016bti \u0161iek tiek paini. Kiekvienas &#8220;El Gordo&#8221; bilietas padalijamas \u012f 10 dali\u0173, o kiekviena i\u0161 \u0161i\u0173 dali\u0173 dar padalijama.<\/p>\n<p>Pigiausias &#8220;El Gordo&#8221; bilietas, kur\u012f galite \u012fsigyti, yra 1\/100 viso bilieto.<\/p>\n<p>Nor\u0117dami su\u017einoti daugiau apie<a href=\"https:\/\/jackpotlotteryonline.com\/lt\/kaip-zaisti\/el-gordo\"> \u017eaidim\u0105 &#8220;El Gordo&#8221;<\/a>, apsilankykite svetain\u0117je jackpotlotlotteryonline.com ir <a href=\"https:\/\/jackpotlotteryonline.com\/lt\/pirkti-bilietus\/el-gordo\">\u012fsigykite bilietus dabar<\/a>. \u017daisti &#8220;El Gordo&#8221; yra labai smagu, ypa\u010d kai \u017eaid\u017eiate internetu.<\/p>\n<h2>\u017daidimas internetu<\/h2>\n<p>Jei esate pasireng\u0119 dalyvauti El Gordo loterijoje, apsilankykite m\u016bs\u0173 svetain\u0117je ir pasirinkite laimingus skai\u010dius. Jums tereikia pasirinkti 6 nuo 1 iki 49. \u017dinoma, galite leisti, kad tai u\u017e jus padaryt\u0173 m\u016bs\u0173 automatinis pasirinkimo \u012frankis, jei neturite nieko konkretaus, k\u0105 norite \u017eaisti. Tada \u012fveskite burtus ir laukite &#8220;El Gordo&#8221; laim\u0117jimo rezultat\u0173.<\/p>\n<h2>Kaip laim\u0117ti &#8220;El Gordo<\/h2>\n<p>Laim\u0117ti &#8220;El Gordo&#8221; papras\u010diausiai rei\u0161kia, kad turite laimin\u010di\u0105 kombinacij\u0105. Taigi, jei j\u016bs\u0173 skai\u010diai sutampa su i\u0161trauktais, esate loterijos &#8220;El Gordo&#8221; laim\u0117tojas.<\/p>\n<p>Yra keletas strategij\u0173, kurias \u017eaid\u0117jai naudoja nor\u0117dami i\u0161sirinkti &#8220;El Gordo&#8221; laimin\u010dius derinius. Viena i\u0161 j\u0173 &#8211; pasirinkti skaitmenis, kurie, j\u0173 manymu, yra laimingi. Kai kuriems tai b\u016bna j\u0173 arba artim\u0173j\u0173 gimtadieniai. Tai gali b\u016bti bet kuris jums ypatingas skai\u010dius. Kiti \u017eaid\u0117jai nori pasikliauti vien atsitiktinai sugeneruotais skai\u010diais. K\u0105 pasirinksite, priklauso tik nuo j\u016bs\u0173.<\/p>\n<p>Kitas b\u016bdas pasirinkti laiming\u0105 &#8220;El Gordo&#8221; kombinacij\u0105 &#8211; pa\u017evelgti \u012f ankstesnius rezultatus. Tai jums pad\u0117s, ypa\u010d jei \u017eaid\u017eiate da\u017enai. Daugeliui lo\u0161\u0117j\u0173 geras \u017eaidimo planas yra pirkti kelis bilietus. Visada galite suburti draug\u0173 ar \u0161eimos nari\u0173 grup\u0119 ir nusipirkti &#8220;El Gordo&#8221; biliet\u0173.<\/p>\n<h2>Kaip patikrinti laimin\u010dius skai\u010dius<\/h2>\n<p><img loading=\"lazy\" decoding=\"async\" class=\"alignright size-full wp-image-30668\" src=\"http:\/\/jackpotlotteryonline.com\/wp-content\/uploads\/2022\/11\/3_screen_lottery_results_online.jpg\" alt=\"Laim\u0117jimas \" width=\"130\" height=\"120\" \/>Nusipirk\u0119 &#8220;El Gordo&#8221; biliet\u0105, kitas \u017eingsnis &#8211; laukti &#8220;El Gordo&#8221; burt\u0173 traukimo. Po burt\u0173 traukim\u0173 svarbu patikrinti, ar n\u0117ra laiming\u0173 kombinacij\u0173. Yra kelios istorijos apie laim\u0117jimus, kurie liko neatsiimti, nes laim\u0117tojai niekada netikrino savo loterijos biliet\u0173. Jei \u017eaid\u017eiate su mumis, jums niekada nereik\u0117s nerimauti, kad taip nutiks jums.<\/p>\n<p>Po kiekvieno tira\u017eo laim\u0117jimus skelbiame \u010dia, &#8220;El Gordo&#8221; puslapyje. Viena i\u0161 nauj\u0173 loterijos \u017eaid\u0117j\u0173 darom\u0173 klaid\u0173 yra ta, kad jie nepatikrina, ar n\u0117ra laim\u0117j\u0119 kit\u0173 priz\u0173.<\/p>\n<p>El Gordo loterijoje yra 17 skirting\u0173 priz\u0173 lygi\u0173 ir \u017eaid\u0117jas gali laim\u0117ti bet kur\u012f i\u0161 j\u0173. Jei \u017eaid\u017eiate su mumis, mes jums prane\u0161ime, ar laim\u0117jote kok\u012f nors priz\u0105. Tai padarysime el. pa\u0161tu, be to, prisijung\u0119 prie platformos gausite prane\u0161im\u0105.<\/p>\n<h2>Kas nutiks, jei laim\u0117site?<\/h2>\n<p>Laim\u0117ti &#8220;El Gordo&#8221; yra nuostabi patirtis, nes jau\u010diat\u0117s tarsi b\u016btum\u0117te ka\u017eko didingo dalis. Tarsi b\u016btum\u0117te kuriamos istorijos dalis. Dar didesnis jausmas, jei &#8220;El Gordo&#8221; bilietus pirkote kartu su bendradarbiais, bi\u010diuliais ar \u0161eima. Tada visi kartu gal\u0117site eiti \u0161v\u0119sti laim\u0117jimo.<\/p>\n<p>Vis d\u0117lto atsiimti &#8220;El Gordo&#8221; laim\u0117jim\u0105 labai paprasta, jei \u017eaid\u017eiate m\u016bs\u0173 svetain\u0117je. Tereikia i\u0161sigryninti laim\u0117jim\u0105 \u012f savo internetin\u0119 s\u0105skait\u0105. Jei laim\u0117jote daugiau nei tam tikr\u0105 sum\u0105, gali tekti u\u017epildyti pretenzijos form\u0105, kad loterijos bendrov\u0117 atsiimt\u0173 j\u016bs\u0173 laim\u0117jim\u0105. Ta\u010diau tam mes ir esame \u010dia, kad visk\u0105 palengvintume.<\/p>\n<section class=\"layout\" style=\"border: solid 1px; width: 100%;\">\n<div class=\"img-div\" style=\"margin-top: 5px;\"><img decoding=\"async\" class=\"wp-image-17212 alignleft\" style=\"height: 45px; margin: 8px 8px 0px;\" src=\"http:\/\/jackpotlotteryonline.com\/wp-content\/uploads\/2022\/11\/read1.jpg\" alt=\"skaityti\" width=\"\" height=\"\" \/><\/div>\n<div style=\"padding-left: 5px;\">\n<div style=\"font-size: 1.1em;\">\n<p><strong>Loterij\u0173 laim\u0117jim\u0173 mokes\u010diai<\/strong><\/p>\n<p style=\"font-size: 0.85em; margin-top: -1.5em;\">Ar turiu mok\u0117ti mokes\u010dius u\u017e loterijos laim\u0117jim\u0105? <a href=\"https:\/\/jackpotlotteryonline.com\/lt\/ar-turiu-moketi-mokescius-uz-loterijos-laimejimus\">skaityti daugiau<\/a><\/p>\n<\/div>\n<\/div>\n<\/section>\n<h2>Kod\u0117l tur\u0117tum\u0117te \u017eaisti El Gordo internete su mumis<\/h2>\n<p>Yra daugyb\u0117 prie\u017eas\u010di\u0173, kod\u0117l m\u016bs\u0173 klientams patinka \u017eaisti loterij\u0105 su mumis.<\/p>\n<ul>\n<li>\u012esigyti &#8220;El Gordo&#8221; loterijos biliet\u0105 taip pat paprasta, kaip ir kelis kartus paliesti savo mobil\u0173j\u012f \u012frengin\u012f. Jokio streso ir visi\u0161kai patogu.<\/li>\n<li>Savo &#8220;El Gordo&#8221; laim\u0117jim\u0173 kombinacijas galite pasitikrinti \u010dia, niekur kitur nesikreipdami.<\/li>\n<li>Mes jus \u012fsp\u0117sime, kai tik laim\u0117site priz\u0105, nesvarbu, kokia suma.<\/li>\n<li>Jei laim\u0117site kok\u012f nors priz\u0105, gal\u0117site j\u012f i\u0161sigryninti i\u0161 m\u016bs\u0173 platformos \u012f savo s\u0105skait\u0105.<\/li>\n<\/ul>\n<p>Savo klientams tiesiogine prasme palengviname pramogauti ir m\u0117gautis \u017eaid\u017eiant loterij\u0105. Tiesa ta, kad gyvenime yra daugyb\u0117 kit\u0173 sunki\u0173 dalyk\u0173, o laim\u0117ti loterijoje neb\u016btinai turi b\u016bti vienas i\u0161 j\u0173.<\/p>\n<h2>Patikrinkite savo laimin\u010dius skai\u010dius<\/h2>\n<p>Prie\u0161 pirkdami biliet\u0105 turite \u017einoti, kad savo klientams suteikiame galimyb\u0119 susipa\u017einti su tikrais laim\u0117jimais. Kai \u017eaid\u017eiate su mumis, j\u016bs ne tik la\u017einat\u0117s d\u0117l loterijos rezultat\u0173. Mes u\u017etikriname, kad patekote \u012f loterij\u0105. Tai darome naudodami konsjer\u017eo sistem\u0105, kai m\u016bs\u0173 agentas Ispanijoje nuperka atitinkan\u010dius j\u016bs\u0173 numerius.<\/p>\n<p>Kai turite &#8220;El Gordo&#8221; laimin\u010dius numerius, tai rei\u0161kia, kad laim\u0117jote loterijoje. Viskas labai paprasta. Mes stengiam\u0117s, kad jums nereik\u0117t\u0173 r\u016bpintis detal\u0117mis. Taigi, mes pasir\u016bpiname smulkmenomis, kad j\u016bs gal\u0117tum\u0117te susitelkti \u012f tai, kas jums svarbiausia.<\/p>\n<p>Apsilankykite pas mus \u0161iandien ir patikrinkite laimin\u010dius skai\u010dius geriausiose tarptautin\u0117se loterijose \u010dia. Arba \u012fsigykite &#8220;El Gordo&#8221; bilietus ir gr\u0105\u017einkite juos d\u0117l laim\u0117jusi\u0173 skai\u010di\u0173.<\/p>\n","protected":false},"excerpt":{"rendered":"<p>Loterij\u0173 entuziastai susijaudina i\u0161gird\u0119 apie &#8220;El Gordo&#8221; ne tik tod\u0117l, kad tai viena did\u017eiausi\u0173 Europos loterij\u0173. El Gordo yra vis\u0173 loterij\u0173 motina vien d\u0117l to, kad tira\u017eai vyksta kart\u0105 per metus. Ties\u0105 sakant, tai yra Ispanijos loterijos dalis, kurioje kasmet vyksta specialus kal\u0117dinis traukimas. Tai jaudinantis ir tradicijomis persmelktas renginys. Jis suburia \u0161eimas, kaimynyst\u0119 ir [&hellip;]<\/p>\n","protected":false},"author":1,"featured_media":0,"parent":35842,"menu_order":6,"comment_status":"closed","ping_status":"closed","template":"el-gordo-results.php","meta":{"_et_pb_use_builder":"","_et_pb_old_content":"","_et_gb_content_width":"","exclude_from_search":false,"footnotes":""},"class_list":["post-40832","page","type-page","status-publish","hentry"],"yoast_head":"<!-- This site is optimized with the Yoast SEO plugin v23.3 - https:\/\/yoast.com\/wordpress\/plugins\/seo\/ -->\n<title>El Gordo laimingieji numeriai ir traukimo rezultatai<\/title>\n<meta name=\"description\" content=\"El Gordo burt\u0173 traukimo rezultatai, laimingieji skai\u010diai - \u0161ios savait\u0117s, taip pat pra\u0117jusios savait\u0117s rezultatai\" \/>\n<meta name=\"robots\" content=\"index, follow, max-snippet:-1, max-image-preview:large, max-video-preview:-1\" \/>\n<link rel=\"canonical\" href=\"https:\/\/jackpotlotteryonline.com\/lt\/laimeje-skaitmenys\/el-gordo-draw-results\/\" \/>\n<meta property=\"og:locale\" content=\"lt_LT\" \/>\n<meta property=\"og:type\" content=\"article\" \/>\n<meta property=\"og:title\" content=\"El Gordo laimingieji numeriai ir traukimo rezultatai\" \/>\n<meta property=\"og:description\" content=\"El Gordo burt\u0173 traukimo rezultatai, laimingieji skai\u010diai - \u0161ios savait\u0117s, taip pat pra\u0117jusios savait\u0117s rezultatai\" \/>\n<meta property=\"og:url\" content=\"https:\/\/jackpotlotteryonline.com\/lt\/laimeje-skaitmenys\/el-gordo-draw-results\/\" \/>\n<meta property=\"og:site_name\" content=\"Lotto Online - Crack The International Lottery Jackpots\" \/>\n<meta property=\"article:modified_time\" content=\"2022-12-28T12:24:50+00:00\" \/>\n<meta property=\"og:image\" content=\"http:\/\/jackpotlotteryonline.com\/wp-content\/uploads\/2022\/10\/lotto_euros.jpg\" \/>\n<meta name=\"twitter:card\" content=\"summary_large_image\" \/>\n<meta name=\"twitter:label1\" content=\"Est. reading time\" \/>\n\t<meta name=\"twitter:data1\" content=\"4 minut\u0117s\" \/>\n<!-- \/ Yoast SEO plugin. -->","yoast_head_json":{"title":"El Gordo laimingieji numeriai ir traukimo rezultatai","description":"El Gordo burt\u0173 traukimo rezultatai, laimingieji skai\u010diai - \u0161ios savait\u0117s, taip pat pra\u0117jusios savait\u0117s rezultatai","robots":{"index":"index","follow":"follow","max-snippet":"max-snippet:-1","max-image-preview":"max-image-preview:large","max-video-preview":"max-video-preview:-1"},"canonical":"https:\/\/jackpotlotteryonline.com\/lt\/laimeje-skaitmenys\/el-gordo-draw-results\/","og_locale":"lt_LT","og_type":"article","og_title":"El Gordo laimingieji numeriai ir traukimo rezultatai","og_description":"El Gordo burt\u0173 traukimo rezultatai, laimingieji skai\u010diai - \u0161ios savait\u0117s, taip pat pra\u0117jusios savait\u0117s rezultatai","og_url":"https:\/\/jackpotlotteryonline.com\/lt\/laimeje-skaitmenys\/el-gordo-draw-results\/","og_site_name":"Lotto Online - Crack The International Lottery Jackpots","article_modified_time":"2022-12-28T12:24:50+00:00","og_image":[{"url":"http:\/\/jackpotlotteryonline.com\/wp-content\/uploads\/2022\/10\/lotto_euros.jpg"}],"twitter_card":"summary_large_image","twitter_misc":{"Est. reading time":"4 minut\u0117s"},"schema":{"@context":"https:\/\/schema.org","@graph":[{"@type":"WebPage","@id":"https:\/\/jackpotlotteryonline.com\/lt\/laimeje-skaitmenys\/el-gordo-draw-results\/","url":"https:\/\/jackpotlotteryonline.com\/lt\/laimeje-skaitmenys\/el-gordo-draw-results\/","name":"El Gordo laimingieji numeriai ir traukimo rezultatai","isPartOf":{"@id":"https:\/\/jackpotlotteryonline.com\/#website"},"primaryImageOfPage":{"@id":"https:\/\/jackpotlotteryonline.com\/lt\/laimeje-skaitmenys\/el-gordo-draw-results\/#primaryimage"},"image":{"@id":"https:\/\/jackpotlotteryonline.com\/lt\/laimeje-skaitmenys\/el-gordo-draw-results\/#primaryimage"},"thumbnailUrl":"http:\/\/jackpotlotteryonline.com\/wp-content\/uploads\/2022\/10\/lotto_euros.jpg","datePublished":"2022-12-06T13:00:27+00:00","dateModified":"2022-12-28T12:24:50+00:00","description":"El Gordo burt\u0173 traukimo rezultatai, laimingieji skai\u010diai - \u0161ios savait\u0117s, taip pat pra\u0117jusios savait\u0117s rezultatai","breadcrumb":{"@id":"https:\/\/jackpotlotteryonline.com\/lt\/laimeje-skaitmenys\/el-gordo-draw-results\/#breadcrumb"},"inLanguage":"lt-LT","potentialAction":[{"@type":"ReadAction","target":["https:\/\/jackpotlotteryonline.com\/lt\/laimeje-skaitmenys\/el-gordo-draw-results\/"]}]},{"@type":"ImageObject","inLanguage":"lt-LT","@id":"https:\/\/jackpotlotteryonline.com\/lt\/laimeje-skaitmenys\/el-gordo-draw-results\/#primaryimage","url":"http:\/\/jackpotlotteryonline.com\/wp-content\/uploads\/2022\/10\/lotto_euros.jpg","contentUrl":"http:\/\/jackpotlotteryonline.com\/wp-content\/uploads\/2022\/10\/lotto_euros.jpg"},{"@type":"BreadcrumbList","@id":"https:\/\/jackpotlotteryonline.com\/lt\/laimeje-skaitmenys\/el-gordo-draw-results\/#breadcrumb","itemListElement":[{"@type":"ListItem","position":1,"name":"Home","item":"https:\/\/jackpotlotteryonline.com\/lt\/"},{"@type":"ListItem","position":2,"name":"Loterijos rezultatai","item":"https:\/\/jackpotlotteryonline.com\/lt\/laimeje-skaitmenys\/"},{"@type":"ListItem","position":3,"name":"El Gordo burt\u0173 traukimo rezultatai"}]},{"@type":"WebSite","@id":"https:\/\/jackpotlotteryonline.com\/#website","url":"https:\/\/jackpotlotteryonline.com\/","name":"Lotto Online - Crack The International Lottery Jackpots","description":"","potentialAction":[{"@type":"SearchAction","target":{"@type":"EntryPoint","urlTemplate":"https:\/\/jackpotlotteryonline.com\/?s={search_term_string}"},"query-input":"required name=search_term_string"}],"inLanguage":"lt-LT"}]}},"_links":{"self":[{"href":"https:\/\/jackpotlotteryonline.com\/lt\/wp-json\/wp\/v2\/pages\/40832","targetHints":{"allow":["GET"]}}],"collection":[{"href":"https:\/\/jackpotlotteryonline.com\/lt\/wp-json\/wp\/v2\/pages"}],"about":[{"href":"https:\/\/jackpotlotteryonline.com\/lt\/wp-json\/wp\/v2\/types\/page"}],"author":[{"embeddable":true,"href":"https:\/\/jackpotlotteryonline.com\/lt\/wp-json\/wp\/v2\/users\/1"}],"replies":[{"embeddable":true,"href":"https:\/\/jackpotlotteryonline.com\/lt\/wp-json\/wp\/v2\/comments?post=40832"}],"version-history":[{"count":0,"href":"https:\/\/jackpotlotteryonline.com\/lt\/wp-json\/wp\/v2\/pages\/40832\/revisions"}],"up":[{"embeddable":true,"href":"https:\/\/jackpotlotteryonline.com\/lt\/wp-json\/wp\/v2\/pages\/35842"}],"wp:attachment":[{"href":"https:\/\/jackpotlotteryonline.com\/lt\/wp-json\/wp\/v2\/media?parent=40832"}],"curies":[{"name":"wp","href":"https:\/\/api.w.org\/{rel}","templated":true}]}}