{"id":40890,"date":"2022-12-07T08:35:55","date_gmt":"2022-12-07T08:35:55","guid":{"rendered":"https:\/\/jackpotlotteryonline.com\/?page_id=40890"},"modified":"2022-12-28T18:24:29","modified_gmt":"2022-12-28T18:24:29","slug":"german-lotto","status":"publish","type":"page","link":"https:\/\/jackpotlotteryonline.com\/lt\/laimeje-skaitmenys\/german-lotto\/","title":{"rendered":"Vokietijos Lotto atkreipti rezultatai"},"content":{"rendered":"<p>Vokietijos Lotto traukimo rezultataiJei <a href=\"https:\/\/jackpotlotteryonline.com\/lt\/kaip-zaisti\/german-lotto\">\u017eaid\u0117te Vokietijos Lotto<\/a> arba norite j\u012f i\u0161bandyti, labai svarbu patikrinti laimin\u010dius skai\u010dius. Laim\u0117ti loterijoje &#8211; tai gyvenim\u0105 kei\u010dianti patirtis.<\/p>\n<p>\u0160i loterija, \u017einoma kaip 6 aus 49 arba 6 i\u0161 49, yra viena populiariausi\u0173 Europoje. \u0160i voki\u0161ka loterija turi ne\u012ftik\u0117tinus \u0161ansus ir gyvenim\u0105 kei\u010dian\u010dius pagrindinius prizus, joje yra devyni skirtingi priz\u0173 lygiai.<\/p>\n<p>J\u0105 lengva \u017eaisti ir dabar galite dalyvauti Vokietijos loterijoje i\u0161 bet kurios pasaulio vietos. \u017daisdami jackpotlotlottoonline.com taip pat galite pasitikrinti laim\u0117jusius skai\u010dius.<\/p>\n<h2>Kaip \u017eaisti Vokietijos loto<\/h2>\n<p><img loading=\"lazy\" decoding=\"async\" class=\"alignright size-medium wp-image-29156\" src=\"https:\/\/jackpotlotteryonline.com\/wp-content\/uploads\/2022\/11\/1_play_lotto_to_win-300x214.jpg\" alt=\"\u012eveskite Vokietijos loto, kad laim\u0117tum\u0117te prizus\" width=\"300\" height=\"214\" srcset=\"https:\/\/jackpotlotteryonline.com\/wp-content\/uploads\/2022\/11\/1_play_lotto_to_win-300x214.jpg 300w, https:\/\/jackpotlotteryonline.com\/wp-content\/uploads\/2022\/11\/1_play_lotto_to_win.jpg 320w\" sizes=\"auto, (max-width: 300px) 100vw, 300px\" \/>I\u0161 esm\u0117s \u017eaid\u0117jams tereikia pasirinkti 6 skai\u010dius i\u0161 intervalo nuo 1 iki 49 ir tas, kuris atitinka i\u0161trauktus rezultatus, laimi pagrindin\u012f priz\u0105. Taip pat yra papildomas skai\u010dius, vadinamas Super skai\u010diumi. Jis pasirenkamas atsitiktine tvarka ir naudojamas nustatant trij\u0173 pakop\u0173 laim\u0117tojus, \u012fskaitant pagrindin\u012f priz\u0105.<\/p>\n<p>Pagrindinio prizo suma garantuotai yra milijonas eur\u0173, ta\u010diau jei po burt\u0173 traukimo laim\u0117tojas neatsiranda, jis persikelia. Vokietijos &#8220;Lotto&#8221; pagrindinis prizas gali siekti net 14 000 000 eur\u0173, o tai, m\u016bs\u0173 manymu, yra gana nuostabu.<\/p>\n<h2>\u017daidimas jackpotlotlottoonline.com<\/h2>\n<p><a href=\"https:\/\/jackpotlotteryonline.com\/lt\/pirkti-bilietus\/lotto-germany\">Pirkdami biliet\u0105 i\u0161 m\u016bs\u0173<\/a>, j\u016bs i\u0161 tikr\u0173j\u0173 dalyvaujate loterijoje. Mes neveikiame taip, kaip kai kurios internetin\u0117s loto svetain\u0117s, kurios tik suteikia \u017eaid\u0117jams galimyb\u0119 la\u017eintis d\u0117l rezultato. Jei statysite u\u017e rezultat\u0105, net jei gausite laimin\u010dius skai\u010dius, loto nelaim\u0117site.<\/p>\n<p>Esame konsjer\u017eo svetain\u0117, kuri suteikia savo klientams galimyb\u0119 dalyvauti loterijose i\u0161 viso pasaulio. Kai perkate Vokietijos loto biliet\u0105 internetu, m\u016bs\u0173 agentai \u0161alyje nupirks fizin\u012f biliet\u0105. Fiziniame Vokietijos loto biliete bus tie patys skai\u010diai, kuriuos pasirinkote. Tada mes j\u012f nuskenuosime \u012f j\u016bs\u0173 paskyr\u0105.<\/p>\n<p><strong>Nor\u0117dami \u017eaisti loto su mumis:<\/strong><\/p>\n<ul>\n<li>Taip pat galite pasinaudoti m\u016bs\u0173 automatiniu generatoriumi, kad pasirinktum\u0117te atsitiktinius loto numerius.<\/li>\n<li>\u012eveskite burtus. Galite \u012fvesti vien\u0105 arba kelis tira\u017eus.<\/li>\n<li>Pasirinkite, prie\u0161 kiek savai\u010di\u0173 norite \u017eaisti (arba galite \u017eaisti tik vien\u0105 kart\u0105).<\/li>\n<li>U\u017esiregistruokite, kad b\u016bt\u0173 galima apdoroti j\u016bs\u0173 mok\u0117jim\u0105 (tai daroma tam, kad gal\u0117tume jus \u012fsp\u0117ti, kai laim\u0117site loto).<\/li>\n<\/ul>\n<h2>Vokietijos loto laim\u0117jimas (priz\u0173 paskirstymas)<\/h2>\n<p><img loading=\"lazy\" decoding=\"async\" class=\"alignright size-medium wp-image-28616\" src=\"https:\/\/jackpotlotteryonline.com\/wp-content\/uploads\/2022\/11\/1_online_lotto-300x128.jpg\" alt=\"\u017daiskite Vokietijos loto\" width=\"300\" height=\"128\" srcset=\"https:\/\/jackpotlotteryonline.com\/wp-content\/uploads\/2022\/11\/1_online_lotto-300x128.jpg 300w, https:\/\/jackpotlotteryonline.com\/wp-content\/uploads\/2022\/11\/1_online_lotto.jpg 320w\" sizes=\"auto, (max-width: 300px) 100vw, 300px\" \/>Jau min\u0117jome, kad \u0161is Europos loto turi 9 skirtingus priz\u0173 lygius. Tai daug priz\u0173, kuriuos \u017eaid\u0117jas gali laim\u0117ti, ir tai paai\u0161kina, kod\u0117l \u0161is loto yra toks populiarus \u017eemyne. Tikimyb\u0117 laim\u0117ti pagrindin\u012f priz\u0105 yra 1 i\u0161 139 838 160.<\/p>\n<p>Dalijam\u0117s skirting\u0173 priz\u0173 pakop\u0173 priz\u0173 paskirstymu ir kiekvienos pakopos \u0161ansais. Taip pat pateiksime numatom\u0105 kiekvieno skyriaus priz\u0105. Prizai nustatomi pagal bendr\u0105 &#8220;Lotto&#8221; fond\u0105, ta\u010diau, remiantis ankstesniais laim\u0117jimais, galima gauti apytiksl\u012f skai\u010di\u0173.<\/p>\n<p>1 pakopa: 6 + &#8220;Super Number&#8221; &#8211; 12 585 434,40 EUR (pagrindinis prizas) &#8211; 1:139 838 160<\/p>\n<p>2 pakopa: tik 6 skai\u010diai &#8211; 1 003 509,30 EUR &#8211; 1: 15 537 573<\/p>\n<p>3 pakopa: 5 + &#8220;Super&#8221; skai\u010dius &#8211; 12 135,40 EUR &#8211; 1:524 008<\/p>\n<p>4 pakopa: tik 5 skai\u010diai &#8211; 4 019,20 EUR &#8211; 1:60 223<\/p>\n<p>5 pakopa: 4 + super skai\u010dius &#8211; 191,10 EUR &#8211; 1:10 324<\/p>\n<p>6 pakopa: tik 4 skai\u010diai &#8211; 50,30 EUR &#8211; 1:1 147<\/p>\n<p>7 pakopa: 3 + super skai\u010dius &#8211; 21,20 EUR &#8211; 1:567<\/p>\n<p>8 pakopa: tik 3 skai\u010diai &#8211; 11,10 EUR &#8211; 1:63<\/p>\n<p>9 pakopa: 2 + super skai\u010dius &#8211; 6 EUR &#8211; 1:76<\/p>\n<section class=\"layout\" style=\"border: solid 1px; width: 100%;\">\n<div class=\"img-div\" style=\"margin-top: 5px;\"><img decoding=\"async\" class=\"wp-image-17212 alignleft\" style=\"height: 45px; margin: 8px 8px 0px;\" src=\"https:\/\/jackpotlotteryonline.com\/wp-content\/uploads\/2022\/11\/read1.jpg\" alt=\"skaityti\" width=\"\" height=\"\" \/><\/div>\n<div style=\"padding-left: 5px;\">\n<div style=\"font-size: 1.1em;\">\n<p><strong>J\u016bs\u0173 nacionalin\u0117 loterija tarptautiniame palyginime<\/strong><\/p>\n<p style=\"font-size: 0.85em; margin-top: -1.5em;\">J\u016bs\u0173 vietin\u0117 loterija gali b\u016bti blogiausias pasirinkimas &#8211; kod\u0117l prasmingiau mok\u0117ti daugiau, bet siekti didesni\u0173 laim\u0117jim\u0173\u00a0 <a href=\"https:\/\/jackpotlotteryonline.com\/lt\/jusu-vietine-loterija-tautiniame-lyginime\">skaityti daugiau<\/a><\/p>\n<\/div>\n<\/div>\n<\/section>\n<h2>Patikrinkite laim\u0117jusius skai\u010dius internetu<\/h2>\n<p>Lygiai taip pat, kaip \u017eaisti Vokietijos loto yra ne\u012ftik\u0117tinai paprasta, supaprastinome ir rezultat\u0173 tikrinimo proces\u0105. Jei \u017eaid\u017eiate \u0161\u012f loto, laim\u0117jusius skai\u010dius galite lengvai patikrinti internetu. Po kiekvieno tira\u017eo patikrinkite, ar laim\u0117jote priz\u0105. Kadangi traukimo rezultatus skelbiame \u010dia.<\/p>\n<p>Ta\u010diau net jei pamir\u0161ite pasitikrinti po burt\u0173 traukimo, mes jums prane\u0161ime, ar laim\u0117jote priz\u0173. Apie tai jus \u012fsp\u0117sime ne tik per j\u016bs\u0173 paskyr\u0105, bet ir atsi\u0173sime el. lai\u0161k\u0105.<\/p>\n<h2>Kaip atsiimti priz\u0105<\/h2>\n<p>Vokietijos loto traukimai vyksta kart\u0105 per savait\u0119, tre\u010diadieniais. Po burt\u0173 traukimo bus paskelbti laim\u0117j\u0119 skai\u010diai. Laim\u0117ti loterijoje rei\u0161kia tik tai, kad turite biliet\u0105, kuris atitinka i\u0161trauktus rezultatus.<\/p>\n<p>Jei laim\u0117jote priz\u0105, j\u012f galite lengvai atsiimti atsiimdami i\u0161 m\u016bs\u0173 platformos \u012f savo s\u0105skait\u0105. Tai tiesa. Bet kok\u012f ma\u017eesn\u012f nei 2500 eur\u0173 priz\u0105 galite atsiimti tiesiai \u012f savo s\u0105skait\u0105.<\/p>\n<p>Jei suma yra didesn\u0117 nei 2 500 \u20ac, jums gali tekti u\u017epildyti loterijos bendrov\u0117s pra\u0161ymo form\u0105. Ta\u010diau mes pad\u0117sime jums atlikti \u0161\u012f proces\u0105. Taigi, jei dar nenusipirkote Vokietijos loto bilieto, eikite ir padarykite tai dabar. Ir nepamir\u0161kite patikrinti laimin\u010di\u0173 skai\u010di\u0173.<\/p>\n","protected":false},"excerpt":{"rendered":"<p>Vokietijos Lotto traukimo rezultataiJei \u017eaid\u0117te Vokietijos Lotto arba norite j\u012f i\u0161bandyti, labai svarbu patikrinti laimin\u010dius skai\u010dius. Laim\u0117ti loterijoje &#8211; tai gyvenim\u0105 kei\u010dianti patirtis. \u0160i loterija, \u017einoma kaip 6 aus 49 arba 6 i\u0161 49, yra viena populiariausi\u0173 Europoje. \u0160i voki\u0161ka loterija turi ne\u012ftik\u0117tinus \u0161ansus ir gyvenim\u0105 kei\u010dian\u010dius pagrindinius prizus, joje yra devyni skirtingi priz\u0173 lygiai. [&hellip;]<\/p>\n","protected":false},"author":1,"featured_media":0,"parent":35842,"menu_order":8,"comment_status":"closed","ping_status":"closed","template":"lotto-german-results.php","meta":{"_et_pb_use_builder":"","_et_pb_old_content":"","_et_gb_content_width":"","exclude_from_search":false,"footnotes":""},"class_list":["post-40890","page","type-page","status-publish","hentry"],"yoast_head":"<!-- This site is optimized with the Yoast SEO plugin v23.3 - https:\/\/yoast.com\/wordpress\/plugins\/seo\/ -->\n<title>Vokietijos Lotto laimingieji numeriai ir traukimo rezultatai<\/title>\n<meta name=\"description\" content=\"\u010cia i\u0161vardyti visi dabartiniai ir ankstesni laimingieji numeriai, Vokietijos loto burt\u0173 traukimo rezultatai\" \/>\n<meta name=\"robots\" content=\"index, follow, max-snippet:-1, max-image-preview:large, max-video-preview:-1\" \/>\n<link rel=\"canonical\" href=\"https:\/\/jackpotlotteryonline.com\/lt\/laimeje-skaitmenys\/german-lotto\/\" \/>\n<meta property=\"og:locale\" content=\"lt_LT\" \/>\n<meta property=\"og:type\" content=\"article\" \/>\n<meta property=\"og:title\" content=\"Vokietijos Lotto laimingieji numeriai ir traukimo rezultatai\" \/>\n<meta property=\"og:description\" content=\"\u010cia i\u0161vardyti visi dabartiniai ir ankstesni laimingieji numeriai, Vokietijos loto burt\u0173 traukimo rezultatai\" \/>\n<meta property=\"og:url\" content=\"https:\/\/jackpotlotteryonline.com\/lt\/laimeje-skaitmenys\/german-lotto\/\" \/>\n<meta property=\"og:site_name\" content=\"Lotto Online - Crack The International Lottery Jackpots\" \/>\n<meta property=\"article:modified_time\" content=\"2022-12-28T18:24:29+00:00\" \/>\n<meta property=\"og:image\" content=\"https:\/\/jackpotlotteryonline.com\/wp-content\/uploads\/2022\/11\/1_play_lotto_to_win-300x214.jpg\" \/>\n<meta name=\"twitter:card\" content=\"summary_large_image\" \/>\n<meta name=\"twitter:label1\" content=\"Est. reading time\" \/>\n\t<meta name=\"twitter:data1\" content=\"4 minut\u0117s\" \/>\n<!-- \/ Yoast SEO plugin. -->","yoast_head_json":{"title":"Vokietijos Lotto laimingieji numeriai ir traukimo rezultatai","description":"\u010cia i\u0161vardyti visi dabartiniai ir ankstesni laimingieji numeriai, Vokietijos loto burt\u0173 traukimo rezultatai","robots":{"index":"index","follow":"follow","max-snippet":"max-snippet:-1","max-image-preview":"max-image-preview:large","max-video-preview":"max-video-preview:-1"},"canonical":"https:\/\/jackpotlotteryonline.com\/lt\/laimeje-skaitmenys\/german-lotto\/","og_locale":"lt_LT","og_type":"article","og_title":"Vokietijos Lotto laimingieji numeriai ir traukimo rezultatai","og_description":"\u010cia i\u0161vardyti visi dabartiniai ir ankstesni laimingieji numeriai, Vokietijos loto burt\u0173 traukimo rezultatai","og_url":"https:\/\/jackpotlotteryonline.com\/lt\/laimeje-skaitmenys\/german-lotto\/","og_site_name":"Lotto Online - Crack The International Lottery Jackpots","article_modified_time":"2022-12-28T18:24:29+00:00","og_image":[{"url":"https:\/\/jackpotlotteryonline.com\/wp-content\/uploads\/2022\/11\/1_play_lotto_to_win-300x214.jpg"}],"twitter_card":"summary_large_image","twitter_misc":{"Est. reading time":"4 minut\u0117s"},"schema":{"@context":"https:\/\/schema.org","@graph":[{"@type":"WebPage","@id":"https:\/\/jackpotlotteryonline.com\/lt\/laimeje-skaitmenys\/german-lotto\/","url":"https:\/\/jackpotlotteryonline.com\/lt\/laimeje-skaitmenys\/german-lotto\/","name":"Vokietijos Lotto laimingieji numeriai ir traukimo rezultatai","isPartOf":{"@id":"https:\/\/jackpotlotteryonline.com\/#website"},"primaryImageOfPage":{"@id":"https:\/\/jackpotlotteryonline.com\/lt\/laimeje-skaitmenys\/german-lotto\/#primaryimage"},"image":{"@id":"https:\/\/jackpotlotteryonline.com\/lt\/laimeje-skaitmenys\/german-lotto\/#primaryimage"},"thumbnailUrl":"https:\/\/jackpotlotteryonline.com\/wp-content\/uploads\/2022\/11\/1_play_lotto_to_win-300x214.jpg","datePublished":"2022-12-07T08:35:55+00:00","dateModified":"2022-12-28T18:24:29+00:00","description":"\u010cia i\u0161vardyti visi dabartiniai ir ankstesni laimingieji numeriai, Vokietijos loto burt\u0173 traukimo rezultatai","breadcrumb":{"@id":"https:\/\/jackpotlotteryonline.com\/lt\/laimeje-skaitmenys\/german-lotto\/#breadcrumb"},"inLanguage":"lt-LT","potentialAction":[{"@type":"ReadAction","target":["https:\/\/jackpotlotteryonline.com\/lt\/laimeje-skaitmenys\/german-lotto\/"]}]},{"@type":"ImageObject","inLanguage":"lt-LT","@id":"https:\/\/jackpotlotteryonline.com\/lt\/laimeje-skaitmenys\/german-lotto\/#primaryimage","url":"https:\/\/jackpotlotteryonline.com\/wp-content\/uploads\/2022\/11\/1_play_lotto_to_win-300x214.jpg","contentUrl":"https:\/\/jackpotlotteryonline.com\/wp-content\/uploads\/2022\/11\/1_play_lotto_to_win-300x214.jpg"},{"@type":"BreadcrumbList","@id":"https:\/\/jackpotlotteryonline.com\/lt\/laimeje-skaitmenys\/german-lotto\/#breadcrumb","itemListElement":[{"@type":"ListItem","position":1,"name":"Home","item":"https:\/\/jackpotlotteryonline.com\/lt\/"},{"@type":"ListItem","position":2,"name":"Loterijos rezultatai","item":"https:\/\/jackpotlotteryonline.com\/lt\/laimeje-skaitmenys\/"},{"@type":"ListItem","position":3,"name":"Vokietijos Lotto atkreipti rezultatai"}]},{"@type":"WebSite","@id":"https:\/\/jackpotlotteryonline.com\/#website","url":"https:\/\/jackpotlotteryonline.com\/","name":"Lotto Online - Crack The International Lottery Jackpots","description":"","potentialAction":[{"@type":"SearchAction","target":{"@type":"EntryPoint","urlTemplate":"https:\/\/jackpotlotteryonline.com\/?s={search_term_string}"},"query-input":"required name=search_term_string"}],"inLanguage":"lt-LT"}]}},"_links":{"self":[{"href":"https:\/\/jackpotlotteryonline.com\/lt\/wp-json\/wp\/v2\/pages\/40890","targetHints":{"allow":["GET"]}}],"collection":[{"href":"https:\/\/jackpotlotteryonline.com\/lt\/wp-json\/wp\/v2\/pages"}],"about":[{"href":"https:\/\/jackpotlotteryonline.com\/lt\/wp-json\/wp\/v2\/types\/page"}],"author":[{"embeddable":true,"href":"https:\/\/jackpotlotteryonline.com\/lt\/wp-json\/wp\/v2\/users\/1"}],"replies":[{"embeddable":true,"href":"https:\/\/jackpotlotteryonline.com\/lt\/wp-json\/wp\/v2\/comments?post=40890"}],"version-history":[{"count":0,"href":"https:\/\/jackpotlotteryonline.com\/lt\/wp-json\/wp\/v2\/pages\/40890\/revisions"}],"up":[{"embeddable":true,"href":"https:\/\/jackpotlotteryonline.com\/lt\/wp-json\/wp\/v2\/pages\/35842"}],"wp:attachment":[{"href":"https:\/\/jackpotlotteryonline.com\/lt\/wp-json\/wp\/v2\/media?parent=40890"}],"curies":[{"name":"wp","href":"https:\/\/api.w.org\/{rel}","templated":true}]}}