{"id":40945,"date":"2022-12-07T10:38:21","date_gmt":"2022-12-07T10:38:21","guid":{"rendered":"https:\/\/jackpotlotteryonline.com\/?page_id=40945"},"modified":"2022-12-28T21:11:38","modified_gmt":"2022-12-28T21:11:38","slug":"france-lotto-2","status":"publish","type":"page","link":"https:\/\/jackpotlotteryonline.com\/lt\/laimeje-skaitmenys\/france-lotto-2\/","title":{"rendered":"Pranc\u016bzija Lotto atkreipti rezultatai"},"content":{"rendered":"<p>France Lotto &#8211; tai Europos loto, kurio laim\u0117tojai i\u0161renkami tris kartus per savait\u0119. Ji prad\u0117ta 1976 m., o jos traukimo dienos yra pirmadieniais, tre\u010diadieniais ir \u0161e\u0161tadieniais. \u0160iomis dienomis skelbiami &#8220;France Lotto&#8221; laimingieji skai\u010diai. Laim\u0117tojai i\u0161 viso pasaulio gali dalyvauti &#8220;France Lotto&#8221; pirkdami bilietus internetu.<\/p>\n<h2>Kod\u0117l tur\u0117tum\u0117te patikrinti laimin\u010dius skai\u010dius<\/h2>\n<p>Paprastai &#8220;France Lotto&#8221; bendrov\u0117 ne\u017eino vis\u0173 bilietus atne\u0161usi\u0173 asmen\u0173 tapatyb\u0117s. Taigi, jie neturi galimyb\u0117s susisiekti su loterijos laim\u0117jusiais bilietais. Tod\u0117l turite nuolat tikrinti savo biliet\u0105 pagal i\u0161trauktus skai\u010dius ir su\u017einoti, ar laim\u0117jote.<\/p>\n<p>Be to, &#8220;France Lotto&#8221; turi 10 priz\u0173 skyri\u0173. Gali b\u016bti, kad \u017eaid\u0117jas nelaim\u0117jo pagrindinio prizo, bet gal\u0117jo laim\u0117ti kitus prizus.<\/p>\n<h2>B\u016bdai patikrinti &#8220;France Lotto&#8221; laim\u0117jimo rezultatus<\/h2>\n<p><img loading=\"lazy\" decoding=\"async\" class=\"alignright wp-image-31748\" src=\"https:\/\/jackpotlotteryonline.com\/wp-content\/uploads\/2022\/11\/rf_results_page-300x225.jpg\" alt=\"Pranc\u016bzijos Lotto laim\u0117jimo rezultatai\" width=\"244\" height=\"183\" srcset=\"https:\/\/jackpotlotteryonline.com\/wp-content\/uploads\/2022\/11\/rf_results_page-300x225.jpg 300w, https:\/\/jackpotlotteryonline.com\/wp-content\/uploads\/2022\/11\/rf_results_page-600x449.jpg 600w, https:\/\/jackpotlotteryonline.com\/wp-content\/uploads\/2022\/11\/rf_results_page-768x575.jpg 768w, https:\/\/jackpotlotteryonline.com\/wp-content\/uploads\/2022\/11\/rf_results_page.jpg 801w\" sizes=\"auto, (max-width: 244px) 100vw, 244px\" \/><br \/>\nYra keli b\u016bdai, kaip patikrinti &#8220;France Lotto&#8221; burt\u0173 traukimo rezultatus. Tai labai svarbu norint i\u0161siai\u0161kinti laiming\u0105j\u012f biliet\u0105 d\u0117l pagrindinio prizo. Atminkite, kad laim\u0117tojas yra tas, kuris atitinka i\u0161trauktus skai\u010dius. Jei perkate &#8220;France Lotto&#8221; bilietus, galite patikrinti traukimo rezultatus bet kuriuo i\u0161 toliau nurodyt\u0173 b\u016bd\u0173:<\/p>\n<h3>\u017di\u016br\u0117kite tiesiogin\u0119 TV transliacij\u0105<\/h3>\n<p>Tai i\u0161 ties\u0173 labai \u012fdomu, nes skai\u010diai i\u0161tariami ir i\u0161 karto galite su\u017einoti, ar laim\u0117jote. Problema ta, kad nor\u0117dami \u017ei\u016br\u0117ti tiesiogin\u012f Pranc\u016bzijos Lotto traukim\u0105, turite gyventi Pranc\u016bzijoje.<\/p>\n<section class=\"layout\" style=\"border: solid 1px; width: 100%;\">\n<div class=\"img-div\" style=\"margin-top: 5px;\"><img decoding=\"async\" class=\"wp-image-17212 alignleft\" style=\"height: 45px; margin: 8px 8px 0px;\" src=\"https:\/\/jackpotlotteryonline.com\/wp-content\/uploads\/2022\/11\/read1.jpg\" alt=\"skaityti\" width=\"\" height=\"\" \/><\/div>\n<div style=\"padding-left: 5px;\">\n<div style=\"font-size: 1.1em;\">\n<p><strong>Nepraleiskite did\u017eiausi\u0173 pasaulyje loterijos priz\u0173 burt\u0173 traukimo laiko<\/strong><\/p>\n<p style=\"font-size: 0.85em; margin-top: -1.5em;\">Tarptautini\u0173 loterij\u0173 burt\u0173 traukimo laik\u0173 s\u0105ra\u0161as\u00a0<a href=\"https:\/\/jackpotlotteryonline.com\/lt\/kada-yra-traukimo-laikas-tautinems-loterijoms\"> skaityti daugiau<\/a><\/p>\n<\/div>\n<\/div>\n<\/section>\n<h3>Apsilankykite naujien\u0173 svetain\u0117se<\/h3>\n<p>Dar vienas b\u016bdas su\u017einoti burt\u0173 rezultatus &#8211; apsilankyti naujien\u0173 svetain\u0117se. \u012evairios naujien\u0173 svetain\u0117s savo puslapiuose skelbia laim\u0117jusius derinius. Tai ypa\u010d pasakytina apie Europos naujien\u0173 svetaines. Jei laim\u0117jote pagrindin\u012f priz\u0105, tai puiki galimyb\u0117. Ta\u010diau yra ir keletas kit\u0173 priz\u0173 dalyb\u0173, kurias \u017eaid\u0117jas gali laim\u0117ti. Deja, \u0161ios svetain\u0117s paprastai neskelbia \u0161i\u0173 padalini\u0173 laiming\u0173 kombinacij\u0173. Taigi, jei laim\u0117site, pavyzd\u017eiui, antrojo lygio priz\u0105, galite jo ir nepasteb\u0117ti.<\/p>\n<h3>Patikrinkite jackpotlotlotteryonline.com<\/h3>\n<p>U\u017esiregistrav\u0119 pas mus, galite lengvai patikrinti laimin\u010dius &#8220;France Lotto&#8221; skai\u010dius. Po kiekvieno traukimo rezultatus skelbiame \u010dia, m\u016bs\u0173 puslapyje. Be to, jei laim\u0117site kok\u012f nors priz\u0105, mes jums i\u0161 karto prane\u0161ime, nepriklausomai nuo to, kok\u012f priz\u0173 skyri\u0173 laim\u0117jote. Be to, loterijos laim\u0117jim\u0105 galite atsiimti tiesiai i\u0161 m\u016bs\u0173 svetain\u0117s \u012f savo s\u0105skait\u0105.<\/p>\n<h2>\u017daidimo internetu privalumai<\/h2>\n<p>Galimyb\u0117 patogiai patikrinti traukimo rezultatus &#8211; tai tik vienas i\u0161<a href=\"https:\/\/jackpotlotteryonline.com\/lt\/kaip-zaisti\/france-lotto\"> loto \u017eaidimo internetu<\/a> privalum\u0173. Ta\u010diau turime sutikti, kad tai did\u017eiulis privalumas. \u0160tai keletas privalum\u0173 trumpai:<\/p>\n<ul>\n<li>Prieiga prie geriausi\u0173 tarptautini\u0173 loterij\u0173 i\u0161 bet kurios vietos<\/li>\n<li>Patogu \u017eaisti i\u0161 kompiuterio ar mobiliojo \u012frenginio<\/li>\n<li>Lengvai suplanuoti kelis tira\u017eus i\u0161 anksto<\/li>\n<li>Patogiai patikrinti burt\u0173 rezultatus<\/li>\n<li>I\u0161mok\u0117ti laim\u0117jimus tiesiai \u012f savo s\u0105skait\u0105<\/li>\n<\/ul>\n<h2>Pranc\u016bzijos Lotto laim\u0117jimo kombinacijos<\/h2>\n<p>I\u0161sirinkti tinkam\u0105 kombinacij\u0105 savo Pranc\u016bzijos Lotto bilietui gali b\u016bti gana sud\u0117tinga. Daugelis \u017eaid\u0117j\u0173 turi \u012fvairi\u0173 patarim\u0173, kuriuos naudoja nor\u0117dami padidinti savo galimybes laim\u0117ti loterijoje. Galime pasakyti, kad n\u0117ra jokio garantuoto b\u016bdo, kaip laim\u0117ti loterijoje. Tai s\u0117km\u0117s reikalas. Ta\u010diau galime pasidalyti keliomis strategijomis, kurias \u017eaid\u0117jai naudoja nor\u0117dami pasirinkti laimin\u010dius skaitmenis.<\/p>\n<p>Kai kurie \u017eaid\u0117jai m\u0117gsta per\u017ei\u016br\u0117ti praeityje laim\u0117tus derinius ir rasti skai\u010dius, kurie pasitaiko reguliariai arba retai. Jie sugeba nustatyti d\u0117sningumus ir jais remdamiesi susikuria \u017eaidimo loterijoje strategij\u0105. Sunku pasakyti, ar ji veikia, ar ne.<\/p>\n<p>Kiti \u017eaid\u0117jai nusprend\u017eia \u017eaisti da\u017enai, pirkdami kelis bilietus ir dalyvaudami keliuose tira\u017euose. Logika tokia: kuo daugiau kart\u0173 \u017eaid\u017eiate loterijoje, tuo didesn\u0117 tikimyb\u0117 laim\u0117ti. \u012edomu tai, kad dauguma laim\u0117toj\u0173 prie\u0161 laim\u0117dami loterijoje \u017eaid\u0117 daugel\u012f met\u0173. Ta\u010diau yra ir toki\u0173, kurie laim\u0117jo i\u0161 pirmo karto, kai \u017eaid\u0117.<\/p>\n<h2>I\u0161vada<\/h2>\n<p>Apibendrinant galima teigti, kad Pranc\u016bzijos loto yra atsitiktinumo \u017eaidimas. Galite <a href=\"https:\/\/jackpotlotteryonline.com\/lt\/pirkti-bilietus\/lotto-france\">nusipirkti Pranc\u016bzijos loto bilietus<\/a> ir patikrinti laimin\u010dius derinius \u010dia jackpotlotlotteryonline.com<\/p>\n","protected":false},"excerpt":{"rendered":"<p>France Lotto &#8211; tai Europos loto, kurio laim\u0117tojai i\u0161renkami tris kartus per savait\u0119. Ji prad\u0117ta 1976 m., o jos traukimo dienos yra pirmadieniais, tre\u010diadieniais ir \u0161e\u0161tadieniais. \u0160iomis dienomis skelbiami &#8220;France Lotto&#8221; laimingieji skai\u010diai. Laim\u0117tojai i\u0161 viso pasaulio gali dalyvauti &#8220;France Lotto&#8221; pirkdami bilietus internetu. Kod\u0117l tur\u0117tum\u0117te patikrinti laimin\u010dius skai\u010dius Paprastai &#8220;France Lotto&#8221; bendrov\u0117 ne\u017eino vis\u0173 [&hellip;]<\/p>\n","protected":false},"author":1,"featured_media":0,"parent":35842,"menu_order":9,"comment_status":"closed","ping_status":"closed","template":"lotto-fr-results.php","meta":{"_et_pb_use_builder":"","_et_pb_old_content":"","_et_gb_content_width":"","exclude_from_search":false,"footnotes":""},"class_list":["post-40945","page","type-page","status-publish","hentry"],"yoast_head":"<!-- This site is optimized with the Yoast SEO plugin v23.3 - https:\/\/yoast.com\/wordpress\/plugins\/seo\/ -->\n<title>Pranc\u016bzija Lotto laim\u0117j\u0119 numeriai ir burt\u0173 traukimo rezultatai<\/title>\n<meta name=\"description\" content=\"Norite su\u017einoti Pranc\u016bzijos loterijos laimin\u010dius numerius ir burt\u0173 traukimo rezultatus? Per\u017ei\u016br\u0117kite m\u016bs\u0173 &quot;Lotto France&quot; rezultat\u0173 puslap\u012f ir m\u016bs\u0173 archyv\u0105\" \/>\n<meta name=\"robots\" content=\"index, follow, max-snippet:-1, max-image-preview:large, max-video-preview:-1\" \/>\n<link rel=\"canonical\" href=\"https:\/\/jackpotlotteryonline.com\/lt\/laimeje-skaitmenys\/france-lotto-2\/\" \/>\n<meta property=\"og:locale\" content=\"lt_LT\" \/>\n<meta property=\"og:type\" content=\"article\" \/>\n<meta property=\"og:title\" content=\"Pranc\u016bzija Lotto laim\u0117j\u0119 numeriai ir burt\u0173 traukimo rezultatai\" \/>\n<meta property=\"og:description\" content=\"Norite su\u017einoti Pranc\u016bzijos loterijos laimin\u010dius numerius ir burt\u0173 traukimo rezultatus? Per\u017ei\u016br\u0117kite m\u016bs\u0173 &quot;Lotto France&quot; rezultat\u0173 puslap\u012f ir m\u016bs\u0173 archyv\u0105\" \/>\n<meta property=\"og:url\" content=\"https:\/\/jackpotlotteryonline.com\/lt\/laimeje-skaitmenys\/france-lotto-2\/\" \/>\n<meta property=\"og:site_name\" content=\"Lotto Online - Crack The International Lottery Jackpots\" \/>\n<meta property=\"article:modified_time\" content=\"2022-12-28T21:11:38+00:00\" \/>\n<meta property=\"og:image\" content=\"https:\/\/jackpotlotteryonline.com\/wp-content\/uploads\/2022\/11\/rf_results_page-300x225.jpg\" \/>\n<meta name=\"twitter:card\" content=\"summary_large_image\" \/>\n<meta name=\"twitter:label1\" content=\"Est. reading time\" \/>\n\t<meta name=\"twitter:data1\" content=\"3 minut\u0117s\" \/>\n<!-- \/ Yoast SEO plugin. -->","yoast_head_json":{"title":"Pranc\u016bzija Lotto laim\u0117j\u0119 numeriai ir burt\u0173 traukimo rezultatai","description":"Norite su\u017einoti Pranc\u016bzijos loterijos laimin\u010dius numerius ir burt\u0173 traukimo rezultatus? Per\u017ei\u016br\u0117kite m\u016bs\u0173 \"Lotto France\" rezultat\u0173 puslap\u012f ir m\u016bs\u0173 archyv\u0105","robots":{"index":"index","follow":"follow","max-snippet":"max-snippet:-1","max-image-preview":"max-image-preview:large","max-video-preview":"max-video-preview:-1"},"canonical":"https:\/\/jackpotlotteryonline.com\/lt\/laimeje-skaitmenys\/france-lotto-2\/","og_locale":"lt_LT","og_type":"article","og_title":"Pranc\u016bzija Lotto laim\u0117j\u0119 numeriai ir burt\u0173 traukimo rezultatai","og_description":"Norite su\u017einoti Pranc\u016bzijos loterijos laimin\u010dius numerius ir burt\u0173 traukimo rezultatus? Per\u017ei\u016br\u0117kite m\u016bs\u0173 \"Lotto France\" rezultat\u0173 puslap\u012f ir m\u016bs\u0173 archyv\u0105","og_url":"https:\/\/jackpotlotteryonline.com\/lt\/laimeje-skaitmenys\/france-lotto-2\/","og_site_name":"Lotto Online - Crack The International Lottery Jackpots","article_modified_time":"2022-12-28T21:11:38+00:00","og_image":[{"url":"https:\/\/jackpotlotteryonline.com\/wp-content\/uploads\/2022\/11\/rf_results_page-300x225.jpg"}],"twitter_card":"summary_large_image","twitter_misc":{"Est. reading time":"3 minut\u0117s"},"schema":{"@context":"https:\/\/schema.org","@graph":[{"@type":"WebPage","@id":"https:\/\/jackpotlotteryonline.com\/lt\/laimeje-skaitmenys\/france-lotto-2\/","url":"https:\/\/jackpotlotteryonline.com\/lt\/laimeje-skaitmenys\/france-lotto-2\/","name":"Pranc\u016bzija Lotto laim\u0117j\u0119 numeriai ir burt\u0173 traukimo rezultatai","isPartOf":{"@id":"https:\/\/jackpotlotteryonline.com\/#website"},"primaryImageOfPage":{"@id":"https:\/\/jackpotlotteryonline.com\/lt\/laimeje-skaitmenys\/france-lotto-2\/#primaryimage"},"image":{"@id":"https:\/\/jackpotlotteryonline.com\/lt\/laimeje-skaitmenys\/france-lotto-2\/#primaryimage"},"thumbnailUrl":"https:\/\/jackpotlotteryonline.com\/wp-content\/uploads\/2022\/11\/rf_results_page-300x225.jpg","datePublished":"2022-12-07T10:38:21+00:00","dateModified":"2022-12-28T21:11:38+00:00","description":"Norite su\u017einoti Pranc\u016bzijos loterijos laimin\u010dius numerius ir burt\u0173 traukimo rezultatus? Per\u017ei\u016br\u0117kite m\u016bs\u0173 \"Lotto France\" rezultat\u0173 puslap\u012f ir m\u016bs\u0173 archyv\u0105","breadcrumb":{"@id":"https:\/\/jackpotlotteryonline.com\/lt\/laimeje-skaitmenys\/france-lotto-2\/#breadcrumb"},"inLanguage":"lt-LT","potentialAction":[{"@type":"ReadAction","target":["https:\/\/jackpotlotteryonline.com\/lt\/laimeje-skaitmenys\/france-lotto-2\/"]}]},{"@type":"ImageObject","inLanguage":"lt-LT","@id":"https:\/\/jackpotlotteryonline.com\/lt\/laimeje-skaitmenys\/france-lotto-2\/#primaryimage","url":"https:\/\/jackpotlotteryonline.com\/wp-content\/uploads\/2022\/11\/rf_results_page-300x225.jpg","contentUrl":"https:\/\/jackpotlotteryonline.com\/wp-content\/uploads\/2022\/11\/rf_results_page-300x225.jpg"},{"@type":"BreadcrumbList","@id":"https:\/\/jackpotlotteryonline.com\/lt\/laimeje-skaitmenys\/france-lotto-2\/#breadcrumb","itemListElement":[{"@type":"ListItem","position":1,"name":"Home","item":"https:\/\/jackpotlotteryonline.com\/lt\/"},{"@type":"ListItem","position":2,"name":"Loterijos rezultatai","item":"https:\/\/jackpotlotteryonline.com\/lt\/laimeje-skaitmenys\/"},{"@type":"ListItem","position":3,"name":"Pranc\u016bzija Lotto atkreipti rezultatai"}]},{"@type":"WebSite","@id":"https:\/\/jackpotlotteryonline.com\/#website","url":"https:\/\/jackpotlotteryonline.com\/","name":"Lotto Online - Crack The International Lottery Jackpots","description":"","potentialAction":[{"@type":"SearchAction","target":{"@type":"EntryPoint","urlTemplate":"https:\/\/jackpotlotteryonline.com\/?s={search_term_string}"},"query-input":"required name=search_term_string"}],"inLanguage":"lt-LT"}]}},"_links":{"self":[{"href":"https:\/\/jackpotlotteryonline.com\/lt\/wp-json\/wp\/v2\/pages\/40945","targetHints":{"allow":["GET"]}}],"collection":[{"href":"https:\/\/jackpotlotteryonline.com\/lt\/wp-json\/wp\/v2\/pages"}],"about":[{"href":"https:\/\/jackpotlotteryonline.com\/lt\/wp-json\/wp\/v2\/types\/page"}],"author":[{"embeddable":true,"href":"https:\/\/jackpotlotteryonline.com\/lt\/wp-json\/wp\/v2\/users\/1"}],"replies":[{"embeddable":true,"href":"https:\/\/jackpotlotteryonline.com\/lt\/wp-json\/wp\/v2\/comments?post=40945"}],"version-history":[{"count":0,"href":"https:\/\/jackpotlotteryonline.com\/lt\/wp-json\/wp\/v2\/pages\/40945\/revisions"}],"up":[{"embeddable":true,"href":"https:\/\/jackpotlotteryonline.com\/lt\/wp-json\/wp\/v2\/pages\/35842"}],"wp:attachment":[{"href":"https:\/\/jackpotlotteryonline.com\/lt\/wp-json\/wp\/v2\/media?parent=40945"}],"curies":[{"name":"wp","href":"https:\/\/api.w.org\/{rel}","templated":true}]}}