{"id":41000,"date":"2022-12-07T12:31:59","date_gmt":"2022-12-07T12:31:59","guid":{"rendered":"https:\/\/jackpotlotteryonline.com\/?page_id=41000"},"modified":"2023-01-03T09:21:42","modified_gmt":"2023-01-03T09:21:42","slug":"uk-lottery","status":"publish","type":"page","link":"https:\/\/jackpotlotteryonline.com\/lt\/kaip-zaisti\/uk-lottery\/","title":{"rendered":"\u017daisti JK loterijos i\u0161 bet kur"},"content":{"rendered":"<p>JK loterija &#8211; tai loterijos \u017eaidimas, kuris \u017eaid\u017eiamas Jungtin\u0117je Karalyst\u0117je. \u0160ioje \u0161alyje vyksta daug loterijos \u017eaidim\u0173, \u012fskaitant \u017eaidim\u0105 &#8220;Set for Life&#8221;, kuris yra anuitetas. Ta\u010diau \u010dia kalbame ne apie \u017eaidim\u0105 &#8220;Set for Life&#8221;. Tai \u017eaidimas, kur\u012f \u017eaid\u0117jai \u017eaid\u017eia savo malonumui, o dabar \u0161\u012f \u017eaidim\u0105 galite \u017eaisti internetu. Nors yra \u017einoma, kad kartkart\u0117mis jo d\u0117ka atsiranda milijonieri\u0173, i\u0161mokos n\u0117ra labai dosnios. Da\u017eniausiai tod\u0117l, kad i\u0161mokos priklauso nuo loterijos fondo.<\/p>\n<p>\u0160i\u0105 ir kitas populiariausias tarptautines loterijas galite \u017eaisti internetu m\u016bs\u0173 svetain\u0117je. Tiesiog apsilankykite jackpotlotlotteryonline.com ir u\u017esiregistruokite pas mus, kad tur\u0117tum\u0117te galimyb\u0119 laim\u0117ti daug.<\/p>\n<h2>Kaip \u017eaisti JK loterij\u0105<\/h2>\n<p><img loading=\"lazy\" decoding=\"async\" class=\"alignright size-full wp-image-31370\" src=\"http:\/\/jackpotlotteryonline.com\/wp-content\/uploads\/2022\/11\/lotteryticket.jpg\" alt=\"\u017daiskite JK loterij\u0105\" width=\"212\" height=\"142\" \/>\u0160is \u017eaidimas labai pana\u0161us \u012f kitus loterijos \u017eaidimus. \u017daidimo taisykl\u0117se numatyta, kad \u017eaid\u0117jas turi i\u0161rinkti 6 skai\u010dius i\u0161 1-49 skai\u010di\u0173. Be to, yra papildomas skai\u010dius, kuris renkamas traukimo metu. Pagal j\u012f nustatomi kit\u0173 kategorij\u0173 priz\u0173 laim\u0117tojai. Premijinis numeris burt\u0173 traukimo metu pasirenkamas atsitiktinai, o ne \u017eaid\u0117j\u0173.<\/p>\n<p>Ties\u0105 sakant, nesame Jungtin\u0117s Karalyst\u0117s loterijos gerb\u0117jai d\u0117l ma\u017e\u0173 i\u0161mok\u0173. Net jei atitiksite i\u0161trauktus skai\u010dius, negalime garantuoti, k\u0105 parsive\u0161ite namo.<\/p>\n<p>Kod\u0117l gi neapsilankius m\u016bs\u0173 svetain\u0117je ir ne\u017eaidus kit\u0173 loterij\u0173 \u017eaidim\u0173, pavyzd\u017eiui, JAV &#8220;Powerball&#8221; ir &#8220;Mega Millions&#8221;. \u0160iose loterijose ma\u017eiausias laim\u0117jimas yra 40 mln. doleri\u0173. Yra ir kit\u0173 Europos loterij\u0173, kurias galite \u017eaisti, pavyzd\u017eiui, &#8220;Euromillions&#8221; ir &#8220;Eurojackpot&#8221;. Svajojame, kad m\u016bs\u0173 klientai laim\u0117t\u0173 daug.<\/p>\n<h2>Kaip dalyvauti JK loterijoje internetu<\/h2>\n<p>\u017daidimas internetu \u0161iek tiek skiriasi nuo \u017eaidimo per fizin\u012f pardav\u0117j\u0105. \u0160is skirtumas n\u0117ra blogas dalykas. Ties\u0105 sakant, d\u0117l jo \u017eaisti loterijoje itin patogu. Atlikite \u0161iuos veiksmus, kad gal\u0117tum\u0117te \u017eaisti JK loterij\u0105 m\u016bs\u0173 svetain\u0117je.<\/p>\n<ol>\n<li>Apsilankykite JK loterijos puslapyje<\/li>\n<li>Pasirinkite 6 numerius i\u0161 intervalo nuo 1 iki 49 (jei ne\u017einote, kokius skai\u010dius naudoti, i\u0161bandykite automatin\u012f skai\u010di\u0173 generatori\u0173).<\/li>\n<li><a href=\"https:\/\/jackpotlotteryonline.com\/lt\/pirkti-bilietus\/uk-lottery\">\u012esigykite papildom\u0173 skai\u010di\u0173 eilu\u010di\u0173<\/a>, kad tur\u0117tum\u0117te didesn\u0119 tikimyb\u0119 laim\u0117ti<\/li>\n<li>Dalyvaukite traukimuose (galite dalyvauti daugiau nei viename traukime)<\/li>\n<li>U\u017esiregistruokite ir sumok\u0117kite u\u017e savo \u012fra\u0161us.<\/li>\n<\/ol>\n<section class=\"layout\" style=\"border: solid 1px; width: 100%;\">\n<div class=\"img-div\" style=\"margin-top: 5px;\"><img decoding=\"async\" class=\"wp-image-17212 alignleft\" style=\"height: 45px; margin: 8px 8px 0px;\" src=\"http:\/\/jackpotlotteryonline.com\/wp-content\/uploads\/2022\/11\/read1.jpg\" alt=\"skaityti\" width=\"\" height=\"\" \/><\/div>\n<div style=\"padding-left: 5px;\">\n<div style=\"font-size: 1.1em;\">\n<p><strong>Loterij\u0173 patarimai<\/strong><\/p>\n<p style=\"font-size: 0.85em; margin-top: -1.5em;\">Patarimai, kurie padeda laim\u0117ti loterijoje\u00a0<a href=\"https:\/\/jackpotlotteryonline.com\/lt\/patarimai-kurie-padeda-laimeti-loterijoje\"> skaityti daugiau<\/a><\/p>\n<\/div>\n<\/div>\n<\/section>\n<h2>Loterijos pie\u0161ini\u0173 tikrinimas<\/h2>\n<p><a href=\"https:\/\/jackpotlotteryonline.com\/lt\/laimeje-skaitmenys\/uk-lottery\">Jungtin\u0117s Karalyst\u0117s loterijoje yra dvi traukimo dienos per savait\u0119<\/a> &#8211; tre\u010diadienis ir \u0161e\u0161tadienis. Galite dalyvauti keliuose traukimuose, kad padidintum\u0117te savo galimybes laim\u0117ti JK loterijoje. Be to, naudodamiesi m\u016bs\u0173 prenumeratos paslauga, galite lengvai patekti \u012f burtus prie\u0161 kelias savaites.<\/p>\n<p>Laimingasis bilietas skelbiamas per traukimus. Nor\u0117dami laim\u0117ti pagrindin\u012f priz\u0105, tiesiog sutapkite su 6 i\u0161trauktais skai\u010diais. JK loterijos pagrindinio prizo dydis prasideda nuo 2 mln. svar\u0173 sterling\u0173 ir gali b\u016bti prat\u0119siamas, jei po burt\u0173 traukimo n\u0117ra laim\u0117tojo. Kadangi po kiekvieno tira\u017eo (jei n\u0117ra laim\u0117tojo) jis persikelia, gali b\u016bti \u0161iek tiek didesnis nei 2 mln. svar\u0173 sterling\u0173.<\/p>\n<p>Po kiekvieno traukimo galite gr\u012f\u017eti \u012f m\u016bs\u0173 svetain\u0119 ir su\u017einoti, ar laim\u0117jote priz\u0105. JK loterijoje yra 6 skirtingos priz\u0173 kategorijos, o jei laim\u0117site kur\u012f nors priz\u0105, atsi\u0173sime jums \u012fsp\u0117jam\u0105j\u012f el. lai\u0161k\u0105.<\/p>\n<h2>Kas yra prenumeratos paslauga?<\/h2>\n<p><img loading=\"lazy\" decoding=\"async\" class=\"alignright wp-image-28427\" src=\"http:\/\/jackpotlotteryonline.com\/wp-content\/uploads\/2022\/11\/1_mega_win-300x279.jpg\" alt=\"laim\u0117kite JK loterij\u0105\" width=\"237\" height=\"220\" srcset=\"https:\/\/jackpotlotteryonline.com\/wp-content\/uploads\/2022\/11\/1_mega_win-300x279.jpg 300w, https:\/\/jackpotlotteryonline.com\/wp-content\/uploads\/2022\/11\/1_mega_win.jpg 320w\" sizes=\"auto, (max-width: 237px) 100vw, 237px\" \/>Jei naudojat\u0117s tokia svetaine kaip m\u016bs\u0173, yra vadinamoji prenumeratos paslauga, kad \u017eaid\u0117jai gal\u0117t\u0173 \u017eaisti skland\u017eiai ir be streso. Nors visi\u0161kai gerai b\u016bti vienkartiniu \u017eaid\u0117ju (jei to pageidaujate), dauguma \u017eaid\u0117j\u0173 \u017eaid\u017eia da\u017enai. Geriausias b\u016bdas \u017eaisti ir laim\u0117ti JK loterijoje &#8211; \u017eaisti reguliariai, o tam ir skirta \u0161i paslauga.<\/p>\n<p>Galite nustatyti, kad b\u016bsimuose tira\u017euose b\u016btum\u0117te automati\u0161kai \u012ftraukiami \u012f s\u0105ra\u0161\u0105. JK loterijoje vyksta 2 savaitiniai traukimai: Tre\u010diadieniais ir \u0161e\u0161tadieniais. B\u016bkime atviri, gali \u0161iek tiek varginti bandymas nepamir\u0161ti \u017eaisti ir dalyvauti kiekviename lo\u0161ime, bet tam mes ir esame \u010dia.<\/p>\n<p>Nustat\u0119 prenumeratos paslaug\u0105, galite atsipalaiduoti ir \u017einoti, kad nepraleisite n\u0117 vieno JK loterijos traukimo.<\/p>\n<h2>Prizai<\/h2>\n<p>Min\u0117jome, kad \u0161ios loterijos prizai priklauso nuo loterijos fondo. Taigi galime pasidalyti tik konkretaus tira\u017eo prizais. Atkreipkite d\u0117mes\u012f, kad jei yra keli laim\u0117tojai, prizas jiems bus padalytas.<\/p>\n<p>1 skyrius: 6 rungtyn\u0117s &#8211; 2 000 000 svar\u0173 sterling\u0173 (pagrindinis prizas)<\/p>\n<p>2 skyrius: 5 rungtyn\u0117s + premija &#8211; 1 000 000 svar\u0173 sterling\u0173<\/p>\n<p>3 skyrius: 5 rungtyn\u0117s &#8211; 1 750 svar\u0173 sterling\u0173<\/p>\n<p>4 skyrius: 4 rungtyn\u0117s &#8211; 140 svar\u0173 sterling\u0173<\/p>\n<p>5 skyrius: 3 rungtyn\u0117s &#8211; 30 GBP<\/p>\n<p>6 skyrius: 2 rungtyn\u0117s &#8211; nemokamas loterijos laimingasis dipas<\/p>\n<p>Supraskite, kad net jei laim\u0117site \u0161iuos prizus, nurodyta suma n\u0117ra ta, kuri\u0105 gausite kaip i\u0161mok\u0105. Taip yra tod\u0117l, kad ma\u017edaug 45 % loterijos l\u0117\u0161\u0173 skiriama prizams. Taigi ji gali b\u016bti ma\u017eesn\u0117 arba didesn\u0117, priklausomai nuo fondo l\u0117\u0161\u0173.<\/p>\n<h2>Kaip atsiimti laim\u0117jim\u0105<\/h2>\n<p>Jei esate u\u017esiregistrav\u0119 pas mus, pareikalauti laim\u0117jimo yra paprasta ir paprasta. Jei j\u016bs\u0173 laim\u0117jimas yra 2500 eur\u0173 arba ma\u017eesnis, j\u012f galite gauti \u010dia, m\u016bs\u0173 svetain\u0117je. Taip yra tod\u0117l, kad loterijos bendrov\u0117 j\u012f perves tiesiai \u012f m\u016bs\u0173 svetain\u0119, o j\u016bs gal\u0117site j\u012f atsiimti \u012f savo s\u0105skait\u0105.<\/p>\n<p>Jei laim\u0117jimas didesnis nei 2500 \u20ac, tur\u0117site atsiimti laim\u0117jim\u0105 tiesiogiai i\u0161 loterijos bendrov\u0117s. Mes jums pad\u0117sime tai padaryti ir pateiksime ie\u0161kinio form\u0105, kuri\u0105 tur\u0117site u\u017epildyti, tod\u0117l joki\u0173 r\u016bpes\u010di\u0173.<\/p>\n<p><strong>Loterijos bendrov\u0117 turi kelet\u0105 taisykli\u0173, susijusi\u0173 su laim\u0117jim\u0173 atsi\u0117mimu.<\/strong><\/p>\n<ul>\n<li>Norint \u017eaisti loterijoje, turite b\u016bti vyresnis nei 18 met\u0173<\/li>\n<li>Laim\u0117jim\u0173 reikia pareikalauti per 180 dien\u0173 nuo loterijos i\u0161traukimo. Vienintel\u0117 i\u0161imtis &#8211; jei proced\u016br\u0105 prad\u0117jote per 7 dienas.<\/li>\n<li>D\u0117l momentini\u0173 laim\u0117jim\u0173 \u017eaidim\u0173 reikia kreiptis per 180 dien\u0173, kai nusipirkote momentinio laim\u0117jimo \u017eaidim\u0105<\/li>\n<li>D\u0117l \u012fbr\u0117\u017eiam\u0173j\u0173 korteli\u0173 \u017eaidim\u0173 taip pat reikia kreiptis per 180 dien\u0173 nuo tada, kai nusipirkote \u012fbr\u0117\u017eiam\u0105j\u0105 kortel\u0119.<\/li>\n<\/ul>\n<h2>Apie m\u016bs\u0173 konsjer\u017eo paslaugas<\/h2>\n<p>Norime akimirk\u0105 paai\u0161kinti, k\u0105 darome ir kod\u0117l teikiame konsjer\u017eo paslaugas. Yra keletas internetini\u0173 loterij\u0173 svetaini\u0173, kurios tvirtina, kad suteikia \u017eaid\u0117jams \u012fra\u0161us \u012f pasaulines loterijas. Ta\u010diau i\u0161 tikr\u0173j\u0173 jos tik leid\u017eia la\u017eintis d\u0117l rezultat\u0173. Mes to nedarome. Mes suteikiame \u017eaid\u0117jams galimyb\u0119 \u017eaisti geriausiose tarptautin\u0117se loterijose.<\/p>\n<p>Kai \u017eaid\u017eiate JK loterij\u0105 m\u016bs\u0173 svetain\u0117je, vyksta \u0161tai kas. Kai pasirinksite savo numerius ir atliksite mok\u0117jim\u0105, m\u016bs\u0173 agentas JAV nupirks fizin\u012f biliet\u0105 su j\u016bs\u0173 numeriais. \u017dinoma, jis bus skirtas j\u016bs\u0173 pasirinktam tira\u017eui. Tada \u0161is bilietas bus nuskenuotas ir \u012fkeltas \u012f j\u016bs\u0173 paskyr\u0105.<\/p>\n<p>Tai visi\u0161kai legalus b\u016bdas \u017eaisti JK loterij\u0105 internetu i\u0161 bet kurios pasaulio vietos. Be to, taip u\u017etikrinama, kad tikrai dalyvausite pasirinktoje loterijoje. Be to, burt\u0173 traukimo rezultatus skelbiame \u010dia, savo svetain\u0117je, ir informuojame jus, jei laim\u0117jote. Esame konsjer\u017eo tarnyba, nes u\u017e jus sutvarkome visas \u012fkyrias smulkmenas, kad gal\u0117tum\u0117te m\u0117gautis savo loterijos patirtimi.<\/p>\n<h2>U\u017esiregistruokite pas mus ir \u017eaiskite geriausias tarptautines loterijas internetu<\/h2>\n<p>Jungtin\u0117je Karalyst\u0117je yra daug loterij\u0173, kurias galite \u017eaisti internetu. Jei norite i\u0161bandyti loterij\u0105, galite tai padaryti. Ta\u010diau jei jums reikia platesnio pasirinkimo, kod\u0117l nei\u0161band\u017eius loterijos &#8220;Set for Life&#8221;, kuri yra anuitetas? Arba galite \u017eaisti Eurojackpot loterij\u0105 ir Euromillions. Visas \u0161ias loterijas galite rasti internete \u010dia, m\u016bs\u0173 svetain\u0117je. Taigi u\u017esiregistruokite dabar ir tur\u0117kite galimyb\u0119 laim\u0117ti daug.<\/p>\n","protected":false},"excerpt":{"rendered":"<p>JK loterija &#8211; tai loterijos \u017eaidimas, kuris \u017eaid\u017eiamas Jungtin\u0117je Karalyst\u0117je. \u0160ioje \u0161alyje vyksta daug loterijos \u017eaidim\u0173, \u012fskaitant \u017eaidim\u0105 &#8220;Set for Life&#8221;, kuris yra anuitetas. Ta\u010diau \u010dia kalbame ne apie \u017eaidim\u0105 &#8220;Set for Life&#8221;. Tai \u017eaidimas, kur\u012f \u017eaid\u0117jai \u017eaid\u017eia savo malonumui, o dabar \u0161\u012f \u017eaidim\u0105 galite \u017eaisti internetu. Nors yra \u017einoma, kad kartkart\u0117mis jo d\u0117ka atsiranda [&hellip;]<\/p>\n","protected":false},"author":1,"featured_media":0,"parent":35707,"menu_order":10,"comment_status":"closed","ping_status":"closed","template":"lotto-uk.php","meta":{"_et_pb_use_builder":"","_et_pb_old_content":"","_et_gb_content_width":"","exclude_from_search":false,"footnotes":""},"class_list":["post-41000","page","type-page","status-publish","hentry"],"yoast_head":"<!-- This site is optimized with the Yoast SEO plugin v23.3 - https:\/\/yoast.com\/wordpress\/plugins\/seo\/ -->\n<title>\u017daiskite JK loterij\u0105 internetu, net jei negyvenate Jungtin\u0117je Karalyst\u0117je<\/title>\n<meta name=\"description\" content=\"Norite \u017eaisti JK loterij\u0105, bet esate ne Jungtin\u0117je Karalyst\u0117je? Ne b\u0117da, galite naudotis m\u016bs\u0173 internetine paslauga ir \u017eaisti \u0161i\u0105 loterij\u0105 i\u0161 bet kurios vietos\" \/>\n<meta name=\"robots\" content=\"index, follow, max-snippet:-1, max-image-preview:large, max-video-preview:-1\" \/>\n<link rel=\"canonical\" href=\"https:\/\/jackpotlotteryonline.com\/lt\/kaip-zaisti\/uk-lottery\/\" \/>\n<meta property=\"og:locale\" content=\"lt_LT\" \/>\n<meta property=\"og:type\" content=\"article\" \/>\n<meta property=\"og:title\" content=\"\u017daiskite JK loterij\u0105 internetu, net jei negyvenate Jungtin\u0117je Karalyst\u0117je\" \/>\n<meta property=\"og:description\" content=\"Norite \u017eaisti JK loterij\u0105, bet esate ne Jungtin\u0117je Karalyst\u0117je? Ne b\u0117da, galite naudotis m\u016bs\u0173 internetine paslauga ir \u017eaisti \u0161i\u0105 loterij\u0105 i\u0161 bet kurios vietos\" \/>\n<meta property=\"og:url\" content=\"https:\/\/jackpotlotteryonline.com\/lt\/kaip-zaisti\/uk-lottery\/\" \/>\n<meta property=\"og:site_name\" content=\"Lotto Online - Crack The International Lottery Jackpots\" \/>\n<meta property=\"article:modified_time\" content=\"2023-01-03T09:21:42+00:00\" \/>\n<meta property=\"og:image\" content=\"http:\/\/jackpotlotteryonline.com\/wp-content\/uploads\/2022\/11\/lotteryticket.jpg\" \/>\n<meta name=\"twitter:card\" content=\"summary_large_image\" \/>\n<meta name=\"twitter:label1\" content=\"Est. reading time\" \/>\n\t<meta name=\"twitter:data1\" content=\"5 minut\u0117s\" \/>\n<!-- \/ Yoast SEO plugin. -->","yoast_head_json":{"title":"\u017daiskite JK loterij\u0105 internetu, net jei negyvenate Jungtin\u0117je Karalyst\u0117je","description":"Norite \u017eaisti JK loterij\u0105, bet esate ne Jungtin\u0117je Karalyst\u0117je? Ne b\u0117da, galite naudotis m\u016bs\u0173 internetine paslauga ir \u017eaisti \u0161i\u0105 loterij\u0105 i\u0161 bet kurios vietos","robots":{"index":"index","follow":"follow","max-snippet":"max-snippet:-1","max-image-preview":"max-image-preview:large","max-video-preview":"max-video-preview:-1"},"canonical":"https:\/\/jackpotlotteryonline.com\/lt\/kaip-zaisti\/uk-lottery\/","og_locale":"lt_LT","og_type":"article","og_title":"\u017daiskite JK loterij\u0105 internetu, net jei negyvenate Jungtin\u0117je Karalyst\u0117je","og_description":"Norite \u017eaisti JK loterij\u0105, bet esate ne Jungtin\u0117je Karalyst\u0117je? Ne b\u0117da, galite naudotis m\u016bs\u0173 internetine paslauga ir \u017eaisti \u0161i\u0105 loterij\u0105 i\u0161 bet kurios vietos","og_url":"https:\/\/jackpotlotteryonline.com\/lt\/kaip-zaisti\/uk-lottery\/","og_site_name":"Lotto Online - Crack The International Lottery Jackpots","article_modified_time":"2023-01-03T09:21:42+00:00","og_image":[{"url":"http:\/\/jackpotlotteryonline.com\/wp-content\/uploads\/2022\/11\/lotteryticket.jpg"}],"twitter_card":"summary_large_image","twitter_misc":{"Est. reading time":"5 minut\u0117s"},"schema":{"@context":"https:\/\/schema.org","@graph":[{"@type":"WebPage","@id":"https:\/\/jackpotlotteryonline.com\/lt\/kaip-zaisti\/uk-lottery\/","url":"https:\/\/jackpotlotteryonline.com\/lt\/kaip-zaisti\/uk-lottery\/","name":"\u017daiskite JK loterij\u0105 internetu, net jei negyvenate Jungtin\u0117je Karalyst\u0117je","isPartOf":{"@id":"https:\/\/jackpotlotteryonline.com\/#website"},"primaryImageOfPage":{"@id":"https:\/\/jackpotlotteryonline.com\/lt\/kaip-zaisti\/uk-lottery\/#primaryimage"},"image":{"@id":"https:\/\/jackpotlotteryonline.com\/lt\/kaip-zaisti\/uk-lottery\/#primaryimage"},"thumbnailUrl":"http:\/\/jackpotlotteryonline.com\/wp-content\/uploads\/2022\/11\/lotteryticket.jpg","datePublished":"2022-12-07T12:31:59+00:00","dateModified":"2023-01-03T09:21:42+00:00","description":"Norite \u017eaisti JK loterij\u0105, bet esate ne Jungtin\u0117je Karalyst\u0117je? Ne b\u0117da, galite naudotis m\u016bs\u0173 internetine paslauga ir \u017eaisti \u0161i\u0105 loterij\u0105 i\u0161 bet kurios vietos","breadcrumb":{"@id":"https:\/\/jackpotlotteryonline.com\/lt\/kaip-zaisti\/uk-lottery\/#breadcrumb"},"inLanguage":"lt-LT","potentialAction":[{"@type":"ReadAction","target":["https:\/\/jackpotlotteryonline.com\/lt\/kaip-zaisti\/uk-lottery\/"]}]},{"@type":"ImageObject","inLanguage":"lt-LT","@id":"https:\/\/jackpotlotteryonline.com\/lt\/kaip-zaisti\/uk-lottery\/#primaryimage","url":"http:\/\/jackpotlotteryonline.com\/wp-content\/uploads\/2022\/11\/lotteryticket.jpg","contentUrl":"http:\/\/jackpotlotteryonline.com\/wp-content\/uploads\/2022\/11\/lotteryticket.jpg"},{"@type":"BreadcrumbList","@id":"https:\/\/jackpotlotteryonline.com\/lt\/kaip-zaisti\/uk-lottery\/#breadcrumb","itemListElement":[{"@type":"ListItem","position":1,"name":"Home","item":"https:\/\/jackpotlotteryonline.com\/lt\/"},{"@type":"ListItem","position":2,"name":"Kaip \u017eaisti","item":"https:\/\/jackpotlotteryonline.com\/lt\/kaip-zaisti\/"},{"@type":"ListItem","position":3,"name":"\u017daisti JK loterijos i\u0161 bet kur"}]},{"@type":"WebSite","@id":"https:\/\/jackpotlotteryonline.com\/#website","url":"https:\/\/jackpotlotteryonline.com\/","name":"Lotto Online - Crack The International Lottery Jackpots","description":"","potentialAction":[{"@type":"SearchAction","target":{"@type":"EntryPoint","urlTemplate":"https:\/\/jackpotlotteryonline.com\/?s={search_term_string}"},"query-input":"required name=search_term_string"}],"inLanguage":"lt-LT"}]}},"_links":{"self":[{"href":"https:\/\/jackpotlotteryonline.com\/lt\/wp-json\/wp\/v2\/pages\/41000","targetHints":{"allow":["GET"]}}],"collection":[{"href":"https:\/\/jackpotlotteryonline.com\/lt\/wp-json\/wp\/v2\/pages"}],"about":[{"href":"https:\/\/jackpotlotteryonline.com\/lt\/wp-json\/wp\/v2\/types\/page"}],"author":[{"embeddable":true,"href":"https:\/\/jackpotlotteryonline.com\/lt\/wp-json\/wp\/v2\/users\/1"}],"replies":[{"embeddable":true,"href":"https:\/\/jackpotlotteryonline.com\/lt\/wp-json\/wp\/v2\/comments?post=41000"}],"version-history":[{"count":0,"href":"https:\/\/jackpotlotteryonline.com\/lt\/wp-json\/wp\/v2\/pages\/41000\/revisions"}],"up":[{"embeddable":true,"href":"https:\/\/jackpotlotteryonline.com\/lt\/wp-json\/wp\/v2\/pages\/35707"}],"wp:attachment":[{"href":"https:\/\/jackpotlotteryonline.com\/lt\/wp-json\/wp\/v2\/media?parent=41000"}],"curies":[{"name":"wp","href":"https:\/\/api.w.org\/{rel}","templated":true}]}}