{"id":41053,"date":"2022-12-08T07:17:35","date_gmt":"2022-12-08T07:17:35","guid":{"rendered":"https:\/\/jackpotlotteryonline.com\/?page_id=41053"},"modified":"2022-12-31T14:07:21","modified_gmt":"2022-12-31T14:07:21","slug":"thunderball","status":"publish","type":"page","link":"https:\/\/jackpotlotteryonline.com\/lt\/kaip-zaisti\/thunderball\/","title":{"rendered":"&#8220;Thunderball&#8221; internetu &#8211; \u017eaisti \u0161i\u0105 JK loterij\u0105 i\u0161 bet kur"},"content":{"rendered":"<p>JK &#8220;Thunderball&#8221; egzistuoja jau gana seniai. Ne tokia sena kaip kai kurios kitos Europos loterijos (pvz., La Primitiva), nes pirmasis jos traukimas \u012fvyko 1999 m. Ta\u010diau per t\u0105 laik\u0105 &#8220;Thunderball&#8221; pakeit\u0117 ir toliau kei\u010dia daugelio \u017emoni\u0173 gyvenimus. Penki\u0173 \u0161imt\u0173 t\u016bkstan\u010di\u0173 svar\u0173 sterling\u0173 pagrindinis prizas neatrodo didelis, ta\u010diau tai suma, kuri kei\u010dia gyvenim\u0105. Su tuo sutinka ir Jungtin\u0117s Karalyst\u0117s lo\u0161\u0117jai, nes keli \u017eaid\u0117jai perka &#8220;Thunderball&#8221; lo\u0161im\u0173 bilietus.<\/p>\n<p>Jei \u017eaid\u017eiate ne Jungtin\u0117je Karalyst\u0117je, &#8220;Thunderball&#8221; galite \u017eaisti ir internetu. Galite <a href=\"https:\/\/jackpotlotteryonline.com\/lt\/pirkti-bilietus\/thunderball\">pirkti bilietus<\/a>, <a href=\"https:\/\/jackpotlotteryonline.com\/lt\/laimeje-skaitmenys\/thunderball\">tikrinti burt\u0173 rezultatus<\/a> ir atsiimti laim\u0117jimus &#8211; visa tai galite daryti patogiai \u012fsitais\u0119 prie savo kompiuterio ar mobiliojo \u012frenginio. Skaitykite toliau ir su\u017einokite, kaip \u017eaisti &#8220;Thunderball&#8221; internetu.<\/p>\n<h2>Thunderball laim\u0117tojai<\/h2>\n<p><img loading=\"lazy\" decoding=\"async\" class=\"alignright size-full wp-image-31370\" src=\"http:\/\/jackpotlotteryonline.com\/wp-content\/uploads\/2022\/11\/lotteryticket.jpg\" alt=\"\u017daiskite \" width=\"212\" height=\"142\" \/>Jei yra loterija, kurioje per pastaruosius kelis de\u0161imtme\u010dius i\u0161lo\u0161\u0117 ne vienas laim\u0117tojas, tai yra &#8220;Thunderball&#8221;. \u0160i JK loterija peln\u0117 reputacij\u0105 kaip kei\u010dianti gyvenimus, nes i\u0161 jos i\u0161lo\u0161\u0117 daug laim\u0117toj\u0173. Yra istorija apie Knowles\u0173 \u0161eim\u0105, kuri \u017eaid\u0117 daugel\u012f met\u0173 ir t\u0119s\u0117 \u017eaidim\u0105 net po to, kai mir\u0117 j\u0173 mama. Laim\u0117jimas jiems buvo gana ypatingas.<\/p>\n<p>Karen ir Davidas Aingeriai &#8211; tai pora, laim\u0117jusi gyvenim\u0105 pakeitus\u012f &#8220;Thunderball&#8221; aukso puod\u0105. Jie teig\u0117, kad \u0161is laim\u0117jimas bus skirtas j\u0173 pensijai. Kita &#8220;Thunderball&#8221; laim\u0117jusi pora buvo Alfas ir Rita Boormanai. J\u0173 laim\u0117jimas buvo gana \u012fdomus, nes prie\u0161 30 met\u0173 Alf&#8217;o t\u0117tis taip pat buvo laim\u0117j\u0119s. Kalbame apie kart\u0173 laim\u0117jim\u0105.<\/p>\n<h2>Kaip \u017eaisti &#8220;Thunderball&#8221; internete<\/h2>\n<p>\u017daisti &#8220;Thunderball&#8221; yra smagu, o jei esate patyr\u0119s \u017eaid\u0117jas, tik\u0117tina, kad jau \u017einote, k\u0105 daryti. \u017daid\u0117jai turi pasirinkti 5 skai\u010dius i\u0161 intervalo nuo 1 iki 39 ir special\u0173 skai\u010di\u0173 nuo 1 iki 14. Specialusis skai\u010dius vadinamas &#8220;Thunderball&#8221;.<\/p>\n<p>Jei \u017eaid\u017eiate &#8220;Thunderball&#8221; internetu, galite naudoti skai\u010di\u0173 generatori\u0173, kad i\u0161trauktum\u0117te atsitiktinius skai\u010dius. Tai tarsi &#8220;laimingasis dipas&#8221; tiems, kurie yra priprat\u0119 prie fizini\u0173 biliet\u0173. Galite pasirinkti kelias linijas ir kelis bilietus, kad padidintum\u0117te savo galimybes laim\u0117ti &#8220;Thunderball&#8221;. Kitas \u017eingsnis &#8211; dalyvauti burt\u0173 traukime, o tai ir yra geriausia dalis.<\/p>\n<p>Kiekvien\u0105 savait\u0119 vyksta keturi &#8220;Thunderball&#8221; lo\u0161imai. Tai rei\u0161kia, kad tikimyb\u0117 laim\u0117ti &#8220;Thunderball&#8221; aukso puod\u0105 yra keturis kartus didesn\u0117. Galite dalyvauti viename tira\u017ee, ta\u010diau tikriausiai geriausia dalyvauti keliuose tira\u017euose, kad tur\u0117tum\u0117te daug didesn\u0119 tikimyb\u0119 laim\u0117ti. Kai \u017eaisite su mumis, papra\u0161ysime j\u016bs\u0173 u\u017esiregistruoti. Taip padarysime tam, kad gal\u0117tume jus \u012fsp\u0117ti, kai laim\u0117site priz\u0105.<\/p>\n<section class=\"layout\" style=\"border: solid 1px; width: 100%;\">\n<div class=\"img-div\" style=\"margin-top: 5px;\"><img decoding=\"async\" class=\"wp-image-17212 alignleft\" style=\"height: 45px; margin: 8px 8px 0px;\" src=\"http:\/\/jackpotlotteryonline.com\/wp-content\/uploads\/2022\/11\/read1.jpg\" alt=\"Skaityti \" width=\"\" height=\"\" \/><\/div>\n<div style=\"padding-left: 5px;\">\n<div style=\"font-size: 1.1em;\">\n<p><strong>Ar teis\u0117ta \u017eaisti kit\u0173 \u0161ali\u0173 loterijas internete?<\/strong><\/p>\n<p style=\"font-size: 0.85em; margin-top: -1.5em;\">Ar teis\u0117ta gauti loterijos biliet\u0105 internetu ir ar i\u0161 tikr\u0173j\u0173 gausiu pinigus? <a href=\"https:\/\/jackpotlotteryonline.com\/lt\/ar-teiseta-zaisti-loterijas-is-kitu-saliu-internete\"> skaityti daugiau<\/a><\/p>\n<\/div>\n<\/div>\n<\/section>\n<h2>K\u0105 daryti, kai laimite<\/h2>\n<p>Jei laim\u0117site priz\u0105, i\u0161si\u0173sime jums el. lai\u0161k\u0105 ir informuosime. M\u016bs\u0173 platformoje taip pat bus \u012fsp\u0117jimas, kad kit\u0105 kart\u0105 prisijung\u0119 gal\u0117tum\u0117te gauti prane\u0161im\u0105. Ta\u010diau tai taip pat neapsiriboja vien tuo.<\/p>\n<p>Jei j\u016bs\u0173 prizas yra ma\u017eesnis nei 2500 eur\u0173, tuomet galite j\u012f lengvai tiesiog atsiimti tiesiai i\u0161 m\u016bs\u0173 platformos. Nereikia joki\u0173 protokol\u0173 ar nereikaling\u0173 proced\u016br\u0173 &#8211; tiesiog atsiimkite pinigus. Jei suma didesn\u0117 nei 2500 \u20ac, jums gali tekti u\u017epildyti parai\u0161kos form\u0105, kad loterijos bendrov\u0117 gal\u0117t\u0173 j\u0105 atsiimti. Ta\u010diau nesijaudinkite, mes pad\u0117sime ir \u0161iuo klausimu.<\/p>\n<h2>Prizai, kuriuos galite laim\u0117ti<\/h2>\n<p>K\u0105 konkre\u010diai galite laim\u0117ti \u017eaisdami loterijoje &#8220;Thunderball&#8221;? \u0160ioje JK &#8220;Thunderball&#8221; loterijoje yra kelios priz\u0173 kategorijos ir netgi prizas tik u\u017e &#8220;Thunderball&#8221; atitikim\u0105. Taigi tikimyb\u0117 k\u0105 nors laim\u0117ti yra gana didel\u0117. Toliau pateikiame JK &#8220;Thunderball&#8221; priz\u0173 kategorij\u0173 paskirstym\u0105 ir tikimyb\u0119 laim\u0117ti.<\/p>\n<p>1 kategorija: &#8220;Match 5 + Thunderball&#8221; &#8211; 1 i\u0161 8 060 598 &#8211; 500 000 svar\u0173 sterling\u0173<\/p>\n<p>2 kategorija: tik &#8220;Match 5&#8221; &#8211; 1 i\u0161 620 046 &#8211; 5000 svar\u0173 sterling\u0173<\/p>\n<p>3 kategorija: &#8220;Match 4 + Thunderball&#8221; &#8211; 1 i\u0161 47 416 &#8211; 250 svar\u0173 sterling\u0173<\/p>\n<p>4 kategorija: Tik 4 rungtyn\u0117s &#8211; 1 i\u0161 3 648 &#8211; 100 svar\u0173 sterling\u0173<\/p>\n<p>5 kategorija: &#8220;Match 3 + Thunderball&#8221; &#8211; 1 i\u0161 1437 &#8211; 20 svar\u0173 sterling\u0173<\/p>\n<p>6 kategorija: Tik 3 rungtyn\u0117s &#8211; 1 i\u0161 111 &#8211; 10 svar\u0173 sterling\u0173<\/p>\n<p>7 kategorija: &#8220;Match 2&#8221; + &#8220;Thunderball&#8221; &#8211; 1 i\u0161 135 &#8211; \u00a310<\/p>\n<p>8 kategorija: &#8220;Match 1 + Thunderball&#8221; &#8211; 1 i\u0161 35 &#8211; \u00a35<\/p>\n<p>9 kategorija: Rungtyn\u0117s &#8220;Thunderball&#8221; &#8211; 1 i\u0161 29 &#8211; \u00a33<\/p>\n<p>Su Thunderball kiekvienas ras k\u0105 nors sau ir nesvarbu, ar gyvenate Jungtin\u0117je Karalyst\u0117je, ar ne. Dabar galite \u017eaisti \u0161i\u0105 JK loterij\u0105 ir tur\u0117ti galimyb\u0119 laim\u0117ti, o \u017eaisdami su mumis galite lengvai atsiimti laim\u0117jimus.<\/p>\n<h2>Konsjer\u017eo svetain\u0117s privalumai<\/h2>\n<p><img loading=\"lazy\" decoding=\"async\" class=\"alignright size-full wp-image-28940\" src=\"http:\/\/jackpotlotteryonline.com\/wp-content\/uploads\/2022\/11\/1_pick_winning_numbers_lottery.jpg\" alt=\"nusipirkite \" width=\"300\" height=\"200\" \/>Nuostabus dalykas, susij\u0119s su konsjer\u017eo svetaine, yra tai, kad jums niekada nereik\u0117s galvoti, ar i\u0161 tikr\u0173j\u0173 patekote \u012f loterij\u0105. Tai tikra problema, nes daugyb\u0117 svetaini\u0173 i\u0161 tikr\u0173j\u0173 nesuteikia savo klientams prieigos prie loterijos. Jos tik leid\u017eia vartotojams la\u017eintis d\u0117l loterijos rezultat\u0173, o tai visai ne tas pats.<\/p>\n<p>Naudodamiesi jackpotlotlotteryonline.com, mes suteikiame savo vartotojams prieig\u0105 prie geriausi\u0173 tarptautini\u0173 loterij\u0173 visame pasaulyje. Taip yra tod\u0117l, kad valdome konsjer\u017eo svetain\u0119, kurioje turime agent\u0173 \u012fvairiose pasaulio dalyse. Kai i\u0161 m\u016bs\u0173 perkate loterijos bilietus, m\u016bs\u0173 agentas toje \u0161alyje nuperka fizin\u012f biliet\u0105 su atitinkamais skai\u010diais. Tada bilietas nuskenuojamas ir siun\u010diamas jums.<\/p>\n<p>Pirkdami &#8220;Thunderball&#8221; loterijos biliet\u0105 i\u0161 m\u016bs\u0173, esate u\u017etikrinti, kad jei atitiksite i\u0161trauktus skai\u010dius, laim\u0117site loterijoje. Tai taip paprasta, ta\u010diau b\u016btent d\u0117l to m\u016bs\u0173 klientai gali b\u016bti ram\u016bs \u017eaisdami loterij\u0105 internetu.<\/p>\n<h2>\u017daiskite JK &#8220;Thunderball&#8221; internetu<\/h2>\n<p>Jei nekantraujate \u017eaisti &#8220;Thunderball&#8221; loterij\u0105 ir gyvenate ne Jungtin\u0117je Karalyst\u0117je, jums pasisek\u0117. Apsilank\u0119 svetain\u0117je jackpotlotlotteryonline.com gausite prieig\u0105 prie geriausi\u0173 tarptautini\u0173 loterij\u0173, \u012fskaitant &#8220;Thunderball&#8221;. Esame konsjer\u017eo svetain\u0117, tod\u0117l \u017eaisdami su mumis gaunate tikr\u0105 pasi\u016blym\u0105.<\/p>\n<p>At\u0117jo laikas i\u0161bandyti galimyb\u0119 laim\u0117ti gyvenim\u0105 kei\u010diant\u012f priz\u0105 su &#8220;Thunderball&#8221;. \u017daiskite &#8220;Thunderball&#8221; internetu \u0161iandien ir tur\u0117kite galimyb\u0119 laim\u0117ti loterijoje.<\/p>\n","protected":false},"excerpt":{"rendered":"<p>JK &#8220;Thunderball&#8221; egzistuoja jau gana seniai. Ne tokia sena kaip kai kurios kitos Europos loterijos (pvz., La Primitiva), nes pirmasis jos traukimas \u012fvyko 1999 m. Ta\u010diau per t\u0105 laik\u0105 &#8220;Thunderball&#8221; pakeit\u0117 ir toliau kei\u010dia daugelio \u017emoni\u0173 gyvenimus. Penki\u0173 \u0161imt\u0173 t\u016bkstan\u010di\u0173 svar\u0173 sterling\u0173 pagrindinis prizas neatrodo didelis, ta\u010diau tai suma, kuri kei\u010dia gyvenim\u0105. Su tuo sutinka [&hellip;]<\/p>\n","protected":false},"author":1,"featured_media":0,"parent":35707,"menu_order":12,"comment_status":"closed","ping_status":"closed","template":"thunderball.php","meta":{"_et_pb_use_builder":"","_et_pb_old_content":"","_et_gb_content_width":"","exclude_from_search":false,"footnotes":""},"class_list":["post-41053","page","type-page","status-publish","hentry"],"yoast_head":"<!-- This site is optimized with the Yoast SEO plugin v23.3 - https:\/\/yoast.com\/wordpress\/plugins\/seo\/ -->\n<title>\u017daiskite JK &quot;Thunderball&quot; loterij\u0105 internetu, net ir b\u016bdami u\u017e JK rib\u0173<\/title>\n<meta name=\"description\" content=\"Loterijos gerb\u0117jai i\u0161 u\u017e JK rib\u0173 dabar gali \u017eaisti &quot;Thunderball&quot; internetu - gaukite bilietus internetu per m\u016bs\u0173 pasiuntini\u0173 tarnyb\u0105.\" \/>\n<meta name=\"robots\" content=\"index, follow, max-snippet:-1, max-image-preview:large, max-video-preview:-1\" \/>\n<link rel=\"canonical\" href=\"https:\/\/jackpotlotteryonline.com\/lt\/kaip-zaisti\/thunderball\/\" \/>\n<meta property=\"og:locale\" content=\"lt_LT\" \/>\n<meta property=\"og:type\" content=\"article\" \/>\n<meta property=\"og:title\" content=\"\u017daiskite JK &quot;Thunderball&quot; loterij\u0105 internetu, net ir b\u016bdami u\u017e JK rib\u0173\" \/>\n<meta property=\"og:description\" content=\"Loterijos gerb\u0117jai i\u0161 u\u017e JK rib\u0173 dabar gali \u017eaisti &quot;Thunderball&quot; internetu - gaukite bilietus internetu per m\u016bs\u0173 pasiuntini\u0173 tarnyb\u0105.\" \/>\n<meta property=\"og:url\" content=\"https:\/\/jackpotlotteryonline.com\/lt\/kaip-zaisti\/thunderball\/\" \/>\n<meta property=\"og:site_name\" content=\"Lotto Online - Crack The International Lottery Jackpots\" \/>\n<meta property=\"article:modified_time\" content=\"2022-12-31T14:07:21+00:00\" \/>\n<meta property=\"og:image\" content=\"http:\/\/jackpotlotteryonline.com\/wp-content\/uploads\/2022\/11\/lotteryticket.jpg\" \/>\n<meta name=\"twitter:card\" content=\"summary_large_image\" \/>\n<meta name=\"twitter:label1\" content=\"Est. reading time\" \/>\n\t<meta name=\"twitter:data1\" content=\"5 minut\u0117s\" \/>\n<!-- \/ Yoast SEO plugin. -->","yoast_head_json":{"title":"\u017daiskite JK \"Thunderball\" loterij\u0105 internetu, net ir b\u016bdami u\u017e JK rib\u0173","description":"Loterijos gerb\u0117jai i\u0161 u\u017e JK rib\u0173 dabar gali \u017eaisti \"Thunderball\" internetu - gaukite bilietus internetu per m\u016bs\u0173 pasiuntini\u0173 tarnyb\u0105.","robots":{"index":"index","follow":"follow","max-snippet":"max-snippet:-1","max-image-preview":"max-image-preview:large","max-video-preview":"max-video-preview:-1"},"canonical":"https:\/\/jackpotlotteryonline.com\/lt\/kaip-zaisti\/thunderball\/","og_locale":"lt_LT","og_type":"article","og_title":"\u017daiskite JK \"Thunderball\" loterij\u0105 internetu, net ir b\u016bdami u\u017e JK rib\u0173","og_description":"Loterijos gerb\u0117jai i\u0161 u\u017e JK rib\u0173 dabar gali \u017eaisti \"Thunderball\" internetu - gaukite bilietus internetu per m\u016bs\u0173 pasiuntini\u0173 tarnyb\u0105.","og_url":"https:\/\/jackpotlotteryonline.com\/lt\/kaip-zaisti\/thunderball\/","og_site_name":"Lotto Online - Crack The International Lottery Jackpots","article_modified_time":"2022-12-31T14:07:21+00:00","og_image":[{"url":"http:\/\/jackpotlotteryonline.com\/wp-content\/uploads\/2022\/11\/lotteryticket.jpg"}],"twitter_card":"summary_large_image","twitter_misc":{"Est. reading time":"5 minut\u0117s"},"schema":{"@context":"https:\/\/schema.org","@graph":[{"@type":"WebPage","@id":"https:\/\/jackpotlotteryonline.com\/lt\/kaip-zaisti\/thunderball\/","url":"https:\/\/jackpotlotteryonline.com\/lt\/kaip-zaisti\/thunderball\/","name":"\u017daiskite JK \"Thunderball\" loterij\u0105 internetu, net ir b\u016bdami u\u017e JK rib\u0173","isPartOf":{"@id":"https:\/\/jackpotlotteryonline.com\/#website"},"primaryImageOfPage":{"@id":"https:\/\/jackpotlotteryonline.com\/lt\/kaip-zaisti\/thunderball\/#primaryimage"},"image":{"@id":"https:\/\/jackpotlotteryonline.com\/lt\/kaip-zaisti\/thunderball\/#primaryimage"},"thumbnailUrl":"http:\/\/jackpotlotteryonline.com\/wp-content\/uploads\/2022\/11\/lotteryticket.jpg","datePublished":"2022-12-08T07:17:35+00:00","dateModified":"2022-12-31T14:07:21+00:00","description":"Loterijos gerb\u0117jai i\u0161 u\u017e JK rib\u0173 dabar gali \u017eaisti \"Thunderball\" internetu - gaukite bilietus internetu per m\u016bs\u0173 pasiuntini\u0173 tarnyb\u0105.","breadcrumb":{"@id":"https:\/\/jackpotlotteryonline.com\/lt\/kaip-zaisti\/thunderball\/#breadcrumb"},"inLanguage":"lt-LT","potentialAction":[{"@type":"ReadAction","target":["https:\/\/jackpotlotteryonline.com\/lt\/kaip-zaisti\/thunderball\/"]}]},{"@type":"ImageObject","inLanguage":"lt-LT","@id":"https:\/\/jackpotlotteryonline.com\/lt\/kaip-zaisti\/thunderball\/#primaryimage","url":"http:\/\/jackpotlotteryonline.com\/wp-content\/uploads\/2022\/11\/lotteryticket.jpg","contentUrl":"http:\/\/jackpotlotteryonline.com\/wp-content\/uploads\/2022\/11\/lotteryticket.jpg"},{"@type":"BreadcrumbList","@id":"https:\/\/jackpotlotteryonline.com\/lt\/kaip-zaisti\/thunderball\/#breadcrumb","itemListElement":[{"@type":"ListItem","position":1,"name":"Home","item":"https:\/\/jackpotlotteryonline.com\/lt\/"},{"@type":"ListItem","position":2,"name":"Kaip \u017eaisti","item":"https:\/\/jackpotlotteryonline.com\/lt\/kaip-zaisti\/"},{"@type":"ListItem","position":3,"name":"&#8222;Thunderball&#8221; internetu &#8211; \u017eaisti \u0161i\u0105 JK loterij\u0105 i\u0161 bet kur"}]},{"@type":"WebSite","@id":"https:\/\/jackpotlotteryonline.com\/#website","url":"https:\/\/jackpotlotteryonline.com\/","name":"Lotto Online - Crack The International Lottery Jackpots","description":"","potentialAction":[{"@type":"SearchAction","target":{"@type":"EntryPoint","urlTemplate":"https:\/\/jackpotlotteryonline.com\/?s={search_term_string}"},"query-input":"required name=search_term_string"}],"inLanguage":"lt-LT"}]}},"_links":{"self":[{"href":"https:\/\/jackpotlotteryonline.com\/lt\/wp-json\/wp\/v2\/pages\/41053","targetHints":{"allow":["GET"]}}],"collection":[{"href":"https:\/\/jackpotlotteryonline.com\/lt\/wp-json\/wp\/v2\/pages"}],"about":[{"href":"https:\/\/jackpotlotteryonline.com\/lt\/wp-json\/wp\/v2\/types\/page"}],"author":[{"embeddable":true,"href":"https:\/\/jackpotlotteryonline.com\/lt\/wp-json\/wp\/v2\/users\/1"}],"replies":[{"embeddable":true,"href":"https:\/\/jackpotlotteryonline.com\/lt\/wp-json\/wp\/v2\/comments?post=41053"}],"version-history":[{"count":0,"href":"https:\/\/jackpotlotteryonline.com\/lt\/wp-json\/wp\/v2\/pages\/41053\/revisions"}],"up":[{"embeddable":true,"href":"https:\/\/jackpotlotteryonline.com\/lt\/wp-json\/wp\/v2\/pages\/35707"}],"wp:attachment":[{"href":"https:\/\/jackpotlotteryonline.com\/lt\/wp-json\/wp\/v2\/media?parent=41053"}],"curies":[{"name":"wp","href":"https:\/\/api.w.org\/{rel}","templated":true}]}}