{"id":41105,"date":"2022-12-08T09:13:03","date_gmt":"2022-12-08T09:13:03","guid":{"rendered":"https:\/\/jackpotlotteryonline.com\/?page_id=41105"},"modified":"2022-12-29T09:13:10","modified_gmt":"2022-12-29T09:13:10","slug":"uk-lottery","status":"publish","type":"page","link":"https:\/\/jackpotlotteryonline.com\/lt\/laimeje-skaitmenys\/uk-lottery\/","title":{"rendered":"JK loterijos atkreipti rezultatai"},"content":{"rendered":"<p>JK loterija yra \u012fdomus \u017eaidimas, nes \u017eaid\u0117jai gali tapti milijonieriais. Nors ji populiari tarp Jungtin\u0117s Karalyst\u0117s lo\u0161\u0117j\u0173, ji n\u0117ra labai gerai \u017einoma tarptautiniams lo\u0161\u0117jams. Taigi, jei norite i\u0161bandyti savo j\u0117gas tarptautin\u0117je loterijoje, kod\u0117l nepaband\u017eius \u0161ios? Nors prizai negarantuoti, laiming\u0105j\u012f skai\u010di\u0173 i\u0161rinkti nesunku.<\/p>\n<p>Ta\u010diau tur\u0117tum\u0117te \u017einoti vien\u0105 dalyk\u0105. Jei laim\u0117site \u0161i\u0105 loterij\u0105, tikrai negalime pasakyti, su kokia suma gr\u012f\u0161ite namo. Taip yra tod\u0117l, kad pagrindinis prizas sudaro 52 % loto fondo. Jei parduota nedaug biliet\u0173, namo gr\u012f\u0161ite su nedaug. Ne, tai nesusij\u0119 su mumis ir yra loterijos bendrov\u0117s taisykl\u0117.<\/p>\n<p>Galite apsilankyti m\u016bs\u0173 svetain\u0117je jackpotlottery.com ir dalyvauti \u0161ioje loterijoje arba rinktis i\u0161 daugyb\u0117s kit\u0173 loterij\u0173. Yra geriausi\u0173 tarptautini\u0173 loterij\u0173, kurias galite \u017eaisti m\u016bs\u0173 svetain\u0117je, ir jos leid\u017eia jums pasilikti savo laim\u0117jimus. Arba vietoj to galite i\u0161bandyti \u0161i\u0105. Tai priklauso tik nuo j\u016bs\u0173.<\/p>\n<section class=\"layout\" style=\"border: solid 1px; width: 100%;\">\n<div class=\"img-div\" style=\"margin-top: 5px;\"><img decoding=\"async\" class=\"wp-image-17212 alignleft\" style=\"height: 45px; margin: 8px 8px 0px;\" src=\"http:\/\/jackpotlotteryonline.com\/wp-content\/uploads\/2022\/11\/read1.jpg\" alt=\"skaityti\" width=\"\" height=\"\" \/><\/div>\n<div style=\"padding-left: 5px;\">\n<div style=\"font-size: 1.1em;\">\n<p><strong>Kuri tarptautin\u0117 loterija yra geriausia?<\/strong><\/p>\n<p style=\"font-size: 0.85em; margin-top: -1.5em;\">Kurios i\u0161 tarptautini\u0173 loterij\u0173 turi geriausius \u0161ansus laim\u0117ti &#8230;<a href=\"https:\/\/jackpotlotteryonline.com\/lt\/kuri-tarptautine-loterija-yra-geriausia\">\u00a0skaityti daugiau<\/a><\/p>\n<\/div>\n<\/div>\n<\/section>\n<h2>Kaip \u017eaisti JK loterij\u0105<\/h2>\n<p><img loading=\"lazy\" decoding=\"async\" class=\"alignright size-full wp-image-27482\" src=\"http:\/\/jackpotlotteryonline.com\/wp-content\/uploads\/2022\/11\/1_lottery_jackpot3.jpg\" alt=\"\u017eaisti JK loterij\u0105\" width=\"245\" height=\"123\" \/>Pana\u0161iai kaip ir kituose loterijos \u017eaidimuose, jums reikia i\u0161rinkti 6 skai\u010dius i\u0161 1-49. Traukiant loterij\u0105 atsitiktine tvarka taip pat i\u0161renkamas papildomas skai\u010dius, kuris naudojamas nustatant priz\u0105. Mes ne itin noriai rekomenduojame \u0161i\u0105 loterij\u0105. Net jei atitiksite i\u0161trauktus skai\u010dius, negalime garantuoti, k\u0105 parsive\u0161ite namo.<\/p>\n<p>Jei apsilankysite m\u016bs\u0173 svetain\u0117je, gal\u0117site dalyvauti kituose \u017eaidimuose, pavyzd\u017eiui, JAV &#8220;Powerball&#8221; ir &#8220;Mega Millions&#8221;. \u0160iose loterijose ma\u017eiausias laim\u0117jimas yra 40 mln. doleri\u0173. Yra ir kit\u0173 Europos loterij\u0173, kuriose galite \u017eaisti, pavyzd\u017eiui, &#8220;Euromillions&#8221; ir &#8220;Eurojackpot&#8221;.<\/p>\n<p>\u0160i\u0173 \u017eaidim\u0173 esm\u0117 &#8211; laim\u0117ti daug, o tai yra m\u016bs\u0173 klient\u0173 svajon\u0117.<\/p>\n<h2>Loterijos<\/h2>\n<p>Jungtin\u0117s Karalyst\u0117s loterijoje kiekvien\u0105 savait\u0119 vyksta du traukimai &#8211; tre\u010diadien\u012f ir \u0161e\u0161tadien\u012f. Taigi pirkdami loterijos biliet\u0105 galite pasirinkti, ar dalyvauti viename, ar keliuose tira\u017euose. Dalyvavimas keliuose tira\u017euose yra puikus b\u016bdas padidinti savo galimybes laim\u0117ti priz\u0105.<\/p>\n<h2>Laim\u0117ti JK loterij\u0105<\/h2>\n<p>Nor\u0117dami laim\u0117ti \u0161\u012f loto \u017eaidim\u0105, \u017eaid\u0117jai tur\u0117t\u0173 sutapti bent su trimis pagrindiniais skai\u010diais, atitinkan\u010diais i\u0161trauktus rezultatus. Paprastai pagrindinis prizas yra apie 3 000 000 svar\u0173 sterling\u0173, nors jis gali b\u016bti didesnis arba ma\u017eesnis. Nor\u0117dami laim\u0117ti pagrindin\u012f priz\u0105, turite sutapti su visais \u0161e\u0161iais i\u0161trauktais skai\u010diais.<\/p>\n<p>\u0160iame loto \u017eaidime yra ir kit\u0173 priz\u0173 padalijim\u0173, kuriuos tuoj pat pamin\u0117sime.<\/p>\n<p>Atminkite, kad loto yra atsitiktinis \u017eaidimas ir n\u0117ra jokio konkretaus b\u016bdo laim\u0117ti. Kol kas geriausia strategija &#8211; pirkti kelis bilietus ir dalyvauti keliuose tira\u017euose. Taip padidinsite savo galimybes laim\u0117ti priz\u0105. Tai galioja bet kuriam loto \u017eaidimui, kur\u012f nusprend\u0117te \u017eaisti.<\/p>\n<h2>Priz\u0173 padalijimai<\/h2>\n<p>Tai, kuo dalijam\u0117s, yra konkretaus Jungtin\u0117s Karalyst\u0117s loterijos tira\u017eo priz\u0173 suskirstymo pavyzdys. Atkreipkite d\u0117mes\u012f, kad kiti prizai yra procentin\u0117 prizinio fondo dalis. Tai rei\u0161kia, kad jei yra keli laim\u0117tojai, prizas jiems bus padalytas.<\/p>\n<p>1 skyrius: 6 rungtyn\u0117s &#8211; 2 000 000 svar\u0173 sterling\u0173 (pagrindinis prizas)<\/p>\n<p>2 skyrius: 5 rungtyn\u0117s + premija &#8211; 1 000 000 svar\u0173 sterling\u0173<\/p>\n<p>3 skyrius: 5 rungtyn\u0117s &#8211; 1 750 svar\u0173 sterling\u0173<\/p>\n<p>4 skyrius: 4 rungtyn\u0117s &#8211; 140 svar\u0173 sterling\u0173<\/p>\n<p>5 skyrius: 3 rungtyn\u0117s &#8211; 30 GBP<\/p>\n<p>6 skyrius: 2 rungtyn\u0117s &#8211; nemokamas loterijos laimingasis dipas<\/p>\n<p>Supraskite, kad net jei laim\u0117site \u0161iuos prizus, nurodyta suma n\u0117ra ta, kuri\u0105 gausite kaip i\u0161mok\u0105. Taip yra tod\u0117l, kad ma\u017edaug 45 % loto l\u0117\u0161\u0173 skiriama prizams. Taigi, priklausomai nuo fondo l\u0117\u0161\u0173, ji gali b\u016bti ma\u017eesn\u0117 arba didesn\u0117.<\/p>\n<h2>Laim\u0117jim\u0173 pareikalavimas<\/h2>\n<p>Loto bendrov\u0117 turi kelet\u0105 taisykli\u0173, susijusi\u0173 su laim\u0117jim\u0173 atsi\u0117mimu.<\/p>\n<ul>\n<li>Nor\u0117dami dalyvauti loterijoje, turite b\u016bti vyresni nei 18 met\u0173.<\/li>\n<li>Laim\u0117jim\u0173 reikia pareikalauti per 180 dien\u0173 nuo burt\u0173 traukimo. Vienintel\u0117 i\u0161imtis &#8211; jei proced\u016br\u0105 prad\u0117jote per 7 dienas.<\/li>\n<li>D\u0117l momentini\u0173 laim\u0117jim\u0173 \u017eaidim\u0173 reikia kreiptis per 180 dien\u0173, kai \u012fsigijote momentin\u012f laim\u0117jim\u0105<\/li>\n<li>D\u0117l \u012fskaitini\u0173 korteli\u0173 \u017eaidim\u0173 taip pat reikia kreiptis per 180 dien\u0173 nuo tada, kai \u012fsigijote \u012fskaitin\u0119 kortel\u0119.<\/li>\n<\/ul>\n<p>Jei<a href=\"https:\/\/jackpotlotteryonline.com\/lt\/kaip-zaisti\/uk-lottery\"> \u017eaid\u017eiate loterij\u0105 m\u016bs\u0173 svetain\u0117j<\/a>e, mes pasir\u016bpinsime, kad jums b\u016bt\u0173 lengva pareikalauti laim\u0117jim\u0173. Laim\u0117jimus, kuri\u0173 suma ne didesn\u0117 kaip 2500 eur\u0173, galite gauti \u010dia, m\u016bs\u0173 svetain\u0117je. Taip yra tod\u0117l, kad loterijos bendrov\u0117 juos perves tiesiai \u012f m\u016bs\u0173 svetain\u0119, o j\u016bs gal\u0117site atsiimti \u012f savo s\u0105skait\u0105. Jei laim\u0117jimas vir\u0161ija 2500 \u20ac, turite atsiimti laim\u0117jim\u0105 tiesiogiai i\u0161 loterijos bendrov\u0117s. Mes jums pad\u0117sime tai padaryti ir pateiksime ie\u0161kinio form\u0105, kuri\u0105 tur\u0117site u\u017epildyti, tod\u0117l joki\u0173 r\u016bpes\u010di\u0173.<\/p>\n<h2>Kaip patikrinti laim\u0117jusius numerius<\/h2>\n<p><img loading=\"lazy\" decoding=\"async\" class=\"alignright size-medium wp-image-27563\" src=\"http:\/\/jackpotlotteryonline.com\/wp-content\/uploads\/2022\/11\/1_lottery_numbers_draw_results-300x201.jpg\" alt=\"laim\u0117kite JK loterij\u0105\" width=\"300\" height=\"201\" srcset=\"https:\/\/jackpotlotteryonline.com\/wp-content\/uploads\/2022\/11\/1_lottery_numbers_draw_results-300x201.jpg 300w, https:\/\/jackpotlotteryonline.com\/wp-content\/uploads\/2022\/11\/1_lottery_numbers_draw_results.jpg 320w\" sizes=\"auto, (max-width: 300px) 100vw, 300px\" \/>Nor\u0117dami su\u017einoti, ar laim\u0117jote priz\u0105, pirmiausia turite patikrinti i\u0161trauktus skai\u010dius. Jei \u017eaid\u017eiate internetu, tai galite padaryti keliais b\u016bdais. Ta\u010diau bene veiksmingiausias yra gr\u012f\u017eti \u010dia ir patikrinti burt\u0173 rezultatus. I\u0161trauktus numerius skelbiame po kiekvieno lo\u0161imo.<\/p>\n<p>Be to, jei u\u017esiregistravote pas mus, mes jums atsi\u0173sime el. lai\u0161k\u0105 ir prane\u0161ime, ar laim\u0117jote priz\u0105. Tai i\u0161 tikr\u0173j\u0173 yra vienas i\u0161 pagrindini\u0173 privalum\u0173 \u017eaid\u017eiant loterij\u0105 su mumis. Be to, kad galite gauti prieig\u0105 prie daugyb\u0117s tarptautini\u0173 loterij\u0173. Kai \u017eaid\u017eiate su mumis, jums nereikia nerimauti, kad praleisite savo priz\u0105. Mes jums prane\u0161ime, jei laim\u0117jote priz\u0105. Be to, jei jis bus ma\u017eesnis nei 2500 eur\u0173, jis gra\u017eiai gul\u0117s j\u016bs\u0173 s\u0105skaitoje kit\u0105 kart\u0105, kai prisijungsite.<\/p>\n<h2>\u017daidimo loterijoje su mumis privalumai<\/h2>\n<ul>\n<li>Gausite prieig\u0105 prie geriausi\u0173 tarptautini\u0173 loterij\u0173 i\u0161 vienos patogios vietos<\/li>\n<li>Esame konsjer\u017eo svetain\u0117. Tai rei\u0161kia, kad j\u016bs nestatote u\u017e loterijos rezultatus. I\u0161 tikr\u0173j\u0173 j\u016bs perkate patekim\u0105 \u012f loterij\u0105 i\u0161 bet kurios vietos, kurioje esate<\/li>\n<li>Naudodamiesi m\u016bs\u0173 prenumeratos paslauga, galite patekti \u012f loterijas prie\u0161 kelias savaites<\/li>\n<li>Loterij\u0173 rezultatus galite su\u017einoti \u010dia, m\u016bs\u0173 svetain\u0117je<\/li>\n<li>Mes jus \u012fsp\u0117sime, jei laim\u0117site kok\u012f nors priz\u0105<\/li>\n<li>Lengvai i\u0161sigryninsite laim\u0117jim\u0105 i\u0161 m\u016bs\u0173 svetain\u0117s \u012f savo bank\u0105<\/li>\n<\/ul>\n<p>\u017daisdami loterij\u0105 i\u0161 m\u016bs\u0173 svetain\u0117s turite daugyb\u0119 privalum\u0173. Daugiausia d\u0117mesio skiriame tam, kad savo klientams suteiktume patogiausias ir skland\u017eiausias paslaugas, kad jie gal\u0117t\u0173 m\u0117gautis loto \u017eaidimais.<\/p>\n<h2>Patikrinkite savo loterijos laim\u0117jimo numerius \u010dia<\/h2>\n<p>Min\u0117jome, kad suteikiame prieig\u0105 prie keli\u0173 tarptautini\u0173 loterij\u0173. Galite ne tik <a href=\"https:\/\/jackpotlotteryonline.com\/lt\/pirkti-bilietus\/uk-lottery\">nusipirkti bilietus i\u0161 bet kurios<\/a> vietos, bet ir patikrinti i\u0161trauktus skai\u010dius. Nesvarbu, kok\u012f loto \u017eaidim\u0105 pasirinksite \u017eaisti, rezultatus paskelbsime \u010dia, m\u016bs\u0173 svetain\u0117je.<\/p>\n<p>Geriausia tai, kad jei laim\u0117site kok\u012f nors priz\u0105, jums nereik\u0117s r\u016bpintis, kas nutiks su j\u016bs\u0173 laim\u0117jimu. Mes neimame jokio procento nuo laim\u0117jimo; viskas, k\u0105 laim\u0117jote, priklauso jums. Be to, j\u0105 galite lengvai atsiimti i\u0161 m\u016bs\u0173 platformos.<\/p>\n<p>I\u0161 ties\u0173, \u017eaisti loterijas dar niekada nebuvo taip paprasta ir nesud\u0117tinga. Kod\u0117l neu\u017esiregistravus pas mus \u0161iandien ir nepatyrus patogi\u0173 ir streso nekelian\u010di\u0173 loterijos \u017eaidim\u0173 malonumo?<\/p>\n","protected":false},"excerpt":{"rendered":"<p>JK loterija yra \u012fdomus \u017eaidimas, nes \u017eaid\u0117jai gali tapti milijonieriais. Nors ji populiari tarp Jungtin\u0117s Karalyst\u0117s lo\u0161\u0117j\u0173, ji n\u0117ra labai gerai \u017einoma tarptautiniams lo\u0161\u0117jams. Taigi, jei norite i\u0161bandyti savo j\u0117gas tarptautin\u0117je loterijoje, kod\u0117l nepaband\u017eius \u0161ios? Nors prizai negarantuoti, laiming\u0105j\u012f skai\u010di\u0173 i\u0161rinkti nesunku. Ta\u010diau tur\u0117tum\u0117te \u017einoti vien\u0105 dalyk\u0105. Jei laim\u0117site \u0161i\u0105 loterij\u0105, tikrai negalime pasakyti, su [&hellip;]<\/p>\n","protected":false},"author":1,"featured_media":0,"parent":35842,"menu_order":10,"comment_status":"closed","ping_status":"closed","template":"lotto-uk-results.php","meta":{"_et_pb_use_builder":"","_et_pb_old_content":"","_et_gb_content_width":"","exclude_from_search":false,"footnotes":""},"class_list":["post-41105","page","type-page","status-publish","hentry"],"yoast_head":"<!-- This site is optimized with the Yoast SEO plugin v23.3 - https:\/\/yoast.com\/wordpress\/plugins\/seo\/ -->\n<title>JK loterijos laim\u0117j\u0119 numeriai ir traukimo rezultatai<\/title>\n<meta name=\"description\" content=\"I\u0161kart po burt\u0173 traukimo \u010dia rasite visus Jungtin\u0117s Karalyst\u0117s loterijos rezultatus ir laim\u0117jusius numerius\" \/>\n<meta name=\"robots\" content=\"index, follow, max-snippet:-1, max-image-preview:large, max-video-preview:-1\" \/>\n<link rel=\"canonical\" href=\"https:\/\/jackpotlotteryonline.com\/lt\/laimeje-skaitmenys\/uk-lottery\/\" \/>\n<meta property=\"og:locale\" content=\"lt_LT\" \/>\n<meta property=\"og:type\" content=\"article\" \/>\n<meta property=\"og:title\" content=\"JK loterijos laim\u0117j\u0119 numeriai ir traukimo rezultatai\" \/>\n<meta property=\"og:description\" content=\"I\u0161kart po burt\u0173 traukimo \u010dia rasite visus Jungtin\u0117s Karalyst\u0117s loterijos rezultatus ir laim\u0117jusius numerius\" \/>\n<meta property=\"og:url\" content=\"https:\/\/jackpotlotteryonline.com\/lt\/laimeje-skaitmenys\/uk-lottery\/\" \/>\n<meta property=\"og:site_name\" content=\"Lotto Online - Crack The International Lottery Jackpots\" \/>\n<meta property=\"article:modified_time\" content=\"2022-12-29T09:13:10+00:00\" \/>\n<meta property=\"og:image\" content=\"http:\/\/jackpotlotteryonline.com\/wp-content\/uploads\/2022\/11\/read1.jpg\" \/>\n<meta name=\"twitter:card\" content=\"summary_large_image\" \/>\n<meta name=\"twitter:label1\" content=\"Est. reading time\" \/>\n\t<meta name=\"twitter:data1\" content=\"5 minut\u0117s\" \/>\n<!-- \/ Yoast SEO plugin. -->","yoast_head_json":{"title":"JK loterijos laim\u0117j\u0119 numeriai ir traukimo rezultatai","description":"I\u0161kart po burt\u0173 traukimo \u010dia rasite visus Jungtin\u0117s Karalyst\u0117s loterijos rezultatus ir laim\u0117jusius numerius","robots":{"index":"index","follow":"follow","max-snippet":"max-snippet:-1","max-image-preview":"max-image-preview:large","max-video-preview":"max-video-preview:-1"},"canonical":"https:\/\/jackpotlotteryonline.com\/lt\/laimeje-skaitmenys\/uk-lottery\/","og_locale":"lt_LT","og_type":"article","og_title":"JK loterijos laim\u0117j\u0119 numeriai ir traukimo rezultatai","og_description":"I\u0161kart po burt\u0173 traukimo \u010dia rasite visus Jungtin\u0117s Karalyst\u0117s loterijos rezultatus ir laim\u0117jusius numerius","og_url":"https:\/\/jackpotlotteryonline.com\/lt\/laimeje-skaitmenys\/uk-lottery\/","og_site_name":"Lotto Online - Crack The International Lottery Jackpots","article_modified_time":"2022-12-29T09:13:10+00:00","og_image":[{"url":"http:\/\/jackpotlotteryonline.com\/wp-content\/uploads\/2022\/11\/read1.jpg"}],"twitter_card":"summary_large_image","twitter_misc":{"Est. reading time":"5 minut\u0117s"},"schema":{"@context":"https:\/\/schema.org","@graph":[{"@type":"WebPage","@id":"https:\/\/jackpotlotteryonline.com\/lt\/laimeje-skaitmenys\/uk-lottery\/","url":"https:\/\/jackpotlotteryonline.com\/lt\/laimeje-skaitmenys\/uk-lottery\/","name":"JK loterijos laim\u0117j\u0119 numeriai ir traukimo rezultatai","isPartOf":{"@id":"https:\/\/jackpotlotteryonline.com\/#website"},"primaryImageOfPage":{"@id":"https:\/\/jackpotlotteryonline.com\/lt\/laimeje-skaitmenys\/uk-lottery\/#primaryimage"},"image":{"@id":"https:\/\/jackpotlotteryonline.com\/lt\/laimeje-skaitmenys\/uk-lottery\/#primaryimage"},"thumbnailUrl":"http:\/\/jackpotlotteryonline.com\/wp-content\/uploads\/2022\/11\/read1.jpg","datePublished":"2022-12-08T09:13:03+00:00","dateModified":"2022-12-29T09:13:10+00:00","description":"I\u0161kart po burt\u0173 traukimo \u010dia rasite visus Jungtin\u0117s Karalyst\u0117s loterijos rezultatus ir laim\u0117jusius numerius","breadcrumb":{"@id":"https:\/\/jackpotlotteryonline.com\/lt\/laimeje-skaitmenys\/uk-lottery\/#breadcrumb"},"inLanguage":"lt-LT","potentialAction":[{"@type":"ReadAction","target":["https:\/\/jackpotlotteryonline.com\/lt\/laimeje-skaitmenys\/uk-lottery\/"]}]},{"@type":"ImageObject","inLanguage":"lt-LT","@id":"https:\/\/jackpotlotteryonline.com\/lt\/laimeje-skaitmenys\/uk-lottery\/#primaryimage","url":"http:\/\/jackpotlotteryonline.com\/wp-content\/uploads\/2022\/11\/read1.jpg","contentUrl":"http:\/\/jackpotlotteryonline.com\/wp-content\/uploads\/2022\/11\/read1.jpg"},{"@type":"BreadcrumbList","@id":"https:\/\/jackpotlotteryonline.com\/lt\/laimeje-skaitmenys\/uk-lottery\/#breadcrumb","itemListElement":[{"@type":"ListItem","position":1,"name":"Home","item":"https:\/\/jackpotlotteryonline.com\/lt\/"},{"@type":"ListItem","position":2,"name":"Loterijos rezultatai","item":"https:\/\/jackpotlotteryonline.com\/lt\/laimeje-skaitmenys\/"},{"@type":"ListItem","position":3,"name":"JK loterijos atkreipti rezultatai"}]},{"@type":"WebSite","@id":"https:\/\/jackpotlotteryonline.com\/#website","url":"https:\/\/jackpotlotteryonline.com\/","name":"Lotto Online - Crack The International Lottery Jackpots","description":"","potentialAction":[{"@type":"SearchAction","target":{"@type":"EntryPoint","urlTemplate":"https:\/\/jackpotlotteryonline.com\/?s={search_term_string}"},"query-input":"required name=search_term_string"}],"inLanguage":"lt-LT"}]}},"_links":{"self":[{"href":"https:\/\/jackpotlotteryonline.com\/lt\/wp-json\/wp\/v2\/pages\/41105","targetHints":{"allow":["GET"]}}],"collection":[{"href":"https:\/\/jackpotlotteryonline.com\/lt\/wp-json\/wp\/v2\/pages"}],"about":[{"href":"https:\/\/jackpotlotteryonline.com\/lt\/wp-json\/wp\/v2\/types\/page"}],"author":[{"embeddable":true,"href":"https:\/\/jackpotlotteryonline.com\/lt\/wp-json\/wp\/v2\/users\/1"}],"replies":[{"embeddable":true,"href":"https:\/\/jackpotlotteryonline.com\/lt\/wp-json\/wp\/v2\/comments?post=41105"}],"version-history":[{"count":0,"href":"https:\/\/jackpotlotteryonline.com\/lt\/wp-json\/wp\/v2\/pages\/41105\/revisions"}],"up":[{"embeddable":true,"href":"https:\/\/jackpotlotteryonline.com\/lt\/wp-json\/wp\/v2\/pages\/35842"}],"wp:attachment":[{"href":"https:\/\/jackpotlotteryonline.com\/lt\/wp-json\/wp\/v2\/media?parent=41105"}],"curies":[{"name":"wp","href":"https:\/\/api.w.org\/{rel}","templated":true}]}}