{"id":41157,"date":"2022-12-08T11:15:02","date_gmt":"2022-12-08T11:15:02","guid":{"rendered":"https:\/\/jackpotlotteryonline.com\/?page_id=41157"},"modified":"2022-12-29T11:35:07","modified_gmt":"2022-12-29T11:35:07","slug":"set-for-life","status":"publish","type":"page","link":"https:\/\/jackpotlotteryonline.com\/lt\/laimeje-skaitmenys\/set-for-life\/","title":{"rendered":"&#8220;Set for Life&#8221; burt\u0173 traukimo rezultatai"},"content":{"rendered":"<p>Loterija &#8220;Set for Life&#8221; &#8211; tai Jungtin\u0117s Karalyst\u0117s anuitet\u0173 loterija, suteikianti \u017eaid\u0117jams galimyb\u0119 laim\u0117ti gyvenim\u0105 kei\u010diant\u012f priz\u0105. Gyvenim\u0105 kei\u010diant\u012f tod\u0117l, kad laim\u0117j\u0119 numeriai 30 met\u0173 kas m\u0117nes\u012f gauna 10 000 svar\u0173 sterling\u0173. Tai beveik tas pats, kas kiekvien\u0105 m\u0117nes\u012f laim\u0117ti aukso puod\u0105 vis\u0105 likus\u012f gyvenim\u0105.<\/p>\n<p>\u017daid\u0117jai visame pasaulyje dabar gali <a href=\"https:\/\/jackpotlotteryonline.com\/lt\/pirkti-bilietus\/set-for-life\">dalyvauti JK anuitet\u0173 loterijoje pirkdami bilietus internetu<\/a>. Be to, jie taip pat gali internetu patikrinti laimin\u010dius skai\u010dius ir gauti prieig\u0105 prie savo laim\u0117jim\u0173.<\/p>\n<p><a href=\"https:\/\/jackpotlotteryonline.com\/lt\/kaip-zaisti\/saturday-lotto-2\">\u017daisdami loterij\u0105 su jackpotlotlotteryonline.com<\/a>, prakti\u0161kai turite vieno langelio principu veikian\u010di\u0105 parduotuv\u0119 visiems savo loterijos poreikiams patenkinti. Galite sutelkti d\u0117mes\u012f \u012f laim\u0117jim\u0105 loterijoje pirkdami bilietus \u012f geriausias tarptautines loterijas internetu.<\/p>\n<section class=\"layout\" style=\"border: solid 1px; width: 100%;\">\n<div class=\"img-div\" style=\"margin-top: 5px;\"><img decoding=\"async\" class=\"wp-image-17212 alignleft\" style=\"height: 45px; margin: 8px 8px 0px;\" src=\"http:\/\/jackpotlotteryonline.com\/wp-content\/uploads\/2022\/11\/read1.jpg\" alt=\"skaityti\" width=\"\" height=\"\" \/><\/div>\n<div style=\"padding-left: 5px;\">\n<div style=\"font-size: 1.1em;\">\n<p><strong>Ar teis\u0117ta \u017eaisti kit\u0173 \u0161ali\u0173 loterijas internete?<\/strong><\/p>\n<p style=\"font-size: 0.85em; margin-top: -1.5em;\">Ar teis\u0117ta gauti loterijos biliet\u0105 internetu ir ar i\u0161 tikr\u0173j\u0173 gausiu pinigus? <a href=\"https:\/\/jackpotlotteryonline.com\/lt\/ar-teiseta-zaisti-loterijas-is-kitu-saliu-internete\">skaityti daugiau<\/a><\/p>\n<\/div>\n<\/div>\n<\/section>\n<h2>Kod\u0117l verta \u017eaisti internetu?<\/h2>\n<p>Vis\u0173 pirma, jei negyvenate Jungtin\u0117je Karalyst\u0117je, jums bus gana sunku nusipirkti \u0161ios loterijos biliet\u0105. I\u0161 esm\u0117s vienintelis b\u016bdas \u017eaisti &#8220;Set for Life&#8221; u\u017e Jungtin\u0117s Karalyst\u0117s rib\u0173 &#8211; tai daryti internetu. Antra, kai pamatysite, kaip patogu \u017eaisti internetu, nenor\u0117site \u017eaisti \u0161ios loterijos jokiu kitu b\u016bdu.<\/p>\n<p><strong>Trumpai, \u0161tai keletas pagrindini\u0173 loterijos \u017eaidimo internetu privalum\u0173:<\/strong><img loading=\"lazy\" decoding=\"async\" class=\"alignright size-medium wp-image-27941\" src=\"http:\/\/jackpotlotteryonline.com\/wp-content\/uploads\/2022\/11\/1_lottery_winner_ticket-200x300.jpg\" alt=\"\u017eaisti Set for Life\" width=\"200\" height=\"300\" srcset=\"https:\/\/jackpotlotteryonline.com\/wp-content\/uploads\/2022\/11\/1_lottery_winner_ticket-200x300.jpg 200w, https:\/\/jackpotlotteryonline.com\/wp-content\/uploads\/2022\/11\/1_lottery_winner_ticket.jpg 320w\" sizes=\"auto, (max-width: 200px) 100vw, 200px\" \/><\/p>\n<ul>\n<li>Kiekvieno tira\u017eo laimingus skai\u010dius galite \u017eaisti i\u0161 karto<\/li>\n<li>Galite nustatyti savo \u012fra\u0161us prie\u0161 kelias savaites<\/li>\n<li>Lengvai pasitikrinsite laimin\u010dius skai\u010dius<\/li>\n<li>be streso pasieksite savo laim\u0117jimus<\/li>\n<\/ul>\n<p>\u017daisdami loterij\u0105 internetu turite labai daug privalum\u0173. \u017daisdami su mumis jackpotlotlotteryonline.com patirsite, kaip lengva ir patogu tur\u0117ti loterij\u0105 po ranka. B\u016bdami konsjer\u017eo svetain\u0117, mes u\u017e jus sutvarkome visas detales, o j\u016bs susikoncentruojate \u012f lengv\u0105 laiming\u0173 skai\u010di\u0173 pasirinkim\u0105. Tai abipusiai naudinga visiems.<\/p>\n<h2>Kokie yra &#8220;Set for Life&#8221; laimingieji skai\u010diai?<\/h2>\n<p>Vienintelis b\u016bdas su\u017einoti, ar turite laimin\u010dius skai\u010dius, yra \u017einoti, kaip \u017eaisti \u0161i\u0105 JK loterij\u0105. Nor\u0117dami \u017eaisti, turite pasirinkti 5 skai\u010dius i\u0161 intervalo nuo 1 iki 47 ir 1 &#8220;Life Ball&#8221; skai\u010di\u0173 nuo 1 iki 10. Kai i\u0161sirinksite skai\u010dius, kitas \u017eingsnis &#8211; dalyvauti pasirinktuose traukimuose.<\/p>\n<p>&#8220;Set for Life&#8221; lo\u0161imai vyksta dvi dienas per savait\u0119 &#8211; pirmadieniais ir ketvirtadieniais. Tai rei\u0161kia dvi galimybes laim\u0117ti loterijoje. \u017dinoma, galite dalyvauti abiejuose tira\u017euose, nes taip padidinsite savo \u0161ansus laim\u0117ti loterijoje.<\/p>\n<p>Po burt\u0173 traukim\u0173 reikia patikrinti rezultatus ir \u012fsitikinti, ar turite laimin\u010di\u0105 kombinacij\u0105. Kas turi laimin\u010dius skai\u010dius, tas laimi loterijoje.<\/p>\n<h2>Trys b\u016bdai, kaip patikrinti burt\u0173 rezultatus<\/h2>\n<p>Yra trys b\u016bdai, kaip galite patikrinti laiming\u0105j\u0105 \u0161ios JK loterijos kombinacij\u0105. Jei gyvenate Jungtin\u0117je Karalyst\u0117je, tiesioginius burt\u0173 traukimus galite lengvai steb\u0117ti per televizij\u0105. Ta\u010diau jei tuo metu dirbate arba turite kit\u0105 funkcij\u0105, tai jums netiks.<\/p>\n<p>Kita alternatyva &#8211; patikrinti burt\u0173 traukimo rezultatus internete. \u012evairiose interneto svetain\u0117se skelbiami rezultatai, ypa\u010d laim\u0117tojo kombinacija, kuri\u0105 laim\u0117jus galima laim\u0117ti pagrindin\u012f priz\u0105. \u017dinoma, kadangi loterijoje yra ir kit\u0173 priz\u0173 kategorij\u0173, jus gali dominti ne tik pagrindinis prizas, bet ir kitos laimin\u010dios kombinacijos.<\/p>\n<p>Geriausias b\u016bdas patikrinti burt\u0173 traukimo rezultatus &#8211; gr\u012f\u017eti \u012f \u0161\u012f puslap\u012f po kiekvieno burt\u0173 traukimo. \u010cia skelbiame burt\u0173 traukimo rezultatus ir skiriame laiko, kad parodytume laimin\u010dius derinius kiekvienoje priz\u0173 pakopoje. Be to, jei biliet\u0105 \u012fsigijote i\u0161 m\u016bs\u0173, mes jums atsi\u0173sime el. lai\u0161k\u0105, jei turite laiming\u0105 biliet\u0105.<\/p>\n<h2>&#8220;Set for Life&#8221; priz\u0173 kategorijos<\/h2>\n<p>\u0160ios Jungtin\u0117s Karalyst\u0117s loterijos pagrindinis prizas yra nuostabus 10 000 svar\u0173 sterling\u0173 kas m\u0117nes\u012f ateinan\u010dius 30 met\u0173. \u012esivaizduokite, kad toki\u0105 sum\u0105 laim\u0117tum\u0117te kiekvien\u0105 m\u0117nes\u012f 30 met\u0173. Turint tok\u012f priz\u0105, nesunku suprasti, kod\u0117l lo\u0161\u0117jai visame pasaulyje trok\u0161ta gauti laiming\u0105 \u0161ios loterijos kombinacij\u0105.<\/p>\n<p>Be pirmojo prizo laim\u0117jimo, yra ir kit\u0173 \u012fdomi\u0173 priz\u0173, kuriuos \u017eaid\u0117jai gali laim\u0117ti \u0161ioje loterijoje. \u0160tai priz\u0173 kategorijos.<\/p>\n<p>1 kategorija: &#8220;Match 5&#8221; + &#8220;Life Ball&#8221; &#8211; 10 000 svar\u0173 sterling\u0173 kas m\u0117nes\u012f 30 met\u0173<\/p>\n<p>2 kategorija: tik &#8220;Match 5&#8221; &#8211; 10 000 svar\u0173 sterling\u0173 kas m\u0117nes\u012f 1 metus<\/p>\n<p>3 kategorija: &#8220;Match 4 + LIfe Ball&#8221; &#8211; 250 svar\u0173 sterling\u0173<\/p>\n<p>4 kategorija: Tik &#8220;Match 4&#8221; &#8211; 50 svar\u0173 sterling\u0173<\/p>\n<p>5 kategorija: &#8220;Match 3&#8221; ir &#8220;Life Ball&#8221; &#8211; 30 svar\u0173 sterling\u0173<\/p>\n<p>6 kategorija: Tik 3 rungtyn\u0117s &#8211; 20 svar\u0173 sterling\u0173<\/p>\n<p>7 kategorija: 2 rungtyn\u0117s ir &#8220;Life Ball&#8221; &#8211; \u00a310<\/p>\n<p>8 kategorija Tik 2 rungtyn\u0117s &#8211; \u00a35<\/p>\n<h2>Laim\u0117jim\u0173 atsi\u0117mimas<\/h2>\n<p>Min\u0117jome, kad apie laiming\u0105 biliet\u0105 informuosime jus el. pa\u0161tu ir per j\u016bs\u0173 paskyr\u0105. Ta\u010diau kaip atsiimti laim\u0117jim\u0105, jei gyvenate ne Jungtin\u0117je Karalyst\u0117je? Tai klausimas, d\u0117l kurio nerimauja daugyb\u0117 lo\u0161\u0117j\u0173. K\u0105 gi, mes esame \u010dia, kad nuramintume j\u016bs\u0173 \u0161irdis d\u0117l laim\u0117jim\u0173.<\/p>\n<p>Kai u\u017esiregistruosite pas mus ir pirksite loterijos bilietus i\u0161 m\u016bs\u0173, mes supaprastinsime \u0161\u012f proces\u0105. Kaip konsjer\u017eo svetain\u0117, suk\u016br\u0117me skland\u0173 proces\u0105, kuriuo naudodamiesi gal\u0117site lengvai atsiimti savo laim\u0117jimus. Kai laim\u0117jimas nevir\u0161ija 2500 eur\u0173, tereikia i\u0161 m\u016bs\u0173 svetain\u0117s i\u0161sigryninti pinigus \u012f savo s\u0105skait\u0105.<\/p>\n<p>Jei laim\u0117jote didesn\u0117s nei \u0161i suma vert\u0117s priz\u0105, pateiksime jums pretenzijos form\u0105. Taip gal\u0117site atsiimti laim\u0117jim\u0105 tiesiogiai i\u0161 loterijos bendrov\u0117s. Taigi pirmyn ir pirkite loterijos biliet\u0105 \u0161iandien, kad tur\u0117tum\u0117te galimyb\u0119 tur\u0117ti laiming\u0105 kombinacij\u0105.<\/p>\n","protected":false},"excerpt":{"rendered":"<p>Loterija &#8220;Set for Life&#8221; &#8211; tai Jungtin\u0117s Karalyst\u0117s anuitet\u0173 loterija, suteikianti \u017eaid\u0117jams galimyb\u0119 laim\u0117ti gyvenim\u0105 kei\u010diant\u012f priz\u0105. Gyvenim\u0105 kei\u010diant\u012f tod\u0117l, kad laim\u0117j\u0119 numeriai 30 met\u0173 kas m\u0117nes\u012f gauna 10 000 svar\u0173 sterling\u0173. Tai beveik tas pats, kas kiekvien\u0105 m\u0117nes\u012f laim\u0117ti aukso puod\u0105 vis\u0105 likus\u012f gyvenim\u0105. \u017daid\u0117jai visame pasaulyje dabar gali dalyvauti JK anuitet\u0173 loterijoje pirkdami [&hellip;]<\/p>\n","protected":false},"author":1,"featured_media":0,"parent":35842,"menu_order":11,"comment_status":"closed","ping_status":"closed","template":"set-for-life-results.php","meta":{"_et_pb_use_builder":"","_et_pb_old_content":"","_et_gb_content_width":"","exclude_from_search":false,"footnotes":""},"class_list":["post-41157","page","type-page","status-publish","hentry"],"yoast_head":"<!-- This site is optimized with the Yoast SEO plugin v23.3 - https:\/\/yoast.com\/wordpress\/plugins\/seo\/ -->\n<title>Set for Life laimingieji numeriai ir burt\u0173 traukimo rezultatai<\/title>\n<meta name=\"description\" content=\"Set For Life loterijos rezultatai atkreipia, taip pat laim\u0117jusi\u0173 skai\u010di\u0173 \u010dia Jackpotlotlotteryonline.com\" \/>\n<meta name=\"robots\" content=\"index, follow, max-snippet:-1, max-image-preview:large, max-video-preview:-1\" \/>\n<link rel=\"canonical\" href=\"https:\/\/jackpotlotteryonline.com\/lt\/laimeje-skaitmenys\/set-for-life\/\" \/>\n<meta property=\"og:locale\" content=\"lt_LT\" \/>\n<meta property=\"og:type\" content=\"article\" \/>\n<meta property=\"og:title\" content=\"Set for Life laimingieji numeriai ir burt\u0173 traukimo rezultatai\" \/>\n<meta property=\"og:description\" content=\"Set For Life loterijos rezultatai atkreipia, taip pat laim\u0117jusi\u0173 skai\u010di\u0173 \u010dia Jackpotlotlotteryonline.com\" \/>\n<meta property=\"og:url\" content=\"https:\/\/jackpotlotteryonline.com\/lt\/laimeje-skaitmenys\/set-for-life\/\" \/>\n<meta property=\"og:site_name\" content=\"Lotto Online - Crack The International Lottery Jackpots\" \/>\n<meta property=\"article:modified_time\" content=\"2022-12-29T11:35:07+00:00\" \/>\n<meta property=\"og:image\" content=\"http:\/\/jackpotlotteryonline.com\/wp-content\/uploads\/2022\/11\/read1.jpg\" \/>\n<meta name=\"twitter:card\" content=\"summary_large_image\" \/>\n<meta name=\"twitter:label1\" content=\"Est. reading time\" \/>\n\t<meta name=\"twitter:data1\" content=\"4 minut\u0117s\" \/>\n<!-- \/ Yoast SEO plugin. -->","yoast_head_json":{"title":"Set for Life laimingieji numeriai ir burt\u0173 traukimo rezultatai","description":"Set For Life loterijos rezultatai atkreipia, taip pat laim\u0117jusi\u0173 skai\u010di\u0173 \u010dia Jackpotlotlotteryonline.com","robots":{"index":"index","follow":"follow","max-snippet":"max-snippet:-1","max-image-preview":"max-image-preview:large","max-video-preview":"max-video-preview:-1"},"canonical":"https:\/\/jackpotlotteryonline.com\/lt\/laimeje-skaitmenys\/set-for-life\/","og_locale":"lt_LT","og_type":"article","og_title":"Set for Life laimingieji numeriai ir burt\u0173 traukimo rezultatai","og_description":"Set For Life loterijos rezultatai atkreipia, taip pat laim\u0117jusi\u0173 skai\u010di\u0173 \u010dia Jackpotlotlotteryonline.com","og_url":"https:\/\/jackpotlotteryonline.com\/lt\/laimeje-skaitmenys\/set-for-life\/","og_site_name":"Lotto Online - Crack The International Lottery Jackpots","article_modified_time":"2022-12-29T11:35:07+00:00","og_image":[{"url":"http:\/\/jackpotlotteryonline.com\/wp-content\/uploads\/2022\/11\/read1.jpg"}],"twitter_card":"summary_large_image","twitter_misc":{"Est. reading time":"4 minut\u0117s"},"schema":{"@context":"https:\/\/schema.org","@graph":[{"@type":"WebPage","@id":"https:\/\/jackpotlotteryonline.com\/lt\/laimeje-skaitmenys\/set-for-life\/","url":"https:\/\/jackpotlotteryonline.com\/lt\/laimeje-skaitmenys\/set-for-life\/","name":"Set for Life laimingieji numeriai ir burt\u0173 traukimo rezultatai","isPartOf":{"@id":"https:\/\/jackpotlotteryonline.com\/#website"},"primaryImageOfPage":{"@id":"https:\/\/jackpotlotteryonline.com\/lt\/laimeje-skaitmenys\/set-for-life\/#primaryimage"},"image":{"@id":"https:\/\/jackpotlotteryonline.com\/lt\/laimeje-skaitmenys\/set-for-life\/#primaryimage"},"thumbnailUrl":"http:\/\/jackpotlotteryonline.com\/wp-content\/uploads\/2022\/11\/read1.jpg","datePublished":"2022-12-08T11:15:02+00:00","dateModified":"2022-12-29T11:35:07+00:00","description":"Set For Life loterijos rezultatai atkreipia, taip pat laim\u0117jusi\u0173 skai\u010di\u0173 \u010dia Jackpotlotlotteryonline.com","breadcrumb":{"@id":"https:\/\/jackpotlotteryonline.com\/lt\/laimeje-skaitmenys\/set-for-life\/#breadcrumb"},"inLanguage":"lt-LT","potentialAction":[{"@type":"ReadAction","target":["https:\/\/jackpotlotteryonline.com\/lt\/laimeje-skaitmenys\/set-for-life\/"]}]},{"@type":"ImageObject","inLanguage":"lt-LT","@id":"https:\/\/jackpotlotteryonline.com\/lt\/laimeje-skaitmenys\/set-for-life\/#primaryimage","url":"http:\/\/jackpotlotteryonline.com\/wp-content\/uploads\/2022\/11\/read1.jpg","contentUrl":"http:\/\/jackpotlotteryonline.com\/wp-content\/uploads\/2022\/11\/read1.jpg"},{"@type":"BreadcrumbList","@id":"https:\/\/jackpotlotteryonline.com\/lt\/laimeje-skaitmenys\/set-for-life\/#breadcrumb","itemListElement":[{"@type":"ListItem","position":1,"name":"Home","item":"https:\/\/jackpotlotteryonline.com\/lt\/"},{"@type":"ListItem","position":2,"name":"Loterijos rezultatai","item":"https:\/\/jackpotlotteryonline.com\/lt\/laimeje-skaitmenys\/"},{"@type":"ListItem","position":3,"name":"&#8222;Set for Life&#8221; burt\u0173 traukimo rezultatai"}]},{"@type":"WebSite","@id":"https:\/\/jackpotlotteryonline.com\/#website","url":"https:\/\/jackpotlotteryonline.com\/","name":"Lotto Online - Crack The International Lottery Jackpots","description":"","potentialAction":[{"@type":"SearchAction","target":{"@type":"EntryPoint","urlTemplate":"https:\/\/jackpotlotteryonline.com\/?s={search_term_string}"},"query-input":"required name=search_term_string"}],"inLanguage":"lt-LT"}]}},"_links":{"self":[{"href":"https:\/\/jackpotlotteryonline.com\/lt\/wp-json\/wp\/v2\/pages\/41157","targetHints":{"allow":["GET"]}}],"collection":[{"href":"https:\/\/jackpotlotteryonline.com\/lt\/wp-json\/wp\/v2\/pages"}],"about":[{"href":"https:\/\/jackpotlotteryonline.com\/lt\/wp-json\/wp\/v2\/types\/page"}],"author":[{"embeddable":true,"href":"https:\/\/jackpotlotteryonline.com\/lt\/wp-json\/wp\/v2\/users\/1"}],"replies":[{"embeddable":true,"href":"https:\/\/jackpotlotteryonline.com\/lt\/wp-json\/wp\/v2\/comments?post=41157"}],"version-history":[{"count":0,"href":"https:\/\/jackpotlotteryonline.com\/lt\/wp-json\/wp\/v2\/pages\/41157\/revisions"}],"up":[{"embeddable":true,"href":"https:\/\/jackpotlotteryonline.com\/lt\/wp-json\/wp\/v2\/pages\/35842"}],"wp:attachment":[{"href":"https:\/\/jackpotlotteryonline.com\/lt\/wp-json\/wp\/v2\/media?parent=41157"}],"curies":[{"name":"wp","href":"https:\/\/api.w.org\/{rel}","templated":true}]}}