{"id":41214,"date":"2022-12-08T13:45:07","date_gmt":"2022-12-08T13:45:07","guid":{"rendered":"https:\/\/jackpotlotteryonline.com\/?page_id=41214"},"modified":"2022-12-29T21:38:45","modified_gmt":"2022-12-29T21:38:45","slug":"mega-sena","status":"publish","type":"page","link":"https:\/\/jackpotlotteryonline.com\/lt\/laimeje-skaitmenys\/mega-sena\/","title":{"rendered":"Mega Sena loterijos atkreipti rezultatai"},"content":{"rendered":"<p>\u017daid\u0117jai visame pasaulyje jau gali \u012fsigyti loterijos &#8220;Mega-Sena&#8221; bilietus. Ma\u017ea to, su\u017eaid\u0119 loterijoje, galite internete patikrinti &#8220;Mega-Sena&#8221; laimin\u010dius skai\u010dius. Svarbi \u017eaidimo loterijoje dalis &#8211; patikrinti burt\u0173 traukimo rezultatus, kad nepraleistum\u0117te n\u0117 vieno prizo. Yra keli b\u016bdai, kaip patikrinti Brazilijos loterijos laiminguosius skai\u010dius, ir apie tai tuoj pat pakalb\u0117sime.<\/p>\n<p>Ta\u010diau jei skubate su\u017einoti paskutinio traukimo rezultatus, galite apsilankyti svetain\u0117je jackpotlotlotteryonline.com, kur rasite prieig\u0105 prie geriausi\u0173 tarptautini\u0173 loterij\u0173.<\/p>\n<section class=\"layout\" style=\"border: solid 1px; width: 100%;\">\n<div class=\"img-div\" style=\"margin-top: 5px;\"><img decoding=\"async\" class=\"wp-image-17212 alignleft\" style=\"height: 45px; margin: 8px 8px 0px;\" src=\"http:\/\/jackpotlotteryonline.com\/wp-content\/uploads\/2022\/11\/read1.jpg\" alt=\"skaityti\" width=\"\" height=\"\" \/><\/div>\n<div style=\"padding-left: 5px;\">\n<div style=\"font-size: 1.1em;\">\n<p><strong>Europos loterijos<\/strong><\/p>\n<p style=\"font-size: 0.85em; margin-top: -1.5em;\">Kurios Europos loterijos yra geriausios?\u00a0<a href=\"https:\/\/jackpotlotteryonline.com\/lt\/kurios-europos-loterijos-yra-geriausios\"> skaityti daugiau<\/a><\/p>\n<\/div>\n<\/div>\n<\/section>\n<h2>Mega-Sena loterijos pagrindai<\/h2>\n<p>Loterija &#8220;Mega-Sena&#8221; savo \u017eaidimu yra pana\u0161i \u012f bet kuri\u0105 kit\u0105 loterij\u0105. Jums tiesiog reikia pasirinkti skai\u010dius i\u0161 tam tikro diapazono. Brazilijos loterijoje i\u0161 diapazono nuo 1 iki 60 pasirenkate 6 numerius. Ir viskas. \u0160ioje loterijoje n\u0117ra joki\u0173 papildom\u0173 ar premijini\u0173 skai\u010di\u0173, tik \u0161e\u0161i.<\/p>\n<p>Pasirinkus norimus skai\u010dius, kitas \u017eingsnis &#8211; patekti \u012f burt\u0173 traukim\u0105. &#8220;Mega-Sena&#8221; vyksta du savaitiniai traukimai &#8211; tre\u010diadieniais ir ketvirtadieniais.<\/p>\n<h2>Mega-Sena laim\u0117j\u0119 skai\u010diai<\/h2>\n<p><img loading=\"lazy\" decoding=\"async\" class=\"size-full wp-image-29102 alignright\" src=\"http:\/\/jackpotlotteryonline.com\/wp-content\/uploads\/2022\/11\/1_play_lottery_international.jpg\" alt=\"Mega-Sena laim\u0117j\u0119 numeriai\" width=\"205\" height=\"147\" \/>Kaip i\u0161sirinkti &#8220;Mega-Sena&#8221; laiminguosius skai\u010dius? Skirtingi \u017eaid\u0117jai pasirenka skirtingus jiems tinkamus b\u016bdus. Laiminguosius skai\u010dius galite i\u0161sirinkti naudodamiesi jums ypatingomis datomis. Jei turite laiming\u0173 dat\u0173 ar skaitmen\u0173, jie gali b\u016bti naudingi renkantis skai\u010di\u0173.<\/p>\n<p>Jei mintyse neturite jokio ypatingo skai\u010diaus, nesijaudinkite d\u0117l to. Kai <a href=\"https:\/\/jackpotlotteryonline.com\/lt\/kaip-zaisti\/mega-sena-2\">\u017eaid\u017eiate &#8220;Mega-Sena&#8221; su mumis<\/a>, galite naudotis m\u016bs\u0173 automatiniu generatoriumi, kuris parinks atsitiktinius skai\u010dius. Galiausiai svarbu prisiminti, kad loterija yra atsitiktinis \u017eaidimas. Vienintelis realus b\u016bdas padidinti savo galimybes laim\u0117ti &#8211; pirkti kelis bilietus ir dalyvauti keliuose tira\u017euose.<\/p>\n<p>Loterij\u0105 galite \u017eaisti internetu apsilank\u0119 m\u016bs\u0173 puslapyje, skirtame &#8220;Mega-Sena&#8221;. Mes leid\u017eiame lengvai dalyvauti viename ar keliuose tira\u017euose. Taip pat galite nusipirkti kelet\u0105 eilu\u010di\u0173 ant bilieto, tod\u0117l loterijoje gal\u0117site dalyvauti kelis kartus.<\/p>\n<h2>Mega-Sena prizai<\/h2>\n<p>Loterijoje &#8220;Mega-Sena&#8221; garantuojamas 3 milijon\u0173 Brazilijos real\u0173 pradinis prizas. Tai yra apie 549 467,87 EUR. Ta\u010diau jei po vieno tira\u017eo laim\u0117tojo n\u0117ra, aukso puodas persikelia \u012f kit\u0105 tira\u017e\u0105. Taigi, pagrindinio prizo suma gali i\u0161augti gana didel\u0117, tod\u0117l \u0161i loterija yra malonus pasi\u016blymas visiems lo\u0161\u0117jams.<\/p>\n<p>Be to, tikimyb\u0117 laim\u0117ti &#8220;Mega-Sen\u0105&#8221; yra 1 i\u0161 50 milijon\u0173. Palyginus tai su kitomis geriausiomis tarptautin\u0117mis loterijomis, akivaizdu, kod\u0117l Brazilijos loterija yra populiari tarp lo\u0161\u0117j\u0173.<\/p>\n<p>Brazilijos loterija nuo kit\u0173 loterij\u0173 skiriasi ir tuo, kad joje si\u016blomos tik 3 priz\u0173 kategorijos, \u012fskaitant pagrindin\u012f priz\u0105. Taigi, laim\u0117j\u0119 loterijoje galite laim\u0117ti bet kur\u012f i\u0161 \u0161i\u0173 priz\u0173.<\/p>\n<p>Pagrindinis prizas &#8211; Sena: Rungtyn\u0117s 6 &#8211; 35 % prizinio fondo<\/p>\n<p>2 kategorija &#8211; &#8220;Quina&#8221;: 5 rungtyn\u0117s &#8211; 19 % prizinio fondo<\/p>\n<p>3 pakopa &#8211; Quadra: 4 rungtyn\u0117s &#8211; 19 % prizinio fondo.<\/p>\n<h2>Prizo atsi\u0117mimas<\/h2>\n<p>Kitas \u017eingsnis &#8211; atsiimti loterijoje laim\u0117t\u0105 priz\u0105. Kaip atsiimsite priz\u0105, priklauso nuo to, kur nusipirkote biliet\u0105. \u017daid\u017eiant loterij\u0105 internetu, svarbu pirkti biliet\u0105 i\u0161 svetain\u0117s, kuri suteikia galimyb\u0119 laim\u0117ti loterijoje. Kai kuriose svetain\u0117se galima la\u017eintis tik d\u0117l loterijos rezultat\u0173.<\/p>\n<p>\u012esigij\u0119 <a href=\"https:\/\/jackpotlotteryonline.com\/lt\/pirkti-bilietus\/mega-sena\">loterijos biliet\u0105 i\u0161 m\u016bs\u0173<\/a>, j\u016bs gaunate prieig\u0105 prie loterijos. Taip yra tod\u0117l, kad m\u016bs\u0173 agentas Brazilijoje nupirks fizinius bilietus su atitinkamais j\u016bs\u0173 skai\u010diais. Tai suteikia jums galimyb\u0119 laim\u0117ti loterijoje.<\/p>\n<p>Taigi, jei laim\u0117site kok\u012f nors priz\u0105, jums tereik\u0117s j\u012f atsiimti i\u0161 m\u016bs\u0173 svetain\u0117s \u012f savo s\u0105skait\u0105. Tai taip paprasta. Apsilankykite m\u016bs\u0173 taisykl\u0117se ir s\u0105lygose, kad su\u017einotum\u0117te, kaip i\u0161sigryninti pinigus u\u017e &#8220;Mega-Sena&#8221; laim\u0117jusius numerius.<\/p>\n","protected":false},"excerpt":{"rendered":"<p>\u017daid\u0117jai visame pasaulyje jau gali \u012fsigyti loterijos &#8220;Mega-Sena&#8221; bilietus. Ma\u017ea to, su\u017eaid\u0119 loterijoje, galite internete patikrinti &#8220;Mega-Sena&#8221; laimin\u010dius skai\u010dius. Svarbi \u017eaidimo loterijoje dalis &#8211; patikrinti burt\u0173 traukimo rezultatus, kad nepraleistum\u0117te n\u0117 vieno prizo. Yra keli b\u016bdai, kaip patikrinti Brazilijos loterijos laiminguosius skai\u010dius, ir apie tai tuoj pat pakalb\u0117sime. Ta\u010diau jei skubate su\u017einoti paskutinio traukimo rezultatus, [&hellip;]<\/p>\n","protected":false},"author":1,"featured_media":0,"parent":35842,"menu_order":14,"comment_status":"closed","ping_status":"closed","template":"megasena-results.php","meta":{"_et_pb_use_builder":"","_et_pb_old_content":"","_et_gb_content_width":"","exclude_from_search":false,"footnotes":""},"class_list":["post-41214","page","type-page","status-publish","hentry"],"yoast_head":"<!-- This site is optimized with the Yoast SEO plugin v23.3 - https:\/\/yoast.com\/wordpress\/plugins\/seo\/ -->\n<title>Mega-Sena loterijos pie\u0161imo rezultatai ir laim\u0117j\u0119 numeriai<\/title>\n<meta name=\"description\" content=\"Brazilijos &quot;Mega-Sena&quot; rezultatus sunku rasti - savo svetain\u0117je pateikiame \u0161iandienos ir vakaryk\u0161t\u0117s dienos laiming\u0173j\u0173 skai\u010di\u0173 ir burt\u0173 rezultatus\" \/>\n<meta name=\"robots\" content=\"index, follow, max-snippet:-1, max-image-preview:large, max-video-preview:-1\" \/>\n<link rel=\"canonical\" href=\"https:\/\/jackpotlotteryonline.com\/lt\/laimeje-skaitmenys\/mega-sena\/\" \/>\n<meta property=\"og:locale\" content=\"lt_LT\" \/>\n<meta property=\"og:type\" content=\"article\" \/>\n<meta property=\"og:title\" content=\"Mega-Sena loterijos pie\u0161imo rezultatai ir laim\u0117j\u0119 numeriai\" \/>\n<meta property=\"og:description\" content=\"Brazilijos &quot;Mega-Sena&quot; rezultatus sunku rasti - savo svetain\u0117je pateikiame \u0161iandienos ir vakaryk\u0161t\u0117s dienos laiming\u0173j\u0173 skai\u010di\u0173 ir burt\u0173 rezultatus\" \/>\n<meta property=\"og:url\" content=\"https:\/\/jackpotlotteryonline.com\/lt\/laimeje-skaitmenys\/mega-sena\/\" \/>\n<meta property=\"og:site_name\" content=\"Lotto Online - Crack The International Lottery Jackpots\" \/>\n<meta property=\"article:modified_time\" content=\"2022-12-29T21:38:45+00:00\" \/>\n<meta property=\"og:image\" content=\"http:\/\/jackpotlotteryonline.com\/wp-content\/uploads\/2022\/11\/read1.jpg\" \/>\n<meta name=\"twitter:card\" content=\"summary_large_image\" \/>\n<meta name=\"twitter:label1\" content=\"Est. reading time\" \/>\n\t<meta name=\"twitter:data1\" content=\"3 minut\u0117s\" \/>\n<!-- \/ Yoast SEO plugin. -->","yoast_head_json":{"title":"Mega-Sena loterijos pie\u0161imo rezultatai ir laim\u0117j\u0119 numeriai","description":"Brazilijos \"Mega-Sena\" rezultatus sunku rasti - savo svetain\u0117je pateikiame \u0161iandienos ir vakaryk\u0161t\u0117s dienos laiming\u0173j\u0173 skai\u010di\u0173 ir burt\u0173 rezultatus","robots":{"index":"index","follow":"follow","max-snippet":"max-snippet:-1","max-image-preview":"max-image-preview:large","max-video-preview":"max-video-preview:-1"},"canonical":"https:\/\/jackpotlotteryonline.com\/lt\/laimeje-skaitmenys\/mega-sena\/","og_locale":"lt_LT","og_type":"article","og_title":"Mega-Sena loterijos pie\u0161imo rezultatai ir laim\u0117j\u0119 numeriai","og_description":"Brazilijos \"Mega-Sena\" rezultatus sunku rasti - savo svetain\u0117je pateikiame \u0161iandienos ir vakaryk\u0161t\u0117s dienos laiming\u0173j\u0173 skai\u010di\u0173 ir burt\u0173 rezultatus","og_url":"https:\/\/jackpotlotteryonline.com\/lt\/laimeje-skaitmenys\/mega-sena\/","og_site_name":"Lotto Online - Crack The International Lottery Jackpots","article_modified_time":"2022-12-29T21:38:45+00:00","og_image":[{"url":"http:\/\/jackpotlotteryonline.com\/wp-content\/uploads\/2022\/11\/read1.jpg"}],"twitter_card":"summary_large_image","twitter_misc":{"Est. reading time":"3 minut\u0117s"},"schema":{"@context":"https:\/\/schema.org","@graph":[{"@type":"WebPage","@id":"https:\/\/jackpotlotteryonline.com\/lt\/laimeje-skaitmenys\/mega-sena\/","url":"https:\/\/jackpotlotteryonline.com\/lt\/laimeje-skaitmenys\/mega-sena\/","name":"Mega-Sena loterijos pie\u0161imo rezultatai ir laim\u0117j\u0119 numeriai","isPartOf":{"@id":"https:\/\/jackpotlotteryonline.com\/#website"},"primaryImageOfPage":{"@id":"https:\/\/jackpotlotteryonline.com\/lt\/laimeje-skaitmenys\/mega-sena\/#primaryimage"},"image":{"@id":"https:\/\/jackpotlotteryonline.com\/lt\/laimeje-skaitmenys\/mega-sena\/#primaryimage"},"thumbnailUrl":"http:\/\/jackpotlotteryonline.com\/wp-content\/uploads\/2022\/11\/read1.jpg","datePublished":"2022-12-08T13:45:07+00:00","dateModified":"2022-12-29T21:38:45+00:00","description":"Brazilijos \"Mega-Sena\" rezultatus sunku rasti - savo svetain\u0117je pateikiame \u0161iandienos ir vakaryk\u0161t\u0117s dienos laiming\u0173j\u0173 skai\u010di\u0173 ir burt\u0173 rezultatus","breadcrumb":{"@id":"https:\/\/jackpotlotteryonline.com\/lt\/laimeje-skaitmenys\/mega-sena\/#breadcrumb"},"inLanguage":"lt-LT","potentialAction":[{"@type":"ReadAction","target":["https:\/\/jackpotlotteryonline.com\/lt\/laimeje-skaitmenys\/mega-sena\/"]}]},{"@type":"ImageObject","inLanguage":"lt-LT","@id":"https:\/\/jackpotlotteryonline.com\/lt\/laimeje-skaitmenys\/mega-sena\/#primaryimage","url":"http:\/\/jackpotlotteryonline.com\/wp-content\/uploads\/2022\/11\/read1.jpg","contentUrl":"http:\/\/jackpotlotteryonline.com\/wp-content\/uploads\/2022\/11\/read1.jpg"},{"@type":"BreadcrumbList","@id":"https:\/\/jackpotlotteryonline.com\/lt\/laimeje-skaitmenys\/mega-sena\/#breadcrumb","itemListElement":[{"@type":"ListItem","position":1,"name":"Home","item":"https:\/\/jackpotlotteryonline.com\/lt\/"},{"@type":"ListItem","position":2,"name":"Loterijos rezultatai","item":"https:\/\/jackpotlotteryonline.com\/lt\/laimeje-skaitmenys\/"},{"@type":"ListItem","position":3,"name":"Mega Sena loterijos atkreipti rezultatai"}]},{"@type":"WebSite","@id":"https:\/\/jackpotlotteryonline.com\/#website","url":"https:\/\/jackpotlotteryonline.com\/","name":"Lotto Online - Crack The International Lottery Jackpots","description":"","potentialAction":[{"@type":"SearchAction","target":{"@type":"EntryPoint","urlTemplate":"https:\/\/jackpotlotteryonline.com\/?s={search_term_string}"},"query-input":"required name=search_term_string"}],"inLanguage":"lt-LT"}]}},"_links":{"self":[{"href":"https:\/\/jackpotlotteryonline.com\/lt\/wp-json\/wp\/v2\/pages\/41214","targetHints":{"allow":["GET"]}}],"collection":[{"href":"https:\/\/jackpotlotteryonline.com\/lt\/wp-json\/wp\/v2\/pages"}],"about":[{"href":"https:\/\/jackpotlotteryonline.com\/lt\/wp-json\/wp\/v2\/types\/page"}],"author":[{"embeddable":true,"href":"https:\/\/jackpotlotteryonline.com\/lt\/wp-json\/wp\/v2\/users\/1"}],"replies":[{"embeddable":true,"href":"https:\/\/jackpotlotteryonline.com\/lt\/wp-json\/wp\/v2\/comments?post=41214"}],"version-history":[{"count":0,"href":"https:\/\/jackpotlotteryonline.com\/lt\/wp-json\/wp\/v2\/pages\/41214\/revisions"}],"up":[{"embeddable":true,"href":"https:\/\/jackpotlotteryonline.com\/lt\/wp-json\/wp\/v2\/pages\/35842"}],"wp:attachment":[{"href":"https:\/\/jackpotlotteryonline.com\/lt\/wp-json\/wp\/v2\/media?parent=41214"}],"curies":[{"name":"wp","href":"https:\/\/api.w.org\/{rel}","templated":true}]}}