{"id":41267,"date":"2022-12-08T19:51:00","date_gmt":"2022-12-08T19:51:00","guid":{"rendered":"https:\/\/jackpotlotteryonline.com\/?page_id=41267"},"modified":"2022-12-30T15:19:23","modified_gmt":"2022-12-30T15:19:23","slug":"saturday-lotto","status":"publish","type":"page","link":"https:\/\/jackpotlotteryonline.com\/lt\/laimeje-skaitmenys\/saturday-lotto\/","title":{"rendered":"\u0160e\u0161tadienis Lotto atkreipti rezultatai"},"content":{"rendered":"<p>\u0160e\u0161tadienio Lotto, dar \u017einomas kaip Tatts Lotto, yra viena i\u0161 daugiausiai laim\u0117jusi\u0173 Australijos loterij\u0173. O dabar, kai loterijoje gali dalyvauti viso pasaulio \u017eaid\u0117jai, dar svarbiau pasirinkti laimin\u010dius skai\u010dius. Laim\u0117jimas \u0161ioje Australijos loterijoje rei\u0161kia, kad namo gr\u012f\u0161ite su ma\u017eiausiai 5 milijonais JAV doleri\u0173. \u0160i suma persikelia, jei po burt\u0173 traukimo n\u0117ra laimingo bilieto. Be to, jei dalyvausite mega loterijoje, kuri vyksta kart\u0105 per metus per Kal\u0117das, galite i\u0161sigryninti 30 milijon\u0173 doleri\u0173!<\/p>\n<p>Jei dar nenusipirkote laimingo loto bilieto, apsilankykite svetain\u0117je jackpotlotlotteryonline.com ir <a href=\"https:\/\/jackpotlotteryonline.com\/lt\/pirkti-bilietus\/saturday-lotto\">\u012fsigykite biliet\u0105 dabar<\/a>. Tada gr\u012f\u017ekite ir su\u017einokite laimin\u010dius skai\u010dius.<\/p>\n<h2>Laim\u0117ti \u0161e\u0161tadienio Lotto<\/h2>\n<p><img loading=\"lazy\" decoding=\"async\" class=\"alignright size-medium wp-image-28157\" src=\"http:\/\/jackpotlotteryonline.com\/wp-content\/uploads\/2022\/11\/1_lotto_money_win-300x150.jpg\" alt=\"laim\u0117ti \u0161e\u0161tadienio Lotto\" width=\"300\" height=\"150\" srcset=\"https:\/\/jackpotlotteryonline.com\/wp-content\/uploads\/2022\/11\/1_lotto_money_win-300x150.jpg 300w, https:\/\/jackpotlotteryonline.com\/wp-content\/uploads\/2022\/11\/1_lotto_money_win.jpg 320w\" sizes=\"auto, (max-width: 300px) 100vw, 300px\" \/>Tatto loto lengva \u017eaisti, ypa\u010d kai \u017eaid\u017eiate internetu. I\u0161 esm\u0117s \u017eaid\u0117jams reikia i\u0161rinkti 6 pagrindinius skai\u010dius nuo 1 iki 45. Tada 2 papildomus skai\u010dius nuo 1 iki 6. Papildomi skai\u010diai i\u0161 tikr\u0173j\u0173 neturi daug reik\u0161m\u0117s nustatant pagrindin\u012f laim\u0117jim\u0105. Laim\u0117ti pagrindin\u012f priz\u0105 rei\u0161kia, kad jums tereikia sutapti su a\u0161tuoniais i\u0161trauktais skai\u010diais.<\/p>\n<p>Taigi, laim\u0117ti loto rei\u0161kia, kad j\u016bs\u0173 bilietas atitinka \u0161e\u0161is kamuoliukus, atsitiktinai i\u0161trauktus i\u0161 45 kamuoliuk\u0173 statin\u0117s. Tada i\u0161 kitos statin\u0117s su \u0161e\u0161iais kamuoliukais i\u0161renkami kiti du kamuoliukai. \u0160ie papildomi kamuoliukai naudojami kitoms priz\u0173 kategorijoms laim\u0117ti.<\/p>\n<p>Burtai traukiami kart\u0105 per savait\u0119, \u0161e\u0161tadien\u012f. Taigi, jei norite laim\u0117ti biliet\u0105, turite laiku nusipirkti \u012fra\u0161\u0105. Lygiosios baigiamos \u0161e\u0161tadien\u012f 19.25 val. pagal AEST. \u017daid\u0117jai, norintys dalyvauti tos savait\u0117s burt\u0173 traukime, turi nusipirkti laimingus bilietus iki u\u017edarymo laiko.<\/p>\n<h2>\u017daidimas internetu<\/h2>\n<p>Trumpai pakalb\u0117sime apie loterijos laim\u0117jim\u0105 internetu. Kai apsilankysite \u0161e\u0161tadienio loto puslapyje jackpotlotlotteryonline.com, b\u016bsite papra\u0161yti pasirinkti laimin\u010dius skai\u010dius. Jei turite koki\u0173 nors ypating\u0173 dat\u0173, kurios jums atne\u0161\u0117 s\u0117km\u0119, galite jomis pasinaudoti.<\/p>\n<p>Ta\u010diau tie, kurie neturi ypating\u0173 skai\u010di\u0173, kuriuos gal\u0117t\u0173 pasirinkti, niekada nebijokite. Turime automatin\u012f skai\u010di\u0173 rinkikl\u012f, kuris jums sugeneruos atsitiktinius laimin\u010dius skai\u010dius. Daug loterijos laim\u0117toj\u0173 laim\u0117jo naudodamiesi atsitiktini\u0173 skai\u010di\u0173 parinkimo programa.<\/p>\n<p>I\u0161sirink\u0119 laiminguosius numerius, dalyvausite savaitiniame burt\u0173 traukime. Prie\u0161 atlikdami mok\u0117jim\u0105, papra\u0161ysime j\u016bs\u0173 u\u017esiregistruoti. Tai daroma tam, kad j\u016bs\u0173 bilietas b\u016bt\u0173 saugus ir kad jums b\u016bt\u0173 lengviau i\u0161sigryninti laim\u0117jim\u0105. Netrukus prie to dar gr\u012f\u0161ime.<\/p>\n<section class=\"layout\" style=\"border: solid 1px; width: 100%;\">\n<div class=\"img-div\" style=\"margin-top: 5px;\"><img decoding=\"async\" class=\"wp-image-17212 alignleft\" style=\"height: 45px; margin: 8px 8px 0px;\" src=\"http:\/\/jackpotlotteryonline.com\/wp-content\/uploads\/2022\/11\/read1.jpg\" alt=\"skaityti\" width=\"\" height=\"\" \/><\/div>\n<div style=\"padding-left: 5px;\">\n<div style=\"font-size: 1.1em;\">\n<p><strong>Steb\u0117kite, kaip loterijos numeriai traukiami gyvai<\/strong><\/p>\n<p style=\"font-size: 0.85em; margin-top: -1.5em;\">Nepakli\u016bkite \u012f loterijos sp\u0105stus <a href=\"https:\/\/jackpotlotteryonline.com\/lt\/ziurekite-kaip-loterijos-numeriai-traukiami-gyvai\">skaityti daugiau<\/a><\/p>\n<\/div>\n<\/div>\n<\/section>\n<h2>Priz\u0173 skyriai<\/h2>\n<p>Laim\u0117ti &#8220;Tatts&#8221; loto rei\u0161kia ne tik laim\u0117ti pagrindin\u012f priz\u0105. \u0160iame loto i\u0161 viso yra a\u0161tuoni priz\u0173 skyriai. \u012esigij\u0119 loterijos biliet\u0105, turite galimyb\u0119 laim\u0117ti bet kur\u012f i\u0161 \u0161i\u0173 priz\u0173 skyri\u0173. Toliau pateikiami kiekvieno skyriaus laimingieji skai\u010diai.<\/p>\n<p>1 skyrius: 6 rungtyn\u0117s (aukso puodas)<\/p>\n<p>2 skyrius: 5 skai\u010dius + 1 papildomas skai\u010dius<\/p>\n<p>3 skyrius: kovo 5 d.<\/p>\n<p>4 skyrius: 4 rungtyn\u0117s<\/p>\n<p>5 skyrius: 3 rungtyn\u0117s + 1 papildomas numeris<\/p>\n<p>6 skyrius: 3 rungtyn\u0117s<\/p>\n<p>Tikriausiai viena i\u0161 prie\u017eas\u010di\u0173, kod\u0117l australai taip m\u0117gsta \u0161i\u0105 loterij\u0105, yra ta, kaip lengva j\u0105 laim\u0117ti. Tikimyb\u0117 laim\u0117ti yra fantasti\u0161ka, o kadangi ma\u017eiausias prizas yra 5 milijonai Australijos doleri\u0173, vargu ar tai stebina. Jei dar to nepadar\u0117te, dabar pats laikas pagalvoti apie laimingo bilieto \u012fsigijim\u0105.<\/p>\n<h2>Papildomi skai\u010diai<\/h2>\n<p>Min\u0117jome papildomus skai\u010dius ir tikriausiai jau pasteb\u0117jote, kad kai kuriuose padaliniuose jie naudojami. Atkreipkite d\u0117mes\u012f, kad jie atsitiktinai generuojami burt\u0173 traukimo metu ir naudojami nustatant 2 ir 5 skyrius. \u017daid\u0117jai \u0161i\u0173 skai\u010di\u0173 nesirenka ir negali j\u0173 kontroliuoti. Tod\u0117l nesijauskite sunerim\u0119, jei pirkdami bilietus nematysite \u0161ios parinkties.<\/p>\n<h2>Kaip patikrinti laim\u0117jimo rezultatus<\/h2>\n<p>Dabar, kai jau \u012fsigijote biliet\u0105, kaip patikrinti, ar turite laimint\u012f biliet\u0105? Geriausias b\u016bdas tai padaryti &#8211; gr\u012f\u017eti \u010dia. Po burt\u0173 traukimo \u0161iame puslapyje skelbiame \u0161e\u0161tadienio loto laim\u0117jimo rezultatus.<\/p>\n<p>Skelbiame ne tik laim\u0117jimo numerius. Skelbiame ir vis\u0173 kit\u0173 skyri\u0173 laiminguosius numerius. Taigi i\u0161 karto galite su\u017einoti, kiek nedaug tr\u016bko iki loterijos laim\u0117jimo.<\/p>\n<p>Jei u\u017esiregistravote pas mus, tai padaryti dar papras\u010diau. Jums nereikia niekur eiti, kad su\u017einotum\u0117te, ar laim\u0117jote loterijoje. Ne, nes mes atsi\u0173sime jums prane\u0161im\u0105, kai tik laim\u0117site priz\u0105. Tai tiesa. Gausite el. lai\u0161k\u0105 su persp\u0117jimu, kad turite laim\u0117jusius loto numerius. Darome visk\u0105, kad \u017eaisti loto i\u0161 bet kurios vietos b\u016bt\u0173 paprasta ir nekelt\u0173 streso.<\/p>\n<h2>Laim\u0117jim\u0173 i\u0161gryninimas<\/h2>\n<p><img loading=\"lazy\" decoding=\"async\" class=\"alignright size-medium wp-image-34997\" src=\"http:\/\/jackpotlotteryonline.com\/wp-content\/uploads\/2022\/11\/2_ticket_saturday_lotto_au-1-166x300.jpg\" alt=\"\u0160e\u0161tadienio Lotto kvitas internetu\" width=\"166\" height=\"300\" srcset=\"https:\/\/jackpotlotteryonline.com\/wp-content\/uploads\/2022\/11\/2_ticket_saturday_lotto_au-1-166x300.jpg 166w, https:\/\/jackpotlotteryonline.com\/wp-content\/uploads\/2022\/11\/2_ticket_saturday_lotto_au-1.jpg 250w\" sizes=\"auto, (max-width: 166px) 100vw, 166px\" \/>Jei laim\u0117jote loterijoje, kitas \u017eingsnis &#8211; gauti savo laim\u0117jim\u0105. N\u0117ra prasm\u0117s laim\u0117ti loterij\u0105 Australijoje, jei negalite gauti savo laim\u0117jimo. \u0160tai \u010dia viskas tampa tikrai \u012fdomu.<\/p>\n<p>Jei laim\u0117jote loto priz\u0105, kuris yra ma\u017eesnis nei 2500 eur\u0173, gauti savo priz\u0105 yra ne\u012ftik\u0117tinai paprasta. Tiesiog atsiimkite laim\u0117jim\u0105 i\u0161 m\u016bs\u0173 platformos tiesiai \u012f savo bank\u0105. Turime kelet\u0105 b\u016bd\u0173, kuriais galite patogiai i\u0161sigryninti savo laim\u0117jimus.<\/p>\n<p>Jei j\u016bs\u0173 laim\u0117jimas vir\u0161ija 2500 eur\u0173 rib\u0105, jums gali tekti susisiekti su loterijos bendrove ir pateikti pretenzij\u0105. Suteiksime tam reikaling\u0105 pagalb\u0105 ir atsi\u0173sime jums u\u017epildyti pretenzijos form\u0105. Tai nesud\u0117tingas procesas, su kuriuo prakti\u0161kai n\u0117ra joki\u0173 r\u016bpes\u010di\u0173.<\/p>\n<h2>I\u0161vada<\/h2>\n<p>Loterijos biliet\u0173 pirkimo i\u0161 m\u016bs\u0173 privalumas yra tas, kad \u017einote, jog \u012fsigijote \u012fra\u0161\u0105 \u012f loterij\u0105. Su mumis j\u016bs nestatote d\u0117l rezultato. J\u016bs i\u0161 tikr\u0173j\u0173 perkate \u012fra\u0161\u0105. Taigi, jei laim\u0117site, gausite savo laim\u0117jim\u0105.<\/p>\n<p>Mes leid\u017eiame \u017eaid\u0117jams lengvai \u017eaisti geriausiose tarptautin\u0117se loterijose. Galite nusipirkti bilietus, patikrinti laim\u0117jimo kombinacij\u0105 ir lengvai i\u0161sigryninti laim\u0117jimus. Mes pasir\u016bpinome visomis smulkmenomis, kad gal\u0117tum\u0117te atsipalaiduoti ir smagiai praleisti laik\u0105.<a href=\"http:\/\/jackpotlotteryonline.com\/lt\/kaip-zaisti\/saturday-lotto\"> \u017daisdami loterij\u0105 su jackpotlotlotteryonline.com<\/a> gaunate abipusiai nauding\u0105 situacij\u0105. U\u017esiregistruokite pas mus \u0161iandien.<\/p>\n","protected":false},"excerpt":{"rendered":"<p>\u0160e\u0161tadienio Lotto, dar \u017einomas kaip Tatts Lotto, yra viena i\u0161 daugiausiai laim\u0117jusi\u0173 Australijos loterij\u0173. O dabar, kai loterijoje gali dalyvauti viso pasaulio \u017eaid\u0117jai, dar svarbiau pasirinkti laimin\u010dius skai\u010dius. Laim\u0117jimas \u0161ioje Australijos loterijoje rei\u0161kia, kad namo gr\u012f\u0161ite su ma\u017eiausiai 5 milijonais JAV doleri\u0173. \u0160i suma persikelia, jei po burt\u0173 traukimo n\u0117ra laimingo bilieto. Be to, jei [&hellip;]<\/p>\n","protected":false},"author":1,"featured_media":0,"parent":35842,"menu_order":18,"comment_status":"closed","ping_status":"closed","template":"saturday-lotto-results.php","meta":{"_et_pb_use_builder":"","_et_pb_old_content":"","_et_gb_content_width":"","exclude_from_search":false,"footnotes":""},"class_list":["post-41267","page","type-page","status-publish","hentry"],"yoast_head":"<!-- This site is optimized with the Yoast SEO plugin v23.3 - https:\/\/yoast.com\/wordpress\/plugins\/seo\/ -->\n<title>\u0160e\u0161tadienio Lotto laim\u0117j\u0119 numeriai ir atkreipti rezultatai<\/title>\n<meta name=\"description\" content=\"Palyginkite savo loterijos biliet\u0105 su naujausio \u0161e\u0161tadienio &quot;Saturday Lotto&quot; traukimo rezultatais - laiminguosius skai\u010dius rasite \u010dia!\" \/>\n<meta name=\"robots\" content=\"index, follow, max-snippet:-1, max-image-preview:large, max-video-preview:-1\" \/>\n<link rel=\"canonical\" href=\"https:\/\/jackpotlotteryonline.com\/lt\/laimeje-skaitmenys\/saturday-lotto\/\" \/>\n<meta property=\"og:locale\" content=\"lt_LT\" \/>\n<meta property=\"og:type\" content=\"article\" \/>\n<meta property=\"og:title\" content=\"\u0160e\u0161tadienio Lotto laim\u0117j\u0119 numeriai ir atkreipti rezultatai\" \/>\n<meta property=\"og:description\" content=\"Palyginkite savo loterijos biliet\u0105 su naujausio \u0161e\u0161tadienio &quot;Saturday Lotto&quot; traukimo rezultatais - laiminguosius skai\u010dius rasite \u010dia!\" \/>\n<meta property=\"og:url\" content=\"https:\/\/jackpotlotteryonline.com\/lt\/laimeje-skaitmenys\/saturday-lotto\/\" \/>\n<meta property=\"og:site_name\" content=\"Lotto Online - Crack The International Lottery Jackpots\" \/>\n<meta property=\"article:modified_time\" content=\"2022-12-30T15:19:23+00:00\" \/>\n<meta property=\"og:image\" content=\"http:\/\/jackpotlotteryonline.com\/wp-content\/uploads\/2022\/11\/1_lotto_money_win-300x150.jpg\" \/>\n<meta name=\"twitter:card\" content=\"summary_large_image\" \/>\n<meta name=\"twitter:label1\" content=\"Est. reading time\" \/>\n\t<meta name=\"twitter:data1\" content=\"4 minut\u0117s\" \/>\n<!-- \/ Yoast SEO plugin. -->","yoast_head_json":{"title":"\u0160e\u0161tadienio Lotto laim\u0117j\u0119 numeriai ir atkreipti rezultatai","description":"Palyginkite savo loterijos biliet\u0105 su naujausio \u0161e\u0161tadienio \"Saturday Lotto\" traukimo rezultatais - laiminguosius skai\u010dius rasite \u010dia!","robots":{"index":"index","follow":"follow","max-snippet":"max-snippet:-1","max-image-preview":"max-image-preview:large","max-video-preview":"max-video-preview:-1"},"canonical":"https:\/\/jackpotlotteryonline.com\/lt\/laimeje-skaitmenys\/saturday-lotto\/","og_locale":"lt_LT","og_type":"article","og_title":"\u0160e\u0161tadienio Lotto laim\u0117j\u0119 numeriai ir atkreipti rezultatai","og_description":"Palyginkite savo loterijos biliet\u0105 su naujausio \u0161e\u0161tadienio \"Saturday Lotto\" traukimo rezultatais - laiminguosius skai\u010dius rasite \u010dia!","og_url":"https:\/\/jackpotlotteryonline.com\/lt\/laimeje-skaitmenys\/saturday-lotto\/","og_site_name":"Lotto Online - Crack The International Lottery Jackpots","article_modified_time":"2022-12-30T15:19:23+00:00","og_image":[{"url":"http:\/\/jackpotlotteryonline.com\/wp-content\/uploads\/2022\/11\/1_lotto_money_win-300x150.jpg"}],"twitter_card":"summary_large_image","twitter_misc":{"Est. reading time":"4 minut\u0117s"},"schema":{"@context":"https:\/\/schema.org","@graph":[{"@type":"WebPage","@id":"https:\/\/jackpotlotteryonline.com\/lt\/laimeje-skaitmenys\/saturday-lotto\/","url":"https:\/\/jackpotlotteryonline.com\/lt\/laimeje-skaitmenys\/saturday-lotto\/","name":"\u0160e\u0161tadienio Lotto laim\u0117j\u0119 numeriai ir atkreipti rezultatai","isPartOf":{"@id":"https:\/\/jackpotlotteryonline.com\/#website"},"primaryImageOfPage":{"@id":"https:\/\/jackpotlotteryonline.com\/lt\/laimeje-skaitmenys\/saturday-lotto\/#primaryimage"},"image":{"@id":"https:\/\/jackpotlotteryonline.com\/lt\/laimeje-skaitmenys\/saturday-lotto\/#primaryimage"},"thumbnailUrl":"http:\/\/jackpotlotteryonline.com\/wp-content\/uploads\/2022\/11\/1_lotto_money_win-300x150.jpg","datePublished":"2022-12-08T19:51:00+00:00","dateModified":"2022-12-30T15:19:23+00:00","description":"Palyginkite savo loterijos biliet\u0105 su naujausio \u0161e\u0161tadienio \"Saturday Lotto\" traukimo rezultatais - laiminguosius skai\u010dius rasite \u010dia!","breadcrumb":{"@id":"https:\/\/jackpotlotteryonline.com\/lt\/laimeje-skaitmenys\/saturday-lotto\/#breadcrumb"},"inLanguage":"lt-LT","potentialAction":[{"@type":"ReadAction","target":["https:\/\/jackpotlotteryonline.com\/lt\/laimeje-skaitmenys\/saturday-lotto\/"]}]},{"@type":"ImageObject","inLanguage":"lt-LT","@id":"https:\/\/jackpotlotteryonline.com\/lt\/laimeje-skaitmenys\/saturday-lotto\/#primaryimage","url":"http:\/\/jackpotlotteryonline.com\/wp-content\/uploads\/2022\/11\/1_lotto_money_win-300x150.jpg","contentUrl":"http:\/\/jackpotlotteryonline.com\/wp-content\/uploads\/2022\/11\/1_lotto_money_win-300x150.jpg"},{"@type":"BreadcrumbList","@id":"https:\/\/jackpotlotteryonline.com\/lt\/laimeje-skaitmenys\/saturday-lotto\/#breadcrumb","itemListElement":[{"@type":"ListItem","position":1,"name":"Home","item":"https:\/\/jackpotlotteryonline.com\/lt\/"},{"@type":"ListItem","position":2,"name":"Loterijos rezultatai","item":"https:\/\/jackpotlotteryonline.com\/lt\/laimeje-skaitmenys\/"},{"@type":"ListItem","position":3,"name":"\u0160e\u0161tadienis Lotto atkreipti rezultatai"}]},{"@type":"WebSite","@id":"https:\/\/jackpotlotteryonline.com\/#website","url":"https:\/\/jackpotlotteryonline.com\/","name":"Lotto Online - Crack The International Lottery Jackpots","description":"","potentialAction":[{"@type":"SearchAction","target":{"@type":"EntryPoint","urlTemplate":"https:\/\/jackpotlotteryonline.com\/?s={search_term_string}"},"query-input":"required name=search_term_string"}],"inLanguage":"lt-LT"}]}},"_links":{"self":[{"href":"https:\/\/jackpotlotteryonline.com\/lt\/wp-json\/wp\/v2\/pages\/41267","targetHints":{"allow":["GET"]}}],"collection":[{"href":"https:\/\/jackpotlotteryonline.com\/lt\/wp-json\/wp\/v2\/pages"}],"about":[{"href":"https:\/\/jackpotlotteryonline.com\/lt\/wp-json\/wp\/v2\/types\/page"}],"author":[{"embeddable":true,"href":"https:\/\/jackpotlotteryonline.com\/lt\/wp-json\/wp\/v2\/users\/1"}],"replies":[{"embeddable":true,"href":"https:\/\/jackpotlotteryonline.com\/lt\/wp-json\/wp\/v2\/comments?post=41267"}],"version-history":[{"count":0,"href":"https:\/\/jackpotlotteryonline.com\/lt\/wp-json\/wp\/v2\/pages\/41267\/revisions"}],"up":[{"embeddable":true,"href":"https:\/\/jackpotlotteryonline.com\/lt\/wp-json\/wp\/v2\/pages\/35842"}],"wp:attachment":[{"href":"https:\/\/jackpotlotteryonline.com\/lt\/wp-json\/wp\/v2\/media?parent=41267"}],"curies":[{"name":"wp","href":"https:\/\/api.w.org\/{rel}","templated":true}]}}