{"id":41321,"date":"2022-12-09T06:39:49","date_gmt":"2022-12-09T06:39:49","guid":{"rendered":"https:\/\/jackpotlotteryonline.com\/?page_id=41321"},"modified":"2022-12-29T13:47:39","modified_gmt":"2022-12-29T13:47:39","slug":"thunderball","status":"publish","type":"page","link":"https:\/\/jackpotlotteryonline.com\/lt\/laimeje-skaitmenys\/thunderball\/","title":{"rendered":"Thunderball loterijos atkreipti rezultatus"},"content":{"rendered":"<p>Thunderball yra viena i\u0161 populiariausi\u0173 Jungtin\u0117s Karalyst\u0117s loterij\u0173. U\u017e nedidel\u0119 sum\u0105 lo\u0161\u0117jai gali laim\u0117ti pus\u0119 milijono svar\u0173 sterling\u0173, o tai yra fantasti\u0161ka. Yra daugyb\u0117 loterij\u0173, ta\u010diau &#8220;Thunderball&#8221; tiesiog ka\u017ekuo traukia \u017eaid\u0117jus. Tai gali b\u016bti ne\u012ftik\u0117tinai palank\u016bs koeficientai arba faktas, kad joje daug laim\u0117toj\u0173. Kad ir kokia b\u016bt\u0173 prie\u017eastis, \u017eaid\u0117jai visame pasaulyje taip pat perka &#8220;Thunderball&#8221; loterijos bilietus internetu.<\/p>\n<p>Jei <a href=\"https:\/\/jackpotlotteryonline.com\/lt\/kaip-zaisti\/thunderball\">\u017eaid\u017eiate loterij\u0105 internetu<\/a>, b\u016btina patikrinti laimin\u010dius skai\u010dius. Taip su\u017einosite, ar j\u016bs\u0173 bilietas atitinka i\u0161trauktus skai\u010dius. Jei jums \u012fdomu, kaip patikrinti burt\u0173 rezultatus, tuomet esate tinkamoje vietoje. Taip pat pasidalinsime geriausiu b\u016bdu, kaip patikrinti burt\u0173 traukimo rezultatus<\/p>\n<p>Jei <a href=\"https:\/\/jackpotlotteryonline.com\/lt\/pirkti-bilietus\/thunderball\">perkate bilietus svetain\u0117je jackpotlotteryonline.com<\/a>, tuomet skaitykite toliau ir su\u017einokite, kaip atsiimti laim\u0117jimus.<\/p>\n<h2>&#8220;Thunderball&#8221; laiming\u0173j\u0173 skai\u010di\u0173 pasirinkimas<\/h2>\n<p><img loading=\"lazy\" decoding=\"async\" class=\"alignright size-medium wp-image-29480\" src=\"http:\/\/jackpotlotteryonline.com\/wp-content\/uploads\/2022\/11\/1_rain_lottery_money_win-282x300.jpg\" alt=\"Laim\u0117j\u0119 \" width=\"282\" height=\"300\" srcset=\"https:\/\/jackpotlotteryonline.com\/wp-content\/uploads\/2022\/11\/1_rain_lottery_money_win-282x300.jpg 282w, https:\/\/jackpotlotteryonline.com\/wp-content\/uploads\/2022\/11\/1_rain_lottery_money_win.jpg 300w\" sizes=\"auto, (max-width: 282px) 100vw, 282px\" \/>Yra du pagrindiniai b\u016bdai, kuriais naudodamiesi \u017eaid\u0117jai pasirenka norimus \u017eaisti skai\u010dius. Daugumoje loterij\u0173 reikia rinktis i\u0161 tam tikro diapazono. Tod\u0117l kai kurie \u017eaid\u0117jai m\u0117gsta rinktis jiems ypatingas datas, pavyzd\u017eiui, gimtadienius ar jubiliejus. \u0160ios datos vadinamos laimingomis datomis.<\/p>\n<p>Kai kuriose pasaulio dalyse kai kurie \u017emon\u0117s turi skai\u010dius, kuriuos laiko laimingais. Pavyzd\u017eiui, vieni laimingu skai\u010diumi laiko skai\u010di\u0173 7, o kiti skai\u010di\u0173 13 laiko nelaimingu. Tai i\u0161 tikr\u0173j\u0173 priklauso nuo to, k\u0105 laikote laimingu skai\u010diumi. \u0160\u012f metod\u0105 renkasi daugelis \u017eaid\u0117j\u0173 visame pasaulyje, jis gali tikti ir jums.<\/p>\n<p>Antrasis b\u016bdas &#8211; pasinaudoti m\u016bs\u0173 automatiniu generatoriumi, kuris atsitiktine tvarka parenka skai\u010dius. Kai kuriems \u017emon\u0117ms \u0161is b\u016bdas tinka papras\u010diausiai tod\u0117l, kad loterija yra s\u0117km\u0117s \u017eaidimas. Nors ir galite daryti \u012fvairius dalykus, kad jaustum\u0117t\u0117s laimingi, laim\u0117jimo garantuoti ne\u012fmanoma.<\/p>\n<h2>Kaip \u017eaisti &#8220;Thunderball&#8221; internete<\/h2>\n<p>JK &#8220;Thunderball&#8221; yra \u012fdomus \u017eaidimas. Procesas toks pat kaip ir bet kurio kito loterijos \u017eaidimo. I\u0161 esm\u0117s jums reikia pasirinkti 5 skai\u010dius i\u0161 intervalo nuo 1 iki 39 ir special\u0173 skai\u010di\u0173 nuo 1 iki 14. Specialusis skai\u010dius vadinamas &#8220;Thunderball&#8221; ir naudojamas \u0161e\u0161ioms priz\u0173 kategorijoms, \u012fskaitant pagrindin\u012f priz\u0105, nustatyti.<\/p>\n<p>\u017daidimas internetu ne taip jau ir skiriasi, tik atsitiktiniams skai\u010diams parinkti galite naudoti skai\u010di\u0173 generatori\u0173. Tai tarsi &#8220;laimingasis lo\u0161imas&#8221; tiems, kurie \u012fprat\u0119 prie fizini\u0173 biliet\u0173. Galite pasirinkti kelias linijas ir kelis bilietus, kad padidintum\u0117te savo galimybes laim\u0117ti &#8220;Thunderball&#8221;.<\/p>\n<p>Kitas \u017eingsnis &#8211; dalyvauti burt\u0173 traukime ir tai yra geriausia dalis. Atkreipkite d\u0117mes\u012f, kad visi\u0161kai galima dalyvauti keliuose traukimuose. O jei biliet\u0105 perkate i\u0161 m\u016bs\u0173, \u012f burt\u0173 traukim\u0105 galite patekti ir prie\u0161 kelias savaites. Tai suteikia jums prana\u0161um\u0105 \u017eaid\u017eiant \u0161\u012f azartin\u012f \u017eaidim\u0105.<\/p>\n<section class=\"layout\" style=\"border: solid 1px; width: 100%;\">\n<div class=\"img-div\" style=\"margin-top: 5px;\"><img decoding=\"async\" class=\"wp-image-17212 alignleft\" style=\"height: 45px; margin: 8px 8px 0px;\" src=\"http:\/\/jackpotlotteryonline.com\/wp-content\/uploads\/2022\/11\/read1.jpg\" alt=\"skaityti\" width=\"\" height=\"\" \/><\/div>\n<div style=\"padding-left: 5px;\">\n<div style=\"font-size: 1.1em;\">\n<p><strong>Loterijos, kuriose yra did\u017eiausi \u0161ansai laim\u0117ti didel\u0119 sum\u0105<\/strong><\/p>\n<p style=\"font-size: 0.85em; margin-top: -1.5em;\">Kurioje loterijoje yra geriausi \u0161ansai laim\u0117ti? <a href=\"https:\/\/jackpotlotteryonline.com\/lt\/kuri-loterija-turi-geriausius-sansus-laimeti\">skaityti daugiau<\/a><\/p>\n<\/div>\n<\/div>\n<\/section>\n<h2>&#8220;Thunderball&#8221; burt\u0173 traukimo dienos<\/h2>\n<p>Burt\u0173 traukimo dienos yra keturis kartus per savait\u0119 &#8211; antradieniais, tre\u010diadieniais, penktadieniais ir \u0161e\u0161tadieniais. \u0160ioje Jungtin\u0117s Karalyst\u0117s loterijoje kiekvien\u0105 savait\u0119 vyksta keturi traukimai. \u017daid\u0117jams tai rei\u0161kia, kad tikimyb\u0117 laim\u0117ti &#8220;Thunderball&#8221; pagrindin\u012f priz\u0105 yra keturis kartus didesn\u0117.<\/p>\n<p>Galite dalyvauti viename tira\u017ee, ta\u010diau tikriausiai geriausia dalyvauti keliuose tira\u017euose, kad laim\u0117jimo tikimyb\u0117 b\u016bt\u0173 daug didesn\u0117. Atminkite, kad atlik\u0119 daugiau \u012fra\u0161\u0173 turite didesn\u0119 tikimyb\u0119 laim\u0117ti.<\/p>\n<h2>Kaip patikrinti &#8220;Thunderball&#8221; traukimo rezultatus<\/h2>\n<p>Dabar pereikite prie geriausios dalies &#8211; patikrinti burt\u0173 rezultatus. Vienintelis b\u016bdas su\u017einoti, ar turite tinkam\u0105 kombinacij\u0105, yra patikrinti traukimo rezultatus. Dauguma loterij\u0173 rengia tiesioginius burt\u0173 traukimus ir &#8220;Thunderball&#8221; n\u0117ra i\u0161imtis. Taigi, tiesiogin\u012f burt\u0173 traukim\u0105 galite steb\u0117ti internetu. Svarbu atkreipti d\u0117mes\u012f, kad tiesioginiai traukimai vyksta tam tikru laiku, tod\u0117l laim\u0117jimo atveju neteksite prizo.<\/p>\n<p>\u017dinoma, visada galite panar\u0161yti internete ir su\u017einoti, ar esate laim\u0117tojas. Deja, nors ir galite gauti kombinacij\u0105, skirt\u0105 pagrindiniam prizui laim\u0117ti, kit\u0173 priz\u0173 kategorij\u0173 atveju tai n\u0117ra taip paprasta. Antrosios kategorijos &#8220;Thunderball&#8221; prizas yra 5000 svar\u0173 sterling\u0173, tod\u0117l nenor\u0117tum\u0117te jo praleisti.<\/p>\n<p>Geriausias variantas &#8211; po kiekvieno tira\u017eo v\u0117l apsilankyti \u0161iame puslapyje. Skelbiame naujausius vis\u0173 kategorij\u0173 burt\u0173 rezultatus. Be to, jei biliet\u0105 \u012fsigijote i\u0161 m\u016bs\u0173, prane\u0161ime, jei laim\u0117site kok\u012f nors priz\u0105.<\/p>\n<h2>Prizai, kuriuos galite laim\u0117ti<\/h2>\n<p>Taigi, kokie yra skirtingi prizai \u012fvairiose kategorijose? JK &#8220;Thunderball&#8221; turi kelet\u0105 priz\u0173 kategorij\u0173, o prizas skiriamas tik u\u017e &#8220;Thunderball&#8221; atitikim\u0105. Didel\u0117 tikimyb\u0117, kad \u017eaid\u0117jas gali laim\u0117ti priz\u0105.<\/p>\n<p>Toliau pateikiame JK &#8220;Thunderball&#8221; priz\u0173 kategorij\u0173 pasiskirstym\u0105 ir tikimyb\u0119 laim\u0117ti.<\/p>\n<p>1 kategorija: &#8220;Match 5 + Thunderball&#8221; &#8211; 1 i\u0161 8 060 598 &#8211; 500 000 svar\u0173 sterling\u0173<\/p>\n<p>2 kategorija: tik &#8220;Match 5&#8221; &#8211; 1 i\u0161 620 046 &#8211; 5000 svar\u0173 sterling\u0173<\/p>\n<p>3 kategorija: &#8220;Match 4 + Thunderball&#8221; &#8211; 1 i\u0161 47 416 &#8211; 250 svar\u0173 sterling\u0173<\/p>\n<p>4 kategorija: Tik 4 rungtyn\u0117s &#8211; 1 i\u0161 3 648 &#8211; 100 svar\u0173 sterling\u0173<\/p>\n<p>5 kategorija: &#8220;Match 3 + Thunderball&#8221; &#8211; 1 i\u0161 1437 &#8211; 20 svar\u0173 sterling\u0173<\/p>\n<p>6 kategorija: Tik 3 rungtyn\u0117s &#8211; 1 i\u0161 111 &#8211; 10 svar\u0173 sterling\u0173<\/p>\n<p>7 kategorija: &#8220;Match 2&#8221; + &#8220;Thunderball&#8221; &#8211; 1 i\u0161 135 &#8211; \u00a310<\/p>\n<p>8 kategorija: &#8220;Match 1 + Thunderball&#8221; &#8211; 1 i\u0161 35 &#8211; \u00a35<\/p>\n<p>9 kategorija: Rungtyn\u0117s &#8220;Thunderball&#8221; &#8211; 1 i\u0161 29 &#8211; \u00a33<\/p>\n<p>&#8220;Thunderball&#8221; priz\u0105 gali laim\u0117ti kiekvienas, net jei gyvena ne Jungtin\u0117je Karalyst\u0117je. Tiesiog nusipirkite biliet\u0105 internetu ir tur\u0117kite galimyb\u0119 laim\u0117ti didel\u0119 sum\u0105.<\/p>\n<h2>Laim\u0117jim\u0173 i\u0161mok\u0117jimas<\/h2>\n<p><img loading=\"lazy\" decoding=\"async\" class=\"alignright size-full wp-image-28832\" src=\"http:\/\/jackpotlotteryonline.com\/wp-content\/uploads\/2022\/11\/1_online_win_lottery.jpg\" alt=\"pretenduoti \u012f \" width=\"250\" height=\"167\" \/>Min\u0117jome, kad apie laiming\u0105 biliet\u0105 prane\u0161ame el. pa\u0161tu ir per j\u016bs\u0173 paskyr\u0105. Ta\u010diau kaip atsiimti laim\u0117jim\u0105, jei gyvenate ne Jungtin\u0117je Karalyst\u0117je? Tai klausimas, d\u0117l kurio nerimauja daugyb\u0117 lo\u0161\u0117j\u0173. K\u0105 gi, mes esame \u010dia, kad nuramintume j\u016bs\u0173 \u0161irdis d\u0117l laim\u0117jim\u0173.<\/p>\n<p>Kai u\u017esiregistruosite pas mus ir pirksite loterijos bilietus i\u0161 m\u016bs\u0173, mes supaprastinsime \u0161\u012f proces\u0105. Kaip konsjer\u017eo svetain\u0117, suk\u016br\u0117me skland\u0173 proces\u0105, kurio d\u0117ka gal\u0117site lengvai atsiimti savo laim\u0117jimus. Kai laim\u0117jimai nevir\u0161ija 2 500 eur\u0173, jums tereikia i\u0161 m\u016bs\u0173 svetain\u0117s i\u0161sigryninti pinigus \u012f savo s\u0105skait\u0105.<\/p>\n<p>Jei laim\u0117jote didesn\u0117s nei \u0161i suma vert\u0117s priz\u0105, jums reik\u0117s atsiimti laim\u0117jim\u0105 tiesiogiai i\u0161 loterijos bendrov\u0117s. Mes jums pateiksime pretenzijos form\u0105 ir pad\u0117sime jums atlikti \u0161\u012f proces\u0105. Taigi nereikia baimintis, mes pasir\u016bpinsime, kad viskas b\u016bt\u0173 paprasta ir nekelt\u0173 streso.<\/p>\n<h2>K\u0105 tur\u0117tum\u0117te \u017einoti prie\u0161 atsiimdami priz\u0105<\/h2>\n<p>Prie\u0161 atsiimant priz\u0105, svarbu \u017einoti kelet\u0105 dalyk\u0173 apie \u017eaidim\u0105 loterijoje Jungtin\u0117je Karalyst\u0117je. Jau \u017einome, kad loterijoje gali dalyvauti visi, nepriklausomai nuo pilietyb\u0117s, ta\u010diau \u0161tai keletas dalyk\u0173, \u012f kuriuos reik\u0117t\u0173 atkreipti d\u0117mes\u012f:<\/p>\n<ul>\n<li>Loterijoje gali dalyvauti vyresni nei 16 met\u0173 \u017eaid\u0117jai.<\/li>\n<li>Prizai i\u0161mokami vienkartine suma<\/li>\n<li>Loterijos laim\u0117jimai \u0161alyje neapmokestinami. Ta\u010diau, jei \u017eaid\u017eiate ne i\u0161 \u0161alies, tur\u0117tum\u0117te pasidom\u0117ti savo \u0161alies mokes\u010di\u0173 \u012fstatymais<\/li>\n<li>Per 180 dien\u0173 galite atsiimti bet kok\u012f laim\u0117jim\u0105, kol jis gr\u012f\u0161 \u012f fond\u0105<\/li>\n<li>Jei loterijoje dalyvavote per fizin\u012f pardav\u0117j\u0105, jums gali tekti susisiekti su loterijos organizatoriais, kad atsiimtum\u0117te laim\u0117jim\u0105.<\/li>\n<\/ul>\n<h2>Privalumai \u017eaid\u017eiant loterij\u0105 su Jackpotlotlotteryonline.com<\/h2>\n<ul>\n<li>Gausite greit\u0105 ir tiesiogin\u0119 prieig\u0105 prie loterijos. Jums nereikia gyventi Jungtin\u0117je Karalyst\u0117je, kad gal\u0117tum\u0117te \u017eaisti loterijoje<\/li>\n<li>Tai itin patogu, nes jums nereikia i\u0161eiti i\u0161 nam\u0173. Patikrinkite savo kombinacij\u0105 i\u0161 kompiuterio arba mobiliojo \u012frenginio.<\/li>\n<li>Tai taip pat saugiau, nes j\u016bs\u0173 bilietas saugomas skaitmeniniu b\u016bdu. Tai svarbu, nes tai vienintelis b\u016bdas atsiimti laim\u0117jim\u0105.<\/li>\n<li>Nereikia praleisti savo laim\u0117jimo, nes mes i\u0161 karto jus \u012fsp\u0117sime, jei laim\u0117site kok\u012f nors priz\u0105<\/li>\n<li>Galite lengvai atsiimti bet kok\u012f laim\u0117jim\u0105 internetu, niekur nevykstant<\/li>\n<\/ul>\n<p>Jei dar nenusipirkote &#8220;Thunderball&#8221; bilieto, tai puikus metas tai padaryti, kad gal\u0117tum\u0117te dalyvauti kitame lo\u0161ime.<\/p>\n<h2>Kas yra konsjer\u017eo svetain\u0117?<\/h2>\n<p>Min\u0117jome, kad esame konsjer\u017eo svetain\u0117, ir jums gali b\u016bti \u012fdomu, kas tai yra. Na, viena i\u0161 problem\u0173, su kuria susiduria \u017eaid\u0117jai, pirkdami bilietus internetu, yra ta, kad jie niekada ne\u017eino, ar dalyvavo loterijoje. Daugelis svetaini\u0173 leid\u017eia savo \u017eaid\u0117jams la\u017eintis d\u0117l loterijos rezultat\u0173, o tai yra visai kas kita.<\/p>\n<p>Svetain\u0117je jackpotlotlotteryonline.com savo vartotojams suteikiame prieig\u0105 prie geriausi\u0173 tarptautini\u0173 loterij\u0173 visame pasaulyje. Taip yra tod\u0117l, kad mes valdome konsjer\u017eo svetain\u0119, kurioje turime agent\u0173 \u012fvairiose pasaulio dalyse. Kai i\u0161 m\u016bs\u0173 perkate loterijos bilietus, m\u016bs\u0173 agentas toje \u0161alyje nuperka fizin\u012f biliet\u0105 su atitinkamais skai\u010diais. Tada bilietas nuskenuojamas ir siun\u010diamas jums.<\/p>\n<p>Pirkdami &#8220;Thunderball&#8221; loterijos biliet\u0105 i\u0161 m\u016bs\u0173, esate tikri, kad jei atitiksite i\u0161trauktus skai\u010dius, laim\u0117site loterijoje. Tai taip paprasta, ta\u010diau b\u016btent d\u0117l to m\u016bs\u0173 klientai gali b\u016bti ram\u016bs \u017eaisdami loterij\u0105 internetu.<\/p>\n<h2>Patarimai, kaip laim\u0117ti &#8220;Thunderball<\/h2>\n<p>Nors &#8220;Thunderball&#8221; yra atsitiktinis \u017eaidimas, yra dalyk\u0173, kuriuos galite padaryti, kad padidintum\u0117te laim\u0117jimo tikimyb\u0119. Kelet\u0105 j\u0173 i\u0161vardysime toliau:<\/p>\n<ul>\n<li>Pasirinkite savo laiminguosius skai\u010dius. \u017daisdami &#8220;Thunderball&#8221; negalite tur\u0117ti per daug s\u0117km\u0117s.<\/li>\n<li>Pirkite daugiau biliet\u0173 ir dalyvaukite keliuose traukimuose. Taip yra tod\u0117l, kad kuo daugiau turite \u012fra\u0161\u0173, tuo didesn\u0117 tikimyb\u0117 laim\u0117ti.<\/li>\n<li>Prisijunkite prie sindikato arba sudarykite sindikat\u0105. Tai grup\u0117 \u017emoni\u0173, kurie sutelkia savo l\u0117\u0161as, kad gal\u0117t\u0173 nusipirkti daugiau biliet\u0173.<\/li>\n<li>Tvirtai tik\u0117kite, kad laim\u0117site. Ka\u017ekas tokio, kai tikite visa \u0161irdimi, pritraukia s\u0117km\u0119. Keletas loterijos laim\u0117toj\u0173 yra kalb\u0117j\u0119 apie savo tik\u0117jim\u0105, kad laim\u0117s.<\/li>\n<\/ul>\n<h2>Patikrinkite savo laim\u0117jimo kombinacij\u0105 svetain\u0117je jackpotlotlotteryonline.com<\/h2>\n<p>Mes palengviname \u017eaid\u0117jams prieig\u0105 prie geriausi\u0173 tarptautini\u0173 loterij\u0173, teikdami bilietus internetu. Be to, m\u016bs\u0173 svetain\u0117je taip pat galite pasitikrinti traukimo rezultatus ir i\u0161sigryninti laim\u0117jimus. \u017daisti &#8220;Thunderball&#8221; dar niekada nebuvo taip ramu ir be streso. Mes steng\u0117m\u0117s, kad taip ir likt\u0173.<\/p>\n<p>Jei norite i\u0161bandyti JK &#8220;Thunderball&#8221;, nedvejodami \u012fsigykite bilietus jau dabar. Po kiekvieno tira\u017eo apsilankykite m\u016bs\u0173 svetain\u0117je, kad su\u017einotum\u0117te tira\u017eo rezultatus ir lengvai i\u0161sigrynintum\u0117te laim\u0117jimus.<\/p>\n","protected":false},"excerpt":{"rendered":"<p>Thunderball yra viena i\u0161 populiariausi\u0173 Jungtin\u0117s Karalyst\u0117s loterij\u0173. U\u017e nedidel\u0119 sum\u0105 lo\u0161\u0117jai gali laim\u0117ti pus\u0119 milijono svar\u0173 sterling\u0173, o tai yra fantasti\u0161ka. Yra daugyb\u0117 loterij\u0173, ta\u010diau &#8220;Thunderball&#8221; tiesiog ka\u017ekuo traukia \u017eaid\u0117jus. Tai gali b\u016bti ne\u012ftik\u0117tinai palank\u016bs koeficientai arba faktas, kad joje daug laim\u0117toj\u0173. Kad ir kokia b\u016bt\u0173 prie\u017eastis, \u017eaid\u0117jai visame pasaulyje taip pat perka &#8220;Thunderball&#8221; [&hellip;]<\/p>\n","protected":false},"author":1,"featured_media":0,"parent":35842,"menu_order":12,"comment_status":"closed","ping_status":"closed","template":"thunderball-results.php","meta":{"_et_pb_use_builder":"","_et_pb_old_content":"","_et_gb_content_width":"","exclude_from_search":false,"footnotes":""},"class_list":["post-41321","page","type-page","status-publish","hentry"],"yoast_head":"<!-- This site is optimized with the Yoast SEO plugin v23.3 - https:\/\/yoast.com\/wordpress\/plugins\/seo\/ -->\n<title>Loterijos &quot;Thunderball&quot; laim\u0117j\u0119 numeriai ir pie\u0161imo rezultatai<\/title>\n<meta name=\"description\" content=\"Patikrinkite savo biliet\u0105 pagal naujausio &quot;Thunderball&quot; tira\u017eo laiminguosius skai\u010dius ir rezultatus arba raskite istorinius tira\u017e\u0173 rezultatus\" \/>\n<meta name=\"robots\" content=\"index, follow, max-snippet:-1, max-image-preview:large, max-video-preview:-1\" \/>\n<link rel=\"canonical\" href=\"https:\/\/jackpotlotteryonline.com\/lt\/laimeje-skaitmenys\/thunderball\/\" \/>\n<meta property=\"og:locale\" content=\"lt_LT\" \/>\n<meta property=\"og:type\" content=\"article\" \/>\n<meta property=\"og:title\" content=\"Loterijos &quot;Thunderball&quot; laim\u0117j\u0119 numeriai ir pie\u0161imo rezultatai\" \/>\n<meta property=\"og:description\" content=\"Patikrinkite savo biliet\u0105 pagal naujausio &quot;Thunderball&quot; tira\u017eo laiminguosius skai\u010dius ir rezultatus arba raskite istorinius tira\u017e\u0173 rezultatus\" \/>\n<meta property=\"og:url\" content=\"https:\/\/jackpotlotteryonline.com\/lt\/laimeje-skaitmenys\/thunderball\/\" \/>\n<meta property=\"og:site_name\" content=\"Lotto Online - Crack The International Lottery Jackpots\" \/>\n<meta property=\"article:modified_time\" content=\"2022-12-29T13:47:39+00:00\" \/>\n<meta property=\"og:image\" content=\"http:\/\/jackpotlotteryonline.com\/wp-content\/uploads\/2022\/11\/1_rain_lottery_money_win-282x300.jpg\" \/>\n<meta name=\"twitter:card\" content=\"summary_large_image\" \/>\n<meta name=\"twitter:label1\" content=\"Est. reading time\" \/>\n\t<meta name=\"twitter:data1\" content=\"7 minut\u0117s\" \/>\n<!-- \/ Yoast SEO plugin. -->","yoast_head_json":{"title":"Loterijos \"Thunderball\" laim\u0117j\u0119 numeriai ir pie\u0161imo rezultatai","description":"Patikrinkite savo biliet\u0105 pagal naujausio \"Thunderball\" tira\u017eo laiminguosius skai\u010dius ir rezultatus arba raskite istorinius tira\u017e\u0173 rezultatus","robots":{"index":"index","follow":"follow","max-snippet":"max-snippet:-1","max-image-preview":"max-image-preview:large","max-video-preview":"max-video-preview:-1"},"canonical":"https:\/\/jackpotlotteryonline.com\/lt\/laimeje-skaitmenys\/thunderball\/","og_locale":"lt_LT","og_type":"article","og_title":"Loterijos \"Thunderball\" laim\u0117j\u0119 numeriai ir pie\u0161imo rezultatai","og_description":"Patikrinkite savo biliet\u0105 pagal naujausio \"Thunderball\" tira\u017eo laiminguosius skai\u010dius ir rezultatus arba raskite istorinius tira\u017e\u0173 rezultatus","og_url":"https:\/\/jackpotlotteryonline.com\/lt\/laimeje-skaitmenys\/thunderball\/","og_site_name":"Lotto Online - Crack The International Lottery Jackpots","article_modified_time":"2022-12-29T13:47:39+00:00","og_image":[{"url":"http:\/\/jackpotlotteryonline.com\/wp-content\/uploads\/2022\/11\/1_rain_lottery_money_win-282x300.jpg"}],"twitter_card":"summary_large_image","twitter_misc":{"Est. reading time":"7 minut\u0117s"},"schema":{"@context":"https:\/\/schema.org","@graph":[{"@type":"WebPage","@id":"https:\/\/jackpotlotteryonline.com\/lt\/laimeje-skaitmenys\/thunderball\/","url":"https:\/\/jackpotlotteryonline.com\/lt\/laimeje-skaitmenys\/thunderball\/","name":"Loterijos \"Thunderball\" laim\u0117j\u0119 numeriai ir pie\u0161imo rezultatai","isPartOf":{"@id":"https:\/\/jackpotlotteryonline.com\/#website"},"primaryImageOfPage":{"@id":"https:\/\/jackpotlotteryonline.com\/lt\/laimeje-skaitmenys\/thunderball\/#primaryimage"},"image":{"@id":"https:\/\/jackpotlotteryonline.com\/lt\/laimeje-skaitmenys\/thunderball\/#primaryimage"},"thumbnailUrl":"http:\/\/jackpotlotteryonline.com\/wp-content\/uploads\/2022\/11\/1_rain_lottery_money_win-282x300.jpg","datePublished":"2022-12-09T06:39:49+00:00","dateModified":"2022-12-29T13:47:39+00:00","description":"Patikrinkite savo biliet\u0105 pagal naujausio \"Thunderball\" tira\u017eo laiminguosius skai\u010dius ir rezultatus arba raskite istorinius tira\u017e\u0173 rezultatus","breadcrumb":{"@id":"https:\/\/jackpotlotteryonline.com\/lt\/laimeje-skaitmenys\/thunderball\/#breadcrumb"},"inLanguage":"lt-LT","potentialAction":[{"@type":"ReadAction","target":["https:\/\/jackpotlotteryonline.com\/lt\/laimeje-skaitmenys\/thunderball\/"]}]},{"@type":"ImageObject","inLanguage":"lt-LT","@id":"https:\/\/jackpotlotteryonline.com\/lt\/laimeje-skaitmenys\/thunderball\/#primaryimage","url":"http:\/\/jackpotlotteryonline.com\/wp-content\/uploads\/2022\/11\/1_rain_lottery_money_win-282x300.jpg","contentUrl":"http:\/\/jackpotlotteryonline.com\/wp-content\/uploads\/2022\/11\/1_rain_lottery_money_win-282x300.jpg"},{"@type":"BreadcrumbList","@id":"https:\/\/jackpotlotteryonline.com\/lt\/laimeje-skaitmenys\/thunderball\/#breadcrumb","itemListElement":[{"@type":"ListItem","position":1,"name":"Home","item":"https:\/\/jackpotlotteryonline.com\/lt\/"},{"@type":"ListItem","position":2,"name":"Loterijos rezultatai","item":"https:\/\/jackpotlotteryonline.com\/lt\/laimeje-skaitmenys\/"},{"@type":"ListItem","position":3,"name":"Thunderball loterijos atkreipti rezultatus"}]},{"@type":"WebSite","@id":"https:\/\/jackpotlotteryonline.com\/#website","url":"https:\/\/jackpotlotteryonline.com\/","name":"Lotto Online - Crack The International Lottery Jackpots","description":"","potentialAction":[{"@type":"SearchAction","target":{"@type":"EntryPoint","urlTemplate":"https:\/\/jackpotlotteryonline.com\/?s={search_term_string}"},"query-input":"required name=search_term_string"}],"inLanguage":"lt-LT"}]}},"_links":{"self":[{"href":"https:\/\/jackpotlotteryonline.com\/lt\/wp-json\/wp\/v2\/pages\/41321","targetHints":{"allow":["GET"]}}],"collection":[{"href":"https:\/\/jackpotlotteryonline.com\/lt\/wp-json\/wp\/v2\/pages"}],"about":[{"href":"https:\/\/jackpotlotteryonline.com\/lt\/wp-json\/wp\/v2\/types\/page"}],"author":[{"embeddable":true,"href":"https:\/\/jackpotlotteryonline.com\/lt\/wp-json\/wp\/v2\/users\/1"}],"replies":[{"embeddable":true,"href":"https:\/\/jackpotlotteryonline.com\/lt\/wp-json\/wp\/v2\/comments?post=41321"}],"version-history":[{"count":0,"href":"https:\/\/jackpotlotteryonline.com\/lt\/wp-json\/wp\/v2\/pages\/41321\/revisions"}],"up":[{"embeddable":true,"href":"https:\/\/jackpotlotteryonline.com\/lt\/wp-json\/wp\/v2\/pages\/35842"}],"wp:attachment":[{"href":"https:\/\/jackpotlotteryonline.com\/lt\/wp-json\/wp\/v2\/media?parent=41321"}],"curies":[{"name":"wp","href":"https:\/\/api.w.org\/{rel}","templated":true}]}}