{"id":41375,"date":"2022-12-09T08:43:15","date_gmt":"2022-12-09T08:43:15","guid":{"rendered":"https:\/\/jackpotlotteryonline.com\/?page_id=41375"},"modified":"2022-12-30T10:00:17","modified_gmt":"2022-12-30T10:00:17","slug":"new-york-lottery","status":"publish","type":"page","link":"https:\/\/jackpotlotteryonline.com\/lt\/laimeje-skaitmenys\/new-york-lottery\/","title":{"rendered":"Niujorkas loterijos atkreipti rezultatai"},"content":{"rendered":"<p>Niujorko loterija anks\u010diau buvo viena i\u0161 t\u0173, \u012f kurias nekreipiama d\u0117mesio. Daugiausia d\u0117l to, kad loterijoje gal\u0117jo dalyvauti tik Niujorko gyventojai. Dabar visa tai pasikeit\u0117, nes loterijos bilietus gali \u012fsigyti viso pasaulio \u017eaid\u0117jai. Dabar vis daugiau loterij\u0173 entuziast\u0173 laimingus skai\u010dius renkasi \u017eaisdami internetu. \u0160i Niujorko loterija buvo \u012fkurta siekiant surinkti l\u0117\u0161\u0173 \u0161vietimui, taigi jos i\u0161takos yra geros. Kiekvien\u0105 kart\u0105 pirkdami biliet\u0105 j\u016bs skiriate l\u0117\u0161\u0173 \u0161vietimui finansuoti.<\/p>\n<p><a href=\"https:\/\/jackpotlotteryonline.com\/lt\/pirkti-bilietus\/new-york-lottery\">Pirkdami loterijos biliet\u0105 jackpotlotlotteryonline.com<\/a> galite pasirinkti savo Niujorko loto kombinacij\u0105.<\/p>\n<h2>Kaip \u017eaisti Niujorko loto internete<\/h2>\n<p><img loading=\"lazy\" decoding=\"async\" class=\"alignright size-full wp-image-29534\" src=\"https:\/\/jackpotlotteryonline.com\/wp-content\/uploads\/2022\/11\/1_results_lottery_online5.jpg\" alt=\"\u017daiskite Niujorko loto internetu\" width=\"300\" height=\"200\" \/>\u017daisti loterij\u0105 yra smagu ir \u012fdomu. Ta\u010diau \u0161i patirtis dar labiau sustipr\u0117ja, kai \u017eaid\u017eiate internetu. Dalyvavimas loterijoje internetu yra greitas, paprastas ir visi\u0161kai nesud\u0117tingas. Jei \u017eaid\u017eiate Niujorko loto, toliau pateikiami \u0161ie \u017eingsniai:<\/p>\n<ul>\n<li>Apsilankykite pasirinktoje svetain\u0117je (pvz., jackpotlotlotteryonline.com) ir spustel\u0117kite loterij\u0105, kuri\u0105 norite \u017eaisti.<\/li>\n<li>Pasirinkite 6 i\u0161 diapazono nuo 1 iki 59. Yra 7-asis skai\u010dius, ta\u010diau j\u012f atsitiktinai i\u0161traukia loterijos bendrov\u0117 ir jis n\u0117ra j\u016bs\u0173 bilieto dalis.<\/li>\n<li>\u012eveskite burtus, kurie vyksta kiekvien\u0105 savait\u0119 tre\u010diadieniais ir \u0161e\u0161tadieniais. Galite dalyvauti tik viename arba abiejuose tira\u017euose.<\/li>\n<li>U\u017ebaigti mok\u0117jim\u0105. Daugelyje loterij\u0173 svetaini\u0173 bus pra\u0161oma u\u017esiregistruoti, kad gal\u0117tum\u0117te u\u017ebaigti mok\u0117jim\u0105. Tai daroma tam, kad nusipirk\u0119 biliet\u0105 gal\u0117tum\u0117te lengvai j\u012f pasiekti.<\/li>\n<\/ul>\n<p>\u017daisti loterij\u0105 internetu i\u0161 ties\u0173 labai paprasta. N\u0117ra jokio kito b\u016bdo \u012fsigyti bilietus ne i\u0161 Niujorko. \u0160tai kod\u0117l mes suteikiame puiki\u0105 galimyb\u0119 \u017eaid\u0117jams, gyvenantiems kitame pasaulio kra\u0161te.<\/p>\n<h2>Kaip pasirinkti laimin\u010dius skai\u010dius<\/h2>\n<p>Gerai, ar tikrai egzistuoja strategija, kaip pasirinkti kombinacijas, kurios garantuotai pad\u0117s laim\u0117ti loterijoje? Nemanome, kad yra, d\u0117l paprastos prie\u017easties &#8211; loterija yra atsitiktinis \u017eaidimas. Gana sunku pasakyti, kuris derinys pad\u0117s jums laim\u0117ti loterijoje, ypa\u010d d\u0117l to, kad burtai yra atsitiktiniai.<\/p>\n<p>Nepaisant to, galite sustiprinti savo s\u0117km\u0119 pasirinkdami laimingus skai\u010dius, d\u0117l kuri\u0173 jau\u010diat\u0117s laimingi. Taigi galite rinktis gimtadienius, jubiliejus, skai\u010dius, kurie vis\u0105 gyvenim\u0105 jums buvo laimingi, ir t. t. Arba galite tiesiog pasinaudoti m\u016bs\u0173 svetain\u0117je esan\u010diu automatinio generatoriaus \u012frankiu ir pasirinkti atsitiktinius skai\u010dius.<\/p>\n<h2>Niujorko loto priz\u0173 kategorijos<\/h2>\n<p>\u0160io Niujorko loto ma\u017eiausias laim\u0117jimas yra 2 mln. doleri\u0173. Ta\u010diau jei po burt\u0173 traukimo niekas nelaim\u0117s pagrindinio prizo, jis padid\u0117ja 300 000 JAV doleri\u0173. \u0160is prizas did\u0117ja tol, kol paai\u0161k\u0117ja laim\u0117tojas.<\/p>\n<p>I\u0161 viso yra penkios priz\u0173 kategorijos, \u012fskaitant pagrindin\u012f priz\u0105. O tikimyb\u0117 laim\u0117ti bendr\u0105 priz\u0105 yra 1 i\u0161 92,05. Priz\u0173 paskirstymas priklauso nuo bendr\u0173 pardavim\u0173. Taigi, kiekvienai loterijai 40 % pardavim\u0173 skiriama kaip prizai. Pagrindinis prizas yra procentin\u0117 \u0161io laim\u0117jimo dalis, o ne fiksuota suma. Toliau pateikiamos Niujorko loto priz\u0173 kategorijos:<\/p>\n<p>1 kategorija: 6 skai\u010diai &#8211; pagrindinis prizas (30 %)<\/p>\n<p>2 kategorija: 5 + premijinis skai\u010dius &#8211; 2,9 % pardavim\u0173<\/p>\n<p>3 kategorija: 5 skai\u010diai &#8211; 2,2 % pardavim\u0173<\/p>\n<p>4 kategorija: 4 skai\u010diai &#8211; 2,5 % pardavim\u0173<\/p>\n<p>5 kategorija: 3 skai\u010diai &#8211; 2,4 % pardavim\u0173<\/p>\n<h2>Kaip patikrinti laimin\u010dius numerius<\/h2>\n<p>Kaip su\u017einoti, ar laim\u0117jote priz\u0105? I\u0161 esm\u0117s, jei \u017eaid\u017eiate Niujorko loto svetain\u0117je jackpotlotlotteryonline.com, mes jums prane\u0161ime, ar laim\u0117jote priz\u0105. Tai padarysime i\u0161si\u0173sdami \u017einut\u0119 \u012f j\u016bs\u0173 paskyr\u0105 ir \u012f j\u016bs\u0173 el. pa\u0161t\u0105. Tikrai n\u0117ra jokios galimyb\u0117s praleisti savo prizo, jei esate u\u017esiregistrav\u0119 pas mus.<\/p>\n<p>Net jei nelaim\u0117site prizo, laim\u0117jimo numerius galite pasitikrinti apsilank\u0119 \u0161iame puslapyje. Po kiekvieno burt\u0173 traukimo \u010dia skelbiame burt\u0173 traukimo rezultatus. Taigi apsilankykite ir su\u017einokite, kokia kombinacija laim\u0117jo pagrindin\u012f priz\u0105 arba kit\u0173 kategorij\u0173 prizus.<\/p>\n<h2>Kaip atsiimti priz\u0105<\/h2>\n<p><img loading=\"lazy\" decoding=\"async\" class=\"alignright size-medium wp-image-29183\" src=\"https:\/\/jackpotlotteryonline.com\/wp-content\/uploads\/2022\/11\/1_play_lotto-online-300x199.jpg\" alt=\"Niujorko loto laim\u0117j\u0119 numeriai\" width=\"300\" height=\"199\" srcset=\"https:\/\/jackpotlotteryonline.com\/wp-content\/uploads\/2022\/11\/1_play_lotto-online-300x199.jpg 300w, https:\/\/jackpotlotteryonline.com\/wp-content\/uploads\/2022\/11\/1_play_lotto-online.jpg 350w\" sizes=\"auto, (max-width: 300px) 100vw, 300px\" \/>Jei laim\u0117jote priz\u0105, savo laim\u0117jim\u0105 galite lengvai gauti \u010dia, m\u016bs\u0173 svetain\u0117je. Jei laim\u0117jimas ma\u017eesnis nei 2500 eur\u0173, laim\u0117jim\u0105 galite atsiimti tiesiai \u012f savo bank\u0105 i\u0161 m\u016bs\u0173 platformos. Tereikia vos keli\u0173 paspaudim\u0173 ir be jokio vargo gausite savo priz\u0105.<\/p>\n<p>Ta\u010diau jei j\u016bs\u0173 laim\u0117jimas vir\u0161ija 2500 eur\u0173, jums gali tekti tiesiogiai susisiekti su loterijos bendrove. Tokiu atveju atsi\u0173sime jums pretenzijos form\u0105, kuri\u0105 tur\u0117site u\u017epildyti, ir pad\u0117sime \u012fforminti laim\u0117jim\u0105.<\/p>\n<h2>Patarimai, kaip \u017eaisti Niujorko loto<\/h2>\n<p>Jei jums reikia patarim\u0173, kaip \u017eaisti loterijoje, skaitykite toliau. \u0160ie patarimai pravers \u017eaid\u017eiant bet kuri\u0105 populiariausi\u0105 tarptautin\u0119 loterij\u0105. Taigi, jie taikomi ne tik Niujorko lotto.<\/p>\n<ul>\n<li>Atsargiai rinkit\u0117s laimin\u010dius skai\u010dius. Nors loterijos nugal\u0117tojo nusp\u0117ti negalite, visada pravartu pasirinkti jums reik\u0161ming\u0105 kombinacij\u0105.<\/li>\n<li>\u0160ioje Niujorko loto loterijoje svarbus premijinis skai\u010dius, nes jis lemia antrosios kategorijos priz\u0105. Taigi neignoruokite jo, nes galite gr\u012f\u017eti namo su gra\u017eiu laim\u0117jimu, net jei nelaim\u0117site pagrindinio prizo.<\/li>\n<li>Atkreipkite d\u0117mes\u012f \u012f burt\u0173 traukimo dienas, nes b\u016btent tada su\u017einosime laimint\u012f skai\u010di\u0173. Be to, jei nedalyvaujate burt\u0173 traukime, per t\u0105 traukim\u0105 negalite laim\u0117ti jokio prizo. Taigi burt\u0173 dienos yra tikrai svarbios. Taip pat galite dalyvauti burtuose prie\u0161 kelias savaites (v\u0117liau parodysime, kaip tai padaryti).<\/li>\n<\/ul>\n<section class=\"layout\" style=\"border: solid 1px; width: 100%;\">\n<div class=\"img-div\" style=\"margin-top: 5px;\"><img decoding=\"async\" class=\"wp-image-17212 alignleft\" style=\"height: 45px; margin: 8px 8px 0px;\" src=\"https:\/\/jackpotlotteryonline.com\/wp-content\/uploads\/2022\/11\/read1.jpg\" alt=\"skaityti\" width=\"\" height=\"\" \/><\/div>\n<div style=\"padding-left: 5px;\">\n<div style=\"font-size: 1.1em;\">\n<p><strong>Kokia yra loterijos s\u0117km\u0117s paslaptis?<\/strong><\/p>\n<p style=\"font-size: 0.85em; margin-top: -1.5em;\">Kaip s\u0117kmingai \u017eaisti loterijoje\u00a0<a href=\"https:\/\/jackpotlotteryonline.com\/lt\/kas-yra-loterijos-sekmes-paslaptis\"> skaityti daugiau<\/a><\/p>\n<\/div>\n<\/div>\n<\/section>\n<h2>Patikrinkite burt\u0173 traukimo rezultatus svetain\u0117je jackpotlotlotteryonline.com<\/h2>\n<p>Esame konsjer\u017eo svetain\u0117, kuri r\u016bpinasi smulkmenomis, kad m\u016bs\u0173 klientai gal\u0117t\u0173 m\u0117gautis \u017eaidimu loterijoje. Suprantame, kad niekas nenori r\u016bpintis smulkmenomis. T\u0105 laik\u0105 geriau praleisti tobulinant loterijos strategij\u0105. \u0160tai kod\u0117l mes esame \u010dia.<\/p>\n<p>Savo klientams suteikiame galimyb\u0119 dalyvauti loterijose visame pasaulyje. Taip pat \u010dia pat skelbiame loterij\u0173 rezultatus ir u\u017etikriname vientis\u0105 sistem\u0105, kad gal\u0117tum\u0117te pasiekti savo laim\u0117jimus.<\/p>\n<p><a href=\"https:\/\/jackpotlotteryonline.com\/lt\/kaip-zaisti\/new-york-lottery-2\">\u017daisti Niujorko loto su mumis<\/a> yra abipusiai naudinga.<\/p>\n","protected":false},"excerpt":{"rendered":"<p>Niujorko loterija anks\u010diau buvo viena i\u0161 t\u0173, \u012f kurias nekreipiama d\u0117mesio. Daugiausia d\u0117l to, kad loterijoje gal\u0117jo dalyvauti tik Niujorko gyventojai. Dabar visa tai pasikeit\u0117, nes loterijos bilietus gali \u012fsigyti viso pasaulio \u017eaid\u0117jai. Dabar vis daugiau loterij\u0173 entuziast\u0173 laimingus skai\u010dius renkasi \u017eaisdami internetu. \u0160i Niujorko loterija buvo \u012fkurta siekiant surinkti l\u0117\u0161\u0173 \u0161vietimui, taigi jos i\u0161takos [&hellip;]<\/p>\n","protected":false},"author":1,"featured_media":0,"parent":35842,"menu_order":15,"comment_status":"closed","ping_status":"closed","template":"newyork-results.php","meta":{"_et_pb_use_builder":"","_et_pb_old_content":"","_et_gb_content_width":"","exclude_from_search":false,"footnotes":""},"class_list":["post-41375","page","type-page","status-publish","hentry"],"yoast_head":"<!-- This site is optimized with the Yoast SEO plugin v23.3 - https:\/\/yoast.com\/wordpress\/plugins\/seo\/ -->\n<title>Niujorko loterijos laim\u0117j\u0119 numeriai ir traukimo rezultatai<\/title>\n<meta name=\"description\" content=\"Niujorko loterijos lygiosios rezultatai - laim\u0117j\u0119 numeriai, laim\u0117tos sumos u\u017e visus ankstesnius ir dabartinius tira\u017eus\" \/>\n<meta name=\"robots\" content=\"index, follow, max-snippet:-1, max-image-preview:large, max-video-preview:-1\" \/>\n<link rel=\"canonical\" href=\"https:\/\/jackpotlotteryonline.com\/lt\/laimeje-skaitmenys\/new-york-lottery\/\" \/>\n<meta property=\"og:locale\" content=\"lt_LT\" \/>\n<meta property=\"og:type\" content=\"article\" \/>\n<meta property=\"og:title\" content=\"Niujorko loterijos laim\u0117j\u0119 numeriai ir traukimo rezultatai\" \/>\n<meta property=\"og:description\" content=\"Niujorko loterijos lygiosios rezultatai - laim\u0117j\u0119 numeriai, laim\u0117tos sumos u\u017e visus ankstesnius ir dabartinius tira\u017eus\" \/>\n<meta property=\"og:url\" content=\"https:\/\/jackpotlotteryonline.com\/lt\/laimeje-skaitmenys\/new-york-lottery\/\" \/>\n<meta property=\"og:site_name\" content=\"Lotto Online - Crack The International Lottery Jackpots\" \/>\n<meta property=\"article:modified_time\" content=\"2022-12-30T10:00:17+00:00\" \/>\n<meta property=\"og:image\" content=\"https:\/\/jackpotlotteryonline.com\/wp-content\/uploads\/2022\/11\/1_results_lottery_online5.jpg\" \/>\n<meta name=\"twitter:card\" content=\"summary_large_image\" \/>\n<meta name=\"twitter:label1\" content=\"Est. reading time\" \/>\n\t<meta name=\"twitter:data1\" content=\"4 minut\u0117s\" \/>\n<!-- \/ Yoast SEO plugin. -->","yoast_head_json":{"title":"Niujorko loterijos laim\u0117j\u0119 numeriai ir traukimo rezultatai","description":"Niujorko loterijos lygiosios rezultatai - laim\u0117j\u0119 numeriai, laim\u0117tos sumos u\u017e visus ankstesnius ir dabartinius tira\u017eus","robots":{"index":"index","follow":"follow","max-snippet":"max-snippet:-1","max-image-preview":"max-image-preview:large","max-video-preview":"max-video-preview:-1"},"canonical":"https:\/\/jackpotlotteryonline.com\/lt\/laimeje-skaitmenys\/new-york-lottery\/","og_locale":"lt_LT","og_type":"article","og_title":"Niujorko loterijos laim\u0117j\u0119 numeriai ir traukimo rezultatai","og_description":"Niujorko loterijos lygiosios rezultatai - laim\u0117j\u0119 numeriai, laim\u0117tos sumos u\u017e visus ankstesnius ir dabartinius tira\u017eus","og_url":"https:\/\/jackpotlotteryonline.com\/lt\/laimeje-skaitmenys\/new-york-lottery\/","og_site_name":"Lotto Online - Crack The International Lottery Jackpots","article_modified_time":"2022-12-30T10:00:17+00:00","og_image":[{"url":"https:\/\/jackpotlotteryonline.com\/wp-content\/uploads\/2022\/11\/1_results_lottery_online5.jpg"}],"twitter_card":"summary_large_image","twitter_misc":{"Est. reading time":"4 minut\u0117s"},"schema":{"@context":"https:\/\/schema.org","@graph":[{"@type":"WebPage","@id":"https:\/\/jackpotlotteryonline.com\/lt\/laimeje-skaitmenys\/new-york-lottery\/","url":"https:\/\/jackpotlotteryonline.com\/lt\/laimeje-skaitmenys\/new-york-lottery\/","name":"Niujorko loterijos laim\u0117j\u0119 numeriai ir traukimo rezultatai","isPartOf":{"@id":"https:\/\/jackpotlotteryonline.com\/#website"},"primaryImageOfPage":{"@id":"https:\/\/jackpotlotteryonline.com\/lt\/laimeje-skaitmenys\/new-york-lottery\/#primaryimage"},"image":{"@id":"https:\/\/jackpotlotteryonline.com\/lt\/laimeje-skaitmenys\/new-york-lottery\/#primaryimage"},"thumbnailUrl":"https:\/\/jackpotlotteryonline.com\/wp-content\/uploads\/2022\/11\/1_results_lottery_online5.jpg","datePublished":"2022-12-09T08:43:15+00:00","dateModified":"2022-12-30T10:00:17+00:00","description":"Niujorko loterijos lygiosios rezultatai - laim\u0117j\u0119 numeriai, laim\u0117tos sumos u\u017e visus ankstesnius ir dabartinius tira\u017eus","breadcrumb":{"@id":"https:\/\/jackpotlotteryonline.com\/lt\/laimeje-skaitmenys\/new-york-lottery\/#breadcrumb"},"inLanguage":"lt-LT","potentialAction":[{"@type":"ReadAction","target":["https:\/\/jackpotlotteryonline.com\/lt\/laimeje-skaitmenys\/new-york-lottery\/"]}]},{"@type":"ImageObject","inLanguage":"lt-LT","@id":"https:\/\/jackpotlotteryonline.com\/lt\/laimeje-skaitmenys\/new-york-lottery\/#primaryimage","url":"https:\/\/jackpotlotteryonline.com\/wp-content\/uploads\/2022\/11\/1_results_lottery_online5.jpg","contentUrl":"https:\/\/jackpotlotteryonline.com\/wp-content\/uploads\/2022\/11\/1_results_lottery_online5.jpg"},{"@type":"BreadcrumbList","@id":"https:\/\/jackpotlotteryonline.com\/lt\/laimeje-skaitmenys\/new-york-lottery\/#breadcrumb","itemListElement":[{"@type":"ListItem","position":1,"name":"Home","item":"https:\/\/jackpotlotteryonline.com\/lt\/"},{"@type":"ListItem","position":2,"name":"Loterijos rezultatai","item":"https:\/\/jackpotlotteryonline.com\/lt\/laimeje-skaitmenys\/"},{"@type":"ListItem","position":3,"name":"Niujorkas loterijos atkreipti rezultatai"}]},{"@type":"WebSite","@id":"https:\/\/jackpotlotteryonline.com\/#website","url":"https:\/\/jackpotlotteryonline.com\/","name":"Lotto Online - Crack The International Lottery Jackpots","description":"","potentialAction":[{"@type":"SearchAction","target":{"@type":"EntryPoint","urlTemplate":"https:\/\/jackpotlotteryonline.com\/?s={search_term_string}"},"query-input":"required name=search_term_string"}],"inLanguage":"lt-LT"}]}},"_links":{"self":[{"href":"https:\/\/jackpotlotteryonline.com\/lt\/wp-json\/wp\/v2\/pages\/41375","targetHints":{"allow":["GET"]}}],"collection":[{"href":"https:\/\/jackpotlotteryonline.com\/lt\/wp-json\/wp\/v2\/pages"}],"about":[{"href":"https:\/\/jackpotlotteryonline.com\/lt\/wp-json\/wp\/v2\/types\/page"}],"author":[{"embeddable":true,"href":"https:\/\/jackpotlotteryonline.com\/lt\/wp-json\/wp\/v2\/users\/1"}],"replies":[{"embeddable":true,"href":"https:\/\/jackpotlotteryonline.com\/lt\/wp-json\/wp\/v2\/comments?post=41375"}],"version-history":[{"count":0,"href":"https:\/\/jackpotlotteryonline.com\/lt\/wp-json\/wp\/v2\/pages\/41375\/revisions"}],"up":[{"embeddable":true,"href":"https:\/\/jackpotlotteryonline.com\/lt\/wp-json\/wp\/v2\/pages\/35842"}],"wp:attachment":[{"href":"https:\/\/jackpotlotteryonline.com\/lt\/wp-json\/wp\/v2\/media?parent=41375"}],"curies":[{"name":"wp","href":"https:\/\/api.w.org\/{rel}","templated":true}]}}