{"id":41428,"date":"2022-12-09T10:32:14","date_gmt":"2022-12-09T10:32:14","guid":{"rendered":"https:\/\/jackpotlotteryonline.com\/?page_id=41428"},"modified":"2022-12-30T12:11:47","modified_gmt":"2022-12-30T12:11:47","slug":"oz-lotto","status":"publish","type":"page","link":"https:\/\/jackpotlotteryonline.com\/lt\/laimeje-skaitmenys\/oz-lotto\/","title":{"rendered":"Oz Lotto atkreipti rezultatai"},"content":{"rendered":"<h2>Oz Lotto atkreipti rezultatai Informacija<\/h2>\n<p><img loading=\"lazy\" decoding=\"async\" class=\"alignright size-full wp-image-26942\" src=\"https:\/\/jackpotlotteryonline.com\/wp-content\/uploads\/2022\/11\/1_euromillions_results.jpg\" alt=\"Oz Lotto atkreipti rezultatai\" width=\"300\" height=\"200\" \/>Ar jums \u012fdomu, kokie yra Oz Lotto atkreipimo rezultatai arba kas nutinka po to, kai kas nors laimi? K\u0105 gi, \u0161iame straipsnyje su\u017einosite, kaip atsakyti \u012f \u0161iuos klausimus.<\/p>\n<p>\u0160i Australijos Lotto programa traukiama kiekvien\u0105 antradien\u012f ir \u0161e\u0161tadien\u012f 19:30 AEST, tod\u0117l i\u0161sirink\u0119 skai\u010dius galite ramiai s\u0117d\u0117ti ir laukti burt\u0173 traukimo. Loterijos traukiamos Sidn\u0117juje, naudojant kompiuterin\u012f skai\u010di\u0173 generatori\u0173.<\/p>\n<p>Oz Lotto yra gana naudingas \u017eaidimas, turintis septynis priz\u0173 skyrius, kuriuose, jei 1 skyrius (pagrindinis prizas) n\u0117ra laimimas, kiti prizai gali b\u016bti laim\u0117ti, jei \u017eaid\u0117jas atsp\u0117ja penkis arba keturis skai\u010dius. Be to, de\u0161imt priz\u0173 po 2 milijonus JAV doleri\u0173 skiriami, kai n\u0117 vienam \u017eaid\u0117jui nepavyksta atsp\u0117ti vis\u0173 septyni\u0173 i\u0161traukt\u0173 skai\u010di\u0173.<\/p>\n<p>Be to, loterijos traukimo rezultatai skelbiami pra\u0117jus savaitei po traukimo Viktorijos valstijos vyriausyb\u0117s interneto svetain\u0117je. Burt\u0173 traukimo laikas yra slaptas, taip siekiama apsaugoti dalyvi\u0173 privatum\u0105.<\/p>\n<h2>Kaip galiu laim\u0117ti &#8220;Australian Oz Lotto&#8221;?<\/h2>\n<p>Nor\u0117dami laim\u0117ti bet kok\u012f &#8220;Oz Lotto&#8221; priz\u0105, tur\u0117tum\u0117te \u017einoti \u0161iuos dalykus:<\/p>\n<ol>\n<li>Nor\u0117damas <a href=\"https:\/\/jackpotlotteryonline.com\/lt\/kaip-zaisti\/oz-lotto\">\u017eaisti &#8220;Oz Lotto&#8221;<\/a>, \u017eaid\u0117jas turi i\u0161 47 skai\u010di\u0173 i\u0161traukti de\u0161imt skai\u010di\u0173.<\/li>\n<li>Pirmieji septyni i\u0161traukti skai\u010diai laikomi laimingais skai\u010diais pagrindiniam prizui laim\u0117ti.<\/li>\n<li>Lik\u0119 trys i\u0161traukti skai\u010diai yra papildomi skai\u010diai, pagal kuriuos nustatomi kit\u0173 skyri\u0173 prizai.<\/li>\n<li>Kuo daugiau sutampan\u010di\u0173 skai\u010di\u0173 \u017eaid\u0117jas turi, tuo didesnis prizas.<\/li>\n<li>Dalyvavimas &#8220;Oz Lotto&#8221; \u017eaidime yra atsitiktinum\u0173 \u017eaidimas; galite arba laim\u0117ti, arba pralaim\u0117ti.<\/li>\n<\/ol>\n<h2>Kaip patikrinti, ar laim\u0117jau konkre\u010diame tira\u017ee?<\/h2>\n<p><img loading=\"lazy\" decoding=\"async\" class=\"alignright size-full wp-image-26159\" src=\"https:\/\/jackpotlotteryonline.com\/wp-content\/uploads\/2022\/11\/1_buy_lottery_online.jpg\" alt=\"Oz Lotto atkreipti rezultatai\" width=\"212\" height=\"142\" \/>Jei <a href=\"https:\/\/jackpotlotteryonline.com\/lt\/pirkti-bilietus\/oz-lotto\">biliet\u0105 \u012fsigijote pas mus<\/a>, maloniai pra\u0161ome patikrinti burt\u0173 rezultatus m\u016bs\u0173 svetain\u0117je. Papras\u010diausias b\u016bdas su\u017einoti, ar laim\u0117jote, yra prisijungti prie savo \u017eaid\u0117jo paskyros m\u016bs\u0173 svetain\u0117je. Tada eikite \u012f &#8220;mano bilietai&#8221; ir pamatysite savo bilieto nuskaitym\u0105 su skai\u010diais, su kuriais \u017eaid\u0117te. Po burt\u0173 traukimo visi sutampantys skai\u010diai bus pary\u0161kinti.<\/p>\n<p>Kitas b\u016bdas su\u017einoti, ar laim\u0117jote, &#8211; patikrinti savo el. pa\u0161t\u0105. I\u0161kart po burt\u0173 traukimo gausite el. lai\u0161k\u0105, kuriame bus prane\u0161ta apie tai, kad laim\u0117jote. Naudodamiesi \u0161ia informacija su\u017einokite, ar tame burt\u0173 traukime laim\u0117jote.<\/p>\n<p>Taip pat galite apsilankyti oficialioje Australijos &#8220;Oz Lotto&#8221; interneto svetain\u0117je ir su\u017einoti daugiau apie ankstesnius rezultatus bei bendr\u0105 informacij\u0105 apie loterij\u0105.<\/p>\n<h2>B\u016bdai, kaip padidinti savo \u0161ansus laim\u0117ti<\/h2>\n<p>Nor\u0117dami padidinti savo galimybes laim\u0117ti pagrindin\u012f priz\u0105, galite dalyvauti keliuose tira\u017euose, pirkdami bilietus \u012f vienas po kito einan\u010dius tira\u017eus. Taip galima \u017eaisti t\u0105 pat\u012f pasirinkim\u0105 kelias savaites. Na, \u017eaid\u017eiant \u0161iuo b\u016bdu padid\u0117s u\u017esakym\u0173 kaina, ta\u010diau tai leis jums \u017eaisti daugiau tira\u017e\u0173.<\/p>\n<section class=\"layout\" style=\"border: solid 1px; width: 100%;\">\n<div class=\"img-div\" style=\"margin-top: 5px;\"><img decoding=\"async\" class=\"wp-image-17212 alignleft\" style=\"height: 45px; margin: 8px 8px 0px;\" src=\"https:\/\/jackpotlotteryonline.com\/wp-content\/uploads\/2022\/11\/read1.jpg\" alt=\"skaityti\" width=\"\" height=\"\" \/><\/div>\n<div style=\"padding-left: 5px;\">\n<div style=\"font-size: 1.1em;\">\n<p><strong>Rinkit\u0117s laimin\u010dius loterijos numerius rankiniu b\u016bdu arba naudodami RNG<\/strong><\/p>\n<p style=\"font-size: 0.85em; margin-top: -1.5em;\">Kaip sugeneruoti laimin\u010dius loterijos numerius?\u00a0<a href=\"https:\/\/jackpotlotteryonline.com\/lt\/kaip-generuoti-laimincius-lotto-numerius\"> skaityti daugiau<\/a><\/p>\n<\/div>\n<\/div>\n<\/section>\n<h2>Kaip galiu gauti savo priz\u0105?<\/h2>\n<p>Laim\u0117j\u0119 bet kur\u012f priz\u0105, atkreipkite d\u0117mes\u012f \u012f toliau nurodytus dalykus:<\/p>\n<ul>\n<li>Ma\u017eesni nei 2500 eur\u0173 laim\u0117jimai bus automati\u0161kai pervesti \u012f j\u016bs\u0173 \u017eaid\u0117jo s\u0105skait\u0105. U\u017e laim\u0117jim\u0105 gautus pinigus galite atsiimti arba toliau pirkti daugiau biliet\u0173.<\/li>\n<li>Jei laim\u0117jimas didesnis nei 2500 \u20ac, prizas bus i\u0161mok\u0117tas tiesiogiai i\u0161 loterijos komisijos, o j\u016bs j\u012f galite gauti banko pavedimu arba \u010dekiu.<\/li>\n<\/ul>\n<p>B\u016btinai nepraleiskite burt\u0173 traukimo. Kad nepraleistum\u0117te jokios informacijos, \u017eaid\u0117jams patariama \u012f balt\u0105j\u012f jackpotlotlotteryonline.com s\u0105ra\u0161\u0105 \u012ftraukti patikim\u0105 el. pa\u0161to paslaug\u0173 teik\u0117j\u0105.<\/p>\n<p><strong>Pabaigai&#8230;<\/strong><\/p>\n<p>Nuo 1994 m. &#8220;Oz Lotto&#8221; yra vienas populiariausi\u0173 loterijos \u017eaidim\u0173 Australijoje. Daug \u017emoni\u0173 d\u0117l jo per vien\u0105 nakt\u012f tapo milijonieriais. Tad kas ver\u010dia jus ne\u017eaisti? Dalyvaukite \u0161ioje Australijos loterijoje ir tur\u0117kite galimyb\u0119 laim\u0117ti vien\u0105 i\u0161 daugelio priz\u0173, jei ne pagrindin\u012f priz\u0105.<\/p>\n<p><strong>Registruokit\u0117s \u0161iandien ir laim\u0117kite!<\/strong><\/p>\n","protected":false},"excerpt":{"rendered":"<p>Oz Lotto atkreipti rezultatai Informacija Ar jums \u012fdomu, kokie yra Oz Lotto atkreipimo rezultatai arba kas nutinka po to, kai kas nors laimi? K\u0105 gi, \u0161iame straipsnyje su\u017einosite, kaip atsakyti \u012f \u0161iuos klausimus. \u0160i Australijos Lotto programa traukiama kiekvien\u0105 antradien\u012f ir \u0161e\u0161tadien\u012f 19:30 AEST, tod\u0117l i\u0161sirink\u0119 skai\u010dius galite ramiai s\u0117d\u0117ti ir laukti burt\u0173 traukimo. Loterijos [&hellip;]<\/p>\n","protected":false},"author":1,"featured_media":0,"parent":35842,"menu_order":16,"comment_status":"closed","ping_status":"closed","template":"","meta":{"_et_pb_use_builder":"","_et_pb_old_content":"","_et_gb_content_width":"","exclude_from_search":false,"footnotes":""},"class_list":["post-41428","page","type-page","status-publish","hentry"],"yoast_head":"<!-- This site is optimized with the Yoast SEO plugin v23.3 - https:\/\/yoast.com\/wordpress\/plugins\/seo\/ -->\n<title>Oz Lotto laim\u0117j\u0119 numeriai ir traukimo rezultatai<\/title>\n<meta name=\"description\" content=\"Per\u017ei\u016br\u0117kite Australijos &quot;Oz Lotto&quot; laimin\u010dius skai\u010dius ir ankstesnius traukimo rezultatus m\u016bs\u0173 traukimo rezultat\u0173 puslapyje. \u012esitikinkite, kad nepraleidote!\" \/>\n<meta name=\"robots\" content=\"index, follow, max-snippet:-1, max-image-preview:large, max-video-preview:-1\" \/>\n<link rel=\"canonical\" href=\"https:\/\/jackpotlotteryonline.com\/lt\/laimeje-skaitmenys\/oz-lotto\/\" \/>\n<meta property=\"og:locale\" content=\"lt_LT\" \/>\n<meta property=\"og:type\" content=\"article\" \/>\n<meta property=\"og:title\" content=\"Oz Lotto laim\u0117j\u0119 numeriai ir traukimo rezultatai\" \/>\n<meta property=\"og:description\" content=\"Per\u017ei\u016br\u0117kite Australijos &quot;Oz Lotto&quot; laimin\u010dius skai\u010dius ir ankstesnius traukimo rezultatus m\u016bs\u0173 traukimo rezultat\u0173 puslapyje. \u012esitikinkite, kad nepraleidote!\" \/>\n<meta property=\"og:url\" content=\"https:\/\/jackpotlotteryonline.com\/lt\/laimeje-skaitmenys\/oz-lotto\/\" \/>\n<meta property=\"og:site_name\" content=\"Lotto Online - Crack The International Lottery Jackpots\" \/>\n<meta property=\"article:modified_time\" content=\"2022-12-30T12:11:47+00:00\" \/>\n<meta property=\"og:image\" content=\"https:\/\/jackpotlotteryonline.com\/wp-content\/uploads\/2022\/11\/1_euromillions_results.jpg\" \/>\n<meta name=\"twitter:card\" content=\"summary_large_image\" \/>\n<meta name=\"twitter:label1\" content=\"Est. reading time\" \/>\n\t<meta name=\"twitter:data1\" content=\"3 minut\u0117s\" \/>\n<!-- \/ Yoast SEO plugin. -->","yoast_head_json":{"title":"Oz Lotto laim\u0117j\u0119 numeriai ir traukimo rezultatai","description":"Per\u017ei\u016br\u0117kite Australijos \"Oz Lotto\" laimin\u010dius skai\u010dius ir ankstesnius traukimo rezultatus m\u016bs\u0173 traukimo rezultat\u0173 puslapyje. \u012esitikinkite, kad nepraleidote!","robots":{"index":"index","follow":"follow","max-snippet":"max-snippet:-1","max-image-preview":"max-image-preview:large","max-video-preview":"max-video-preview:-1"},"canonical":"https:\/\/jackpotlotteryonline.com\/lt\/laimeje-skaitmenys\/oz-lotto\/","og_locale":"lt_LT","og_type":"article","og_title":"Oz Lotto laim\u0117j\u0119 numeriai ir traukimo rezultatai","og_description":"Per\u017ei\u016br\u0117kite Australijos \"Oz Lotto\" laimin\u010dius skai\u010dius ir ankstesnius traukimo rezultatus m\u016bs\u0173 traukimo rezultat\u0173 puslapyje. \u012esitikinkite, kad nepraleidote!","og_url":"https:\/\/jackpotlotteryonline.com\/lt\/laimeje-skaitmenys\/oz-lotto\/","og_site_name":"Lotto Online - Crack The International Lottery Jackpots","article_modified_time":"2022-12-30T12:11:47+00:00","og_image":[{"url":"https:\/\/jackpotlotteryonline.com\/wp-content\/uploads\/2022\/11\/1_euromillions_results.jpg"}],"twitter_card":"summary_large_image","twitter_misc":{"Est. reading time":"3 minut\u0117s"},"schema":{"@context":"https:\/\/schema.org","@graph":[{"@type":"WebPage","@id":"https:\/\/jackpotlotteryonline.com\/lt\/laimeje-skaitmenys\/oz-lotto\/","url":"https:\/\/jackpotlotteryonline.com\/lt\/laimeje-skaitmenys\/oz-lotto\/","name":"Oz Lotto laim\u0117j\u0119 numeriai ir traukimo rezultatai","isPartOf":{"@id":"https:\/\/jackpotlotteryonline.com\/#website"},"primaryImageOfPage":{"@id":"https:\/\/jackpotlotteryonline.com\/lt\/laimeje-skaitmenys\/oz-lotto\/#primaryimage"},"image":{"@id":"https:\/\/jackpotlotteryonline.com\/lt\/laimeje-skaitmenys\/oz-lotto\/#primaryimage"},"thumbnailUrl":"https:\/\/jackpotlotteryonline.com\/wp-content\/uploads\/2022\/11\/1_euromillions_results.jpg","datePublished":"2022-12-09T10:32:14+00:00","dateModified":"2022-12-30T12:11:47+00:00","description":"Per\u017ei\u016br\u0117kite Australijos \"Oz Lotto\" laimin\u010dius skai\u010dius ir ankstesnius traukimo rezultatus m\u016bs\u0173 traukimo rezultat\u0173 puslapyje. \u012esitikinkite, kad nepraleidote!","breadcrumb":{"@id":"https:\/\/jackpotlotteryonline.com\/lt\/laimeje-skaitmenys\/oz-lotto\/#breadcrumb"},"inLanguage":"lt-LT","potentialAction":[{"@type":"ReadAction","target":["https:\/\/jackpotlotteryonline.com\/lt\/laimeje-skaitmenys\/oz-lotto\/"]}]},{"@type":"ImageObject","inLanguage":"lt-LT","@id":"https:\/\/jackpotlotteryonline.com\/lt\/laimeje-skaitmenys\/oz-lotto\/#primaryimage","url":"https:\/\/jackpotlotteryonline.com\/wp-content\/uploads\/2022\/11\/1_euromillions_results.jpg","contentUrl":"https:\/\/jackpotlotteryonline.com\/wp-content\/uploads\/2022\/11\/1_euromillions_results.jpg"},{"@type":"BreadcrumbList","@id":"https:\/\/jackpotlotteryonline.com\/lt\/laimeje-skaitmenys\/oz-lotto\/#breadcrumb","itemListElement":[{"@type":"ListItem","position":1,"name":"Home","item":"https:\/\/jackpotlotteryonline.com\/lt\/"},{"@type":"ListItem","position":2,"name":"Loterijos rezultatai","item":"https:\/\/jackpotlotteryonline.com\/lt\/laimeje-skaitmenys\/"},{"@type":"ListItem","position":3,"name":"Oz Lotto atkreipti rezultatai"}]},{"@type":"WebSite","@id":"https:\/\/jackpotlotteryonline.com\/#website","url":"https:\/\/jackpotlotteryonline.com\/","name":"Lotto Online - Crack The International Lottery Jackpots","description":"","potentialAction":[{"@type":"SearchAction","target":{"@type":"EntryPoint","urlTemplate":"https:\/\/jackpotlotteryonline.com\/?s={search_term_string}"},"query-input":"required name=search_term_string"}],"inLanguage":"lt-LT"}]}},"_links":{"self":[{"href":"https:\/\/jackpotlotteryonline.com\/lt\/wp-json\/wp\/v2\/pages\/41428","targetHints":{"allow":["GET"]}}],"collection":[{"href":"https:\/\/jackpotlotteryonline.com\/lt\/wp-json\/wp\/v2\/pages"}],"about":[{"href":"https:\/\/jackpotlotteryonline.com\/lt\/wp-json\/wp\/v2\/types\/page"}],"author":[{"embeddable":true,"href":"https:\/\/jackpotlotteryonline.com\/lt\/wp-json\/wp\/v2\/users\/1"}],"replies":[{"embeddable":true,"href":"https:\/\/jackpotlotteryonline.com\/lt\/wp-json\/wp\/v2\/comments?post=41428"}],"version-history":[{"count":0,"href":"https:\/\/jackpotlotteryonline.com\/lt\/wp-json\/wp\/v2\/pages\/41428\/revisions"}],"up":[{"embeddable":true,"href":"https:\/\/jackpotlotteryonline.com\/lt\/wp-json\/wp\/v2\/pages\/35842"}],"wp:attachment":[{"href":"https:\/\/jackpotlotteryonline.com\/lt\/wp-json\/wp\/v2\/media?parent=41428"}],"curies":[{"name":"wp","href":"https:\/\/api.w.org\/{rel}","templated":true}]}}