{"id":41480,"date":"2022-12-09T12:41:56","date_gmt":"2022-12-09T12:41:56","guid":{"rendered":"https:\/\/jackpotlotteryonline.com\/?page_id=41480"},"modified":"2022-12-30T13:49:09","modified_gmt":"2022-12-30T13:49:09","slug":"powerball-australia","status":"publish","type":"page","link":"https:\/\/jackpotlotteryonline.com\/lt\/laimeje-skaitmenys\/powerball-australia\/","title":{"rendered":"Powerball Australija atkreipti rezultatai"},"content":{"rendered":"<p><a href=\"https:\/\/jackpotlotteryonline.com\/lt\/kaip-zaisti\/powerball-australia\">\u017daisti Australijos &#8220;Powerball&#8221;<\/a> lengva, kai bilietus perkate internetu. Taip gal\u0117site gauti prieig\u0105 prie &#8220;Powerball&#8221; i\u0161 bet kurios pasaulio vietos. Ta\u010diau bilieto pirkimas yra tik dalis \u017eaidimo &#8220;Powerball&#8221;. Taip pat turite patikrinti burt\u0173 traukimo rezultatus, kad su\u017einotum\u0117te laimin\u010dius skai\u010dius. Taip su\u017einosite, ar laim\u0117jote loterijoje, ar ne. \u010cia pateikiame patarim\u0173 ir informacijos apie tai, kaip galite patikrinti burt\u0173 traukimo rezultatus ir gauti savo laim\u0117jim\u0105.<\/p>\n<h2>Kaip patikrinti &#8220;Powerball Australia&#8221; laimin\u010dius numerius<\/h2>\n<p>Nor\u0117dami \u017eaisti &#8220;Powerball&#8221;, turite pasirinkti 7 skai\u010dius i\u0161 intervalo nuo 1 iki 35 ir &#8220;Powerball&#8221; skai\u010di\u0173 nuo 1 iki 20. Traukiant burtus atsitiktine tvarka i\u0161traukiami 8 skai\u010diai. Tas, kuris atitinka i\u0161trauktus skai\u010dius, turi laiming\u0105 &#8220;Powerball&#8221; biliet\u0105.<\/p>\n<p>Galb\u016bt negal\u0117site steb\u0117ti &#8220;Powerball&#8221; burt\u0173 traukimo tiesiogin\u0117s transliacijos per televizij\u0105. Ta\u010diau galite patikrinti internetines naujien\u0173 svetaines ir su\u017einoti &#8220;Powerball&#8221; laimin\u010dius skai\u010dius. Ta\u010diau \u0161iose svetain\u0117se da\u017eniausiai skelbiama tik ta kombinacija, kuri laimi pagrindin\u012f priz\u0105. Be to, &#8220;Powerball&#8221; turi kelet\u0105 kit\u0173 priz\u0173 pakop\u0173.<\/p>\n<p>Tod\u0117l nor\u0117dami su\u017einoti vis\u0173 lygi\u0173 &#8220;Powerball&#8221; priz\u0173 laiminguosius skai\u010dius, po kiekvieno traukimo galite gr\u012f\u017eti \u010dia. Savo svetain\u0117je skelbiame &#8220;Powerball&#8221; laimin\u010dius skai\u010dius. Be to, jei &#8220;Powerball&#8221; biliet\u0105 \u012fsigijote i\u0161 m\u016bs\u0173, \u012fsp\u0117sime jus, jei turite kur\u012f nors i\u0161 laim\u0117jusi\u0173 skai\u010di\u0173. I\u0161si\u0173sime jums el. lai\u0161k\u0105 ir \u012fra\u0161ysime prane\u0161im\u0105 \u012f j\u016bs\u0173 paskyr\u0105. Taip jums nereik\u0117s baimintis, kad praleisite laim\u0117jim\u0105.<\/p>\n<h2>Kokia tikimyb\u0117 laim\u0117ti &#8220;Powerball&#8221;?<\/h2>\n<p><img loading=\"lazy\" decoding=\"async\" class=\"alignright size-full wp-image-31181\" src=\"http:\/\/jackpotlotteryonline.com\/wp-content\/uploads\/2022\/11\/logo_powerball-300x50-1.jpg\" alt=\"laim\u0117ti Powerball\" width=\"300\" height=\"50\" \/>Laim\u0117ti loterijoje n\u0117ra lengva. Dauguma \u017emoni\u0173 pasakyt\u0173, kad tikimyb\u0117 yra ne\u012ftik\u0117tinai didel\u0117. Vis d\u0117lto girdime apie \u017emones, kurie laim\u0117jo sumas, pakeitusias gyvenim\u0105. Ypa\u010d &#8220;Powerball Australia&#8221; turi ilg\u0105 loterijos laim\u0117toj\u0173 s\u0105ra\u0161\u0105, ir taip yra tikriausiai d\u0117l \u0161ans\u0173.<\/p>\n<p>Tikimyb\u0117 laim\u0117ti Powerball loterijoje yra 1 i\u0161 70 milijon\u0173. Tai rei\u0161kia, kad &#8220;Powerball&#8221; loterijoje gali laim\u0117ti bet kas.<\/p>\n<p>Be to, &#8220;Powerball&#8221; i\u0161 viso yra 9 priz\u0173 kategorijos, tod\u0117l tikimyb\u0117 laim\u0117ti \u0161i\u0105 loterij\u0105 dar labiau padid\u0117ja.<\/p>\n<h2>&#8220;Powerball&#8221; prizai<\/h2>\n<p>Paprastai &#8220;Powerball&#8221; pagrindinis prizas vidutini\u0161kai siekia 8 mln. Ta\u010diau yra ir keletas kit\u0173 priz\u0173, kuriuos galite laim\u0117ti, jei turite &#8220;Powerball Australia&#8221; laiminguosius skai\u010dius.<\/p>\n<p>\u010cia pateikiamos priz\u0173 kategorijos ir i\u0161mokos viename i\u0161 &#8220;Powerball&#8221; lo\u0161im\u0173. Atkreipkite d\u0117mes\u012f, kad kiekviename tira\u017ee i\u0161mokos nebus vienodos, nes prizai priklauso nuo loterijos fondo. Ta\u010diau tai tik tam, kad \u012fsivaizduotum\u0117te, ko galite tik\u0117tis, kai gausite &#8220;Powerball&#8221; laiminguosius skai\u010dius.<\/p>\n<p>1 skyrius: 7 + &#8220;Powerball&#8221; &#8211; 8 000 000,00 USD (pagrindinis prizas)<\/p>\n<p>2 skyrius: tik 7 atitikmuo &#8211; 95 726,15 $.<\/p>\n<p>3 skyrius: 6 + &#8220;Powerball&#8221; &#8211; 5 661,20 USD<\/p>\n<p>4 skyrius: tik 6 rungtyn\u0117s &#8211; 501,70 $.<\/p>\n<p>5 skyrius: 5 rungtyn\u0117s + &#8220;Powerball&#8221; &#8211; 166,75 USD<\/p>\n<p>6 skyrius: tik 5 rungtyn\u0117s &#8211; 73,10 USD.<\/p>\n<p>7 skyrius: 4 rungtyn\u0117s ir &#8220;Powerball&#8221; &#8211; 41,60 USD<\/p>\n<p>8 skyrius: 3 rungtyn\u0117s ir &#8220;Powerball&#8221; &#8211; 18,05 USD<\/p>\n<p>9 skyrius: 2 rungtyn\u0117s ir &#8220;Powerball&#8221; &#8211; 10,95 USD<\/p>\n<h2>K\u0105 daryti, jei turite laimin\u010dius skai\u010dius<\/h2>\n<p>Jei patikrinote burt\u0173 traukimo rezultatus ir pamat\u0117te, kad turite &#8220;Powerball&#8221; laiminguosius skai\u010dius, kitas \u017eingsnis &#8211; kaip gauti laim\u0117jim\u0105. Matydami, kad \u017eaid\u017eiate &#8220;Powerball&#8221; ne Ozo saloje, tikriausiai ie\u0161kote patogaus b\u016bdo i\u0161sigryninti pinigus.<\/p>\n<p><a href=\"https:\/\/jackpotlotteryonline.com\/lt\/pirkti-bilietus\/powerball-australia\">Pirkdami &#8220;Powerball&#8221; biliet\u0105 i\u0161 m\u016bs\u0173<\/a>, taip pat galite gauti prieig\u0105 prie savo laim\u0117jimo i\u0161 bet kurios vietos. Jei laim\u0117jimas nevir\u0161ija tam tikros sumos, jums tereikia atsiimti laim\u0117jim\u0105 i\u0161 m\u016bs\u0173 platformos. J\u012f galite atsiimti tiesiai \u012f savo banko s\u0105skait\u0105.<\/p>\n<p>Kai j\u016bs\u0173 laim\u0117jimas vir\u0161ija nurodyt\u0105 sum\u0105, pateiksime jums u\u017epildyti pretenzijos form\u0105. Taip gal\u0117site atsiimti laim\u0117jim\u0105 tiesiai i\u0161 &#8220;Powerball&#8221; loterijos bendrov\u0117s ir nepatirti joki\u0173 r\u016bpes\u010di\u0173.<\/p>\n<section class=\"layout\" style=\"border: solid 1px; width: 100%;\">\n<div class=\"img-div\" style=\"margin-top: 5px;\"><img decoding=\"async\" class=\"wp-image-17212 alignleft\" style=\"height: 45px; margin: 8px 8px 0px;\" src=\"http:\/\/jackpotlotteryonline.com\/wp-content\/uploads\/2022\/11\/read1.jpg\" alt=\"skaityti\" width=\"\" height=\"\" \/><\/div>\n<div style=\"padding-left: 5px;\">\n<div style=\"font-size: 1.1em;\">\n<p><strong>Kok\u012f automobil\u012f nusipirktum\u0117te, jei laim\u0117tum\u0117te loterijoje?<\/strong><\/p>\n<p style=\"font-size: 0.85em; margin-top: -1.5em;\">Laim\u0117kite loterijoje ir gaukite nauj\u0105 automobil\u012f\u00a0 <a href=\"https:\/\/jackpotlotteryonline.com\/lt\/koki-automobili-nusipirktumete-jei-laimetumete-loterijoje\"> skaityti daugiau<\/a><\/p>\n<\/div>\n<\/div>\n<\/section>\n<h2>Privalumai \u017eaid\u017eiant &#8220;Powerball&#8221; su Jackpotlotlotteryonline.com<\/h2>\n<ul>\n<li>Gausite greit\u0105 ir tiesiogin\u0119 prieig\u0105 prie loterijos. Jums nereikia gyventi Australijoje, kad gal\u0117tum\u0117te \u017eaisti Powerball<\/li>\n<li>Tai itin patogu, nes jums nereikia i\u0161eiti i\u0161 nam\u0173. Patikrinkite laimin\u010dius skai\u010dius i\u0161 savo kompiuterio ar mobiliojo \u012frenginio.<\/li>\n<li>Tai taip pat saugiau, nes j\u016bs\u0173 bilietas saugomas skaitmeniniu b\u016bdu. Tai svarbu, nes tai vienintelis b\u016bdas atsiimti laim\u0117jim\u0105.<\/li>\n<li>Nereikia praleisti savo laim\u0117jimo, nes mes i\u0161 karto jus \u012fsp\u0117sime, jei laim\u0117site kok\u012f nors priz\u0105<\/li>\n<li>Galite lengvai atsiimti bet kok\u012f laim\u0117jim\u0105 internetu, niekur nevykstant<\/li>\n<\/ul>\n<h2>Pas mus galite pasitikrinti savo laim\u0117jimo numerius<\/h2>\n<p>Laikui b\u0117gant skyr\u0117me daug i\u0161tekli\u0173 ir pastang\u0173, kad u\u017etikrintume, jog m\u016bs\u0173 \u017eaid\u0117jai tur\u0117t\u0173 geriausi\u0105 patirt\u012f. Mes ne tik palengviname jums nusipirkti geriausi\u0173 tarptautini\u0173 loterij\u0173 bilietus, bet ir \u017eengiame kelis \u017eingsnius toliau. Tai darome pateikdami naujausius traukimo rezultatus, kad gal\u0117tum\u0117te lengvai patikrinti laimin\u010dius skai\u010dius.<\/p>\n<p>Galiausiai, laim\u0117jus priz\u0105, jums nereik\u0117s r\u016bpintis, kaip pasiekti savo laim\u0117jimus. Mes visk\u0105 apgalvojome, kad gal\u0117tum\u0117te susitelkti \u012f tai, kas svarbiausia. U\u017esiregistruokite pas mus \u0161iandien.<\/p>\n","protected":false},"excerpt":{"rendered":"<p>\u017daisti Australijos &#8220;Powerball&#8221; lengva, kai bilietus perkate internetu. Taip gal\u0117site gauti prieig\u0105 prie &#8220;Powerball&#8221; i\u0161 bet kurios pasaulio vietos. Ta\u010diau bilieto pirkimas yra tik dalis \u017eaidimo &#8220;Powerball&#8221;. Taip pat turite patikrinti burt\u0173 traukimo rezultatus, kad su\u017einotum\u0117te laimin\u010dius skai\u010dius. Taip su\u017einosite, ar laim\u0117jote loterijoje, ar ne. \u010cia pateikiame patarim\u0173 ir informacijos apie tai, kaip galite patikrinti [&hellip;]<\/p>\n","protected":false},"author":1,"featured_media":0,"parent":35842,"menu_order":17,"comment_status":"closed","ping_status":"closed","template":"powerball-au-results.php","meta":{"_et_pb_use_builder":"","_et_pb_old_content":"","_et_gb_content_width":"","exclude_from_search":false,"footnotes":""},"class_list":["post-41480","page","type-page","status-publish","hentry"],"yoast_head":"<!-- This site is optimized with the Yoast SEO plugin v23.3 - https:\/\/yoast.com\/wordpress\/plugins\/seo\/ -->\n<title>Powerball Australija laim\u0117j\u0119 numeriai ir burt\u0173 traukimo rezultatai<\/title>\n<meta name=\"description\" content=\"Ie\u0161kote &quot;Powerball Australia&quot; laim\u0117jusi\u0173 skai\u010di\u0173? \u0160ioje svetain\u0117je rasite Australijos loterij\u0173 traukimo rezultatus\" \/>\n<meta name=\"robots\" content=\"index, follow, max-snippet:-1, max-image-preview:large, max-video-preview:-1\" \/>\n<link rel=\"canonical\" href=\"https:\/\/jackpotlotteryonline.com\/lt\/laimeje-skaitmenys\/powerball-australia\/\" \/>\n<meta property=\"og:locale\" content=\"lt_LT\" \/>\n<meta property=\"og:type\" content=\"article\" \/>\n<meta property=\"og:title\" content=\"Powerball Australija laim\u0117j\u0119 numeriai ir burt\u0173 traukimo rezultatai\" \/>\n<meta property=\"og:description\" content=\"Ie\u0161kote &quot;Powerball Australia&quot; laim\u0117jusi\u0173 skai\u010di\u0173? \u0160ioje svetain\u0117je rasite Australijos loterij\u0173 traukimo rezultatus\" \/>\n<meta property=\"og:url\" content=\"https:\/\/jackpotlotteryonline.com\/lt\/laimeje-skaitmenys\/powerball-australia\/\" \/>\n<meta property=\"og:site_name\" content=\"Lotto Online - Crack The International Lottery Jackpots\" \/>\n<meta property=\"article:modified_time\" content=\"2022-12-30T13:49:09+00:00\" \/>\n<meta property=\"og:image\" content=\"http:\/\/jackpotlotteryonline.com\/wp-content\/uploads\/2022\/11\/logo_powerball-300x50-1.jpg\" \/>\n<meta name=\"twitter:card\" content=\"summary_large_image\" \/>\n<meta name=\"twitter:label1\" content=\"Est. reading time\" \/>\n\t<meta name=\"twitter:data1\" content=\"4 minut\u0117s\" \/>\n<!-- \/ Yoast SEO plugin. -->","yoast_head_json":{"title":"Powerball Australija laim\u0117j\u0119 numeriai ir burt\u0173 traukimo rezultatai","description":"Ie\u0161kote \"Powerball Australia\" laim\u0117jusi\u0173 skai\u010di\u0173? \u0160ioje svetain\u0117je rasite Australijos loterij\u0173 traukimo rezultatus","robots":{"index":"index","follow":"follow","max-snippet":"max-snippet:-1","max-image-preview":"max-image-preview:large","max-video-preview":"max-video-preview:-1"},"canonical":"https:\/\/jackpotlotteryonline.com\/lt\/laimeje-skaitmenys\/powerball-australia\/","og_locale":"lt_LT","og_type":"article","og_title":"Powerball Australija laim\u0117j\u0119 numeriai ir burt\u0173 traukimo rezultatai","og_description":"Ie\u0161kote \"Powerball Australia\" laim\u0117jusi\u0173 skai\u010di\u0173? \u0160ioje svetain\u0117je rasite Australijos loterij\u0173 traukimo rezultatus","og_url":"https:\/\/jackpotlotteryonline.com\/lt\/laimeje-skaitmenys\/powerball-australia\/","og_site_name":"Lotto Online - Crack The International Lottery Jackpots","article_modified_time":"2022-12-30T13:49:09+00:00","og_image":[{"url":"http:\/\/jackpotlotteryonline.com\/wp-content\/uploads\/2022\/11\/logo_powerball-300x50-1.jpg"}],"twitter_card":"summary_large_image","twitter_misc":{"Est. reading time":"4 minut\u0117s"},"schema":{"@context":"https:\/\/schema.org","@graph":[{"@type":"WebPage","@id":"https:\/\/jackpotlotteryonline.com\/lt\/laimeje-skaitmenys\/powerball-australia\/","url":"https:\/\/jackpotlotteryonline.com\/lt\/laimeje-skaitmenys\/powerball-australia\/","name":"Powerball Australija laim\u0117j\u0119 numeriai ir burt\u0173 traukimo rezultatai","isPartOf":{"@id":"https:\/\/jackpotlotteryonline.com\/#website"},"primaryImageOfPage":{"@id":"https:\/\/jackpotlotteryonline.com\/lt\/laimeje-skaitmenys\/powerball-australia\/#primaryimage"},"image":{"@id":"https:\/\/jackpotlotteryonline.com\/lt\/laimeje-skaitmenys\/powerball-australia\/#primaryimage"},"thumbnailUrl":"http:\/\/jackpotlotteryonline.com\/wp-content\/uploads\/2022\/11\/logo_powerball-300x50-1.jpg","datePublished":"2022-12-09T12:41:56+00:00","dateModified":"2022-12-30T13:49:09+00:00","description":"Ie\u0161kote \"Powerball Australia\" laim\u0117jusi\u0173 skai\u010di\u0173? \u0160ioje svetain\u0117je rasite Australijos loterij\u0173 traukimo rezultatus","breadcrumb":{"@id":"https:\/\/jackpotlotteryonline.com\/lt\/laimeje-skaitmenys\/powerball-australia\/#breadcrumb"},"inLanguage":"lt-LT","potentialAction":[{"@type":"ReadAction","target":["https:\/\/jackpotlotteryonline.com\/lt\/laimeje-skaitmenys\/powerball-australia\/"]}]},{"@type":"ImageObject","inLanguage":"lt-LT","@id":"https:\/\/jackpotlotteryonline.com\/lt\/laimeje-skaitmenys\/powerball-australia\/#primaryimage","url":"http:\/\/jackpotlotteryonline.com\/wp-content\/uploads\/2022\/11\/logo_powerball-300x50-1.jpg","contentUrl":"http:\/\/jackpotlotteryonline.com\/wp-content\/uploads\/2022\/11\/logo_powerball-300x50-1.jpg"},{"@type":"BreadcrumbList","@id":"https:\/\/jackpotlotteryonline.com\/lt\/laimeje-skaitmenys\/powerball-australia\/#breadcrumb","itemListElement":[{"@type":"ListItem","position":1,"name":"Home","item":"https:\/\/jackpotlotteryonline.com\/lt\/"},{"@type":"ListItem","position":2,"name":"Loterijos rezultatai","item":"https:\/\/jackpotlotteryonline.com\/lt\/laimeje-skaitmenys\/"},{"@type":"ListItem","position":3,"name":"Powerball Australija atkreipti rezultatai"}]},{"@type":"WebSite","@id":"https:\/\/jackpotlotteryonline.com\/#website","url":"https:\/\/jackpotlotteryonline.com\/","name":"Lotto Online - Crack The International Lottery Jackpots","description":"","potentialAction":[{"@type":"SearchAction","target":{"@type":"EntryPoint","urlTemplate":"https:\/\/jackpotlotteryonline.com\/?s={search_term_string}"},"query-input":"required name=search_term_string"}],"inLanguage":"lt-LT"}]}},"_links":{"self":[{"href":"https:\/\/jackpotlotteryonline.com\/lt\/wp-json\/wp\/v2\/pages\/41480","targetHints":{"allow":["GET"]}}],"collection":[{"href":"https:\/\/jackpotlotteryonline.com\/lt\/wp-json\/wp\/v2\/pages"}],"about":[{"href":"https:\/\/jackpotlotteryonline.com\/lt\/wp-json\/wp\/v2\/types\/page"}],"author":[{"embeddable":true,"href":"https:\/\/jackpotlotteryonline.com\/lt\/wp-json\/wp\/v2\/users\/1"}],"replies":[{"embeddable":true,"href":"https:\/\/jackpotlotteryonline.com\/lt\/wp-json\/wp\/v2\/comments?post=41480"}],"version-history":[{"count":0,"href":"https:\/\/jackpotlotteryonline.com\/lt\/wp-json\/wp\/v2\/pages\/41480\/revisions"}],"up":[{"embeddable":true,"href":"https:\/\/jackpotlotteryonline.com\/lt\/wp-json\/wp\/v2\/pages\/35842"}],"wp:attachment":[{"href":"https:\/\/jackpotlotteryonline.com\/lt\/wp-json\/wp\/v2\/media?parent=41480"}],"curies":[{"name":"wp","href":"https:\/\/api.w.org\/{rel}","templated":true}]}}