{"id":41534,"date":"2022-12-09T14:27:34","date_gmt":"2022-12-09T14:27:34","guid":{"rendered":"https:\/\/jackpotlotteryonline.com\/?page_id=41534"},"modified":"2022-12-29T18:45:31","modified_gmt":"2022-12-29T18:45:31","slug":"lotto-america","status":"publish","type":"page","link":"https:\/\/jackpotlotteryonline.com\/lt\/laimeje-skaitmenys\/lotto-america\/","title":{"rendered":"Lotto America atkreipti rezultatai"},"content":{"rendered":"<p>Lotto America &#8211; tai JAV loterijos \u017eaidimas, kurio metu i\u0161lo\u0161\u0117 daug milijonieri\u0173. Tikimyb\u0117 laim\u0117ti loterijoje yra fantasti\u0161ka, tod\u0117l \u0161is \u017eaidimas yra patrauklus loterij\u0173 m\u0117g\u0117jams. Dabar \u017eaid\u0117jai visame pasaulyje gali<a href=\"https:\/\/jackpotlotteryonline.com\/lt\/pirkti-bilietus\/lotto-america\"> \u012fsigyti \u0161ios JAV loterijos bilietus internetu.<\/a> Jie gali ne tik tai padaryti, bet ir patikrinti laimin\u010dius skai\u010dius, kad su\u017einot\u0173, ar laim\u0117jo loterijoje.<\/p>\n<p>Galite nusipirkti bilietus \u012f populiariausias tarptautines loterijas svetain\u0117je jackpotlotlotteryonline.com ir \u010dia pat patikrinti laimin\u010dius skai\u010dius. O jei jums \u012fdomu, kaip pasiekti savo laim\u0117jimus internetu, skaitykite toliau. Mes pasidalinsime su jumis visa informacija ir greitai taps akivaizdu, kad \u017eaisti internetu yra geriausias b\u016bdas.<\/p>\n<h2>\u017daisti Lotto America internete<\/h2>\n<p><img loading=\"lazy\" decoding=\"async\" class=\"size-full wp-image-32081 alignright\" src=\"http:\/\/jackpotlotteryonline.com\/wp-content\/uploads\/2022\/11\/1_mega_lotto_win-213x300-1.jpg\" alt=\"\u017daisti Lotto America internete\" width=\"213\" height=\"300\" \/>Min\u0117jome, kad \u0161i\u0105 <a href=\"https:\/\/jackpotlotteryonline.com\/lt\/kaip-zaisti\/lotto-america-2\">loterij\u0105 galite \u017eaisti internetu<\/a>, ir visai nesvarbu, kur gyvenate. Paprastai bilietai parduodami JAV, ta\u010diau j\u0173 galite \u012fsigyti ir \u010dia, adresu jackpotlotlotteryonline.com.<\/p>\n<p>Yra ir kit\u0173 svetaini\u0173, kuriose parduodami \u0161ios loterijos bilietai, ta\u010diau jose \u017eaid\u0117jai gali la\u017eintis tik d\u0117l loterijos rezultat\u0173. Tai rei\u0161kia, kad nusipirk\u0119 loterijos biliet\u0105 toje svetain\u0117je ne\u012fsitrauksite \u012f loterij\u0105. Taigi, net jei atitiksite visus i\u0161trauktus skai\u010dius, pagrindinio prizo nelaim\u0117site. Taigi labai svarbu pasirinkti svetain\u0119, kuria naudojat\u0117s.<\/p>\n<h2>\u017dingsniai \u017eaid\u017eiant loterij\u0105 internetu<\/h2>\n<p>Pasirink\u0119 svetain\u0119, atlikite toliau nurodytus veiksmus:<\/p>\n<ol>\n<li>Apsilankykite norimoje svetain\u0117je ir spustel\u0117kite Lotto America<\/li>\n<li>Pasirinkite 5 skai\u010dius i\u0161 1-52 (jei ne\u017einote, kokius skai\u010dius naudoti, i\u0161bandykite automatin\u012f skai\u010di\u0173 generatori\u0173).<\/li>\n<li>Tada pasirinkite papildom\u0105 skai\u010di\u0173 (\u017evaig\u017ed\u017ei\u0173 kamuoliuk\u0105) nuo 1 iki 10<\/li>\n<li>\u012esigykite papildom\u0173 skai\u010di\u0173 eilu\u010di\u0173, kad tur\u0117tum\u0117te didesn\u0119 laim\u0117jimo tikimyb\u0119<\/li>\n<li>Dalyvaukite traukimuose (galite dalyvauti daugiau nei viename traukime)<\/li>\n<li>U\u017esiregistruokite ir sumok\u0117kite u\u017e savo \u012fra\u0161us.<\/li>\n<\/ol>\n<p>Registruotis pra\u0161ome d\u0117l keli\u0173 prie\u017eas\u010di\u0173. Pirma, norime u\u017etikrinti, kad j\u016bs\u0173 skaitmeninis bilietas b\u016bt\u0173 saugus. Antra, j\u016bs\u0173 paskyr\u0105 naudojame nor\u0117dami susisiekti su jumis, jei laim\u0117tum\u0117te kok\u012f nors priz\u0105. Apie tai pla\u010diau pakalb\u0117sime v\u0117liau.<\/p>\n<h2>Lotto America atkreipti dienos ir jackpota<\/h2>\n<p>\u0160i JAV loterija turi tris savaitinius tira\u017eus: pirmadien\u012f, tre\u010diadien\u012f ir \u0161e\u0161tadien\u012f. Br\u0117\u017eini\u0173 metu skelbiamas laimingasis bilietas. Kad laim\u0117tum\u0117te pagrindin\u012f priz\u0105, j\u016bs\u0173 bilietas turi atitikti \u0161e\u0161is i\u0161trauktus skai\u010dius.<\/p>\n<p>&#8220;Lotto America&#8221; pagrindinio prizo dydis prasideda nuo 2 milijon\u0173 JAV doleri\u0173 ir gali b\u016bti prat\u0119siamas, jei po vieno i\u0161 tira\u017e\u0173 n\u0117ra laim\u0117tojo. Kadangi jis persikelia po kiekvieno tira\u017eo (jei n\u0117ra laim\u0117tojo), gali siekti net 18 milijon\u0173 JAV doleri\u0173. Tai solidi suma, kuri\u0105 galima laim\u0117ti, tiesa?<\/p>\n<p>Ties\u0105 sakant, rekordinis &#8220;Lotto America&#8221; aukso puodas buvo 23 mln. doleri\u0173 ir j\u012f 2018 m. laim\u0117jo viena \u0161eima.<\/p>\n<section class=\"layout\" style=\"border: solid 1px; width: 100%;\">\n<div class=\"img-div\" style=\"margin-top: 5px;\"><img decoding=\"async\" class=\"wp-image-17212 alignleft\" style=\"height: 45px; margin: 8px 8px 0px;\" src=\"http:\/\/jackpotlotteryonline.com\/wp-content\/uploads\/2022\/11\/read1.jpg\" alt=\"skaityti\" width=\"\" height=\"\" \/><\/div>\n<div style=\"padding-left: 5px;\">\n<div style=\"font-size: 1.1em;\">\n<p><strong>Kai kurie loterijos laim\u0117tojai sugr\u012f\u017eo \u012f bendruomen\u0119<\/strong><\/p>\n<p style=\"font-size: 0.85em; margin-top: -1.5em;\">Keletas \u012fdomi\u0173 ir \u0161ird\u012f d\u017eiuginan\u010di\u0173 istorij\u0173 apie loterijos laim\u0117toj\u0173 param\u0105\u00a0<a href=\"https:\/\/jackpotlotteryonline.com\/lt\/istorijos-apie-loterijos-laimetojus-duodancius-graza\"> skaityti daugiau<\/a><\/p>\n<\/div>\n<\/div>\n<\/section>\n<h2>Priz\u0173 kategorijos<\/h2>\n<p>Pagrindinis prizas, \u017einoma, yra pagrindinis loterijos prizas. Ta\u010diau \u0161ioje loterijoje yra 9 skirtingos priz\u0173 kategorijos, suteikian\u010dios \u017eaid\u0117jams galimyb\u0119 laim\u0117ti \u012fdomi\u0173 priz\u0173.<\/p>\n<p>Net jei nelaim\u0117site pagrindinio prizo, vis tiek galite gr\u012f\u017eti namo su dideliu laim\u0117jimu, jei atitiksite kit\u0173 kategorij\u0173 laiminguosius skai\u010dius. \u010cia pateikiame priz\u0173 paskirstym\u0105 ir tikimyb\u0119 laim\u0117ti kiekvienoje priz\u0173 kategorijoje.<\/p>\n<p>1 skyrius: 5 + \u017evaig\u017ed\u017ei\u0173 kamuoliukas &#8211; 1 i\u0161 25 989 600 &#8211; aukso puodas<\/p>\n<p>2 skyrius: 5 &#8211; 1 i\u0161 2 887 733 &#8211; 20 000 JAV doleri\u0173<\/p>\n<p>3 skyrius: 4 + &#8220;Star Ball&#8221; &#8211; 1 i\u0161 110 594 &#8211; 1 000 USD<\/p>\n<p>4 skyrius: 4 &#8211; 1 i\u0161 12 288 &#8211; 100 USD<\/p>\n<p>5 skyrius: 3 + &#8220;Star Ball&#8221; &#8211; 1 i\u0161 2 404 &#8211; 20 USD<\/p>\n<p>6 skyrius: 3 &#8211; 1 i\u0161 267 &#8211; 5 USD<\/p>\n<p>7 skyrius: 2 + \u017evaig\u017ed\u017ei\u0173 kamuolys &#8211; 1 i\u0161 160 &#8211; 5 USD<\/p>\n<p>8 skyrius: 1 + &#8220;Star Ball&#8221; &#8211; 1 i\u0161 29 &#8211; 2 USD<\/p>\n<p>9 skyrius: 0 + \u017evaig\u017ed\u017ei\u0173 kamuolys &#8211; 1 i\u0161 17 &#8211; 2 USD<\/p>\n<h2>Kaip patikrinti laimin\u010dius skai\u010dius<\/h2>\n<p>Patikrinti, ar laim\u0117jote kok\u012f nors priz\u0105, galima papras\u010diausiai gr\u012f\u017eus \u012f \u0161\u012f puslap\u012f po burt\u0173 traukimo. Po kiekvieno burt\u0173 traukimo skelbiame kiekvienos priz\u0173 kategorijos burt\u0173 traukimo rezultatus. Taigi, galite patogiai patikrinti m\u016bs\u0173 puslap\u012f be streso.<\/p>\n<p>Be to, jei biliet\u0105 \u012fsigijote i\u0161 m\u016bs\u0173, vadinasi, esate u\u017esiregistrav\u0119 ir pas mus. Tai rei\u0161kia, kad jei laim\u0117site priz\u0105, gal\u0117sime jus apie tai \u012fsp\u0117ti per j\u016bs\u0173 paskyr\u0105 ir el. pa\u0161tu.<\/p>\n<p>Nusipirk\u0119 loterijos biliet\u0105 i\u0161 m\u016bs\u0173, niekada nepraleisite laim\u0117jimo.<\/p>\n<h2>Prizo i\u0161gryninimas<\/h2>\n<p><img loading=\"lazy\" decoding=\"async\" class=\"alignright size-full wp-image-31532\" src=\"http:\/\/jackpotlotteryonline.com\/wp-content\/uploads\/2022\/11\/lottoballs.jpg\" alt=\"Lotto America laim\u0117j\u0119 numeriai\" width=\"245\" height=\"123\" \/>Vienas i\u0161 klausim\u0173, kur\u012f da\u017enai girdime i\u0161 lo\u0161\u0117j\u0173, yra kaip pasiekti savo laim\u0117jim\u0105, kai jie dalyvauja loterijoje &#8220;Lotto America&#8221; internetu. Jei loterijos bilietus perkate m\u016bs\u0173 svetain\u0117je, si\u016blome paprast\u0105 ir nesud\u0117ting\u0105 b\u016bd\u0105, kaip atsiimti laim\u0117jimus.<\/p>\n<p>Laim\u0117jimai, kuri\u0173 suma yra 2500 eur\u0173, bus \u012fskaityti \u012f j\u016bs\u0173 s\u0105skait\u0105, o tada gal\u0117site juos atsiimti be joki\u0173 papildom\u0173 i\u0161laid\u0173. O didesniems laim\u0117jimams reikia \u0161iek tiek kitokios proced\u016bros. Didesni\u0173 laim\u0117jim\u0173 atveju tur\u0117site pareikalauti laim\u0117jimo i\u0161 loterijos bendrov\u0117s. Ta\u010diau mes jums pateiksime pretenzijos form\u0105, kuri\u0105 tur\u0117site u\u017epildyti, o kai tai padarysite, pretenzij\u0105 apdorosime u\u017e jus.<\/p>\n<p>Taip yra tod\u0117l, kad tur\u0117site nustatyti savo tapatyb\u0119. Be to, kai kurioms loterij\u0173 bendrov\u0117ms gali tekti atvykti asmeni\u0161kai atsiimti didesni\u0173 sum\u0173. Jei taip atsitikt\u0173, mes nedelsdami jums apie tai prane\u0161ime.<\/p>\n<h2>Pirkti savo Lotto America bilietus jackpotlotlotteryonline.com<\/h2>\n<p>Yra daugyb\u0117 prie\u017eas\u010di\u0173, kod\u0117l tur\u0117tum\u0117te pirkti Lotto America bilietus i\u0161 m\u016bs\u0173. Vis\u0173 pirma, mes esame konsjer\u017eo svetain\u0117. Tai rei\u0161kia, kad galite ramiai s\u0117d\u0117ti ir atsipalaiduoti, o mes u\u017e jus pasir\u016bpinsime smulkiausiomis detal\u0117mis. Taigi, mes padedame jums gauti prieig\u0105 prie geriausi\u0173 tarptautini\u0173 loterij\u0173, toki\u0173 kaip &#8220;Lotto America&#8221;.<\/p>\n<p>Ta\u010diau tuo neapsiribojame. Taip pat pateikiame sistem\u0105, kuri pad\u0117s jums valdyti loterijos \u017eaidimus. Tiesiogine prasme galite \u012fvesti kelias loterijas ir pie\u0161inius tiesiai i\u0161 m\u016bs\u0173 svetain\u0117s. Niekur kitur eiti nereikia. Be to, suteikiame patog\u0173 b\u016bd\u0105 patikrinti &#8220;Lotto America&#8221; rezultatus vienoje vietoje.<\/p>\n<p>Galiausiai galite lengvai patikrinti laimin\u010dius skai\u010dius ir atsiimti laim\u0117jimus i\u0161 m\u016bs\u0173 platformos tiesiai \u012f savo s\u0105skait\u0105. Kasdien sunkiai dirbame, kad i\u0161tobulintume jums skirt\u0105 vientis\u0105 sistem\u0105. Leiskite mums nuimti stres\u0105, kad gal\u0117tum\u0117te susitelkti \u012f malonum\u0105. U\u017esiregistruokite pas mus ir \u017eaiskite loterijoje \u0161iandien.<\/p>\n","protected":false},"excerpt":{"rendered":"<p>Lotto America &#8211; tai JAV loterijos \u017eaidimas, kurio metu i\u0161lo\u0161\u0117 daug milijonieri\u0173. Tikimyb\u0117 laim\u0117ti loterijoje yra fantasti\u0161ka, tod\u0117l \u0161is \u017eaidimas yra patrauklus loterij\u0173 m\u0117g\u0117jams. Dabar \u017eaid\u0117jai visame pasaulyje gali \u012fsigyti \u0161ios JAV loterijos bilietus internetu. Jie gali ne tik tai padaryti, bet ir patikrinti laimin\u010dius skai\u010dius, kad su\u017einot\u0173, ar laim\u0117jo loterijoje. Galite nusipirkti bilietus \u012f [&hellip;]<\/p>\n","protected":false},"author":1,"featured_media":0,"parent":35842,"menu_order":13,"comment_status":"closed","ping_status":"closed","template":"lotto-america-results.php","meta":{"_et_pb_use_builder":"","_et_pb_old_content":"","_et_gb_content_width":"","exclude_from_search":false,"footnotes":""},"class_list":["post-41534","page","type-page","status-publish","hentry"],"yoast_head":"<!-- This site is optimized with the Yoast SEO plugin v23.3 - https:\/\/yoast.com\/wordpress\/plugins\/seo\/ -->\n<title>Lotto America laim\u0117j\u0119 numeriai ir pie\u0161imo rezultatai<\/title>\n<meta name=\"description\" content=\"Ie\u0161kote &quot;Lotto America&quot; laim\u0117jusi\u0173 skai\u010di\u0173? Vis\u0173 did\u017ei\u0173j\u0173 Amerikos loterij\u0173 burt\u0173 rezultatus rasite m\u016bs\u0173 svetain\u0117je!\" \/>\n<meta name=\"robots\" content=\"index, follow, max-snippet:-1, max-image-preview:large, max-video-preview:-1\" \/>\n<link rel=\"canonical\" href=\"https:\/\/jackpotlotteryonline.com\/lt\/laimeje-skaitmenys\/lotto-america\/\" \/>\n<meta property=\"og:locale\" content=\"lt_LT\" \/>\n<meta property=\"og:type\" content=\"article\" \/>\n<meta property=\"og:title\" content=\"Lotto America laim\u0117j\u0119 numeriai ir pie\u0161imo rezultatai\" \/>\n<meta property=\"og:description\" content=\"Ie\u0161kote &quot;Lotto America&quot; laim\u0117jusi\u0173 skai\u010di\u0173? Vis\u0173 did\u017ei\u0173j\u0173 Amerikos loterij\u0173 burt\u0173 rezultatus rasite m\u016bs\u0173 svetain\u0117je!\" \/>\n<meta property=\"og:url\" content=\"https:\/\/jackpotlotteryonline.com\/lt\/laimeje-skaitmenys\/lotto-america\/\" \/>\n<meta property=\"og:site_name\" content=\"Lotto Online - Crack The International Lottery Jackpots\" \/>\n<meta property=\"article:modified_time\" content=\"2022-12-29T18:45:31+00:00\" \/>\n<meta property=\"og:image\" content=\"http:\/\/jackpotlotteryonline.com\/wp-content\/uploads\/2022\/11\/1_mega_lotto_win-213x300-1.jpg\" \/>\n<meta name=\"twitter:card\" content=\"summary_large_image\" \/>\n<meta name=\"twitter:label1\" content=\"Est. reading time\" \/>\n\t<meta name=\"twitter:data1\" content=\"5 minut\u0117s\" \/>\n<!-- \/ Yoast SEO plugin. -->","yoast_head_json":{"title":"Lotto America laim\u0117j\u0119 numeriai ir pie\u0161imo rezultatai","description":"Ie\u0161kote \"Lotto America\" laim\u0117jusi\u0173 skai\u010di\u0173? Vis\u0173 did\u017ei\u0173j\u0173 Amerikos loterij\u0173 burt\u0173 rezultatus rasite m\u016bs\u0173 svetain\u0117je!","robots":{"index":"index","follow":"follow","max-snippet":"max-snippet:-1","max-image-preview":"max-image-preview:large","max-video-preview":"max-video-preview:-1"},"canonical":"https:\/\/jackpotlotteryonline.com\/lt\/laimeje-skaitmenys\/lotto-america\/","og_locale":"lt_LT","og_type":"article","og_title":"Lotto America laim\u0117j\u0119 numeriai ir pie\u0161imo rezultatai","og_description":"Ie\u0161kote \"Lotto America\" laim\u0117jusi\u0173 skai\u010di\u0173? Vis\u0173 did\u017ei\u0173j\u0173 Amerikos loterij\u0173 burt\u0173 rezultatus rasite m\u016bs\u0173 svetain\u0117je!","og_url":"https:\/\/jackpotlotteryonline.com\/lt\/laimeje-skaitmenys\/lotto-america\/","og_site_name":"Lotto Online - Crack The International Lottery Jackpots","article_modified_time":"2022-12-29T18:45:31+00:00","og_image":[{"url":"http:\/\/jackpotlotteryonline.com\/wp-content\/uploads\/2022\/11\/1_mega_lotto_win-213x300-1.jpg"}],"twitter_card":"summary_large_image","twitter_misc":{"Est. reading time":"5 minut\u0117s"},"schema":{"@context":"https:\/\/schema.org","@graph":[{"@type":"WebPage","@id":"https:\/\/jackpotlotteryonline.com\/lt\/laimeje-skaitmenys\/lotto-america\/","url":"https:\/\/jackpotlotteryonline.com\/lt\/laimeje-skaitmenys\/lotto-america\/","name":"Lotto America laim\u0117j\u0119 numeriai ir pie\u0161imo rezultatai","isPartOf":{"@id":"https:\/\/jackpotlotteryonline.com\/#website"},"primaryImageOfPage":{"@id":"https:\/\/jackpotlotteryonline.com\/lt\/laimeje-skaitmenys\/lotto-america\/#primaryimage"},"image":{"@id":"https:\/\/jackpotlotteryonline.com\/lt\/laimeje-skaitmenys\/lotto-america\/#primaryimage"},"thumbnailUrl":"http:\/\/jackpotlotteryonline.com\/wp-content\/uploads\/2022\/11\/1_mega_lotto_win-213x300-1.jpg","datePublished":"2022-12-09T14:27:34+00:00","dateModified":"2022-12-29T18:45:31+00:00","description":"Ie\u0161kote \"Lotto America\" laim\u0117jusi\u0173 skai\u010di\u0173? Vis\u0173 did\u017ei\u0173j\u0173 Amerikos loterij\u0173 burt\u0173 rezultatus rasite m\u016bs\u0173 svetain\u0117je!","breadcrumb":{"@id":"https:\/\/jackpotlotteryonline.com\/lt\/laimeje-skaitmenys\/lotto-america\/#breadcrumb"},"inLanguage":"lt-LT","potentialAction":[{"@type":"ReadAction","target":["https:\/\/jackpotlotteryonline.com\/lt\/laimeje-skaitmenys\/lotto-america\/"]}]},{"@type":"ImageObject","inLanguage":"lt-LT","@id":"https:\/\/jackpotlotteryonline.com\/lt\/laimeje-skaitmenys\/lotto-america\/#primaryimage","url":"http:\/\/jackpotlotteryonline.com\/wp-content\/uploads\/2022\/11\/1_mega_lotto_win-213x300-1.jpg","contentUrl":"http:\/\/jackpotlotteryonline.com\/wp-content\/uploads\/2022\/11\/1_mega_lotto_win-213x300-1.jpg"},{"@type":"BreadcrumbList","@id":"https:\/\/jackpotlotteryonline.com\/lt\/laimeje-skaitmenys\/lotto-america\/#breadcrumb","itemListElement":[{"@type":"ListItem","position":1,"name":"Home","item":"https:\/\/jackpotlotteryonline.com\/lt\/"},{"@type":"ListItem","position":2,"name":"Loterijos rezultatai","item":"https:\/\/jackpotlotteryonline.com\/lt\/laimeje-skaitmenys\/"},{"@type":"ListItem","position":3,"name":"Lotto America atkreipti rezultatai"}]},{"@type":"WebSite","@id":"https:\/\/jackpotlotteryonline.com\/#website","url":"https:\/\/jackpotlotteryonline.com\/","name":"Lotto Online - Crack The International Lottery Jackpots","description":"","potentialAction":[{"@type":"SearchAction","target":{"@type":"EntryPoint","urlTemplate":"https:\/\/jackpotlotteryonline.com\/?s={search_term_string}"},"query-input":"required name=search_term_string"}],"inLanguage":"lt-LT"}]}},"_links":{"self":[{"href":"https:\/\/jackpotlotteryonline.com\/lt\/wp-json\/wp\/v2\/pages\/41534","targetHints":{"allow":["GET"]}}],"collection":[{"href":"https:\/\/jackpotlotteryonline.com\/lt\/wp-json\/wp\/v2\/pages"}],"about":[{"href":"https:\/\/jackpotlotteryonline.com\/lt\/wp-json\/wp\/v2\/types\/page"}],"author":[{"embeddable":true,"href":"https:\/\/jackpotlotteryonline.com\/lt\/wp-json\/wp\/v2\/users\/1"}],"replies":[{"embeddable":true,"href":"https:\/\/jackpotlotteryonline.com\/lt\/wp-json\/wp\/v2\/comments?post=41534"}],"version-history":[{"count":0,"href":"https:\/\/jackpotlotteryonline.com\/lt\/wp-json\/wp\/v2\/pages\/41534\/revisions"}],"up":[{"embeddable":true,"href":"https:\/\/jackpotlotteryonline.com\/lt\/wp-json\/wp\/v2\/pages\/35842"}],"wp:attachment":[{"href":"https:\/\/jackpotlotteryonline.com\/lt\/wp-json\/wp\/v2\/media?parent=41534"}],"curies":[{"name":"wp","href":"https:\/\/api.w.org\/{rel}","templated":true}]}}