{"id":72953,"date":"2025-02-02T17:14:57","date_gmt":"2025-02-02T17:14:57","guid":{"rendered":"https:\/\/jackpotlotteryonline.com\/?page_id=72953"},"modified":"2025-02-02T17:14:57","modified_gmt":"2025-02-02T17:14:57","slug":"privatumo-politika","status":"publish","type":"page","link":"https:\/\/jackpotlotteryonline.com\/lt\/privatumo-politika\/","title":{"rendered":"Privatumo politika"},"content":{"rendered":"<p>Playlottoonline privatumo politika (toliau \u2013 \u201ePolitika\u201c) taikoma Playlottoonline.net (toliau \u2013 \u201eSvetain\u0117\u201c). Svetain\u0119 valdo LLL World Marketing Limited (adresas: Peiraios Street 30, Floor 1, Office 1, 2023 Strovolos, Nikosija \u2013 Kipras). Naudodamiesi \u0161ia svetaine, j\u016bs sutinkate su \u0161ia politika ir susijusiomis naudojimo s\u0105lygomis.<\/p>\n<h3><strong>Renkama informacija<\/strong><\/h3>\n<h4><strong>J\u016bs\u0173 pateikta informacija<\/strong><\/h4>\n<p>Nor\u0117dami u\u017eregistruoti vartotojo paskyr\u0105, turite pateikti el. pa\u0161to adres\u0105, kuris bus naudojamas j\u016bs\u0173 paskyros identifikavimui ir, jei reikia, aktyvavimui. El. pa\u0161to adresas taip pat bus naudojamas slapta\u017eod\u017eio atk\u016brimui.<\/p>\n<p>El. pa\u0161to adresas ir telefono numeris gali b\u016bti naudojami siun\u010diant jums prane\u0161imus, susijusius su svetaine (\u012fskaitant teisinius prane\u0161imus), produkt\u0173 ir paslaug\u0173 informacij\u0105 arba tre\u010di\u0173j\u0173 \u0161ali\u0173 produktus ir paslaugas (toliau \u2013 \u201ePrane\u0161imai\u201c). Jei nenorite gauti rinkodaros prane\u0161im\u0173, bet kada galite j\u0173 atsisakyti paspausdami nuorod\u0105 el. lai\u0161ke arba susisiek\u0119 su mumis el. pa\u0161tu, telefonu ar kontaktine forma.<\/p>\n<p>Po registracijos galite papildyti savo profil\u012f tokia informacija kaip vardas, pavard\u0117, adresas, gimimo data, telefono numeris, laiko juosta ir pan. \u0160i informacija naudojama mok\u0117jimams apdoroti, ind\u0117liams ir i\u0161mok\u0117jimams atlikti, svetainei suasmeninti (\u012fskaitant Prane\u0161imus) ir, jei laim\u0117jimas vir\u0161ija 2500 USD, prizams i\u0161mok\u0117ti (\u017er. Naudojimo s\u0105lyg\u0173 3.5 punkt\u0105).<\/p>\n<p>Taip pat renkame informacij\u0105, kuri\u0105 pateikiate susisiekdami su mumis per u\u017eklaus\u0173 form\u0105, telefonu, pa\u0161tu, \u201eFacebook\u201c, \u201eTwitter\u201c ar kitais komunikacijos kanalais. \u010cia gali b\u016bti renkama j\u016bs\u0173 vardas, el. pa\u0161to adresas, telefono numeris ir adresas.<\/p>\n<p>Bendravimas per \u201eFacebook\u201c ir \u201eTwitter\u201c n\u0117ra laikomas oficialiu komunikacijos kanalu, tod\u0117l \u012f tokius prane\u0161imus galime neatsakyti. Ta\u010diau stengsim\u0117s atsakyti.<\/p>\n<p>Daugiau informacijos apie duomen\u0173 rinkim\u0105 galite rasti \u010dia:<\/p>\n<ul>\n<li><strong>Facebook<\/strong>: Privatumo politika ir Naudojimo s\u0105lygos<\/li>\n<li><strong>Twitter<\/strong>: Privatumo politika ir Naudojimo s\u0105lygos<\/li>\n<\/ul>\n<p>Renkame kredito kortel\u0117s informacij\u0105 (kortel\u0117s numeris, galiojimo laikas, kortel\u0117s savininko vardas, CVV kodas), kad gal\u0117tume apdoroti mok\u0117jimus.<\/p>\n<h3><strong>Automati\u0161kai renkama informacija<\/strong><\/h3>\n<p>Naudojantis svetaine, mes automati\u0161kai renkame tam tikr\u0105 informacij\u0105, kad u\u017etikrintume pagrindines funkcijas, suasmenintume svetain\u0119 (\u012fskaitant Prane\u0161imus), steb\u0117tume lankomum\u0105 ir gerintume saugum\u0105. Tai apima:<\/p>\n<ul>\n<li>IP adres\u0105<\/li>\n<li>HTTP antra\u0161tes, kurias siun\u010dia nar\u0161ykl\u0117 (User-Agent, Accept-Language, Referer ir kt.), \u012fskaitant nar\u0161ykl\u0117s tip\u0105, versij\u0105, operacin\u0119 sistem\u0105, kalb\u0105 ir prieig\u0105 prie svetain\u0117s URL<\/li>\n<li>Sistemos laik\u0105<\/li>\n<li>HTTP u\u017eklausas<\/li>\n<li>Slapukus, saugomus playlottoonline.org arba jos subdomenuose<\/li>\n<\/ul>\n<p>IP adresas naudojamas j\u016bs\u0173 buvimo vietai nustatyti, svetainei suasmeninti ir patobulinti naudotojo patirt\u012f.<\/p>\n<p>Svetain\u0117 taip pat naudoja nar\u0161ykl\u0117s laikin\u0105j\u0105 atmint\u012f, kad pagreitint\u0173 \u012fk\u0117limo laik\u0105 ir i\u0161saugot\u0173 duomenis net ir perkrovus nar\u0161ykl\u0119.<\/p>\n<p>Naudojame personalizavimo \u012frankius, kurie renka duomenis apie svetain\u0117s naudojim\u0105 ir naudoja tre\u010di\u0173j\u0173 \u0161ali\u0173 slapukus, kad rodyt\u0173 suasmenintus reklamos pasi\u016blymus.<\/p>\n<h3><strong>Tre\u010di\u0173j\u0173 \u0161ali\u0173 paslaugos<\/strong><\/h3>\n<h4><strong>Statistika, reklama, saugumas<\/strong><\/h4>\n<p>Naudojame tre\u010di\u0173j\u0173 \u0161ali\u0173 paslaugas svetain\u0117s saugumui u\u017etikrinti, rinkti ir analizuoti duomenis apie svetain\u0117s veikim\u0105, \u012fskaitant:<\/p>\n<ul>\n<li><strong>Google Analytics<\/strong>\u00a0\u2013 lankomumo steb\u0117jimui ir svetain\u0117s veikimo statistikai<\/li>\n<li><strong>Google reCAPTCHA<\/strong>\u00a0\u2013 saugumo gerinimui ir apsaugai nuo robot\u0173<\/li>\n<li><strong>Facebook Pixel<\/strong>\u00a0\u2013 lankomumo steb\u0117jimui, svetain\u0117s analizavimui ir reklamos kampanij\u0173 optimizavimui<\/li>\n<\/ul>\n<p>\u0160ios paslaugos renka ir naudoja duomenis pagal savo privatumo politikas.<\/p>\n<p>Daugiau informacijos apie tai, kaip \u201eGoogle\u201c renka duomenis, galite rasti\u00a0<strong>Google privatumo politikoje<\/strong>.<\/p>\n<p>Daugiau informacijos apie tai, kaip \u201eFacebook\u201c renka duomenis, galite rasti\u00a0<strong>Facebook privatumo politikoje<\/strong>.<\/p>\n","protected":false},"excerpt":{"rendered":"<p>Playlottoonline privatumo politika (toliau \u2013 \u201ePolitika\u201c) taikoma Playlottoonline.net (toliau \u2013 \u201eSvetain\u0117\u201c). Svetain\u0119 valdo LLL World Marketing Limited (adresas: Peiraios Street 30, Floor 1, Office 1, 2023 Strovolos, Nikosija \u2013 Kipras). Naudodamiesi \u0161ia svetaine, j\u016bs sutinkate su \u0161ia politika ir susijusiomis naudojimo s\u0105lygomis. Renkama informacija J\u016bs\u0173 pateikta informacija Nor\u0117dami u\u017eregistruoti vartotojo paskyr\u0105, turite pateikti el. pa\u0161to [&hellip;]<\/p>\n","protected":false},"author":7,"featured_media":0,"parent":0,"menu_order":0,"comment_status":"closed","ping_status":"closed","template":"","meta":{"_et_pb_use_builder":"","_et_pb_old_content":"","_et_gb_content_width":"","exclude_from_search":false,"footnotes":""},"class_list":["post-72953","page","type-page","status-publish","hentry"],"yoast_head":"<!-- This site is optimized with the Yoast SEO plugin v23.3 - https:\/\/yoast.com\/wordpress\/plugins\/seo\/ -->\n<title>Privatumo politika - Lotto Online - Crack The International Lottery Jackpots<\/title>\n<meta name=\"robots\" content=\"index, follow, max-snippet:-1, max-image-preview:large, max-video-preview:-1\" \/>\n<link rel=\"canonical\" href=\"https:\/\/jackpotlotteryonline.com\/privacy-policy-2\/\" \/>\n<meta property=\"og:locale\" content=\"lt_LT\" \/>\n<meta property=\"og:type\" content=\"article\" \/>\n<meta property=\"og:title\" content=\"Privatumo politika - Lotto Online - Crack The International Lottery Jackpots\" \/>\n<meta property=\"og:description\" content=\"Playlottoonline privatumo politika (toliau \u2013 \u201ePolitika\u201c) taikoma Playlottoonline.net (toliau \u2013 \u201eSvetain\u0117\u201c). Svetain\u0119 valdo LLL World Marketing Limited (adresas: Peiraios Street 30, Floor 1, Office 1, 2023 Strovolos, Nikosija \u2013 Kipras). Naudodamiesi \u0161ia svetaine, j\u016bs sutinkate su \u0161ia politika ir susijusiomis naudojimo s\u0105lygomis. Renkama informacija J\u016bs\u0173 pateikta informacija Nor\u0117dami u\u017eregistruoti vartotojo paskyr\u0105, turite pateikti el. pa\u0161to [&hellip;]\" \/>\n<meta property=\"og:url\" content=\"https:\/\/jackpotlotteryonline.com\/privacy-policy-2\/\" \/>\n<meta property=\"og:site_name\" content=\"Lotto Online - Crack The International Lottery Jackpots\" \/>\n<meta name=\"twitter:card\" content=\"summary_large_image\" \/>\n<meta name=\"twitter:label1\" content=\"Est. reading time\" \/>\n\t<meta name=\"twitter:data1\" content=\"2 minut\u0117s\" \/>\n<!-- \/ Yoast SEO plugin. -->","yoast_head_json":{"title":"Privatumo politika - Lotto Online - Crack The International Lottery Jackpots","robots":{"index":"index","follow":"follow","max-snippet":"max-snippet:-1","max-image-preview":"max-image-preview:large","max-video-preview":"max-video-preview:-1"},"canonical":"https:\/\/jackpotlotteryonline.com\/privacy-policy-2\/","og_locale":"lt_LT","og_type":"article","og_title":"Privatumo politika - Lotto Online - Crack The International Lottery Jackpots","og_description":"Playlottoonline privatumo politika (toliau \u2013 \u201ePolitika\u201c) taikoma Playlottoonline.net (toliau \u2013 \u201eSvetain\u0117\u201c). Svetain\u0119 valdo LLL World Marketing Limited (adresas: Peiraios Street 30, Floor 1, Office 1, 2023 Strovolos, Nikosija \u2013 Kipras). Naudodamiesi \u0161ia svetaine, j\u016bs sutinkate su \u0161ia politika ir susijusiomis naudojimo s\u0105lygomis. Renkama informacija J\u016bs\u0173 pateikta informacija Nor\u0117dami u\u017eregistruoti vartotojo paskyr\u0105, turite pateikti el. pa\u0161to [&hellip;]","og_url":"https:\/\/jackpotlotteryonline.com\/privacy-policy-2\/","og_site_name":"Lotto Online - Crack The International Lottery Jackpots","twitter_card":"summary_large_image","twitter_misc":{"Est. reading time":"2 minut\u0117s"},"schema":{"@context":"https:\/\/schema.org","@graph":[{"@type":"WebPage","@id":"https:\/\/jackpotlotteryonline.com\/privacy-policy-2\/","url":"https:\/\/jackpotlotteryonline.com\/privacy-policy-2\/","name":"Privatumo politika - Lotto Online - Crack The International Lottery Jackpots","isPartOf":{"@id":"https:\/\/jackpotlotteryonline.com\/#website"},"datePublished":"2025-02-02T17:14:57+00:00","dateModified":"2025-02-02T17:14:57+00:00","breadcrumb":{"@id":"https:\/\/jackpotlotteryonline.com\/privacy-policy-2\/#breadcrumb"},"inLanguage":"lt-LT","potentialAction":[{"@type":"ReadAction","target":["https:\/\/jackpotlotteryonline.com\/privacy-policy-2\/"]}]},{"@type":"BreadcrumbList","@id":"https:\/\/jackpotlotteryonline.com\/privacy-policy-2\/#breadcrumb","itemListElement":[{"@type":"ListItem","position":1,"name":"Home","item":"https:\/\/jackpotlotteryonline.com\/lt\/"},{"@type":"ListItem","position":2,"name":"Privatumo politika"}]},{"@type":"WebSite","@id":"https:\/\/jackpotlotteryonline.com\/#website","url":"https:\/\/jackpotlotteryonline.com\/","name":"Lotto Online - Crack The International Lottery Jackpots","description":"","potentialAction":[{"@type":"SearchAction","target":{"@type":"EntryPoint","urlTemplate":"https:\/\/jackpotlotteryonline.com\/?s={search_term_string}"},"query-input":"required name=search_term_string"}],"inLanguage":"lt-LT"}]}},"_links":{"self":[{"href":"https:\/\/jackpotlotteryonline.com\/lt\/wp-json\/wp\/v2\/pages\/72953","targetHints":{"allow":["GET"]}}],"collection":[{"href":"https:\/\/jackpotlotteryonline.com\/lt\/wp-json\/wp\/v2\/pages"}],"about":[{"href":"https:\/\/jackpotlotteryonline.com\/lt\/wp-json\/wp\/v2\/types\/page"}],"author":[{"embeddable":true,"href":"https:\/\/jackpotlotteryonline.com\/lt\/wp-json\/wp\/v2\/users\/7"}],"replies":[{"embeddable":true,"href":"https:\/\/jackpotlotteryonline.com\/lt\/wp-json\/wp\/v2\/comments?post=72953"}],"version-history":[{"count":0,"href":"https:\/\/jackpotlotteryonline.com\/lt\/wp-json\/wp\/v2\/pages\/72953\/revisions"}],"wp:attachment":[{"href":"https:\/\/jackpotlotteryonline.com\/lt\/wp-json\/wp\/v2\/media?parent=72953"}],"curies":[{"name":"wp","href":"https:\/\/api.w.org\/{rel}","templated":true}]}}