{"id":73018,"date":"2025-02-02T18:26:26","date_gmt":"2025-02-02T18:26:26","guid":{"rendered":"https:\/\/jackpotlotteryonline.com\/?page_id=73018"},"modified":"2025-02-02T18:26:26","modified_gmt":"2025-02-02T18:26:26","slug":"terminai-ir-salygos","status":"publish","type":"page","link":"https:\/\/jackpotlotteryonline.com\/lt\/terminai-ir-salygos\/","title":{"rendered":"Terminai ir s\u0105lygos"},"content":{"rendered":"<p>Jackpot Lottery Online Terminai ir s\u0105lygos (toliau &#8211; Naudojimo s\u0105lygos) taikomi jackpotlotlotteryonline.com svetain\u0117je (toliau &#8211; Svetain\u0117), kuri\u0105 valdo LLL World Marketing Limited, Peiraios 30, 1st floor, office 1, 2023 Strovolos, Nicosia &#8211; Cyprus.<\/p>\n<p>Rodydamas, nar\u0161ydamas ar bet kokiu b\u016bdu naudodamas jackpotlotteryonline.com svetain\u0119, \u017eaid\u0117jas laikosi \u0161i\u0173 naudojimo s\u0105lyg\u0173 ir m\u016bs\u0173 privatumo politikos. Jei \u017daid\u0117jas nesutinka su bet kuria i\u0161 j\u0173, pra\u0161ome \u017daid\u0117jo nustoti naudotis jackpotlotlotteryonline.com.<\/p>\n<p>Jei turite klausim\u0173 d\u0117l m\u016bs\u0173 Naudojimosi s\u0105lyg\u0173 arba Privatumo politikos, susisiekite su mumis per m\u016bs\u0173 kontaktin\u0119 form\u0105.<\/p>\n<p>\u0160ioms naudojimo s\u0105lygoms taikomi Kipro \u012fstatymai.<\/p>\n<p>1. Apibr\u0117\u017eimai<br \/>\nLoterija &#8211; skai\u010di\u0173 \u017eaidimas, kurio metu vyksta Loterija.<br \/>\nLygiosios &#8211; tam tikros Loterijos konkretaus skai\u010diaus i\u0161traukimas i\u0161 nurodyt\u0173 standartini\u0173 skai\u010di\u0173 arba standartini\u0173 ir papildom\u0173 skai\u010di\u0173 interval\u0173. Lygiosios vyksta pakartotinai tokiomis dienomis ir valandomis, kurias nustato konkre\u010dios Loterijos operatorius.<br \/>\nOperatorius &#8211; subjektas, organizuojantis tam tikros loterijos lo\u0161im\u0105.<br \/>\n\u017daid\u0117jas &#8211; asmuo, dalyvaujantis vienoje i\u0161 jackpotlotlotteryonline.com si\u016blom\u0173 loterij\u0173.<br \/>\nBilietas &#8211; elektroninis bilietas, skirtas konkre\u010dios Loterijos \u017daid\u0117jo pasirinktam Lygiosioms, kuriame yra viena ar daugiau eilu\u010di\u0173.<br \/>\nLinija &#8211; vienas skai\u010di\u0173 rinkinys, kur\u012f \u017eaid\u0117jas pasirinko tam tikram Loterijos lo\u0161imui. Priklausomai nuo Loterijos, joje gali b\u016bti skirtinga suma ir (arba) kitoks standartini\u0173 ir premijini\u0173 skai\u010di\u0173 (jei toki\u0173 yra) rinkinys (kitokio diapazono).<br \/>\nLaim\u0117jimas &#8211; suma, laim\u0117ta, jei \u017daid\u0117jo sukurta eilut\u0117 sutampa su i\u0161 anksto nustatytu skai\u010di\u0173 rinkiniu, i\u0161rinktu Loterijos Lygiosios, kuriai buvo nupirktas Bilietas, kuriame yra eilut\u0117.<br \/>\nInd\u0117lis &#8211; l\u0117\u0161os, pervestos \u012f \u017eaid\u0117jo s\u0105skait\u0105, kurios v\u0117liau bus panaudotos Bilietams \u012fsigyti.<br \/>\nPaskyra &#8211; \u017daid\u0117jo naudotojo paskyra, kuriai priskirtos \u017daid\u0117jo l\u0117\u0161os, \u012fsigyti Bilietai ir \u017daid\u0117jo duomenys.<br \/>\n2. Bendroji informacija<br \/>\n2.1. Interneto svetain\u0117je jackpotlotlotteryonline.com suteikiama prieiga prie loterij\u0173 per internetin\u0119 platform\u0105.<br \/>\n2.2. Nor\u0117dami naudotis Svetaine, \u017daid\u0117jai turi b\u016bti ne jaunesni kaip 18 met\u0173.<br \/>\n2.3. \u017daid\u0117jas privalo patikrinti, ar dalyvavimas internetin\u0117se loterijose yra teis\u0117tas pagal jo jurisdikcij\u0105.<br \/>\n2.4. Bendrov\u0117 \u201eLLL World Marketing Limited\u201c n\u0117ra oficialus loterijos operatorius. Teikiamos paslaugos yra susijusios su prieiga prie loterijos biliet\u0173.<\/p>\n<p>3. Vartotojo paskyra<br \/>\n3.1. Nor\u0117dami \u012fsigyti Bilietus, \u017eaid\u0117jai privalo u\u017eregistruoti paskyr\u0105 svetain\u0117je jackpotlotlotteryonline.com.<br \/>\n3.2. Registracijos metu pateikti asmens duomenys turi b\u016bti tiksl\u016bs. D\u0117l bet kokios melagingos ar klaidinan\u010dios informacijos gali b\u016bti sustabdyta arba panaikinta Paskyra.<br \/>\n3.3. \u017daid\u0117jai yra atsakingi u\u017e savo prisijungimo duomen\u0173 konfidencialum\u0105. Bendrov\u0117 neatsako u\u017e neteis\u0117t\u0105 prieig\u0105 d\u0117l aplaidumo.<\/p>\n<p>4. Ind\u0117liai ir mok\u0117jimai<br \/>\n4.1. Ind\u0117liai gali b\u016bti atliekami naudojant jackpotlotteryonline.com svetain\u0117je esan\u010dius mok\u0117jimo b\u016bdus.<br \/>\n4.2. \u017daid\u0117jai yra atsakingi u\u017e tai, kad j\u0173 S\u0105skaitoje b\u016bt\u0173 pakankamai l\u0117\u0161\u0173 Bilietams \u012fsigyti.<br \/>\n4.3 Visi mok\u0117jimai atliekami saugiai. Bendrov\u0117 pasilieka teis\u0119 prireikus papra\u0161yti papildomo patikrinimo.<\/p>\n<p>5. Biliet\u0173 \u012fsigijimas<br \/>\n5.1. \u017daid\u0117jai gali \u012fsigyti Bilietus \u012f \u012fvairias jackpotlotlotteryonline.com si\u016blomas loterijas.<br \/>\n5.2 Bilietai laikomi galiojan\u010diais tik s\u0117kmingai patvirtinus mok\u0117jim\u0105.<\/p>\n<p>6. Laim\u0117jimai<br \/>\n6.1 Laim\u0117jimai apskai\u010diuojami pagal \u017eaid\u0117jo pasirinkt\u0173 skai\u010di\u0173 atitikim\u0105 oficialaus loterijos operatoriaus i\u0161trauktiems skai\u010diams.<br \/>\n6.2. Bendrov\u0117 d\u0117s visas pastangas, kad laim\u0117jimai \u017eaid\u0117jui b\u016bt\u0173 i\u0161mok\u0117ti nedelsiant.<br \/>\n6.3. Prie\u0161 i\u0161mokant \u017eaid\u0117jui didelius laim\u0117jimus, gali prireikti papildomai patikrinti asmens tapatyb\u0119.<\/p>\n<p>7. Atsakomyb\u0117s apribojimas<br \/>\n7.1. Bendrov\u0117 neatsako u\u017e technines klaidas ar trikd\u017eius, kurie gali atsirasti naudojantis jackpotlotlotteryonline.com.<br \/>\n7.2. Bendrov\u0117 jokiu atveju neatsako u\u017e netiesiogin\u0119, atsitiktin\u0119 ar netiesiogin\u0119 \u017eal\u0105, atsiradusi\u0105 d\u0117l naudojimosi Svetaine.<\/p>\n<p>8. Sutarties nutraukimas<br \/>\n8.1. Bendrov\u0117 pasilieka teis\u0119 nutraukti arba laikinai sustabdyti bet kurio \u017eaid\u0117jo paskyr\u0105 u\u017e naudojimo s\u0105lyg\u0173 pa\u017eeidimus.<br \/>\n8.2. \u017daid\u0117jai bet kuriuo metu gali pra\u0161yti u\u017edaryti Paskyr\u0105 susisiek\u0119 su palaikymo tarnyba per kontaktin\u0119 form\u0105.<\/p>\n<p>9. Taikytina teis\u0117<br \/>\n9.1 \u0160ios Naudojimosi s\u0105lygos reglamentuojamos ir ai\u0161kinamos pagal Kipro \u012fstatymus.<\/p>\n<p>Naudodamasis jackpotlotlotteryonline.com, \u017eaid\u0117jas sutinka laikytis vis\u0173 pirmiau nurodyt\u0173 Naudojimo s\u0105lyg\u0173.<\/p>\n","protected":false},"excerpt":{"rendered":"<p>Jackpot Lottery Online Terminai ir s\u0105lygos (toliau &#8211; Naudojimo s\u0105lygos) taikomi jackpotlotlotteryonline.com svetain\u0117je (toliau &#8211; Svetain\u0117), kuri\u0105 valdo LLL World Marketing Limited, Peiraios 30, 1st floor, office 1, 2023 Strovolos, Nicosia &#8211; Cyprus. Rodydamas, nar\u0161ydamas ar bet kokiu b\u016bdu naudodamas jackpotlotteryonline.com svetain\u0119, \u017eaid\u0117jas laikosi \u0161i\u0173 naudojimo s\u0105lyg\u0173 ir m\u016bs\u0173 privatumo politikos. Jei \u017daid\u0117jas nesutinka su [&hellip;]<\/p>\n","protected":false},"author":7,"featured_media":0,"parent":0,"menu_order":0,"comment_status":"closed","ping_status":"closed","template":"","meta":{"_et_pb_use_builder":"","_et_pb_old_content":"","_et_gb_content_width":"","exclude_from_search":false,"footnotes":""},"class_list":["post-73018","page","type-page","status-publish","hentry"],"yoast_head":"<!-- This site is optimized with the Yoast SEO plugin v23.3 - https:\/\/yoast.com\/wordpress\/plugins\/seo\/ -->\n<title>Terminai ir s\u0105lygos - Lotto Online - Crack The International Lottery Jackpots<\/title>\n<meta name=\"robots\" content=\"index, follow, max-snippet:-1, max-image-preview:large, max-video-preview:-1\" \/>\n<link rel=\"canonical\" href=\"https:\/\/jackpotlotteryonline.com\/lt\/terminai-ir-salygos\/\" \/>\n<meta property=\"og:locale\" content=\"lt_LT\" \/>\n<meta property=\"og:type\" content=\"article\" \/>\n<meta property=\"og:title\" content=\"Terminai ir s\u0105lygos - Lotto Online - Crack The International Lottery Jackpots\" \/>\n<meta property=\"og:description\" content=\"Jackpot Lottery Online Terminai ir s\u0105lygos (toliau &#8211; Naudojimo s\u0105lygos) taikomi jackpotlotlotteryonline.com svetain\u0117je (toliau &#8211; Svetain\u0117), kuri\u0105 valdo LLL World Marketing Limited, Peiraios 30, 1st floor, office 1, 2023 Strovolos, Nicosia &#8211; Cyprus. Rodydamas, nar\u0161ydamas ar bet kokiu b\u016bdu naudodamas jackpotlotteryonline.com svetain\u0119, \u017eaid\u0117jas laikosi \u0161i\u0173 naudojimo s\u0105lyg\u0173 ir m\u016bs\u0173 privatumo politikos. Jei \u017daid\u0117jas nesutinka su [&hellip;]\" \/>\n<meta property=\"og:url\" content=\"https:\/\/jackpotlotteryonline.com\/lt\/terminai-ir-salygos\/\" \/>\n<meta property=\"og:site_name\" content=\"Lotto Online - Crack The International Lottery Jackpots\" \/>\n<meta name=\"twitter:card\" content=\"summary_large_image\" \/>\n<meta name=\"twitter:label1\" content=\"Est. reading time\" \/>\n\t<meta name=\"twitter:data1\" content=\"3 minut\u0117s\" \/>\n<!-- \/ Yoast SEO plugin. -->","yoast_head_json":{"title":"Terminai ir s\u0105lygos - Lotto Online - Crack The International Lottery Jackpots","robots":{"index":"index","follow":"follow","max-snippet":"max-snippet:-1","max-image-preview":"max-image-preview:large","max-video-preview":"max-video-preview:-1"},"canonical":"https:\/\/jackpotlotteryonline.com\/lt\/terminai-ir-salygos\/","og_locale":"lt_LT","og_type":"article","og_title":"Terminai ir s\u0105lygos - Lotto Online - Crack The International Lottery Jackpots","og_description":"Jackpot Lottery Online Terminai ir s\u0105lygos (toliau &#8211; Naudojimo s\u0105lygos) taikomi jackpotlotlotteryonline.com svetain\u0117je (toliau &#8211; Svetain\u0117), kuri\u0105 valdo LLL World Marketing Limited, Peiraios 30, 1st floor, office 1, 2023 Strovolos, Nicosia &#8211; Cyprus. Rodydamas, nar\u0161ydamas ar bet kokiu b\u016bdu naudodamas jackpotlotteryonline.com svetain\u0119, \u017eaid\u0117jas laikosi \u0161i\u0173 naudojimo s\u0105lyg\u0173 ir m\u016bs\u0173 privatumo politikos. Jei \u017daid\u0117jas nesutinka su [&hellip;]","og_url":"https:\/\/jackpotlotteryonline.com\/lt\/terminai-ir-salygos\/","og_site_name":"Lotto Online - Crack The International Lottery Jackpots","twitter_card":"summary_large_image","twitter_misc":{"Est. reading time":"3 minut\u0117s"},"schema":{"@context":"https:\/\/schema.org","@graph":[{"@type":"WebPage","@id":"https:\/\/jackpotlotteryonline.com\/lt\/terminai-ir-salygos\/","url":"https:\/\/jackpotlotteryonline.com\/lt\/terminai-ir-salygos\/","name":"Terminai ir s\u0105lygos - Lotto Online - Crack The International Lottery Jackpots","isPartOf":{"@id":"https:\/\/jackpotlotteryonline.com\/#website"},"datePublished":"2025-02-02T18:26:26+00:00","dateModified":"2025-02-02T18:26:26+00:00","breadcrumb":{"@id":"https:\/\/jackpotlotteryonline.com\/lt\/terminai-ir-salygos\/#breadcrumb"},"inLanguage":"lt-LT","potentialAction":[{"@type":"ReadAction","target":["https:\/\/jackpotlotteryonline.com\/lt\/terminai-ir-salygos\/"]}]},{"@type":"BreadcrumbList","@id":"https:\/\/jackpotlotteryonline.com\/lt\/terminai-ir-salygos\/#breadcrumb","itemListElement":[{"@type":"ListItem","position":1,"name":"Home","item":"https:\/\/jackpotlotteryonline.com\/lt\/"},{"@type":"ListItem","position":2,"name":"Terminai ir s\u0105lygos"}]},{"@type":"WebSite","@id":"https:\/\/jackpotlotteryonline.com\/#website","url":"https:\/\/jackpotlotteryonline.com\/","name":"Lotto Online - Crack The International Lottery Jackpots","description":"","potentialAction":[{"@type":"SearchAction","target":{"@type":"EntryPoint","urlTemplate":"https:\/\/jackpotlotteryonline.com\/?s={search_term_string}"},"query-input":"required name=search_term_string"}],"inLanguage":"lt-LT"}]}},"_links":{"self":[{"href":"https:\/\/jackpotlotteryonline.com\/lt\/wp-json\/wp\/v2\/pages\/73018","targetHints":{"allow":["GET"]}}],"collection":[{"href":"https:\/\/jackpotlotteryonline.com\/lt\/wp-json\/wp\/v2\/pages"}],"about":[{"href":"https:\/\/jackpotlotteryonline.com\/lt\/wp-json\/wp\/v2\/types\/page"}],"author":[{"embeddable":true,"href":"https:\/\/jackpotlotteryonline.com\/lt\/wp-json\/wp\/v2\/users\/7"}],"replies":[{"embeddable":true,"href":"https:\/\/jackpotlotteryonline.com\/lt\/wp-json\/wp\/v2\/comments?post=73018"}],"version-history":[{"count":0,"href":"https:\/\/jackpotlotteryonline.com\/lt\/wp-json\/wp\/v2\/pages\/73018\/revisions"}],"wp:attachment":[{"href":"https:\/\/jackpotlotteryonline.com\/lt\/wp-json\/wp\/v2\/media?parent=73018"}],"curies":[{"name":"wp","href":"https:\/\/api.w.org\/{rel}","templated":true}]}}