{"id":73169,"date":"2025-02-03T06:41:52","date_gmt":"2025-02-03T06:41:52","guid":{"rendered":"https:\/\/jackpotlotteryonline.com\/?page_id=73169"},"modified":"2025-02-03T06:41:52","modified_gmt":"2025-02-03T06:41:52","slug":"privatumo-politika-2","status":"publish","type":"page","link":"https:\/\/jackpotlotteryonline.com\/lt\/privatumo-politika-2\/","title":{"rendered":"Privatumo politika"},"content":{"rendered":"<p><strong>Jackpotlottery<\/strong> labai vertina j\u016bs\u0173 privatum\u0105. \u0160i Privatumo politika paai\u0161kina, kaip mes renkam\u0117s, naudojame ir saugome j\u016bs\u0173 asmenin\u0119 informacij\u0105, kai naudojat\u0117s m\u016bs\u0173 svetaine (jackpotlottery.org).<\/p>\n<p>Pasiek\u0119 ir naudodamiesi svetaine, j\u016bs sutinkate su \u0161ios Privatumo politikos s\u0105lygomis. Jei nesutinkate, pra\u0161ome nedelsiant nutraukti svetain\u0117s naudojim\u0105.<\/p>\n<h3><strong>Surinkta informacija<\/strong><\/h3>\n<h4><strong>Informacija, kuri\u0105 pateikiate mums<\/strong><\/h4>\n<p>Mes renkame asmeninius duomenis, kuriuos j\u016bs savanori\u0161kai pateikiate, kai:<\/p>\n<ul>\n<li>Sukuriate paskyr\u0105 Jackpotlottery.<\/li>\n<li>Atlikdami pirkimus arba dalyvaudami loterijose.<\/li>\n<li>Bendraudami su m\u016bs\u0173 klient\u0173 aptarnavimo komanda.<\/li>\n<li>Pateikdami formas ar u\u017eklausas per svetain\u0119.<\/li>\n<\/ul>\n<p>\u0160ie duomenys apima, bet neapsiriboja:<\/p>\n<ul>\n<li>Vardas<\/li>\n<li>El. pa\u0161to adresas<\/li>\n<li>Telefonas<\/li>\n<li>Mok\u0117jimo informacija<\/li>\n<li>Adresas<\/li>\n<li>Gimimo data<\/li>\n<\/ul>\n<h4><strong>Automati\u0161kai surinkta informacija<\/strong><\/h4>\n<p>Mes taip pat galime automati\u0161kai surinkti informacij\u0105, kai j\u016bs lankot\u0117s m\u016bs\u0173 svetain\u0117je, pvz.:<\/p>\n<ul>\n<li>IP adresas<\/li>\n<li>Nar\u0161ykl\u0117s tipas ir versija<\/li>\n<li>Laiko juostos nustatymai<\/li>\n<li>Nar\u0161ykl\u0117s papildini\u0173 tipai ir versijos<\/li>\n<li>Operacin\u0117 sistema ir platforma<\/li>\n<li>Informacija apie j\u016bs\u0173 apsilankym\u0105, \u012fskaitant per\u017ei\u016br\u0117tus puslapius, laik\u0105 praleist\u0105 puslapyje ir s\u0105veik\u0105 su svetaine (pvz., slinkimas, paspaudimai)<\/li>\n<\/ul>\n<p>\u0160i informacija surenkama naudojant slapukus ir pana\u0161ias sekimo technologijas.<\/p>\n<h3><strong>Kaip mes naudojame j\u016bs\u0173 duomenis<\/strong><\/h3>\n<p>Surinkti duomenys naudojami \u0161iems tikslams:<\/p>\n<ul>\n<li>J\u016bs\u0173 paskyros valdymui ir paslaug\u0173 teikimui.<\/li>\n<li>Mok\u0117jim\u0173, i\u0161mok\u0173 ir \u012fmok\u0173 apdorojimui.<\/li>\n<li>Naudotojo patirties pritaikymui ir gerinimui.<\/li>\n<li>Bendravimui su jumis d\u0117l paslaug\u0173, atnaujinim\u0173 ar akcij\u0173.<\/li>\n<li>Teisin\u0117ms pareigoms vykdyti.<\/li>\n<\/ul>\n<h3><strong>J\u016bs\u0173 duomen\u0173 dalijimasis<\/strong><\/h3>\n<p>Mes neparduosime, nekeisime ir nepernuomosime j\u016bs\u0173 asmenini\u0173 duomen\u0173. Mes galime dalintis j\u016bs\u0173 informacija su tre\u010diosiomis \u0161alimis tik \u0161iais atvejais:<\/p>\n<ul>\n<li>Mok\u0117jim\u0173 apdorojimas per patikimus mok\u0117jimo paslaug\u0173 teik\u0117jus.<\/li>\n<li>Norint laikytis teisini\u0173 ar reguliavimo reikalavim\u0173.<\/li>\n<li>Su paslaug\u0173 teik\u0117jais, kurie padeda mums valdyti svetain\u0119 arba teikti paslaugas (pvz., rinkodaros partneriai arba IT paslaug\u0173 teik\u0117jai).<\/li>\n<\/ul>\n<p>Visos tre\u010diosios \u0161alys yra \u012fpareigotos laikytis konfidencialumo susitarim\u0173 ir privalo tvarkyti j\u016bs\u0173 duomenis pagal taikomus \u012fstatymus.<\/p>\n<h3><strong>J\u016bs\u0173 teis\u0117s<\/strong><\/h3>\n<p>Kaip naudotojas, j\u016bs turite \u0161ias teises pagal taikomus duomen\u0173 apsaugos \u012fstatymus:<\/p>\n<ul>\n<li><strong>Prieigos teis\u0117<\/strong>: Pra\u0161yti informacijos apie m\u016bs\u0173 turimus j\u016bs\u0173 asmens duomenis.<\/li>\n<li><strong>Teis\u0117 i\u0161taisyti<\/strong>: Pra\u0161yti pataisyti netikslius arba nei\u0161samus duomenis.<\/li>\n<li><strong>Teis\u0117 i\u0161trinti<\/strong>: Pra\u0161yti i\u0161trinti j\u016bs\u0173 asmens duomenis, laikantis teisini\u0173 saugojimo reikalavim\u0173.<\/li>\n<li><strong>Apdorojimo apribojimo teis\u0117<\/strong>: Pra\u0161yti apriboti, kaip mes tvarkome j\u016bs\u0173 duomenis.<\/li>\n<li><strong>Prie\u0161taravimo teis\u0117<\/strong>: Prie\u0161tarauti duomen\u0173 tvarkymui tam tikrais tikslais (pvz., rinkodara).<\/li>\n<li><strong>Duomen\u0173 perk\u0117limo teis\u0117<\/strong>: Pra\u0161yti, kad j\u016bs\u0173 duomenys b\u016bt\u0173 perduoti kitam paslaug\u0173 teik\u0117jui.<\/li>\n<\/ul>\n<p>Nor\u0117dami pasinaudoti \u0161iomis teis\u0117mis, susisiekite su mumis el. pa\u0161tu: <strong><a rel=\"noopener\">support@jackpotlottery.org<\/a><\/strong>.<\/p>\n<h3><strong>Duomen\u0173 saugumas<\/strong><\/h3>\n<p>Mes labai rimtai \u017ei\u016brime \u012f duomen\u0173 saugum\u0105 ir imam\u0117s technini\u0173 ir organizacini\u0173 priemoni\u0173, kad apsaugotume j\u016bs\u0173 duomenis nuo neteis\u0117tos prieigos, pakeitimo ar sunaikinimo. Ta\u010diau jokiuose sistemose n\u0117ra visi\u0161ko saugumo, tod\u0117l negalime garantuoti absoliu\u010dios saugos.<\/p>\n<h3><strong>Duomen\u0173 saugojimas<\/strong><\/h3>\n<p>Mes saugome j\u016bs\u0173 duomenis tik tiek, kiek tai yra b\u016btina:<\/p>\n<ul>\n<li>Paslaugoms teikti.<\/li>\n<li>Teisiniams ir reguliavimo \u012fsipareigojimams vykdyti.<\/li>\n<\/ul>\n<h3><strong>Slapukai<\/strong><\/h3>\n<p>\u201eJackpotlottery\u201c naudoja slapukus, kad pagerint\u0173 j\u016bs\u0173 nar\u0161ymo patirt\u012f ir gaut\u0173 \u012f\u017evalg\u0173 apie svetain\u0117s naudojim\u0105. Slapukai mums padeda:<\/p>\n<ul>\n<li>Atpa\u017einti jus, kai gr\u012f\u017etate \u012f svetain\u0119.<\/li>\n<li>Sekti ir analizuoti svetain\u0117s na\u0161um\u0105 ir naudojim\u0105.<\/li>\n<\/ul>\n<p>Slapuk\u0173 nustatymus galite valdyti per savo nar\u0161ykl\u0117s nustatymus.<\/p>\n<h3><strong>\u0160ios Privatumo politikos pakeitimai<\/strong><\/h3>\n<p>Mes galime periodi\u0161kai atnaujinti \u0161i\u0105 Privatumo politik\u0105, kad atspind\u0117tume praktikos, teis\u0117s akt\u0173 ar kit\u0173 veiksni\u0173 poky\u010dius. Pakeitimai bus paskelbti \u0161ioje puslapyje su atnaujinta per\u017ei\u016bros data. Mes raginame jus reguliariai per\u017ei\u016br\u0117ti Privatumo politik\u0105, kad b\u016btum\u0117te informuoti apie poky\u010dius.<\/p>\n<h3><strong>Susisiekite su mumis<\/strong><\/h3>\n<p>Jei turite klausim\u0173 apie \u0161i\u0105 Privatumo politik\u0105 arba j\u016bs\u0173 asmens duomenis, susisiekite su mumis:<\/p>\n<p>\ud83d\udce7 <strong>El. pa\u0161tas<\/strong>: <a rel=\"noopener\">support@jackpotlottery.org<\/a><br \/>\n\ud83d\udccd <strong>Adresas<\/strong>: LLL World Marketing Limited, Peiraios 30, 1st floor, office 1, 2023 Strovolos, Nicosia \u2013 Kipras<\/p>\n","protected":false},"excerpt":{"rendered":"<p>Jackpotlottery labai vertina j\u016bs\u0173 privatum\u0105. \u0160i Privatumo politika paai\u0161kina, kaip mes renkam\u0117s, naudojame ir saugome j\u016bs\u0173 asmenin\u0119 informacij\u0105, kai naudojat\u0117s m\u016bs\u0173 svetaine (jackpotlottery.org). Pasiek\u0119 ir naudodamiesi svetaine, j\u016bs sutinkate su \u0161ios Privatumo politikos s\u0105lygomis. Jei nesutinkate, pra\u0161ome nedelsiant nutraukti svetain\u0117s naudojim\u0105. Surinkta informacija Informacija, kuri\u0105 pateikiate mums Mes renkame asmeninius duomenis, kuriuos j\u016bs savanori\u0161kai pateikiate, [&hellip;]<\/p>\n","protected":false},"author":7,"featured_media":0,"parent":0,"menu_order":0,"comment_status":"closed","ping_status":"closed","template":"","meta":{"_et_pb_use_builder":"","_et_pb_old_content":"","_et_gb_content_width":"","exclude_from_search":false,"footnotes":""},"class_list":["post-73169","page","type-page","status-publish","hentry"],"yoast_head":"<!-- This site is optimized with the Yoast SEO plugin v23.3 - https:\/\/yoast.com\/wordpress\/plugins\/seo\/ -->\n<title>Privatumo politika - Lotto Online - Crack The International Lottery Jackpots<\/title>\n<meta name=\"robots\" content=\"index, follow, max-snippet:-1, max-image-preview:large, max-video-preview:-1\" \/>\n<link rel=\"canonical\" href=\"https:\/\/jackpotlotteryonline.com\/lt\/privatumo-politika-2\/\" \/>\n<meta property=\"og:locale\" content=\"lt_LT\" \/>\n<meta property=\"og:type\" content=\"article\" \/>\n<meta property=\"og:title\" content=\"Privatumo politika - Lotto Online - Crack The International Lottery Jackpots\" \/>\n<meta property=\"og:description\" content=\"Jackpotlottery labai vertina j\u016bs\u0173 privatum\u0105. \u0160i Privatumo politika paai\u0161kina, kaip mes renkam\u0117s, naudojame ir saugome j\u016bs\u0173 asmenin\u0119 informacij\u0105, kai naudojat\u0117s m\u016bs\u0173 svetaine (jackpotlottery.org). Pasiek\u0119 ir naudodamiesi svetaine, j\u016bs sutinkate su \u0161ios Privatumo politikos s\u0105lygomis. Jei nesutinkate, pra\u0161ome nedelsiant nutraukti svetain\u0117s naudojim\u0105. Surinkta informacija Informacija, kuri\u0105 pateikiate mums Mes renkame asmeninius duomenis, kuriuos j\u016bs savanori\u0161kai pateikiate, [&hellip;]\" \/>\n<meta property=\"og:url\" content=\"https:\/\/jackpotlotteryonline.com\/lt\/privatumo-politika-2\/\" \/>\n<meta property=\"og:site_name\" content=\"Lotto Online - Crack The International Lottery Jackpots\" \/>\n<meta name=\"twitter:card\" content=\"summary_large_image\" \/>\n<meta name=\"twitter:label1\" content=\"Est. reading time\" \/>\n\t<meta name=\"twitter:data1\" content=\"3 minut\u0117s\" \/>\n<!-- \/ Yoast SEO plugin. -->","yoast_head_json":{"title":"Privatumo politika - Lotto Online - Crack The International Lottery Jackpots","robots":{"index":"index","follow":"follow","max-snippet":"max-snippet:-1","max-image-preview":"max-image-preview:large","max-video-preview":"max-video-preview:-1"},"canonical":"https:\/\/jackpotlotteryonline.com\/lt\/privatumo-politika-2\/","og_locale":"lt_LT","og_type":"article","og_title":"Privatumo politika - Lotto Online - Crack The International Lottery Jackpots","og_description":"Jackpotlottery labai vertina j\u016bs\u0173 privatum\u0105. \u0160i Privatumo politika paai\u0161kina, kaip mes renkam\u0117s, naudojame ir saugome j\u016bs\u0173 asmenin\u0119 informacij\u0105, kai naudojat\u0117s m\u016bs\u0173 svetaine (jackpotlottery.org). Pasiek\u0119 ir naudodamiesi svetaine, j\u016bs sutinkate su \u0161ios Privatumo politikos s\u0105lygomis. Jei nesutinkate, pra\u0161ome nedelsiant nutraukti svetain\u0117s naudojim\u0105. Surinkta informacija Informacija, kuri\u0105 pateikiate mums Mes renkame asmeninius duomenis, kuriuos j\u016bs savanori\u0161kai pateikiate, [&hellip;]","og_url":"https:\/\/jackpotlotteryonline.com\/lt\/privatumo-politika-2\/","og_site_name":"Lotto Online - Crack The International Lottery Jackpots","twitter_card":"summary_large_image","twitter_misc":{"Est. reading time":"3 minut\u0117s"},"schema":{"@context":"https:\/\/schema.org","@graph":[{"@type":"WebPage","@id":"https:\/\/jackpotlotteryonline.com\/lt\/privatumo-politika-2\/","url":"https:\/\/jackpotlotteryonline.com\/lt\/privatumo-politika-2\/","name":"Privatumo politika - Lotto Online - Crack The International Lottery Jackpots","isPartOf":{"@id":"https:\/\/jackpotlotteryonline.com\/#website"},"datePublished":"2025-02-03T06:41:52+00:00","dateModified":"2025-02-03T06:41:52+00:00","breadcrumb":{"@id":"https:\/\/jackpotlotteryonline.com\/lt\/privatumo-politika-2\/#breadcrumb"},"inLanguage":"lt-LT","potentialAction":[{"@type":"ReadAction","target":["https:\/\/jackpotlotteryonline.com\/lt\/privatumo-politika-2\/"]}]},{"@type":"BreadcrumbList","@id":"https:\/\/jackpotlotteryonline.com\/lt\/privatumo-politika-2\/#breadcrumb","itemListElement":[{"@type":"ListItem","position":1,"name":"Home","item":"https:\/\/jackpotlotteryonline.com\/lt\/"},{"@type":"ListItem","position":2,"name":"Privatumo politika"}]},{"@type":"WebSite","@id":"https:\/\/jackpotlotteryonline.com\/#website","url":"https:\/\/jackpotlotteryonline.com\/","name":"Lotto Online - Crack The International Lottery Jackpots","description":"","potentialAction":[{"@type":"SearchAction","target":{"@type":"EntryPoint","urlTemplate":"https:\/\/jackpotlotteryonline.com\/?s={search_term_string}"},"query-input":"required name=search_term_string"}],"inLanguage":"lt-LT"}]}},"_links":{"self":[{"href":"https:\/\/jackpotlotteryonline.com\/lt\/wp-json\/wp\/v2\/pages\/73169","targetHints":{"allow":["GET"]}}],"collection":[{"href":"https:\/\/jackpotlotteryonline.com\/lt\/wp-json\/wp\/v2\/pages"}],"about":[{"href":"https:\/\/jackpotlotteryonline.com\/lt\/wp-json\/wp\/v2\/types\/page"}],"author":[{"embeddable":true,"href":"https:\/\/jackpotlotteryonline.com\/lt\/wp-json\/wp\/v2\/users\/7"}],"replies":[{"embeddable":true,"href":"https:\/\/jackpotlotteryonline.com\/lt\/wp-json\/wp\/v2\/comments?post=73169"}],"version-history":[{"count":0,"href":"https:\/\/jackpotlotteryonline.com\/lt\/wp-json\/wp\/v2\/pages\/73169\/revisions"}],"wp:attachment":[{"href":"https:\/\/jackpotlotteryonline.com\/lt\/wp-json\/wp\/v2\/media?parent=73169"}],"curies":[{"name":"wp","href":"https:\/\/api.w.org\/{rel}","templated":true}]}}