{"id":77691,"date":"2025-03-22T07:51:36","date_gmt":"2025-03-22T07:51:36","guid":{"rendered":"https:\/\/jackpotlotteryonline.com\/?page_id=77691"},"modified":"2025-03-22T07:51:36","modified_gmt":"2025-03-22T07:51:36","slug":"suzinokite-siandienos-niujorko-loterijos-rezultatus","status":"publish","type":"page","link":"https:\/\/jackpotlotteryonline.com\/lt\/laimeje-skaitmenys\/suzinokite-siandienos-niujorko-loterijos-rezultatus\/","title":{"rendered":"Su\u017einokite \u0161iandienos Niujorko loterijos rezultatus"},"content":{"rendered":"<p>\u017dmon\u0117s visada d\u017eiaugiasi Niujorko loterija ir laukia naujausio burt\u0173 traukimo. Jei jums reikia \u0161iandienos Niujorko loterijos numeri\u0173, esate ten, kur ir tur\u0117tum\u0117te b\u016bti. Patikrinti savo Niujorko loto numerius galima greitai ir paprastai, vos keliais paspaudimais.<\/p>\n<h2>Kur galiu pamatyti \u0161iandienos Niujorko loterijos rezultatus?<\/h2>\n<p>\u0160iandienos Niujorko loterijos rezultatus patikrinti paprasta ir patogu. \u0160tai kur galite ie\u0161koti laimin\u010di\u0173 skai\u010di\u0173;<br \/>\nPasitik\u0117kite \u201eJackpotLottery\u201c, kad su\u017einotum\u0117te naujausius loterijos rezultatus ir galimyb\u0119 nusipirkti bilietus tiesiogiai internetu. Paskelbus rezultatus i\u0161 karto, jie da\u017eniausiai pasiekiami \u0161ioje platformoje. Be to, jums bus nedelsiant prane\u0161ta apie laim\u0117jim\u0105, kad nepraleistum\u0117te savo laim\u0117jimo.<\/p>\n<p><strong>Kada vyksta Niujorko loterijos burtai?<img loading=\"lazy\" decoding=\"async\" class=\" wp-image-51568 alignright\" src=\"https:\/\/jackpotlotteryonline.com\/wp-content\/uploads\/2023\/09\/8.png\" alt=\"Kur galiu pamatyti Niujorko loterijos \u0161iandienos rezultatus?\" width=\"233\" height=\"233\" srcset=\"https:\/\/jackpotlotteryonline.com\/wp-content\/uploads\/2023\/09\/8.png 300w, https:\/\/jackpotlotteryonline.com\/wp-content\/uploads\/2023\/09\/8-100x100.png 100w, https:\/\/jackpotlotteryonline.com\/wp-content\/uploads\/2023\/09\/8-150x150.png 150w\" sizes=\"auto, (max-width: 233px) 100vw, 233px\" \/><\/strong><\/p>\n<p>Galite \u017ei\u016br\u0117ti Niujorko loterijos burtus kiekvien\u0105 tre\u010diadien\u012f ir \u0161e\u0161tadien\u012f 23:21 val. Ryt\u0173 laiku. Naudodami \u0161i\u0105 platform\u0105 visada b\u016bsite atnaujinami. Atgalin\u0117s atskaitos laikas visada rodomas \u0161alia loterijos.<\/p>\n<h3>Kaip patikrinti, ar laim\u0117jote Niujorko loterij\u0105<\/h3>\n<ul>\n<li>Gav\u0119 \u0161iandienos Niujorko loterijos rezultatus, atlik\u0119 \u0161iuos veiksmus gal\u0117site patvirtinti biliet\u0105.<\/li>\n<li>Palyginkite savo skai\u010dius: patikrinkite, ar j\u016bs\u0173 pasirinkti skai\u010diai sutampa su nupie\u0161tais skai\u010diais.<\/li>\n<li>Pa\u017ei\u016br\u0117kite, ar turite pried\u0173: kai kuriuose \u017eaidimuose yra papildom\u0173 skai\u010di\u0173 ir daugikli\u0173.<\/li>\n<li>Nor\u0117dami reikalauti laim\u0117jimo, laikykit\u0117s m\u016bs\u0173 pretenzij\u0173 pateikimo tvarkos, kuri skiriasi priklausomai nuo prizo sumos ir gali apimti internetines pretenzijas d\u0117l ma\u017eesn\u0117s sumos arba asmenin\u012f patvirtinim\u0105 d\u0117l dideli\u0173 priz\u0173.<\/li>\n<\/ul>\n<h2>Niujorko loterijos laim\u0117toj\u0173 gair\u0117s<\/h2>\n<p>Jei laimite loterijoje, j\u016bs\u0173 gyvenimas pasikeis, tod\u0117l visk\u0105 turite daryti teisingai.<\/p>\n<ul>\n<li>I\u0161likite lygiai ir patikrinkite: prie\u0161 \u0161v\u0119sdami \u012fsitikinkite, kad j\u016bs\u0173 bilietas atitinka oficialius numerius.<\/li>\n<li>Nuspr\u0119skite, kaip norite laim\u0117ti: jackpotai paprastai i\u0161mokami vienu mok\u0117jimu arba metini\u0173 mok\u0117jim\u0173 serija.<\/li>\n<li>U\u017etikrinkite ilgalaik\u012f saugum\u0105: pasitarkite su finans\u0173 patar\u0117ju, kad i\u0161mintingai valdytum\u0117te loterijos laim\u0117jimus.<\/li>\n<li>Atkreipkite d\u0117mes\u012f \u012f pretenzij\u0173 pateikimo terminus: \u012fsitikinkite, kad atsiimsite priz\u0105 per nurodyt\u0105 laik\u0105, nes kiekvienam \u017eaidimui yra nustatytas terminas.<\/li>\n<\/ul>\n<p><strong>Gaukite naujausius Niujorko loterijos rezultatus akimirksniu!<\/strong><\/p>\n<p>Dabar, kai \u017einote atsakym\u0105; Kur galiu pamatyti Niujorko loterijos \u0161iandienos rezultatus, \u012fsitikinkite, kad bilietus tikrinate da\u017enai. B\u016bdami informuoti apie naujausius lo\u0161imus, padidinsite s\u0117km\u0117s galimybes, nepaisant to, ar \u017eaid\u017eiate atsitiktinai, ar d\u0117l jackpoto. Gaukite visus naujausius JackpotLottery atnaujinimus ir padidinkite savo \u0161ansus laim\u0117ti! Linkime jums viso ko geriausio.<\/p>\n","protected":false},"excerpt":{"rendered":"<p>\u017dmon\u0117s visada d\u017eiaugiasi Niujorko loterija ir laukia naujausio burt\u0173 traukimo. Jei jums reikia \u0161iandienos Niujorko loterijos numeri\u0173, esate ten, kur ir tur\u0117tum\u0117te b\u016bti. Patikrinti savo Niujorko loto numerius galima greitai ir paprastai, vos keliais paspaudimais. Kur galiu pamatyti \u0161iandienos Niujorko loterijos rezultatus? \u0160iandienos Niujorko loterijos rezultatus patikrinti paprasta ir patogu. \u0160tai kur galite ie\u0161koti laimin\u010di\u0173 [&hellip;]<\/p>\n","protected":false},"author":7,"featured_media":0,"parent":35842,"menu_order":0,"comment_status":"closed","ping_status":"closed","template":"","meta":{"_et_pb_use_builder":"","_et_pb_old_content":"","_et_gb_content_width":"","exclude_from_search":false,"footnotes":""},"class_list":["post-77691","page","type-page","status-publish","hentry"],"yoast_head":"<!-- This site is optimized with the Yoast SEO plugin v23.3 - https:\/\/yoast.com\/wordpress\/plugins\/seo\/ -->\n<title>Kur galiu pamatyti \u0161iandienos Niujorko loterijos rezultatus<\/title>\n<meta name=\"description\" content=\"Kur galiu pamatyti \u0161ios dienos Niujorko loterijos rezultatus? Su\u017einokite, kur akimirksniu patikrinti naujausius laim\u0117jusius skai\u010dius ir gauti naujienas\" \/>\n<meta name=\"robots\" content=\"index, follow, max-snippet:-1, max-image-preview:large, max-video-preview:-1\" \/>\n<link rel=\"canonical\" href=\"https:\/\/jackpotlotteryonline.com\/find-out-todays-results-for-new-york-lottery-2\/\" \/>\n<meta property=\"og:locale\" content=\"lt_LT\" \/>\n<meta property=\"og:type\" content=\"article\" \/>\n<meta property=\"og:title\" content=\"Kur galiu pamatyti \u0161iandienos Niujorko loterijos rezultatus\" \/>\n<meta property=\"og:description\" content=\"Kur galiu pamatyti \u0161ios dienos Niujorko loterijos rezultatus? Su\u017einokite, kur akimirksniu patikrinti naujausius laim\u0117jusius skai\u010dius ir gauti naujienas\" \/>\n<meta property=\"og:url\" content=\"https:\/\/jackpotlotteryonline.com\/find-out-todays-results-for-new-york-lottery-2\/\" \/>\n<meta property=\"og:site_name\" content=\"Lotto Online - Crack The International Lottery Jackpots\" \/>\n<meta property=\"og:image\" content=\"https:\/\/jackpotlotteryonline.com\/wp-content\/uploads\/2023\/09\/8.png\" \/>\n<meta name=\"twitter:card\" content=\"summary_large_image\" \/>\n<!-- \/ Yoast SEO plugin. -->","yoast_head_json":{"title":"Kur galiu pamatyti \u0161iandienos Niujorko loterijos rezultatus","description":"Kur galiu pamatyti \u0161ios dienos Niujorko loterijos rezultatus? Su\u017einokite, kur akimirksniu patikrinti naujausius laim\u0117jusius skai\u010dius ir gauti naujienas","robots":{"index":"index","follow":"follow","max-snippet":"max-snippet:-1","max-image-preview":"max-image-preview:large","max-video-preview":"max-video-preview:-1"},"canonical":"https:\/\/jackpotlotteryonline.com\/find-out-todays-results-for-new-york-lottery-2\/","og_locale":"lt_LT","og_type":"article","og_title":"Kur galiu pamatyti \u0161iandienos Niujorko loterijos rezultatus","og_description":"Kur galiu pamatyti \u0161ios dienos Niujorko loterijos rezultatus? Su\u017einokite, kur akimirksniu patikrinti naujausius laim\u0117jusius skai\u010dius ir gauti naujienas","og_url":"https:\/\/jackpotlotteryonline.com\/find-out-todays-results-for-new-york-lottery-2\/","og_site_name":"Lotto Online - Crack The International Lottery Jackpots","og_image":[{"url":"https:\/\/jackpotlotteryonline.com\/wp-content\/uploads\/2023\/09\/8.png"}],"twitter_card":"summary_large_image","schema":{"@context":"https:\/\/schema.org","@graph":[{"@type":"WebPage","@id":"https:\/\/jackpotlotteryonline.com\/find-out-todays-results-for-new-york-lottery-2\/","url":"https:\/\/jackpotlotteryonline.com\/find-out-todays-results-for-new-york-lottery-2\/","name":"Kur galiu pamatyti \u0161iandienos Niujorko loterijos rezultatus","isPartOf":{"@id":"https:\/\/jackpotlotteryonline.com\/#website"},"primaryImageOfPage":{"@id":"https:\/\/jackpotlotteryonline.com\/find-out-todays-results-for-new-york-lottery-2\/#primaryimage"},"image":{"@id":"https:\/\/jackpotlotteryonline.com\/find-out-todays-results-for-new-york-lottery-2\/#primaryimage"},"thumbnailUrl":"https:\/\/jackpotlotteryonline.com\/wp-content\/uploads\/2023\/09\/8.png","datePublished":"2025-03-22T07:51:36+00:00","dateModified":"2025-03-22T07:51:36+00:00","description":"Kur galiu pamatyti \u0161ios dienos Niujorko loterijos rezultatus? Su\u017einokite, kur akimirksniu patikrinti naujausius laim\u0117jusius skai\u010dius ir gauti naujienas","breadcrumb":{"@id":"https:\/\/jackpotlotteryonline.com\/find-out-todays-results-for-new-york-lottery-2\/#breadcrumb"},"inLanguage":"lt-LT","potentialAction":[{"@type":"ReadAction","target":["https:\/\/jackpotlotteryonline.com\/find-out-todays-results-for-new-york-lottery-2\/"]}]},{"@type":"ImageObject","inLanguage":"lt-LT","@id":"https:\/\/jackpotlotteryonline.com\/find-out-todays-results-for-new-york-lottery-2\/#primaryimage","url":"https:\/\/jackpotlotteryonline.com\/wp-content\/uploads\/2023\/09\/8.png","contentUrl":"https:\/\/jackpotlotteryonline.com\/wp-content\/uploads\/2023\/09\/8.png"},{"@type":"BreadcrumbList","@id":"https:\/\/jackpotlotteryonline.com\/find-out-todays-results-for-new-york-lottery-2\/#breadcrumb","itemListElement":[{"@type":"ListItem","position":1,"name":"Home","item":"https:\/\/jackpotlotteryonline.com\/lt\/"},{"@type":"ListItem","position":2,"name":"Su\u017einokite \u0161iandienos Niujorko loterijos rezultatus"}]},{"@type":"WebSite","@id":"https:\/\/jackpotlotteryonline.com\/#website","url":"https:\/\/jackpotlotteryonline.com\/","name":"Lotto Online - Crack The International Lottery Jackpots","description":"","potentialAction":[{"@type":"SearchAction","target":{"@type":"EntryPoint","urlTemplate":"https:\/\/jackpotlotteryonline.com\/?s={search_term_string}"},"query-input":"required name=search_term_string"}],"inLanguage":"lt-LT"}]}},"_links":{"self":[{"href":"https:\/\/jackpotlotteryonline.com\/lt\/wp-json\/wp\/v2\/pages\/77691","targetHints":{"allow":["GET"]}}],"collection":[{"href":"https:\/\/jackpotlotteryonline.com\/lt\/wp-json\/wp\/v2\/pages"}],"about":[{"href":"https:\/\/jackpotlotteryonline.com\/lt\/wp-json\/wp\/v2\/types\/page"}],"author":[{"embeddable":true,"href":"https:\/\/jackpotlotteryonline.com\/lt\/wp-json\/wp\/v2\/users\/7"}],"replies":[{"embeddable":true,"href":"https:\/\/jackpotlotteryonline.com\/lt\/wp-json\/wp\/v2\/comments?post=77691"}],"version-history":[{"count":1,"href":"https:\/\/jackpotlotteryonline.com\/lt\/wp-json\/wp\/v2\/pages\/77691\/revisions"}],"predecessor-version":[{"id":77692,"href":"https:\/\/jackpotlotteryonline.com\/lt\/wp-json\/wp\/v2\/pages\/77691\/revisions\/77692"}],"up":[{"embeddable":true,"href":"https:\/\/jackpotlotteryonline.com\/lt\/wp-json\/wp\/v2\/pages\/35842"}],"wp:attachment":[{"href":"https:\/\/jackpotlotteryonline.com\/lt\/wp-json\/wp\/v2\/media?parent=77691"}],"curies":[{"name":"wp","href":"https:\/\/api.w.org\/{rel}","templated":true}]}}