{"id":77758,"date":"2025-03-22T08:52:11","date_gmt":"2025-03-22T08:52:11","guid":{"rendered":"https:\/\/jackpotlotteryonline.com\/?page_id=77758"},"modified":"2025-03-22T08:52:11","modified_gmt":"2025-03-22T08:52:11","slug":"suzinokite-kaip-zaisti-niujorko-loterija-is-uz-jav-ribu","status":"publish","type":"page","link":"https:\/\/jackpotlotteryonline.com\/lt\/suzinokite-kaip-zaisti-niujorko-loterija-is-uz-jav-ribu\/","title":{"rendered":"Su\u017einokite, kaip \u017eaisti Niujorko loterij\u0105 i\u0161 u\u017e JAV rib\u0173"},"content":{"rendered":"<p>Taigi, j\u016bs norite \u017eaisti Niujorko loterijoje, net jei esate pusiaukel\u0117je visame pasaulyje? Tie Niujorko jackpotai yra tokie did\u017eiuliai. Jie ne pok\u0161tas. \u017dmon\u0117s i\u0161 viso pasaulio svajoja laim\u0117ti. Gerai, \u012fsivaizduokite: Niujorko loterija, tiesa? Dideli prizai, gyvenim\u0105 kei\u010diantys laim\u0117jimai. Bet j\u016bs neb\u016bnate tiesiog Taims aik\u0161t\u0117je. Jokio prakaito! A\u010di\u016b Jackpotlotteryonline; kur galite nusipirkti Niujorko loterijos biliet\u0173 u\u017e JAV rib\u0173, galite visi\u0161kai \u012fsitraukti \u012f \u017eaidim\u0105, kad ir kur b\u016btum\u0117te.<\/p>\n<h2>Ar galite \u017eaisti Niujorko loterijoje ne JAV<img loading=\"lazy\" decoding=\"async\" class=\" wp-image-28535 alignright\" src=\"http:\/\/jackpotlotteryonline.com\/wp-content\/uploads\/2022\/11\/1_online_lottery_success-300x213.jpg\" \u017daisti i\u0161 Niujorko width=\"220\" height=\"156\" srcset=\"https:\/\/jackpotlotteryonline.com\/wp-content\/uploads\/2022\/11\/1_online_lottery_success-300x213.jpg 300w, https:\/\/jackpotlotteryonline.com\/wp-content\/uploads\/2022\/11\/1_online_lottery_success.jpg 320w\" sizes=\"auto, (max-width: 220px) 100vw, 220px\" \/><\/h2>\n<p>Taip, ir jums nereikia b\u016bti Niujorke ar net JAV. M\u016bs\u0173 platforma leid\u017eia pasiimti bilietus ir prisijungti prie linksmybi\u0173, kaip kas nors perka biliet\u0105 kampin\u0117je parduotuv\u0117je. J\u016bs turite t\u0105 pat\u012f \u0161ans\u0105 pasiekti t\u0105 jackpot\u0105.<\/p>\n<h3>Kaip \u017eaisti Niujorko loterij\u0105 i\u0161 u\u017e Jungtini\u0173 Valstij\u0173 rib\u0173<\/h3>\n<p>Su Jackpotlotteryonline tai labai paprasta:<\/p>\n<ul>\n<li>Sukurkite paskyr\u0105: prisiregistruokite, pateikite informacij\u0105 ir \u012frodykite, kad esate j\u016bs. Saugokite bilietus ir grynuosius pinigus.<\/li>\n<li>Prad\u0117kite surasdami skyri\u0173 \u201eLoterija\u201c, tada pasirinkite \u017eaidim\u0105 \u201eNew York Lotto\u201c.<\/li>\n<li>Pasirinkite laimingus skai\u010dius: pasirinkite \u0161e\u0161is skai\u010dius (1\u201359) arba paspauskite mygtuk\u0105 \u201egreito pasirinkimo funkcija\u201c.<\/li>\n<li>\u012esigykite biliet\u0105: mok\u0117kite naudodami visk\u0105, kas veikia, ir mes atsi\u0173sime jums nuskaityt\u0105 oficial\u0173 biliet\u0105.<\/li>\n<li>Laukite burt\u0173 traukimo: burtai vyksta tre\u010diadienio ir \u0161e\u0161tadienio vakarais. Patikrinkite rezultatus \u0161ioje platformoje.<\/li>\n<\/ul>\n<h3>Kod\u0117l vis tiek \u017eaisti internete?<\/h3>\n<ul>\n<li>Paprasta: \u017eaiskite nuo savo sofos, nereikia keliauti.<\/li>\n<li>Greiti bilietai: \u012fsigykite juos greitai, be eili\u0173.<\/li>\n<li>Joki\u0173 prarast\u0173 biliet\u0173: j\u016bs\u0173 bilietai yra internete, saug\u016bs ir sveiki.<\/li>\n<li>J\u016bs laim\u0117jote!: mes jums tuoj pat pasakysime, o nedideli laim\u0117jimai nukeliaus tiesiai \u012f j\u016bs\u0173 s\u0105skait\u0105.<br \/>\nSaug\u016bs pinigai: u\u017etikriname, kad gausite laim\u0117jim\u0105, joki\u0173 juoking\u0173 reikal\u0173.<\/li>\n<\/ul>\n<p><strong>Gaukite pinig\u0173, kai laimite:<\/strong><\/p>\n<ul>\n<li>Ma\u017ei laim\u0117jimai: pateiksime j\u012f tiesiai \u012f j\u016bs\u0173 paskyr\u0105.<\/li>\n<li>Dideli laim\u0117jimai: pad\u0117sime jums tai gauti, galb\u016bt net asmeni\u0161kai.<\/li>\n<li>Visi\u0161kai saugus: j\u016bs\u0173 laim\u0117jimus u\u017erakiname.<\/li>\n<\/ul>\n<p><strong>Pasiruo\u0161\u0119 i\u0161bandyti savo laim\u0119?<\/strong><br \/>\n\u017daisti Niujorko loterijoje visame pasaulyje dabar yra ne\u012ftik\u0117tinai lengva. \u201eJackpotlotteryonline\u201c suteikia jums Niujorko loterijos jaudul\u012f, kad ir kur b\u016btum\u0117te. Pasirinkti numerius yra labai paprasta, nesvarbu, ar juos pasirenkate patys, ar naudojate \u201eQuick Pick\u201c, ir tai visada saugu ir paprasta. Dabar, kai galite \u017eaisti Niujorko loterijos bilietus u\u017e JAV rib\u0173, prisiregistruokite arba prisijunkite m\u016bs\u0173 platformoje, jei jau turite paskyr\u0105 pas mus ir prisijunkite prie linksmybi\u0173. Kas \u017eino, galite tiesiog laim\u0117ti! J\u016bs\u0173 jackpoto svajon\u0117 gali b\u016bti vos u\u017e keli\u0173 paspaudim\u0173.<\/p>\n","protected":false},"excerpt":{"rendered":"<p>Taigi, j\u016bs norite \u017eaisti Niujorko loterijoje, net jei esate pusiaukel\u0117je visame pasaulyje? Tie Niujorko jackpotai yra tokie did\u017eiuliai. Jie ne pok\u0161tas. \u017dmon\u0117s i\u0161 viso pasaulio svajoja laim\u0117ti. Gerai, \u012fsivaizduokite: Niujorko loterija, tiesa? Dideli prizai, gyvenim\u0105 kei\u010diantys laim\u0117jimai. Bet j\u016bs neb\u016bnate tiesiog Taims aik\u0161t\u0117je. Jokio prakaito! A\u010di\u016b Jackpotlotteryonline; kur galite nusipirkti Niujorko loterijos biliet\u0173 u\u017e JAV [&hellip;]<\/p>\n","protected":false},"author":7,"featured_media":0,"parent":0,"menu_order":0,"comment_status":"closed","ping_status":"closed","template":"","meta":{"_et_pb_use_builder":"","_et_pb_old_content":"","_et_gb_content_width":"","exclude_from_search":false,"footnotes":""},"class_list":["post-77758","page","type-page","status-publish","hentry"],"yoast_head":"<!-- This site is optimized with the Yoast SEO plugin v23.3 - https:\/\/yoast.com\/wordpress\/plugins\/seo\/ -->\n<title>Kaip \u017eaisti Niujorko loterij\u0105 i\u0161 u\u017e Jungtini\u0173 Valstij\u0173 rib\u0173<\/title>\n<meta name=\"description\" content=\"Su\u017einokite, kaip \u017eaisti Niujorko loterij\u0105 ne JAV. Atraskite internetines parinktis ir kaip atsiimti prizus i\u0161 bet kurios vietos\" \/>\n<meta name=\"robots\" content=\"index, follow, max-snippet:-1, max-image-preview:large, max-video-preview:-1\" \/>\n<link rel=\"canonical\" href=\"https:\/\/jackpotlotteryonline.com\/find-out-how-to-play-the-new-york-lottery-from-outside-the-us\/\" \/>\n<meta property=\"og:locale\" content=\"lt_LT\" \/>\n<meta property=\"og:type\" content=\"article\" \/>\n<meta property=\"og:title\" content=\"Kaip \u017eaisti Niujorko loterij\u0105 i\u0161 u\u017e Jungtini\u0173 Valstij\u0173 rib\u0173\" \/>\n<meta property=\"og:description\" content=\"Su\u017einokite, kaip \u017eaisti Niujorko loterij\u0105 ne JAV. Atraskite internetines parinktis ir kaip atsiimti prizus i\u0161 bet kurios vietos\" \/>\n<meta property=\"og:url\" content=\"https:\/\/jackpotlotteryonline.com\/find-out-how-to-play-the-new-york-lottery-from-outside-the-us\/\" \/>\n<meta property=\"og:site_name\" content=\"Lotto Online - Crack The International Lottery Jackpots\" \/>\n<meta property=\"og:image\" content=\"http:\/\/jackpotlotteryonline.com\/wp-content\/uploads\/2022\/11\/1_online_lottery_success-300x213.jpg\" \/>\n<meta name=\"twitter:card\" content=\"summary_large_image\" \/>\n<!-- \/ Yoast SEO plugin. -->","yoast_head_json":{"title":"Kaip \u017eaisti Niujorko loterij\u0105 i\u0161 u\u017e Jungtini\u0173 Valstij\u0173 rib\u0173","description":"Su\u017einokite, kaip \u017eaisti Niujorko loterij\u0105 ne JAV. Atraskite internetines parinktis ir kaip atsiimti prizus i\u0161 bet kurios vietos","robots":{"index":"index","follow":"follow","max-snippet":"max-snippet:-1","max-image-preview":"max-image-preview:large","max-video-preview":"max-video-preview:-1"},"canonical":"https:\/\/jackpotlotteryonline.com\/find-out-how-to-play-the-new-york-lottery-from-outside-the-us\/","og_locale":"lt_LT","og_type":"article","og_title":"Kaip \u017eaisti Niujorko loterij\u0105 i\u0161 u\u017e Jungtini\u0173 Valstij\u0173 rib\u0173","og_description":"Su\u017einokite, kaip \u017eaisti Niujorko loterij\u0105 ne JAV. Atraskite internetines parinktis ir kaip atsiimti prizus i\u0161 bet kurios vietos","og_url":"https:\/\/jackpotlotteryonline.com\/find-out-how-to-play-the-new-york-lottery-from-outside-the-us\/","og_site_name":"Lotto Online - Crack The International Lottery Jackpots","og_image":[{"url":"http:\/\/jackpotlotteryonline.com\/wp-content\/uploads\/2022\/11\/1_online_lottery_success-300x213.jpg"}],"twitter_card":"summary_large_image","schema":{"@context":"https:\/\/schema.org","@graph":[{"@type":"WebPage","@id":"https:\/\/jackpotlotteryonline.com\/find-out-how-to-play-the-new-york-lottery-from-outside-the-us\/","url":"https:\/\/jackpotlotteryonline.com\/find-out-how-to-play-the-new-york-lottery-from-outside-the-us\/","name":"Kaip \u017eaisti Niujorko loterij\u0105 i\u0161 u\u017e Jungtini\u0173 Valstij\u0173 rib\u0173","isPartOf":{"@id":"https:\/\/jackpotlotteryonline.com\/#website"},"primaryImageOfPage":{"@id":"https:\/\/jackpotlotteryonline.com\/find-out-how-to-play-the-new-york-lottery-from-outside-the-us\/#primaryimage"},"image":{"@id":"https:\/\/jackpotlotteryonline.com\/find-out-how-to-play-the-new-york-lottery-from-outside-the-us\/#primaryimage"},"thumbnailUrl":"http:\/\/jackpotlotteryonline.com\/wp-content\/uploads\/2022\/11\/1_online_lottery_success-300x213.jpg","datePublished":"2025-03-22T08:52:11+00:00","dateModified":"2025-03-22T08:52:11+00:00","description":"Su\u017einokite, kaip \u017eaisti Niujorko loterij\u0105 ne JAV. Atraskite internetines parinktis ir kaip atsiimti prizus i\u0161 bet kurios vietos","breadcrumb":{"@id":"https:\/\/jackpotlotteryonline.com\/find-out-how-to-play-the-new-york-lottery-from-outside-the-us\/#breadcrumb"},"inLanguage":"lt-LT","potentialAction":[{"@type":"ReadAction","target":["https:\/\/jackpotlotteryonline.com\/find-out-how-to-play-the-new-york-lottery-from-outside-the-us\/"]}]},{"@type":"ImageObject","inLanguage":"lt-LT","@id":"https:\/\/jackpotlotteryonline.com\/find-out-how-to-play-the-new-york-lottery-from-outside-the-us\/#primaryimage","url":"http:\/\/jackpotlotteryonline.com\/wp-content\/uploads\/2022\/11\/1_online_lottery_success-300x213.jpg","contentUrl":"http:\/\/jackpotlotteryonline.com\/wp-content\/uploads\/2022\/11\/1_online_lottery_success-300x213.jpg"},{"@type":"BreadcrumbList","@id":"https:\/\/jackpotlotteryonline.com\/find-out-how-to-play-the-new-york-lottery-from-outside-the-us\/#breadcrumb","itemListElement":[{"@type":"ListItem","position":1,"name":"Home","item":"https:\/\/jackpotlotteryonline.com\/lt\/"},{"@type":"ListItem","position":2,"name":"Su\u017einokite, kaip \u017eaisti Niujorko loterij\u0105 i\u0161 u\u017e JAV rib\u0173"}]},{"@type":"WebSite","@id":"https:\/\/jackpotlotteryonline.com\/#website","url":"https:\/\/jackpotlotteryonline.com\/","name":"Lotto Online - Crack The International Lottery Jackpots","description":"","potentialAction":[{"@type":"SearchAction","target":{"@type":"EntryPoint","urlTemplate":"https:\/\/jackpotlotteryonline.com\/?s={search_term_string}"},"query-input":"required name=search_term_string"}],"inLanguage":"lt-LT"}]}},"_links":{"self":[{"href":"https:\/\/jackpotlotteryonline.com\/lt\/wp-json\/wp\/v2\/pages\/77758","targetHints":{"allow":["GET"]}}],"collection":[{"href":"https:\/\/jackpotlotteryonline.com\/lt\/wp-json\/wp\/v2\/pages"}],"about":[{"href":"https:\/\/jackpotlotteryonline.com\/lt\/wp-json\/wp\/v2\/types\/page"}],"author":[{"embeddable":true,"href":"https:\/\/jackpotlotteryonline.com\/lt\/wp-json\/wp\/v2\/users\/7"}],"replies":[{"embeddable":true,"href":"https:\/\/jackpotlotteryonline.com\/lt\/wp-json\/wp\/v2\/comments?post=77758"}],"version-history":[{"count":1,"href":"https:\/\/jackpotlotteryonline.com\/lt\/wp-json\/wp\/v2\/pages\/77758\/revisions"}],"predecessor-version":[{"id":77759,"href":"https:\/\/jackpotlotteryonline.com\/lt\/wp-json\/wp\/v2\/pages\/77758\/revisions\/77759"}],"wp:attachment":[{"href":"https:\/\/jackpotlotteryonline.com\/lt\/wp-json\/wp\/v2\/media?parent=77758"}],"curies":[{"name":"wp","href":"https:\/\/api.w.org\/{rel}","templated":true}]}}