{"id":31961,"date":"2022-11-01T09:11:35","date_gmt":"2022-11-01T09:11:35","guid":{"rendered":"https:\/\/jackpotlotteryonline.com\/?page_id=31961"},"modified":"2023-01-06T11:42:20","modified_gmt":"2023-01-06T11:42:20","slug":"home","status":"publish","type":"page","link":"https:\/\/jackpotlotteryonline.com\/lv\/","title":{"rendered":"Home"},"content":{"rendered":"<h2>Sp\u0113l\u0113jiet loto tie\u0161saist\u0113 un uzlabojiet savas izredzes<\/h2>\n<p>M\u0113s jums par\u0101d\u012bsim, k\u0101 viegli<a href=\"https:\/\/jackpotlotteryonline.com\/lv\/ka-spelet\"> sp\u0113l\u0113t loto tie\u0161saist\u0113<\/a> &#8211; par VISIEM milz\u012bgajiem d\u017eekpotiem, par loterij\u0101m ne tikai sav\u0101 valst\u012b, bet ar\u012b vis\u0101 pasaul\u0113. J\u016bsu valsts loterij\u0101 nav pievilc\u012bgu loteriju? T\u0101 vairs nav probl\u0113ma, vienk\u0101r\u0161i izv\u0113lieties patie\u0161\u0101m liel\u0101s balvas. Net\u0113r\u0113jiet naudu neliel\u0101m balv\u0101m &#8211; tur ir loterijas ar milz\u012bgiem d\u017eekpotiem.<\/p>\n<p><strong>P\u0101rbaudiet m\u016bsu t\u012bmek\u013ca vietnes banerus, lai uzzin\u0101tu liel\u0101kos d\u017eekpotus, par kuriem \u0161obr\u012bd varat sp\u0113l\u0113t.<\/strong><br \/>\n<img loading=\"lazy\" decoding=\"async\" class=\"size-full wp-image-18302 alignright\" src=\"https:\/\/jackpotlotteryonline.com\/wp-content\/uploads\/2022\/10\/ticket_balls.jpg\" alt=\"Sp\u0113l\u0113jiet loto tie\u0161saist\u0113\" width=\"297\" height=\"101\" \/><\/p>\n<p>Visi \u0161ie lieliskie d\u017eekpota loteriju notikumi tagad ir viegli pieejami neatkar\u012bgi no j\u016bsu dz\u012bvesvietas. Vienk\u0101r\u0161i noklik\u0161\u0137iniet uz vienas no sait\u0113m, lai sp\u0113l\u0113tu loto tie\u0161saist\u0113, un re\u0123istr\u0113jieties RedFoxLotto, kur j\u016bs varat ieg\u0101d\u0101ties bi\u013ceti, izmantojot internetu, uz katru no \u0161iem milz\u012bgajiem d\u017eekpotiem! RedFoxLotto \u013cauj jums ieg\u0101d\u0101ties bi\u013ceti uz jebkuru no pasaules liel\u0101kajiem d\u017eekpotiem neatkar\u012bgi no j\u016bsu dz\u012bvesvietas. Vi\u0146i dro\u0161i nopirks j\u016bsu bi\u013ceti un nodro\u0161in\u0101s, ka j\u016bs sa\u0146emsiet savu laimestu.<\/p>\n<h2>Ieg\u016bstiet piek\u013cuvi starptautiskaj\u0101m loterij\u0101m<\/h2>\n<p>M\u016bsu vietn\u0113 m\u0113s sniedzam jums detaliz\u0113tu inform\u0101ciju par vis\u0101m Pasaules lielaj\u0101m d\u017eekpota loterij\u0101m, par to, k\u0101 sp\u0113l\u0113t tie\u0161saist\u0113, k\u0101 samaks\u0101t, k\u0101 sa\u0146emt laimestu un kas jums j\u0101dara, ja laim\u0113j\u0101t d\u017eekpotu. Vienk\u0101r\u0161i izlasiet \u0161\u012bs vietnes rakstus par to, k\u0101 piedal\u012bties, un loteriju p\u0101rskatus (skatiet aug\u0161\u0113jo izv\u0113lni), un j\u016bs var\u0113siet viegli izv\u0113l\u0113ties sev piem\u0113rotu izlozi.<\/p>\n<h2>Sp\u0113l\u0113t tie\u0161saist\u0113 ir viegli<\/h2>\n<p>Neatkar\u012bgi no t\u0101, vai v\u0113laties sp\u0113l\u0113t ASV Powerball d\u017eekpotu, EuroMillions d\u017eekpotu, Sp\u0101nijas El Gordo, It\u0101lijas SuperEnaLotto vai jebkuru citu loteriju, j\u016bs varat <a href=\"https:\/\/jackpotlotteryonline.com\/lv\/iegadaties-biletes\">ieg\u0101d\u0101ties visas bi\u013cetes vienuviet<\/a> &#8211; tie\u0161i \u0161eit, m\u016bsu vietn\u0113.<\/p>\n<p>Ar m\u016bsu pal\u012bdz\u012bbu j\u016bs vairs neaprobe\u017eojaties tikai ar savas valsts loto &#8211; tagad jums ir iesp\u0113ja sp\u0113l\u0113t tie\u0161saistes loto jebkur\u0101 notikum\u0101, izmantojot internetu. T\u0101d\u0113j\u0101di j\u016bs varat izv\u0113l\u0113ties d\u017eekpotu, kas \u0161obr\u012bd ir visaugst\u0101kais, t\u0101d\u0113j\u0101di palielinot savas izredzes uz lielu laimestu. Vai ar\u012b izv\u0113l\u0113ties loto, kas tiks izloz\u0113ts n\u0101kamaj\u0101 izloz\u0113 &#8211; t\u0101 jums neb\u016bs j\u0101gaida m\u016b\u017e\u012bgi, lai uzzin\u0101tu, vai esat laim\u0113jis! Tas ir tik vienk\u0101r\u0161i, cik vien iesp\u0113jams, s\u0101kot no loterijas d\u017eekpota izv\u0113les l\u012bdz skait\u013cu izv\u0113lei un maks\u0101jumam.<\/p>\n<section class=\"layout\" style=\"border: solid 1px; width: 100%;\">\n<div class=\"img-div\" style=\"margin-top: 5px;\"><img decoding=\"async\" class=\"wp-image-17212 alignleft\" style=\"height: 45px; margin: 8px 8px 0px;\" src=\"https:\/\/jackpotlotteryonline.com\/wp-content\/uploads\/2022\/11\/read1.jpg\" alt=\"las\u012bt\" width=\"\" height=\"\" \/><\/div>\n<div style=\"padding-left: 5px;\">\n<div style=\"font-size: 1.1em;\">\n<p><strong>Vai ir likum\u012bgi tie\u0161saist\u0113 sp\u0113l\u0113t loterijas no cit\u0101m valst\u012bm?<\/strong><\/p>\n<p style=\"font-size: 0.85em; margin-top: -1.5em;\">Vai ir likum\u012bgi ieg\u0101d\u0101ties loterijas bi\u013ceti tie\u0161saist\u0113 un vai es tie\u0161\u0101m sa\u0146em\u0161u naudu?\u00a0 <a href=\"https:\/\/jackpotlotteryonline.com\/lv\/vai-ir-likumigi-spelet-loterijas-no-citam-valstim-tiessaiste\"> las\u012bt vair\u0101k<\/a><\/p>\n<\/div>\n<\/div>\n<\/section>\n<h2>Tie\u0161saistes bi\u013ce\u0161u pakalpojums<\/h2>\n<p><strong>Loterija darbojas \u0161\u0101di:<\/strong> M\u0113s pied\u0101v\u0101jam kurjerpasta pakalpojumu starptautiskaj\u0101m loto bi\u013cet\u0113m. J\u016bs izv\u0113laties loteriju, kuru v\u0113laties sp\u0113l\u0113t tie\u0161saist\u0113, noklik\u0161\u0137inot uz viena no iepriek\u0161 min\u0113tajiem baneriem. P\u0113c tam izv\u0113laties numurus tie\u0161saist\u0113. Ja v\u0113laties, lai j\u016bsu loto numurus izv\u0113las nejau\u0161o skait\u013cu \u0123enerators, varat to dar\u012bt ar\u012b t\u0101. Kad esat izv\u0113l\u0113jies numurus, re\u0123istr\u0113jieties kont\u0101 un izv\u0113lieties veidu, k\u0101 samaks\u0101t par savu loto bi\u013ceti. Ir pieejamas vair\u0101kas dro\u0161as maks\u0101\u0161anas metodes.<\/p>\n<p>P\u0113c tam m\u016bsu a\u0123enti ieg\u0101d\u0101jas bi\u013ceti j\u016bsu viet\u0101 un nos\u016bta jums apstiprin\u0101juma e-pastu k\u0101 pirkuma apliecin\u0101jumu. Loto bi\u013cetes sken\u0113ta kopija dr\u012bz p\u0113c pirkuma b\u016bs redzama j\u016bsu kont\u0101.<\/p>\n<h2>Starptautisko loteriju sp\u0113l\u0113\u0161anas tie\u0161saist\u0113 priek\u0161roc\u012bbas<\/h2>\n<ul>\n<li>Liel\u0101ka izv\u0113le &#8211; t\u0101 viet\u0101, lai b\u016btu spiesti sp\u0113l\u0113t viet\u0113jo loteriju, neatkar\u012bgi no t\u0101, cik liels ir pa\u0161reiz\u0113jais d\u017eekpots, j\u016bs varat izv\u0113l\u0113ties no vair\u0101k\u0101m loterij\u0101m.<\/li>\n<li>Lab\u0101ks cenas un v\u0113rt\u012bbas attiec\u012bba &#8211; t\u0101 viet\u0101, lai, piem\u0113ram, maks\u0101tu 2 eiro par bi\u013ceti, kas var vinn\u0113t 1 miljonu eiro, j\u016bs varat sp\u0113l\u0113t par Mega d\u017eekpotu 100 miljonu eiro apm\u0113r\u0101 vai daudz vair\u0101k. Pat ja j\u016bs maks\u0101jat augst\u0101ku cenu par bi\u013ceti par liel\u0101ku loterijas laimestu, matem\u0101tiski j\u016bsu nauda b\u016btu lab\u0101k izt\u0113r\u0113ta, sp\u0113l\u0113jot par liel\u0101ku laimestu.<\/li>\n<li>\u0112rt\u012bbas &#8211; vairs nav nepiecie\u0161ams iziet no m\u0101jas, lai ieg\u0101d\u0101tos bi\u013ceti. J\u016bs varat ieg\u0101d\u0101ties bi\u013ceti no m\u0101j\u0101m vai izmantot mobilo t\u0101lruni, lai sp\u0113l\u0113tu loterij\u0101.<\/li>\n<li>Dro\u0161\u012bba &#8211; tie\u0161saistes loterijas bi\u013ceti nevar pazaud\u0113t t\u0101pat k\u0101 fizisku loterijas bi\u013ceti. J\u016bsu loterijas bi\u013cetes tiek dro\u0161i glab\u0101tas j\u016bsu tie\u0161saistes kont\u0101.<\/li>\n<\/ul>\n<h2>Kad notiek visu \u0161o loteriju izlozes?<\/h2>\n<p>Apl\u016bkojiet zem\u0101k redzamo att\u0113lu. Taj\u0101 redzams p\u0101rskats par liel\u0101ko loteriju izlozes ned\u0113\u013cas dien\u0101m.<br \/>\n<img loading=\"lazy\" decoding=\"async\" class=\"wp-image-17843 aligncenter\" src=\"https:\/\/jackpotlotteryonline.com\/wp-content\/uploads\/2022\/10\/Lotto-draw-calendar-UTC-300x50.jpg\" alt=\"Loterijas izlozes laiki\" width=\"684\" height=\"114\" srcset=\"https:\/\/jackpotlotteryonline.com\/wp-content\/uploads\/2022\/10\/Lotto-draw-calendar-UTC-300x50.jpg 300w, https:\/\/jackpotlotteryonline.com\/wp-content\/uploads\/2022\/10\/Lotto-draw-calendar-UTC-600x101.jpg 600w, https:\/\/jackpotlotteryonline.com\/wp-content\/uploads\/2022\/10\/Lotto-draw-calendar-UTC-1024x172.jpg 1024w, https:\/\/jackpotlotteryonline.com\/wp-content\/uploads\/2022\/10\/Lotto-draw-calendar-UTC-768x129.jpg 768w, https:\/\/jackpotlotteryonline.com\/wp-content\/uploads\/2022\/10\/Lotto-draw-calendar-UTC.jpg 1287w\" sizes=\"auto, (max-width: 684px) 100vw, 684px\" \/><\/p>\n<h2>Ko dar\u012bt, ja j\u016bs vinn\u0113siet loterijas balvu?<\/h2>\n<p>Ja laim\u0113siet, m\u0113s jums nos\u016bt\u012bsim e-pasta pazi\u0146ojumu par j\u016bsu laimestu. J\u016bs nekad nevarat palaist gar\u0101m laimestu vai pazaud\u0113t savu bi\u013ceti. M\u0113s apstr\u0101d\u0101sim j\u016bsu piepras\u012bjumu, p\u0101rs\u016btot j\u016bsu izmaksas piepras\u012bjumu loterijas uz\u0146\u0113mumam, kas p\u0113c tam izsniegs jums \u010deku vai p\u0101rskait\u012bs laimestu uz j\u016bsu bankas kontu. Ja j\u016bs vinn\u0113siet lielu laimestu, da\u017eos gad\u012bjumos jums var n\u0101kties person\u012bgi ierasties loterijas centr\u0101laj\u0101 biroj\u0101. Tas nav probl\u0113ma, vai ne?<\/p>\n<p>Maz\u0101ki laimesti l\u012bdz \u20ac2500 uzreiz tiks ieskait\u012bti j\u016bsu sp\u0113l\u0113t\u0101ja kont\u0101, un j\u016bs var\u0113siet tos vai nu sa\u0146emt skaidr\u0101 naud\u0101, vai izmantot \u0161os l\u012bdzek\u013cus, lai ieg\u0101d\u0101tos vair\u0101k loto bi\u013ce\u0161u.<\/p>\n<p><strong>Loterija darbojas \u0161\u0101di. Vai esat gatavs vinn\u0113t lielus laimestus? Ieg\u0101d\u0101jieties bi\u013cetes jau \u0161odien!<\/strong><\/p>\n","protected":false},"excerpt":{"rendered":"<p>Sp\u0113l\u0113jiet loto tie\u0161saist\u0113 un uzlabojiet savas izredzes M\u0113s jums par\u0101d\u012bsim, k\u0101 viegli sp\u0113l\u0113t loto tie\u0161saist\u0113 &#8211; par VISIEM milz\u012bgajiem d\u017eekpotiem, par loterij\u0101m ne tikai sav\u0101 valst\u012b, bet ar\u012b vis\u0101 pasaul\u0113. J\u016bsu valsts loterij\u0101 nav pievilc\u012bgu loteriju? T\u0101 vairs nav probl\u0113ma, vienk\u0101r\u0161i izv\u0113lieties patie\u0161\u0101m liel\u0101s balvas. Net\u0113r\u0113jiet naudu neliel\u0101m balv\u0101m &#8211; tur ir loterijas ar milz\u012bgiem [&hellip;]<\/p>\n","protected":false},"author":1,"featured_media":0,"parent":0,"menu_order":1,"comment_status":"closed","ping_status":"closed","template":"lotto.php","meta":{"_et_pb_use_builder":"","_et_pb_old_content":"","_et_gb_content_width":"","exclude_from_search":false,"footnotes":""},"class_list":["post-31961","page","type-page","status-publish","hentry"],"yoast_head":"<!-- This site is optimized with the Yoast SEO plugin v23.3 - https:\/\/yoast.com\/wordpress\/plugins\/seo\/ -->\n<title>Sp\u0113l\u0113jiet Loto tie\u0161saist\u0113 - izloz\u0113jiet starptautisk\u0101s loterijas d\u017eekpotus!<\/title>\n<meta name=\"description\" content=\"Ieg\u0101d\u0101jies bi\u013ceti uz loterijas d\u017eekpotiem vis\u0101 pasaul\u0113 - sp\u0113l\u0113 tos visus tie\u0161saist\u0113 un laim\u0113 miljonus.\" \/>\n<meta name=\"robots\" content=\"index, follow, max-snippet:-1, max-image-preview:large, max-video-preview:-1\" \/>\n<link rel=\"canonical\" href=\"https:\/\/jackpotlotteryonline.com\/lv\/\" \/>\n<meta property=\"og:locale\" content=\"lv_LV\" \/>\n<meta property=\"og:type\" content=\"article\" \/>\n<meta property=\"og:title\" content=\"Sp\u0113l\u0113jiet Loto tie\u0161saist\u0113 - izloz\u0113jiet starptautisk\u0101s loterijas d\u017eekpotus!\" \/>\n<meta property=\"og:description\" content=\"Ieg\u0101d\u0101jies bi\u013ceti uz loterijas d\u017eekpotiem vis\u0101 pasaul\u0113 - sp\u0113l\u0113 tos visus tie\u0161saist\u0113 un laim\u0113 miljonus.\" \/>\n<meta property=\"og:url\" content=\"https:\/\/jackpotlotteryonline.com\/lv\/\" \/>\n<meta property=\"og:site_name\" content=\"Lotto Online - Crack The International Lottery Jackpots\" \/>\n<meta property=\"article:modified_time\" content=\"2023-01-06T11:42:20+00:00\" \/>\n<meta property=\"og:image\" content=\"https:\/\/jackpotlotteryonline.com\/wp-content\/uploads\/2022\/10\/ticket_balls.jpg\" \/>\n<meta name=\"twitter:card\" content=\"summary_large_image\" \/>\n<meta name=\"twitter:label1\" content=\"Est. reading time\" \/>\n\t<meta name=\"twitter:data1\" content=\"4 minutes\" \/>\n<!-- \/ Yoast SEO plugin. -->","yoast_head_json":{"title":"Sp\u0113l\u0113jiet Loto tie\u0161saist\u0113 - izloz\u0113jiet starptautisk\u0101s loterijas d\u017eekpotus!","description":"Ieg\u0101d\u0101jies bi\u013ceti uz loterijas d\u017eekpotiem vis\u0101 pasaul\u0113 - sp\u0113l\u0113 tos visus tie\u0161saist\u0113 un laim\u0113 miljonus.","robots":{"index":"index","follow":"follow","max-snippet":"max-snippet:-1","max-image-preview":"max-image-preview:large","max-video-preview":"max-video-preview:-1"},"canonical":"https:\/\/jackpotlotteryonline.com\/lv\/","og_locale":"lv_LV","og_type":"article","og_title":"Sp\u0113l\u0113jiet Loto tie\u0161saist\u0113 - izloz\u0113jiet starptautisk\u0101s loterijas d\u017eekpotus!","og_description":"Ieg\u0101d\u0101jies bi\u013ceti uz loterijas d\u017eekpotiem vis\u0101 pasaul\u0113 - sp\u0113l\u0113 tos visus tie\u0161saist\u0113 un laim\u0113 miljonus.","og_url":"https:\/\/jackpotlotteryonline.com\/lv\/","og_site_name":"Lotto Online - Crack The International Lottery Jackpots","article_modified_time":"2023-01-06T11:42:20+00:00","og_image":[{"url":"https:\/\/jackpotlotteryonline.com\/wp-content\/uploads\/2022\/10\/ticket_balls.jpg"}],"twitter_card":"summary_large_image","twitter_misc":{"Est. reading time":"4 minutes"},"schema":{"@context":"https:\/\/schema.org","@graph":[{"@type":"WebPage","@id":"https:\/\/jackpotlotteryonline.com\/lv\/","url":"https:\/\/jackpotlotteryonline.com\/lv\/","name":"Sp\u0113l\u0113jiet Loto tie\u0161saist\u0113 - izloz\u0113jiet starptautisk\u0101s loterijas d\u017eekpotus!","isPartOf":{"@id":"https:\/\/jackpotlotteryonline.com\/#website"},"primaryImageOfPage":{"@id":"https:\/\/jackpotlotteryonline.com\/lv\/#primaryimage"},"image":{"@id":"https:\/\/jackpotlotteryonline.com\/lv\/#primaryimage"},"thumbnailUrl":"https:\/\/jackpotlotteryonline.com\/wp-content\/uploads\/2022\/10\/ticket_balls.jpg","datePublished":"2022-11-01T09:11:35+00:00","dateModified":"2023-01-06T11:42:20+00:00","description":"Ieg\u0101d\u0101jies bi\u013ceti uz loterijas d\u017eekpotiem vis\u0101 pasaul\u0113 - sp\u0113l\u0113 tos visus tie\u0161saist\u0113 un laim\u0113 miljonus.","breadcrumb":{"@id":"https:\/\/jackpotlotteryonline.com\/lv\/#breadcrumb"},"inLanguage":"lv-LV","potentialAction":[{"@type":"ReadAction","target":["https:\/\/jackpotlotteryonline.com\/lv\/"]}]},{"@type":"ImageObject","inLanguage":"lv-LV","@id":"https:\/\/jackpotlotteryonline.com\/lv\/#primaryimage","url":"https:\/\/jackpotlotteryonline.com\/wp-content\/uploads\/2022\/10\/ticket_balls.jpg","contentUrl":"https:\/\/jackpotlotteryonline.com\/wp-content\/uploads\/2022\/10\/ticket_balls.jpg"},{"@type":"BreadcrumbList","@id":"https:\/\/jackpotlotteryonline.com\/lv\/#breadcrumb","itemListElement":[{"@type":"ListItem","position":1,"name":"Home","item":"https:\/\/jackpotlotteryonline.com\/lv\/"},{"@type":"ListItem","position":2,"name":"Home"}]},{"@type":"WebSite","@id":"https:\/\/jackpotlotteryonline.com\/#website","url":"https:\/\/jackpotlotteryonline.com\/","name":"Lotto Online - Crack The International Lottery Jackpots","description":"","potentialAction":[{"@type":"SearchAction","target":{"@type":"EntryPoint","urlTemplate":"https:\/\/jackpotlotteryonline.com\/?s={search_term_string}"},"query-input":"required name=search_term_string"}],"inLanguage":"lv-LV"}]}},"_links":{"self":[{"href":"https:\/\/jackpotlotteryonline.com\/lv\/wp-json\/wp\/v2\/pages\/31961","targetHints":{"allow":["GET"]}}],"collection":[{"href":"https:\/\/jackpotlotteryonline.com\/lv\/wp-json\/wp\/v2\/pages"}],"about":[{"href":"https:\/\/jackpotlotteryonline.com\/lv\/wp-json\/wp\/v2\/types\/page"}],"author":[{"embeddable":true,"href":"https:\/\/jackpotlotteryonline.com\/lv\/wp-json\/wp\/v2\/users\/1"}],"replies":[{"embeddable":true,"href":"https:\/\/jackpotlotteryonline.com\/lv\/wp-json\/wp\/v2\/comments?post=31961"}],"version-history":[{"count":0,"href":"https:\/\/jackpotlotteryonline.com\/lv\/wp-json\/wp\/v2\/pages\/31961\/revisions"}],"wp:attachment":[{"href":"https:\/\/jackpotlotteryonline.com\/lv\/wp-json\/wp\/v2\/media?parent=31961"}],"curies":[{"name":"wp","href":"https:\/\/api.w.org\/{rel}","templated":true}]}}