{"id":35705,"date":"2022-11-01T10:46:30","date_gmt":"2022-11-01T10:46:30","guid":{"rendered":"https:\/\/jackpotlotteryonline.com\/?page_id=35705"},"modified":"2022-12-19T07:37:57","modified_gmt":"2022-12-19T07:37:57","slug":"ka-spelet","status":"publish","type":"page","link":"https:\/\/jackpotlotteryonline.com\/lv\/ka-spelet\/","title":{"rendered":"K\u0101 sp\u0113l\u0113t"},"content":{"rendered":"<h2>Tie\u0161saistes loterijas pas\u0101kumi un sp\u0113les<\/h2>\n<p>Vai v\u0113laties b\u016bt ar iesp\u0113ju k\u013c\u016bt par miljon\u0101ru? Ja j\u0101, tad pievienojieties miljoniem cilv\u0113ku vis\u0101 pasaul\u0113 un s\u0101ciet sp\u0113l\u0113t loteriju tie\u0161saist\u0113. Neatkar\u012bgi no t\u0101, kur j\u016bs atrodaties &#8211; ASV, Apvienotaj\u0101 Karalist\u0113, Austr\u0101lij\u0101 vai Jaunz\u0113land\u0113, &#8211; jums ir daudz da\u017e\u0101du veidu Starptautisko loteriju sp\u0113\u013cu, kuras var sp\u0113l\u0113t tie\u0161saist\u0113, un vis\u0101s taj\u0101s ir lieli d\u017eekpoti, lai jums b\u016btu iesp\u0113ja laim\u0113t.<br \/>\n<img loading=\"lazy\" decoding=\"async\" class=\"size-full wp-image-17816 alignright\" src=\"https:\/\/jackpotlotteryonline.com\/wp-content\/uploads\/2022\/10\/lotteryticket.jpg\" alt=\"sp\u0113l\u0113t loterij\u0101 tie\u0161saist\u0113\" width=\"212\" height=\"142\" \/><\/p>\n<p>S\u0101kt sp\u0113l\u0113t loto tie\u0161saist\u0113 ir \u013coti vienk\u0101r\u0161i. Viena no pirmaj\u0101m liet\u0101m, kas jums j\u0101dara, ir j\u0101apmekl\u0113 m\u016bsu t\u012bmek\u013ca vietne un j\u0101p\u0101rl\u016bko da\u017e\u0101das pieejam\u0101s loterijas. To var viegli izdar\u012bt, izv\u0113loties vienu vai vair\u0101kas no sarakst\u0101 iek\u013cautaj\u0101m loterij\u0101m, tostarp El Gordo loteriju, Apvienot\u0101s Karalistes Nacion\u0101lo loteriju, Thunderball Lotto, \u0145ujorkas loteriju un daudzas citas.<\/p>\n<p>Katr\u0101 loterijas veid\u0101 j\u016bs var\u0113siet uzzin\u0101t visu, kas jums j\u0101zina. P\u0113c tam varat izmantot m\u016bsu pakalpojumu, lai<a href=\"https:\/\/jackpotlotteryonline.com\/lv\/iegadaties-biletes\"> ieg\u0101d\u0101tos bi\u013ceti tie\u0161saist\u0113.<\/a><\/p>\n<p>Katras loterijas aprakst\u0101 j\u016bs atrad\u012bsiet t\u0101du inform\u0101ciju k\u0101, piem\u0113ram, k\u0101ds pa\u0161laik ir d\u017eekpots, no cik liela tas s\u0101kas p\u0113c laimesta, k\u0101 ar\u012b cik skait\u013cu j\u0101atrod, lai laim\u0113tu d\u017eekpota balvu, un k\u0101di ir citi balvu l\u012bme\u0146i. J\u016bs var\u0113siet uzzin\u0101t ar\u012b t\u0101du inform\u0101ciju k\u0101, piem\u0113ram, cik vecs jums j\u0101b\u016bt, lai var\u0113tu sp\u0113l\u0113t tie\u0161saistes loteriju sp\u0113les katram loteriju veidam, k\u0101 ar\u012b to, kur\u0101s dien\u0101s un laikos notiek izlozes.<\/p>\n<section class=\"layout\" style=\"border: solid 1px; width: 100%;\">\n<div class=\"img-div\" style=\"margin-top: 5px;\"><img decoding=\"async\" class=\"wp-image-17212 alignleft\" style=\"height: 45px; margin: 8px 8px 0px;\" src=\"https:\/\/jackpotlotteryonline.com\/wp-content\/uploads\/2022\/11\/read1.jpg\" alt=\"k\u0101 sp\u0113l\u0113t\" width=\"\" height=\"\" \/><\/div>\n<div style=\"padding-left: 5px;\">\n<div style=\"font-size: 1.1em;\">\n<p><strong>Da\u017ei triki un padomi numuru izv\u0113lei<\/strong><\/p>\n<p style=\"font-size: 0.85em; margin-top: -1.5em;\">Palieliniet savas laimestu izredzes &#8211; izmantojiet k\u0101du strat\u0113\u0123iju, lai izv\u0113l\u0113tos skait\u013cus.<a href=\"https:\/\/jackpotlotteryonline.com\/lv\/a-daudz-triku-un-padomu-ka-izveleties-jaunus-lozetes-numurus\">Las\u012bt vair\u0101k<\/a><\/p>\n<\/div>\n<\/div>\n<\/section>\n<h2>Starptautiskais loto<\/h2>\n<p>Lai palielin\u0101tu savas izredzes laim\u0113t visaugst\u0101ko iesp\u0113jamo d\u017eekpotu, j\u016bs uzzin\u0101siet, k\u0101di ir pa\u0161reiz\u0113jie d\u017eekpoti. Tas noz\u012bm\u0113, ka j\u016bs strat\u0113\u0123iski izv\u0113laties, kuras loterijas sp\u0113les sp\u0113l\u0113t tie\u0161saist\u0113, un izv\u0113laties sp\u0113l\u0113t t\u0101s, kur\u0101s ir visaugst\u0101kie pieejamie d\u017eekpoti.<\/p>\n<p>J\u016bs var\u0113siet sp\u0113l\u0113t ar\u012b vair\u0101kas loterijas sp\u0113les tie\u0161saist\u0113. Tas noz\u012bm\u0113, ka jums nav j\u0101ieliek bi\u013cete tikai uz viena veida loteriju, bet, ja v\u0113laties, varat vienlaikus sp\u0113l\u0113t da\u017e\u0101du veidu loterijas. Piem\u0113ram, ja v\u0113laties, varat vienlaikus sp\u0113l\u0113t ASV un Apvienot\u0101s Karalistes loteriju, kas iev\u0113rojami palielin\u0101s j\u016bsu izredzes laim\u0113t naudas balvu.<\/p>\n<p>Papildus iesp\u0113jai sp\u0113l\u0113t starptautisk\u0101s loterijas sp\u0113les tie\u0161saist\u0113 neatkar\u012bgi no j\u016bsu atra\u0161an\u0101s vietas j\u016bs var\u0113siet ar\u012b p\u0101rbaud\u012bt loterijas sp\u0113\u013cu rezult\u0101tus. Visu <a href=\"https:\/\/jackpotlotteryonline.com\/lv\/laimejusie-skaitli\">loteriju sp\u0113\u013cu rezult\u0101ti<\/a> neatkar\u012bgi no t\u0101, kura no t\u0101m ir, tiks atjaunin\u0101ti tie\u0161saist\u0113 re\u0101llaik\u0101. Tas noz\u012bm\u0113, ka, tikl\u012bdz b\u016bs izloz\u0113ta j\u016bsu izv\u0113l\u0113t\u0101s sp\u0113les izloze, rezult\u0101tus var\u0113siet apskat\u012bt \u013coti \u0101tri p\u0113c tam.<br \/>\n<img loading=\"lazy\" decoding=\"async\" class=\"alignright size-full wp-image-18329\" src=\"https:\/\/jackpotlotteryonline.com\/wp-content\/uploads\/2022\/10\/ticket_numbers_pick.jpg\" alt=\"Loto bi\u013cete tie\u0161saist\u0113t\" width=\"212\" height=\"142\" \/><\/p>\n<p>Turkl\u0101t j\u016bs atrad\u012bsiet s\u012bk\u0101ku inform\u0101ciju par to, k\u0101 sp\u0113l\u0113t katru loterijas sp\u0113li tie\u0161saist\u0113. Piem\u0113ram, j\u016bs nekad nevarat izv\u0113l\u0113ties p\u0101r\u0101k maz vai p\u0101r\u0101k daudz skait\u013cu &#8211; m\u016bsu bi\u013ce\u0161u sist\u0113ma par\u0101d\u012bs jums zi\u0146ojumu, kad j\u016bs pie\u013causit \u0161\u0101du k\u013c\u016bdu, un par\u0101d\u012bs, k\u0101 to labot.<\/p>\n<p>T\u0101p\u0113c, pat ja iepriek\u0161 nekad neesat sp\u0113l\u0113jis k\u0101das valsts loteriju, jums b\u016bs viegli pieejama visa inform\u0101cija, lai j\u016bs var\u0113tu sp\u0113l\u0113t k\u0101 profesion\u0101lis!<\/p>\n","protected":false},"excerpt":{"rendered":"<p>Tie\u0161saistes loterijas pas\u0101kumi un sp\u0113les Vai v\u0113laties b\u016bt ar iesp\u0113ju k\u013c\u016bt par miljon\u0101ru? Ja j\u0101, tad pievienojieties miljoniem cilv\u0113ku vis\u0101 pasaul\u0113 un s\u0101ciet sp\u0113l\u0113t loteriju tie\u0161saist\u0113. Neatkar\u012bgi no t\u0101, kur j\u016bs atrodaties &#8211; ASV, Apvienotaj\u0101 Karalist\u0113, Austr\u0101lij\u0101 vai Jaunz\u0113land\u0113, &#8211; jums ir daudz da\u017e\u0101du veidu Starptautisko loteriju sp\u0113\u013cu, kuras var sp\u0113l\u0113t tie\u0161saist\u0113, un vis\u0101s taj\u0101s [&hellip;]<\/p>\n","protected":false},"author":1,"featured_media":0,"parent":0,"menu_order":2,"comment_status":"closed","ping_status":"closed","template":"Play-all.php","meta":{"_et_pb_use_builder":"","_et_pb_old_content":"","_et_gb_content_width":"","exclude_from_search":false,"footnotes":""},"class_list":["post-35705","page","type-page","status-publish","hentry"],"yoast_head":"<!-- This site is optimized with the Yoast SEO plugin v23.3 - https:\/\/yoast.com\/wordpress\/plugins\/seo\/ -->\n<title>Vai es varu piedal\u012bties starptautisk\u0101s loterijas pas\u0101kumos tie\u0161saist\u0113?<\/title>\n<meta name=\"description\" content=\"Jums nav j\u0101b\u016bt k\u0101das valsts iedz\u012bvot\u0101jam, lai piedal\u012btos jebkuras valsts loterijas d\u017eekpotos.\" \/>\n<meta name=\"robots\" content=\"index, follow, max-snippet:-1, max-image-preview:large, max-video-preview:-1\" \/>\n<link rel=\"canonical\" href=\"https:\/\/jackpotlotteryonline.com\/play-online\/\" \/>\n<meta property=\"og:locale\" content=\"lv_LV\" \/>\n<meta property=\"og:type\" content=\"article\" \/>\n<meta property=\"og:title\" content=\"Vai es varu piedal\u012bties starptautisk\u0101s loterijas pas\u0101kumos tie\u0161saist\u0113?\" \/>\n<meta property=\"og:description\" content=\"Jums nav j\u0101b\u016bt k\u0101das valsts iedz\u012bvot\u0101jam, lai piedal\u012btos jebkuras valsts loterijas d\u017eekpotos.\" \/>\n<meta property=\"og:url\" content=\"https:\/\/jackpotlotteryonline.com\/play-online\/\" \/>\n<meta property=\"og:site_name\" content=\"Lotto Online - Crack The International Lottery Jackpots\" \/>\n<meta property=\"article:modified_time\" content=\"2022-12-19T07:37:57+00:00\" \/>\n<meta property=\"og:image\" content=\"https:\/\/jackpotlotteryonline.com\/wp-content\/uploads\/2022\/10\/lotteryticket.jpg\" \/>\n<meta name=\"twitter:card\" content=\"summary_large_image\" \/>\n<meta name=\"twitter:label1\" content=\"Est. reading time\" \/>\n\t<meta name=\"twitter:data1\" content=\"3 minutes\" \/>\n<!-- \/ Yoast SEO plugin. -->","yoast_head_json":{"title":"Vai es varu piedal\u012bties starptautisk\u0101s loterijas pas\u0101kumos tie\u0161saist\u0113?","description":"Jums nav j\u0101b\u016bt k\u0101das valsts iedz\u012bvot\u0101jam, lai piedal\u012btos jebkuras valsts loterijas d\u017eekpotos.","robots":{"index":"index","follow":"follow","max-snippet":"max-snippet:-1","max-image-preview":"max-image-preview:large","max-video-preview":"max-video-preview:-1"},"canonical":"https:\/\/jackpotlotteryonline.com\/play-online\/","og_locale":"lv_LV","og_type":"article","og_title":"Vai es varu piedal\u012bties starptautisk\u0101s loterijas pas\u0101kumos tie\u0161saist\u0113?","og_description":"Jums nav j\u0101b\u016bt k\u0101das valsts iedz\u012bvot\u0101jam, lai piedal\u012btos jebkuras valsts loterijas d\u017eekpotos.","og_url":"https:\/\/jackpotlotteryonline.com\/play-online\/","og_site_name":"Lotto Online - Crack The International Lottery Jackpots","article_modified_time":"2022-12-19T07:37:57+00:00","og_image":[{"url":"https:\/\/jackpotlotteryonline.com\/wp-content\/uploads\/2022\/10\/lotteryticket.jpg"}],"twitter_card":"summary_large_image","twitter_misc":{"Est. reading time":"3 minutes"},"schema":{"@context":"https:\/\/schema.org","@graph":[{"@type":"WebPage","@id":"https:\/\/jackpotlotteryonline.com\/play-online\/","url":"https:\/\/jackpotlotteryonline.com\/play-online\/","name":"Vai es varu piedal\u012bties starptautisk\u0101s loterijas pas\u0101kumos tie\u0161saist\u0113?","isPartOf":{"@id":"https:\/\/jackpotlotteryonline.com\/#website"},"primaryImageOfPage":{"@id":"https:\/\/jackpotlotteryonline.com\/play-online\/#primaryimage"},"image":{"@id":"https:\/\/jackpotlotteryonline.com\/play-online\/#primaryimage"},"thumbnailUrl":"https:\/\/jackpotlotteryonline.com\/wp-content\/uploads\/2022\/10\/lotteryticket.jpg","datePublished":"2022-11-01T10:46:30+00:00","dateModified":"2022-12-19T07:37:57+00:00","description":"Jums nav j\u0101b\u016bt k\u0101das valsts iedz\u012bvot\u0101jam, lai piedal\u012btos jebkuras valsts loterijas d\u017eekpotos.","breadcrumb":{"@id":"https:\/\/jackpotlotteryonline.com\/play-online\/#breadcrumb"},"inLanguage":"lv-LV","potentialAction":[{"@type":"ReadAction","target":["https:\/\/jackpotlotteryonline.com\/play-online\/"]}]},{"@type":"ImageObject","inLanguage":"lv-LV","@id":"https:\/\/jackpotlotteryonline.com\/play-online\/#primaryimage","url":"https:\/\/jackpotlotteryonline.com\/wp-content\/uploads\/2022\/10\/lotteryticket.jpg","contentUrl":"https:\/\/jackpotlotteryonline.com\/wp-content\/uploads\/2022\/10\/lotteryticket.jpg"},{"@type":"BreadcrumbList","@id":"https:\/\/jackpotlotteryonline.com\/play-online\/#breadcrumb","itemListElement":[{"@type":"ListItem","position":1,"name":"Home","item":"https:\/\/jackpotlotteryonline.com\/lv\/"},{"@type":"ListItem","position":2,"name":"K\u0101 sp\u0113l\u0113t"}]},{"@type":"WebSite","@id":"https:\/\/jackpotlotteryonline.com\/#website","url":"https:\/\/jackpotlotteryonline.com\/","name":"Lotto Online - Crack The International Lottery Jackpots","description":"","potentialAction":[{"@type":"SearchAction","target":{"@type":"EntryPoint","urlTemplate":"https:\/\/jackpotlotteryonline.com\/?s={search_term_string}"},"query-input":"required name=search_term_string"}],"inLanguage":"lv-LV"}]}},"_links":{"self":[{"href":"https:\/\/jackpotlotteryonline.com\/lv\/wp-json\/wp\/v2\/pages\/35705","targetHints":{"allow":["GET"]}}],"collection":[{"href":"https:\/\/jackpotlotteryonline.com\/lv\/wp-json\/wp\/v2\/pages"}],"about":[{"href":"https:\/\/jackpotlotteryonline.com\/lv\/wp-json\/wp\/v2\/types\/page"}],"author":[{"embeddable":true,"href":"https:\/\/jackpotlotteryonline.com\/lv\/wp-json\/wp\/v2\/users\/1"}],"replies":[{"embeddable":true,"href":"https:\/\/jackpotlotteryonline.com\/lv\/wp-json\/wp\/v2\/comments?post=35705"}],"version-history":[{"count":0,"href":"https:\/\/jackpotlotteryonline.com\/lv\/wp-json\/wp\/v2\/pages\/35705\/revisions"}],"wp:attachment":[{"href":"https:\/\/jackpotlotteryonline.com\/lv\/wp-json\/wp\/v2\/media?parent=35705"}],"curies":[{"name":"wp","href":"https:\/\/api.w.org\/{rel}","templated":true}]}}