{"id":35766,"date":"2022-11-01T13:15:39","date_gmt":"2022-11-01T13:15:39","guid":{"rendered":"https:\/\/jackpotlotteryonline.com\/?page_id=35766"},"modified":"2022-12-19T11:05:06","modified_gmt":"2022-12-19T11:05:06","slug":"iegadaties-biletes","status":"publish","type":"page","link":"https:\/\/jackpotlotteryonline.com\/lv\/iegadaties-biletes\/","title":{"rendered":"K\u0101 nopirkt loterijas bi\u013cetes tie\u0161saist\u0113"},"content":{"rendered":"<p>Loterijas bi\u013ce\u0161u pirk\u0161ana tie\u0161saist\u0113 \u0161obr\u012bd ir k\u013cuvusi \u013coti popul\u0101ra. Loto fani no visas pasaules izmanto m\u016bsu tie\u0161saistes loterijas bi\u013ce\u0161u pakalpojumus. Un tam ir daudz labu iemeslu.<\/p>\n<p>Da\u017eiem loteriju sp\u0113l\u0113t\u0101jiem tas ir vien\u012bgais veids, k\u0101 visp\u0101r ieg\u0101d\u0101ties loterijas bi\u013cetes, jo vi\u0146u dz\u012bvesvietas valst\u012b nav pieejama loterija. T\u0101p\u0113c vi\u0146i mekl\u0113 veidus, k\u0101 ieg\u016bt iesp\u0113ju laim\u0113t lielas naudas summas, un \u0161im nol\u016bkam vi\u0146i mekl\u0113 loterijas cit\u0101s valst\u012bs. Un m\u016bsu vietn\u0113 ir daudz loteriju d\u017eekpotu, no kuriem izv\u0113l\u0113ties.<\/p>\n<p>Citu valstu loteriju faniem ir loterijas sav\u0101s valst\u012bs, ta\u010du \u0161\u012bs loterijas vi\u0146iem var neb\u016bt tik pievilc\u012bgas. Bie\u017ei vien \u0161\u012bm viet\u0113j\u0101m loterij\u0101m ir maz\u0101kas galven\u0101s balvas un d\u017eekpoti vai ar\u012b t\u0101s tiek izsp\u0113l\u0113tas tikai reizi ned\u0113\u013c\u0101. T\u0101p\u0113c sp\u0113l\u0113t\u0101ji mekl\u0113 citas,<a href=\"https:\/\/jackpotlotteryonline.com\/lv\/ka-spelet\"> ienes\u012bg\u0101kas iesp\u0113jas.<\/a><\/p>\n<h2>Liel\u0101ki laimesti, ko pied\u0101v\u0101 citu valstu loterijas<\/h2>\n<p><img loading=\"lazy\" decoding=\"async\" class=\"alignright wp-image-17212\" src=\"http:\/\/jackpotlotteryonline.com\/wp-content\/uploads\/2022\/10\/1_buy_ticket_online.jpg\" alt=\"pirkt loteriju tie\u0161saist\u0113\" width=\"272\" height=\"204\" \/><\/p>\n<p>Ir labi zin\u0101ms princips, ka ir lietder\u012bg\u0101k ieguld\u012bt naudu loterijas bi\u013cet\u0113, ja laimesti ir \u013coti lieli. Galu gal\u0101, ieg\u0101d\u0101joties bi\u013ceti, j\u016bs v\u0113laties, lai j\u016bsu naudas ieguld\u012bjums b\u016btu maksim\u0101li izdev\u012bgs. Tas noz\u012bm\u0113, ka, ja bi\u013cetes cena ir vien\u0101da, potenci\u0101li liel\u0101ks laimests sniedz jums lab\u0101ku cenas un v\u0113rt\u012bbas attiec\u012bbu.<\/p>\n<p>Ta\u010du pat tad, ja loterijas, kuru v\u0113laties sp\u0113l\u0113t, tie\u0161saistes bi\u013cete b\u016btu divreiz d\u0101rg\u0101ka nek\u0101 viet\u0113j\u0101s loterijas bi\u013cete, vairum\u0101 gad\u012bjumu joproj\u0101m b\u016btu lietder\u012bgi ieg\u0101d\u0101ties d\u0101rg\u0101ku tie\u0161saistes bi\u013ceti. Ja iesp\u0113jamais d\u017eekpots ir vair\u0101k nek\u0101 divas reizes liel\u0101ks nek\u0101 j\u016bsu viet\u0113j\u0101s loterijas d\u017eekpots, tad matem\u0101tisk\u0101s izredzes laim\u0113t ir liel\u0101kas taj\u0101 loterij\u0101, kuras tie\u0161saistes bi\u013ceti jums ir j\u0101p\u0113rk.<\/p>\n<h2>Kaut kur pasaul\u0113 vienm\u0113r ir liels d\u017eekpots.<\/h2>\n<p>Un tas ir galvenais iemesls, k\u0101d\u0113\u013c loterijas bi\u013cetes ieg\u0101d\u0101ties tie\u0161saist\u0113. T\u0101 k\u0101 tik daudz loteriju ir pieejamas, izmantojot tie\u0161saistes bi\u013ce\u0161u pakalpojumus, j\u016bs vienm\u0113r atrad\u012bsiet lielu d\u017eekpotu, kur\u0101 ir v\u0113rts ieguld\u012bt. Paties\u012bb\u0101 liela da\u013ca m\u016bsu klientu iev\u0113ro vienk\u0101r\u0161u strat\u0113\u0123iju: Vi\u0146i p\u0113rk bi\u013cetes uz to loteriju, kur\u0101 \u0161obr\u012bd ir liel\u0101kais d\u017eekpots. Tas ir piln\u012bgi lo\u0123iski, vai ne?<\/p>\n<section class=\"layout\" style=\"border: solid 1px; width: 100%;\">\n<div class=\"img-div\" style=\"margin-top: 5px;\"><img decoding=\"async\" class=\"wp-image-17212 alignleft\" style=\"height: 45px; margin: 8px 8px 0px;\" src=\"http:\/\/jackpotlotteryonline.com\/wp-content\/uploads\/2022\/11\/read1.jpg\" alt=\"piesarg\u0101ties no kr\u0101pniecisk\u0101m loterij\u0101m\" width=\"\" height=\"\" \/><\/div>\n<div style=\"padding-left: 5px;\">\n<div style=\"font-size: 1.1em;\">\n<p><strong>Loterijas kr\u0101p\u0161ana, par kuru jums b\u016btu j\u0101zina<\/strong><\/p>\n<p style=\"font-size: 0.85em; margin-top: -1.5em;\">Neiekr\u012btiet loterijas slazdos. \u00a0<a href=\"https:\/\/jackpotlotteryonline.com\/lv\/piesargaties-no-tiessaistes-loterijas-krapsanas\">las\u012bt vair\u0101k<\/a><\/p>\n<\/div>\n<\/div>\n<\/section>\n<h2>Vai ir likum\u012bgi ieg\u0101d\u0101ties bi\u013ceti tie\u0161saist\u0113 uz k\u0101du no \u0161\u012bm loterij\u0101m?<\/h2>\n<p>J\u0101, ir. Iedom\u0101jieties, ka atrodaties ASV un viet\u0113j\u0101 Powerball loterij\u0101 ir milz\u012bgs d\u017eekpots. J\u016bs ejat un p\u0113rkat bi\u013ceti, un \u0161\u012b bi\u013cete vinn\u0113. Protams, loterijai jums ir j\u0101maks\u0101, pat<a href=\"https:\/\/jackpotlotteryonline.com\/lv\/laimejusie-skaitli\"> ja izlozes br\u012bd\u012b<\/a> j\u016bs vairs neatrodaties valst\u012b. J\u016bs esat likum\u012bgi ieg\u0101d\u0101jies bi\u013ceti. Nav noz\u012bmes, vai dz\u012bvojat vai nedz\u012bvojat ASV. T\u0101pat tas darbojas ar\u012b vis\u0101s cit\u0101s pasaules loterij\u0101s.<\/p>\n<p>M\u016bsu tie\u0161saistes pakalpojuma at\u0161\u0137ir\u012bba ir t\u0101da, ka m\u0113s j\u016bsu v\u0101rd\u0101 ieg\u0101d\u0101jamies bi\u013ceti. J\u016bs to pas\u016bt\u0101t tie\u0161saist\u0113, un viens no m\u016bsu viet\u0113jiem a\u0123entiem ieg\u0101d\u0101jas fizisku bi\u013ceti j\u016bsu viet\u0101. Vi\u0146i ar\u012b iesken\u0113s j\u016bsu bi\u013ceti, un t\u0101 tiks aug\u0161upiel\u0101d\u0113ta j\u016bsu sp\u0113l\u0113t\u0101ja kont\u0101, lai j\u016bs var\u0113tu redz\u0113t, ka m\u0113s esam nopirku\u0161i jums \u012bstu bi\u013ceti.<br \/>\n<img loading=\"lazy\" decoding=\"async\" class=\"alignright size-medium wp-image-25854\" src=\"http:\/\/jackpotlotteryonline.com\/wp-content\/uploads\/2022\/10\/1_results_tickets_lotto-300x212.jpg\" alt=\"loterijas bi\u013cete\" width=\"300\" height=\"212\" srcset=\"https:\/\/jackpotlotteryonline.com\/wp-content\/uploads\/2022\/10\/1_results_tickets_lotto-300x212.jpg 300w, https:\/\/jackpotlotteryonline.com\/wp-content\/uploads\/2022\/10\/1_results_tickets_lotto.jpg 320w\" sizes=\"auto, (max-width: 300px) 100vw, 300px\" \/><\/p>\n<p>Ja j\u016bs vinn\u0113siet lielu laimestu, tikai no jums ir atkar\u012bgs, vai v\u0113laties doties uz valsti, kur\u0101 notiek loterija. Ja v\u0113laties, j\u016bs varat sa\u0146emt bi\u013ceti no mums un person\u012bgi uzr\u0101d\u012bt laim\u0113ju\u0161o bi\u013ceti loterijas komisijai. K\u0101 vi\u0146i uzzin\u0101s, kas to nopirka?<\/p>\n<p>Bet paties\u012bb\u0101 jums tas nav j\u0101dara \u0161\u0101d\u0101 veid\u0101. Jo m\u016bsu tie\u0161saistes loterijas bi\u013ce\u0161u pakalpojuma da\u013ca ir ar\u012b t\u0101, ka m\u0113s varam par\u016bp\u0113ties ar\u012b par izmaksu j\u016bsu viet\u0101. M\u0113s apstr\u0101d\u0101jam j\u016bsu laimestu, un loterijas komisija vai nu nos\u016bta jums \u010deku, vai ar\u012b p\u0101rskaita laimestu uz j\u016bsu bankas kontu.<\/p>\n<p>Un vai zin\u0101j\u0101t, ka visi maz\u0101ki laimesti (l\u012bdz 2500,00 \u20ac) uzreiz tiks ieskait\u012bti j\u016bsu sp\u0113l\u0113t\u0101ja kont\u0101 m\u016bsu vietn\u0113? Jums nekas nav j\u0101dara, lai sa\u0146emtu \u0161os maz\u0101kos laimestus. Un j\u016bs jebkur\u0101 laik\u0101 varat piepras\u012bt izmaksu, un m\u0113s \u0161os l\u012bdzek\u013cus izmaks\u0101sim uz j\u016bsu bankas kontu, kred\u012btkarti vai j\u016bsu kriptoval\u016btas maku (ja jums t\u0101ds ir).<\/p>\n<h2>Citas loterijas bi\u013ce\u0161u ieg\u0101des tie\u0161saist\u0113 priek\u0161roc\u012bbas<\/h2>\n<p>M\u016bsu bi\u013ce\u0161u pakalpojumam ir v\u0113l da\u017eas citas, diezgan ac\u012bmredzamas priek\u0161roc\u012bbas, kas ir \u0161\u0101das:<\/p>\n<ul>\n<li>nav nepiecie\u0161ams iziet no m\u0101jas, lai sa\u0146emtu bi\u013ceti.<\/li>\n<li>nav rindas pie loterijas a\u0123enta vai veikal\u0101 (\u012bpa\u0161i svar\u012bgi, ja laimesti ir lieli!)<\/li>\n<li>J\u016bsu bi\u013cete nevar pazust, jo t\u0101 ir sken\u0113ta un tiek glab\u0101ta m\u016bsu dro\u0161\u0101s glab\u0101tuv\u0113s.<\/li>\n<\/ul>\n<p>T\u0101tad, ko j\u016bs v\u0113l gaid\u0101t? Izv\u0113lieties loteriju un ieg\u0101d\u0101jieties bi\u013cetes tie\u0161saist\u0113 jau \u0161odien &#8211; ar nelielu veiksmes devu j\u016bs varat k\u013c\u016bt par r\u012btdienas d\u017eekpota laim\u0113t\u0101ju!<\/p>\n","protected":false},"excerpt":{"rendered":"<p>Loterijas bi\u013ce\u0161u pirk\u0161ana tie\u0161saist\u0113 \u0161obr\u012bd ir k\u013cuvusi \u013coti popul\u0101ra. Loto fani no visas pasaules izmanto m\u016bsu tie\u0161saistes loterijas bi\u013ce\u0161u pakalpojumus. Un tam ir daudz labu iemeslu. Da\u017eiem loteriju sp\u0113l\u0113t\u0101jiem tas ir vien\u012bgais veids, k\u0101 visp\u0101r ieg\u0101d\u0101ties loterijas bi\u013cetes, jo vi\u0146u dz\u012bvesvietas valst\u012b nav pieejama loterija. T\u0101p\u0113c vi\u0146i mekl\u0113 veidus, k\u0101 ieg\u016bt iesp\u0113ju laim\u0113t lielas naudas [&hellip;]<\/p>\n","protected":false},"author":1,"featured_media":0,"parent":0,"menu_order":3,"comment_status":"closed","ping_status":"closed","template":"Information.php","meta":{"_et_pb_use_builder":"","_et_pb_old_content":"","_et_gb_content_width":"","exclude_from_search":false,"footnotes":""},"class_list":["post-35766","page","type-page","status-publish","hentry"],"yoast_head":"<!-- This site is optimized with the Yoast SEO plugin v23.3 - https:\/\/yoast.com\/wordpress\/plugins\/seo\/ -->\n<title>K\u0101 ieg\u0101d\u0101ties pasaules m\u0113roga loteriju bi\u013cetes tie\u0161saist\u0113<\/title>\n<meta name=\"description\" content=\"Kam j\u0101piev\u0113r\u0161 uzman\u012bba, p\u0113rkot starptautisko loteriju bi\u013cetes tie\u0161saist\u0113. Da\u017ei tie\u0161saistes bi\u013ce\u0161u servisi ir maz\u0101k ieteicami, uzziniet, kuri\" \/>\n<meta name=\"robots\" content=\"index, follow, max-snippet:-1, max-image-preview:large, max-video-preview:-1\" \/>\n<link rel=\"canonical\" href=\"https:\/\/jackpotlotteryonline.com\/lv\/iegadaties-biletes\/\" \/>\n<meta property=\"og:locale\" content=\"lv_LV\" \/>\n<meta property=\"og:type\" content=\"article\" \/>\n<meta property=\"og:title\" content=\"K\u0101 ieg\u0101d\u0101ties pasaules m\u0113roga loteriju bi\u013cetes tie\u0161saist\u0113\" \/>\n<meta property=\"og:description\" content=\"Kam j\u0101piev\u0113r\u0161 uzman\u012bba, p\u0113rkot starptautisko loteriju bi\u013cetes tie\u0161saist\u0113. Da\u017ei tie\u0161saistes bi\u013ce\u0161u servisi ir maz\u0101k ieteicami, uzziniet, kuri\" \/>\n<meta property=\"og:url\" content=\"https:\/\/jackpotlotteryonline.com\/lv\/iegadaties-biletes\/\" \/>\n<meta property=\"og:site_name\" content=\"Lotto Online - Crack The International Lottery Jackpots\" \/>\n<meta property=\"article:modified_time\" content=\"2022-12-19T11:05:06+00:00\" \/>\n<meta property=\"og:image\" content=\"http:\/\/jackpotlotteryonline.com\/wp-content\/uploads\/2022\/10\/1_buy_ticket_online.jpg\" \/>\n<meta name=\"twitter:card\" content=\"summary_large_image\" \/>\n<meta name=\"twitter:label1\" content=\"Est. reading time\" \/>\n\t<meta name=\"twitter:data1\" content=\"4 minutes\" \/>\n<!-- \/ Yoast SEO plugin. -->","yoast_head_json":{"title":"K\u0101 ieg\u0101d\u0101ties pasaules m\u0113roga loteriju bi\u013cetes tie\u0161saist\u0113","description":"Kam j\u0101piev\u0113r\u0161 uzman\u012bba, p\u0113rkot starptautisko loteriju bi\u013cetes tie\u0161saist\u0113. Da\u017ei tie\u0161saistes bi\u013ce\u0161u servisi ir maz\u0101k ieteicami, uzziniet, kuri","robots":{"index":"index","follow":"follow","max-snippet":"max-snippet:-1","max-image-preview":"max-image-preview:large","max-video-preview":"max-video-preview:-1"},"canonical":"https:\/\/jackpotlotteryonline.com\/lv\/iegadaties-biletes\/","og_locale":"lv_LV","og_type":"article","og_title":"K\u0101 ieg\u0101d\u0101ties pasaules m\u0113roga loteriju bi\u013cetes tie\u0161saist\u0113","og_description":"Kam j\u0101piev\u0113r\u0161 uzman\u012bba, p\u0113rkot starptautisko loteriju bi\u013cetes tie\u0161saist\u0113. Da\u017ei tie\u0161saistes bi\u013ce\u0161u servisi ir maz\u0101k ieteicami, uzziniet, kuri","og_url":"https:\/\/jackpotlotteryonline.com\/lv\/iegadaties-biletes\/","og_site_name":"Lotto Online - Crack The International Lottery Jackpots","article_modified_time":"2022-12-19T11:05:06+00:00","og_image":[{"url":"http:\/\/jackpotlotteryonline.com\/wp-content\/uploads\/2022\/10\/1_buy_ticket_online.jpg"}],"twitter_card":"summary_large_image","twitter_misc":{"Est. reading time":"4 minutes"},"schema":{"@context":"https:\/\/schema.org","@graph":[{"@type":"WebPage","@id":"https:\/\/jackpotlotteryonline.com\/lv\/iegadaties-biletes\/","url":"https:\/\/jackpotlotteryonline.com\/lv\/iegadaties-biletes\/","name":"K\u0101 ieg\u0101d\u0101ties pasaules m\u0113roga loteriju bi\u013cetes tie\u0161saist\u0113","isPartOf":{"@id":"https:\/\/jackpotlotteryonline.com\/#website"},"primaryImageOfPage":{"@id":"https:\/\/jackpotlotteryonline.com\/lv\/iegadaties-biletes\/#primaryimage"},"image":{"@id":"https:\/\/jackpotlotteryonline.com\/lv\/iegadaties-biletes\/#primaryimage"},"thumbnailUrl":"http:\/\/jackpotlotteryonline.com\/wp-content\/uploads\/2022\/10\/1_buy_ticket_online.jpg","datePublished":"2022-11-01T13:15:39+00:00","dateModified":"2022-12-19T11:05:06+00:00","description":"Kam j\u0101piev\u0113r\u0161 uzman\u012bba, p\u0113rkot starptautisko loteriju bi\u013cetes tie\u0161saist\u0113. Da\u017ei tie\u0161saistes bi\u013ce\u0161u servisi ir maz\u0101k ieteicami, uzziniet, kuri","breadcrumb":{"@id":"https:\/\/jackpotlotteryonline.com\/lv\/iegadaties-biletes\/#breadcrumb"},"inLanguage":"lv-LV","potentialAction":[{"@type":"ReadAction","target":["https:\/\/jackpotlotteryonline.com\/lv\/iegadaties-biletes\/"]}]},{"@type":"ImageObject","inLanguage":"lv-LV","@id":"https:\/\/jackpotlotteryonline.com\/lv\/iegadaties-biletes\/#primaryimage","url":"http:\/\/jackpotlotteryonline.com\/wp-content\/uploads\/2022\/10\/1_buy_ticket_online.jpg","contentUrl":"http:\/\/jackpotlotteryonline.com\/wp-content\/uploads\/2022\/10\/1_buy_ticket_online.jpg"},{"@type":"BreadcrumbList","@id":"https:\/\/jackpotlotteryonline.com\/lv\/iegadaties-biletes\/#breadcrumb","itemListElement":[{"@type":"ListItem","position":1,"name":"Home","item":"https:\/\/jackpotlotteryonline.com\/lv\/"},{"@type":"ListItem","position":2,"name":"K\u0101 nopirkt loterijas bi\u013cetes tie\u0161saist\u0113"}]},{"@type":"WebSite","@id":"https:\/\/jackpotlotteryonline.com\/#website","url":"https:\/\/jackpotlotteryonline.com\/","name":"Lotto Online - Crack The International Lottery Jackpots","description":"","potentialAction":[{"@type":"SearchAction","target":{"@type":"EntryPoint","urlTemplate":"https:\/\/jackpotlotteryonline.com\/?s={search_term_string}"},"query-input":"required name=search_term_string"}],"inLanguage":"lv-LV"}]}},"_links":{"self":[{"href":"https:\/\/jackpotlotteryonline.com\/lv\/wp-json\/wp\/v2\/pages\/35766","targetHints":{"allow":["GET"]}}],"collection":[{"href":"https:\/\/jackpotlotteryonline.com\/lv\/wp-json\/wp\/v2\/pages"}],"about":[{"href":"https:\/\/jackpotlotteryonline.com\/lv\/wp-json\/wp\/v2\/types\/page"}],"author":[{"embeddable":true,"href":"https:\/\/jackpotlotteryonline.com\/lv\/wp-json\/wp\/v2\/users\/1"}],"replies":[{"embeddable":true,"href":"https:\/\/jackpotlotteryonline.com\/lv\/wp-json\/wp\/v2\/comments?post=35766"}],"version-history":[{"count":0,"href":"https:\/\/jackpotlotteryonline.com\/lv\/wp-json\/wp\/v2\/pages\/35766\/revisions"}],"wp:attachment":[{"href":"https:\/\/jackpotlotteryonline.com\/lv\/wp-json\/wp\/v2\/media?parent=35766"}],"curies":[{"name":"wp","href":"https:\/\/api.w.org\/{rel}","templated":true}]}}