{"id":35840,"date":"2022-11-02T07:14:42","date_gmt":"2022-11-02T07:14:42","guid":{"rendered":"https:\/\/jackpotlotteryonline.com\/?page_id=35840"},"modified":"2022-12-26T08:11:26","modified_gmt":"2022-12-26T08:11:26","slug":"laimejusie-skaitli","status":"publish","type":"page","link":"https:\/\/jackpotlotteryonline.com\/lv\/laimejusie-skaitli\/","title":{"rendered":"Loterijas rezult\u0101ti"},"content":{"rendered":"<h2>Loterijas rezult\u0101ti tie\u0161saist\u0113<\/h2>\n<p>\u0145emot v\u0113r\u0101, ka ir pieejams tik pla\u0161s loteriju kl\u0101sts, un to, ka m\u016bsdien\u0101s mums visiem ir viegli piek\u013c\u016bt internetam, daudzi cilv\u0113ki izv\u0113las \u0101tri p\u0101rbaud\u012bt loterijas rezult\u0101tus tie\u0161saist\u0113. Ja esat ieg\u0101d\u0101jies loterijas bi\u013ceti, tad j\u016bs noteikti v\u0113laties uzzin\u0101t, k\u0101di ir konkr\u0113t\u0101s izlozes laim\u012bgie skait\u013ci.<strong> Tagad starptautisko loteriju d\u017eekpotu rezult\u0101tus tie\u0161saist\u0113 var viegli p\u0101rbaud\u012bt da\u017eu sekun\u017eu laik\u0101.<\/strong><\/p>\n<p>\u0160is pakalpojums ir pieejams vis\u0101 pasaul\u0113, t\u0101p\u0113c neatkar\u012bgi no t\u0101, kur j\u016bs atrodaties &#8211; atva\u013cin\u0101jum\u0101, komand\u0113jum\u0101 \u0101rzem\u0113s vai vienk\u0101r\u0161i darb\u0101 vai draugu komp\u0101nij\u0101 -, jums vairs nav j\u0101\u0161\u0137irst\u0101s pa viet\u0113j\u0101m av\u012bz\u0113m vai j\u0101gaida da\u017eas dienas, lai uzzin\u0101tu, vai esat laim\u0113jis d\u017eekpotu. Tagad j\u016bs varat vienk\u0101r\u0161i apmekl\u0113t m\u016bsu t\u012bmek\u013ca vietni un izv\u0113l\u0113ties loterijas, uz kuru esat uzliku\u0161i likmi, rezult\u0101tus, un \u0101tri uzzin\u0101t, vai jums ir laimesti k\u0101di skait\u013ci.<\/p>\n<section class=\"layout\" style=\"border: solid 1px; width: 100%;\">\n<div class=\"img-div\" style=\"margin-top: 5px;\"><img decoding=\"async\" class=\"wp-image-17212 alignleft\" style=\"height: 45px; margin: 8px 8px 0px;\" src=\"https:\/\/jackpotlotteryonline.com\/wp-content\/uploads\/2022\/11\/read1.jpg\" alt=\"las\u012bt\" width=\"\" height=\"\" \/><\/div>\n<div style=\"padding-left: 5px;\">\n<div style=\"font-size: 1.1em;\">\n<p><strong>Skatieties, k\u0101 izlozes numuri tiek izloz\u0113ti tie\u0161raid\u0113<\/strong><\/p>\n<p style=\"font-size: 0.85em; margin-top: -1.5em;\">K\u0101 skat\u012bties savu iecien\u012bt\u0101ko loteriju tie\u0161raides izlozes\u00a0<a href=\"https:\/\/jackpotlotteryonline.com\/lv\/skatieties-ka-izlozes-numuri-tiek-izlozeti-dzivaja\"> las\u012bt vair\u0101k<\/a><\/p>\n<\/div>\n<\/div>\n<\/section>\n<h2>Starptautiskie d\u017eekpotu vinn\u0113jo\u0161ie loto skait\u013ci<\/h2>\n<p>P\u0101rbaudiet \u0161\u012bs ned\u0113\u013cas laim\u0113ju\u0161os loto numurus liel\u0101kajiem starptautisko loteriju d\u017eekpotiem, kas katru dienu tiek atjaunin\u0101ti m\u016bsu vietn\u0113. M\u0113s uzskait\u0101m lab\u0101kos un liel\u0101kos plan\u0113tas loto, tostarp El Gordo, Euromillions, Mega Millions, Powerball, SuperEnaLotto un daudzus citus.<br \/>\n<img loading=\"lazy\" decoding=\"async\" class=\"alignright size-medium wp-image-19277\" src=\"https:\/\/jackpotlotteryonline.com\/wp-content\/uploads\/2022\/10\/2_ticket_powerball_au2-163x300.jpg\" alt=\"Loterijas bi\u013ce\u0161u sken\u0113\u0161ana\" width=\"163\" height=\"300\" srcset=\"https:\/\/jackpotlotteryonline.com\/wp-content\/uploads\/2022\/10\/2_ticket_powerball_au2-163x300.jpg 163w, https:\/\/jackpotlotteryonline.com\/wp-content\/uploads\/2022\/10\/2_ticket_powerball_au2.jpg 250w\" sizes=\"auto, (max-width: 163px) 100vw, 163px\" \/><\/p>\n<p><strong>J\u016bs, iesp\u0113jams, dom\u0101jat, ka liel\u0101ko da\u013cu no \u0161\u012bm loterij\u0101m nevarat sp\u0113l\u0113t, ta\u010du t\u0101 nav taisn\u012bba!<\/strong> M\u016bsdien\u0101s gandr\u012bz jebkuras loterijas <a href=\"https:\/\/jackpotlotteryonline.com\/lv\/iegadaties-biletes\">bi\u013cetes ir viegli ieg\u0101d\u0101ties tie\u0161saist\u0113<\/a>. Tas noz\u012bm\u0113, ka jums nav j\u0101dz\u012bvo valst\u012b, kur\u0101 notiek loterija.<\/p>\n<p><strong>Tas ir iesp\u0113jams, pateicoties m\u016bsu sniegtajam pakalpojumam.<\/strong><\/p>\n<p>Vienk\u0101r\u0161i noklik\u0161\u0137iniet uz jebkuras no iepriek\u0161 min\u0113taj\u0101m <a href=\"https:\/\/jackpotlotteryonline.com\/lv\/ka-spelet\">pog\u0101m &#8220;Sp\u0113l\u0113t&#8221;<\/a>, un j\u016bs tiksiet p\u0101rcelts uz konkr\u0113t\u0101s loterijas numuru atlases lapu. Izv\u0113lieties numurus, re\u0123istr\u0113jieties un samaks\u0101jiet tie\u0161saist\u0113 &#8211; tas ir tik vienk\u0101r\u0161i! Uzreiz p\u0113c pirkuma pabeig\u0161anas j\u016bs sa\u0146emsiet apstiprin\u0101jumu par savu person\u012bgo bi\u013ceti, bet nedaudz v\u0113l\u0101k &#8211; bi\u013cetes sken\u0113jumu. M\u0113s ar\u012b p\u0101rliecin\u0101simies, ka jums tiek izmaks\u0101ta laim\u0113t\u0101 summa. Bie\u017ei vien \u0161ie pasaules m\u0113roga d\u017eekpoti var b\u016bt 100 rei\u017eu liel\u0101ki nek\u0101 j\u016bsu viet\u0113j\u0101s loterijas laimesti, t\u0101p\u0113c ko j\u016bs v\u0113l gaid\u0101t? Izv\u0113lieties!<\/p>\n<h2>P\u0101rbaudiet, vai esat vinn\u0113jis &#8211; sal\u012bdziniet savu bi\u013ceti ar laimestu numuriem.<\/h2>\n<p>J\u016bs ne tikai varat p\u0101rbaud\u012bt loterijas rezult\u0101tus tie\u0161saist\u0113 no sava kl\u0113pjdatora, stacion\u0101r\u0101 datora vai pat iPhone m\u0101j\u0101s vai biroj\u0101, bet ar\u012b uzreiz vien\u0101 lap\u0101 varat p\u0101rbaud\u012bt daudzu loteriju rezult\u0101tus.<\/p>\n<p>P\u0113c katras izlozes izlozes rezult\u0101ti tiek atjaunin\u0101ti re\u0101llaik\u0101. Tas noz\u012bm\u0113, ka starptautisko d\u017eekpotu rezult\u0101ti tie\u0161saist\u0113 ir pieejami vai j\u016bs tiem varat piek\u013c\u016bt mirkli p\u0113c izlozes.<br \/>\n<img loading=\"lazy\" decoding=\"async\" class=\"alignright wp-image-19599\" src=\"https:\/\/jackpotlotteryonline.com\/wp-content\/uploads\/2022\/10\/1_balls_draw_lotto_numbers-200x300.jpg\" alt=\"Loterijas laim\u0113ju\u0161ie skait\u013ci\" width=\"154\" height=\"231\" srcset=\"https:\/\/jackpotlotteryonline.com\/wp-content\/uploads\/2022\/10\/1_balls_draw_lotto_numbers-200x300.jpg 200w, https:\/\/jackpotlotteryonline.com\/wp-content\/uploads\/2022\/10\/1_balls_draw_lotto_numbers.jpg 320w\" sizes=\"auto, (max-width: 154px) 100vw, 154px\" \/><\/p>\n<p>Ja esat izv\u0113l\u0113jies ieg\u0101d\u0101ties loto bi\u013ceti tie\u0161saist\u0113, neatkar\u012bgi no t\u0101, k\u0101da veida loto t\u0101 ir, p\u0101rbaud\u012bt loterijas rezult\u0101tus tie\u0161saist\u0113 \u0161eit, m\u016bsu vietn\u0113, ir v\u0113l vienk\u0101r\u0161\u0101k. Tas ir t\u0101p\u0113c, ka br\u012bd\u012b, kad j\u016bs ievietojat savu loto bi\u013ceti tie\u0161saist\u0113, jums b\u016bs j\u0101ievada sava e-pasta adrese. T\u0101 ir nepiecie\u0161ama ne tikai, lai j\u016bs var\u0113tu atv\u0113rt kontu un sp\u0113l\u0113t, bet ar\u012b, lai j\u016bs var\u0113tu sa\u0146emt pazi\u0146ojumu par laimestu.<\/p>\n<p>P\u0113c loto izlozes izlozes jums autom\u0101tiski pa e-pastu tiks pazi\u0146ots, vai esat sakritis ar skait\u013ciem, kas var b\u016bt vinn\u0113ju\u0161i jums naudas balvu. Vienk\u0101r\u0161i p\u0101rbaudiet savu e-pasta ies\u016btni.<\/p>\n<p>Turkl\u0101t, ja esat ieg\u0101d\u0101jies loterijas bi\u013ceti \u0161eit tie\u0161saist\u0113, varat pieteikties sav\u0101 klienta kont\u0101, un rezult\u0101ti b\u016bs redzami tie\u0161i blakus j\u016bsu bi\u013cetei, lai tos var\u0113tu sal\u012bdzin\u0101t. J\u016bsu bi\u013cetes skait\u013ci, kas atbilst izlozes rezult\u0101tiem, tiks izcelti. Tas ir tik \u0113rti, cik vien iesp\u0113jams!<\/p>\n<p>T\u0101 k\u0101 ir tik daudz lielisku priek\u0161roc\u012bbu un \u0113rtu funkciju, piem\u0113ram, iesp\u0113ja \u0101tri p\u0101rbaud\u012bt loterijas rezult\u0101tus tie\u0161saist\u0113, <strong>daudzi cilv\u0113ki tagad izv\u0113las pirkt loto bi\u013cetes tie\u0161saist\u0113, nevis veikalos.<\/strong><\/p>\n","protected":false},"excerpt":{"rendered":"<p>Loterijas rezult\u0101ti tie\u0161saist\u0113 \u0145emot v\u0113r\u0101, ka ir pieejams tik pla\u0161s loteriju kl\u0101sts, un to, ka m\u016bsdien\u0101s mums visiem ir viegli piek\u013c\u016bt internetam, daudzi cilv\u0113ki izv\u0113las \u0101tri p\u0101rbaud\u012bt loterijas rezult\u0101tus tie\u0161saist\u0113. Ja esat ieg\u0101d\u0101jies loterijas bi\u013ceti, tad j\u016bs noteikti v\u0113laties uzzin\u0101t, k\u0101di ir konkr\u0113t\u0101s izlozes laim\u012bgie skait\u013ci. Tagad starptautisko loteriju d\u017eekpotu rezult\u0101tus tie\u0161saist\u0113 var viegli p\u0101rbaud\u012bt [&hellip;]<\/p>\n","protected":false},"author":1,"featured_media":0,"parent":0,"menu_order":4,"comment_status":"closed","ping_status":"closed","template":"Results.php","meta":{"_et_pb_use_builder":"","_et_pb_old_content":"","_et_gb_content_width":"","exclude_from_search":false,"footnotes":""},"class_list":["post-35840","page","type-page","status-publish","hentry"],"yoast_head":"<!-- This site is optimized with the Yoast SEO plugin v23.3 - https:\/\/yoast.com\/wordpress\/plugins\/seo\/ -->\n<title>Starptautisko loto d\u017eekpotu laim\u0113ju\u0161ie skait\u013ci un rezult\u0101ti<\/title>\n<meta name=\"description\" content=\"\u0160\u012b lapa par\u0101da rezult\u0101tus un laim\u0113ju\u0161os numurus liel\u0101kaj\u0101 da\u013c\u0101 starptautisko d\u017eekpotu tie\u0161saistes loteriju\" \/>\n<meta name=\"robots\" content=\"index, follow, max-snippet:-1, max-image-preview:large, max-video-preview:-1\" \/>\n<link rel=\"canonical\" href=\"https:\/\/jackpotlotteryonline.com\/winning-numbers\/\" \/>\n<meta property=\"og:locale\" content=\"lv_LV\" \/>\n<meta property=\"og:type\" content=\"article\" \/>\n<meta property=\"og:title\" content=\"Starptautisko loto d\u017eekpotu laim\u0113ju\u0161ie skait\u013ci un rezult\u0101ti\" \/>\n<meta property=\"og:description\" content=\"\u0160\u012b lapa par\u0101da rezult\u0101tus un laim\u0113ju\u0161os numurus liel\u0101kaj\u0101 da\u013c\u0101 starptautisko d\u017eekpotu tie\u0161saistes loteriju\" \/>\n<meta property=\"og:url\" content=\"https:\/\/jackpotlotteryonline.com\/winning-numbers\/\" \/>\n<meta property=\"og:site_name\" content=\"Lotto Online - Crack The International Lottery Jackpots\" \/>\n<meta property=\"article:modified_time\" content=\"2022-12-26T08:11:26+00:00\" \/>\n<meta property=\"og:image\" content=\"https:\/\/jackpotlotteryonline.com\/wp-content\/uploads\/2022\/11\/read1.jpg\" \/>\n<meta name=\"twitter:card\" content=\"summary_large_image\" \/>\n<meta name=\"twitter:label1\" content=\"Est. reading time\" \/>\n\t<meta name=\"twitter:data1\" content=\"3 minutes\" \/>\n<!-- \/ Yoast SEO plugin. -->","yoast_head_json":{"title":"Starptautisko loto d\u017eekpotu laim\u0113ju\u0161ie skait\u013ci un rezult\u0101ti","description":"\u0160\u012b lapa par\u0101da rezult\u0101tus un laim\u0113ju\u0161os numurus liel\u0101kaj\u0101 da\u013c\u0101 starptautisko d\u017eekpotu tie\u0161saistes loteriju","robots":{"index":"index","follow":"follow","max-snippet":"max-snippet:-1","max-image-preview":"max-image-preview:large","max-video-preview":"max-video-preview:-1"},"canonical":"https:\/\/jackpotlotteryonline.com\/winning-numbers\/","og_locale":"lv_LV","og_type":"article","og_title":"Starptautisko loto d\u017eekpotu laim\u0113ju\u0161ie skait\u013ci un rezult\u0101ti","og_description":"\u0160\u012b lapa par\u0101da rezult\u0101tus un laim\u0113ju\u0161os numurus liel\u0101kaj\u0101 da\u013c\u0101 starptautisko d\u017eekpotu tie\u0161saistes loteriju","og_url":"https:\/\/jackpotlotteryonline.com\/winning-numbers\/","og_site_name":"Lotto Online - Crack The International Lottery Jackpots","article_modified_time":"2022-12-26T08:11:26+00:00","og_image":[{"url":"https:\/\/jackpotlotteryonline.com\/wp-content\/uploads\/2022\/11\/read1.jpg"}],"twitter_card":"summary_large_image","twitter_misc":{"Est. reading time":"3 minutes"},"schema":{"@context":"https:\/\/schema.org","@graph":[{"@type":"WebPage","@id":"https:\/\/jackpotlotteryonline.com\/winning-numbers\/","url":"https:\/\/jackpotlotteryonline.com\/winning-numbers\/","name":"Starptautisko loto d\u017eekpotu laim\u0113ju\u0161ie skait\u013ci un rezult\u0101ti","isPartOf":{"@id":"https:\/\/jackpotlotteryonline.com\/#website"},"primaryImageOfPage":{"@id":"https:\/\/jackpotlotteryonline.com\/winning-numbers\/#primaryimage"},"image":{"@id":"https:\/\/jackpotlotteryonline.com\/winning-numbers\/#primaryimage"},"thumbnailUrl":"https:\/\/jackpotlotteryonline.com\/wp-content\/uploads\/2022\/11\/read1.jpg","datePublished":"2022-11-02T07:14:42+00:00","dateModified":"2022-12-26T08:11:26+00:00","description":"\u0160\u012b lapa par\u0101da rezult\u0101tus un laim\u0113ju\u0161os numurus liel\u0101kaj\u0101 da\u013c\u0101 starptautisko d\u017eekpotu tie\u0161saistes loteriju","breadcrumb":{"@id":"https:\/\/jackpotlotteryonline.com\/winning-numbers\/#breadcrumb"},"inLanguage":"lv-LV","potentialAction":[{"@type":"ReadAction","target":["https:\/\/jackpotlotteryonline.com\/winning-numbers\/"]}]},{"@type":"ImageObject","inLanguage":"lv-LV","@id":"https:\/\/jackpotlotteryonline.com\/winning-numbers\/#primaryimage","url":"https:\/\/jackpotlotteryonline.com\/wp-content\/uploads\/2022\/11\/read1.jpg","contentUrl":"https:\/\/jackpotlotteryonline.com\/wp-content\/uploads\/2022\/11\/read1.jpg"},{"@type":"BreadcrumbList","@id":"https:\/\/jackpotlotteryonline.com\/winning-numbers\/#breadcrumb","itemListElement":[{"@type":"ListItem","position":1,"name":"Home","item":"https:\/\/jackpotlotteryonline.com\/lv\/"},{"@type":"ListItem","position":2,"name":"Loterijas rezult\u0101ti"}]},{"@type":"WebSite","@id":"https:\/\/jackpotlotteryonline.com\/#website","url":"https:\/\/jackpotlotteryonline.com\/","name":"Lotto Online - Crack The International Lottery Jackpots","description":"","potentialAction":[{"@type":"SearchAction","target":{"@type":"EntryPoint","urlTemplate":"https:\/\/jackpotlotteryonline.com\/?s={search_term_string}"},"query-input":"required name=search_term_string"}],"inLanguage":"lv-LV"}]}},"_links":{"self":[{"href":"https:\/\/jackpotlotteryonline.com\/lv\/wp-json\/wp\/v2\/pages\/35840","targetHints":{"allow":["GET"]}}],"collection":[{"href":"https:\/\/jackpotlotteryonline.com\/lv\/wp-json\/wp\/v2\/pages"}],"about":[{"href":"https:\/\/jackpotlotteryonline.com\/lv\/wp-json\/wp\/v2\/types\/page"}],"author":[{"embeddable":true,"href":"https:\/\/jackpotlotteryonline.com\/lv\/wp-json\/wp\/v2\/users\/1"}],"replies":[{"embeddable":true,"href":"https:\/\/jackpotlotteryonline.com\/lv\/wp-json\/wp\/v2\/comments?post=35840"}],"version-history":[{"count":0,"href":"https:\/\/jackpotlotteryonline.com\/lv\/wp-json\/wp\/v2\/pages\/35840\/revisions"}],"wp:attachment":[{"href":"https:\/\/jackpotlotteryonline.com\/lv\/wp-json\/wp\/v2\/media?parent=35840"}],"curies":[{"name":"wp","href":"https:\/\/api.w.org\/{rel}","templated":true}]}}