{"id":35892,"date":"2022-11-02T09:24:05","date_gmt":"2022-11-02T09:24:05","guid":{"rendered":"https:\/\/jackpotlotteryonline.com\/?page_id=35892"},"modified":"2022-12-19T09:15:26","modified_gmt":"2022-12-19T09:15:26","slug":"powerball","status":"publish","type":"page","link":"https:\/\/jackpotlotteryonline.com\/lv\/ka-spelet\/powerball\/","title":{"rendered":"Powerball ASV"},"content":{"rendered":"<h2>Powerball loterijas d\u017eekpots tie\u0161saist\u0113<\/h2>\n<p><img loading=\"lazy\" decoding=\"async\" class=\"alignright size-full wp-image-19358\" src=\"https:\/\/jackpotlotteryonline.com\/wp-content\/uploads\/2022\/10\/2_ticket_powerball3.jpg\" alt=\"Powerball bi\u013cete\" width=\"180\" height=\"194\" \/><\/p>\n<p>J\u016bs apskat\u0101t vienu no vec\u0101kaj\u0101m un liel\u0101kaj\u0101m ASV loterij\u0101m. Powerball loterijas d\u017eekpotu pied\u0101v\u0101 41 ASV \u0161tata izveidot\u0101 vair\u0101ku \u0161tatu loterijas komisija. T\u0101 darbojas visos ASV \u0161tatos (ieskaitot Vird\u017e\u012bnu salas un Kolumbijas apgabalu), iz\u0146emot asto\u0146us (Nevada, Kalifornija, J\u016bta, Misisipi, Misisipi, Vaiominga, Alabama, Havaju salas un A\u013caska).<\/p>\n<p>Powerball loterijas d\u017eekpots tie\u0161saist\u0113 vair\u0101kk\u0101rt ir p\u0101rsniedzis 300 miljonu ASV dol\u0101ru d\u017eekpota summu, un l\u012bdz \u0161im liel\u0101kais d\u017eekpots bija 1500 miljoni ASV dol\u0101ru. Parasti d\u017eekpoti s\u0101kas no 20 miljoniem ASV dol\u0101ru un katru reizi, kad d\u017eekpots nav laim\u0113ts, palielin\u0101s vismaz par 5 miljoniem ASV dol\u0101ru.<\/p>\n<section class=\"layout\" style=\"border: solid 1px; width: 100%;\">\n<div class=\"img-div\" style=\"margin-top: 5px;\"><img decoding=\"async\" class=\"wp-image-17212 alignleft\" style=\"height: 45px; margin: 8px 8px 0px;\" src=\"https:\/\/jackpotlotteryonline.com\/wp-content\/uploads\/2022\/11\/read1.jpg\" alt=\"liel\u0101kais loto d\u017eekpots\" width=\"\" height=\"\" \/><\/div>\n<div style=\"padding-left: 5px;\">\n<div style=\"font-size: 1.1em;\">\n<p><strong>V\u0113sturiski rekordaugstie loterijas d\u017eekpoti<\/strong><\/p>\n<p style=\"font-size: 0.85em; margin-top: -1.5em;\">Liel\u0101kie loto d\u017eekpoti v\u0113stur\u0113 liks jums izv\u0113din\u0101t galvu. <a href=\"https:\/\/jackpotlotteryonline.com\/lv\/lielakie-loto-dzekpoti-vesture\">las\u012bt vair\u0101k<\/a><\/p>\n<\/div>\n<\/div>\n<\/section>\n<h2>K\u0101 sp\u0113l\u0113t Powerball loteriju<\/h2>\n<p>J\u016bs varat <strong>viegli <a href=\"https:\/\/jackpotlotteryonline.com\/lv\/iegadaties-biletes\/powerball\">ieg\u016bt loterijas bi\u013ceti tie\u0161saist\u0113<\/a>, izmantojot m\u016bsu t\u012bmek\u013ca vietni. Lai sp\u0113l\u0113tu un vinn\u0113tu Powerball loterijas d\u017eekpotu<\/strong>, jums nav j\u0101b\u016bt ASV pilsonim &#8211; j\u016bs varat dz\u012bvot \u0101rpus ASV, ta\u010du jums j\u0101b\u016bt vismaz 18 gadus vecam. Viss, kas jums j\u0101dara, ir j\u0101noklik\u0161\u0137ina uz viena no loterijas baneriem, j\u0101re\u0123istr\u0113jas, j\u0101apliecina sevi un j\u0101veic maks\u0101jums. M\u0113s par visu p\u0101r\u0113jo par\u016bp\u0113simies, kad j\u016bs veiksiet pas\u016bt\u012bjumu. Bi\u013ce\u0161u ieg\u0101de, pieg\u0101de un pal\u012bdz\u012bba naudas lo\u0123istikas jaut\u0101jumos ir jomas, kur\u0101s varat sa\u0146emt pal\u012bdz\u012bbu.<br \/>\n<img loading=\"lazy\" decoding=\"async\" class=\"alignright size-full wp-image-18167\" src=\"https:\/\/jackpotlotteryonline.com\/wp-content\/uploads\/2022\/10\/powerball_globe_logo.png\" alt=\"sp\u0113l\u0113jiet powerball tie\u0161saist\u0113\" width=\"200\" height=\"212\" \/><\/p>\n<p>Lai laim\u0113tu Powerball loterijas d\u017eekpotu, jums ir pareizi j\u0101atmin pieci skait\u013ci no 59, k\u0101 ar\u012b Powerball skaitlis no 1 l\u012bdz 39. Ir devi\u0146i veidi, k\u0101 vinn\u0113t, un j\u016bs jau sa\u0146emat vienu cenu, ja tr\u0101p\u012bsiet Powerball skaitli.<\/p>\n<p><a href=\"https:\/\/jackpotlotteryonline.com\/lv\/iegadaties-biletes\/powerball\">Powerball loterijas d\u017eekpots<\/a> tie\u0161saist\u0113 ir tradicion\u0101l\u0101 divu k\u0101r\u0161u loterijas sp\u0113le. Vien\u0101 cilindr\u0101 ir 59 baltas bumbi\u0146as, bet otr\u0101 cilindr\u0101 ir 39 sarkanas bumbi\u0146as. Jums b\u016bs j\u0101izv\u0113las 5 baltas un viena sarkana bumbi\u0146a. Bumbas var izv\u0113l\u0113ties p\u0113c nejau\u0161\u012bbas principa, un izv\u0113les sec\u012bbai nav nek\u0101das ietekmes uz rezult\u0101tu.<\/p>\n<p>Noteikti Powerball loterijas d\u017eekpota sp\u0113l\u0113\u0161anai tie\u0161saist\u0113 ir savas priek\u0161roc\u012bbas, un, pateicoties t\u0101s lieliskaj\u0101m laimesta izredz\u0113m, p\u0113c \u0161\u012bs loterijas ir liels piepras\u012bjums.<\/p>\n<h2>Ir pien\u0101cis laiks izm\u0113\u0123in\u0101t savu veiksmi Powerball sp\u0113l\u0113.<\/h2>\n<p>Ja esat cilv\u0113ks, kuram pat\u012bk izm\u0113\u0123in\u0101t veiksmi azartsp\u0113l\u0113s, Powerball loterija noteikti ir \u012bst\u0101 vieta, kur s\u0101kt. M\u016bsu vietn\u0113 ir pieejama daudz pla\u0161\u0101ka inform\u0101cija, kas var pal\u012bdz\u0113t jums izlemt, kurus skait\u013cus izv\u0113l\u0113ties un sp\u0113l\u0113t.<\/p>\n<p>Daudzi cilv\u0113ki dom\u0101, ka loterija ir nejau\u0161\u012bbas sp\u0113le. Ta\u010du, kad vi\u0146i saprat\u012bs, k\u0101 darbojas Powerball loterija, vi\u0146i, iesp\u0113jams, dom\u0101s nedaudz sav\u0101d\u0101k. <strong>Daudzi jau ir uzvar\u0113ju\u0161i Powerball loterij\u0101, un nav iemesla, k\u0101p\u0113c j\u016bs nevar\u0113tu b\u016bt viens no vi\u0146iem. S\u0101ciet tagad&#8230;!<\/strong><\/p>\n","protected":false},"excerpt":{"rendered":"<p>Powerball loterijas d\u017eekpots tie\u0161saist\u0113 J\u016bs apskat\u0101t vienu no vec\u0101kaj\u0101m un liel\u0101kaj\u0101m ASV loterij\u0101m. Powerball loterijas d\u017eekpotu pied\u0101v\u0101 41 ASV \u0161tata izveidot\u0101 vair\u0101ku \u0161tatu loterijas komisija. T\u0101 darbojas visos ASV \u0161tatos (ieskaitot Vird\u017e\u012bnu salas un Kolumbijas apgabalu), iz\u0146emot asto\u0146us (Nevada, Kalifornija, J\u016bta, Misisipi, Misisipi, Vaiominga, Alabama, Havaju salas un A\u013caska). Powerball loterijas d\u017eekpots tie\u0161saist\u0113 vair\u0101kk\u0101rt ir [&hellip;]<\/p>\n","protected":false},"author":1,"featured_media":0,"parent":35705,"menu_order":1,"comment_status":"closed","ping_status":"closed","template":"powerball-usa.php","meta":{"_et_pb_use_builder":"","_et_pb_old_content":"","_et_gb_content_width":"","exclude_from_search":false,"footnotes":""},"class_list":["post-35892","page","type-page","status-publish","hentry"],"yoast_head":"<!-- This site is optimized with the Yoast SEO plugin v23.3 - https:\/\/yoast.com\/wordpress\/plugins\/seo\/ -->\n<title>Sp\u0113l\u0113jiet Powerball loteriju tie\u0161saist\u0113 \u0101rpus ASV<\/title>\n<meta name=\"description\" content=\"Powerball loterija ir viena no vec\u0101kaj\u0101m ASV loterij\u0101m - izlasiet \u0161o, lai uzzin\u0101tu, k\u0101 j\u016bs varat sp\u0113l\u0113t tie\u0161saist\u0113 un no valsts \u0101rpus ASV jau \u0161odien!\" \/>\n<meta name=\"robots\" content=\"index, follow, max-snippet:-1, max-image-preview:large, max-video-preview:-1\" \/>\n<link rel=\"canonical\" href=\"https:\/\/jackpotlotteryonline.com\/play-online\/powerball\/\" \/>\n<meta property=\"og:locale\" content=\"lv_LV\" \/>\n<meta property=\"og:type\" content=\"article\" \/>\n<meta property=\"og:title\" content=\"Sp\u0113l\u0113jiet Powerball loteriju tie\u0161saist\u0113 \u0101rpus ASV\" \/>\n<meta property=\"og:description\" content=\"Powerball loterija ir viena no vec\u0101kaj\u0101m ASV loterij\u0101m - izlasiet \u0161o, lai uzzin\u0101tu, k\u0101 j\u016bs varat sp\u0113l\u0113t tie\u0161saist\u0113 un no valsts \u0101rpus ASV jau \u0161odien!\" \/>\n<meta property=\"og:url\" content=\"https:\/\/jackpotlotteryonline.com\/play-online\/powerball\/\" \/>\n<meta property=\"og:site_name\" content=\"Lotto Online - Crack The International Lottery Jackpots\" \/>\n<meta property=\"article:modified_time\" content=\"2022-12-19T09:15:26+00:00\" \/>\n<meta property=\"og:image\" content=\"https:\/\/jackpotlotteryonline.com\/wp-content\/uploads\/2022\/10\/2_ticket_powerball3.jpg\" \/>\n<meta name=\"twitter:card\" content=\"summary_large_image\" \/>\n<meta name=\"twitter:label1\" content=\"Est. reading time\" \/>\n\t<meta name=\"twitter:data1\" content=\"2 minutes\" \/>\n<!-- \/ Yoast SEO plugin. -->","yoast_head_json":{"title":"Sp\u0113l\u0113jiet Powerball loteriju tie\u0161saist\u0113 \u0101rpus ASV","description":"Powerball loterija ir viena no vec\u0101kaj\u0101m ASV loterij\u0101m - izlasiet \u0161o, lai uzzin\u0101tu, k\u0101 j\u016bs varat sp\u0113l\u0113t tie\u0161saist\u0113 un no valsts \u0101rpus ASV jau \u0161odien!","robots":{"index":"index","follow":"follow","max-snippet":"max-snippet:-1","max-image-preview":"max-image-preview:large","max-video-preview":"max-video-preview:-1"},"canonical":"https:\/\/jackpotlotteryonline.com\/play-online\/powerball\/","og_locale":"lv_LV","og_type":"article","og_title":"Sp\u0113l\u0113jiet Powerball loteriju tie\u0161saist\u0113 \u0101rpus ASV","og_description":"Powerball loterija ir viena no vec\u0101kaj\u0101m ASV loterij\u0101m - izlasiet \u0161o, lai uzzin\u0101tu, k\u0101 j\u016bs varat sp\u0113l\u0113t tie\u0161saist\u0113 un no valsts \u0101rpus ASV jau \u0161odien!","og_url":"https:\/\/jackpotlotteryonline.com\/play-online\/powerball\/","og_site_name":"Lotto Online - Crack The International Lottery Jackpots","article_modified_time":"2022-12-19T09:15:26+00:00","og_image":[{"url":"https:\/\/jackpotlotteryonline.com\/wp-content\/uploads\/2022\/10\/2_ticket_powerball3.jpg"}],"twitter_card":"summary_large_image","twitter_misc":{"Est. reading time":"2 minutes"},"schema":{"@context":"https:\/\/schema.org","@graph":[{"@type":"WebPage","@id":"https:\/\/jackpotlotteryonline.com\/play-online\/powerball\/","url":"https:\/\/jackpotlotteryonline.com\/play-online\/powerball\/","name":"Sp\u0113l\u0113jiet Powerball loteriju tie\u0161saist\u0113 \u0101rpus ASV","isPartOf":{"@id":"https:\/\/jackpotlotteryonline.com\/#website"},"primaryImageOfPage":{"@id":"https:\/\/jackpotlotteryonline.com\/play-online\/powerball\/#primaryimage"},"image":{"@id":"https:\/\/jackpotlotteryonline.com\/play-online\/powerball\/#primaryimage"},"thumbnailUrl":"https:\/\/jackpotlotteryonline.com\/wp-content\/uploads\/2022\/10\/2_ticket_powerball3.jpg","datePublished":"2022-11-02T09:24:05+00:00","dateModified":"2022-12-19T09:15:26+00:00","description":"Powerball loterija ir viena no vec\u0101kaj\u0101m ASV loterij\u0101m - izlasiet \u0161o, lai uzzin\u0101tu, k\u0101 j\u016bs varat sp\u0113l\u0113t tie\u0161saist\u0113 un no valsts \u0101rpus ASV jau \u0161odien!","breadcrumb":{"@id":"https:\/\/jackpotlotteryonline.com\/play-online\/powerball\/#breadcrumb"},"inLanguage":"lv-LV","potentialAction":[{"@type":"ReadAction","target":["https:\/\/jackpotlotteryonline.com\/play-online\/powerball\/"]}]},{"@type":"ImageObject","inLanguage":"lv-LV","@id":"https:\/\/jackpotlotteryonline.com\/play-online\/powerball\/#primaryimage","url":"https:\/\/jackpotlotteryonline.com\/wp-content\/uploads\/2022\/10\/2_ticket_powerball3.jpg","contentUrl":"https:\/\/jackpotlotteryonline.com\/wp-content\/uploads\/2022\/10\/2_ticket_powerball3.jpg"},{"@type":"BreadcrumbList","@id":"https:\/\/jackpotlotteryonline.com\/play-online\/powerball\/#breadcrumb","itemListElement":[{"@type":"ListItem","position":1,"name":"Home","item":"https:\/\/jackpotlotteryonline.com\/lv\/"},{"@type":"ListItem","position":2,"name":"K\u0101 sp\u0113l\u0113t","item":"https:\/\/jackpotlotteryonline.com\/play-online\/"},{"@type":"ListItem","position":3,"name":"Powerball ASV"}]},{"@type":"WebSite","@id":"https:\/\/jackpotlotteryonline.com\/#website","url":"https:\/\/jackpotlotteryonline.com\/","name":"Lotto Online - Crack The International Lottery Jackpots","description":"","potentialAction":[{"@type":"SearchAction","target":{"@type":"EntryPoint","urlTemplate":"https:\/\/jackpotlotteryonline.com\/?s={search_term_string}"},"query-input":"required name=search_term_string"}],"inLanguage":"lv-LV"}]}},"_links":{"self":[{"href":"https:\/\/jackpotlotteryonline.com\/lv\/wp-json\/wp\/v2\/pages\/35892","targetHints":{"allow":["GET"]}}],"collection":[{"href":"https:\/\/jackpotlotteryonline.com\/lv\/wp-json\/wp\/v2\/pages"}],"about":[{"href":"https:\/\/jackpotlotteryonline.com\/lv\/wp-json\/wp\/v2\/types\/page"}],"author":[{"embeddable":true,"href":"https:\/\/jackpotlotteryonline.com\/lv\/wp-json\/wp\/v2\/users\/1"}],"replies":[{"embeddable":true,"href":"https:\/\/jackpotlotteryonline.com\/lv\/wp-json\/wp\/v2\/comments?post=35892"}],"version-history":[{"count":0,"href":"https:\/\/jackpotlotteryonline.com\/lv\/wp-json\/wp\/v2\/pages\/35892\/revisions"}],"up":[{"embeddable":true,"href":"https:\/\/jackpotlotteryonline.com\/lv\/wp-json\/wp\/v2\/pages\/35705"}],"wp:attachment":[{"href":"https:\/\/jackpotlotteryonline.com\/lv\/wp-json\/wp\/v2\/media?parent=35892"}],"curies":[{"name":"wp","href":"https:\/\/api.w.org\/{rel}","templated":true}]}}