{"id":35956,"date":"2022-11-02T12:16:36","date_gmt":"2022-11-02T12:16:36","guid":{"rendered":"https:\/\/jackpotlotteryonline.com\/?page_id=35956"},"modified":"2022-12-30T19:19:53","modified_gmt":"2022-12-30T19:19:53","slug":"mega-millions","status":"publish","type":"page","link":"https:\/\/jackpotlotteryonline.com\/lv\/ka-spelet\/mega-millions\/","title":{"rendered":"Mega Millions ASV"},"content":{"rendered":"<h2>Mega Millions tie\u0161saistes loto d\u017eekpots<\/h2>\n<p><img loading=\"lazy\" decoding=\"async\" class=\"alignright size-full wp-image-17546\" src=\"http:\/\/jackpotlotteryonline.com\/wp-content\/uploads\/2022\/10\/logo_Mega_Millions_233x110.png\" alt=\"Sp\u0113l\u0113jiet mega miljonus tie\u0161saist\u0113\" width=\"232\" height=\"110\" \/><\/p>\n<p>Mega Millions d\u017eekpota loto atrodas Mi\u010digan\u0101, ASV, un to sp\u0113l\u0113 12 ASV feder\u0101lajos \u0161tatos. T\u0101 k\u0101 izlozes tiek izloz\u0113tas katru otrdienas un piektdienas vakaru plkst. 20.00, laimesta laimestu bie\u017eums laim\u012bgajam sp\u0113l\u0113t\u0101jam var b\u016bt diezgan liels. Mega Millions bi\u013cete ir sal\u012bdzino\u0161i l\u0113ta, un l\u012bdz \u0161im liel\u0101kais izmaks\u0101tais d\u017eekpots bija vair\u0101k nek\u0101 1500 miljoni ASV dol\u0101ru.<\/p>\n<p>Ja apsverat iesp\u0113ju sp\u0113l\u0113t Mega Millions, turkl\u0101t regul\u0101ri, varat iedom\u0101ties, cik daudz laika un ener\u0123ijas ir nepiecie\u0161ams, lai divreiz ned\u0113\u013c\u0101 skrietu uz loteriju. Lab\u0101kais veids, k\u0101 nov\u0113rst sare\u017e\u0123\u012bjumus un ietaup\u012bt laiku, b\u016btu sp\u0113l\u0113t tie\u0161saist\u0113. V\u0113l nekad nav bijis tik vienk\u0101r\u0161i <a href=\"https:\/\/jackpotlotteryonline.com\/lv\/laimejusie-skaitli\/mega-millions\">ieg\u0101d\u0101ties bi\u013ceti<\/a> ar j\u016bsu iecien\u012bt\u0101kajiem skait\u013ciem un sa\u0146emt to l\u012bdz j\u016bsu durv\u012bm. Ar m\u016bsu pal\u012bdz\u012bbu Mega Millions Lotto d\u017eekpotu tie\u0161saist\u0113 var laim\u0113t ikviens vis\u0101 pasaul\u0113!<\/p>\n<h2>K\u0101 sp\u0113l\u0113t Mega Millions tie\u0161saist\u0113<\/h2>\n<p>Mega Millions loterija s\u0101kas ar 20 miljonu ASV dol\u0101ru summu un ieg\u0101ja v\u0113stur\u0113, kad sasniedza 1,5 miljardus ASV dol\u0101ru, kas ir liel\u0101kais loterijas d\u017eekpots ASV v\u0113stur\u0113! Sp\u0113l\u0113t\u0101ji var izv\u0113l\u0113ties piecus skait\u013cus no 1 l\u012bdz 56 (balt\u0101 bumbi\u0146a) un vienu t\u0101 saukto Mega skaitli no 1 l\u012bdz 46 (zelta bumbi\u0146a).<br \/>\n<img loading=\"lazy\" decoding=\"async\" class=\"alignright size-full wp-image-19115\" src=\"http:\/\/jackpotlotteryonline.com\/wp-content\/uploads\/2022\/10\/2_ticket_mega_millions3.jpg\" alt=\"mega miljonu bi\u013cetes sken\u0113\u0161ana\" width=\"180\" height=\"193\" \/><\/p>\n<p>Lai izc\u012bn\u012btu \u0161o d\u017eekpotu, jums ir pareizi j\u0101atmin visi pieci skait\u013ci un mega skaitlis. Ta\u010du pat tad, ja jums neizdosies izloz\u0113t d\u017eekpotu, jums ir labas izredzes laim\u0113t, jo vinn\u0113 1 no 40 bi\u013cet\u0113m. Ikviens piekrit\u012bs, ka t\u0101s ir \u013coti labas izredzes laim\u0113t loterij\u0101.<\/p>\n<p>D\u017eekpots tiks izmaks\u0101ts 26 ikgad\u0113jos maks\u0101jumos, ko sauc ar\u012b par rentes iesp\u0113ju, vai ar\u012b j\u016bs varat izv\u0113l\u0113ties nor\u0113\u0137inu skaidr\u0101 naud\u0101, kad jums tiks izmaks\u0101ta pa\u0161reiz\u0113j\u0101 rentes v\u0113rt\u012bba. <a href=\"http:\/\/jackpotlotteryonline.com\/lv\/laimejusie-skaitli\/mega-millions\">Izlozes<\/a> parasti notiek Aidaho (D\u017eord\u017eij\u0101), bet, kad d\u017eekpots p\u0101rsniedz 200 miljonu ASV dol\u0101ru robe\u017eu, izloze notiek Times Square (\u0145ujork\u0101).<\/p>\n<p>Lai sp\u0113l\u0113tu \u0161aj\u0101 loterij\u0101, jums j\u0101b\u016bt vismaz 18 gadus vecam, bet jums nav j\u0101b\u016bt ASV pilsonim vai iedz\u012bvot\u0101jam. Ar m\u016bsu pal\u012bdz\u012bbu j\u016bs varat sp\u0113l\u0113t \u0101rpus ASV, faktiski no jebkuras vietas pasaul\u0113. Paties\u012bb\u0101 m\u0113s ar\u012b pal\u012bdz\u0113sim jums dro\u0161i un bez probl\u0113m\u0101m sa\u0146emt laim\u0113to naudas balvu.<\/p>\n<h2>Papildu iesp\u0113jas<\/h2>\n<p>Gandr\u012bz vis\u0101s Mega Millions jurisdikcij\u0101s (42 no 43, iz\u0146emot Kaliforniju) sp\u0113l\u0113t\u0101jiem ir iesp\u0113ja aktiviz\u0113t ekstra iesp\u0113ju, ko sauc par Megaplikatoru. Megaplikators divk\u0101r\u0161o sp\u0113les likmi, un sp\u0113l\u0113t\u0101ji var reizin\u0101t ar d\u017eekpotu nesaist\u012bt\u0101s balvas ar 2,3 vai 4. Protams, \u0161eit nav j\u0101piemin, ka izredzes samazin\u0101s.<\/p>\n<p>T\u0101tad, ja uz sp\u0113les ir likts tik daudz, ir pien\u0101cis laiks apsv\u0113rt iesp\u0113ju sp\u0113l\u0113t Mega Millions, t\u0101 var \u013caut jums \u012bstenot savus sap\u0146us. Re\u0123istr\u0113jieties m\u016bsu vietn\u0113 un izm\u0113\u0123iniet sp\u0113kus l\u012bdz \u0161im liel\u0101kaj\u0101 ASV loterij\u0101.<\/p>\n<section class=\"layout\" style=\"border: solid 1px; width: 100%;\">\n<div class=\"img-div\" style=\"margin-top: 5px;\"><img decoding=\"async\" class=\"wp-image-17212 alignleft\" style=\"height: 45px; margin: 8px 8px 0px;\" src=\"http:\/\/jackpotlotteryonline.com\/wp-content\/uploads\/2022\/11\/read1.jpg\" alt=\"las\u012bt\" width=\"\" height=\"\" \/><\/div>\n<div style=\"padding-left: 5px;\">\n<div style=\"font-size: 1.1em;\">\n<p><strong>J\u016bsu valsts loterija starptautisk\u0101 sal\u012bdzin\u0101jum\u0101<\/strong><\/p>\n<p style=\"font-size: 0.85em; margin-top: -1.5em;\">J\u016bsu viet\u0113j\u0101 loterija var b\u016bt slikt\u0101kais variants &#8211; k\u0101p\u0113c ir lietder\u012bg\u0101k maks\u0101t vair\u0101k, bet izv\u0113l\u0113ties liel\u0101kus laimestus?\u00a0<a href=\"https:\/\/jackpotlotteryonline.com\/lv\/jusu-valsts-loterija-starptautiskaja-salikuma\"> \u3082\u3063\u3068\u8aad\u3080<\/a><\/p>\n<\/div>\n<\/div>\n<\/section>\n","protected":false},"excerpt":{"rendered":"<p>Mega Millions tie\u0161saistes loto d\u017eekpots Mega Millions d\u017eekpota loto atrodas Mi\u010digan\u0101, ASV, un to sp\u0113l\u0113 12 ASV feder\u0101lajos \u0161tatos. T\u0101 k\u0101 izlozes tiek izloz\u0113tas katru otrdienas un piektdienas vakaru plkst. 20.00, laimesta laimestu bie\u017eums laim\u012bgajam sp\u0113l\u0113t\u0101jam var b\u016bt diezgan liels. Mega Millions bi\u013cete ir sal\u012bdzino\u0161i l\u0113ta, un l\u012bdz \u0161im liel\u0101kais izmaks\u0101tais d\u017eekpots bija vair\u0101k nek\u0101 [&hellip;]<\/p>\n","protected":false},"author":1,"featured_media":0,"parent":35705,"menu_order":2,"comment_status":"closed","ping_status":"closed","template":"megamillion.php","meta":{"_et_pb_use_builder":"","_et_pb_old_content":"","_et_gb_content_width":"","exclude_from_search":false,"footnotes":""},"class_list":["post-35956","page","type-page","status-publish","hentry"],"yoast_head":"<!-- This site is optimized with the Yoast SEO plugin v23.3 - https:\/\/yoast.com\/wordpress\/plugins\/seo\/ -->\n<title>Sp\u0113l\u0113jiet Mega Millions tie\u0161saist\u0113 \u0101rpus ASV<\/title>\n<meta name=\"description\" content=\"ASV Mega Millions loterijas d\u017eekpots ir visu loteriju liel\u0101kais d\u017eekpots, un tagad j\u016bs varat sp\u0113l\u0113t tie\u0161saist\u0113, pat ja dz\u012bvojat \u0101rpus ASV.\" \/>\n<meta name=\"robots\" content=\"index, follow, max-snippet:-1, max-image-preview:large, max-video-preview:-1\" \/>\n<link rel=\"canonical\" href=\"https:\/\/jackpotlotteryonline.com\/play-online\/mega-millions\/\" \/>\n<meta property=\"og:locale\" content=\"lv_LV\" \/>\n<meta property=\"og:type\" content=\"article\" \/>\n<meta property=\"og:title\" content=\"Sp\u0113l\u0113jiet Mega Millions tie\u0161saist\u0113 \u0101rpus ASV\" \/>\n<meta property=\"og:description\" content=\"ASV Mega Millions loterijas d\u017eekpots ir visu loteriju liel\u0101kais d\u017eekpots, un tagad j\u016bs varat sp\u0113l\u0113t tie\u0161saist\u0113, pat ja dz\u012bvojat \u0101rpus ASV.\" \/>\n<meta property=\"og:url\" content=\"https:\/\/jackpotlotteryonline.com\/play-online\/mega-millions\/\" \/>\n<meta property=\"og:site_name\" content=\"Lotto Online - Crack The International Lottery Jackpots\" \/>\n<meta property=\"article:modified_time\" content=\"2022-12-30T19:19:53+00:00\" \/>\n<meta property=\"og:image\" content=\"http:\/\/jackpotlotteryonline.com\/wp-content\/uploads\/2022\/10\/logo_Mega_Millions_233x110.png\" \/>\n<meta name=\"twitter:card\" content=\"summary_large_image\" \/>\n<meta name=\"twitter:label1\" content=\"Est. reading time\" \/>\n\t<meta name=\"twitter:data1\" content=\"3 minutes\" \/>\n<!-- \/ Yoast SEO plugin. -->","yoast_head_json":{"title":"Sp\u0113l\u0113jiet Mega Millions tie\u0161saist\u0113 \u0101rpus ASV","description":"ASV Mega Millions loterijas d\u017eekpots ir visu loteriju liel\u0101kais d\u017eekpots, un tagad j\u016bs varat sp\u0113l\u0113t tie\u0161saist\u0113, pat ja dz\u012bvojat \u0101rpus ASV.","robots":{"index":"index","follow":"follow","max-snippet":"max-snippet:-1","max-image-preview":"max-image-preview:large","max-video-preview":"max-video-preview:-1"},"canonical":"https:\/\/jackpotlotteryonline.com\/play-online\/mega-millions\/","og_locale":"lv_LV","og_type":"article","og_title":"Sp\u0113l\u0113jiet Mega Millions tie\u0161saist\u0113 \u0101rpus ASV","og_description":"ASV Mega Millions loterijas d\u017eekpots ir visu loteriju liel\u0101kais d\u017eekpots, un tagad j\u016bs varat sp\u0113l\u0113t tie\u0161saist\u0113, pat ja dz\u012bvojat \u0101rpus ASV.","og_url":"https:\/\/jackpotlotteryonline.com\/play-online\/mega-millions\/","og_site_name":"Lotto Online - Crack The International Lottery Jackpots","article_modified_time":"2022-12-30T19:19:53+00:00","og_image":[{"url":"http:\/\/jackpotlotteryonline.com\/wp-content\/uploads\/2022\/10\/logo_Mega_Millions_233x110.png"}],"twitter_card":"summary_large_image","twitter_misc":{"Est. reading time":"3 minutes"},"schema":{"@context":"https:\/\/schema.org","@graph":[{"@type":"WebPage","@id":"https:\/\/jackpotlotteryonline.com\/play-online\/mega-millions\/","url":"https:\/\/jackpotlotteryonline.com\/play-online\/mega-millions\/","name":"Sp\u0113l\u0113jiet Mega Millions tie\u0161saist\u0113 \u0101rpus ASV","isPartOf":{"@id":"https:\/\/jackpotlotteryonline.com\/#website"},"primaryImageOfPage":{"@id":"https:\/\/jackpotlotteryonline.com\/play-online\/mega-millions\/#primaryimage"},"image":{"@id":"https:\/\/jackpotlotteryonline.com\/play-online\/mega-millions\/#primaryimage"},"thumbnailUrl":"http:\/\/jackpotlotteryonline.com\/wp-content\/uploads\/2022\/10\/logo_Mega_Millions_233x110.png","datePublished":"2022-11-02T12:16:36+00:00","dateModified":"2022-12-30T19:19:53+00:00","description":"ASV Mega Millions loterijas d\u017eekpots ir visu loteriju liel\u0101kais d\u017eekpots, un tagad j\u016bs varat sp\u0113l\u0113t tie\u0161saist\u0113, pat ja dz\u012bvojat \u0101rpus ASV.","breadcrumb":{"@id":"https:\/\/jackpotlotteryonline.com\/play-online\/mega-millions\/#breadcrumb"},"inLanguage":"lv-LV","potentialAction":[{"@type":"ReadAction","target":["https:\/\/jackpotlotteryonline.com\/play-online\/mega-millions\/"]}]},{"@type":"ImageObject","inLanguage":"lv-LV","@id":"https:\/\/jackpotlotteryonline.com\/play-online\/mega-millions\/#primaryimage","url":"http:\/\/jackpotlotteryonline.com\/wp-content\/uploads\/2022\/10\/logo_Mega_Millions_233x110.png","contentUrl":"http:\/\/jackpotlotteryonline.com\/wp-content\/uploads\/2022\/10\/logo_Mega_Millions_233x110.png"},{"@type":"BreadcrumbList","@id":"https:\/\/jackpotlotteryonline.com\/play-online\/mega-millions\/#breadcrumb","itemListElement":[{"@type":"ListItem","position":1,"name":"Home","item":"https:\/\/jackpotlotteryonline.com\/lv\/"},{"@type":"ListItem","position":2,"name":"K\u0101 sp\u0113l\u0113t","item":"https:\/\/jackpotlotteryonline.com\/play-online\/"},{"@type":"ListItem","position":3,"name":"Mega Millions ASV"}]},{"@type":"WebSite","@id":"https:\/\/jackpotlotteryonline.com\/#website","url":"https:\/\/jackpotlotteryonline.com\/","name":"Lotto Online - Crack The International Lottery Jackpots","description":"","potentialAction":[{"@type":"SearchAction","target":{"@type":"EntryPoint","urlTemplate":"https:\/\/jackpotlotteryonline.com\/?s={search_term_string}"},"query-input":"required name=search_term_string"}],"inLanguage":"lv-LV"}]}},"_links":{"self":[{"href":"https:\/\/jackpotlotteryonline.com\/lv\/wp-json\/wp\/v2\/pages\/35956","targetHints":{"allow":["GET"]}}],"collection":[{"href":"https:\/\/jackpotlotteryonline.com\/lv\/wp-json\/wp\/v2\/pages"}],"about":[{"href":"https:\/\/jackpotlotteryonline.com\/lv\/wp-json\/wp\/v2\/types\/page"}],"author":[{"embeddable":true,"href":"https:\/\/jackpotlotteryonline.com\/lv\/wp-json\/wp\/v2\/users\/1"}],"replies":[{"embeddable":true,"href":"https:\/\/jackpotlotteryonline.com\/lv\/wp-json\/wp\/v2\/comments?post=35956"}],"version-history":[{"count":0,"href":"https:\/\/jackpotlotteryonline.com\/lv\/wp-json\/wp\/v2\/pages\/35956\/revisions"}],"up":[{"embeddable":true,"href":"https:\/\/jackpotlotteryonline.com\/lv\/wp-json\/wp\/v2\/pages\/35705"}],"wp:attachment":[{"href":"https:\/\/jackpotlotteryonline.com\/lv\/wp-json\/wp\/v2\/media?parent=35956"}],"curies":[{"name":"wp","href":"https:\/\/api.w.org\/{rel}","templated":true}]}}