{"id":36026,"date":"2022-11-03T08:18:56","date_gmt":"2022-11-03T08:18:56","guid":{"rendered":"https:\/\/jackpotlotteryonline.com\/?page_id=36026"},"modified":"2022-12-30T20:11:46","modified_gmt":"2022-12-30T20:11:46","slug":"euromillions","status":"publish","type":"page","link":"https:\/\/jackpotlotteryonline.com\/lv\/ka-spelet\/euromillions\/","title":{"rendered":"Sp\u0113l\u0113jiet Euro Millions"},"content":{"rendered":"<h2>Ieg\u0101d\u0101jieties EuroMillions bi\u013ceti tie\u0161saist\u0113<\/h2>\n<p><img loading=\"lazy\" decoding=\"async\" class=\"alignright wp-image-18926\" src=\"http:\/\/jackpotlotteryonline.com\/wp-content\/uploads\/2022\/10\/2_ticket_euromillions3-111x300.jpg\" alt=\"euromillions bi\u013cete\" width=\"83\" height=\"224\" srcset=\"https:\/\/jackpotlotteryonline.com\/wp-content\/uploads\/2022\/10\/2_ticket_euromillions3-111x300.jpg 111w, https:\/\/jackpotlotteryonline.com\/wp-content\/uploads\/2022\/10\/2_ticket_euromillions3.jpg 180w\" sizes=\"auto, (max-width: 83px) 100vw, 83px\" \/><\/p>\n<p>Euromillions ir loterija, kas tiek r\u012bkota vair\u0101k\u0101s Eiropas valst\u012bs, piem\u0113ram, Francij\u0101, Apvienotaj\u0101 Karalist\u0113, Sp\u0101nij\u0101, \u012arij\u0101, Be\u013c\u0123ij\u0101, Luksemburg\u0101 un \u0160veic\u0113. Euromillions tie\u0161saistes loterijas d\u017eekpots s\u0101kas ar 15 miljonu eiro summu, bet rekordliel\u0101kais d\u017eekpots ir 190 miljoni eiro.<\/p>\n<p>Lai sp\u0113l\u0113tu Euromillions d\u017eekpota loteriju, jums j\u0101b\u016bt vismaz 18 gadus vecam, ta\u010du j\u016bs varat to sp\u0113l\u0113t no jebkuras pasaules valsts, izmantojot m\u016bsu pied\u0101v\u0101to pakalpojumu \u0161aj\u0101 vietn\u0113. Tas, ko m\u0113s pied\u0101v\u0101jam, ir diezgan unik\u0101ls, jo sniedz iesp\u0113ju sp\u0113l\u0113t un laim\u0113t d\u017eekpotu tie\u0161saist\u0113 ikvienam vis\u0101 pasaul\u0113, tostarp t\u0101d\u0101s valst\u012bs k\u0101 V\u0101cija, N\u012bderlande, It\u0101lija un pat \u0101rpus Eiropas un cit\u0101s valst\u012bs. Nodro\u0161inot laim\u012bg\u0101 izlozes iesp\u0113ju, ir viegl\u0101k izv\u0113l\u0113ties nejau\u0161us skait\u013cus, nevis izdar\u012bt spiedienu uz sav\u0101m pel\u0113kaj\u0101m \u0161\u016bn\u0101m.<\/p>\n<h2>K\u0101 ieg\u0101d\u0101ties bi\u013ceti uz EuroMillions d\u017eekpota izlozi \u0101rpus Eiropas?<\/h2>\n<p><a href=\"https:\/\/jackpotlotteryonline.com\/lv\/iegadaties-biletes\/euromillions\">Ar m\u016bsu starpniec\u012bbu Euromillions tie\u0161saistes loterijas d\u017eekpota bi\u013ce\u0161u ieg\u0101di<\/a> var padar\u012bt maz\u0101k apgr\u016btino\u0161u. Kad esat re\u0123istr\u0113jies m\u016bsu vietn\u0113 un p\u0101rbaud\u012bts, jums tikai j\u0101izv\u0113las loterija un j\u0101veic nepiecie\u0161amais maks\u0101jums. Kad tas ir izdar\u012bts, loterijas bi\u013cete tiks ieg\u0101d\u0101ta j\u016bsu v\u0101rd\u0101 un sken\u0113ta tiks aug\u0161upiel\u0101d\u0113ta j\u016bsu kont\u0101, tikl\u012bdz b\u016bsiet samaks\u0101jis ar izv\u0113l\u0113to maks\u0101\u0161anas l\u012bdzekli.<\/p>\n<p>Turkl\u0101t, ja v\u0113laties turpin\u0101t sp\u0113l\u0113t Euromillions tie\u0161saistes d\u017eekpotu k\u0101du laiku, varat izv\u0113l\u0113ties savus skait\u013cus vai izloz\u0113t tos p\u0113c nejau\u0161\u012bbas principa un piedal\u012bties vair\u0101kos izloz\u0113s, bet jums b\u016bs j\u0101veic maks\u0101jums tikai reizi p\u0101ris ned\u0113\u013c\u0101s.<\/p>\n<h2>K\u0101 darbojas Euromillions loterijas tie\u0161saistes d\u017eekpots<\/h2>\n<p><img loading=\"lazy\" decoding=\"async\" class=\"alignright wp-image-17411\" src=\"http:\/\/jackpotlotteryonline.com\/wp-content\/uploads\/2022\/10\/euromillions.png\" alt=\"sp\u0113l\u0113t euromillions tie\u0161saist\u0113\" width=\"143\" height=\"152\" \/><\/p>\n<p>Lai vinn\u0113tu d\u017eekpotu, jums j\u0101izv\u0113las pieci skait\u013ci no 1 l\u012bdz 50, k\u0101 ar\u012b 2 papildu Lucky Star skait\u013ci (no 1 l\u012bdz 9). <a href=\"http:\/\/jackpotlotteryonline.com\/lv\/laimejusie-skaitli\/euromillions\">Euromillions d\u017eekpota izloze<\/a> notiek katru piektdienas vakaru, un papildus d\u017eekpotam ir 11 balvu l\u012bme\u0146i. Izredzes laim\u0113t vismaz k\u0101du no balv\u0101m ir 1 pret 24.<\/p>\n<h2>Rezult\u0101tu p\u0101rbaude<\/h2>\n<p>P\u0113c izlozes beig\u0101m rezult\u0101tus jebkur\u0101 br\u012bd\u012b varat p\u0101rbaud\u012bt tie\u0161saist\u0113. Lai sekotu l\u012bdzi notikumiem, varat izmantot iPad, iPhone vai citu l\u012bdz\u012bgu ier\u012bci. Kad jums b\u016bs paveicies laim\u0113t k\u0101du balvu vai laimestu Euromillions loterij\u0101 tie\u0161saist\u0113, m\u0113s ar\u012b pal\u012bdz\u0113sim jums piepras\u012bt balvu un nodro\u0161in\u0101sim, lai t\u0101 tiktu jums pieg\u0101d\u0101ta.<\/p>\n<section class=\"layout\" style=\"border: solid 1px; width: 100%;\">\n<div class=\"img-div\" style=\"margin-top: 5px;\"><img decoding=\"async\" class=\"wp-image-17212 alignleft\" style=\"height: 45px; margin: 8px 8px 0px;\" src=\"http:\/\/jackpotlotteryonline.com\/wp-content\/uploads\/2022\/11\/read1.jpg\" alt=\"las\u012bt\" width=\"\" height=\"\" \/><\/div>\n<div style=\"padding-left: 5px;\">\n<div style=\"font-size: 1.1em;\">\n<p><strong>Loterijas, kur\u0101s ir vislab\u0101k\u0101s izredzes laim\u0113t lielu summu<\/strong><\/p>\n<p style=\"font-size: 0.85em; margin-top: -1.5em;\">Kur\u0101 loterij\u0101 ir vislab\u0101k\u0101s izredzes laim\u0113t?\u00a0 <a href=\"https:\/\/jackpotlotteryonline.com\/lv\/kura-loterija-ir-vislabakas-izredzes-uzvaret\">las\u012bt vair\u0101k<\/a><\/p>\n<\/div>\n<\/div>\n<\/section>\n<h2>Euromillions loterijas tie\u0161saistes d\u017eekpots<\/h2>\n<p>S\u0101kotn\u0113ji Euromillions d\u017eekpots tika izsp\u0113l\u0113ts 2004. gada 7. febru\u0101r\u012b, un t\u0101 pirm\u0101 izloze notika Par\u012bz\u0113 2004. gada 13. febru\u0101r\u012b. Iev\u0113rojam\u0101kais d\u017eekpota laimests tika ieg\u016bts vien\u0101 no p\u0113d\u0113j\u0101m izloz\u0113m (2011. gada 12. j\u016blij\u0101), un taj\u0101 185 000 000 eiro lielu laimestu ieguva Kolins un Kriss Veiri no Gl\u0101zgovas (Apvienot\u0101 Karaliste).<\/p>\n<p>EuroMillions loterijas tie\u0161saistes d\u017eekpota izlozei ir biju\u0161i ar\u012b vair\u0101ki skand\u0101li &#8211; galvenok\u0101rt tas, kas 2009. gad\u0101 notika Be\u013c\u0123ij\u0101. Tom\u0113r tiem nav bijis nek\u0101da pamatojuma, un kop\u0161 t\u0101 laika tie ir nov\u0113rsti. T\u0101p\u0113c ir pien\u0101cis laiks izm\u0113\u0123in\u0101t veiksmi vien\u0101 no liel\u0101kajiem naudas pied\u0101v\u0101jumiem.<\/p>\n","protected":false},"excerpt":{"rendered":"<p>Ieg\u0101d\u0101jieties EuroMillions bi\u013ceti tie\u0161saist\u0113 Euromillions ir loterija, kas tiek r\u012bkota vair\u0101k\u0101s Eiropas valst\u012bs, piem\u0113ram, Francij\u0101, Apvienotaj\u0101 Karalist\u0113, Sp\u0101nij\u0101, \u012arij\u0101, Be\u013c\u0123ij\u0101, Luksemburg\u0101 un \u0160veic\u0113. Euromillions tie\u0161saistes loterijas d\u017eekpots s\u0101kas ar 15 miljonu eiro summu, bet rekordliel\u0101kais d\u017eekpots ir 190 miljoni eiro. Lai sp\u0113l\u0113tu Euromillions d\u017eekpota loteriju, jums j\u0101b\u016bt vismaz 18 gadus vecam, ta\u010du j\u016bs varat to [&hellip;]<\/p>\n","protected":false},"author":1,"featured_media":0,"parent":35705,"menu_order":3,"comment_status":"closed","ping_status":"closed","template":"euromillions.php","meta":{"_et_pb_use_builder":"","_et_pb_old_content":"","_et_gb_content_width":"","exclude_from_search":false,"footnotes":""},"class_list":["post-36026","page","type-page","status-publish","hentry"],"yoast_head":"<!-- This site is optimized with the Yoast SEO plugin v23.3 - https:\/\/yoast.com\/wordpress\/plugins\/seo\/ -->\n<title>Sp\u0113l\u0113jiet Euromillions tie\u0161saist\u0113 no jebkuras vietas, pat \u0101rpus Eiropas<\/title>\n<meta name=\"description\" content=\"Loterija Euromillions ir viena no piepras\u012bt\u0101kaj\u0101m loterij\u0101m. Tagad j\u016bs varat sp\u0113l\u0113t, izmantojot tie\u0161saistes bi\u013ceti, pat ja atrodaties \u0101rpus Eiropas.\" \/>\n<meta name=\"robots\" content=\"index, follow, max-snippet:-1, max-image-preview:large, max-video-preview:-1\" \/>\n<link rel=\"canonical\" href=\"https:\/\/jackpotlotteryonline.com\/play-online\/euromillions\/\" \/>\n<meta property=\"og:locale\" content=\"lv_LV\" \/>\n<meta property=\"og:type\" content=\"article\" \/>\n<meta property=\"og:title\" content=\"Sp\u0113l\u0113jiet Euromillions tie\u0161saist\u0113 no jebkuras vietas, pat \u0101rpus Eiropas\" \/>\n<meta property=\"og:description\" content=\"Loterija Euromillions ir viena no piepras\u012bt\u0101kaj\u0101m loterij\u0101m. Tagad j\u016bs varat sp\u0113l\u0113t, izmantojot tie\u0161saistes bi\u013ceti, pat ja atrodaties \u0101rpus Eiropas.\" \/>\n<meta property=\"og:url\" content=\"https:\/\/jackpotlotteryonline.com\/play-online\/euromillions\/\" \/>\n<meta property=\"og:site_name\" content=\"Lotto Online - Crack The International Lottery Jackpots\" \/>\n<meta property=\"article:modified_time\" content=\"2022-12-30T20:11:46+00:00\" \/>\n<meta property=\"og:image\" content=\"http:\/\/jackpotlotteryonline.com\/wp-content\/uploads\/2022\/10\/2_ticket_euromillions3-111x300.jpg\" \/>\n<meta name=\"twitter:card\" content=\"summary_large_image\" \/>\n<meta name=\"twitter:label1\" content=\"Est. reading time\" \/>\n\t<meta name=\"twitter:data1\" content=\"3 minutes\" \/>\n<!-- \/ Yoast SEO plugin. -->","yoast_head_json":{"title":"Sp\u0113l\u0113jiet Euromillions tie\u0161saist\u0113 no jebkuras vietas, pat \u0101rpus Eiropas","description":"Loterija Euromillions ir viena no piepras\u012bt\u0101kaj\u0101m loterij\u0101m. Tagad j\u016bs varat sp\u0113l\u0113t, izmantojot tie\u0161saistes bi\u013ceti, pat ja atrodaties \u0101rpus Eiropas.","robots":{"index":"index","follow":"follow","max-snippet":"max-snippet:-1","max-image-preview":"max-image-preview:large","max-video-preview":"max-video-preview:-1"},"canonical":"https:\/\/jackpotlotteryonline.com\/play-online\/euromillions\/","og_locale":"lv_LV","og_type":"article","og_title":"Sp\u0113l\u0113jiet Euromillions tie\u0161saist\u0113 no jebkuras vietas, pat \u0101rpus Eiropas","og_description":"Loterija Euromillions ir viena no piepras\u012bt\u0101kaj\u0101m loterij\u0101m. Tagad j\u016bs varat sp\u0113l\u0113t, izmantojot tie\u0161saistes bi\u013ceti, pat ja atrodaties \u0101rpus Eiropas.","og_url":"https:\/\/jackpotlotteryonline.com\/play-online\/euromillions\/","og_site_name":"Lotto Online - Crack The International Lottery Jackpots","article_modified_time":"2022-12-30T20:11:46+00:00","og_image":[{"url":"http:\/\/jackpotlotteryonline.com\/wp-content\/uploads\/2022\/10\/2_ticket_euromillions3-111x300.jpg"}],"twitter_card":"summary_large_image","twitter_misc":{"Est. reading time":"3 minutes"},"schema":{"@context":"https:\/\/schema.org","@graph":[{"@type":"WebPage","@id":"https:\/\/jackpotlotteryonline.com\/play-online\/euromillions\/","url":"https:\/\/jackpotlotteryonline.com\/play-online\/euromillions\/","name":"Sp\u0113l\u0113jiet Euromillions tie\u0161saist\u0113 no jebkuras vietas, pat \u0101rpus Eiropas","isPartOf":{"@id":"https:\/\/jackpotlotteryonline.com\/#website"},"primaryImageOfPage":{"@id":"https:\/\/jackpotlotteryonline.com\/play-online\/euromillions\/#primaryimage"},"image":{"@id":"https:\/\/jackpotlotteryonline.com\/play-online\/euromillions\/#primaryimage"},"thumbnailUrl":"http:\/\/jackpotlotteryonline.com\/wp-content\/uploads\/2022\/10\/2_ticket_euromillions3-111x300.jpg","datePublished":"2022-11-03T08:18:56+00:00","dateModified":"2022-12-30T20:11:46+00:00","description":"Loterija Euromillions ir viena no piepras\u012bt\u0101kaj\u0101m loterij\u0101m. Tagad j\u016bs varat sp\u0113l\u0113t, izmantojot tie\u0161saistes bi\u013ceti, pat ja atrodaties \u0101rpus Eiropas.","breadcrumb":{"@id":"https:\/\/jackpotlotteryonline.com\/play-online\/euromillions\/#breadcrumb"},"inLanguage":"lv-LV","potentialAction":[{"@type":"ReadAction","target":["https:\/\/jackpotlotteryonline.com\/play-online\/euromillions\/"]}]},{"@type":"ImageObject","inLanguage":"lv-LV","@id":"https:\/\/jackpotlotteryonline.com\/play-online\/euromillions\/#primaryimage","url":"http:\/\/jackpotlotteryonline.com\/wp-content\/uploads\/2022\/10\/2_ticket_euromillions3-111x300.jpg","contentUrl":"http:\/\/jackpotlotteryonline.com\/wp-content\/uploads\/2022\/10\/2_ticket_euromillions3-111x300.jpg"},{"@type":"BreadcrumbList","@id":"https:\/\/jackpotlotteryonline.com\/play-online\/euromillions\/#breadcrumb","itemListElement":[{"@type":"ListItem","position":1,"name":"Home","item":"https:\/\/jackpotlotteryonline.com\/lv\/"},{"@type":"ListItem","position":2,"name":"K\u0101 sp\u0113l\u0113t","item":"https:\/\/jackpotlotteryonline.com\/play-online\/"},{"@type":"ListItem","position":3,"name":"Sp\u0113l\u0113jiet Euro Millions"}]},{"@type":"WebSite","@id":"https:\/\/jackpotlotteryonline.com\/#website","url":"https:\/\/jackpotlotteryonline.com\/","name":"Lotto Online - Crack The International Lottery Jackpots","description":"","potentialAction":[{"@type":"SearchAction","target":{"@type":"EntryPoint","urlTemplate":"https:\/\/jackpotlotteryonline.com\/?s={search_term_string}"},"query-input":"required name=search_term_string"}],"inLanguage":"lv-LV"}]}},"_links":{"self":[{"href":"https:\/\/jackpotlotteryonline.com\/lv\/wp-json\/wp\/v2\/pages\/36026","targetHints":{"allow":["GET"]}}],"collection":[{"href":"https:\/\/jackpotlotteryonline.com\/lv\/wp-json\/wp\/v2\/pages"}],"about":[{"href":"https:\/\/jackpotlotteryonline.com\/lv\/wp-json\/wp\/v2\/types\/page"}],"author":[{"embeddable":true,"href":"https:\/\/jackpotlotteryonline.com\/lv\/wp-json\/wp\/v2\/users\/1"}],"replies":[{"embeddable":true,"href":"https:\/\/jackpotlotteryonline.com\/lv\/wp-json\/wp\/v2\/comments?post=36026"}],"version-history":[{"count":0,"href":"https:\/\/jackpotlotteryonline.com\/lv\/wp-json\/wp\/v2\/pages\/36026\/revisions"}],"up":[{"embeddable":true,"href":"https:\/\/jackpotlotteryonline.com\/lv\/wp-json\/wp\/v2\/pages\/35705"}],"wp:attachment":[{"href":"https:\/\/jackpotlotteryonline.com\/lv\/wp-json\/wp\/v2\/media?parent=36026"}],"curies":[{"name":"wp","href":"https:\/\/api.w.org\/{rel}","templated":true}]}}