{"id":36079,"date":"2022-11-03T09:53:00","date_gmt":"2022-11-03T09:53:00","guid":{"rendered":"https:\/\/jackpotlotteryonline.com\/?page_id=36079"},"modified":"2022-12-30T20:58:48","modified_gmt":"2022-12-30T20:58:48","slug":"eurojackpot","status":"publish","type":"page","link":"https:\/\/jackpotlotteryonline.com\/lv\/ka-spelet\/eurojackpot\/","title":{"rendered":"EuroJackpot"},"content":{"rendered":"<h2>K\u0101 piedal\u012bties Eurojackpot no jebkuras valsts<\/h2>\n<p><strong>Eurojackpot<\/strong> kop\u0101 ar Euromillions ir viena no liel\u0101kaj\u0101m un popul\u0101r\u0101kaj\u0101m loterij\u0101m vis\u0101 Eirop\u0101, un katru ned\u0113\u013cu to sp\u0113l\u0113 miljoniem cilv\u0113ku vis\u0101 pasaul\u0113. Eurojackpot pirmo reizi tika izveidota 1994. gad\u0101, ta\u010du, vair\u0101kk\u0101rt mainot noteikumus un form\u0101tu, t\u0101 tika atlikta uz vair\u0101kiem gadiem, l\u012bdz beidzot 2004. gad\u0101 t\u0101 tika uzs\u0101kta un bija gatava sp\u0113l\u0113\u0161anai Eirop\u0101.<br \/>\n<img loading=\"lazy\" decoding=\"async\" class=\"alignright wp-image-18574\" src=\"https:\/\/jackpotlotteryonline.com\/wp-content\/uploads\/2022\/10\/1_online_ticket_eurojackpot2.jpg\" alt=\"Sp\u0113l\u0113jiet Eurojackpot tie\u0161saist\u0113\" width=\"260\" height=\"173\" \/><\/p>\n<p>Kop\u0161 2004. gad\u0101 notika pirm\u0101 izloze, miljoniem cilv\u0113ku ir sp\u0113l\u0113ju\u0161i \u0161o apbr\u012bnojamo azartsp\u0113li, un ir biju\u0161i daudzi d\u017eekpota laim\u0113t\u0101ji, no kuriem da\u017eiem ir paveicies laim\u0113t d\u017eekpota balvas vair\u0101k nek\u0101 180 miljonu eiro apm\u0113r\u0101!<\/p>\n<p>T\u0101 k\u0101 standarta d\u017eekpota balva ir 15 miljoni eiro, kas maina dz\u012bvi, nav br\u012bnums, ka EuroJackpot katru ned\u0113\u013cu tie\u0161saist\u0113 sp\u0113l\u0113 miljoniem cilv\u0113ku. Noteikumi ir \u013coti vienk\u0101r\u0161i &#8211; lai sp\u0113l\u0113tu un vinn\u0113tu d\u017eekpotu, jums ir pareizi j\u0101izv\u0113las 5 skait\u013ci no 1 l\u012bdz 50, turkl\u0101t pareizi j\u0101sakr\u012bt v\u0113l 2 skait\u013ciem, kas nosaukti par &#8220;laim\u012bgaj\u0101m zvaigzn\u0113m&#8221;, no 1 l\u012bdz 11 skaitlim.<\/p>\n<p><a href=\"https:\/\/jackpotlotteryonline.com\/lv\/iegadaties-biletes\/eurojackpot\">Ieg\u0101d\u0101jieties savu tie\u0161saistes bi\u013ceti jau tagad<\/a>, izmantojot m\u016bsu pakalpojumu &#8211; piedal\u012bties un laim\u0113t var ikviens!<\/p>\n<section class=\"layout\" style=\"border: solid 1px; width: 100%;\">\n<div class=\"img-div\" style=\"margin-top: 5px;\"><img decoding=\"async\" class=\"wp-image-17212 alignleft\" style=\"height: 45px; margin: 8px 8px 0px;\" src=\"https:\/\/jackpotlotteryonline.com\/wp-content\/uploads\/2022\/11\/read1.jpg\" alt=\"las\u012bt\" width=\"\" height=\"\" \/><\/div>\n<div style=\"padding-left: 5px;\">\n<div style=\"font-size: 1.1em;\">\n<p><strong>Kura starptautisk\u0101 loterija ir lab\u0101k\u0101?<\/strong><\/p>\n<p style=\"font-size: 0.85em; margin-top: -1.5em;\">Kuras no starptautiskaj\u0101m loterij\u0101m ir vislab\u0101k\u0101s izredzes uzvar\u0113t \u00a0<a href=\"https:\/\/jackpotlotteryonline.com\/lv\/kura-starptautiska-loterija-ir-labaka\"> las\u012bt vair\u0101k<\/a><\/p>\n<\/div>\n<\/div>\n<\/section>\n<h2>Ieg\u0101d\u0101jieties EuroJackpot bi\u013ceti tie\u0161saist\u0113<\/h2>\n<p><strong>EuroJackpot sp\u0113l\u0113 tie\u0161saist\u0113 lieliski ir tas<\/strong>, ka ir daudz laimestu, t\u0101p\u0113c, ja j\u016bs neesat d\u017eekpota ieguv\u0113js, neuztraucieties, jo jums joproj\u0101m ir liela iesp\u0113ja laim\u0113t lielas naudas balvas. Papildus lielajam d\u017eekpota laimestam, ko varat vinn\u0113t, ieg\u0101d\u0101joties EuroJackpot bi\u013ceti tie\u0161saist\u0113, ir v\u0113l 13 da\u017e\u0101das balvas, ko varat vinn\u0113t.<br \/>\n<img loading=\"lazy\" decoding=\"async\" class=\"alignright size-medium wp-image-18736\" src=\"https:\/\/jackpotlotteryonline.com\/wp-content\/uploads\/2022\/10\/2_ticket_eurojackpot-141x300.jpg\" alt=\"Eurojackpot bi\u013cete\" width=\"141\" height=\"300\" srcset=\"https:\/\/jackpotlotteryonline.com\/wp-content\/uploads\/2022\/10\/2_ticket_eurojackpot-141x300.jpg 141w, https:\/\/jackpotlotteryonline.com\/wp-content\/uploads\/2022\/10\/2_ticket_eurojackpot.jpg 150w\" sizes=\"auto, (max-width: 141px) 100vw, 141px\" \/><\/p>\n<p>Ja lielo d\u017eekpota balvu neviens laim\u0113t\u0101js nesa\u0146em, Eurojackpot p\u0101riet uz citu ned\u0113\u013cu. T\u0101p\u0113c iepriek\u0161 ir biju\u0161i milz\u012bgi d\u017eekpoti 100 miljonu eiro un vair\u0101k apm\u0113r\u0101. Loterij\u0101 parasti piedal\u0101s Eiropas valstu iedz\u012bvot\u0101ji, t\u0101p\u0113c katru ned\u0113\u013cu dal\u012bbnieki no t\u0101d\u0101m viet\u0101m k\u0101 Apvienot\u0101 Karaliste, Francija, V\u0101cija un \u0160veice p\u0113rk Eurojackpot bi\u013cetes tie\u0161saist\u0113.<\/p>\n<p>Loterijas bi\u013cetes pirk\u0161ana tie\u0161saist\u0113 strauji k\u013c\u016bst par popul\u0101r\u0101ko veidu, k\u0101 sp\u0113l\u0113t Eurojackpot loteriju. Noteikumi ir t\u0101di pa\u0161i, ta\u010du viss sp\u0113les process ir daudz \u0101tr\u0101ks un vienk\u0101r\u0161\u0101ks, jo bi\u013ceti var ieg\u0101d\u0101ties daudz \u0101tr\u0101k un vienk\u0101r\u0161\u0101k. Piem\u0113ram, t\u0101 viet\u0101, lai dotos uz viet\u0113jo veikalu un ieg\u0101d\u0101tos fizisku bi\u013ceti, j\u016bs varat vienk\u0101r\u0161i piesl\u0113gties sp\u0113\u013cu vietnei un da\u017eu sekun\u017eu laik\u0101 izv\u0113l\u0113ties savus skait\u013cus no m\u0101j\u0101m vai pat biroja.<\/p>\n<p>Kad esat izv\u0113l\u0113jies savus laim\u012bgos skait\u013cus vai pat vair\u0101kus skait\u013cu komplektus, ja patie\u0161\u0101m v\u0113laties palielin\u0101t savas izredzes laim\u0113t, varat dro\u0161i un dro\u0161i samaks\u0101t par bi\u013ceti tie\u0161saist\u0113. P\u0113c katras <a href=\"https:\/\/jackpotlotteryonline.com\/lv\/laimejusie-skaitli\/euromillions\">Eurojackpot loterijas izlozes<\/a> rezult\u0101ti tie\u0161saist\u0113 tiks atjaunin\u0101ti mirkli p\u0113c tam, kad katru ned\u0113\u013cu tiks atkl\u0101ts p\u0113d\u0113jais skaitlis. Tas noz\u012bm\u0113, ka j\u016bs varat vienk\u0101r\u0161i v\u0113lreiz piesl\u0113gties savam kontam un da\u017eu sekun\u017eu laik\u0101 apskat\u012bt laim\u0113ju\u0161os skait\u013cus, t\u0101d\u0113j\u0101di nov\u0113r\u0161ot nepiecie\u0161am\u012bbu mekl\u0113t rezult\u0101tus av\u012bz\u0113s.<\/p>\n<p>Turkl\u0101t, sp\u0113l\u0113jot EuroJackpot ar mums tie\u0161saist\u0113, jums autom\u0101tiski tiks nos\u016bt\u012bts ar\u012b e-pasts, ja b\u016bsiet uzmin\u0113jis k\u0101du no skait\u013ciem.<\/p>\n","protected":false},"excerpt":{"rendered":"<p>K\u0101 piedal\u012bties Eurojackpot no jebkuras valsts Eurojackpot kop\u0101 ar Euromillions ir viena no liel\u0101kaj\u0101m un popul\u0101r\u0101kaj\u0101m loterij\u0101m vis\u0101 Eirop\u0101, un katru ned\u0113\u013cu to sp\u0113l\u0113 miljoniem cilv\u0113ku vis\u0101 pasaul\u0113. Eurojackpot pirmo reizi tika izveidota 1994. gad\u0101, ta\u010du, vair\u0101kk\u0101rt mainot noteikumus un form\u0101tu, t\u0101 tika atlikta uz vair\u0101kiem gadiem, l\u012bdz beidzot 2004. gad\u0101 t\u0101 tika uzs\u0101kta un [&hellip;]<\/p>\n","protected":false},"author":1,"featured_media":0,"parent":35705,"menu_order":4,"comment_status":"closed","ping_status":"closed","template":"eurojackpot.php","meta":{"_et_pb_use_builder":"","_et_pb_old_content":"","_et_gb_content_width":"","exclude_from_search":false,"footnotes":""},"class_list":["post-36079","page","type-page","status-publish","hentry"],"yoast_head":"<!-- This site is optimized with the Yoast SEO plugin v23.3 - https:\/\/yoast.com\/wordpress\/plugins\/seo\/ -->\n<title>Sp\u0113l\u0113jiet Eurojackpot tie\u0161saist\u0113 pat \u0101rpus Eiropas<\/title>\n<meta name=\"description\" content=\"Sp\u0113l\u0113jot Eurojackpot tie\u0161saist\u0113, tu vari k\u013c\u016bt par miljon\u0101ru!\" \/>\n<meta name=\"robots\" content=\"index, follow, max-snippet:-1, max-image-preview:large, max-video-preview:-1\" \/>\n<link rel=\"canonical\" href=\"https:\/\/jackpotlotteryonline.com\/play-online\/eurojackpot\/\" \/>\n<meta property=\"og:locale\" content=\"lv_LV\" \/>\n<meta property=\"og:type\" content=\"article\" \/>\n<meta property=\"og:title\" content=\"Sp\u0113l\u0113jiet Eurojackpot tie\u0161saist\u0113 pat \u0101rpus Eiropas\" \/>\n<meta property=\"og:description\" content=\"Sp\u0113l\u0113jot Eurojackpot tie\u0161saist\u0113, tu vari k\u013c\u016bt par miljon\u0101ru!\" \/>\n<meta property=\"og:url\" content=\"https:\/\/jackpotlotteryonline.com\/play-online\/eurojackpot\/\" \/>\n<meta property=\"og:site_name\" content=\"Lotto Online - Crack The International Lottery Jackpots\" \/>\n<meta property=\"article:modified_time\" content=\"2022-12-30T20:58:48+00:00\" \/>\n<meta property=\"og:image\" content=\"https:\/\/jackpotlotteryonline.com\/wp-content\/uploads\/2022\/10\/1_online_ticket_eurojackpot2.jpg\" \/>\n<meta name=\"twitter:card\" content=\"summary_large_image\" \/>\n<meta name=\"twitter:label1\" content=\"Est. reading time\" \/>\n\t<meta name=\"twitter:data1\" content=\"3 minutes\" \/>\n<!-- \/ Yoast SEO plugin. -->","yoast_head_json":{"title":"Sp\u0113l\u0113jiet Eurojackpot tie\u0161saist\u0113 pat \u0101rpus Eiropas","description":"Sp\u0113l\u0113jot Eurojackpot tie\u0161saist\u0113, tu vari k\u013c\u016bt par miljon\u0101ru!","robots":{"index":"index","follow":"follow","max-snippet":"max-snippet:-1","max-image-preview":"max-image-preview:large","max-video-preview":"max-video-preview:-1"},"canonical":"https:\/\/jackpotlotteryonline.com\/play-online\/eurojackpot\/","og_locale":"lv_LV","og_type":"article","og_title":"Sp\u0113l\u0113jiet Eurojackpot tie\u0161saist\u0113 pat \u0101rpus Eiropas","og_description":"Sp\u0113l\u0113jot Eurojackpot tie\u0161saist\u0113, tu vari k\u013c\u016bt par miljon\u0101ru!","og_url":"https:\/\/jackpotlotteryonline.com\/play-online\/eurojackpot\/","og_site_name":"Lotto Online - Crack The International Lottery Jackpots","article_modified_time":"2022-12-30T20:58:48+00:00","og_image":[{"url":"https:\/\/jackpotlotteryonline.com\/wp-content\/uploads\/2022\/10\/1_online_ticket_eurojackpot2.jpg"}],"twitter_card":"summary_large_image","twitter_misc":{"Est. reading time":"3 minutes"},"schema":{"@context":"https:\/\/schema.org","@graph":[{"@type":"WebPage","@id":"https:\/\/jackpotlotteryonline.com\/play-online\/eurojackpot\/","url":"https:\/\/jackpotlotteryonline.com\/play-online\/eurojackpot\/","name":"Sp\u0113l\u0113jiet Eurojackpot tie\u0161saist\u0113 pat \u0101rpus Eiropas","isPartOf":{"@id":"https:\/\/jackpotlotteryonline.com\/#website"},"primaryImageOfPage":{"@id":"https:\/\/jackpotlotteryonline.com\/play-online\/eurojackpot\/#primaryimage"},"image":{"@id":"https:\/\/jackpotlotteryonline.com\/play-online\/eurojackpot\/#primaryimage"},"thumbnailUrl":"https:\/\/jackpotlotteryonline.com\/wp-content\/uploads\/2022\/10\/1_online_ticket_eurojackpot2.jpg","datePublished":"2022-11-03T09:53:00+00:00","dateModified":"2022-12-30T20:58:48+00:00","description":"Sp\u0113l\u0113jot Eurojackpot tie\u0161saist\u0113, tu vari k\u013c\u016bt par miljon\u0101ru!","breadcrumb":{"@id":"https:\/\/jackpotlotteryonline.com\/play-online\/eurojackpot\/#breadcrumb"},"inLanguage":"lv-LV","potentialAction":[{"@type":"ReadAction","target":["https:\/\/jackpotlotteryonline.com\/play-online\/eurojackpot\/"]}]},{"@type":"ImageObject","inLanguage":"lv-LV","@id":"https:\/\/jackpotlotteryonline.com\/play-online\/eurojackpot\/#primaryimage","url":"https:\/\/jackpotlotteryonline.com\/wp-content\/uploads\/2022\/10\/1_online_ticket_eurojackpot2.jpg","contentUrl":"https:\/\/jackpotlotteryonline.com\/wp-content\/uploads\/2022\/10\/1_online_ticket_eurojackpot2.jpg"},{"@type":"BreadcrumbList","@id":"https:\/\/jackpotlotteryonline.com\/play-online\/eurojackpot\/#breadcrumb","itemListElement":[{"@type":"ListItem","position":1,"name":"Home","item":"https:\/\/jackpotlotteryonline.com\/lv\/"},{"@type":"ListItem","position":2,"name":"K\u0101 sp\u0113l\u0113t","item":"https:\/\/jackpotlotteryonline.com\/play-online\/"},{"@type":"ListItem","position":3,"name":"EuroJackpot"}]},{"@type":"WebSite","@id":"https:\/\/jackpotlotteryonline.com\/#website","url":"https:\/\/jackpotlotteryonline.com\/","name":"Lotto Online - Crack The International Lottery Jackpots","description":"","potentialAction":[{"@type":"SearchAction","target":{"@type":"EntryPoint","urlTemplate":"https:\/\/jackpotlotteryonline.com\/?s={search_term_string}"},"query-input":"required name=search_term_string"}],"inLanguage":"lv-LV"}]}},"_links":{"self":[{"href":"https:\/\/jackpotlotteryonline.com\/lv\/wp-json\/wp\/v2\/pages\/36079","targetHints":{"allow":["GET"]}}],"collection":[{"href":"https:\/\/jackpotlotteryonline.com\/lv\/wp-json\/wp\/v2\/pages"}],"about":[{"href":"https:\/\/jackpotlotteryonline.com\/lv\/wp-json\/wp\/v2\/types\/page"}],"author":[{"embeddable":true,"href":"https:\/\/jackpotlotteryonline.com\/lv\/wp-json\/wp\/v2\/users\/1"}],"replies":[{"embeddable":true,"href":"https:\/\/jackpotlotteryonline.com\/lv\/wp-json\/wp\/v2\/comments?post=36079"}],"version-history":[{"count":0,"href":"https:\/\/jackpotlotteryonline.com\/lv\/wp-json\/wp\/v2\/pages\/36079\/revisions"}],"up":[{"embeddable":true,"href":"https:\/\/jackpotlotteryonline.com\/lv\/wp-json\/wp\/v2\/pages\/35705"}],"wp:attachment":[{"href":"https:\/\/jackpotlotteryonline.com\/lv\/wp-json\/wp\/v2\/media?parent=36079"}],"curies":[{"name":"wp","href":"https:\/\/api.w.org\/{rel}","templated":true}]}}