{"id":36131,"date":"2022-11-03T13:18:56","date_gmt":"2022-11-03T13:18:56","guid":{"rendered":"https:\/\/jackpotlotteryonline.com\/?page_id=36131"},"modified":"2022-12-31T07:30:05","modified_gmt":"2022-12-31T07:30:05","slug":"superenalotto-italija","status":"publish","type":"page","link":"https:\/\/jackpotlotteryonline.com\/lv\/ka-spelet\/superenalotto-italija\/","title":{"rendered":"SuperEnaLotto It\u0101lija"},"content":{"rendered":"<h2>Superenalotto Italia<\/h2>\n<p>\u0160\u012b ir It\u0101lijas d\u017eekpota loterija, kas pirmo reizi tika izloz\u0113ta 1997. gada 3. decembr\u012b, un <strong>Superenalotto tie\u0161saistes d\u017eekpots \u013coti<\/strong> bie\u017ei sasniedz astronomiskas summas. Tas tiek izloz\u0113ts katru otrdienu, ceturtdienu un sestdienu tie\u0161i plkst. 20.00. T\u0101 k\u0101 tiek izloz\u0113tas visliel\u0101k\u0101s d\u017eekpota summas, izredzes laim\u0113t \u0161aj\u0101 loterij\u0101 ir vienas no zem\u0101kaj\u0101m. Ir zin\u0101ms, <strong>ka Superenalotto Italia<\/strong> d\u017eekpota summa p\u0101rsniedz 250 miljonus eiro.<\/p>\n<section class=\"layout\" style=\"border: solid 1px; width: 100%;\">\n<div class=\"img-div\" style=\"margin-top: 5px;\"><img decoding=\"async\" class=\"wp-image-17212 alignleft\" style=\"height: 45px; margin: 8px 8px 0px;\" src=\"https:\/\/jackpotlotteryonline.com\/wp-content\/uploads\/2022\/11\/read1.jpg\" alt=\"las\u012bt\" width=\"\" height=\"\" \/><\/div>\n<div style=\"padding-left: 5px;\">\n<div style=\"font-size: 1.1em;\">\n<p><strong>Eiropas loterijas<\/strong><\/p>\n<p style=\"font-size: 0.85em; margin-top: -1.5em;\">Kuras Eiropas loterijas ir lab\u0101k\u0101s?\u00a0 <a href=\"https:\/\/jackpotlotteryonline.com\/lv\/kuras-eiropas-loterijas-ir-labakas\"> las\u012bt vair\u0101k<\/a><\/p>\n<\/div>\n<\/div>\n<\/section>\n<h2>K\u0101 darbojas Superenalotto<\/h2>\n<p><img loading=\"lazy\" decoding=\"async\" class=\"alignright wp-image-17735\" src=\"https:\/\/jackpotlotteryonline.com\/wp-content\/uploads\/2022\/10\/logo_superenalotto.png\" alt=\"sp\u0113l\u0113t superenalotto tie\u0161saist\u0113\" width=\"168\" height=\"178\" \/><\/p>\n<p><strong>Superenalotto<\/strong> izloz\u0113 ir j\u0101atrod 6 no 90 skait\u013ciem. <a href=\"https:\/\/jackpotlotteryonline.com\/lv\/laimejusie-skaitli\/superenalotto-izlozes-rezultati\">Galvenaj\u0101 izloz\u0113<\/a> tiek izloz\u0113ti visi 6 skait\u013ci, kas ietver skaitli Jolly, un p\u0113c tam notiek otra un neatkar\u012bga izloze, kur\u0101 tiek izloz\u0113ts skaitlis Superstar. Lai <strong>Superenalotto Italia<\/strong> izloz\u0113 kaut ko vinn\u0113tu, ir j\u0101atbilst vismaz 3 skait\u013ciem, un izredzes to pan\u0101kt ir 1 pret 327. Lai laim\u0113tu d\u017eekpotu, izredzes ir 1 pret 622 miljoniem.<\/p>\n<p>Superzvaig\u017e\u0146u skait\u013ca izloze maks\u0101 papildus, ta\u010du, ja jums ir veiksme to tr\u0101p\u012bt, tas var 100 reizes palielin\u0101t laimestu. Paties\u012bb\u0101, ja jums atbilst Superzvaigznes skaitlis un nesakr\u012bt se\u0161i galvenie skait\u013ci, j\u016bs varat ar\u012b sa\u0146emt fiks\u0113tu naudas balvu summu.<\/p>\n<h3>Ko j\u016bs varat vinn\u0113t ar Superenalotto d\u017eekpotu?<\/h3>\n<p>Pa\u0161laik 2022. gad\u0101 tiek izsp\u0113l\u0113ts l\u012bdz \u0161im liel\u0101kais <strong>Superenalotto Italia d\u017eekpots, kas \u0161obr\u012bd ir<\/strong> 295 miljoni eiro. Tas ir l\u012bdz \u0161im liel\u0101kais d\u017eekpots, k\u0101ds ir vinn\u0113ts It\u0101lijas loto v\u0113stur\u0113, un \u0161\u012bs lapas atjaunin\u0101\u0161anas laik\u0101 v\u0113l nav atrasts neviens uzvar\u0113t\u0101js!<br \/>\n<img loading=\"lazy\" decoding=\"async\" class=\"alignright size-medium wp-image-19493\" src=\"https:\/\/jackpotlotteryonline.com\/wp-content\/uploads\/2022\/10\/2_ticket_superenalotto4-211x300.jpg\" alt=\"superenalotto bi\u013cete\" width=\"211\" height=\"300\" srcset=\"https:\/\/jackpotlotteryonline.com\/wp-content\/uploads\/2022\/10\/2_ticket_superenalotto4-211x300.jpg 211w, https:\/\/jackpotlotteryonline.com\/wp-content\/uploads\/2022\/10\/2_ticket_superenalotto4.jpg 300w\" sizes=\"auto, (max-width: 211px) 100vw, 211px\" \/><\/p>\n<p>Tom\u0113r nav iemesla vilties. Paties\u012bb\u0101, jo liel\u0101kas izredzes, jo liel\u0101ks laim\u0113tais d\u017eekpots un jo liel\u0101ks adrenal\u012bna piepl\u016bdums. Loterija vienm\u0113r ir bijusi nejau\u0161\u012bbas sp\u0113le, un past\u0101v iesp\u0113ja, ka j\u016bs esat n\u0101kamais laim\u012bgais.<\/p>\n<p>Vislab\u0101kais tie\u0161saistes <strong>loterijas Superena d\u017eekpota aspekts<\/strong> ir tas, ka taj\u0101 var piedal\u012bties ikviens no jebkuras pasaules vietas, pat \u0101rpus It\u0101lijas, un vien\u012bgais dal\u012bbas pamats ir tas, ka j\u0101b\u016bt vec\u0101kam par 18 gadiem. <strong>M\u016bsu t\u012bmek\u013ca vietne<\/strong> sniedz jums vislab\u0101ko <a href=\"https:\/\/jackpotlotteryonline.com\/lv\/iegadaties-biletes\/superenalotto\">iesp\u0113ju piedal\u012bties loterij\u0101 Superenalotto Italia<\/a>, un, ja j\u016bs v\u0113l neesat taj\u0101 sp\u0113l\u0113jis, j\u016bs stumjat laimi nepareiz\u0101 viet\u0101.<\/p>\n<p>Tikl\u012bdz esat re\u0123istr\u0113jies m\u016bsu vietn\u0113 un esat p\u0101rbaud\u012bjis savas pilnvaras, viss, kas jums b\u016btu j\u0101dara, ir j\u0101izv\u0113las numuri un j\u0101veic maks\u0101jums, lai p\u0101rliecin\u0101tos, ka esat rezerv\u0113jis savu vietu autobus\u0101 uz miljoniem. M\u016bsu viet\u0113jais p\u0101rst\u0101vis uz vietas ieg\u0101d\u0101sies j\u016bsu bi\u013ceti ar j\u016bsu nor\u0101d\u012btajiem numuriem un nodro\u0161in\u0101s, ka dr\u012bz p\u0113c tam j\u016bs var\u0113siet redz\u0113t \u0161\u012bs bi\u013cetes sken\u0113jumu..<\/p>\n<p>Lai gan <strong>Superenalotto Italia<\/strong> uzvara ir saist\u012bta ar nelabv\u0113l\u012bg\u0101m izredz\u0113m, j\u016bs varat p\u0101rbaud\u012bt ar\u012b citas loterijas vis\u0101 pasaul\u0113, kuras varat sp\u0113l\u0113t tie\u0161saist\u0113, izmantojot m\u016bsu pakalpojumu.<\/p>\n<p>Izv\u0113lieties savas iecien\u012bt\u0101k\u0101s azartsp\u0113les un palieliniet laimestu procentus, pievienojoties m\u016bsu lietot\u0101ju kopienai jau \u0161odien. Ir pien\u0101cis laiks p\u0101rbaud\u012bt savu veiksmi.<\/p>\n","protected":false},"excerpt":{"rendered":"<p>Superenalotto Italia \u0160\u012b ir It\u0101lijas d\u017eekpota loterija, kas pirmo reizi tika izloz\u0113ta 1997. gada 3. decembr\u012b, un Superenalotto tie\u0161saistes d\u017eekpots \u013coti bie\u017ei sasniedz astronomiskas summas. Tas tiek izloz\u0113ts katru otrdienu, ceturtdienu un sestdienu tie\u0161i plkst. 20.00. T\u0101 k\u0101 tiek izloz\u0113tas visliel\u0101k\u0101s d\u017eekpota summas, izredzes laim\u0113t \u0161aj\u0101 loterij\u0101 ir vienas no zem\u0101kaj\u0101m. Ir zin\u0101ms, ka Superenalotto [&hellip;]<\/p>\n","protected":false},"author":1,"featured_media":0,"parent":35705,"menu_order":5,"comment_status":"closed","ping_status":"closed","template":"superenalotto.php","meta":{"_et_pb_use_builder":"","_et_pb_old_content":"","_et_gb_content_width":"","exclude_from_search":false,"footnotes":""},"class_list":["post-36131","page","type-page","status-publish","hentry"],"yoast_head":"<!-- This site is optimized with the Yoast SEO plugin v23.3 - https:\/\/yoast.com\/wordpress\/plugins\/seo\/ -->\n<title>Sp\u0113l\u0113jiet SuperEnaLotto tie\u0161saist\u0113 \u0101rpus It\u0101lijas<\/title>\n<meta name=\"description\" content=\"Var \u0161\u0137ist, ka SuperEnaLotto ir ciets rieksts, ta\u010du, ja jums izdodas tr\u0101p\u012bt d\u017eekpotu, j\u016bs vinn\u0113siet lielu laimestu. Sp\u0113l\u0113jiet Superenalotto \u0101rpus It\u0101lijas \u0161eit!\" \/>\n<meta name=\"robots\" content=\"index, follow, max-snippet:-1, max-image-preview:large, max-video-preview:-1\" \/>\n<link rel=\"canonical\" href=\"https:\/\/jackpotlotteryonline.com\/play-online\/superenalotto\/\" \/>\n<meta property=\"og:locale\" content=\"lv_LV\" \/>\n<meta property=\"og:type\" content=\"article\" \/>\n<meta property=\"og:title\" content=\"Sp\u0113l\u0113jiet SuperEnaLotto tie\u0161saist\u0113 \u0101rpus It\u0101lijas\" \/>\n<meta property=\"og:description\" content=\"Var \u0161\u0137ist, ka SuperEnaLotto ir ciets rieksts, ta\u010du, ja jums izdodas tr\u0101p\u012bt d\u017eekpotu, j\u016bs vinn\u0113siet lielu laimestu. Sp\u0113l\u0113jiet Superenalotto \u0101rpus It\u0101lijas \u0161eit!\" \/>\n<meta property=\"og:url\" content=\"https:\/\/jackpotlotteryonline.com\/play-online\/superenalotto\/\" \/>\n<meta property=\"og:site_name\" content=\"Lotto Online - Crack The International Lottery Jackpots\" \/>\n<meta property=\"article:modified_time\" content=\"2022-12-31T07:30:05+00:00\" \/>\n<meta property=\"og:image\" content=\"https:\/\/jackpotlotteryonline.com\/wp-content\/uploads\/2022\/11\/read1.jpg\" \/>\n<meta name=\"twitter:card\" content=\"summary_large_image\" \/>\n<meta name=\"twitter:label1\" content=\"Est. reading time\" \/>\n\t<meta name=\"twitter:data1\" content=\"3 minutes\" \/>\n<!-- \/ Yoast SEO plugin. -->","yoast_head_json":{"title":"Sp\u0113l\u0113jiet SuperEnaLotto tie\u0161saist\u0113 \u0101rpus It\u0101lijas","description":"Var \u0161\u0137ist, ka SuperEnaLotto ir ciets rieksts, ta\u010du, ja jums izdodas tr\u0101p\u012bt d\u017eekpotu, j\u016bs vinn\u0113siet lielu laimestu. Sp\u0113l\u0113jiet Superenalotto \u0101rpus It\u0101lijas \u0161eit!","robots":{"index":"index","follow":"follow","max-snippet":"max-snippet:-1","max-image-preview":"max-image-preview:large","max-video-preview":"max-video-preview:-1"},"canonical":"https:\/\/jackpotlotteryonline.com\/play-online\/superenalotto\/","og_locale":"lv_LV","og_type":"article","og_title":"Sp\u0113l\u0113jiet SuperEnaLotto tie\u0161saist\u0113 \u0101rpus It\u0101lijas","og_description":"Var \u0161\u0137ist, ka SuperEnaLotto ir ciets rieksts, ta\u010du, ja jums izdodas tr\u0101p\u012bt d\u017eekpotu, j\u016bs vinn\u0113siet lielu laimestu. Sp\u0113l\u0113jiet Superenalotto \u0101rpus It\u0101lijas \u0161eit!","og_url":"https:\/\/jackpotlotteryonline.com\/play-online\/superenalotto\/","og_site_name":"Lotto Online - Crack The International Lottery Jackpots","article_modified_time":"2022-12-31T07:30:05+00:00","og_image":[{"url":"https:\/\/jackpotlotteryonline.com\/wp-content\/uploads\/2022\/11\/read1.jpg"}],"twitter_card":"summary_large_image","twitter_misc":{"Est. reading time":"3 minutes"},"schema":{"@context":"https:\/\/schema.org","@graph":[{"@type":"WebPage","@id":"https:\/\/jackpotlotteryonline.com\/play-online\/superenalotto\/","url":"https:\/\/jackpotlotteryonline.com\/play-online\/superenalotto\/","name":"Sp\u0113l\u0113jiet SuperEnaLotto tie\u0161saist\u0113 \u0101rpus It\u0101lijas","isPartOf":{"@id":"https:\/\/jackpotlotteryonline.com\/#website"},"primaryImageOfPage":{"@id":"https:\/\/jackpotlotteryonline.com\/play-online\/superenalotto\/#primaryimage"},"image":{"@id":"https:\/\/jackpotlotteryonline.com\/play-online\/superenalotto\/#primaryimage"},"thumbnailUrl":"https:\/\/jackpotlotteryonline.com\/wp-content\/uploads\/2022\/11\/read1.jpg","datePublished":"2022-11-03T13:18:56+00:00","dateModified":"2022-12-31T07:30:05+00:00","description":"Var \u0161\u0137ist, ka SuperEnaLotto ir ciets rieksts, ta\u010du, ja jums izdodas tr\u0101p\u012bt d\u017eekpotu, j\u016bs vinn\u0113siet lielu laimestu. Sp\u0113l\u0113jiet Superenalotto \u0101rpus It\u0101lijas \u0161eit!","breadcrumb":{"@id":"https:\/\/jackpotlotteryonline.com\/play-online\/superenalotto\/#breadcrumb"},"inLanguage":"lv-LV","potentialAction":[{"@type":"ReadAction","target":["https:\/\/jackpotlotteryonline.com\/play-online\/superenalotto\/"]}]},{"@type":"ImageObject","inLanguage":"lv-LV","@id":"https:\/\/jackpotlotteryonline.com\/play-online\/superenalotto\/#primaryimage","url":"https:\/\/jackpotlotteryonline.com\/wp-content\/uploads\/2022\/11\/read1.jpg","contentUrl":"https:\/\/jackpotlotteryonline.com\/wp-content\/uploads\/2022\/11\/read1.jpg"},{"@type":"BreadcrumbList","@id":"https:\/\/jackpotlotteryonline.com\/play-online\/superenalotto\/#breadcrumb","itemListElement":[{"@type":"ListItem","position":1,"name":"Home","item":"https:\/\/jackpotlotteryonline.com\/lv\/"},{"@type":"ListItem","position":2,"name":"K\u0101 sp\u0113l\u0113t","item":"https:\/\/jackpotlotteryonline.com\/play-online\/"},{"@type":"ListItem","position":3,"name":"SuperEnaLotto It\u0101lija"}]},{"@type":"WebSite","@id":"https:\/\/jackpotlotteryonline.com\/#website","url":"https:\/\/jackpotlotteryonline.com\/","name":"Lotto Online - Crack The International Lottery Jackpots","description":"","potentialAction":[{"@type":"SearchAction","target":{"@type":"EntryPoint","urlTemplate":"https:\/\/jackpotlotteryonline.com\/?s={search_term_string}"},"query-input":"required name=search_term_string"}],"inLanguage":"lv-LV"}]}},"_links":{"self":[{"href":"https:\/\/jackpotlotteryonline.com\/lv\/wp-json\/wp\/v2\/pages\/36131","targetHints":{"allow":["GET"]}}],"collection":[{"href":"https:\/\/jackpotlotteryonline.com\/lv\/wp-json\/wp\/v2\/pages"}],"about":[{"href":"https:\/\/jackpotlotteryonline.com\/lv\/wp-json\/wp\/v2\/types\/page"}],"author":[{"embeddable":true,"href":"https:\/\/jackpotlotteryonline.com\/lv\/wp-json\/wp\/v2\/users\/1"}],"replies":[{"embeddable":true,"href":"https:\/\/jackpotlotteryonline.com\/lv\/wp-json\/wp\/v2\/comments?post=36131"}],"version-history":[{"count":0,"href":"https:\/\/jackpotlotteryonline.com\/lv\/wp-json\/wp\/v2\/pages\/36131\/revisions"}],"up":[{"embeddable":true,"href":"https:\/\/jackpotlotteryonline.com\/lv\/wp-json\/wp\/v2\/pages\/35705"}],"wp:attachment":[{"href":"https:\/\/jackpotlotteryonline.com\/lv\/wp-json\/wp\/v2\/media?parent=36131"}],"curies":[{"name":"wp","href":"https:\/\/api.w.org\/{rel}","templated":true}]}}