{"id":36191,"date":"2022-11-04T06:39:15","date_gmt":"2022-11-04T06:39:15","guid":{"rendered":"https:\/\/jackpotlotteryonline.com\/?page_id=36191"},"modified":"2023-01-03T08:28:52","modified_gmt":"2023-01-03T08:28:52","slug":"el-gordo","status":"publish","type":"page","link":"https:\/\/jackpotlotteryonline.com\/lv\/ka-spelet\/el-gordo\/","title":{"rendered":"Sp\u0113l\u0113t El Gordo Lotto Sp\u0101nija"},"content":{"rendered":"<h2>El Gordo tie\u0161saistes Lotto d\u017eekpots<\/h2>\n<p><img loading=\"lazy\" decoding=\"async\" class=\"alignright wp-image-18709\" src=\"http:\/\/jackpotlotteryonline.com\/wp-content\/uploads\/2022\/10\/2_ticket_el_gordo3-218x300.jpg\" alt=\"el gordo bi\u013cete\" width=\"174\" height=\"239\" srcset=\"https:\/\/jackpotlotteryonline.com\/wp-content\/uploads\/2022\/10\/2_ticket_el_gordo3-218x300.jpg 218w, https:\/\/jackpotlotteryonline.com\/wp-content\/uploads\/2022\/10\/2_ticket_el_gordo3.jpg 570w\" sizes=\"auto, (max-width: 174px) 100vw, 174px\" \/><\/p>\n<p>Vid\u0113jais sp\u0101nis 2009. gad\u0101 El Gordo loto d\u017eekpot\u0101 izt\u0113r\u0113ja satrieco\u0161u summu &#8211; 60 eiro. Nu, skaitlis 60 \u20ac var ne\u0161\u0137ist liels, ta\u010du, ja to reizina ar Sp\u0101nijas iedz\u012bvot\u0101ju skaitu, var apstulbin\u0101t. El Gordo loterija, kas vislab\u0101k paz\u012bstama k\u0101 Sp\u0101nijas Ziemassv\u0113tku loterija, tiek izloz\u0113ta katru ned\u0113\u013cu.<\/p>\n<p>T\u0101 ir loterija ar <a href=\"https:\/\/jackpotlotteryonline.com\/lv\/laimejusie-skaitli\/el-gordo-draw-results\">vienu izlozi ned\u0113\u013c\u0101 (katru sv\u0113tdienu)<\/a>, un jums ir j\u0101izloz\u0113 5 skait\u013ci no 54 skait\u013cu kl\u0101sta. Starp citu, nosaukums El Gordo sp\u0101\u0146u valod\u0101 noz\u012bm\u0113 &#8220;Lielais&#8221;.<\/p>\n<h2>El Gordo Ziemassv\u0113tku izloze<\/h2>\n<p>El Gordo Navidad, kas tiek izsp\u0113l\u0113ta reizi gad\u0101 Ziemassv\u0113tku laik\u0101, \u013coti at\u0161\u0137iras no cit\u0101m l\u012bdz\u012bg\u0101m loterij\u0101m pasaul\u0113, jo ir pieejami tikai 85000 loterijas skait\u013cu (no 00000 l\u012bdz 84999), un loterijas izloze ir \u013coti \u012bpa\u0161s notikums, kura sagatavo\u0161ana un izpilde prasa ilgu laiku.<\/p>\n<section class=\"layout\" style=\"border: solid 1px; width: 100%;\">\n<div class=\"img-div\" style=\"margin-top: 5px;\"><img decoding=\"async\" class=\"wp-image-17212 alignleft\" style=\"height: 45px; margin: 8px 8px 0px;\" src=\"http:\/\/jackpotlotteryonline.com\/wp-content\/uploads\/2022\/11\/read1.jpg\" alt=\"las\u012bt\" width=\"\" height=\"\" \/><\/div>\n<div style=\"padding-left: 5px;\">\n<div style=\"font-size: 1.1em;\">\n<p><strong>Nepalaidiet gar\u0101m pasaules liel\u0101ko loterijas d\u017eekpotu izlozes laikus<\/strong><\/p>\n<p style=\"font-size: 0.85em; margin-top: -1.5em;\">Starptautisko loteriju izlozes laika saraksts <a href=\"https:\/\/jackpotlotteryonline.com\/lv\/kad-ir-starptautisko-loteriju-izlozes-laiki\">las\u012bt vair\u0101k<\/a><\/p>\n<\/div>\n<\/div>\n<\/section>\n<h2>K\u0101p\u0113c Ziemassv\u0113tku El Gordo ir unik\u0101la?<\/h2>\n<p><img loading=\"lazy\" decoding=\"async\" class=\"alignright size-full wp-image-17870\" src=\"http:\/\/jackpotlotteryonline.com\/wp-content\/uploads\/2022\/10\/lotto_euros.jpg\" alt=\"uzvar\u0113t Ziemassv\u0113tku El Gordo\" width=\"225\" height=\"134\" \/><\/p>\n<p>Pati izloze ir \u013coti unik\u0101la un at\u0161\u0137ir\u012bga. Taj\u0101 nav iesaist\u012btas gandr\u012bz nek\u0101das iek\u0101rtas vai tehnolo\u0123ijas. Milz\u012bga lode ir piepild\u012bta ar koka bumbi\u0146\u0101m, uz katras no kur\u0101m ir viens no piecciparu skait\u013ciem. Otr\u0101 sf\u0113r\u0101 ir bumbi\u0146as ar balv\u0101m. Izlozi veic divi b\u0113rni, kuri no katras sf\u0113ras iz\u0146em pa vienai bumbi\u0146ai, kas nosaka laim\u0113ju\u0161o skaitli un balvu, kuru \u0161is skaitlis ir laim\u0113jis.<\/p>\n<p>El Gordo Online lotto d\u017eekpots, ko piln\u012bb\u0101 izloz\u0113 cilv\u0113ka rokas, ir \u013coti unik\u0101ls un viens no piepras\u012bt\u0101kajiem kontinent\u0101laj\u0101 Eirop\u0101. Taj\u0101 ir tr\u012bs galven\u0101s balvas un vair\u0101k nek\u0101 1000 maz\u0101ku balvu, turkl\u0101t skait\u013ci, kas da\u013c\u0113ji sakr\u012bt ar trim galvenaj\u0101m balv\u0101m, ar\u012b kaut ko vinn\u0113. T\u0101d\u0113j\u0101di laimestu izredzes uz laimestu palielin\u0101s par diezgan lielu summu.<\/p>\n<p>El Gordo ir viens no liel\u0101kajiem loterijas d\u017eekpotiem pasaul\u0113, kura kop\u0113jais laimestu apjoms katru gadu p\u0101rsniedz 3 miljardus eiro (no \u0161\u012b br\u012b\u017ea, un tas nep\u0101rtraukti pieaug). Jums nav j\u0101b\u016bt Sp\u0101nijas vai Eiropas pilsonim, El Gordo Lotto var sp\u0113l\u0113t ikviens, kas vec\u0101ks par 18 gadiem.<\/p>\n<h2>K\u0101 un k\u0101p\u0113c jums vajadz\u0113tu sp\u0113l\u0113t El Gordo tie\u0161saist\u0113?<\/h2>\n<p>Re\u0123istr\u0113jieties m\u016bsu t\u012bmek\u013ca vietn\u0113 jau \u0161odien, lai p\u0101rliecin\u0101tos, ka esat rezerv\u0113jis savu vietu uz bag\u0101t\u012bbu. M\u0113s pal\u012bdz\u0113sim sp\u0113l\u0113t\u0101jiem \u0101rpus Sp\u0101nijas piedal\u012bties El Gordo loterij\u0101. Viss, kas jums j\u0101dara, ir j\u0101noform\u0113 konts, j\u0101izv\u0113las skait\u013ci un j\u0101veic maks\u0101jums. P\u0113c tam m\u0113s nodro\u0161in\u0101sim, lai <a href=\"https:\/\/jackpotlotteryonline.com\/lv\/iegadaties-biletes\/el-gordo\">j\u016bsu v\u0101rd\u0101 tiktu nopirkta bi\u013cete uz El Gordo loterijas d\u017eekpotu<\/a>. Bi\u013cete ar j\u016bsu izv\u0113l\u0113tajiem skait\u013ciem tiks sken\u0113ta j\u016bsu viet\u0101, un gad\u012bjum\u0101, ja laim\u0113siet laimestu, m\u0113s ar\u012b pal\u012bdz\u0113sim nodro\u0161in\u0101t, lai nauda p\u0113c iesp\u0113jas \u0101tr\u0101k non\u0101ktu pie jums. Ieteicams jau \u0161odien rezerv\u0113t bi\u013ceti ar saviem iecien\u012bt\u0101kajiem skait\u013ciem.<\/p>\n","protected":false},"excerpt":{"rendered":"<p>El Gordo tie\u0161saistes Lotto d\u017eekpots Vid\u0113jais sp\u0101nis 2009. gad\u0101 El Gordo loto d\u017eekpot\u0101 izt\u0113r\u0113ja satrieco\u0161u summu &#8211; 60 eiro. Nu, skaitlis 60 \u20ac var ne\u0161\u0137ist liels, ta\u010du, ja to reizina ar Sp\u0101nijas iedz\u012bvot\u0101ju skaitu, var apstulbin\u0101t. El Gordo loterija, kas vislab\u0101k paz\u012bstama k\u0101 Sp\u0101nijas Ziemassv\u0113tku loterija, tiek izloz\u0113ta katru ned\u0113\u013cu. T\u0101 ir loterija ar vienu [&hellip;]<\/p>\n","protected":false},"author":1,"featured_media":0,"parent":35705,"menu_order":6,"comment_status":"closed","ping_status":"closed","template":"el-gordo.php","meta":{"_et_pb_use_builder":"","_et_pb_old_content":"","_et_gb_content_width":"","exclude_from_search":false,"footnotes":""},"class_list":["post-36191","page","type-page","status-publish","hentry"],"yoast_head":"<!-- This site is optimized with the Yoast SEO plugin v23.3 - https:\/\/yoast.com\/wordpress\/plugins\/seo\/ -->\n<title>Sp\u0113l\u0113jiet Sp\u0101nijas El Gordo Lotto tie\u0161saist\u0113 - pat \u0101rpus Sp\u0101nijas.<\/title>\n<meta name=\"description\" content=\"El Gordo Lotto tie\u0161saistes d\u017eekpots ir viens no liel\u0101kajiem d\u017eekpotiem pasaul\u0113, un to var sp\u0113l\u0113t tie\u0161saist\u0113 ar\u012b no valst\u012bm \u0101rpus Sp\u0101nijas.\" \/>\n<meta name=\"robots\" content=\"index, follow, max-snippet:-1, max-image-preview:large, max-video-preview:-1\" \/>\n<link rel=\"canonical\" href=\"https:\/\/jackpotlotteryonline.com\/play-online\/el-gordo\/\" \/>\n<meta property=\"og:locale\" content=\"lv_LV\" \/>\n<meta property=\"og:type\" content=\"article\" \/>\n<meta property=\"og:title\" content=\"Sp\u0113l\u0113jiet Sp\u0101nijas El Gordo Lotto tie\u0161saist\u0113 - pat \u0101rpus Sp\u0101nijas.\" \/>\n<meta property=\"og:description\" content=\"El Gordo Lotto tie\u0161saistes d\u017eekpots ir viens no liel\u0101kajiem d\u017eekpotiem pasaul\u0113, un to var sp\u0113l\u0113t tie\u0161saist\u0113 ar\u012b no valst\u012bm \u0101rpus Sp\u0101nijas.\" \/>\n<meta property=\"og:url\" content=\"https:\/\/jackpotlotteryonline.com\/play-online\/el-gordo\/\" \/>\n<meta property=\"og:site_name\" content=\"Lotto Online - Crack The International Lottery Jackpots\" \/>\n<meta property=\"article:modified_time\" content=\"2023-01-03T08:28:52+00:00\" \/>\n<meta property=\"og:image\" content=\"http:\/\/jackpotlotteryonline.com\/wp-content\/uploads\/2022\/10\/2_ticket_el_gordo3-218x300.jpg\" \/>\n<meta name=\"twitter:card\" content=\"summary_large_image\" \/>\n<meta name=\"twitter:label1\" content=\"Est. reading time\" \/>\n\t<meta name=\"twitter:data1\" content=\"3 minutes\" \/>\n<!-- \/ Yoast SEO plugin. -->","yoast_head_json":{"title":"Sp\u0113l\u0113jiet Sp\u0101nijas El Gordo Lotto tie\u0161saist\u0113 - pat \u0101rpus Sp\u0101nijas.","description":"El Gordo Lotto tie\u0161saistes d\u017eekpots ir viens no liel\u0101kajiem d\u017eekpotiem pasaul\u0113, un to var sp\u0113l\u0113t tie\u0161saist\u0113 ar\u012b no valst\u012bm \u0101rpus Sp\u0101nijas.","robots":{"index":"index","follow":"follow","max-snippet":"max-snippet:-1","max-image-preview":"max-image-preview:large","max-video-preview":"max-video-preview:-1"},"canonical":"https:\/\/jackpotlotteryonline.com\/play-online\/el-gordo\/","og_locale":"lv_LV","og_type":"article","og_title":"Sp\u0113l\u0113jiet Sp\u0101nijas El Gordo Lotto tie\u0161saist\u0113 - pat \u0101rpus Sp\u0101nijas.","og_description":"El Gordo Lotto tie\u0161saistes d\u017eekpots ir viens no liel\u0101kajiem d\u017eekpotiem pasaul\u0113, un to var sp\u0113l\u0113t tie\u0161saist\u0113 ar\u012b no valst\u012bm \u0101rpus Sp\u0101nijas.","og_url":"https:\/\/jackpotlotteryonline.com\/play-online\/el-gordo\/","og_site_name":"Lotto Online - Crack The International Lottery Jackpots","article_modified_time":"2023-01-03T08:28:52+00:00","og_image":[{"url":"http:\/\/jackpotlotteryonline.com\/wp-content\/uploads\/2022\/10\/2_ticket_el_gordo3-218x300.jpg"}],"twitter_card":"summary_large_image","twitter_misc":{"Est. reading time":"3 minutes"},"schema":{"@context":"https:\/\/schema.org","@graph":[{"@type":"WebPage","@id":"https:\/\/jackpotlotteryonline.com\/play-online\/el-gordo\/","url":"https:\/\/jackpotlotteryonline.com\/play-online\/el-gordo\/","name":"Sp\u0113l\u0113jiet Sp\u0101nijas El Gordo Lotto tie\u0161saist\u0113 - pat \u0101rpus Sp\u0101nijas.","isPartOf":{"@id":"https:\/\/jackpotlotteryonline.com\/#website"},"primaryImageOfPage":{"@id":"https:\/\/jackpotlotteryonline.com\/play-online\/el-gordo\/#primaryimage"},"image":{"@id":"https:\/\/jackpotlotteryonline.com\/play-online\/el-gordo\/#primaryimage"},"thumbnailUrl":"http:\/\/jackpotlotteryonline.com\/wp-content\/uploads\/2022\/10\/2_ticket_el_gordo3-218x300.jpg","datePublished":"2022-11-04T06:39:15+00:00","dateModified":"2023-01-03T08:28:52+00:00","description":"El Gordo Lotto tie\u0161saistes d\u017eekpots ir viens no liel\u0101kajiem d\u017eekpotiem pasaul\u0113, un to var sp\u0113l\u0113t tie\u0161saist\u0113 ar\u012b no valst\u012bm \u0101rpus Sp\u0101nijas.","breadcrumb":{"@id":"https:\/\/jackpotlotteryonline.com\/play-online\/el-gordo\/#breadcrumb"},"inLanguage":"lv-LV","potentialAction":[{"@type":"ReadAction","target":["https:\/\/jackpotlotteryonline.com\/play-online\/el-gordo\/"]}]},{"@type":"ImageObject","inLanguage":"lv-LV","@id":"https:\/\/jackpotlotteryonline.com\/play-online\/el-gordo\/#primaryimage","url":"http:\/\/jackpotlotteryonline.com\/wp-content\/uploads\/2022\/10\/2_ticket_el_gordo3-218x300.jpg","contentUrl":"http:\/\/jackpotlotteryonline.com\/wp-content\/uploads\/2022\/10\/2_ticket_el_gordo3-218x300.jpg"},{"@type":"BreadcrumbList","@id":"https:\/\/jackpotlotteryonline.com\/play-online\/el-gordo\/#breadcrumb","itemListElement":[{"@type":"ListItem","position":1,"name":"Home","item":"https:\/\/jackpotlotteryonline.com\/lv\/"},{"@type":"ListItem","position":2,"name":"K\u0101 sp\u0113l\u0113t","item":"https:\/\/jackpotlotteryonline.com\/play-online\/"},{"@type":"ListItem","position":3,"name":"Sp\u0113l\u0113t El Gordo Lotto Sp\u0101nija"}]},{"@type":"WebSite","@id":"https:\/\/jackpotlotteryonline.com\/#website","url":"https:\/\/jackpotlotteryonline.com\/","name":"Lotto Online - Crack The International Lottery Jackpots","description":"","potentialAction":[{"@type":"SearchAction","target":{"@type":"EntryPoint","urlTemplate":"https:\/\/jackpotlotteryonline.com\/?s={search_term_string}"},"query-input":"required name=search_term_string"}],"inLanguage":"lv-LV"}]}},"_links":{"self":[{"href":"https:\/\/jackpotlotteryonline.com\/lv\/wp-json\/wp\/v2\/pages\/36191","targetHints":{"allow":["GET"]}}],"collection":[{"href":"https:\/\/jackpotlotteryonline.com\/lv\/wp-json\/wp\/v2\/pages"}],"about":[{"href":"https:\/\/jackpotlotteryonline.com\/lv\/wp-json\/wp\/v2\/types\/page"}],"author":[{"embeddable":true,"href":"https:\/\/jackpotlotteryonline.com\/lv\/wp-json\/wp\/v2\/users\/1"}],"replies":[{"embeddable":true,"href":"https:\/\/jackpotlotteryonline.com\/lv\/wp-json\/wp\/v2\/comments?post=36191"}],"version-history":[{"count":0,"href":"https:\/\/jackpotlotteryonline.com\/lv\/wp-json\/wp\/v2\/pages\/36191\/revisions"}],"up":[{"embeddable":true,"href":"https:\/\/jackpotlotteryonline.com\/lv\/wp-json\/wp\/v2\/pages\/35705"}],"wp:attachment":[{"href":"https:\/\/jackpotlotteryonline.com\/lv\/wp-json\/wp\/v2\/media?parent=36191"}],"curies":[{"name":"wp","href":"https:\/\/api.w.org\/{rel}","templated":true}]}}