{"id":36248,"date":"2022-11-04T08:13:35","date_gmt":"2022-11-04T08:13:35","guid":{"rendered":"https:\/\/jackpotlotteryonline.com\/?page_id=36248"},"modified":"2022-12-31T10:49:51","modified_gmt":"2022-12-31T10:49:51","slug":"france-lotto","status":"publish","type":"page","link":"https:\/\/jackpotlotteryonline.com\/lv\/ka-spelet\/france-lotto\/","title":{"rendered":"Sp\u0113l\u0113jiet Francijas loteriju"},"content":{"rendered":"<h2>Francija Lotto tie\u0161saist\u0113<\/h2>\n<p><img loading=\"lazy\" decoding=\"async\" class=\"alignright size-full wp-image-18410\" src=\"https:\/\/jackpotlotteryonline.com\/wp-content\/uploads\/2022\/10\/win_big.jpg\" alt=\"sp\u0113l\u0113t france lotto tie\u0161saist\u0113\" width=\"224\" height=\"134\" \/><\/p>\n<p>France Lotto ir viena no vec\u0101kaj\u0101m organiz\u0113taj\u0101m Eiropas loterij\u0101m, un to organiz\u0113 un p\u0101rvalda Francaise des Jeux Group. T\u0101 ir \u013coti popul\u0101ra Francij\u0101 un cit\u0101s Eiropas da\u013c\u0101s. T\u0101 k\u0101 fran\u010di ir \u013coti kaisl\u012bgi azartsp\u0113\u013cu cien\u012bt\u0101ji, <a href=\"https:\/\/jackpotlotteryonline.com\/lv\/laimejusie-skaitli\/france-lotto\">France Lotto online tiek izloz\u0113ts tr\u012bs reizes ned\u0113\u013c\u0101 (pirmdien\u0101s, tre\u0161dien\u0101s un sestdien\u0101s)<\/a>, pretstat\u0101 vairumam citu Eiropas loteriju, kas tiek izloz\u0113tas tikai divas reizes ned\u0113\u013c\u0101. Tiek l\u0113sts, ka Francijas Lotto gada laik\u0101 tiek sadal\u012bti vair\u0101k nek\u0101 4,4 miljardi laimestu, un tai ir liels d\u017eekpots.<\/p>\n<p>Jums nav j\u0101b\u016bt Francijas iedz\u012bvot\u0101jam &#8211; <strong>ar m\u016bsu pal\u012bdz\u012bbu Francijas loto sp\u0113l\u0113\u0161ana \u0101rpus Francijas ir iesp\u0113jama tie\u0161saist\u0113.<\/strong><\/p>\n<p>Sal\u012bdzinot ar cit\u0101m Eiropas loterij\u0101m, Francijas Lotto tie\u0161saist\u0113 pied\u0101v\u0101 iev\u0113rojamu d\u017eekpotu pieaugumu, jo d\u017eekpots palielin\u0101s par miljonu eiro. T\u0101 k\u0101 katru ned\u0113\u013cu notiek tr\u012bs izlozes, tas diezgan \u0101tri uzkr\u0101jas un pieaug, l\u012bdz tiek laim\u0113ts. Fakts, ka d\u017eekpots netiek uzskat\u012bts par augst\u0101ko starp loterij\u0101m, pier\u0101da, ka d\u017eekpots tiek laim\u0113ts bie\u017e\u0101k nek\u0101 cit\u0101s loterij\u0101s.<\/p>\n<p>Tiek uzskat\u012bts, ka France Lotto online ir rad\u012bjusi vair\u0101k miljon\u0101ru nek\u0101 liel\u0101k\u0101 da\u013ca citu l\u012bdz\u012bgu loteriju Eirop\u0101. Jums vajadz\u0113tu izmantot savas iesp\u0113jas un<a href=\"https:\/\/jackpotlotteryonline.com\/lv\/iegadaties-biletes\/lotto-france\"> ieg\u0101d\u0101ties France Lotto bi\u013ceti tie\u0161saist\u0113<\/a>, lai k\u013c\u016btu par n\u0101kamo miljon\u0101ru.<\/p>\n<p>M\u0113s esam \u0161eit, lai pal\u012bdz\u0113tu jums sp\u0113l\u0113t Francijas Lotto tie\u0161saist\u0113. \u0160\u012bs sp\u0113les sp\u0113l\u0113\u0161ana ir tikpat vienk\u0101r\u0161a k\u0101 ABC, un vi\u0146i pal\u012bdz\u0113s jums vis\u0101 t\u0101s gait\u0101.<\/p>\n<section class=\"layout\" style=\"border: solid 1px; width: 100%;\">\n<div class=\"img-div\" style=\"margin-top: 5px;\"><img decoding=\"async\" class=\"wp-image-17212 alignleft\" style=\"height: 45px; margin: 8px 8px 0px;\" src=\"https:\/\/jackpotlotteryonline.com\/wp-content\/uploads\/2022\/11\/read1.jpg\" alt=\"las\u012bt\" width=\"\" height=\"\" \/><\/div>\n<div style=\"padding-left: 5px;\">\n<div style=\"font-size: 1.1em;\">\n<p><strong>Skatieties, k\u0101 izlozes numuri tiek izloz\u0113ti tie\u0161raid\u0113<\/strong><\/p>\n<p style=\"font-size: 0.85em; margin-top: -1.5em;\">K\u0101 skat\u012bties savu iecien\u012bt\u0101ko loteriju tie\u0161raides izlozes\u00a0 <a href=\"https:\/\/jackpotlotteryonline.com\/lv\/skatieties-ka-izlozes-numuri-tiek-izlozeti-dzivaja\">las\u012bt vair\u0101k<\/a><\/p>\n<\/div>\n<\/div>\n<\/section>\n<h2>K\u0101 sp\u0113l\u0113t France Lotto tie\u0161saist\u0113?<\/h2>\n<p><img loading=\"lazy\" decoding=\"async\" class=\"alignright wp-image-27131\" src=\"https:\/\/jackpotlotteryonline.com\/wp-content\/uploads\/2022\/11\/1_jckpot_win_online.jpg\" alt=\"Francijas loterijas d\u017eekpots\" width=\"159\" height=\"159\" srcset=\"https:\/\/jackpotlotteryonline.com\/wp-content\/uploads\/2022\/11\/1_jckpot_win_online.jpg 300w, https:\/\/jackpotlotteryonline.com\/wp-content\/uploads\/2022\/11\/1_jckpot_win_online-100x100.jpg 100w, https:\/\/jackpotlotteryonline.com\/wp-content\/uploads\/2022\/11\/1_jckpot_win_online-150x150.jpg 150w\" sizes=\"auto, (max-width: 159px) 100vw, 159px\" \/><\/p>\n<p>T\u0101pat k\u0101 jebkur\u0101 cit\u0101 loterij\u0101, ar\u012b France Lotto ir j\u0101izloz\u0113 5 skait\u013ci no 49 un viens skaitlis no citas 10 skait\u013cu grupas. Bi\u013cetes ieg\u0101de ir vienk\u0101r\u0161a, kad j\u016bs pas\u016bt\u012bsiet bi\u013ceti ar m\u016bsu starpniec\u012bbu, m\u0113s ieg\u0101d\u0101simies bi\u013ceti j\u016bsu v\u0101rd\u0101. Uzreiz p\u0113c pirkuma sav\u0101 kont\u0101 redz\u0113siet izv\u0113l\u0113tos skait\u013cus, un nedaudz v\u0113l\u0101k j\u016bsu kont\u0101 b\u016bs redzams ar\u012b j\u016bsu ieraksta sken\u0113jums.<\/p>\n<p>Ja esat skeptiski noska\u0146ots attiec\u012bb\u0101 uz numuru izv\u0113li, mums ir ar\u012b loterijas numuru \u0123enerators, un France Lotto tie\u0161saistes \u0101tr\u0101s izv\u0113les iesp\u0113ja \u013cauj izsp\u0113l\u0113t nejau\u0161us numurus.<\/p>\n<p>Jums j\u0101b\u016bt vec\u0101kam par 18 gadiem, lai ieg\u0101d\u0101tos France lotto online bi\u013ceti, un, pirms to dar\u0101t ar m\u016bsu starpniec\u012bbu, varat veikt iepriek\u0161\u0113jo rezult\u0101tu izp\u0113ti, lai pal\u012bdz\u0113tu jums izv\u0113l\u0113ties savus laim\u012bgos skait\u013cus.<\/p>\n<h2>J\u016bsu balvu sa\u0146em\u0161ana no France lotto online<\/h2>\n<p>Papildus d\u017eekpotam France Lotto online pied\u0101v\u0101 ar\u012b citas balvas par skait\u013cu sakrit\u012bbu. At\u0161\u0137ir\u012bb\u0101 no amerik\u0101\u0146u loterij\u0101m balvas tiek izmaks\u0101tas piln\u0101 apm\u0113r\u0101 un skaidr\u0101 naud\u0101. Jums b\u016bs j\u0101iesniedz piepras\u012bjums 2 m\u0113ne\u0161u laik\u0101 no izlozes datuma, un m\u0113s jums pal\u012bdz\u0113sim to izdar\u012bt. Naudas balvas, kas nep\u0101rsniedz 2500 eiro, tiks ieskait\u012btas j\u016bsu kont\u0101 m\u016bsu t\u012bmek\u013ca vietn\u0113. Par balv\u0101m, kas p\u0101rsniedz \u0161o summu, j\u0101v\u0113r\u0161as Francaise des Jeux maks\u0101jumu centr\u0101.<\/p>\n<p>Ja j\u016bs sp\u0113l\u0113jat ar m\u016bsu starpniec\u012bbu, m\u0113s ar\u012b pal\u012bdz\u0113sim jums sa\u0146emt balvas, iesniedzot pieteikumu j\u016bsu v\u0101rd\u0101 un nodro\u0161inot, ka balva jums tiek pieg\u0101d\u0101ta p\u0113c iesp\u0113jas \u0101tr\u0101k. Re\u0123istr\u0113jieties \u0161odien bez maksas un pieprasiet neparedz\u0113tus ieguvumus!!!<\/p>\n<p>Visas France Lotto vinn\u0113t\u0101s balvas tiek izmaks\u0101tas bez nodok\u013ciem!<\/p>\n","protected":false},"excerpt":{"rendered":"<p>Francija Lotto tie\u0161saist\u0113 France Lotto ir viena no vec\u0101kaj\u0101m organiz\u0113taj\u0101m Eiropas loterij\u0101m, un to organiz\u0113 un p\u0101rvalda Francaise des Jeux Group. T\u0101 ir \u013coti popul\u0101ra Francij\u0101 un cit\u0101s Eiropas da\u013c\u0101s. T\u0101 k\u0101 fran\u010di ir \u013coti kaisl\u012bgi azartsp\u0113\u013cu cien\u012bt\u0101ji, France Lotto online tiek izloz\u0113ts tr\u012bs reizes ned\u0113\u013c\u0101 (pirmdien\u0101s, tre\u0161dien\u0101s un sestdien\u0101s), pretstat\u0101 vairumam citu Eiropas loteriju, [&hellip;]<\/p>\n","protected":false},"author":1,"featured_media":0,"parent":35705,"menu_order":9,"comment_status":"closed","ping_status":"closed","template":"lotto-fr.php","meta":{"_et_pb_use_builder":"","_et_pb_old_content":"","_et_gb_content_width":"","exclude_from_search":false,"footnotes":""},"class_list":["post-36248","page","type-page","status-publish","hentry"],"yoast_head":"<!-- This site is optimized with the Yoast SEO plugin v23.3 - https:\/\/yoast.com\/wordpress\/plugins\/seo\/ -->\n<title>Piedalieties France Lotto tie\u0161saist\u0113, atrodoties \u0101rpus Francijas.<\/title>\n<meta name=\"description\" content=\"Nopirkt bi\u013ceti France lotto \u0161eit - m\u0113s dodam iesp\u0113ju lotto faniem no valst\u012bm \u0101rpus Francijas ieg\u016bt bi\u013cetes uz \u0161o popul\u0101ro loteriju.\" \/>\n<meta name=\"robots\" content=\"index, follow, max-snippet:-1, max-image-preview:large, max-video-preview:-1\" \/>\n<link rel=\"canonical\" href=\"https:\/\/jackpotlotteryonline.com\/play-online\/france-lotto\/\" \/>\n<meta property=\"og:locale\" content=\"lv_LV\" \/>\n<meta property=\"og:type\" content=\"article\" \/>\n<meta property=\"og:title\" content=\"Piedalieties France Lotto tie\u0161saist\u0113, atrodoties \u0101rpus Francijas.\" \/>\n<meta property=\"og:description\" content=\"Nopirkt bi\u013ceti France lotto \u0161eit - m\u0113s dodam iesp\u0113ju lotto faniem no valst\u012bm \u0101rpus Francijas ieg\u016bt bi\u013cetes uz \u0161o popul\u0101ro loteriju.\" \/>\n<meta property=\"og:url\" content=\"https:\/\/jackpotlotteryonline.com\/play-online\/france-lotto\/\" \/>\n<meta property=\"og:site_name\" content=\"Lotto Online - Crack The International Lottery Jackpots\" \/>\n<meta property=\"article:modified_time\" content=\"2022-12-31T10:49:51+00:00\" \/>\n<meta property=\"og:image\" content=\"https:\/\/jackpotlotteryonline.com\/wp-content\/uploads\/2022\/10\/win_big.jpg\" \/>\n<meta name=\"twitter:card\" content=\"summary_large_image\" \/>\n<meta name=\"twitter:label1\" content=\"Est. reading time\" \/>\n\t<meta name=\"twitter:data1\" content=\"3 minutes\" \/>\n<!-- \/ Yoast SEO plugin. -->","yoast_head_json":{"title":"Piedalieties France Lotto tie\u0161saist\u0113, atrodoties \u0101rpus Francijas.","description":"Nopirkt bi\u013ceti France lotto \u0161eit - m\u0113s dodam iesp\u0113ju lotto faniem no valst\u012bm \u0101rpus Francijas ieg\u016bt bi\u013cetes uz \u0161o popul\u0101ro loteriju.","robots":{"index":"index","follow":"follow","max-snippet":"max-snippet:-1","max-image-preview":"max-image-preview:large","max-video-preview":"max-video-preview:-1"},"canonical":"https:\/\/jackpotlotteryonline.com\/play-online\/france-lotto\/","og_locale":"lv_LV","og_type":"article","og_title":"Piedalieties France Lotto tie\u0161saist\u0113, atrodoties \u0101rpus Francijas.","og_description":"Nopirkt bi\u013ceti France lotto \u0161eit - m\u0113s dodam iesp\u0113ju lotto faniem no valst\u012bm \u0101rpus Francijas ieg\u016bt bi\u013cetes uz \u0161o popul\u0101ro loteriju.","og_url":"https:\/\/jackpotlotteryonline.com\/play-online\/france-lotto\/","og_site_name":"Lotto Online - Crack The International Lottery Jackpots","article_modified_time":"2022-12-31T10:49:51+00:00","og_image":[{"url":"https:\/\/jackpotlotteryonline.com\/wp-content\/uploads\/2022\/10\/win_big.jpg"}],"twitter_card":"summary_large_image","twitter_misc":{"Est. reading time":"3 minutes"},"schema":{"@context":"https:\/\/schema.org","@graph":[{"@type":"WebPage","@id":"https:\/\/jackpotlotteryonline.com\/play-online\/france-lotto\/","url":"https:\/\/jackpotlotteryonline.com\/play-online\/france-lotto\/","name":"Piedalieties France Lotto tie\u0161saist\u0113, atrodoties \u0101rpus Francijas.","isPartOf":{"@id":"https:\/\/jackpotlotteryonline.com\/#website"},"primaryImageOfPage":{"@id":"https:\/\/jackpotlotteryonline.com\/play-online\/france-lotto\/#primaryimage"},"image":{"@id":"https:\/\/jackpotlotteryonline.com\/play-online\/france-lotto\/#primaryimage"},"thumbnailUrl":"https:\/\/jackpotlotteryonline.com\/wp-content\/uploads\/2022\/10\/win_big.jpg","datePublished":"2022-11-04T08:13:35+00:00","dateModified":"2022-12-31T10:49:51+00:00","description":"Nopirkt bi\u013ceti France lotto \u0161eit - m\u0113s dodam iesp\u0113ju lotto faniem no valst\u012bm \u0101rpus Francijas ieg\u016bt bi\u013cetes uz \u0161o popul\u0101ro loteriju.","breadcrumb":{"@id":"https:\/\/jackpotlotteryonline.com\/play-online\/france-lotto\/#breadcrumb"},"inLanguage":"lv-LV","potentialAction":[{"@type":"ReadAction","target":["https:\/\/jackpotlotteryonline.com\/play-online\/france-lotto\/"]}]},{"@type":"ImageObject","inLanguage":"lv-LV","@id":"https:\/\/jackpotlotteryonline.com\/play-online\/france-lotto\/#primaryimage","url":"https:\/\/jackpotlotteryonline.com\/wp-content\/uploads\/2022\/10\/win_big.jpg","contentUrl":"https:\/\/jackpotlotteryonline.com\/wp-content\/uploads\/2022\/10\/win_big.jpg"},{"@type":"BreadcrumbList","@id":"https:\/\/jackpotlotteryonline.com\/play-online\/france-lotto\/#breadcrumb","itemListElement":[{"@type":"ListItem","position":1,"name":"Home","item":"https:\/\/jackpotlotteryonline.com\/lv\/"},{"@type":"ListItem","position":2,"name":"K\u0101 sp\u0113l\u0113t","item":"https:\/\/jackpotlotteryonline.com\/play-online\/"},{"@type":"ListItem","position":3,"name":"Sp\u0113l\u0113jiet Francijas loteriju"}]},{"@type":"WebSite","@id":"https:\/\/jackpotlotteryonline.com\/#website","url":"https:\/\/jackpotlotteryonline.com\/","name":"Lotto Online - Crack The International Lottery Jackpots","description":"","potentialAction":[{"@type":"SearchAction","target":{"@type":"EntryPoint","urlTemplate":"https:\/\/jackpotlotteryonline.com\/?s={search_term_string}"},"query-input":"required name=search_term_string"}],"inLanguage":"lv-LV"}]}},"_links":{"self":[{"href":"https:\/\/jackpotlotteryonline.com\/lv\/wp-json\/wp\/v2\/pages\/36248","targetHints":{"allow":["GET"]}}],"collection":[{"href":"https:\/\/jackpotlotteryonline.com\/lv\/wp-json\/wp\/v2\/pages"}],"about":[{"href":"https:\/\/jackpotlotteryonline.com\/lv\/wp-json\/wp\/v2\/types\/page"}],"author":[{"embeddable":true,"href":"https:\/\/jackpotlotteryonline.com\/lv\/wp-json\/wp\/v2\/users\/1"}],"replies":[{"embeddable":true,"href":"https:\/\/jackpotlotteryonline.com\/lv\/wp-json\/wp\/v2\/comments?post=36248"}],"version-history":[{"count":0,"href":"https:\/\/jackpotlotteryonline.com\/lv\/wp-json\/wp\/v2\/pages\/36248\/revisions"}],"up":[{"embeddable":true,"href":"https:\/\/jackpotlotteryonline.com\/lv\/wp-json\/wp\/v2\/pages\/35705"}],"wp:attachment":[{"href":"https:\/\/jackpotlotteryonline.com\/lv\/wp-json\/wp\/v2\/media?parent=36248"}],"curies":[{"name":"wp","href":"https:\/\/api.w.org\/{rel}","templated":true}]}}