{"id":36306,"date":"2022-11-04T09:49:14","date_gmt":"2022-11-04T09:49:14","guid":{"rendered":"https:\/\/jackpotlotteryonline.com\/?page_id=36306"},"modified":"2022-12-31T10:00:07","modified_gmt":"2022-12-31T10:00:07","slug":"german-lotto","status":"publish","type":"page","link":"https:\/\/jackpotlotteryonline.com\/lv\/ka-spelet\/german-lotto\/","title":{"rendered":"V\u0101cu Lotto"},"content":{"rendered":"<h2>V\u0101cu Lotto tagad ir pieejams tie\u0161saist\u0113<\/h2>\n<p><img loading=\"lazy\" decoding=\"async\" class=\"alignright wp-image-18464 size-full\" src=\"https:\/\/jackpotlotteryonline.com\/wp-content\/uploads\/2022\/10\/win_lottery_online.jpg\" alt=\"Sp\u0113l\u0113jiet v\u0101cu loto tie\u0161saist\u0113\" width=\"231\" height=\"130\" \/><\/p>\n<p>Loto V\u0101cij\u0101 ir vair\u0101k nek\u0101 piecas desmitgades vecs, un V\u0101cijas loto tie\u0161saist\u0113 organiz\u0113 un p\u0101rvalda Deutscher Lotto un Toto Block. V\u0101cu lotto online<a href=\"https:\/\/jackpotlotteryonline.com\/lv\/laimejusie-skaitli\/german-lotto\"> izlozes notiek<\/a> divas reizes ned\u0113\u013c\u0101 &#8211; tre\u0161dien\u0101s un sestdien\u0101s, un bie\u017e\u0101k nek\u0101 caurm\u0113r\u0101 taj\u0101 tiek izloz\u0113ts viens no liel\u0101kajiem d\u017eekpotiem Eirop\u0101. T\u0101p\u0113c jums ir visi iemesli, lai sp\u0113l\u0113tu V\u0101cijas loto ar tie\u0161saistes bi\u013ceti, ja dz\u012bvojat \u0101rpus V\u0101cijas.<\/p>\n<p>Ja nedz\u012bvojat V\u0101cij\u0101, j\u016bsu vien\u012bg\u0101 iesp\u0113ja sp\u0113l\u0113t V\u0101cijas loto tie\u0161saist\u0113 ir pie mums. Kad esat re\u0123istr\u0113jies m\u016bsu vietn\u0113, j\u016bs varat sa\u0146emt visu svar\u012bgo inform\u0101ciju par V\u0101cijas loto tie\u0161saist\u0113. Tas ietver vecos rezult\u0101tus, loterijas numuru \u0123eneratoru un vietu, kur ieg\u0101d\u0101ties bi\u013ceti. Vi\u0146i pat pal\u012bdz\u0113s jums piepras\u012bt un sa\u0146emt balvu.<\/p>\n<h2>K\u0101 darbojas V\u0101cijas lotto tie\u0161saist\u0113<\/h2>\n<p>Viss, kas jums j\u0101dara, <a href=\"https:\/\/jackpotlotteryonline.com\/lt\/pirkti-bilietus\/lotto-germany\">ir j\u0101ieg\u0101d\u0101jas V\u0101cijas lotto bi\u013cete tie\u0161saist\u0113<\/a>, izv\u0113loties 6 skait\u013cus no 49. Jums b\u016bs ar\u012b iesp\u0113ja izv\u0113l\u0113ties superskaitli no 1 l\u012bdz 10. Galvenaj\u0101 izloz\u0113 tiek izloz\u0113ti pamatskait\u013ci, bet p\u0113c tam tiek izloz\u0113ts superskaitlis. Ja 6 pamatskait\u013ci sakr\u012bt, j\u016bs vinn\u0113siet pirmo balvu. Patiesais d\u017eekpots tiek pie\u0161\u0137irts, ja izloz\u0113 sakr\u012bt j\u016bsu 6 pamatskait\u013ci un superskaitlis.<\/p>\n<p>V\u0101cijas loto tie\u0161saist\u0113 dr\u012bkst sp\u0113l\u0113t ar\u012b cilv\u0113ki \u0101rpus V\u0101cijas. M\u016bsu vietn\u0113 j\u016bs varat izmantot \u0161o iesp\u0113ju izm\u0113\u0123in\u0101t savu veiksmi un p\u0101r\u0113jo lo\u0123istiku atst\u0101t m\u016bsu zi\u0146\u0101. Lai sp\u0113l\u0113tu V\u0101cijas loto ar tie\u0161saistes bi\u013ceti, jums j\u0101b\u016bt vec\u0101kam par 18 gadiem.<\/p>\n<section class=\"layout\" style=\"border: solid 1px; width: 100%;\">\n<div class=\"img-div\" style=\"margin-top: 5px;\"><img decoding=\"async\" class=\"wp-image-17212 alignleft\" style=\"height: 45px; margin: 8px 8px 0px;\" src=\"https:\/\/jackpotlotteryonline.com\/wp-content\/uploads\/2022\/11\/read1.jpg\" alt=\"las\u012bt\" width=\"\" height=\"\" \/><\/div>\n<div style=\"padding-left: 5px;\">\n<div style=\"font-size: 1.1em;\">\n<p><strong>K\u0101du automa\u0161\u012bnu j\u016bs ieg\u0101d\u0101tosiet, ja uzvar\u0113tu loterij\u0101?<\/strong><\/p>\n<p style=\"font-size: 0.85em; margin-top: -1.5em;\">Uzvariet loterij\u0101 un ieg\u016bstiet jaunu automa\u0161\u012bnu <a href=\"https:\/\/jackpotlotteryonline.com\/lv\/kadu-automasinu-jus-iegadatosiet-ja-uzvaretu-loterija\">las\u012bt vair\u0101k<\/a><\/p>\n<\/div>\n<\/div>\n<\/section>\n<h2>Uzvara V\u0101cijas lotto tie\u0161saist\u0113<\/h2>\n<p><img loading=\"lazy\" decoding=\"async\" class=\"alignright size-medium wp-image-33350\" src=\"https:\/\/jackpotlotteryonline.com\/wp-content\/uploads\/2022\/11\/2_ticket_euromillions3-1-111x300.jpg\" alt=\"v\u0101cu lotto bi\u013cete\" width=\"111\" height=\"300\" srcset=\"https:\/\/jackpotlotteryonline.com\/wp-content\/uploads\/2022\/11\/2_ticket_euromillions3-1-111x300.jpg 111w, https:\/\/jackpotlotteryonline.com\/wp-content\/uploads\/2022\/11\/2_ticket_euromillions3-1.jpg 180w\" sizes=\"auto, (max-width: 111px) 100vw, 111px\" \/><\/p>\n<p>Uzvara V\u0101cijas lotto tie\u0161saist\u0113 ir nejau\u0161\u012bbas jaut\u0101jums, ta\u010du t\u0101 ir ar\u012b jebkur\u0101 cit\u0101 loterij\u0101. M\u0113s palielin\u0101sim j\u016bsu izredzes laim\u0113t V\u0101cijas lotto tie\u0161saist\u0113, izmantojot m\u016bsu loterijas numuru \u0123eneratoru un sniedzot inform\u0101ciju par iepriek\u0161\u0113jiem rezult\u0101tiem, lai pal\u012bdz\u0113tu jums izv\u0113l\u0113ties laim\u012bgos skait\u013cus. \u0160eit ir pieejama visa svar\u012bg\u0101 inform\u0101cija par V\u0101cijas lotto tie\u0161saist\u0113, un j\u016bs varat to piln\u012bb\u0101 izmantot, lai palielin\u0101tu savas izredzes.<\/p>\n<p>V\u0101cijas lotto online ir ne tikai viens no liel\u0101kajiem d\u017eekpotiem Eirop\u0101, bet ar\u012b visorganiz\u0113t\u0101k\u0101 loterija pasaul\u0113, kas tiek vad\u012bta \u013coti profesion\u0101li. Kad sp\u0113l\u0113siet V\u0101cijas lotto tie\u0161saist\u0113 un ja vinn\u0113siet, m\u0113s pal\u012bdz\u0113sim jums bez jebk\u0101d\u0101m gr\u016bt\u012bb\u0101m sa\u0146emt balvu un nodro\u0161in\u0101sim, ka balvas summa jums tiks pieg\u0101d\u0101ta bez aiz\u0137er\u0161an\u0101s.<\/p>\n<p>Lai gan V\u0101cijas lotto tie\u0161saist\u0113 ir viena no vec\u0101kaj\u0101m loterij\u0101m Eirop\u0101, t\u0101 nav tik popul\u0101ra k\u0101 citas. Iemesls ir tas, ka \u0101rpus V\u0101cijas t\u0101 netiek tik daudz reklam\u0113ta. <strong>Tom\u0113r tas nav iemesls, lai nesp\u0113l\u0113tu V\u0101cijas loto tie\u0161saist\u0113. Izm\u0113\u0123iniet savu veiksmi V\u0101cijas loto jau \u0161odien.<\/strong><\/p>\n","protected":false},"excerpt":{"rendered":"<p>V\u0101cu Lotto tagad ir pieejams tie\u0161saist\u0113 Loto V\u0101cij\u0101 ir vair\u0101k nek\u0101 piecas desmitgades vecs, un V\u0101cijas loto tie\u0161saist\u0113 organiz\u0113 un p\u0101rvalda Deutscher Lotto un Toto Block. V\u0101cu lotto online izlozes notiek divas reizes ned\u0113\u013c\u0101 &#8211; tre\u0161dien\u0101s un sestdien\u0101s, un bie\u017e\u0101k nek\u0101 caurm\u0113r\u0101 taj\u0101 tiek izloz\u0113ts viens no liel\u0101kajiem d\u017eekpotiem Eirop\u0101. T\u0101p\u0113c jums ir visi iemesli, [&hellip;]<\/p>\n","protected":false},"author":1,"featured_media":0,"parent":35705,"menu_order":8,"comment_status":"closed","ping_status":"closed","template":"lotto-german.php","meta":{"_et_pb_use_builder":"","_et_pb_old_content":"","_et_gb_content_width":"","exclude_from_search":false,"footnotes":""},"class_list":["post-36306","page","type-page","status-publish","hentry"],"yoast_head":"<!-- This site is optimized with the Yoast SEO plugin v23.3 - https:\/\/yoast.com\/wordpress\/plugins\/seo\/ -->\n<title>Sp\u0113l\u0113jiet V\u0101cijas loto \u0101rpus V\u0101cijas ar tie\u0161saistes bi\u013ceti<\/title>\n<meta name=\"description\" content=\"Dz\u012bvo \u0101rpus V\u0101cijas? Nek\u0101das probl\u0113mas - sp\u0113l\u0113jiet V\u0101cijas Loto ar m\u016bsu tie\u0161saistes bi\u013ceti.\" \/>\n<meta name=\"robots\" content=\"index, follow, max-snippet:-1, max-image-preview:large, max-video-preview:-1\" \/>\n<link rel=\"canonical\" href=\"https:\/\/jackpotlotteryonline.com\/play-online\/german-lotto\/\" \/>\n<meta property=\"og:locale\" content=\"lv_LV\" \/>\n<meta property=\"og:type\" content=\"article\" \/>\n<meta property=\"og:title\" content=\"Sp\u0113l\u0113jiet V\u0101cijas loto \u0101rpus V\u0101cijas ar tie\u0161saistes bi\u013ceti\" \/>\n<meta property=\"og:description\" content=\"Dz\u012bvo \u0101rpus V\u0101cijas? Nek\u0101das probl\u0113mas - sp\u0113l\u0113jiet V\u0101cijas Loto ar m\u016bsu tie\u0161saistes bi\u013ceti.\" \/>\n<meta property=\"og:url\" content=\"https:\/\/jackpotlotteryonline.com\/play-online\/german-lotto\/\" \/>\n<meta property=\"og:site_name\" content=\"Lotto Online - Crack The International Lottery Jackpots\" \/>\n<meta property=\"article:modified_time\" content=\"2022-12-31T10:00:07+00:00\" \/>\n<meta property=\"og:image\" content=\"https:\/\/jackpotlotteryonline.com\/wp-content\/uploads\/2022\/10\/win_lottery_online.jpg\" \/>\n<meta name=\"twitter:card\" content=\"summary_large_image\" \/>\n<meta name=\"twitter:label1\" content=\"Est. reading time\" \/>\n\t<meta name=\"twitter:data1\" content=\"3 minutes\" \/>\n<!-- \/ Yoast SEO plugin. -->","yoast_head_json":{"title":"Sp\u0113l\u0113jiet V\u0101cijas loto \u0101rpus V\u0101cijas ar tie\u0161saistes bi\u013ceti","description":"Dz\u012bvo \u0101rpus V\u0101cijas? Nek\u0101das probl\u0113mas - sp\u0113l\u0113jiet V\u0101cijas Loto ar m\u016bsu tie\u0161saistes bi\u013ceti.","robots":{"index":"index","follow":"follow","max-snippet":"max-snippet:-1","max-image-preview":"max-image-preview:large","max-video-preview":"max-video-preview:-1"},"canonical":"https:\/\/jackpotlotteryonline.com\/play-online\/german-lotto\/","og_locale":"lv_LV","og_type":"article","og_title":"Sp\u0113l\u0113jiet V\u0101cijas loto \u0101rpus V\u0101cijas ar tie\u0161saistes bi\u013ceti","og_description":"Dz\u012bvo \u0101rpus V\u0101cijas? Nek\u0101das probl\u0113mas - sp\u0113l\u0113jiet V\u0101cijas Loto ar m\u016bsu tie\u0161saistes bi\u013ceti.","og_url":"https:\/\/jackpotlotteryonline.com\/play-online\/german-lotto\/","og_site_name":"Lotto Online - Crack The International Lottery Jackpots","article_modified_time":"2022-12-31T10:00:07+00:00","og_image":[{"url":"https:\/\/jackpotlotteryonline.com\/wp-content\/uploads\/2022\/10\/win_lottery_online.jpg"}],"twitter_card":"summary_large_image","twitter_misc":{"Est. reading time":"3 minutes"},"schema":{"@context":"https:\/\/schema.org","@graph":[{"@type":"WebPage","@id":"https:\/\/jackpotlotteryonline.com\/play-online\/german-lotto\/","url":"https:\/\/jackpotlotteryonline.com\/play-online\/german-lotto\/","name":"Sp\u0113l\u0113jiet V\u0101cijas loto \u0101rpus V\u0101cijas ar tie\u0161saistes bi\u013ceti","isPartOf":{"@id":"https:\/\/jackpotlotteryonline.com\/#website"},"primaryImageOfPage":{"@id":"https:\/\/jackpotlotteryonline.com\/play-online\/german-lotto\/#primaryimage"},"image":{"@id":"https:\/\/jackpotlotteryonline.com\/play-online\/german-lotto\/#primaryimage"},"thumbnailUrl":"https:\/\/jackpotlotteryonline.com\/wp-content\/uploads\/2022\/10\/win_lottery_online.jpg","datePublished":"2022-11-04T09:49:14+00:00","dateModified":"2022-12-31T10:00:07+00:00","description":"Dz\u012bvo \u0101rpus V\u0101cijas? Nek\u0101das probl\u0113mas - sp\u0113l\u0113jiet V\u0101cijas Loto ar m\u016bsu tie\u0161saistes bi\u013ceti.","breadcrumb":{"@id":"https:\/\/jackpotlotteryonline.com\/play-online\/german-lotto\/#breadcrumb"},"inLanguage":"lv-LV","potentialAction":[{"@type":"ReadAction","target":["https:\/\/jackpotlotteryonline.com\/play-online\/german-lotto\/"]}]},{"@type":"ImageObject","inLanguage":"lv-LV","@id":"https:\/\/jackpotlotteryonline.com\/play-online\/german-lotto\/#primaryimage","url":"https:\/\/jackpotlotteryonline.com\/wp-content\/uploads\/2022\/10\/win_lottery_online.jpg","contentUrl":"https:\/\/jackpotlotteryonline.com\/wp-content\/uploads\/2022\/10\/win_lottery_online.jpg"},{"@type":"BreadcrumbList","@id":"https:\/\/jackpotlotteryonline.com\/play-online\/german-lotto\/#breadcrumb","itemListElement":[{"@type":"ListItem","position":1,"name":"Home","item":"https:\/\/jackpotlotteryonline.com\/lv\/"},{"@type":"ListItem","position":2,"name":"K\u0101 sp\u0113l\u0113t","item":"https:\/\/jackpotlotteryonline.com\/play-online\/"},{"@type":"ListItem","position":3,"name":"V\u0101cu Lotto"}]},{"@type":"WebSite","@id":"https:\/\/jackpotlotteryonline.com\/#website","url":"https:\/\/jackpotlotteryonline.com\/","name":"Lotto Online - Crack The International Lottery Jackpots","description":"","potentialAction":[{"@type":"SearchAction","target":{"@type":"EntryPoint","urlTemplate":"https:\/\/jackpotlotteryonline.com\/?s={search_term_string}"},"query-input":"required name=search_term_string"}],"inLanguage":"lv-LV"}]}},"_links":{"self":[{"href":"https:\/\/jackpotlotteryonline.com\/lv\/wp-json\/wp\/v2\/pages\/36306","targetHints":{"allow":["GET"]}}],"collection":[{"href":"https:\/\/jackpotlotteryonline.com\/lv\/wp-json\/wp\/v2\/pages"}],"about":[{"href":"https:\/\/jackpotlotteryonline.com\/lv\/wp-json\/wp\/v2\/types\/page"}],"author":[{"embeddable":true,"href":"https:\/\/jackpotlotteryonline.com\/lv\/wp-json\/wp\/v2\/users\/1"}],"replies":[{"embeddable":true,"href":"https:\/\/jackpotlotteryonline.com\/lv\/wp-json\/wp\/v2\/comments?post=36306"}],"version-history":[{"count":0,"href":"https:\/\/jackpotlotteryonline.com\/lv\/wp-json\/wp\/v2\/pages\/36306\/revisions"}],"up":[{"embeddable":true,"href":"https:\/\/jackpotlotteryonline.com\/lv\/wp-json\/wp\/v2\/pages\/35705"}],"wp:attachment":[{"href":"https:\/\/jackpotlotteryonline.com\/lv\/wp-json\/wp\/v2\/media?parent=36306"}],"curies":[{"name":"wp","href":"https:\/\/api.w.org\/{rel}","templated":true}]}}