{"id":36417,"date":"2022-11-07T07:12:06","date_gmt":"2022-11-07T07:12:06","guid":{"rendered":"https:\/\/jackpotlotteryonline.com\/?page_id=36417"},"modified":"2022-12-19T16:15:41","modified_gmt":"2022-12-19T16:15:41","slug":"powerball","status":"publish","type":"page","link":"https:\/\/jackpotlotteryonline.com\/lv\/iegadaties-biletes\/powerball\/","title":{"rendered":"ASV Powerball loterija"},"content":{"rendered":"<h2>K\u0101 ieg\u016bt Powerball bi\u013cetes \u0101rpus ASV<\/h2>\n<p>Gandr\u012bz katr\u0101 pasaules valst\u012b ir loterija, ta\u010du ne visas loterijas ir t\u0101das k\u0101 Powerball un Mega Millions &#8211; liel\u0101s ASV loterijas. ASV loteriju laimesti ir sasniegu\u0161i pat 1,5 miljardus ASV dol\u0101ru (2016. gad\u0101). Cit\u0101s valst\u012bs loteriju d\u017eekpoti nekad nav sasniegu\u0161i \u0161\u0101du summu, t\u0101p\u0113c ikreiz, kad loto fani izlasa par k\u0101rt\u0113jo rekordlielo loto d\u017eekpotu ASV, vi\u0146i sev uzdod vienu jaut\u0101jumu:<strong> Vai es varu <a href=\"https:\/\/jackpotlotteryonline.com\/lv\/ka-spelet\/powerball\">sp\u0113l\u0113t Powerball \u0101rpus ASV<\/a>, varb\u016bt tie\u0161saist\u0113?<\/strong><\/p>\n<p><strong>Atbilde ir &#8220;j\u0101&#8221; &#8211; pat tad, ja dz\u012bvojat \u0101rpus ASV<\/strong>, j\u016bs joproj\u0101m varat sp\u0113l\u0113t Powerball. M\u0113s esam cien\u012bjams pakalpojums, kas \u013cauj jums ieg\u0101d\u0101ties bi\u013cetes uz \u0161\u012bm milz\u012bgaj\u0101m loterij\u0101m vai vair\u0101k\u0101m cit\u0101m starptautisk\u0101m loterij\u0101m. Tas ir tik vienk\u0101r\u0161i, cik vien iesp\u0113jams &#8211; j\u016bs izv\u0113laties savus numurus tie\u0161saist\u0113, un m\u0113s nos\u016bt\u0101m savus a\u0123entus ASV, lai vi\u0146i nopirktu bi\u013cetes j\u016bsu viet\u0101. \u0160\u012bs loterijas bi\u013cetes pieder jums, t\u0101p\u0113c jums ir likum\u012bga pras\u012bba pret loterijas komisiju. Ja j\u016bs vinn\u0113siet, m\u0113s ar\u012b pal\u012bdz\u0113sim jums sa\u0146emt naudu.<\/p>\n<p>Svar\u012bg\u0101kais ir tas, ka \u0161eit j\u016bs sa\u0146emsiet ori\u0123in\u0101lu loto bi\u013ceti, nevis piedal\u012bsieties k\u0101d\u0101 loto kr\u0101p\u0161an\u0101!<\/p>\n<h2>Loterijas bi\u013cetes ieg\u0101des process tie\u0161saist\u0113<\/h2>\n<p><img loading=\"lazy\" decoding=\"async\" class=\"alignright size-full wp-image-34943\" src=\"http:\/\/jackpotlotteryonline.com\/wp-content\/uploads\/2022\/11\/2_ticket_powerball3-1.jpg\" alt=\"Powerball bi\u013cete\" width=\"180\" height=\"194\" \/><\/p>\n<p><strong>Vispirms j\u016bs iel\u016bkojaties m\u016bsu t\u012bmek\u013ca vietnes aug\u0161pus\u0113<\/strong>, kur noklik\u0161\u0137in\u0101t uz viena no baneriem un izv\u0113laties loteriju, kur\u0101 v\u0113laties piedal\u012bties. M\u016bsu t\u012bmek\u013ca vietne ir pieejama vair\u0101k nek\u0101 20 da\u017e\u0101d\u0101s valod\u0101s. Liel\u0101k\u0101 da\u013ca klientu p\u0113rk ASV loteriju Powerball un\/vai Mega Millions bi\u013cetes, ta\u010du \u013coti bie\u017ei ar\u012b cit\u0101s starptautiskaj\u0101s loterij\u0101s ir milz\u012bgi d\u017eekpoti. J\u016bs varat t\u0101s sak\u0101rtot p\u0113c d\u017eekpota lieluma un vienk\u0101r\u0161i sp\u0113l\u0113t to loteriju, kur\u0101 \u0161obr\u012bd ir visliel\u0101k\u0101 summa. Ja v\u0113laties sp\u0113l\u0113t vair\u0101k\u0101s loterij\u0101s, ar\u012b tas ir vienk\u0101r\u0161i &#8211; piem\u0113ram, varat ieg\u0101d\u0101ties vienu bi\u013ceti Powerball un otru Sp\u0101nijas El Gordo.<\/p>\n<p>P\u0113c tam izv\u0113laties skait\u013cus &#8211; tas ir vienk\u0101r\u0161i, jo m\u016bsu t\u012bmek\u013ca vietne jums par\u0101d\u012bs, cik skait\u013ci jums ir j\u0101izv\u0113las. Ja v\u0113laties, ir pieejama \u0101tras izv\u0113les funkcija, kas \u0123ener\u0113 numurus p\u0113c nejau\u0161\u012bbas principa. P\u0113c tam izv\u0113lieties, cik bi\u013ce\u0161u v\u0113laties ieg\u0101d\u0101ties un uz<a href=\"https:\/\/jackpotlotteryonline.com\/lv\/laimejusie-skaitli\/powerball\"> cik izloz\u0113m (ned\u0113\u013c\u0101m)<\/a> v\u0113laties, lai bi\u013cete b\u016btu der\u012bga. Atkar\u012bb\u0101 no t\u0101, cik ned\u0113\u013cu bi\u013cete b\u016bs der\u012bga, j\u016bs sa\u0146emsiet atlaidi par bi\u013ceti samaks\u0101tajai cenai.<\/p>\n<p>Kad esat izv\u0113l\u0113jies visas iesp\u0113jas, varat redz\u0113t kop\u0113jo cenu, un n\u0101kamais solis ir re\u0123istr\u0113t klienta kontu. Ar\u012b loterijas bi\u013ce\u0161u apmaksa ir vienk\u0101r\u0161a &#8211; liel\u0101k\u0101 da\u013ca klientu izv\u0113las nor\u0113\u0137inu ar kred\u012btkarti, ta\u010du ir ar\u012b citas iesp\u0113jas, piem\u0113ram, (atkar\u012bb\u0101 no valsts, no kuras esat) t\u016bl\u012bt\u0113js bankas p\u0101rskait\u012bjums vai kriptoval\u016bta.<\/p>\n<p>Maks\u0101jumiem tiks izmantoti jaun\u0101kie un dro\u0161\u0101kie protokoli, lai jums neb\u016btu j\u0101baid\u0101s no kred\u012btkar\u0161u kr\u0101p\u0161anas. Ja v\u0113laties, varat izv\u0113l\u0113ties iesp\u0113ju ieg\u0101d\u0101ties bi\u013ceti vair\u0101kiem izlozes cikliem, j\u016bsu numuri piedal\u012bsies Powerball vai jebkur\u0101 cit\u0101 loterij\u0101, kuru izv\u0113laties, 2, 4, 6 vai pat 8 izloz\u0113s p\u0113c k\u0101rtas.\u00a0 Tom\u0113r \u0161\u012b ir izv\u0113les iesp\u0113ja &#8211; ja \u0161o lodzi\u0146u neaizl\u012bm\u0113siet, jums tiks iekas\u0113ta maksa tikai par vienu izlozi!<\/p>\n<p>Liel\u0101k\u0101 da\u013ca cilv\u0113ku \u0101rpus ASV sp\u0113l\u0113 tikai viet\u0113jo loto, nezinot par \u0161o iesp\u0113ju sp\u0113l\u0113t starptautisko loto tie\u0161saist\u0113. Bet tagad, kad esat inform\u0113ts, kas jums liedz sp\u0113l\u0113t par d\u017eekpotiem, kas bie\u017ei vien ir 100 rei\u017eu liel\u0101ki par tiem, ko varat laim\u0113t sav\u0101 m\u012btnes valst\u012b? Varb\u016bt j\u016bs b\u016bsiet n\u0101kamais Powerball d\u017eekpota ieguv\u0113js!<\/p>\n<section class=\"layout\" style=\"border: solid 1px; width: 100%;\">\n<div class=\"img-div\" style=\"margin-top: 5px;\"><img decoding=\"async\" class=\"wp-image-17212 alignleft\" style=\"height: 45px; margin: 8px 8px 0px;\" src=\"http:\/\/jackpotlotteryonline.com\/wp-content\/uploads\/2022\/11\/read1.jpg\" alt=\"sp\u0113l\u0113t powerball no \u0101rpus ASV\" width=\"\" height=\"\" \/><\/div>\n<div style=\"padding-left: 5px;\">\n<div style=\"font-size: 1.1em;\">\n<p><strong>Vai ir likum\u012bgi tie\u0161saist\u0113 sp\u0113l\u0113t loterijas no cit\u0101m valst\u012bm?<\/strong><\/p>\n<p style=\"font-size: 0.85em; margin-top: -1.5em;\">Vai ir likum\u012bgi ieg\u0101d\u0101ties loterijas bi\u013ceti tie\u0161saist\u0113 un vai es tie\u0161\u0101m sa\u0146em\u0161u naudu?\u00a0\u00a0<a href=\"https:\/\/jackpotlotteryonline.com\/lv\/vai-ir-likumigi-spelet-loterijas-no-citam-valstim-tiessaiste\"> las\u012bt vair\u0101k<\/a><\/p>\n<\/div>\n<\/div>\n<\/section>\n<h2>Lotto ASV tie\u0161saistes p\u0101rskats<\/h2>\n<p>Amerikas Savienotaj\u0101s Valst\u012bs ir 43 \u0161tati, k\u0101 ar\u012b Kolumbijas apgabals, ASV Vird\u017e\u012bnu salas un Puertoriko, kuros notiek loterijas. Katr\u0101 no \u0161\u012bm teritorij\u0101m ir \u0161tata loterijas, kas ietilpst<strong> Lotto USA kategorij\u0101<\/strong>. Da\u017eas no galvenaj\u0101m Lotto ASV loterij\u0101m ir Mega Millions un Powerball. \u0160\u012bs ir milz\u012bgas loterijas, kas ir pieejamas iedz\u012bvot\u0101jiem no visas ASV, un tagad sp\u0113l\u0113t\u0101ji no \u0101rzem\u0113m var piedal\u012bties tie\u0161saist\u0113, izmantojot \u0161o m\u016bsu pakalpojumu.<\/p>\n<h2>Powerball Lotto ASV<\/h2>\n<p><img loading=\"lazy\" decoding=\"async\" class=\"alignright size-full wp-image-31721\" src=\"http:\/\/jackpotlotteryonline.com\/wp-content\/uploads\/2022\/11\/powerball_globe_logo.png\" alt=\"nopirkt powerball online\" width=\"200\" height=\"212\" \/><\/p>\n<p>Vispopul\u0101r\u0101k\u0101 Lotto ASV sp\u0113le ir Powerball. Powerball tiek izloz\u0113ts Universal Studios, Florid\u0101, ASV, ta\u010du tai ir noteikta pras\u012bba nedz\u012bvot valst\u012b, kas noz\u012bm\u0113, ka \u0161aj\u0101 Lotto USA sp\u0113l\u0113 var piedal\u012bties ar\u012b to \u0161tatu iedz\u012bvot\u0101ji, kuros nav Powerball, un pat sp\u0113l\u0113t\u0101ji \u0101rpus ASV.<\/p>\n<p>Lai var\u0113tu piedal\u012bties Powerball sp\u0113l\u0113, sp\u0113l\u0113t\u0101jiem j\u0101b\u016bt vismaz 18 gadus veciem. Sp\u0113l\u0113t\u0101jiem j\u0101izv\u0113las se\u0161i skait\u013ci &#8211; pieci skait\u013ci no 1 l\u012bdz 59 un viens Powerball skaitlis no 1 l\u012bdz 39. Sp\u0113l\u0113t\u0101ji var izmantot Quick Pick funkciju, kas jums nejau\u0161i izv\u0113l\u0113sies 6 skait\u013cus.<\/p>\n<p>Powerball d\u017eekpotu summa parasti ir vair\u0101ki desmiti miljonu dol\u0101ru, lai gan iepriek\u0161 t\u0101 diezgan bie\u017ei ir p\u0101rsniegusi 200 miljonus dol\u0101ru.<\/p>\n<h2>Mega Millions Lotto ASV<\/h2>\n<p>Mega Millions ir v\u0113l <strong>viena ASV loterija<\/strong>, kas tiek izloz\u0113ta ASV un faktiski tiek izloz\u0113ta Atlant\u0101, D\u017eord\u017eij\u0101. Neraugoties uz to, Mega Millions loterij\u0101 nav noteikta dz\u012bvesvietas pras\u012bba, kas noz\u012bm\u0113, ka Mega Millions loterij\u0101 ASV var piedal\u012bties un laim\u0113t ar\u012b to \u0161tatu iedz\u012bvot\u0101ji, kas nav Mega Millions \u0161tatu iedz\u012bvot\u0101ji, un pat ne ASV iedz\u012bvot\u0101ji.<\/p>\n<p>Lai sp\u0113l\u0113tu Mega Million Lotto USA, jums j\u0101b\u016bt vismaz 18 gadus vecam. Jums j\u0101izv\u0113las 6 skait\u013ci &#8211; pieci skait\u013ci no 1 l\u012bdz 56 un viens Mega balles skaitlis no 1 l\u012bdz 46. J\u016bs varat izmantot \u0100tr\u0101 izlozes iesp\u0113ju, kas jums izloz\u0113s skait\u013cus p\u0113c nejau\u0161\u012bbas principa.<\/p>\n<p>Mega Million Lotto USA sp\u0113le pied\u0101v\u0101 naudas balvas, k\u0101 ar\u012b d\u017eekpota balvu. Ir zin\u0101ms, ka dz\u012bv\u012bbu maino\u0161ais d\u017eekpots sasniedz simtiem miljonu dol\u0101ru, t\u0101p\u0113c \u0161\u012b izloze ir \u013coti popul\u0101ra.<\/p>\n<h2>NASPL &#8211; ASV Loto asoci\u0101cija<\/h2>\n<p>Zieme\u013camerikas \u0161tatu un provin\u010du loteriju asoci\u0101cija (NASPL) p\u0101rst\u0101v visas ASV \u0161tatu un provin\u010du loterijas un Kan\u0101das loterijas. ASV Lotto efekt\u012bv\u0101k darbojas ar NASPL starpniec\u012bbu. T\u0101 darbojas k\u0101 Lotto USA saskarne, sniedz inform\u0101ciju, veic p\u0113tniec\u012bbu un izstr\u0101di, nodro\u0161ina dro\u0161\u012bbu un apm\u0101ca Lotto USA person\u0101lu. Visas liel\u0101k\u0101s ASV loterijas ir NASPL biedri.<\/p>\n","protected":false},"excerpt":{"rendered":"<p>K\u0101 ieg\u016bt Powerball bi\u013cetes \u0101rpus ASV Gandr\u012bz katr\u0101 pasaules valst\u012b ir loterija, ta\u010du ne visas loterijas ir t\u0101das k\u0101 Powerball un Mega Millions &#8211; liel\u0101s ASV loterijas. ASV loteriju laimesti ir sasniegu\u0161i pat 1,5 miljardus ASV dol\u0101ru (2016. gad\u0101). Cit\u0101s valst\u012bs loteriju d\u017eekpoti nekad nav sasniegu\u0161i \u0161\u0101du summu, t\u0101p\u0113c ikreiz, kad loto fani izlasa par [&hellip;]<\/p>\n","protected":false},"author":1,"featured_media":0,"parent":35766,"menu_order":1,"comment_status":"closed","ping_status":"closed","template":"powerball-usa-info.php","meta":{"_et_pb_use_builder":"","_et_pb_old_content":"","_et_gb_content_width":"","exclude_from_search":false,"footnotes":""},"class_list":["post-36417","page","type-page","status-publish","hentry"],"yoast_head":"<!-- This site is optimized with the Yoast SEO plugin v23.3 - https:\/\/yoast.com\/wordpress\/plugins\/seo\/ -->\n<title>Pirkt Powerball bi\u013cetes tie\u0161saist\u0113 no jebkuras citas valsts \u0101rpus ASV<\/title>\n<meta name=\"description\" content=\"Uzziniet, k\u0101 citu valstu iedz\u012bvot\u0101ji var sp\u0113l\u0113t par milz\u012bgajiem Powerball loterijas d\u017eekpotiem tie\u0161saist\u0113 - j\u016bs varat atrasties \u0101rpus ASV un joproj\u0101m sp\u0113l\u0113t.\" \/>\n<meta name=\"robots\" content=\"index, follow, max-snippet:-1, max-image-preview:large, max-video-preview:-1\" \/>\n<link rel=\"canonical\" href=\"https:\/\/jackpotlotteryonline.com\/lv\/iegadaties-biletes\/powerball\/\" \/>\n<meta property=\"og:locale\" content=\"lv_LV\" \/>\n<meta property=\"og:type\" content=\"article\" \/>\n<meta property=\"og:title\" content=\"Pirkt Powerball bi\u013cetes tie\u0161saist\u0113 no jebkuras citas valsts \u0101rpus ASV\" \/>\n<meta property=\"og:description\" content=\"Uzziniet, k\u0101 citu valstu iedz\u012bvot\u0101ji var sp\u0113l\u0113t par milz\u012bgajiem Powerball loterijas d\u017eekpotiem tie\u0161saist\u0113 - j\u016bs varat atrasties \u0101rpus ASV un joproj\u0101m sp\u0113l\u0113t.\" \/>\n<meta property=\"og:url\" content=\"https:\/\/jackpotlotteryonline.com\/lv\/iegadaties-biletes\/powerball\/\" \/>\n<meta property=\"og:site_name\" content=\"Lotto Online - Crack The International Lottery Jackpots\" \/>\n<meta property=\"article:modified_time\" content=\"2022-12-19T16:15:41+00:00\" \/>\n<meta property=\"og:image\" content=\"http:\/\/jackpotlotteryonline.com\/wp-content\/uploads\/2022\/11\/2_ticket_powerball3-1.jpg\" \/>\n<meta name=\"twitter:card\" content=\"summary_large_image\" \/>\n<meta name=\"twitter:label1\" content=\"Est. reading time\" \/>\n\t<meta name=\"twitter:data1\" content=\"5 minutes\" \/>\n<!-- \/ Yoast SEO plugin. -->","yoast_head_json":{"title":"Pirkt Powerball bi\u013cetes tie\u0161saist\u0113 no jebkuras citas valsts \u0101rpus ASV","description":"Uzziniet, k\u0101 citu valstu iedz\u012bvot\u0101ji var sp\u0113l\u0113t par milz\u012bgajiem Powerball loterijas d\u017eekpotiem tie\u0161saist\u0113 - j\u016bs varat atrasties \u0101rpus ASV un joproj\u0101m sp\u0113l\u0113t.","robots":{"index":"index","follow":"follow","max-snippet":"max-snippet:-1","max-image-preview":"max-image-preview:large","max-video-preview":"max-video-preview:-1"},"canonical":"https:\/\/jackpotlotteryonline.com\/lv\/iegadaties-biletes\/powerball\/","og_locale":"lv_LV","og_type":"article","og_title":"Pirkt Powerball bi\u013cetes tie\u0161saist\u0113 no jebkuras citas valsts \u0101rpus ASV","og_description":"Uzziniet, k\u0101 citu valstu iedz\u012bvot\u0101ji var sp\u0113l\u0113t par milz\u012bgajiem Powerball loterijas d\u017eekpotiem tie\u0161saist\u0113 - j\u016bs varat atrasties \u0101rpus ASV un joproj\u0101m sp\u0113l\u0113t.","og_url":"https:\/\/jackpotlotteryonline.com\/lv\/iegadaties-biletes\/powerball\/","og_site_name":"Lotto Online - Crack The International Lottery Jackpots","article_modified_time":"2022-12-19T16:15:41+00:00","og_image":[{"url":"http:\/\/jackpotlotteryonline.com\/wp-content\/uploads\/2022\/11\/2_ticket_powerball3-1.jpg"}],"twitter_card":"summary_large_image","twitter_misc":{"Est. reading time":"5 minutes"},"schema":{"@context":"https:\/\/schema.org","@graph":[{"@type":"WebPage","@id":"https:\/\/jackpotlotteryonline.com\/lv\/iegadaties-biletes\/powerball\/","url":"https:\/\/jackpotlotteryonline.com\/lv\/iegadaties-biletes\/powerball\/","name":"Pirkt Powerball bi\u013cetes tie\u0161saist\u0113 no jebkuras citas valsts \u0101rpus ASV","isPartOf":{"@id":"https:\/\/jackpotlotteryonline.com\/#website"},"primaryImageOfPage":{"@id":"https:\/\/jackpotlotteryonline.com\/lv\/iegadaties-biletes\/powerball\/#primaryimage"},"image":{"@id":"https:\/\/jackpotlotteryonline.com\/lv\/iegadaties-biletes\/powerball\/#primaryimage"},"thumbnailUrl":"http:\/\/jackpotlotteryonline.com\/wp-content\/uploads\/2022\/11\/2_ticket_powerball3-1.jpg","datePublished":"2022-11-07T07:12:06+00:00","dateModified":"2022-12-19T16:15:41+00:00","description":"Uzziniet, k\u0101 citu valstu iedz\u012bvot\u0101ji var sp\u0113l\u0113t par milz\u012bgajiem Powerball loterijas d\u017eekpotiem tie\u0161saist\u0113 - j\u016bs varat atrasties \u0101rpus ASV un joproj\u0101m sp\u0113l\u0113t.","breadcrumb":{"@id":"https:\/\/jackpotlotteryonline.com\/lv\/iegadaties-biletes\/powerball\/#breadcrumb"},"inLanguage":"lv-LV","potentialAction":[{"@type":"ReadAction","target":["https:\/\/jackpotlotteryonline.com\/lv\/iegadaties-biletes\/powerball\/"]}]},{"@type":"ImageObject","inLanguage":"lv-LV","@id":"https:\/\/jackpotlotteryonline.com\/lv\/iegadaties-biletes\/powerball\/#primaryimage","url":"http:\/\/jackpotlotteryonline.com\/wp-content\/uploads\/2022\/11\/2_ticket_powerball3-1.jpg","contentUrl":"http:\/\/jackpotlotteryonline.com\/wp-content\/uploads\/2022\/11\/2_ticket_powerball3-1.jpg"},{"@type":"BreadcrumbList","@id":"https:\/\/jackpotlotteryonline.com\/lv\/iegadaties-biletes\/powerball\/#breadcrumb","itemListElement":[{"@type":"ListItem","position":1,"name":"Home","item":"https:\/\/jackpotlotteryonline.com\/lv\/"},{"@type":"ListItem","position":2,"name":"K\u0101 nopirkt loterijas bi\u013cetes tie\u0161saist\u0113","item":"https:\/\/jackpotlotteryonline.com\/lv\/iegadaties-biletes\/"},{"@type":"ListItem","position":3,"name":"ASV Powerball loterija"}]},{"@type":"WebSite","@id":"https:\/\/jackpotlotteryonline.com\/#website","url":"https:\/\/jackpotlotteryonline.com\/","name":"Lotto Online - Crack The International Lottery Jackpots","description":"","potentialAction":[{"@type":"SearchAction","target":{"@type":"EntryPoint","urlTemplate":"https:\/\/jackpotlotteryonline.com\/?s={search_term_string}"},"query-input":"required name=search_term_string"}],"inLanguage":"lv-LV"}]}},"_links":{"self":[{"href":"https:\/\/jackpotlotteryonline.com\/lv\/wp-json\/wp\/v2\/pages\/36417","targetHints":{"allow":["GET"]}}],"collection":[{"href":"https:\/\/jackpotlotteryonline.com\/lv\/wp-json\/wp\/v2\/pages"}],"about":[{"href":"https:\/\/jackpotlotteryonline.com\/lv\/wp-json\/wp\/v2\/types\/page"}],"author":[{"embeddable":true,"href":"https:\/\/jackpotlotteryonline.com\/lv\/wp-json\/wp\/v2\/users\/1"}],"replies":[{"embeddable":true,"href":"https:\/\/jackpotlotteryonline.com\/lv\/wp-json\/wp\/v2\/comments?post=36417"}],"version-history":[{"count":0,"href":"https:\/\/jackpotlotteryonline.com\/lv\/wp-json\/wp\/v2\/pages\/36417\/revisions"}],"up":[{"embeddable":true,"href":"https:\/\/jackpotlotteryonline.com\/lv\/wp-json\/wp\/v2\/pages\/35766"}],"wp:attachment":[{"href":"https:\/\/jackpotlotteryonline.com\/lv\/wp-json\/wp\/v2\/media?parent=36417"}],"curies":[{"name":"wp","href":"https:\/\/api.w.org\/{rel}","templated":true}]}}